{"id":7007,"date":"2024-05-03T06:52:10","date_gmt":"2024-05-03T06:52:10","guid":{"rendered":"https:\/\/elfsight.com\/pl\/?page_id=7007"},"modified":"2024-11-14T08:48:47","modified_gmt":"2024-11-14T08:48:47","slug":"webflow","status":"publish","type":"page","link":"https:\/\/elfsight.com\/pl\/tumblr-feed-widget\/webflow\/","title":{"rendered":"Tumblr Feed &#8211; Webflow"},"content":{"rendered":"<div class=\"application-platform-content-item-description application-platform-content-item\" id=\"description\" data-nav-section=\"description\"> <h2>Umie\u015b\u0107 kana\u0142 Tumblr w Webflow za pomoc\u0105 wid\u017cetu Elfsight<\/h2> <p>Kana\u0142 Elfsight Tumblr dla Webflow to ekskluzywny wid\u017cet umo\u017cliwiaj\u0105cy tworzenie zindywidualizowanych kana\u0142 sk\u0142adaj\u0105cy si\u0119 z tre\u015bci z medi\u00f3w spo\u0142eczno\u015bciowych Tumblr i umieszczenie go bezpo\u015brednio na Twojej stronie internetowej. Zbuduj galeri\u0119 lub suwak post\u00f3w w kilka minut! Ciesz si\u0119 pe\u0142n\u0105 kontrol\u0105 nad prezentowan\u0105 tre\u015bci\u0105 i usuwaj spam oraz wszelkie niechciane tre\u015bci, korzystaj\u0105c z r\u0119cznej moderacji. W pe\u0142ni responsywny konfigurator online udost\u0119pnia wiele szablon\u00f3w do wyboru. <\/p> <p><b>Wybierz najciekawsz\u0105 tre\u015b\u0107 Tumblra, aby zaciekawi\u0107 odbiorc\u00f3w swojej witryny i dotrze\u0107 do wi\u0119kszej liczby os\u00f3b<\/b><\/p> <\/div> <div class=\"application-platform-content-item-features application-platform-content-item\" id=\"features\" data-nav-section=\"features\"> <h2>Znajd\u017a poni\u017cej podstawowe funkcje wid\u017cetu: <\/h2> <ul><li>Prezentuj swoje tre\u015bci w mediach spo\u0142eczno\u015bciowych z Tumblra<\/li><li>Wyeliminuj spam i niepo\u017c\u0105dane tre\u015bci, stosuj\u0105c r\u0119czn\u0105 moderacj\u0119. <\/li><li>Ustaw przycisk Obserwuj w kanale wid\u017cetu. <\/li><li>Spraw, aby Twoje posty wy\u015bwietla\u0142y si\u0119 w trybie wyskakuj\u0105cym. <\/li><\/ul><p><a href=\"#demo\">Mo\u017cesz sprawdzi\u0107, czy wid\u017cet jest dla Ciebie, korzystaj\u0105c z wersji demonstracyjnej<\/a><\/p> <\/div> <div class=\"application-platform-content-item-installation  application-platform-content-item\" id=\"installation \" data-nav-section=\"installation \"> <h2>Jak doda\u0107 kana\u0142 Tumblr do mojej witryny Webflow? <\/h2> <p>Wystarczy wykona\u0107 poni\u017csze wskaz\u00f3wki, aby wstawi\u0107 narz\u0119dzie. <\/p> <ol><li><b>Wykonaj nasz\u0105 bezp\u0142atn\u0105 wersj\u0119 demonstracyjn\u0105 i zacznij tworzy\u0107 w\u0142asny widget. <\/b><br> Znajd\u017a odpowiedni\u0105 form\u0119 i specyfikacj\u0119 wid\u017cetu i zapisz zmiany. <\/li> <li><b>Odbierz sw\u00f3j indywidualny kod, kt\u00f3ry jest widoczny w polu w aplikacjach Elfsight. <\/b><br> Po zako\u0144czeniu konfiguracji narz\u0119dzia skopiuj ekskluzywny kod z wy\u015bwietlonego okna i zachowaj go na dalsze potrzeby. <\/li> <li><b>Rozpocznij korzystanie z wid\u017cetu w witrynie Webflow. <\/b><br> Umie\u015b\u0107 ostatnio skopiowany kod na swojej stronie internetowej i zapisz zmiany. <\/li> <li><b>Instalacja zosta\u0142a w pe\u0142ni przeprowadzona. <\/b><br> Przejd\u017a do swojej witryny, aby sprawdzi\u0107, jak dzia\u0142a widget. <\/li><\/ol> <p>W przypadku pyta\u0144 lub wyst\u0105pienia jakichkolwiek komplikacji prosimy o kontakt z naszym zespo\u0142em obs\u0142ugi klienta. Nasi konsultanci z przyjemno\u015bci\u0105 odpowiedz\u0105 na wszystkie Twoje pytania dotycz\u0105ce widgetu. <\/p> <\/div><div class=\"faq\" data-component=\"FAQ\"><div class=\"faq-item\">\r\n\t\t\t\t\t<div class=\"faq-item-question\">\r\n\t\t\t\t\t\t<h3 class=\"faq-item-question-text\">W jaki spos\u00f3b mog\u0119 doda\u0107 kana\u0142 Tumblr do mojej witryny Webflow bez kodowania?<\/h3>\r\n\r\n\t\t\t\t\t\t<div class=\"faq-item-question-icon\"><\/div>\r\n\t\t\t\t\t<\/div>\r\n\r\n\t\t\t\t\t<div class=\"faq-item-answer\">\r\n\t\t\t\t\t\t<div class=\"faq-item-answer-text\"><p>Firma Elfsight zapewnia Rozwi\u0105zanie w chmurze, kt\u00f3re umo\u017cliwia w\u0142a\u015bcicielom witryn samodzielne utworzenie wid\u017cetu kana\u0142u Tumblr. Zobacz, jakie to proste:<\/p><ul><li>Pracuj bezpo\u015brednio w edytorze online, aby utworzy\u0107 wid\u017cet kana\u0142u Tumblr, kt\u00f3ry chcesz zintegrowa\u0107 z Webflow.<\/li><li>Wybierz jeden z gotowych szablon\u00f3w i dostosuj ustawienia kana\u0142u Tumblr, zmie\u0144 uk\u0142ad i kolor element\u00f3w, do\u0142\u0105cz tre\u015b\u0107 bez znajomo\u015bci kodowania.<\/li><li>Zapisz kana\u0142 Tumblr i uzyskaj kod wid\u017cetu do osadzania, kt\u00f3ry mo\u017cna doda\u0107 do witryny Webflow w ramach bezp\u0142atnego planu.<\/li><\/ul><p>Dzi\u0119ki naszemu prostemu edytorowi ka\u017cdy u\u017cytkownik Internetu mo\u017ce utworzy\u0107 kana\u0142 Tumblr online i bez wysi\u0142ku doda\u0107 go do dowolnej strony g\u0142\u00f3wnej Webflow. Nie powiniene\u015b p\u0142aci\u0107 ani wprowadza\u0107 danych uwierzytelniaj\u0105cych swojej karty, aby wej\u015b\u0107 do naszego serwisu. Je\u015bli na kt\u00f3rymkolwiek etapie napotkasz jakiekolwiek przeszkody, skontaktuj si\u0119 z naszym dzia\u0142em obs\u0142ugi klienta.<\/p><\/div>\r\n\t\t\t\t\t<\/div>\r\n\t\t\t\t<\/div><\/div>","protected":false},"excerpt":{"rendered":"","protected":false},"author":9,"featured_media":0,"parent":3374,"menu_order":0,"comment_status":"closed","ping_status":"closed","template":"templates\/template-application-platform.php","meta":{"publish_to_discourse":"","publish_post_category":"","wpdc_auto_publish_overridden":"","wpdc_topic_tags":"","wpdc_pin_topic":"","wpdc_pin_until":"","discourse_post_id":"","discourse_permalink":"","wpdc_publishing_response":"","wpdc_publishing_error":"","footnotes":""},"class_list":["post-7007","page","type-page","status-publish","hentry"],"yoast_head":"<!-- This site is optimized with the Yoast SEO plugin v25.3.1 - https:\/\/yoast.com\/wordpress\/plugins\/seo\/ -->\n<title>Dodaj wid\u017cet kana\u0142u Tumblr do witryny Webflow (szybko i bezp\u0142atnie)<\/title>\n<meta name=\"description\" content=\"Zintegruj wid\u017cet Webflow Tumblr Feed ze swoj\u0105 witryn\u0105. Wypr\u00f3buj por\u0119czn\u0105 wersj\u0119 demonstracyjn\u0105 Elfsight i utw\u00f3rz sw\u00f3j wspania\u0142y wid\u017cet Tumblr w kilka minut\" \/>\n<meta name=\"robots\" content=\"index, follow, max-snippet:-1, max-image-preview:large, max-video-preview:-1\" \/>\n<link rel=\"canonical\" href=\"https:\/\/elfsight.com\/pl\/tumblr-feed-widget\/webflow\/\" \/>\n<meta property=\"og:locale\" content=\"pl_PL\" \/>\n<meta property=\"og:type\" content=\"article\" \/>\n<meta property=\"og:title\" content=\"Dodaj wid\u017cet kana\u0142u Tumblr do witryny Webflow (szybko i bezp\u0142atnie)\" \/>\n<meta property=\"og:description\" content=\"Zintegruj wid\u017cet Webflow Tumblr Feed ze swoj\u0105 witryn\u0105. Wypr\u00f3buj por\u0119czn\u0105 wersj\u0119 demonstracyjn\u0105 Elfsight i utw\u00f3rz sw\u00f3j wspania\u0142y wid\u017cet Tumblr w kilka minut\" \/>\n<meta property=\"og:url\" content=\"https:\/\/elfsight.com\/pl\/tumblr-feed-widget\/webflow\/\" \/>\n<meta property=\"og:site_name\" content=\"Elfsight PL\" \/>\n<meta property=\"article:modified_time\" content=\"2024-11-14T08:48:47+00:00\" \/>\n<meta name=\"twitter:card\" content=\"summary_large_image\" \/>\n<meta name=\"twitter:label1\" content=\"Szacowany czas czytania\" \/>\n\t<meta name=\"twitter:data1\" content=\"3 minuty\" \/>\n<!-- \/ Yoast SEO plugin. -->","yoast_head_json":{"title":"Dodaj wid\u017cet kana\u0142u Tumblr do witryny Webflow (szybko i bezp\u0142atnie)","description":"Zintegruj wid\u017cet Webflow Tumblr Feed ze swoj\u0105 witryn\u0105. Wypr\u00f3buj por\u0119czn\u0105 wersj\u0119 demonstracyjn\u0105 Elfsight i utw\u00f3rz sw\u00f3j wspania\u0142y wid\u017cet Tumblr w kilka minut","robots":{"index":"index","follow":"follow","max-snippet":"max-snippet:-1","max-image-preview":"max-image-preview:large","max-video-preview":"max-video-preview:-1"},"canonical":"https:\/\/elfsight.com\/pl\/tumblr-feed-widget\/webflow\/","og_locale":"pl_PL","og_type":"article","og_title":"Dodaj wid\u017cet kana\u0142u Tumblr do witryny Webflow (szybko i bezp\u0142atnie)","og_description":"Zintegruj wid\u017cet Webflow Tumblr Feed ze swoj\u0105 witryn\u0105. Wypr\u00f3buj por\u0119czn\u0105 wersj\u0119 demonstracyjn\u0105 Elfsight i utw\u00f3rz sw\u00f3j wspania\u0142y wid\u017cet Tumblr w kilka minut","og_url":"https:\/\/elfsight.com\/pl\/tumblr-feed-widget\/webflow\/","og_site_name":"Elfsight PL","article_modified_time":"2024-11-14T08:48:47+00:00","twitter_card":"summary_large_image","twitter_misc":{"Szacowany czas czytania":"3 minuty"},"schema":{"@context":"https:\/\/schema.org","@graph":[{"@type":"WebPage","@id":"https:\/\/elfsight.com\/pl\/tumblr-feed-widget\/webflow\/","url":"https:\/\/elfsight.com\/pl\/tumblr-feed-widget\/webflow\/","name":"Dodaj wid\u017cet kana\u0142u Tumblr do witryny Webflow (szybko i bezp\u0142atnie)","isPartOf":{"@id":"https:\/\/elfsight.com\/pl\/#website"},"datePublished":"2024-05-03T06:52:10+00:00","dateModified":"2024-11-14T08:48:47+00:00","description":"Zintegruj wid\u017cet Webflow Tumblr Feed ze swoj\u0105 witryn\u0105. Wypr\u00f3buj por\u0119czn\u0105 wersj\u0119 demonstracyjn\u0105 Elfsight i utw\u00f3rz sw\u00f3j wspania\u0142y wid\u017cet Tumblr w kilka minut","breadcrumb":{"@id":"https:\/\/elfsight.com\/pl\/tumblr-feed-widget\/webflow\/#breadcrumb"},"inLanguage":"pl-PL","potentialAction":[{"@type":"ReadAction","target":["https:\/\/elfsight.com\/pl\/tumblr-feed-widget\/webflow\/"]}]},{"@type":"BreadcrumbList","@id":"https:\/\/elfsight.com\/pl\/tumblr-feed-widget\/webflow\/#breadcrumb","itemListElement":[{"@type":"ListItem","position":1,"name":"Home","item":"https:\/\/elfsight.com\/pl\/"},{"@type":"ListItem","position":2,"name":"Tumblr Feed","item":"https:\/\/elfsight.com\/pl\/tumblr-feed-widget\/"},{"@type":"ListItem","position":3,"name":"Tumblr Feed &#8211; Webflow"}]},{"@type":"WebSite","@id":"https:\/\/elfsight.com\/pl\/#website","url":"https:\/\/elfsight.com\/pl\/","name":"Elfsight PL","description":"Just another Elfsight Sites site","potentialAction":[{"@type":"SearchAction","target":{"@type":"EntryPoint","urlTemplate":"https:\/\/elfsight.com\/pl\/?s={search_term_string}"},"query-input":{"@type":"PropertyValueSpecification","valueRequired":true,"valueName":"search_term_string"}}],"inLanguage":"pl-PL"}]}},"meta_box":{"industry":"","seo_heading":"","heading":"","description":"","cta_heading":"","cta_description":"","application":"3346","h1":"Wid\u017cet kana\u0142u Webflow Tumblr","h1_caption":"Wy\u015bwietlaj posty ze swojego bloga tumblr na swojej stronie internetowej, aby bez wysi\u0142ku informowa\u0107 odwiedzaj\u0105cych o najnowszych tre\u015bciach w Twojej witrynie Webflow.","application_category":[],"applications_title":"","applications_request_title":"","applications_request_button_text":"","hero_text":"","hero_video":"","hero_video_schema_markup":"","selling_points_title":"","selling_points_caption":"","selling_points":[],"selling_points_cta_text":"","features_title":"","features":"","ed_cta_examples_text":"","ed_cta_examples_hidden":"","ed_cta_demo_text":"","ed_cta_demo_hidden":"","why_caption":"","why_editor_title":"","why_editor_text":"","why_team_title":"","why_team_text":"","why_service_title":"","why_service_text":"","template_catalog_visible":"","template_catalog_title":"","template_catalog_text":"","template_catalog_categories_visible":"","demo_title":"Utw\u00f3rz wid\u017cet kana\u0142u Tumblr","demo_caption":"Skonfiguruj sw\u00f3j kana\u0142 Tumblr i dodaj go do swojej witryny Webflow za darmo!","default_faq_hidden":"","app_template_category":[],"platform":"127","template_public_id":"","codecanyon_url":"","codecanyon_item_id":"","codecanyon_price":"","pricing_caption":"","pricing_elfsight_apps_hide_column":"","pricing_elfsight_apps_url":"","pricing_codecanyon_price_caption":"","integration_category":[],"integration_request_title":"","integration_request_cta":"","integration_platform":"","integrations":[],"platform_category":[],"video_schema_markup":"","price":"od 0 USD \/ miesi\u0105c","trial":"","benefits":[{"text":"Bezp\u0142atna us\u0142uga monta\u017cu"},{"text":"Kompetentna obs\u0142uga klienta"},{"text":"14-dniowa gwarancja zwrotu pieni\u0119dzy"},{"text":"Regularne bezp\u0142atne aktualizacje"}],"button_url":"#demo","button_target_blank":"","button_nofollow":"","attributes":[{"name":"Instaluje"},{"name":"Czu\u0142y"},{"name":"Kompatybilne przegl\u0105darki"}],"tags":[],"tags_disable_links":"","hide_more_platforms":"","video_object":"","demo_hide_cta":"","demo_hide_cloud_options":"","pricing_title":"","pricing":[{"pricing_icon":"platform","pricing_title":"Elfsight Apps","pricing_title_caption":"Oprogramowanie wieloplatformowe, kt\u00f3re pasuje do ka\u017cdej witryny","pricing_price":"od 0 USD \/ miesi\u0105c","pricing_price_caption":"zacznij od bezp\u0142atnego planu","pricing_benefits":[{"text":"Nielimitowane strony internetowe"},{"text":"Bezp\u0142atna obs\u0142uga klienta i dobrze udokumentowana"},{"text":"Bezp\u0142atna pomoc w monta\u017cu"},{"text":"100% konfigurowalny"}],"pricing_button_text":"Dodaj do witryny","pricing_button_url":"#demo"}],"related_apps_title":"","related_apps_hidden":"","author":"","image":[],"title":"","job":"","social_networks":[]},"_links":{"self":[{"href":"https:\/\/elfsight.com\/pl\/wp-json\/wp\/v2\/pages\/7007","targetHints":{"allow":["GET"]}}],"collection":[{"href":"https:\/\/elfsight.com\/pl\/wp-json\/wp\/v2\/pages"}],"about":[{"href":"https:\/\/elfsight.com\/pl\/wp-json\/wp\/v2\/types\/page"}],"author":[{"embeddable":true,"href":"https:\/\/elfsight.com\/pl\/wp-json\/wp\/v2\/users\/9"}],"replies":[{"embeddable":true,"href":"https:\/\/elfsight.com\/pl\/wp-json\/wp\/v2\/comments?post=7007"}],"version-history":[{"count":1,"href":"https:\/\/elfsight.com\/pl\/wp-json\/wp\/v2\/pages\/7007\/revisions"}],"predecessor-version":[{"id":7011,"href":"https:\/\/elfsight.com\/pl\/wp-json\/wp\/v2\/pages\/7007\/revisions\/7011"}],"up":[{"embeddable":true,"href":"https:\/\/elfsight.com\/pl\/wp-json\/wp\/v2\/pages\/3374"}],"wp:attachment":[{"href":"https:\/\/elfsight.com\/pl\/wp-json\/wp\/v2\/media?parent=7007"}],"curies":[{"name":"wp","href":"https:\/\/api.w.org\/{rel}","templated":true}]}}