{"id":7006,"date":"1970-01-01T00:00:00","date_gmt":"1970-01-01T00:00:00","guid":{"rendered":"https:\/\/elfsight.com\/pl\/?page_id=7006"},"modified":"2024-11-14T08:48:39","modified_gmt":"2024-11-14T08:48:39","slug":"webnode","status":"publish","type":"page","link":"https:\/\/elfsight.com\/pl\/tumblr-feed-widget\/webnode\/","title":{"rendered":"Tumblr Feed &#8211; Webnode"},"content":{"rendered":"<div class=\"application-platform-content-item-description application-platform-content-item\" id=\"description\" data-nav-section=\"description\"> <h2>Opis<\/h2> <p>Kana\u0142 Elfsight Tumblr dla Webnode to ekskluzywny widget umo\u017cliwiaj\u0105cy tworzenie niestandardowego kana\u0142u sk\u0142adaj\u0105cego si\u0119 z tre\u015bci sieciowych Tumblr i pokazuj\u0105c to bezpo\u015brednio na swojej stronie internetowej. Stw\u00f3rz suwak galerii lub post\u00f3w za pomoc\u0105 kilku klikni\u0119\u0107! Ciesz si\u0119 ca\u0142kowit\u0105 kontrol\u0105 nad prezentowan\u0105 tre\u015bci\u0105 i usuwaj spam oraz wszelkie niechciane tre\u015bci, stosuj\u0105c r\u0119czn\u0105 moderacj\u0119. Ca\u0142kowicie responsywny edytor online udost\u0119pnia wiele szablon\u00f3w do wyboru. <\/p> <p><b>Zaprezentuj najlepsz\u0105 zawarto\u015b\u0107 Tumblra, aby zaciekawi\u0107 u\u017cytkownik\u00f3w i dotrze\u0107 do wi\u0119kszej liczby os\u00f3b<\/b><\/p> <\/div> <div class=\"application-platform-content-item-features application-platform-content-item\" id=\"features\" data-nav-section=\"features\"> <h2>Widget ma cenne i szybkie funkcje, zobacz niekt\u00f3re z nich: <\/h2> <ul><li>Pokazuj tre\u015bci z Tumblra w mediach spo\u0142eczno\u015bciowych<\/li><li>Usuwaj wszelki spam i niepo\u017c\u0105dane tre\u015bci za pomoc\u0105 r\u0119cznego trybu moderacji. <\/li><li>Umie\u015b\u0107 przycisk Obserwuj w kanale wid\u017cetu. <\/li><li>Pozw\u00f3l wy\u015bwietla\u0107 swoje posty w trybie wyskakuj\u0105cym. <\/li><\/ul><p><a href=\"#demo\">Przetestuj wszystkie ustawienia w pe\u0142ni funkcjonalnej wersji demonstracyjnej<\/a><\/p> <\/div> <div class=\"application-platform-content-item-installation application-platform-content-item\" id=\"installation\" data-nav-section=\"installation\"> <h2>Jak mog\u0119 osadzi\u0107 kana\u0142 Tumblr na mojej stronie internetowej Webnode? <\/h2> <p>Wystarczy wykona\u0107 poni\u017csze wskaz\u00f3wki, aby wstawi\u0107 wid\u017cet. <\/p> <ol><li><b>Skorzystaj z naszej bezp\u0142atnej wersji demonstracyjnej i zacznij tworzy\u0107 w\u0142asny widget. <\/b><br> Znajd\u017a po\u017c\u0105dany wygl\u0105d i opcje wtyczki i zastosuj modyfikacje. <\/li> <li><b>Uzyskaj indywidualny kod pojawiaj\u0105cy si\u0119 w specjalnym formularzu w aplikacjach Elfsight. <\/b><br> Po zako\u0144czeniu konfiguracji wid\u017cetu skopiuj indywidualny kod z wy\u015bwietlonego wyskakuj\u0105cego okienka i zapisz go na p\u00f3\u017aniej. <\/li> <li><b>Rozpocznij korzystanie z narz\u0119dzia na stronie Webnode. <\/b><br> Wprowad\u017a ostatnio zapisany kod w swojej witrynie i zapisz zmiany. <\/li> <li><b>Gotowe! Integracja zosta\u0142a pomy\u015blnie przeprowadzona. <\/b><br> Przejd\u017a na swoj\u0105 stron\u0119 i obserwuj dzia\u0142anie wid\u017cetu. <\/li><\/ol> <p>Je\u015bli napotkasz jakie\u015b problemy, bez wahania zwr\u00f3\u0107 si\u0119 do naszego personelu pomocy technicznej. Nasi ludzie z przyjemno\u015bci\u0105 rozwi\u0105\u017c\u0105 wszystkie problemy, jakie mo\u017cesz mie\u0107 z tym narz\u0119dziem. <\/p> <\/div><div class=\"faq\" data-component=\"FAQ\"><div class=\"faq-item\">\r\n\t\t\t\t\t<div class=\"faq-item-question\">\r\n\t\t\t\t\t\t<h3 class=\"faq-item-question-text\">Jak mog\u0119 osadzi\u0107 kana\u0142 Tumblr na mojej stronie internetowej Webnode bez do\u015bwiadczenia w programowaniu?<\/h3>\r\n\r\n\t\t\t\t\t\t<div class=\"faq-item-question-icon\"><\/div>\r\n\t\t\t\t\t<\/div>\r\n\r\n\t\t\t\t\t<div class=\"faq-item-answer\">\r\n\t\t\t\t\t\t<div class=\"faq-item-answer-text\"><p>Firma Elfsight oferuje rozwi\u0105zania, kt\u00f3re pozwala u\u017cytkownikom samodzielnie utworzy\u0107 wid\u017cet kana\u0142u Tumblr, obejrzyj nieskomplikowany przewodnik:<\/p><ul><li>Pracuj bezpo\u015brednio w wersji demonstracyjnej online, aby utworzy\u0107 wtyczk\u0119 kana\u0142u Tumblr, kt\u00f3r\u0105 chcesz doda\u0107 na stronie internetowej Webnode.<\/p><ul><li> li&gt;<li>Wybierz jeden z naszych wst\u0119pnie zaprojektowanych szablon\u00f3w i zmie\u0144 ustawienia kana\u0142u Tumblr, dodaj tre\u015b\u0107, zmie\u0144 uk\u0142ad i schemat kolor\u00f3w bez znajomo\u015bci kodowania.<\/li><li>Zapisz kana\u0142 Tumblr i skopiuj kod wtyczki do instalacji, kt\u00f3ry mo\u017cesz po prostu bezp\u0142atnie doda\u0107 w witrynie Webnode.<\/li><\/ul><p>Dzi\u0119ki intuicyjnemu konfiguratorowi ka\u017cdy u\u017cytkownik sieci mo\u017ce stworzy\u0107 wid\u017cet Tumblr Feed online i bez problemu wklei\u0107 go na stron\u0119 Webnode. Nie ma potrzeby kupowania p\u0142atnego planu ani wprowadzania danych karty, aby uzyska\u0107 dost\u0119p do Edytora Elfsight. Je\u015bli na kt\u00f3rymkolwiek etapie napotkasz jakiekolwiek problemy, skontaktuj si\u0119 z naszym zespo\u0142em pomocy technicznej.<\/p><\/div>\r\n\t\t\t\t\t<\/div>\r\n\t\t\t\t<\/div><\/div>","protected":false},"excerpt":{"rendered":"","protected":false},"author":9,"featured_media":0,"parent":3374,"menu_order":0,"comment_status":"closed","ping_status":"closed","template":"templates\/template-application-platform.php","meta":{"publish_to_discourse":"","publish_post_category":"","wpdc_auto_publish_overridden":"","wpdc_topic_tags":"","wpdc_pin_topic":"","wpdc_pin_until":"","discourse_post_id":"","discourse_permalink":"","wpdc_publishing_response":"","wpdc_publishing_error":"","footnotes":""},"class_list":["post-7006","page","type-page","status-publish","hentry"],"yoast_head":"<!-- This site is optimized with the Yoast SEO plugin v25.3.1 - https:\/\/yoast.com\/wordpress\/plugins\/seo\/ -->\n<title>Dodaj wid\u017cet kana\u0142u Tumblr do witryny Webnode (szybko i bezp\u0142atnie)<\/title>\n<meta name=\"description\" content=\"Dodaj wid\u017cet Webnode Tumblr Feed na swojej stronie internetowej. Skorzystaj z por\u0119cznej wersji demonstracyjnej Elfsight i stw\u00f3rz stylowy wid\u017cet Tumblr za pomoc\u0105 kilku klikni\u0119\u0107\" \/>\n<meta name=\"robots\" content=\"index, follow, max-snippet:-1, max-image-preview:large, max-video-preview:-1\" \/>\n<link rel=\"canonical\" href=\"https:\/\/elfsight.com\/pl\/tumblr-feed-widget\/webnode\/\" \/>\n<meta property=\"og:locale\" content=\"pl_PL\" \/>\n<meta property=\"og:type\" content=\"article\" \/>\n<meta property=\"og:title\" content=\"Dodaj wid\u017cet kana\u0142u Tumblr do witryny Webnode (szybko i bezp\u0142atnie)\" \/>\n<meta property=\"og:description\" content=\"Dodaj wid\u017cet Webnode Tumblr Feed na swojej stronie internetowej. Skorzystaj z por\u0119cznej wersji demonstracyjnej Elfsight i stw\u00f3rz stylowy wid\u017cet Tumblr za pomoc\u0105 kilku klikni\u0119\u0107\" \/>\n<meta property=\"og:url\" content=\"https:\/\/elfsight.com\/pl\/tumblr-feed-widget\/webnode\/\" \/>\n<meta property=\"og:site_name\" content=\"Elfsight PL\" \/>\n<meta property=\"article:modified_time\" content=\"2024-11-14T08:48:39+00:00\" \/>\n<meta name=\"twitter:card\" content=\"summary_large_image\" \/>\n<meta name=\"twitter:label1\" content=\"Szacowany czas czytania\" \/>\n\t<meta name=\"twitter:data1\" content=\"3 minuty\" \/>\n<!-- \/ Yoast SEO plugin. -->","yoast_head_json":{"title":"Dodaj wid\u017cet kana\u0142u Tumblr do witryny Webnode (szybko i bezp\u0142atnie)","description":"Dodaj wid\u017cet Webnode Tumblr Feed na swojej stronie internetowej. Skorzystaj z por\u0119cznej wersji demonstracyjnej Elfsight i stw\u00f3rz stylowy wid\u017cet Tumblr za pomoc\u0105 kilku klikni\u0119\u0107","robots":{"index":"index","follow":"follow","max-snippet":"max-snippet:-1","max-image-preview":"max-image-preview:large","max-video-preview":"max-video-preview:-1"},"canonical":"https:\/\/elfsight.com\/pl\/tumblr-feed-widget\/webnode\/","og_locale":"pl_PL","og_type":"article","og_title":"Dodaj wid\u017cet kana\u0142u Tumblr do witryny Webnode (szybko i bezp\u0142atnie)","og_description":"Dodaj wid\u017cet Webnode Tumblr Feed na swojej stronie internetowej. Skorzystaj z por\u0119cznej wersji demonstracyjnej Elfsight i stw\u00f3rz stylowy wid\u017cet Tumblr za pomoc\u0105 kilku klikni\u0119\u0107","og_url":"https:\/\/elfsight.com\/pl\/tumblr-feed-widget\/webnode\/","og_site_name":"Elfsight PL","article_modified_time":"2024-11-14T08:48:39+00:00","twitter_card":"summary_large_image","twitter_misc":{"Szacowany czas czytania":"3 minuty"},"schema":{"@context":"https:\/\/schema.org","@graph":[{"@type":"WebPage","@id":"https:\/\/elfsight.com\/pl\/tumblr-feed-widget\/webnode\/","url":"https:\/\/elfsight.com\/pl\/tumblr-feed-widget\/webnode\/","name":"Dodaj wid\u017cet kana\u0142u Tumblr do witryny Webnode (szybko i bezp\u0142atnie)","isPartOf":{"@id":"https:\/\/elfsight.com\/pl\/#website"},"datePublished":"1970-01-01T00:00:00+00:00","dateModified":"2024-11-14T08:48:39+00:00","description":"Dodaj wid\u017cet Webnode Tumblr Feed na swojej stronie internetowej. Skorzystaj z por\u0119cznej wersji demonstracyjnej Elfsight i stw\u00f3rz stylowy wid\u017cet Tumblr za pomoc\u0105 kilku klikni\u0119\u0107","breadcrumb":{"@id":"https:\/\/elfsight.com\/pl\/tumblr-feed-widget\/webnode\/#breadcrumb"},"inLanguage":"pl-PL","potentialAction":[{"@type":"ReadAction","target":["https:\/\/elfsight.com\/pl\/tumblr-feed-widget\/webnode\/"]}]},{"@type":"BreadcrumbList","@id":"https:\/\/elfsight.com\/pl\/tumblr-feed-widget\/webnode\/#breadcrumb","itemListElement":[{"@type":"ListItem","position":1,"name":"Home","item":"https:\/\/elfsight.com\/pl\/"},{"@type":"ListItem","position":2,"name":"Tumblr Feed","item":"https:\/\/elfsight.com\/pl\/tumblr-feed-widget\/"},{"@type":"ListItem","position":3,"name":"Tumblr Feed &#8211; Webnode"}]},{"@type":"WebSite","@id":"https:\/\/elfsight.com\/pl\/#website","url":"https:\/\/elfsight.com\/pl\/","name":"Elfsight PL","description":"Just another Elfsight Sites site","potentialAction":[{"@type":"SearchAction","target":{"@type":"EntryPoint","urlTemplate":"https:\/\/elfsight.com\/pl\/?s={search_term_string}"},"query-input":{"@type":"PropertyValueSpecification","valueRequired":true,"valueName":"search_term_string"}}],"inLanguage":"pl-PL"}]}},"meta_box":{"industry":"","seo_heading":"","heading":"","description":"","cta_heading":"","cta_description":"","application":"3346","h1":"Wid\u017cet kana\u0142u Webnode Tumblr","h1_caption":"Wy\u015bwietlaj posty ze swojego bloga tumblr na swojej stronie internetowej, aby bez wysi\u0142ku informowa\u0107 odwiedzaj\u0105cych o najnowszych tre\u015bciach w Twojej witrynie Webnode.","application_category":[],"applications_title":"","applications_request_title":"","applications_request_button_text":"","hero_text":"","hero_video":"","hero_video_schema_markup":"","selling_points_title":"","selling_points_caption":"","selling_points":[],"selling_points_cta_text":"","features_title":"","features":"","ed_cta_examples_text":"","ed_cta_examples_hidden":"","ed_cta_demo_text":"","ed_cta_demo_hidden":"","why_caption":"","why_editor_title":"","why_editor_text":"","why_team_title":"","why_team_text":"","why_service_title":"","why_service_text":"","template_catalog_visible":"","template_catalog_title":"","template_catalog_text":"","template_catalog_categories_visible":"","demo_title":"Utw\u00f3rz wid\u017cet kana\u0142u Tumblr","demo_caption":"Skonfiguruj sw\u00f3j kana\u0142 Tumblr i dodaj go do swojej witryny Webnode za darmo!","default_faq_hidden":"","app_template_category":[],"platform":"138","template_public_id":"","codecanyon_url":"","codecanyon_item_id":"","codecanyon_price":"","pricing_caption":"","pricing_elfsight_apps_hide_column":"","pricing_elfsight_apps_url":"","pricing_codecanyon_price_caption":"","integration_category":[],"integration_request_title":"","integration_request_cta":"","integration_platform":"","integrations":[],"platform_category":[],"video_schema_markup":"","price":"od 0 USD \/ miesi\u0105c","trial":"","benefits":[{"text":"Bezp\u0142atna pomoc w monta\u017cu"},{"text":"Wsparcie premium"},{"text":"14-dniowa gwarancja zwrotu pieni\u0119dzy"}],"button_url":"#demo","button_target_blank":"","button_nofollow":"","attributes":[{"name":"Instaluje"},{"name":"Czu\u0142y"},{"name":"Kompatybilne przegl\u0105darki"}],"tags":[],"tags_disable_links":"","hide_more_platforms":"","video_object":"","demo_hide_cta":"","demo_hide_cloud_options":"","pricing_title":"","pricing":[{"pricing_icon":"platform","pricing_title":"Elfsight Apps","pricing_title_caption":"Wersja wieloplatformowa","pricing_price":"od 0 USD \/ miesi\u0105c","pricing_price_caption":"zacznij od bezp\u0142atnego planu","pricing_benefits":[{"text":"Nielimitowane domeny"},{"text":"Szybka obs\u0142uga klienta i dobrze udokumentowana"},{"text":"Bezp\u0142atne wsparcie przy instalacji"},{"text":"W pe\u0142ni konfigurowalny"}],"pricing_button_text":"Dodaj do witryny","pricing_button_url":"#demo"}],"related_apps_title":"","related_apps_hidden":"","author":"","image":[],"title":"","job":"","social_networks":[]},"_links":{"self":[{"href":"https:\/\/elfsight.com\/pl\/wp-json\/wp\/v2\/pages\/7006","targetHints":{"allow":["GET"]}}],"collection":[{"href":"https:\/\/elfsight.com\/pl\/wp-json\/wp\/v2\/pages"}],"about":[{"href":"https:\/\/elfsight.com\/pl\/wp-json\/wp\/v2\/types\/page"}],"author":[{"embeddable":true,"href":"https:\/\/elfsight.com\/pl\/wp-json\/wp\/v2\/users\/9"}],"replies":[{"embeddable":true,"href":"https:\/\/elfsight.com\/pl\/wp-json\/wp\/v2\/comments?post=7006"}],"version-history":[{"count":1,"href":"https:\/\/elfsight.com\/pl\/wp-json\/wp\/v2\/pages\/7006\/revisions"}],"predecessor-version":[{"id":7010,"href":"https:\/\/elfsight.com\/pl\/wp-json\/wp\/v2\/pages\/7006\/revisions\/7010"}],"up":[{"embeddable":true,"href":"https:\/\/elfsight.com\/pl\/wp-json\/wp\/v2\/pages\/3374"}],"wp:attachment":[{"href":"https:\/\/elfsight.com\/pl\/wp-json\/wp\/v2\/media?parent=7006"}],"curies":[{"name":"wp","href":"https:\/\/api.w.org\/{rel}","templated":true}]}}