{"id":7005,"date":"1970-01-01T00:00:00","date_gmt":"1970-01-01T00:00:00","guid":{"rendered":"https:\/\/elfsight.com\/pl\/?page_id=7005"},"modified":"2024-11-14T08:48:39","modified_gmt":"2024-11-14T08:48:39","slug":"weebly","status":"publish","type":"page","link":"https:\/\/elfsight.com\/pl\/tumblr-feed-widget\/weebly\/","title":{"rendered":"Tumblr Feed &#8211; Weebly"},"content":{"rendered":"<div class=\"application-platform-content-item-description application-platform-content-item\" id=\"description\" data-nav-section=\"description\"> <h2>Opis<\/h2> <p>Kana\u0142 Elfsight Tumblr dla Weebly to ekskluzywna aplikacja do tworzenia niestandardowego kana\u0142u sk\u0142adaj\u0105cego si\u0119 z blog\u00f3w Tumblr i demonstrowania to bezpo\u015brednio na Twojej stronie internetowej. Stw\u00f3rz suwak galerii lub post\u00f3w za pomoc\u0105 kilku klikni\u0119\u0107! Sprawuj ca\u0142kowit\u0105 kontrol\u0119 nad prezentowan\u0105 tre\u015bci\u0105 i usu\u0144 spam oraz wszelkie niechciane tre\u015bci za pomoc\u0105 r\u0119cznej moderacji. W pe\u0142ni responsywny konfigurator online udost\u0119pnia r\u00f3\u017cne szablony do wyboru. <\/p> <p><b>Zaprezentuj najwspanialsz\u0105 zawarto\u015b\u0107 Tumblra, aby zaanga\u017cowa\u0107 u\u017cytkownik\u00f3w i skontaktowa\u0107 si\u0119 z wi\u0119ksz\u0105 liczb\u0105 os\u00f3b<\/b><\/p> <\/div> <div class=\"application-platform-content-item-features application-platform-content-item\" id=\"features\" data-nav-section=\"features\"> <h2>Przeanalizuj list\u0119 z najbardziej przydatnych funkcji: <\/h2> <ul><li>Pokazuj tre\u015bci z Tumblra w mediach spo\u0142eczno\u015bciowych<\/li><li>Wyeliminuj wszelki spam i niepo\u017c\u0105dane tre\u015bci za pomoc\u0105 r\u0119cznego trybu moderacji. <\/li><li>Ustaw przycisk Obserwuj w kanale wid\u017cetu. <\/li><li>Pozw\u00f3l wy\u015bwietla\u0107 swoje posty w trybie wyskakuj\u0105cym. <\/li><\/ul><p><a href=\"#demo\">Pe\u0142ne mo\u017cliwo\u015bci wid\u017cetu mo\u017cesz ju\u017c teraz sprawdzi\u0107 w wersji demonstracyjnej<\/a><\/p> <\/div> <div class=\"application-platform-content-item-installation application-platform-content-item\" id=\"installation\" data-nav-section=\"installation\"> <h2>Jak osadzi\u0107 kana\u0142 Tumblr w mojej witrynie Weebly? <\/h2> <p>Wystarczy wykona\u0107 kilka krok\u00f3w opisanych poni\u017cej, aby zintegrowa\u0107 aplikacj\u0119. <\/p> <ol><li><b>Uruchom nasz\u0105 bezp\u0142atn\u0105 wersj\u0119 demonstracyjn\u0105 i zacznij tworzy\u0107 swoj\u0105 spersonalizowan\u0105 aplikacj\u0119. <\/b><br> Znajd\u017a preferowany interfejs i funkcje aplikacji i zastosuj poprawki. <\/li> <li><b>Zdob\u0105d\u017a sw\u00f3j indywidualny kod pokazany w specjalnym formularzu w aplikacjach Elfsight. <\/b><br> Po zako\u0144czeniu tworzenia osobistego wid\u017cetu skopiuj osobisty kod z wy\u015bwietlonego pola i zapisz go na przysz\u0142o\u015b\u0107. <\/li> <li><b>Zacznij korzysta\u0107 z narz\u0119dzia w swojej witrynie Weebly. <\/b><br> Umie\u015b\u0107 skopiowany wcze\u015bniej kod na swojej stronie i zastosuj modyfikacje. <\/li> <li><b>Gotowe! Integracja zako\u0144czy\u0142a si\u0119 pomy\u015blnie. <\/b><br> Wejd\u017a na swoj\u0105 stron\u0119 i sprawd\u017a dzia\u0142anie widgetu. <\/li><\/ol> <p>Je\u015bli masz do czynienia z zapytaniami lub napotykasz pewne komplikacje, mo\u017cesz zwr\u00f3ci\u0107 si\u0119 do naszego zespo\u0142u pomocy technicznej. Nasi ludzie ch\u0119tnie pomog\u0105 Ci we wszystkich problemach, jakie mo\u017cesz mie\u0107 z wtyczk\u0105. <\/p> <\/div><div class=\"faq\" data-component=\"FAQ\"><div class=\"faq-item\">\r\n\t\t\t\t\t<div class=\"faq-item-question\">\r\n\t\t\t\t\t\t<h3 class=\"faq-item-question-text\">W jaki spos\u00f3b mog\u0119 osadzi\u0107 kana\u0142 Tumblr na mojej stronie internetowej Weebly bez kodowania?<\/h3>\r\n\r\n\t\t\t\t\t\t<div class=\"faq-item-question-icon\"><\/div>\r\n\t\t\t\t\t<\/div>\r\n\r\n\t\t\t\t\t<div class=\"faq-item-answer\">\r\n\t\t\t\t\t\t<div class=\"faq-item-answer-text\"><p>Firma Elfsight oferuje Rozwi\u0105zanie w chmurze, kt\u00f3re umo\u017cliwia u\u017cytkownikowi samodzielne wygenerowanie sekcji Kana\u0142\u00f3w Tumblr, zobacz nieskomplikowany przewodnik:<\/p><ul><li>Przejd\u017a do edytora online, aby utworzy\u0107 sekcj\u0119 Kana\u0142\u00f3w Tumblr, kt\u00f3r\u0105 chcesz umie\u015bci\u0107 w swojej witrynie Weebly.<\/p><ul><li> li&gt;<li>Wybierz jeden z gotowych szablon\u00f3w i dostosuj ustawienia kana\u0142u Tumblr, zmie\u0144 uk\u0142ad i kolory, zaktualizuj tre\u015b\u0107 bez \u017cadnego kodowania.<\/li><li>Zapisz kana\u0142 Tumblr i uzyskaj kod do osadzania, kt\u00f3ry mo\u017ce mo\u017cna bezp\u0142atnie osadzi\u0107 w witrynie Weebly.<\/li><\/ul><p>Dzi\u0119ki przyjaznemu dla u\u017cytkownika konfiguratorowi ka\u017cdy u\u017cytkownik Internetu mo\u017ce utworzy\u0107 wid\u017cet Kana\u0142 Tumblr online i \u0142atwo wklei\u0107 go do witryny Weebly. Aby uzyska\u0107 dost\u0119p do Edytora, nie wolno p\u0142aci\u0107 ani ujawnia\u0107 danych karty. Je\u015bli na kt\u00f3rymkolwiek etapie napotkasz jakiekolwiek problemy, skontaktuj si\u0119 z nasz\u0105 techniczn\u0105 obs\u0142ug\u0105 klienta.<\/p><\/div>\r\n\t\t\t\t\t<\/div>\r\n\t\t\t\t<\/div><\/div>","protected":false},"excerpt":{"rendered":"","protected":false},"author":9,"featured_media":0,"parent":3374,"menu_order":0,"comment_status":"closed","ping_status":"closed","template":"templates\/template-application-platform.php","meta":{"publish_to_discourse":"","publish_post_category":"","wpdc_auto_publish_overridden":"","wpdc_topic_tags":"","wpdc_pin_topic":"","wpdc_pin_until":"","discourse_post_id":"","discourse_permalink":"","wpdc_publishing_response":"","wpdc_publishing_error":"","footnotes":""},"class_list":["post-7005","page","type-page","status-publish","hentry"],"yoast_head":"<!-- This site is optimized with the Yoast SEO plugin v25.3.1 - https:\/\/yoast.com\/wordpress\/plugins\/seo\/ -->\n<title>Dodaj aplikacj\u0119 Tumblr Feed do witryny Weebly (szybko i bezp\u0142atnie)<\/title>\n<meta name=\"description\" content=\"Umie\u015b\u0107 w swojej witrynie przyjazn\u0105 dla urz\u0105dze\u0144 mobilnych aplikacj\u0119 Weebly Tumblr Feed. Wypr\u00f3buj por\u0119czn\u0105 wersj\u0119 demonstracyjn\u0105 Elfsight i stw\u00f3rz swoj\u0105 unikaln\u0105 aplikacj\u0119 Tumblr za pomoc\u0105 kilku klikni\u0119\u0107\" \/>\n<meta name=\"robots\" content=\"index, follow, max-snippet:-1, max-image-preview:large, max-video-preview:-1\" \/>\n<link rel=\"canonical\" href=\"https:\/\/elfsight.com\/pl\/tumblr-feed-widget\/weebly\/\" \/>\n<meta property=\"og:locale\" content=\"pl_PL\" \/>\n<meta property=\"og:type\" content=\"article\" \/>\n<meta property=\"og:title\" content=\"Dodaj aplikacj\u0119 Tumblr Feed do witryny Weebly (szybko i bezp\u0142atnie)\" \/>\n<meta property=\"og:description\" content=\"Umie\u015b\u0107 w swojej witrynie przyjazn\u0105 dla urz\u0105dze\u0144 mobilnych aplikacj\u0119 Weebly Tumblr Feed. Wypr\u00f3buj por\u0119czn\u0105 wersj\u0119 demonstracyjn\u0105 Elfsight i stw\u00f3rz swoj\u0105 unikaln\u0105 aplikacj\u0119 Tumblr za pomoc\u0105 kilku klikni\u0119\u0107\" \/>\n<meta property=\"og:url\" content=\"https:\/\/elfsight.com\/pl\/tumblr-feed-widget\/weebly\/\" \/>\n<meta property=\"og:site_name\" content=\"Elfsight PL\" \/>\n<meta property=\"article:modified_time\" content=\"2024-11-14T08:48:39+00:00\" \/>\n<meta name=\"twitter:card\" content=\"summary_large_image\" \/>\n<meta name=\"twitter:label1\" content=\"Szacowany czas czytania\" \/>\n\t<meta name=\"twitter:data1\" content=\"3 minuty\" \/>\n<!-- \/ Yoast SEO plugin. -->","yoast_head_json":{"title":"Dodaj aplikacj\u0119 Tumblr Feed do witryny Weebly (szybko i bezp\u0142atnie)","description":"Umie\u015b\u0107 w swojej witrynie przyjazn\u0105 dla urz\u0105dze\u0144 mobilnych aplikacj\u0119 Weebly Tumblr Feed. Wypr\u00f3buj por\u0119czn\u0105 wersj\u0119 demonstracyjn\u0105 Elfsight i stw\u00f3rz swoj\u0105 unikaln\u0105 aplikacj\u0119 Tumblr za pomoc\u0105 kilku klikni\u0119\u0107","robots":{"index":"index","follow":"follow","max-snippet":"max-snippet:-1","max-image-preview":"max-image-preview:large","max-video-preview":"max-video-preview:-1"},"canonical":"https:\/\/elfsight.com\/pl\/tumblr-feed-widget\/weebly\/","og_locale":"pl_PL","og_type":"article","og_title":"Dodaj aplikacj\u0119 Tumblr Feed do witryny Weebly (szybko i bezp\u0142atnie)","og_description":"Umie\u015b\u0107 w swojej witrynie przyjazn\u0105 dla urz\u0105dze\u0144 mobilnych aplikacj\u0119 Weebly Tumblr Feed. Wypr\u00f3buj por\u0119czn\u0105 wersj\u0119 demonstracyjn\u0105 Elfsight i stw\u00f3rz swoj\u0105 unikaln\u0105 aplikacj\u0119 Tumblr za pomoc\u0105 kilku klikni\u0119\u0107","og_url":"https:\/\/elfsight.com\/pl\/tumblr-feed-widget\/weebly\/","og_site_name":"Elfsight PL","article_modified_time":"2024-11-14T08:48:39+00:00","twitter_card":"summary_large_image","twitter_misc":{"Szacowany czas czytania":"3 minuty"},"schema":{"@context":"https:\/\/schema.org","@graph":[{"@type":"WebPage","@id":"https:\/\/elfsight.com\/pl\/tumblr-feed-widget\/weebly\/","url":"https:\/\/elfsight.com\/pl\/tumblr-feed-widget\/weebly\/","name":"Dodaj aplikacj\u0119 Tumblr Feed do witryny Weebly (szybko i bezp\u0142atnie)","isPartOf":{"@id":"https:\/\/elfsight.com\/pl\/#website"},"datePublished":"1970-01-01T00:00:00+00:00","dateModified":"2024-11-14T08:48:39+00:00","description":"Umie\u015b\u0107 w swojej witrynie przyjazn\u0105 dla urz\u0105dze\u0144 mobilnych aplikacj\u0119 Weebly Tumblr Feed. Wypr\u00f3buj por\u0119czn\u0105 wersj\u0119 demonstracyjn\u0105 Elfsight i stw\u00f3rz swoj\u0105 unikaln\u0105 aplikacj\u0119 Tumblr za pomoc\u0105 kilku klikni\u0119\u0107","breadcrumb":{"@id":"https:\/\/elfsight.com\/pl\/tumblr-feed-widget\/weebly\/#breadcrumb"},"inLanguage":"pl-PL","potentialAction":[{"@type":"ReadAction","target":["https:\/\/elfsight.com\/pl\/tumblr-feed-widget\/weebly\/"]}]},{"@type":"BreadcrumbList","@id":"https:\/\/elfsight.com\/pl\/tumblr-feed-widget\/weebly\/#breadcrumb","itemListElement":[{"@type":"ListItem","position":1,"name":"Home","item":"https:\/\/elfsight.com\/pl\/"},{"@type":"ListItem","position":2,"name":"Tumblr Feed","item":"https:\/\/elfsight.com\/pl\/tumblr-feed-widget\/"},{"@type":"ListItem","position":3,"name":"Tumblr Feed &#8211; Weebly"}]},{"@type":"WebSite","@id":"https:\/\/elfsight.com\/pl\/#website","url":"https:\/\/elfsight.com\/pl\/","name":"Elfsight PL","description":"Just another Elfsight Sites site","potentialAction":[{"@type":"SearchAction","target":{"@type":"EntryPoint","urlTemplate":"https:\/\/elfsight.com\/pl\/?s={search_term_string}"},"query-input":{"@type":"PropertyValueSpecification","valueRequired":true,"valueName":"search_term_string"}}],"inLanguage":"pl-PL"}]}},"meta_box":{"industry":"","seo_heading":"","heading":"","description":"","cta_heading":"","cta_description":"","application":"3346","h1":"Aplikacja Weebly Tumblr Feed","h1_caption":"Wy\u015bwietlaj posty ze swojego bloga tumblr w swojej witrynie, aby bez wysi\u0142ku informowa\u0107 odwiedzaj\u0105cych o najnowszych tre\u015bciach w Twojej witrynie Weebly.","application_category":[],"applications_title":"","applications_request_title":"","applications_request_button_text":"","hero_text":"","hero_video":"","hero_video_schema_markup":"","selling_points_title":"","selling_points_caption":"","selling_points":[],"selling_points_cta_text":"","features_title":"","features":"","ed_cta_examples_text":"","ed_cta_examples_hidden":"","ed_cta_demo_text":"","ed_cta_demo_hidden":"","why_caption":"","why_editor_title":"","why_editor_text":"","why_team_title":"","why_team_text":"","why_service_title":"","why_service_text":"","template_catalog_visible":"","template_catalog_title":"","template_catalog_text":"","template_catalog_categories_visible":"","demo_title":"Utw\u00f3rz aplikacj\u0119 z kana\u0142ami Tumblr","demo_caption":"Skonfiguruj sw\u00f3j kana\u0142 Tumblr i dodaj go do swojej witryny Weebly za darmo!","default_faq_hidden":"","app_template_category":[],"platform":"132","template_public_id":"","codecanyon_url":"","codecanyon_item_id":"","codecanyon_price":"","pricing_caption":"","pricing_elfsight_apps_hide_column":"","pricing_elfsight_apps_url":"","pricing_codecanyon_price_caption":"","integration_category":[],"integration_request_title":"","integration_request_cta":"","integration_platform":"","integrations":[],"platform_category":[],"video_schema_markup":"","price":"od 0 USD \/ miesi\u0105c","trial":"","benefits":[{"text":"Bezp\u0142atna pomoc w monta\u017cu"},{"text":"Skuteczna obs\u0142uga klienta"},{"text":"14-dniowa gwarancja zwrotu pieni\u0119dzy"}],"button_url":"#demo","button_target_blank":"","button_nofollow":"","attributes":[{"name":"Instaluje"},{"name":"Czu\u0142y"},{"name":"Kompatybilne przegl\u0105darki"}],"tags":[],"tags_disable_links":"","hide_more_platforms":"","video_object":"","demo_hide_cta":"","demo_hide_cloud_options":"","pricing_title":"","pricing":[{"pricing_icon":"platform","pricing_title":"Elfsight Apps","pricing_title_caption":"Oprogramowanie niezale\u017cne od platformy","pricing_price":"od 0 USD \/ miesi\u0105c","pricing_price_caption":"zacznij od bezp\u0142atnego planu","pricing_benefits":[{"text":"Nielimitowane domeny"},{"text":"Dedykowane wsparcie"},{"text":"Bezp\u0142atna pomoc w instalacji"},{"text":"W pe\u0142ni konfigurowalny"}],"pricing_button_text":"Dodaj do witryny","pricing_button_url":"#demo"}],"related_apps_title":"","related_apps_hidden":"","author":"","image":[],"title":"","job":"","social_networks":[]},"_links":{"self":[{"href":"https:\/\/elfsight.com\/pl\/wp-json\/wp\/v2\/pages\/7005","targetHints":{"allow":["GET"]}}],"collection":[{"href":"https:\/\/elfsight.com\/pl\/wp-json\/wp\/v2\/pages"}],"about":[{"href":"https:\/\/elfsight.com\/pl\/wp-json\/wp\/v2\/types\/page"}],"author":[{"embeddable":true,"href":"https:\/\/elfsight.com\/pl\/wp-json\/wp\/v2\/users\/9"}],"replies":[{"embeddable":true,"href":"https:\/\/elfsight.com\/pl\/wp-json\/wp\/v2\/comments?post=7005"}],"version-history":[{"count":1,"href":"https:\/\/elfsight.com\/pl\/wp-json\/wp\/v2\/pages\/7005\/revisions"}],"predecessor-version":[{"id":7009,"href":"https:\/\/elfsight.com\/pl\/wp-json\/wp\/v2\/pages\/7005\/revisions\/7009"}],"up":[{"embeddable":true,"href":"https:\/\/elfsight.com\/pl\/wp-json\/wp\/v2\/pages\/3374"}],"wp:attachment":[{"href":"https:\/\/elfsight.com\/pl\/wp-json\/wp\/v2\/media?parent=7005"}],"curies":[{"name":"wp","href":"https:\/\/api.w.org\/{rel}","templated":true}]}}