{"id":6997,"date":"1970-01-01T00:00:00","date_gmt":"1970-01-01T00:00:00","guid":{"rendered":"https:\/\/elfsight.com\/pl\/?page_id=6997"},"modified":"2024-11-14T08:48:32","modified_gmt":"2024-11-14T08:48:32","slug":"google-sites","status":"publish","type":"page","link":"https:\/\/elfsight.com\/pl\/tumblr-feed-widget\/google-sites\/","title":{"rendered":"Tumblr Feed &#8211; Google Sites"},"content":{"rendered":"<div class=\"application-platform-content-item-description application-platform-content-item\" id=\"description\" data-nav-section=\"description\"> <h2>Osad\u017a kana\u0142 Tumblr w Witrynach Google za pomoc\u0105 wid\u017cetu Elfsight<\/h2> <p>Kana\u0142 Elfsight Tumblr dla Witryn Google to narz\u0119dzie do tworzenia indywidualny kana\u0142 sk\u0142adaj\u0105cy si\u0119 z medi\u00f3w spo\u0142eczno\u015bciowych Tumblr i prezentuj\u0105cy go bezpo\u015brednio na Twojej stronie internetowej. Stw\u00f3rz suwak galerii lub post\u00f3w w kilka minut! Ciesz si\u0119 ca\u0142kowit\u0105 kontrol\u0105 nad prezentowan\u0105 tre\u015bci\u0105 i usuwaj spam oraz wszelkie niepo\u017c\u0105dane tre\u015bci za pomoc\u0105 r\u0119cznej moderacji. Ca\u0142kowicie responsywny edytor online oferuje wiele szablon\u00f3w do wyboru. <\/p> <p><b>Odkryj najbardziej przekonuj\u0105c\u0105 tre\u015b\u0107 Tumblra, aby zaanga\u017cowa\u0107 odwiedzaj\u0105cych Twoj\u0105 witryn\u0119 i dotrze\u0107 do wi\u0119kszej liczby os\u00f3b<\/b><\/p> <\/div> <div class=\"application-platform-content-item-features application-platform-content-item\" id=\"features\" data-nav-section=\"features\"> <h2>Te to tylko kilka z mn\u00f3stwa funkcji wtyczki: <\/h2> <ul><li>Prezentuj swoje tre\u015bci w mediach spo\u0142eczno\u015bciowych z Tumblra<\/li><li>Usu\u0144 wszelki spam i niepo\u017c\u0105dane tre\u015bci za pomoc\u0105 r\u0119cznego trybu moderacji. <\/li><li>Umie\u015b\u0107 przycisk Obserwuj na kartach wid\u017cet\u00f3w. <\/li><li>Spraw, aby Twoje posty by\u0142y wy\u015bwietlane w trybie wyskakuj\u0105cym. <\/li><\/ul><p><a href=\"#demo\">Sprawd\u017a wszystkie opcje dostosowywania w pe\u0142nej wersji demonstracyjnej<\/a><\/p> <\/div> <div class=\"application-platform-content-item-installation application-platform-content-item\" id=\"installation\" data-nav-section=\"installation\"> <h2>Jak osadzi\u0107 kana\u0142 Tumblr w mojej witrynie Witryn Google? <\/h2> <p>Wystarczy post\u0119powa\u0107 zgodnie z poni\u017cszymi instrukcjami, aby aktywowa\u0107 wid\u017cet. <\/p> <ol><li><b>Otw\u00f3rz nasz darmowy edytor i zacznij tworzy\u0107 w\u0142asn\u0105 wtyczk\u0119. <\/b><br> Znajd\u017a preferowany uk\u0142ad i aspekty narz\u0119dzia i zapisz zmiany. <\/li> <li><b>Wy\u015bwietl sw\u00f3j indywidualny kod w polu w aplikacjach Elfsight. <\/b><br> Po zako\u0144czeniu generowania wtyczki skopiuj indywidualny kod w wy\u015bwietlonym polu i zachowaj go na p\u00f3\u017aniej. <\/li> <li><b>Zacznij u\u017cywa\u0107 wtyczki w swojej witrynie Witryn Google. <\/b><br> Zaimplementuj skopiowany wcze\u015bniej kod na swojej stronie internetowej i zapisz ulepszenia. <\/li> <li><b>Konfiguracja zosta\u0142a w pe\u0142ni przeprowadzona. <\/b><br> Odwied\u017a swoj\u0105 stron\u0119 internetow\u0105, aby sprawdzi\u0107 dzia\u0142anie wtyczki. <\/li><\/ol> <div class=\"tip-yellow tip\"><b>Ze wzgl\u0119du na specyfik\u0119 dzia\u0142ania Witryn Google wid\u017cet mo\u017ce wygl\u0105da\u0107 inaczej ni\u017c wersja demonstracyjna online. Przepraszamy za wszelkie niedogodno\u015bci.<\/b><\/div><p>Je\u015bli napotkasz jakie\u015b problemy, bez wahania zwr\u00f3\u0107 si\u0119 o pomoc do naszego zespo\u0142u wsparcia. Nasi konsultanci z przyjemno\u015bci\u0105 rozwi\u0105\u017c\u0105 wszystkie problemy, jakie mo\u017cesz mie\u0107 z wtyczk\u0105. <\/p> <div class=\"faq\" data-component=\"FAQ\"><div class=\"faq-item\">\r\n\t\t\t\t\t<div class=\"faq-item-question\">\r\n\t\t\t\t\t\t<h3 class=\"faq-item-question-text\">Jak mog\u0119 osadzi\u0107 wtyczk\u0119 kana\u0142u Tumblr na mojej stronie Witryn Google bez umiej\u0119tno\u015bci kodowania?<\/h3>\r\n\r\n\t\t\t\t\t\t<div class=\"faq-item-question-icon\"><\/div>\r\n\t\t\t\t\t<\/div>\r\n\r\n\t\t\t\t\t<div class=\"faq-item-answer\">\r\n\t\t\t\t\t\t<div class=\"faq-item-answer-text\"><p>Elfsight zapewnia rozwi\u0105zanie oparte na chmurze, kt\u00f3re umo\u017cliwia u\u017cytkownikom osadzanie wtyczki kana\u0142u Tumblr samodzielnie, przekonaj si\u0119, jak prosty jest ten proces:<\/p><ul><li>Uzyskaj dost\u0119p do edytora online, aby wygenerowa\u0107 sekcj\u0119 wtyczki kana\u0142u Tumblr, kt\u00f3r\u0105 chcesz zintegrowa\u0107 ze swoj\u0105 stron\u0105 w Witrynach Google.<\/li><li>Wybierz jeden z naszych wst\u0119pnie zaprojektowanych szablon\u00f3w i dostosuj ustawienia wtyczki Tumblr Feed, zmodyfikuj uk\u0142ad i schemat kolor\u00f3w, do\u0142\u0105cz swoj\u0105 tre\u015b\u0107 bez konieczno\u015bci kodowania.<\/li><li>Zapisz ustawienia skonfigurowane dla Tumblra Podaj wtyczk\u0119 i uzyskaj kod wtyczki do osadzenia, kt\u00f3ry mo\u017cna \u0142atwo i bezp\u0142atnie doda\u0107 do swojej strony w Witrynach Google.<\/li><\/ul><p>Dzi\u0119ki pracy w przyjaznym dla u\u017cytkownika Edytorze ka\u017cdy u\u017cytkownik Internetu mo\u017ce utworzy\u0107 sekcj\u0119 wtyczki Tumblr Feed i umie\u015b\u0107 j\u0105 na swojej stronie Witryn Google. Aby uzyska\u0107 dost\u0119p do Edytora Elfsight, nie jest wymagana \u017cadna p\u0142atno\u015b\u0107 ani ujawnianie danych karty. Je\u015bli na kt\u00f3rymkolwiek etapie napotkasz jakiekolwiek trudno\u015bci, skontaktuj si\u0119 z naszym dzia\u0142em obs\u0142ugi klienta.<\/p><\/div>\r\n\t\t\t\t\t<\/div>\r\n\t\t\t\t<\/div><\/div><\/div>","protected":false},"excerpt":{"rendered":"","protected":false},"author":9,"featured_media":0,"parent":3374,"menu_order":0,"comment_status":"closed","ping_status":"closed","template":"templates\/template-application-platform.php","meta":{"publish_to_discourse":"","publish_post_category":"","wpdc_auto_publish_overridden":"","wpdc_topic_tags":"","wpdc_pin_topic":"","wpdc_pin_until":"","discourse_post_id":"","discourse_permalink":"","wpdc_publishing_response":"","wpdc_publishing_error":"","footnotes":""},"class_list":["post-6997","page","type-page","status-publish","hentry"],"yoast_head":"<!-- This site is optimized with the Yoast SEO plugin v25.3.1 - https:\/\/yoast.com\/wordpress\/plugins\/seo\/ -->\n<title>Dodaj wtyczk\u0119 Tumblr Feed do witryny Google Sites (szybko i bezp\u0142atnie)<\/title>\n<meta name=\"description\" content=\"Umie\u015b\u0107 kana\u0142 Tumblr Witryn Google w witrynie. Wypr\u00f3buj por\u0119czn\u0105 wersj\u0119 demonstracyjn\u0105 Elfsight i stw\u00f3rz unikaln\u0105 wtyczk\u0119 Tumblr za pomoc\u0105 kilku klikni\u0119\u0107\" \/>\n<meta name=\"robots\" content=\"index, follow, max-snippet:-1, max-image-preview:large, max-video-preview:-1\" \/>\n<link rel=\"canonical\" href=\"https:\/\/elfsight.com\/pl\/tumblr-feed-widget\/google-sites\/\" \/>\n<meta property=\"og:locale\" content=\"pl_PL\" \/>\n<meta property=\"og:type\" content=\"article\" \/>\n<meta property=\"og:title\" content=\"Dodaj wtyczk\u0119 Tumblr Feed do witryny Google Sites (szybko i bezp\u0142atnie)\" \/>\n<meta property=\"og:description\" content=\"Umie\u015b\u0107 kana\u0142 Tumblr Witryn Google w witrynie. Wypr\u00f3buj por\u0119czn\u0105 wersj\u0119 demonstracyjn\u0105 Elfsight i stw\u00f3rz unikaln\u0105 wtyczk\u0119 Tumblr za pomoc\u0105 kilku klikni\u0119\u0107\" \/>\n<meta property=\"og:url\" content=\"https:\/\/elfsight.com\/pl\/tumblr-feed-widget\/google-sites\/\" \/>\n<meta property=\"og:site_name\" content=\"Elfsight PL\" \/>\n<meta property=\"article:modified_time\" content=\"2024-11-14T08:48:32+00:00\" \/>\n<meta name=\"twitter:card\" content=\"summary_large_image\" \/>\n<meta name=\"twitter:label1\" content=\"Szacowany czas czytania\" \/>\n\t<meta name=\"twitter:data1\" content=\"3 minuty\" \/>\n<!-- \/ Yoast SEO plugin. -->","yoast_head_json":{"title":"Dodaj wtyczk\u0119 Tumblr Feed do witryny Google Sites (szybko i bezp\u0142atnie)","description":"Umie\u015b\u0107 kana\u0142 Tumblr Witryn Google w witrynie. Wypr\u00f3buj por\u0119czn\u0105 wersj\u0119 demonstracyjn\u0105 Elfsight i stw\u00f3rz unikaln\u0105 wtyczk\u0119 Tumblr za pomoc\u0105 kilku klikni\u0119\u0107","robots":{"index":"index","follow":"follow","max-snippet":"max-snippet:-1","max-image-preview":"max-image-preview:large","max-video-preview":"max-video-preview:-1"},"canonical":"https:\/\/elfsight.com\/pl\/tumblr-feed-widget\/google-sites\/","og_locale":"pl_PL","og_type":"article","og_title":"Dodaj wtyczk\u0119 Tumblr Feed do witryny Google Sites (szybko i bezp\u0142atnie)","og_description":"Umie\u015b\u0107 kana\u0142 Tumblr Witryn Google w witrynie. Wypr\u00f3buj por\u0119czn\u0105 wersj\u0119 demonstracyjn\u0105 Elfsight i stw\u00f3rz unikaln\u0105 wtyczk\u0119 Tumblr za pomoc\u0105 kilku klikni\u0119\u0107","og_url":"https:\/\/elfsight.com\/pl\/tumblr-feed-widget\/google-sites\/","og_site_name":"Elfsight PL","article_modified_time":"2024-11-14T08:48:32+00:00","twitter_card":"summary_large_image","twitter_misc":{"Szacowany czas czytania":"3 minuty"},"schema":{"@context":"https:\/\/schema.org","@graph":[{"@type":"WebPage","@id":"https:\/\/elfsight.com\/pl\/tumblr-feed-widget\/google-sites\/","url":"https:\/\/elfsight.com\/pl\/tumblr-feed-widget\/google-sites\/","name":"Dodaj wtyczk\u0119 Tumblr Feed do witryny Google Sites (szybko i bezp\u0142atnie)","isPartOf":{"@id":"https:\/\/elfsight.com\/pl\/#website"},"datePublished":"1970-01-01T00:00:00+00:00","dateModified":"2024-11-14T08:48:32+00:00","description":"Umie\u015b\u0107 kana\u0142 Tumblr Witryn Google w witrynie. Wypr\u00f3buj por\u0119czn\u0105 wersj\u0119 demonstracyjn\u0105 Elfsight i stw\u00f3rz unikaln\u0105 wtyczk\u0119 Tumblr za pomoc\u0105 kilku klikni\u0119\u0107","breadcrumb":{"@id":"https:\/\/elfsight.com\/pl\/tumblr-feed-widget\/google-sites\/#breadcrumb"},"inLanguage":"pl-PL","potentialAction":[{"@type":"ReadAction","target":["https:\/\/elfsight.com\/pl\/tumblr-feed-widget\/google-sites\/"]}]},{"@type":"BreadcrumbList","@id":"https:\/\/elfsight.com\/pl\/tumblr-feed-widget\/google-sites\/#breadcrumb","itemListElement":[{"@type":"ListItem","position":1,"name":"Home","item":"https:\/\/elfsight.com\/pl\/"},{"@type":"ListItem","position":2,"name":"Tumblr Feed","item":"https:\/\/elfsight.com\/pl\/tumblr-feed-widget\/"},{"@type":"ListItem","position":3,"name":"Tumblr Feed &#8211; Google Sites"}]},{"@type":"WebSite","@id":"https:\/\/elfsight.com\/pl\/#website","url":"https:\/\/elfsight.com\/pl\/","name":"Elfsight PL","description":"Just another Elfsight Sites site","potentialAction":[{"@type":"SearchAction","target":{"@type":"EntryPoint","urlTemplate":"https:\/\/elfsight.com\/pl\/?s={search_term_string}"},"query-input":{"@type":"PropertyValueSpecification","valueRequired":true,"valueName":"search_term_string"}}],"inLanguage":"pl-PL"}]}},"meta_box":{"industry":"","seo_heading":"","heading":"","description":"","cta_heading":"","cta_description":"","application":"3346","h1":"Wtyczka kana\u0142u Tumblr do Witryn Google","h1_caption":"Wy\u015bwietlaj posty ze swojego bloga tumblr w swojej witrynie, aby bez wysi\u0142ku informowa\u0107 odwiedzaj\u0105cych o najnowszych tre\u015bciach w Twoich Witrynach Google.","application_category":[],"applications_title":"","applications_request_title":"","applications_request_button_text":"","hero_text":"","hero_video":"","hero_video_schema_markup":"","selling_points_title":"","selling_points_caption":"","selling_points":[],"selling_points_cta_text":"","features_title":"","features":"","ed_cta_examples_text":"","ed_cta_examples_hidden":"","ed_cta_demo_text":"","ed_cta_demo_hidden":"","why_caption":"","why_editor_title":"","why_editor_text":"","why_team_title":"","why_team_text":"","why_service_title":"","why_service_text":"","template_catalog_visible":"","template_catalog_title":"","template_catalog_text":"","template_catalog_categories_visible":"","demo_title":"Utw\u00f3rz wid\u017cet kana\u0142u Tumblr","demo_caption":"Skonfiguruj sw\u00f3j kana\u0142 Tumblr i dodaj go do swojej witryny Google Sites za darmo!","default_faq_hidden":"","app_template_category":[],"platform":"484","template_public_id":"","codecanyon_url":"","codecanyon_item_id":"","codecanyon_price":"","pricing_caption":"","pricing_elfsight_apps_hide_column":"","pricing_elfsight_apps_url":"","pricing_codecanyon_price_caption":"","integration_category":[],"integration_request_title":"","integration_request_cta":"","integration_platform":"","integrations":[],"platform_category":[],"video_schema_markup":"","price":"od 0 USD \/ miesi\u0105c","trial":"","benefits":[{"text":"Bezp\u0142atna us\u0142uga monta\u017cu"},{"text":"Profesjonalna obs\u0142uga klienta"},{"text":"14-dniowa gwarancja zwrotu pieni\u0119dzy"}],"button_url":"#demo","button_target_blank":"","button_nofollow":"","attributes":[{"name":"Instaluje"},{"name":"Czu\u0142y"},{"name":"Kompatybilne przegl\u0105darki"}],"tags":[],"tags_disable_links":"","hide_more_platforms":"","video_object":"","demo_hide_cta":"","demo_hide_cloud_options":"","pricing_title":"","pricing":[{"pricing_icon":"platform","pricing_title":"Elfsight Apps","pricing_title_caption":"Wersja wieloplatformowa, kt\u00f3ra dzia\u0142a na ka\u017cdej stronie internetowej","pricing_price":"od 0 USD \/ miesi\u0105c","pricing_price_caption":"zacznij od bezp\u0142atnego planu","pricing_benefits":[{"text":"Nielimitowane domeny"},{"text":"Dedykowane wsparcie i dobrze udokumentowane"},{"text":"Bezp\u0142atna us\u0142uga monta\u017cu"},{"text":"100% konfigurowalny"}],"pricing_button_text":"Dodaj do witryny","pricing_button_url":"#demo"}],"related_apps_title":"","related_apps_hidden":"","author":"","image":[],"title":"","job":"","social_networks":[]},"_links":{"self":[{"href":"https:\/\/elfsight.com\/pl\/wp-json\/wp\/v2\/pages\/6997","targetHints":{"allow":["GET"]}}],"collection":[{"href":"https:\/\/elfsight.com\/pl\/wp-json\/wp\/v2\/pages"}],"about":[{"href":"https:\/\/elfsight.com\/pl\/wp-json\/wp\/v2\/types\/page"}],"author":[{"embeddable":true,"href":"https:\/\/elfsight.com\/pl\/wp-json\/wp\/v2\/users\/9"}],"replies":[{"embeddable":true,"href":"https:\/\/elfsight.com\/pl\/wp-json\/wp\/v2\/comments?post=6997"}],"version-history":[{"count":1,"href":"https:\/\/elfsight.com\/pl\/wp-json\/wp\/v2\/pages\/6997\/revisions"}],"predecessor-version":[{"id":7001,"href":"https:\/\/elfsight.com\/pl\/wp-json\/wp\/v2\/pages\/6997\/revisions\/7001"}],"up":[{"embeddable":true,"href":"https:\/\/elfsight.com\/pl\/wp-json\/wp\/v2\/pages\/3374"}],"wp:attachment":[{"href":"https:\/\/elfsight.com\/pl\/wp-json\/wp\/v2\/media?parent=6997"}],"curies":[{"name":"wp","href":"https:\/\/api.w.org\/{rel}","templated":true}]}}