{"id":6992,"date":"1970-01-01T00:00:00","date_gmt":"1970-01-01T00:00:00","guid":{"rendered":"https:\/\/elfsight.com\/pl\/?page_id=6992"},"modified":"2025-06-20T09:25:10","modified_gmt":"2025-06-20T09:25:10","slug":"godaddy","status":"publish","type":"page","link":"https:\/\/elfsight.com\/pl\/tumblr-feed-widget\/godaddy\/","title":{"rendered":"Tumblr Feed &#8211; GoDaddy"},"content":{"rendered":"<div class=\"application-platform-content-item-description application-platform-content-item\" id=\"description\" data-nav-section=\"description\">\n<h2>Opis<\/h2>\n<p>**Elfsight Tumblr Feed dla Wix** to aplikacja do tworzenia indywidualnego kana\u0142u sk\u0142adaj\u0105cego si\u0119 z sieci Tumblr i umieszczania go bezpo\u015brednio na Twojej stronie. Zaprojektuj suwak galerii lub post\u00f3w w 1-2-3! Ciesz si\u0119 ca\u0142kowit\u0105 kontrol\u0105 nad prezentowan\u0105 tre\u015bci\u0105 i usuwaj spam oraz wszelkie niechciane tre\u015bci za pomoc\u0105 r\u0119cznej moderacji. Ca\u0142kowicie responsywny edytor online oferuje r\u00f3\u017cne szablony do wyboru.<\/p>\n<p><b>Zaprezentuj najbardziej przekonuj\u0105c\u0105 zawarto\u015b\u0107 Tumblra, aby zainteresowa\u0107 odwiedzaj\u0105cych i skontaktowa\u0107 si\u0119 z wi\u0119ksz\u0105 liczb\u0105 os\u00f3b.<\/b><\/p>\n<\/div>\n\n<div class=\"application-platform-content-item-features application-platform-content-item\" id=\"features\" data-nav-section=\"features\">\n<h2>S\u0105 to tylko kilka funkcji wid\u017cetu aplikacji:<\/h2>\n<ul>\n    <li>Wy\u015bwietlanie tre\u015bci z Tumblra;<\/li>\n    <li>Wyeliminuj spam i niepo\u017c\u0105dane tre\u015bci za pomoc\u0105 r\u0119cznego trybu moderacji;<\/li>\n    <li>Ustaw przycisk Obserwuj w postach w wid\u017cecie;<\/li>\n    <li>Spraw, aby Twoje posty wy\u015bwietla\u0142y si\u0119 w trybie wyskakuj\u0105cym.<\/li>\n<\/ul>\n<p><a href=\"#demo\">Pe\u0142n\u0105 funkcjonalno\u015b\u0107 aplikacji mo\u017cesz sprawdzi\u0107 w wersji demonstracyjnej tutaj<\/a><\/p>\n<\/div>\n\n<div class=\"application-platform-content-item-installation application-platform-content-item\" id=\"installation\" data-nav-section=\"installation\">\n<h2>Jak mog\u0119 doda\u0107 kana\u0142 Tumblr do mojej witryny Wix?<\/h2>\n<p>Wystarczy post\u0119powa\u0107 zgodnie z poni\u017cszymi wskaz\u00f3wkami, aby zintegrowa\u0107 wtyczk\u0119.<\/p>\n<ol>\n    <li><b>Skorzystaj z naszego bezp\u0142atnego edytora i zacznij tworzy\u0107 sw\u00f3j unikalny instrument.<\/b><br>Okre\u015bl preferowany uk\u0142ad i opcje aplikacji, a nast\u0119pnie zastosuj zmiany.<\/li>\n    <li><b>Odbierz sw\u00f3j osobisty kod widoczny w pude\u0142ku w aplikacjach Elfsight.<\/b><br>Zaraz po skonfigurowaniu aplikacji skopiuj kod osobisty z wy\u015bwietlonego wyskakuj\u0105cego okienka i zachowaj go na p\u00f3\u017aniej.<\/li>\n    <li><b>Rozpocznij korzystanie z narz\u0119dzia na swojej stronie internetowej.<\/b><br>Zaimplementuj skopiowany wcze\u015bniej kod na swojej stronie internetowej i zapisz zmiany.<\/li>\n    <li><b>Gotowe! Konfiguracja zosta\u0142a w pe\u0142ni uko\u0144czona.<\/b><br>Przejd\u017a do swojej witryny i zobacz, jak dzia\u0142a narz\u0119dzie.<\/li>\n<\/ol>\n<p>Je\u015bli masz jakiekolwiek trudno\u015bci, nie wahaj si\u0119 skontaktowa\u0107 z naszym zespo\u0142em wsparcia. Nasi konsultanci z przyjemno\u015bci\u0105 pomog\u0105 Ci we wszystkich problemach, jakie mo\u017cesz mie\u0107 z narz\u0119dziem.<\/p>\n<\/div>\n\n<div class=\"faq\" data-component=\"FAQ\">\n<div class=\"faq-item\">\r\n\t\t\t\t\t<div class=\"faq-item-question\">\r\n\t\t\t\t\t\t<h3 class=\"faq-item-question-text\">Czy istnieje metoda osadzania kana\u0142u Tumblr na mojej witrynie Wix bez umiej\u0119tno\u015bci kodowania?<\/h3>\r\n\r\n\t\t\t\t\t\t<div class=\"faq-item-question-icon\"><\/div>\r\n\t\t\t\t\t<\/div>\r\n\r\n\t\t\t\t\t<div class=\"faq-item-answer\">\r\n\t\t\t\t\t\t<div class=\"faq-item-answer-text\">\n<p>Firma Elfsight dostarcza rozwi\u0105zanie, kt\u00f3re umo\u017cliwia szerokiemu gronu odbiorc\u00f3w samodzielne utworzenie wid\u017cetu Tumblr Feed, obejrzyj proste instrukcje:<\/p>\n<ul>\n    <li>Rozpocznij prac\u0119 od razu w wersji demonstracyjnej na \u017cywo, aby zbudowa\u0107 wtyczk\u0119 Tumblr Feed, kt\u00f3r\u0105 chcesz doda\u0107 na Wix.<\/li>\n    <li>Kliknij jeden z gotowych szablon\u00f3w i dostosuj ustawienia kana\u0142u Tumblr, zmie\u0144 uk\u0142ad i kolor element\u00f3w, zaktualizuj tre\u015b\u0107 bez znajomo\u015bci kodowania.<\/li>\n    <li>Zapisz kana\u0142 Tumblr i zdob\u0105d\u017a kod do osadzenia, kt\u00f3ry mo\u017cna \u0142atwo i bezp\u0142atnie osadzi\u0107 na stronie g\u0142\u00f3wnej Wix.<\/li>\n<\/ul>\n<p>Korzystaj\u0105c z intuicyjnego konfiguratora, ka\u017cdy u\u017cytkownik Internetu mo\u017ce utworzy\u0107 sekcj\u0119 Kana\u0142\u00f3w Tumblra online i doda\u0107 j\u0105 do strony g\u0142\u00f3wnej Wix. Aby uzyska\u0107 dost\u0119p do naszego Edytora, nie wolno p\u0142aci\u0107 ani podawa\u0107 danych uwierzytelniaj\u0105cych karty. Je\u015bli napotkasz jakiekolwiek problemy, skontaktuj si\u0119 z naszym personelem pomocy technicznej.<\/p>\n<\/div>\r\n\t\t\t\t\t<\/div>\r\n\t\t\t\t<\/div>\n<\/div>","protected":false},"excerpt":{"rendered":"","protected":false},"author":9,"featured_media":0,"parent":3374,"menu_order":0,"comment_status":"closed","ping_status":"closed","template":"templates\/template-application-platform.php","meta":{"publish_to_discourse":"","publish_post_category":"","wpdc_auto_publish_overridden":"","wpdc_topic_tags":"","wpdc_pin_topic":"","wpdc_pin_until":"","discourse_post_id":"","discourse_permalink":"","wpdc_publishing_response":"","wpdc_publishing_error":"","footnotes":""},"class_list":["post-6992","page","type-page","status-publish","hentry"],"yoast_head":"<!-- This site is optimized with the Yoast SEO plugin v25.3.1 - https:\/\/yoast.com\/wordpress\/plugins\/seo\/ -->\n<title>Kana\u0142 Tumblr \u2014 dodaj wtyczk\u0119 Kana\u0142 Tumblr do witryny GoDaddy!<\/title>\n<meta name=\"description\" content=\"Zintegruj \u0142atw\u0105 w zarz\u0105dzaniu wtyczk\u0119 GoDaddy Tumblr Feed ze stron\u0105 internetow\u0105. Wypr\u00f3buj wersj\u0119 demonstracyjn\u0105 Elfsight i wygeneruj sw\u00f3j stylowy kana\u0142!\" \/>\n<meta name=\"robots\" content=\"index, follow, max-snippet:-1, max-image-preview:large, max-video-preview:-1\" \/>\n<link rel=\"canonical\" href=\"https:\/\/elfsight.com\/pl\/tumblr-feed-widget\/godaddy\/\" \/>\n<meta property=\"og:locale\" content=\"pl_PL\" \/>\n<meta property=\"og:type\" content=\"article\" \/>\n<meta property=\"og:title\" content=\"Kana\u0142 Tumblr \u2014 dodaj wtyczk\u0119 Kana\u0142 Tumblr do witryny GoDaddy!\" \/>\n<meta property=\"og:description\" content=\"Zintegruj \u0142atw\u0105 w zarz\u0105dzaniu wtyczk\u0119 GoDaddy Tumblr Feed ze stron\u0105 internetow\u0105. Wypr\u00f3buj wersj\u0119 demonstracyjn\u0105 Elfsight i wygeneruj sw\u00f3j stylowy kana\u0142!\" \/>\n<meta property=\"og:url\" content=\"https:\/\/elfsight.com\/pl\/tumblr-feed-widget\/godaddy\/\" \/>\n<meta property=\"og:site_name\" content=\"Elfsight PL\" \/>\n<meta property=\"article:modified_time\" content=\"2025-06-20T09:25:10+00:00\" \/>\n<meta name=\"twitter:card\" content=\"summary_large_image\" \/>\n<meta name=\"twitter:label1\" content=\"Szacowany czas czytania\" \/>\n\t<meta name=\"twitter:data1\" content=\"3 minuty\" \/>\n<!-- \/ Yoast SEO plugin. -->","yoast_head_json":{"title":"Kana\u0142 Tumblr \u2014 dodaj wtyczk\u0119 Kana\u0142 Tumblr do witryny GoDaddy!","description":"Zintegruj \u0142atw\u0105 w zarz\u0105dzaniu wtyczk\u0119 GoDaddy Tumblr Feed ze stron\u0105 internetow\u0105. Wypr\u00f3buj wersj\u0119 demonstracyjn\u0105 Elfsight i wygeneruj sw\u00f3j stylowy kana\u0142!","robots":{"index":"index","follow":"follow","max-snippet":"max-snippet:-1","max-image-preview":"max-image-preview:large","max-video-preview":"max-video-preview:-1"},"canonical":"https:\/\/elfsight.com\/pl\/tumblr-feed-widget\/godaddy\/","og_locale":"pl_PL","og_type":"article","og_title":"Kana\u0142 Tumblr \u2014 dodaj wtyczk\u0119 Kana\u0142 Tumblr do witryny GoDaddy!","og_description":"Zintegruj \u0142atw\u0105 w zarz\u0105dzaniu wtyczk\u0119 GoDaddy Tumblr Feed ze stron\u0105 internetow\u0105. Wypr\u00f3buj wersj\u0119 demonstracyjn\u0105 Elfsight i wygeneruj sw\u00f3j stylowy kana\u0142!","og_url":"https:\/\/elfsight.com\/pl\/tumblr-feed-widget\/godaddy\/","og_site_name":"Elfsight PL","article_modified_time":"2025-06-20T09:25:10+00:00","twitter_card":"summary_large_image","twitter_misc":{"Szacowany czas czytania":"3 minuty"},"schema":{"@context":"https:\/\/schema.org","@graph":[{"@type":"WebPage","@id":"https:\/\/elfsight.com\/pl\/tumblr-feed-widget\/godaddy\/","url":"https:\/\/elfsight.com\/pl\/tumblr-feed-widget\/godaddy\/","name":"Kana\u0142 Tumblr \u2014 dodaj wtyczk\u0119 Kana\u0142 Tumblr do witryny GoDaddy!","isPartOf":{"@id":"https:\/\/elfsight.com\/pl\/#website"},"datePublished":"1970-01-01T00:00:00+00:00","dateModified":"2025-06-20T09:25:10+00:00","description":"Zintegruj \u0142atw\u0105 w zarz\u0105dzaniu wtyczk\u0119 GoDaddy Tumblr Feed ze stron\u0105 internetow\u0105. Wypr\u00f3buj wersj\u0119 demonstracyjn\u0105 Elfsight i wygeneruj sw\u00f3j stylowy kana\u0142!","breadcrumb":{"@id":"https:\/\/elfsight.com\/pl\/tumblr-feed-widget\/godaddy\/#breadcrumb"},"inLanguage":"pl-PL","potentialAction":[{"@type":"ReadAction","target":["https:\/\/elfsight.com\/pl\/tumblr-feed-widget\/godaddy\/"]}]},{"@type":"BreadcrumbList","@id":"https:\/\/elfsight.com\/pl\/tumblr-feed-widget\/godaddy\/#breadcrumb","itemListElement":[{"@type":"ListItem","position":1,"name":"Home","item":"https:\/\/elfsight.com\/pl\/"},{"@type":"ListItem","position":2,"name":"Tumblr Feed","item":"https:\/\/elfsight.com\/pl\/tumblr-feed-widget\/"},{"@type":"ListItem","position":3,"name":"Tumblr Feed &#8211; GoDaddy"}]},{"@type":"WebSite","@id":"https:\/\/elfsight.com\/pl\/#website","url":"https:\/\/elfsight.com\/pl\/","name":"Elfsight PL","description":"Just another Elfsight Sites site","potentialAction":[{"@type":"SearchAction","target":{"@type":"EntryPoint","urlTemplate":"https:\/\/elfsight.com\/pl\/?s={search_term_string}"},"query-input":{"@type":"PropertyValueSpecification","valueRequired":true,"valueName":"search_term_string"}}],"inLanguage":"pl-PL"}]}},"meta_box":{"industry":"","seo_heading":"","heading":"","description":"","cta_heading":"","cta_description":"","application":"3346","h1":"Wtyczka GoDaddy Tumblr Feed","h1_caption":"Wy\u015bwietlaj posty ze swojego bloga tumblr w swojej witrynie, aby bez wysi\u0142ku informowa\u0107 odwiedzaj\u0105cych o najnowszych tre\u015bciach w Twojej witrynie GoDaddy.","application_category":[],"applications_title":"","applications_request_title":"","applications_request_button_text":"","hero_text":"","hero_video":"","hero_video_schema_markup":"","selling_points_title":"","selling_points_caption":"","selling_points":[],"selling_points_cta_text":"","features_title":"","features":"","ed_cta_examples_text":"","ed_cta_examples_hidden":"","ed_cta_demo_text":"","ed_cta_demo_hidden":"","why_caption":"","why_editor_title":"","why_editor_text":"","why_team_title":"","why_team_text":"","why_service_title":"","why_service_text":"","template_catalog_visible":"0","template_catalog_title":"","template_catalog_text":"","template_catalog_categories_visible":"","demo_title":"\u015amia\u0142o, utw\u00f3rz spersonalizowany kana\u0142 Tumblr GoDaddy","demo_caption":"Dostosuj go i zintegruj ze swoj\u0105 witryn\u0105 za pomoc\u0105 demonstracji na \u017cywo.","default_faq_hidden":"","app_template_category":[],"platform":"180","template_public_id":"","codecanyon_url":"","codecanyon_item_id":"","codecanyon_price":"","pricing_caption":"","pricing_elfsight_apps_hide_column":"","pricing_elfsight_apps_url":"","pricing_codecanyon_price_caption":"","integration_category":[],"integration_request_title":"","integration_request_cta":"","integration_platform":"","integrations":[],"platform_category":[],"video_schema_markup":"","price":"od 0 USD \/ miesi\u0105c","trial":"","benefits":[{"text":"Bezp\u0142atna us\u0142uga monta\u017cu"},{"text":"Wyj\u0105tkowe wsparcie"},{"text":"14-dniowa gwarancja zwrotu pieni\u0119dzy"}],"button_url":"#demo","button_target_blank":"0","button_nofollow":"0","attributes":[{"name":"Instaluje"},{"name":"Czu\u0142y"},{"name":"Kompatybilne przegl\u0105darki"}],"tags":[],"tags_disable_links":"0","hide_more_platforms":"0","video_object":"","demo_hide_cta":"0","demo_hide_cloud_options":"0","pricing_title":"","pricing":[{"pricing_icon":"platform","pricing_title":"Elfsight Apps","pricing_title_caption":"Wersja wieloplatformowa","pricing_price":"od 0 USD \/ miesi\u0105c","pricing_price_caption":"zacznij od bezp\u0142atnego planu","pricing_benefits":[{"text":"Nielimitowane domeny"},{"text":"Dedykowane wsparcie firmy"},{"text":"Bezp\u0142atna pomoc w monta\u017cu"},{"text":"W pe\u0142ni konfigurowalny"}],"pricing_button_text":"Dodaj do witryny","pricing_button_url":"#demo"}],"related_apps_title":"","related_apps_hidden":"0","author":"","image":[],"title":"","job":"","social_networks":[]},"_links":{"self":[{"href":"https:\/\/elfsight.com\/pl\/wp-json\/wp\/v2\/pages\/6992","targetHints":{"allow":["GET"]}}],"collection":[{"href":"https:\/\/elfsight.com\/pl\/wp-json\/wp\/v2\/pages"}],"about":[{"href":"https:\/\/elfsight.com\/pl\/wp-json\/wp\/v2\/types\/page"}],"author":[{"embeddable":true,"href":"https:\/\/elfsight.com\/pl\/wp-json\/wp\/v2\/users\/9"}],"replies":[{"embeddable":true,"href":"https:\/\/elfsight.com\/pl\/wp-json\/wp\/v2\/comments?post=6992"}],"version-history":[{"count":2,"href":"https:\/\/elfsight.com\/pl\/wp-json\/wp\/v2\/pages\/6992\/revisions"}],"predecessor-version":[{"id":10184,"href":"https:\/\/elfsight.com\/pl\/wp-json\/wp\/v2\/pages\/6992\/revisions\/10184"}],"up":[{"embeddable":true,"href":"https:\/\/elfsight.com\/pl\/wp-json\/wp\/v2\/pages\/3374"}],"wp:attachment":[{"href":"https:\/\/elfsight.com\/pl\/wp-json\/wp\/v2\/media?parent=6992"}],"curies":[{"name":"wp","href":"https:\/\/api.w.org\/{rel}","templated":true}]}}