{"id":6991,"date":"1970-01-01T00:00:00","date_gmt":"1970-01-01T00:00:00","guid":{"rendered":"https:\/\/elfsight.com\/pl\/?page_id=6991"},"modified":"2024-10-24T13:19:05","modified_gmt":"2024-10-24T13:19:05","slug":"prestashop","status":"publish","type":"page","link":"https:\/\/elfsight.com\/pl\/tumblr-feed-widget\/prestashop\/","title":{"rendered":"Tumblr Feed &#8211; PrestaShop"},"content":{"rendered":"<div class=\"application-platform-content-item-description application-platform-content-item\" id=\"description\" data-nav-section=\"description\"> <h2>Opis<\/h2> <p>Kana\u0142 Elfsight Tumblr dla Prestashop to dodatek maj\u0105cy na celu pom\u00f3c Ci we wszystkich obecnych wymaganiach dotycz\u0105cych uzyskiwania wy\u015bwietle\u0144 i \u017c\u0105da\u0144 od u\u017cytkownik\u00f3w Twojej witryny. Ods\u0142o\u0144 niezb\u0119dne cz\u0119\u015bci do wype\u0142nienia, wybierz preferowany szablon i zaprojektuj interfejs, aby zach\u0119ci\u0107 odwiedzaj\u0105cych do pozostawienia zapyta\u0144 o us\u0142ugi Twojej firmy. Kana\u0142 Tumblr zosta\u0142 stworzony, aby spe\u0142ni\u0107 ka\u017cd\u0105 Twoj\u0105 potrzeb\u0119 uzyskiwania informacji zwrotnych i utrzymywania kontaktu z klientami.<\/p><p><b>Dzi\u0119ki Kana\u0142owi Tumblr mo\u017cesz do\u015bwiadczy\u0107 silnego rozwoju biznesu i zwi\u0119kszonej sprzeda\u017cy.<\/b><\/p> <\/div> <div class=\"application-platform-content-item-features application-platform-content-item\" id=\"features\" data-nav-section=\"features\"> <h2>Znajd\u017a poni\u017cej podstawowe funkcje wid\u017cetu: <\/h2> <ul><li>Wy\u015bwietlaj tre\u015bci z r\u00f3\u017cnych \u017ar\u00f3de\u0142<\/li><li>Automatyczne filtrowanie tryb moderacji r\u0119cznej i opcji<\/li><li>Tryb automatycznej moderacji do ci\u0105g\u0142ego przesy\u0142ania tre\u015bci<\/li><li>Pi\u0119\u0107 gotowych szablon\u00f3w post\u00f3w z r\u00f3\u017cnymi pozycjami tekstu, zdj\u0119cia autora i zdj\u0119\u0107<\/li><li>Filmy s\u0105 odtwarzane automatycznie w trybie wyskakuj\u0105cym<\/li><li>Spraw, aby Twoje posty pojawia\u0142y si\u0119 w trybie wyskakuj\u0105cym<\/li><li>Dwa warianty reprezentacji post\u00f3w w wyskakuj\u0105cych okienkach: kana\u0142 i suwak<\/li><\/ul><p><a href=\"#demo\">Po prostu sprawd\u017a t\u0119 wersj\u0119 demonstracyjn\u0105, aby uzyska\u0107 pe\u0142ny obraz<\/a><\/p> <\/div> <div class=\"application-platform-content-item-installation application-platform-content-item\" id=\"installation\" data-nav-section=\"installation\"> <h2>Jak osadzi\u0107 Tumblr Kana\u0142 na mojej stronie PrestaShop? <\/h2> <p>Wystarczy wykona\u0107 poni\u017csze kroki, aby rozpocz\u0105\u0107 korzystanie z wid\u017cetu. <\/p> <ol><li><b>Skorzystaj z naszego bezp\u0142atnego konfiguratora i zacznij tworzy\u0107 sw\u00f3j spersonalizowany dodatek. <\/b><br> Wybierz wybrany wygl\u0105d i cechy funkcjonalne wid\u017cetu i zastosuj zmiany. <\/li> <li><b>Odbierz unikalny kod pojawiaj\u0105cy si\u0119 w polu aplikacji Elfsight. <\/b><br> Po zako\u0144czeniu tworzenia narz\u0119dzia skopiuj indywidualny kod z wy\u015bwietlonego okna i zapisz go do wykorzystania w przysz\u0142o\u015bci. <\/li> <li><b>Rozpocznij korzystanie z wid\u017cetu na stronie PrestaShop. <\/b><br> Zintegruj skopiowany ostatnio kod ze swoj\u0105 stron\u0105 internetow\u0105 i zastosuj modyfikacje. <\/li> <li><b>Gotowe! Osadzanie zosta\u0142o pomy\u015blnie zako\u0144czone. <\/b><br> Przejd\u017a na swoj\u0105 stron\u0119 i sprawd\u017a dzia\u0142anie narz\u0119dzia. <\/li><\/ol> <p>Przypu\u015b\u0107my, \u017ce napotkasz jakie\u015b problemy, zwr\u00f3\u0107 si\u0119 do naszego personelu pomocy technicznej. Nasi specjali\u015bci z przyjemno\u015bci\u0105 pomog\u0105 Ci we wszystkich problemach, jakie mo\u017cesz mie\u0107 z produktem. <\/p> <\/div><div class=\"faq\" data-component=\"FAQ\"><div class=\"faq-item\">\r\n\t\t\t\t\t<div class=\"faq-item-question\">\r\n\t\t\t\t\t\t<h3 class=\"faq-item-question-text\">Czy istnieje mo\u017cliwo\u015b\u0107 osadzenia kana\u0142u Tumblr w mojej witrynie PrestaShop bez umiej\u0119tno\u015bci kodowania?<\/h3>\r\n\r\n\t\t\t\t\t\t<div class=\"faq-item-question-icon\"><\/div>\r\n\t\t\t\t\t<\/div>\r\n\r\n\t\t\t\t\t<div class=\"faq-item-answer\">\r\n\t\t\t\t\t\t<div class=\"faq-item-answer-text\"><p>Dostarczana przez firm\u0119 Elfsight rozwi\u0105zanie, kt\u00f3re pozwala u\u017cytkownikom samodzielnie utworzy\u0107 wid\u017cet Kana\u0142u Tumblr, zapoznaj si\u0119 z prostymi instrukcjami:<\/p><ul><li>Przejd\u017a do wersji demonstracyjnej na \u017cywo, aby utworzy\u0107 aplikacj\u0119 Kana\u0142 Tumblr, kt\u00f3r\u0105 chcesz osadzi\u0107 w swojej witrynie PrestaShop.<\/p><ul><li> li&gt;<li>Wybierz jeden z gotowych szablon\u00f3w i zmodyfikuj ustawienia kana\u0142u Tumblr, dodaj tre\u015b\u0107, zmie\u0144 uk\u0142ad i kolor element\u00f3w bez do\u015bwiadczenia w kodowaniu.<\/li><li>Zapisz wprowadzone ustawienia w Tumblrze Feed i uzyskaj jego kod do osadzenia, kt\u00f3ry mo\u017cesz po prostu bezp\u0142atnie doda\u0107 na dowolnej stronie internetowej PrestaShop.<\/li><\/ul><p>Dzi\u0119ki naszemu przyjaznemu dla u\u017cytkownika edytorowi ka\u017cdy u\u017cytkownik Internetu mo\u017ce utworzy\u0107 kana\u0142 Tumblr online i bez wysi\u0142ku dodawa\u0107 do niego dowoln\u0105 witryn\u0119 PrestaShop. Aby skorzysta\u0107 z us\u0142ugi, nie wolno p\u0142aci\u0107 ani podawa\u0107 danych karty. Je\u015bli na kt\u00f3rymkolwiek etapie napotkasz jakiekolwiek przeszkody, nie wahaj si\u0119 skontaktowa\u0107 z naszym personelem pomocy.<\/p><\/div>\r\n\t\t\t\t\t<\/div>\r\n\t\t\t\t<\/div><\/div>","protected":false},"excerpt":{"rendered":"","protected":false},"author":9,"featured_media":0,"parent":3374,"menu_order":0,"comment_status":"closed","ping_status":"closed","template":"templates\/template-application-platform.php","meta":{"publish_to_discourse":"","publish_post_category":"","wpdc_auto_publish_overridden":"","wpdc_topic_tags":"","wpdc_pin_topic":"","wpdc_pin_until":"","discourse_post_id":"","discourse_permalink":"","wpdc_publishing_response":"","wpdc_publishing_error":"","footnotes":""},"class_list":["post-6991","page","type-page","status-publish","hentry"],"yoast_head":"<!-- This site is optimized with the Yoast SEO plugin v25.3.1 - https:\/\/yoast.com\/wordpress\/plugins\/seo\/ -->\n<title>Dodaj dodatek Tumblr Feed do witryny PrestaShop (szybko i bezp\u0142atnie)<\/title>\n<meta name=\"description\" content=\"Umie\u015b\u0107 dodatek PrestaShop Tumblr Feed na swojej stronie. Skorzystaj z por\u0119cznej wersji demonstracyjnej Elfsight i stw\u00f3rz niesamowity dodatek do Tumblra w ci\u0105gu zaledwie kilku minut\" \/>\n<meta name=\"robots\" content=\"index, follow, max-snippet:-1, max-image-preview:large, max-video-preview:-1\" \/>\n<link rel=\"canonical\" href=\"https:\/\/elfsight.com\/pl\/tumblr-feed-widget\/prestashop\/\" \/>\n<meta property=\"og:locale\" content=\"pl_PL\" \/>\n<meta property=\"og:type\" content=\"article\" \/>\n<meta property=\"og:title\" content=\"Dodaj dodatek Tumblr Feed do witryny PrestaShop (szybko i bezp\u0142atnie)\" \/>\n<meta property=\"og:description\" content=\"Umie\u015b\u0107 dodatek PrestaShop Tumblr Feed na swojej stronie. Skorzystaj z por\u0119cznej wersji demonstracyjnej Elfsight i stw\u00f3rz niesamowity dodatek do Tumblra w ci\u0105gu zaledwie kilku minut\" \/>\n<meta property=\"og:url\" content=\"https:\/\/elfsight.com\/pl\/tumblr-feed-widget\/prestashop\/\" \/>\n<meta property=\"og:site_name\" content=\"Elfsight PL\" \/>\n<meta property=\"article:modified_time\" content=\"2024-10-24T13:19:05+00:00\" \/>\n<meta name=\"twitter:card\" content=\"summary_large_image\" \/>\n<meta name=\"twitter:label1\" content=\"Szacowany czas czytania\" \/>\n\t<meta name=\"twitter:data1\" content=\"3 minuty\" \/>\n<!-- \/ Yoast SEO plugin. -->","yoast_head_json":{"title":"Dodaj dodatek Tumblr Feed do witryny PrestaShop (szybko i bezp\u0142atnie)","description":"Umie\u015b\u0107 dodatek PrestaShop Tumblr Feed na swojej stronie. Skorzystaj z por\u0119cznej wersji demonstracyjnej Elfsight i stw\u00f3rz niesamowity dodatek do Tumblra w ci\u0105gu zaledwie kilku minut","robots":{"index":"index","follow":"follow","max-snippet":"max-snippet:-1","max-image-preview":"max-image-preview:large","max-video-preview":"max-video-preview:-1"},"canonical":"https:\/\/elfsight.com\/pl\/tumblr-feed-widget\/prestashop\/","og_locale":"pl_PL","og_type":"article","og_title":"Dodaj dodatek Tumblr Feed do witryny PrestaShop (szybko i bezp\u0142atnie)","og_description":"Umie\u015b\u0107 dodatek PrestaShop Tumblr Feed na swojej stronie. Skorzystaj z por\u0119cznej wersji demonstracyjnej Elfsight i stw\u00f3rz niesamowity dodatek do Tumblra w ci\u0105gu zaledwie kilku minut","og_url":"https:\/\/elfsight.com\/pl\/tumblr-feed-widget\/prestashop\/","og_site_name":"Elfsight PL","article_modified_time":"2024-10-24T13:19:05+00:00","twitter_card":"summary_large_image","twitter_misc":{"Szacowany czas czytania":"3 minuty"},"schema":{"@context":"https:\/\/schema.org","@graph":[{"@type":"WebPage","@id":"https:\/\/elfsight.com\/pl\/tumblr-feed-widget\/prestashop\/","url":"https:\/\/elfsight.com\/pl\/tumblr-feed-widget\/prestashop\/","name":"Dodaj dodatek Tumblr Feed do witryny PrestaShop (szybko i bezp\u0142atnie)","isPartOf":{"@id":"https:\/\/elfsight.com\/pl\/#website"},"datePublished":"1970-01-01T00:00:00+00:00","dateModified":"2024-10-24T13:19:05+00:00","description":"Umie\u015b\u0107 dodatek PrestaShop Tumblr Feed na swojej stronie. Skorzystaj z por\u0119cznej wersji demonstracyjnej Elfsight i stw\u00f3rz niesamowity dodatek do Tumblra w ci\u0105gu zaledwie kilku minut","breadcrumb":{"@id":"https:\/\/elfsight.com\/pl\/tumblr-feed-widget\/prestashop\/#breadcrumb"},"inLanguage":"pl-PL","potentialAction":[{"@type":"ReadAction","target":["https:\/\/elfsight.com\/pl\/tumblr-feed-widget\/prestashop\/"]}]},{"@type":"BreadcrumbList","@id":"https:\/\/elfsight.com\/pl\/tumblr-feed-widget\/prestashop\/#breadcrumb","itemListElement":[{"@type":"ListItem","position":1,"name":"Home","item":"https:\/\/elfsight.com\/pl\/"},{"@type":"ListItem","position":2,"name":"Tumblr Feed","item":"https:\/\/elfsight.com\/pl\/tumblr-feed-widget\/"},{"@type":"ListItem","position":3,"name":"Tumblr Feed &#8211; PrestaShop"}]},{"@type":"WebSite","@id":"https:\/\/elfsight.com\/pl\/#website","url":"https:\/\/elfsight.com\/pl\/","name":"Elfsight PL","description":"Just another Elfsight Sites site","potentialAction":[{"@type":"SearchAction","target":{"@type":"EntryPoint","urlTemplate":"https:\/\/elfsight.com\/pl\/?s={search_term_string}"},"query-input":{"@type":"PropertyValueSpecification","valueRequired":true,"valueName":"search_term_string"}}],"inLanguage":"pl-PL"}]}},"meta_box":{"industry":"","seo_heading":"","heading":"","description":"","cta_heading":"","cta_description":"","application":"3346","h1":"Dodatek do kana\u0142u PrestaShop Tumblr","h1_caption":"Wy\u015bwietlaj posty ze swojego bloga tumblr na swojej stronie internetowej, aby bez wysi\u0142ku informowa\u0107 odwiedzaj\u0105cych o najnowszych tre\u015bciach w Twojej witrynie Prestashop.","application_category":[],"applications_title":"","applications_request_title":"","applications_request_button_text":"","hero_text":"","hero_video":"","hero_video_schema_markup":"","selling_points_title":"","selling_points_caption":"","selling_points":[],"selling_points_cta_text":"","features_title":"","features":"","ed_cta_examples_text":"","ed_cta_examples_hidden":"","ed_cta_demo_text":"","ed_cta_demo_hidden":"","why_caption":"","why_editor_title":"","why_editor_text":"","why_team_title":"","why_team_text":"","why_service_title":"","why_service_text":"","template_catalog_visible":"","template_catalog_title":"","template_catalog_text":"","template_catalog_categories_visible":"","demo_title":"Zach\u0119camy do tworzenia spersonalizowanego kana\u0142u PrestaShop Tumblr","demo_caption":"Dostosuj sw\u00f3j kana\u0142 i wstaw dodatek na swoj\u0105 stron\u0119 g\u0142\u00f3wn\u0105 z aktywnego demo","default_faq_hidden":"","app_template_category":[],"platform":"586","template_public_id":"","codecanyon_url":"","codecanyon_item_id":"","codecanyon_price":"","pricing_caption":"","pricing_elfsight_apps_hide_column":"","pricing_elfsight_apps_url":"","pricing_codecanyon_price_caption":"","integration_category":[],"integration_request_title":"","integration_request_cta":"","integration_platform":"","integrations":[],"platform_category":[],"video_schema_markup":"","price":"od 0 USD \/ miesi\u0105c","trial":"","benefits":[{"text":"Bezp\u0142atna us\u0142uga monta\u017cu"},{"text":"Profesjonalna obs\u0142uga klienta"},{"text":"14-dniowa gwarancja zwrotu pieni\u0119dzy"}],"button_url":"#demo","button_target_blank":"","button_nofollow":"","attributes":[{"name":"Instaluje"},{"name":"Czu\u0142y"},{"name":"Kompatybilne przegl\u0105darki"}],"tags":[],"tags_disable_links":"","hide_more_platforms":"","video_object":"","demo_hide_cta":"","demo_hide_cloud_options":"","pricing_title":"","pricing":[{"pricing_icon":"platform","pricing_title":"Elfsight Apps","pricing_title_caption":"Wieloplatformowe rozwi\u0105zanie cyfrowe, kt\u00f3re pasuje do ka\u017cdej witryny","pricing_price":"od 0 USD \/ miesi\u0105c","pricing_price_caption":"zacznij od bezp\u0142atnego planu","pricing_benefits":[{"text":"Nielimitowane domeny"},{"text":"Ca\u0142odobowe i terminowe wsparcie"},{"text":"Bezp\u0142atna us\u0142uga monta\u017cu"},{"text":"W pe\u0142ni konfigurowalny"}],"pricing_button_text":"Dodaj do witryny","pricing_button_url":"#demo"}],"related_apps_title":"","related_apps_hidden":"","author":"","image":[],"title":"","job":"","social_networks":[]},"_links":{"self":[{"href":"https:\/\/elfsight.com\/pl\/wp-json\/wp\/v2\/pages\/6991","targetHints":{"allow":["GET"]}}],"collection":[{"href":"https:\/\/elfsight.com\/pl\/wp-json\/wp\/v2\/pages"}],"about":[{"href":"https:\/\/elfsight.com\/pl\/wp-json\/wp\/v2\/types\/page"}],"author":[{"embeddable":true,"href":"https:\/\/elfsight.com\/pl\/wp-json\/wp\/v2\/users\/9"}],"replies":[{"embeddable":true,"href":"https:\/\/elfsight.com\/pl\/wp-json\/wp\/v2\/comments?post=6991"}],"version-history":[{"count":1,"href":"https:\/\/elfsight.com\/pl\/wp-json\/wp\/v2\/pages\/6991\/revisions"}],"predecessor-version":[{"id":6995,"href":"https:\/\/elfsight.com\/pl\/wp-json\/wp\/v2\/pages\/6991\/revisions\/6995"}],"up":[{"embeddable":true,"href":"https:\/\/elfsight.com\/pl\/wp-json\/wp\/v2\/pages\/3374"}],"wp:attachment":[{"href":"https:\/\/elfsight.com\/pl\/wp-json\/wp\/v2\/media?parent=6991"}],"curies":[{"name":"wp","href":"https:\/\/api.w.org\/{rel}","templated":true}]}}