{"id":6990,"date":"1970-01-01T00:00:00","date_gmt":"1970-01-01T00:00:00","guid":{"rendered":"https:\/\/elfsight.com\/pl\/?page_id=6990"},"modified":"2024-10-24T13:19:21","modified_gmt":"2024-10-24T13:19:21","slug":"jimdo","status":"publish","type":"page","link":"https:\/\/elfsight.com\/pl\/tumblr-feed-widget\/jimdo\/","title":{"rendered":"Tumblr Feed &#8211; Jimdo"},"content":{"rendered":"<div class=\"application-platform-content-item-description application-platform-content-item\" id=\"description\" data-nav-section=\"description\"><h2>Opis<\/h2> <p>Kana\u0142 Tumblr Elfsight dla Jimdo to wid\u017cet, kt\u00f3rego zadaniem jest pomaganie Ci we wszystkich bie\u017c\u0105cych wymaganiach dotycz\u0105cych uzyskiwania wy\u015bwietle\u0144 i \u017c\u0105da\u0144 od klient\u00f3w w Twojej witrynie. Poka\u017c potrzebne komponenty do wype\u0142nienia, wybierz \u017c\u0105dany szablon i dostosuj interfejs tak, aby maksymalnie zmotywowa\u0107 Twoich klient\u00f3w do pozostawienia zapyta\u0144 o us\u0142ugi Twojej firmy. Nasz kana\u0142 Tumblr zosta\u0142 stworzony tak, aby spe\u0142nia\u0107 wszystkie Twoje potrzeby w zakresie otrzymywania opinii i pozostawania w sta\u0142ym kontakcie z klientami.<\/p><p><b>Dzi\u0119ki kana\u0142owi Tumblr mo\u017cesz szybciej rozwija\u0107 dzia\u0142alno\u015b\u0107 i zwi\u0119ksza\u0107 sprzeda\u017c <\/b><\/p> <\/div> <div class=\"application-platform-content-item-features application-platform-content-item\" id=\"features\" data-nav-section=\"features\"> <h2>Oto lista najwa\u017cniejszych funkcji: <\/h2> <ul><li>Funkcje automatycznego filtrowania i tryb r\u0119cznego moderowania<\/li><li>Auto -tryb moderacji umo\u017cliwiaj\u0105cy p\u0142ynne przesy\u0142anie tre\u015bci<\/li><li>Pi\u0119\u0107 gotowych szablon\u00f3w post\u00f3w z r\u00f3\u017cnymi pozycjami zdj\u0119\u0107, tekstu i zdj\u0119\u0107 autora<\/li><li>Posty wideo odtwarzaj\u0105 si\u0119 automatycznie w trybie wyskakuj\u0105cym<\/li><li>Pozw\u00f3l wy\u015bwietla\u0107 swoje posty w wyskakuj\u0105cym okienku <\/li><li>Dwa warianty reprezentacji post\u00f3w w wyskakuj\u0105cym okienku: suwak i kana\u0142<\/li><\/ul><p><a href=\"#demo\">Poznaj wszystkie ustawienia w pe\u0142ni funkcjonalnej wersji demonstracyjnej<\/a><\/p> <\/div> <div class=\"application-platform-content-item-installation application-platform-content-item\" id=\"installation\" data-nav-section=\"installation\"> <h2>Jak osadzi\u0107 kana\u0142 Tumblr na mojej stronie Jimdo? <\/h2> <p>Wystarczy wykona\u0107 poni\u017csze czynno\u015bci, aby wstawi\u0107 narz\u0119dzie. <\/p> <ol><li><b>Skorzystaj z naszej bezp\u0142atnej wersji demonstracyjnej i zacznij tworzy\u0107 sw\u00f3j unikalny instrument. <\/b><br> Okre\u015bl wybran\u0105 form\u0119 i specyfikacj\u0119 wid\u017cetu i zastosuj zmiany. <\/li> <li><b>Zdob\u0105d\u017a indywidualny kod, kt\u00f3ry pojawi si\u0119 w polu aplikacji Elfsight. <\/b><br> Po wygenerowaniu osobistego wid\u017cetu skopiuj kod osobisty w wy\u015bwietlonym polu i zachowaj go na p\u00f3\u017aniej. <\/li> <li><b>Rozpocznij korzystanie z narz\u0119dzia na stronie internetowej Jimdo. <\/b><br> Zintegruj skopiowany wcze\u015bniej kod ze swoj\u0105 witryn\u0105 i zapisz zmiany. <\/li> <li><b>Gotowe! Osadzanie zosta\u0142o w pe\u0142ni zako\u0144czone. <\/b><br> Przejd\u017a do swojej witryny, aby sprawdzi\u0107, jak dzia\u0142a widget. <\/li><\/ol> <p>W przypadku pyta\u0144 lub komplikacji nie wahaj si\u0119 skontaktowa\u0107 z naszym zespo\u0142em obs\u0142ugi klienta. Nasi specjali\u015bci ch\u0119tnie odpowiedz\u0105 na wszystkie pytania dotycz\u0105ce produktu. <\/p> <\/div><div class=\"faq\" data-component=\"FAQ\"><div class=\"faq-item\">\r\n\t\t\t\t\t<div class=\"faq-item-question\">\r\n\t\t\t\t\t\t<h3 class=\"faq-item-question-text\">Czy istnieje mo\u017cliwo\u015b\u0107 osadzenia kana\u0142u Tumblr na mojej stronie internetowej Jimdo bez do\u015bwiadczenia w programowaniu?<\/h3>\r\n\r\n\t\t\t\t\t\t<div class=\"faq-item-question-icon\"><\/div>\r\n\t\t\t\t\t<\/div>\r\n\r\n\t\t\t\t\t<div class=\"faq-item-answer\">\r\n\t\t\t\t\t\t<div class=\"faq-item-answer-text\"><p>Elfsight firma dostarcza rozwi\u0105zanie, kt\u00f3re umo\u017cliwia u\u017cytkownikowi samodzielne utworzenie wtyczki Tumblr Feed, odkryj prosty przewodnik:<\/p><ul><li>Rozpocznij prac\u0119 bezpo\u015brednio w edytorze online, aby utworzy\u0107 aplikacj\u0119 Tumblr Feed, kt\u00f3r\u0105 chcesz zintegrowa\u0107 z Jimdo. <\/li><li>Kliknij jeden z gotowych szablon\u00f3w i zmodyfikuj ustawienia kana\u0142u Tumblr, dodaj tre\u015b\u0107, zmie\u0144 uk\u0142ad i kolory bez kodowania.<\/li><li>Kliknij, aby zapisa\u0107 kana\u0142 Tumblr i uzyska\u0107 kod wtyczki do instalacji, kt\u00f3r\u0105 mo\u017cesz \u0142atwo i bezp\u0142atnie doda\u0107 do swojej strony g\u0142\u00f3wnej Jimdo.<\/li><\/ul><p>Za pomoc\u0105 naszego przyjaznego dla u\u017cytkownika konfiguratora ka\u017cdy u\u017cytkownik sieci mo\u017ce wygenerowa\u0107 sekcj\u0119 Kana\u0142 Tumblr i wklei\u0107 j\u0105 na stron\u0119 g\u0142\u00f3wn\u0105 Jimdo. Nie nale\u017cy p\u0142aci\u0107 ani podawa\u0107 danych swojej karty, aby uzyska\u0107 dost\u0119p do Edytora. Je\u015bli napotkasz jakiekolwiek problemy, nie wahaj si\u0119 skontaktowa\u0107 z naszym personelem pomocy technicznej.<\/p><\/div>\r\n\t\t\t\t\t<\/div>\r\n\t\t\t\t<\/div><\/div>","protected":false},"excerpt":{"rendered":"","protected":false},"author":9,"featured_media":0,"parent":3374,"menu_order":0,"comment_status":"closed","ping_status":"closed","template":"templates\/template-application-platform.php","meta":{"publish_to_discourse":"","publish_post_category":"","wpdc_auto_publish_overridden":"","wpdc_topic_tags":"","wpdc_pin_topic":"","wpdc_pin_until":"","discourse_post_id":"","discourse_permalink":"","wpdc_publishing_response":"","wpdc_publishing_error":"","footnotes":""},"class_list":["post-6990","page","type-page","status-publish","hentry"],"yoast_head":"<!-- This site is optimized with the Yoast SEO plugin v25.3.1 - https:\/\/yoast.com\/wordpress\/plugins\/seo\/ -->\n<title>Dodaj wtyczk\u0119 Tumblr Feed do strony Jimdo (szybko i bezp\u0142atnie)<\/title>\n<meta name=\"description\" content=\"Umie\u015b\u0107 wtyczk\u0119 Jimdo Tumblr Feed na swojej stronie. Skorzystaj z por\u0119cznej wersji demonstracyjnej Elfsight i utw\u00f3rz niesamowit\u0105 wtyczk\u0119 Tumblr w ci\u0105gu zaledwie kilku minut\" \/>\n<meta name=\"robots\" content=\"index, follow, max-snippet:-1, max-image-preview:large, max-video-preview:-1\" \/>\n<link rel=\"canonical\" href=\"https:\/\/elfsight.com\/pl\/tumblr-feed-widget\/jimdo\/\" \/>\n<meta property=\"og:locale\" content=\"pl_PL\" \/>\n<meta property=\"og:type\" content=\"article\" \/>\n<meta property=\"og:title\" content=\"Dodaj wtyczk\u0119 Tumblr Feed do strony Jimdo (szybko i bezp\u0142atnie)\" \/>\n<meta property=\"og:description\" content=\"Umie\u015b\u0107 wtyczk\u0119 Jimdo Tumblr Feed na swojej stronie. Skorzystaj z por\u0119cznej wersji demonstracyjnej Elfsight i utw\u00f3rz niesamowit\u0105 wtyczk\u0119 Tumblr w ci\u0105gu zaledwie kilku minut\" \/>\n<meta property=\"og:url\" content=\"https:\/\/elfsight.com\/pl\/tumblr-feed-widget\/jimdo\/\" \/>\n<meta property=\"og:site_name\" content=\"Elfsight PL\" \/>\n<meta property=\"article:modified_time\" content=\"2024-10-24T13:19:21+00:00\" \/>\n<meta name=\"twitter:card\" content=\"summary_large_image\" \/>\n<meta name=\"twitter:label1\" content=\"Szacowany czas czytania\" \/>\n\t<meta name=\"twitter:data1\" content=\"3 minuty\" \/>\n<!-- \/ Yoast SEO plugin. -->","yoast_head_json":{"title":"Dodaj wtyczk\u0119 Tumblr Feed do strony Jimdo (szybko i bezp\u0142atnie)","description":"Umie\u015b\u0107 wtyczk\u0119 Jimdo Tumblr Feed na swojej stronie. Skorzystaj z por\u0119cznej wersji demonstracyjnej Elfsight i utw\u00f3rz niesamowit\u0105 wtyczk\u0119 Tumblr w ci\u0105gu zaledwie kilku minut","robots":{"index":"index","follow":"follow","max-snippet":"max-snippet:-1","max-image-preview":"max-image-preview:large","max-video-preview":"max-video-preview:-1"},"canonical":"https:\/\/elfsight.com\/pl\/tumblr-feed-widget\/jimdo\/","og_locale":"pl_PL","og_type":"article","og_title":"Dodaj wtyczk\u0119 Tumblr Feed do strony Jimdo (szybko i bezp\u0142atnie)","og_description":"Umie\u015b\u0107 wtyczk\u0119 Jimdo Tumblr Feed na swojej stronie. Skorzystaj z por\u0119cznej wersji demonstracyjnej Elfsight i utw\u00f3rz niesamowit\u0105 wtyczk\u0119 Tumblr w ci\u0105gu zaledwie kilku minut","og_url":"https:\/\/elfsight.com\/pl\/tumblr-feed-widget\/jimdo\/","og_site_name":"Elfsight PL","article_modified_time":"2024-10-24T13:19:21+00:00","twitter_card":"summary_large_image","twitter_misc":{"Szacowany czas czytania":"3 minuty"},"schema":{"@context":"https:\/\/schema.org","@graph":[{"@type":"WebPage","@id":"https:\/\/elfsight.com\/pl\/tumblr-feed-widget\/jimdo\/","url":"https:\/\/elfsight.com\/pl\/tumblr-feed-widget\/jimdo\/","name":"Dodaj wtyczk\u0119 Tumblr Feed do strony Jimdo (szybko i bezp\u0142atnie)","isPartOf":{"@id":"https:\/\/elfsight.com\/pl\/#website"},"datePublished":"1970-01-01T00:00:00+00:00","dateModified":"2024-10-24T13:19:21+00:00","description":"Umie\u015b\u0107 wtyczk\u0119 Jimdo Tumblr Feed na swojej stronie. Skorzystaj z por\u0119cznej wersji demonstracyjnej Elfsight i utw\u00f3rz niesamowit\u0105 wtyczk\u0119 Tumblr w ci\u0105gu zaledwie kilku minut","breadcrumb":{"@id":"https:\/\/elfsight.com\/pl\/tumblr-feed-widget\/jimdo\/#breadcrumb"},"inLanguage":"pl-PL","potentialAction":[{"@type":"ReadAction","target":["https:\/\/elfsight.com\/pl\/tumblr-feed-widget\/jimdo\/"]}]},{"@type":"BreadcrumbList","@id":"https:\/\/elfsight.com\/pl\/tumblr-feed-widget\/jimdo\/#breadcrumb","itemListElement":[{"@type":"ListItem","position":1,"name":"Home","item":"https:\/\/elfsight.com\/pl\/"},{"@type":"ListItem","position":2,"name":"Tumblr Feed","item":"https:\/\/elfsight.com\/pl\/tumblr-feed-widget\/"},{"@type":"ListItem","position":3,"name":"Tumblr Feed &#8211; Jimdo"}]},{"@type":"WebSite","@id":"https:\/\/elfsight.com\/pl\/#website","url":"https:\/\/elfsight.com\/pl\/","name":"Elfsight PL","description":"Just another Elfsight Sites site","potentialAction":[{"@type":"SearchAction","target":{"@type":"EntryPoint","urlTemplate":"https:\/\/elfsight.com\/pl\/?s={search_term_string}"},"query-input":{"@type":"PropertyValueSpecification","valueRequired":true,"valueName":"search_term_string"}}],"inLanguage":"pl-PL"}]}},"meta_box":{"industry":"","seo_heading":"","heading":"","description":"","cta_heading":"","cta_description":"","application":"3346","h1":"Wid\u017cet kana\u0142u Jimdo Tumblr","h1_caption":"Wy\u015bwietlaj posty ze swojego bloga tumblr na swojej stronie internetowej, aby bez wysi\u0142ku informowa\u0107 odwiedzaj\u0105cych o najnowszych tre\u015bciach na Twojej stronie Jimdo.","application_category":[],"applications_title":"","applications_request_title":"","applications_request_button_text":"","hero_text":"","hero_video":"","hero_video_schema_markup":"","selling_points_title":"","selling_points_caption":"","selling_points":[],"selling_points_cta_text":"","features_title":"","features":"","ed_cta_examples_text":"","ed_cta_examples_hidden":"","ed_cta_demo_text":"","ed_cta_demo_hidden":"","why_caption":"","why_editor_title":"","why_editor_text":"","why_team_title":"","why_team_text":"","why_service_title":"","why_service_text":"","template_catalog_visible":"","template_catalog_title":"","template_catalog_text":"","template_catalog_categories_visible":"","demo_title":"Nie wahaj si\u0119 i utw\u00f3rz kana\u0142 Jimdo Tumblr","demo_caption":"Dostosuj wid\u017cet i zaimplementuj go na swojej stronie g\u0142\u00f3wnej z wersji demonstracyjnej na \u017cywo.","default_faq_hidden":"","app_template_category":[],"platform":"193","template_public_id":"","codecanyon_url":"","codecanyon_item_id":"","codecanyon_price":"","pricing_caption":"","pricing_elfsight_apps_hide_column":"","pricing_elfsight_apps_url":"","pricing_codecanyon_price_caption":"","integration_category":[],"integration_request_title":"","integration_request_cta":"","integration_platform":"","integrations":[],"platform_category":[],"video_schema_markup":"","price":"od 0 USD \/ miesi\u0105c","trial":"","benefits":[{"text":"Bezp\u0142atna pomoc w monta\u017cu"},{"text":"Profesjonalna obs\u0142uga klienta"},{"text":"14-dniowa gwarancja zwrotu pieni\u0119dzy"}],"button_url":"#demo","button_target_blank":"","button_nofollow":"","attributes":[{"name":"Instaluje"},{"name":"Czu\u0142y"},{"name":"Kompatybilne przegl\u0105darki"}],"tags":[],"tags_disable_links":"","hide_more_platforms":"","video_object":"","demo_hide_cta":"","demo_hide_cloud_options":"","pricing_title":"","pricing":[{"pricing_icon":"platform","pricing_title":"Elfsight Apps","pricing_title_caption":"Wieloplatformowe rozwi\u0105zanie cyfrowe","pricing_price":"od 0 USD \/ miesi\u0105c","pricing_price_caption":"zacznij od bezp\u0142atnego planu","pricing_benefits":[{"text":"Nielimitowane domeny"},{"text":"Ca\u0142odobowe i terminowe wsparcie"},{"text":"Bezp\u0142atna pomoc w monta\u017cu"},{"text":"Elastyczny projekt"}],"pricing_button_text":"Dodaj do witryny","pricing_button_url":"#demo"}],"related_apps_title":"","related_apps_hidden":"","author":"","image":[],"title":"","job":"","social_networks":[]},"_links":{"self":[{"href":"https:\/\/elfsight.com\/pl\/wp-json\/wp\/v2\/pages\/6990","targetHints":{"allow":["GET"]}}],"collection":[{"href":"https:\/\/elfsight.com\/pl\/wp-json\/wp\/v2\/pages"}],"about":[{"href":"https:\/\/elfsight.com\/pl\/wp-json\/wp\/v2\/types\/page"}],"author":[{"embeddable":true,"href":"https:\/\/elfsight.com\/pl\/wp-json\/wp\/v2\/users\/9"}],"replies":[{"embeddable":true,"href":"https:\/\/elfsight.com\/pl\/wp-json\/wp\/v2\/comments?post=6990"}],"version-history":[{"count":1,"href":"https:\/\/elfsight.com\/pl\/wp-json\/wp\/v2\/pages\/6990\/revisions"}],"predecessor-version":[{"id":6994,"href":"https:\/\/elfsight.com\/pl\/wp-json\/wp\/v2\/pages\/6990\/revisions\/6994"}],"up":[{"embeddable":true,"href":"https:\/\/elfsight.com\/pl\/wp-json\/wp\/v2\/pages\/3374"}],"wp:attachment":[{"href":"https:\/\/elfsight.com\/pl\/wp-json\/wp\/v2\/media?parent=6990"}],"curies":[{"name":"wp","href":"https:\/\/api.w.org\/{rel}","templated":true}]}}