{"id":6982,"date":"1970-01-01T00:00:00","date_gmt":"1970-01-01T00:00:00","guid":{"rendered":"https:\/\/elfsight.com\/pl\/?page_id=6982"},"modified":"2024-11-14T12:40:39","modified_gmt":"2024-11-14T12:40:39","slug":"html","status":"publish","type":"page","link":"https:\/\/elfsight.com\/pl\/tripadvisor-reviews-widget\/html\/","title":{"rendered":"Tripadvisor Reviews &#8211; HTML"},"content":{"rendered":"<div class=\"application-platform-content-item-description application-platform-content-item\" id=\"description\" data-nav-section=\"description\"> <h2>Opis<\/h2><p>Elfsight Recenzje Tripadvisor to przydatny widget, kt\u00f3ry umo\u017cliwia wy\u015bwietlanie w witrynie recenzji u\u017cytkownik\u00f3w na temat Twojej firmy z serwisu Tripadvisor. Za pomoc\u0105 tego wid\u017cetu mo\u017cesz ukry\u0107 niechciane recenzje, doda\u0107 swoje oceny w postaci gwiazdek i liczb na Tripadvisor, wy\u015bwietli\u0107 informacje o autorach recenzji oraz zintegrowa\u0107 przycisk, kt\u00f3ry pomo\u017ce odwiedzaj\u0105cym napisa\u0107 jeszcze jedn\u0105 recenzj\u0119 na Tripadvisor. Wid\u017cet recenzji serwisu Tripadvisor Elfsight pomo\u017ce Ci zaprezentowa\u0107 w witrynie doskona\u0142y dow\u00f3d spo\u0142eczny i zwi\u0119kszy\u0107 sprzeda\u017c. <\/p><div class=\"faq\" data-component=\"FAQ\"> <div class=\"faq-item\">\r\n\t\t\t\t\t<div class=\"faq-item-question\">\r\n\t\t\t\t\t\t<h3 class=\"faq-item-question-text\">Gdzie w mojej witrynie mog\u0119 wy\u015bwietli\u0107 t\u0119 wtyczk\u0119<\/h3>\r\n\r\n\t\t\t\t\t\t<div class=\"faq-item-question-icon\"><\/div>\r\n\t\t\t\t\t<\/div>\r\n\r\n\t\t\t\t\t<div class=\"faq-item-answer\">\r\n\t\t\t\t\t\t<div class=\"faq-item-answer-text\"> <p>Mo\u017cesz doda\u0107 wid\u017cet na dowolnej stronie swojej witryny lub umie\u015bci\u0107 go w szablonie witryny, a pojawi si\u0119 na wszystkich stronach. Recenzje mog\u0105 dobrze wygl\u0105da\u0107 na stronach produkt\u00f3w lub na stronie O nas, gdzie chcesz pokaza\u0107 swoj\u0105 wysok\u0105 ocen\u0119. <\/p><\/div>\r\n\t\t\t\t\t<\/div>\r\n\t\t\t\t<\/div> <div class=\"faq-item\">\r\n\t\t\t\t\t<div class=\"faq-item-question\">\r\n\t\t\t\t\t\t<h3 class=\"faq-item-question-text\">Jakie s\u0105 dla mnie zalety posiadania tej wtyczki? <\/h3>\r\n\r\n\t\t\t\t\t\t<div class=\"faq-item-question-icon\"><\/div>\r\n\t\t\t\t\t<\/div>\r\n\r\n\t\t\t\t\t<div class=\"faq-item-answer\">\r\n\t\t\t\t\t\t<div class=\"faq-item-answer-text\"> <p>Recenzje zamieszczane przez prawdziwych ludzi wydaj\u0105 si\u0119 maksymalnie wiarygodne dla klient\u00f3w Twojej witryny i pokazuj\u0105 im, \u017ce Twoja firma jest niezawodna. Wysoka ocena i pozytywne wy\u015bwietlenia mog\u0105 pom\u00f3c w podniesieniu poziomu zakup\u00f3w w Twojej witrynie. Ponadto przycisk przekierowania mo\u017ce przyczyni\u0107 si\u0119 do pojawienia si\u0119 wi\u0119kszej liczby recenzji klient\u00f3w na temat Twojej firmy na Tripadvisor. <\/p> <\/div>\r\n\t\t\t\t\t<\/div>\r\n\t\t\t\t<\/div> <div class=\"faq-item\">\r\n\t\t\t\t\t<div class=\"faq-item-question\">\r\n\t\t\t\t\t\t<h3 class=\"faq-item-question-text\">Jak osadzi\u0107 recenzje z wid\u017cetu Tripadvisor w mojej witrynie HTML? <\/h3>\r\n\r\n\t\t\t\t\t\t<div class=\"faq-item-question-icon\"><\/div>\r\n\t\t\t\t\t<\/div>\r\n\r\n\t\t\t\t\t<div class=\"faq-item-answer\">\r\n\t\t\t\t\t\t<div class=\"faq-item-answer-text\"> <p>Aby osadzi\u0107 wid\u017cet, potrzebujesz tylko jednej minuty. Jest bardzo szybki, darmowy i nie wymaga kodowania. <\/p> <p>Widget mo\u017cesz zintegrowa\u0107 ze stron\u0105 internetow\u0105 za po\u015brednictwem naszego serwisu. Po prostu wykonaj czynno\u015bci opisane w instrukcjach znajduj\u0105cych si\u0119 na tej stronie. <\/p> <\/div>\r\n\t\t\t\t\t<\/div>\r\n\t\t\t\t<\/div> <\/div> <\/div> <div class=\"application-platform-content-item-features application-platform-content-item\" id=\"features\" data-nav-section=\"features\"> <h2>Funkcje<\/h2> <p>Aby zapewni\u0107 Ci ja\u015bniejszy obraz wid\u017cetu Recenzje, stworzyli\u015bmy list\u0119 jego najcenniejszych cech. Sprawiaj\u0105, \u017ce ten widget jest maksymalnie efektywny dla Twojego sklepu: <\/p> <ul> <li>Trzy gotowe do u\u017cycia filtry: wed\u0142ug typu, wykluczania i ilo\u015bci wy\u015bwietlanych recenzji; <\/li> <li>Cztery gotowe do u\u017cycia uk\u0142ady: Lista, Siatka, Mur i Suwak; <\/li> <li>Mo\u017cliwo\u015b\u0107 kontrolowania wy\u015bwietlania nag\u0142\u00f3wka wid\u017cetu; <\/li> <li>Przycisk pro\u015bby o recenzj\u0119 przenosi u\u017cytkownik\u00f3w na stron\u0119 Tripadvisor; <\/li> <li>6 dostosowywalnych element\u00f3w interfejsu: imi\u0119 i nazwisko autora oraz zdj\u0119cie, rekomendacja, data, ikona Tripadvisor i liczba gwiazdek; <\/li> <li>Dwie mo\u017cliwo\u015bci odrzucenia pro\u015bby o sprawdzenie: wy\u015bwietl wiadomo\u015b\u0107 lub ukryj przycisk. <\/li> <\/ul><p><a href=\"#demo\">Dowiedz si\u0119 wi\u0119cej o funkcjach w wersji demonstracyjnej na \u017cywo<\/a><\/p> <\/div> <div class=\"application-platform-content-item-installation application-platform-content-item\" id=\"installation\" data-nav-section=\"installation\"> <h2> Jak doda\u0107 recenzje Tripadvisor do swojej witryny HTML<\/h2> <div class=\"video-container\"><iframe width=\"720\" height=\"405\" src=\"https:\/\/www.youtube.com\/embed\/QeUsszGgpws\" frameborder=\"0\" allowfullscreen=\"\"><\/iframe><\/div><p>Te kilka krok\u00f3w to jedyne, co musisz wy\u015bwietli\u0107. <\/p> <ul><li><b>Zaprojektuj spersonalizowany wid\u017cet Tripadvisor<\/b><br> Korzystaj\u0105c z naszego bezp\u0142atnego edytora, utw\u00f3rz wtyczk\u0119 z najbardziej odpowiednimi opcjami uk\u0142adu i interfejsu. <\/li><li><b>Odbierz osobisty kod do skonfigurowania wtyczki<\/b><br> Po ustawieniu wid\u017cetu otrzymasz sw\u00f3j osobisty kod z powiadomienia, kt\u00f3re pojawi si\u0119 w aplikacji Elfsight. Skopiuj to. <\/li> <li><b>Dodaj wtyczk\u0119 na swojej stronie<\/b><br> Wybierz miejsce, w kt\u00f3rym chcesz zintegrowa\u0107 wtyczk\u0119 i wklej tam zapisany kod. Opublikuj zmiany. <\/li> <li><b>Instalacja zosta\u0142a uko\u0144czona<\/b><br> Przejd\u017a do swojej witryny i zobacz swoje recenzje. <\/li> <\/ul><p>Nadal masz w\u0105tpliwo\u015bci? Albo natkn\u0105\u0142e\u015b si\u0119 na co\u015b? Po prostu wy\u015blij zapytanie do naszego dzia\u0142u obs\u0142ugi klienta, a my pomo\u017cemy w przypadku jakichkolwiek problem\u00f3w. <\/p> <\/div><p><\/p>","protected":false},"excerpt":{"rendered":"","protected":false},"author":9,"featured_media":0,"parent":1223,"menu_order":0,"comment_status":"closed","ping_status":"closed","template":"templates\/template-application-platform.php","meta":{"publish_to_discourse":"","publish_post_category":"","wpdc_auto_publish_overridden":"","wpdc_topic_tags":"","wpdc_pin_topic":"","wpdc_pin_until":"","discourse_post_id":"","discourse_permalink":"","wpdc_publishing_response":"","wpdc_publishing_error":"","footnotes":""},"class_list":["post-6982","page","type-page","status-publish","hentry"],"yoast_head":"<!-- This site is optimized with the Yoast SEO plugin v25.3.1 - https:\/\/yoast.com\/wordpress\/plugins\/seo\/ -->\n<title>Umie\u015b\u0107 wid\u017cet recenzji Tripadvisor na swojej witrynie HTML (w 2 minuty)<\/title>\n<meta name=\"description\" content=\"Masz szans\u0119 ukszta\u0142towa\u0107 wid\u017cet recenzji Tripadvisor i doda\u0107 go do swojej witryny HTML. B\u0119dziesz cieszy\u0107 si\u0119 bezp\u0142atn\u0105 obs\u0142ug\u0105 klienta i innymi korzy\u015bciami od Elfsight.\" \/>\n<meta name=\"robots\" content=\"index, follow, max-snippet:-1, max-image-preview:large, max-video-preview:-1\" \/>\n<link rel=\"canonical\" href=\"https:\/\/elfsight.com\/pl\/tripadvisor-reviews-widget\/html\/\" \/>\n<meta property=\"og:locale\" content=\"pl_PL\" \/>\n<meta property=\"og:type\" content=\"article\" \/>\n<meta property=\"og:title\" content=\"Umie\u015b\u0107 wid\u017cet recenzji Tripadvisor na swojej witrynie HTML (w 2 minuty)\" \/>\n<meta property=\"og:description\" content=\"Masz szans\u0119 ukszta\u0142towa\u0107 wid\u017cet recenzji Tripadvisor i doda\u0107 go do swojej witryny HTML. B\u0119dziesz cieszy\u0107 si\u0119 bezp\u0142atn\u0105 obs\u0142ug\u0105 klienta i innymi korzy\u015bciami od Elfsight.\" \/>\n<meta property=\"og:url\" content=\"https:\/\/elfsight.com\/pl\/tripadvisor-reviews-widget\/html\/\" \/>\n<meta property=\"og:site_name\" content=\"Elfsight PL\" \/>\n<meta property=\"article:modified_time\" content=\"2024-11-14T12:40:39+00:00\" \/>\n<meta name=\"twitter:card\" content=\"summary_large_image\" \/>\n<meta name=\"twitter:label1\" content=\"Szacowany czas czytania\" \/>\n\t<meta name=\"twitter:data1\" content=\"3 minuty\" \/>\n<!-- \/ Yoast SEO plugin. -->","yoast_head_json":{"title":"Umie\u015b\u0107 wid\u017cet recenzji Tripadvisor na swojej witrynie HTML (w 2 minuty)","description":"Masz szans\u0119 ukszta\u0142towa\u0107 wid\u017cet recenzji Tripadvisor i doda\u0107 go do swojej witryny HTML. B\u0119dziesz cieszy\u0107 si\u0119 bezp\u0142atn\u0105 obs\u0142ug\u0105 klienta i innymi korzy\u015bciami od Elfsight.","robots":{"index":"index","follow":"follow","max-snippet":"max-snippet:-1","max-image-preview":"max-image-preview:large","max-video-preview":"max-video-preview:-1"},"canonical":"https:\/\/elfsight.com\/pl\/tripadvisor-reviews-widget\/html\/","og_locale":"pl_PL","og_type":"article","og_title":"Umie\u015b\u0107 wid\u017cet recenzji Tripadvisor na swojej witrynie HTML (w 2 minuty)","og_description":"Masz szans\u0119 ukszta\u0142towa\u0107 wid\u017cet recenzji Tripadvisor i doda\u0107 go do swojej witryny HTML. B\u0119dziesz cieszy\u0107 si\u0119 bezp\u0142atn\u0105 obs\u0142ug\u0105 klienta i innymi korzy\u015bciami od Elfsight.","og_url":"https:\/\/elfsight.com\/pl\/tripadvisor-reviews-widget\/html\/","og_site_name":"Elfsight PL","article_modified_time":"2024-11-14T12:40:39+00:00","twitter_card":"summary_large_image","twitter_misc":{"Szacowany czas czytania":"3 minuty"},"schema":{"@context":"https:\/\/schema.org","@graph":[{"@type":"WebPage","@id":"https:\/\/elfsight.com\/pl\/tripadvisor-reviews-widget\/html\/","url":"https:\/\/elfsight.com\/pl\/tripadvisor-reviews-widget\/html\/","name":"Umie\u015b\u0107 wid\u017cet recenzji Tripadvisor na swojej witrynie HTML (w 2 minuty)","isPartOf":{"@id":"https:\/\/elfsight.com\/pl\/#website"},"datePublished":"1970-01-01T00:00:00+00:00","dateModified":"2024-11-14T12:40:39+00:00","description":"Masz szans\u0119 ukszta\u0142towa\u0107 wid\u017cet recenzji Tripadvisor i doda\u0107 go do swojej witryny HTML. B\u0119dziesz cieszy\u0107 si\u0119 bezp\u0142atn\u0105 obs\u0142ug\u0105 klienta i innymi korzy\u015bciami od Elfsight.","breadcrumb":{"@id":"https:\/\/elfsight.com\/pl\/tripadvisor-reviews-widget\/html\/#breadcrumb"},"inLanguage":"pl-PL","potentialAction":[{"@type":"ReadAction","target":["https:\/\/elfsight.com\/pl\/tripadvisor-reviews-widget\/html\/"]}]},{"@type":"BreadcrumbList","@id":"https:\/\/elfsight.com\/pl\/tripadvisor-reviews-widget\/html\/#breadcrumb","itemListElement":[{"@type":"ListItem","position":1,"name":"Home","item":"https:\/\/elfsight.com\/pl\/"},{"@type":"ListItem","position":2,"name":"Tripadvisor Reviews","item":"https:\/\/elfsight.com\/pl\/tripadvisor-reviews-widget\/"},{"@type":"ListItem","position":3,"name":"Tripadvisor Reviews &#8211; HTML"}]},{"@type":"WebSite","@id":"https:\/\/elfsight.com\/pl\/#website","url":"https:\/\/elfsight.com\/pl\/","name":"Elfsight PL","description":"Just another Elfsight Sites site","potentialAction":[{"@type":"SearchAction","target":{"@type":"EntryPoint","urlTemplate":"https:\/\/elfsight.com\/pl\/?s={search_term_string}"},"query-input":{"@type":"PropertyValueSpecification","valueRequired":true,"valueName":"search_term_string"}}],"inLanguage":"pl-PL"}]}},"meta_box":{"industry":"","seo_heading":"","heading":"","description":"","cta_heading":"","cta_description":"","application":"1222","h1":"Wid\u017cet HTML z recenzjami Tripadvisor","h1_caption":"Wy\u015bwietlaj w swojej witrynie najbardziej kusz\u0105ce recenzje klient\u00f3w z serwisu Tripadvisor","application_category":[],"applications_title":"","applications_request_title":"","applications_request_button_text":"","hero_text":"","hero_video":"","hero_video_schema_markup":"","selling_points_title":"","selling_points_caption":"","selling_points":[],"selling_points_cta_text":"","features_title":"","features":"","ed_cta_examples_text":"","ed_cta_examples_hidden":"","ed_cta_demo_text":"","ed_cta_demo_hidden":"","why_caption":"","why_editor_title":"","why_editor_text":"","why_team_title":"","why_team_text":"","why_service_title":"","why_service_text":"","template_catalog_visible":"","template_catalog_title":"","template_catalog_text":"","template_catalog_categories_visible":"","demo_title":"Utw\u00f3rz wid\u017cet recenzji Tripadvisor","demo_caption":"Skonfiguruj recenzje na Tripadvisor i bezp\u0142atnie dodaj je do swojej witryny HTML!","default_faq_hidden":"","app_template_category":[],"platform":"50","template_public_id":"","codecanyon_url":"","codecanyon_item_id":"","codecanyon_price":"","pricing_caption":"","pricing_elfsight_apps_hide_column":"","pricing_elfsight_apps_url":"","pricing_codecanyon_price_caption":"","integration_category":[],"integration_request_title":"","integration_request_cta":"","integration_platform":"","integrations":[],"platform_category":[],"video_schema_markup":"","price":"od 0 USD \/ miesi\u0105c","trial":"","benefits":[{"text":"Bezp\u0142atna pomoc w instalacji"},{"text":"Profesjonalna obs\u0142uga klienta"},{"text":"14-dniowa gwarancja zwrotu pieni\u0119dzy"}],"button_url":"#demo","button_target_blank":"","button_nofollow":"","attributes":[{"name":"Instaluje"},{"name":"Czu\u0142y"},{"name":"Kompatybilne przegl\u0105darki"}],"tags":[],"tags_disable_links":"","hide_more_platforms":"","video_object":"","demo_hide_cta":"","demo_hide_cloud_options":"","pricing_title":"","pricing":[{"pricing_icon":"platform","pricing_title":"Elfsight Apps","pricing_title_caption":"Wersja wieloplatformowa, kt\u00f3ra dzia\u0142a na ka\u017cdej stronie internetowej","pricing_price":"od 0 USD \/ miesi\u0105c","pricing_price_caption":"zacznij od bezp\u0142atnego planu","pricing_benefits":[{"text":"Nielimitowane domeny"},{"text":"Wsparcie firmy premium"},{"text":"Bezp\u0142atna pomoc w monta\u017cu"},{"text":"Specjalna oferta na wiele aplikacji"}],"pricing_button_text":"Dodaj do witryny","pricing_button_url":"#demo"}],"related_apps_title":"","related_apps_hidden":"","author":"","image":[],"title":"","job":"","social_networks":[]},"_links":{"self":[{"href":"https:\/\/elfsight.com\/pl\/wp-json\/wp\/v2\/pages\/6982","targetHints":{"allow":["GET"]}}],"collection":[{"href":"https:\/\/elfsight.com\/pl\/wp-json\/wp\/v2\/pages"}],"about":[{"href":"https:\/\/elfsight.com\/pl\/wp-json\/wp\/v2\/types\/page"}],"author":[{"embeddable":true,"href":"https:\/\/elfsight.com\/pl\/wp-json\/wp\/v2\/users\/9"}],"replies":[{"embeddable":true,"href":"https:\/\/elfsight.com\/pl\/wp-json\/wp\/v2\/comments?post=6982"}],"version-history":[{"count":2,"href":"https:\/\/elfsight.com\/pl\/wp-json\/wp\/v2\/pages\/6982\/revisions"}],"predecessor-version":[{"id":8081,"href":"https:\/\/elfsight.com\/pl\/wp-json\/wp\/v2\/pages\/6982\/revisions\/8081"}],"up":[{"embeddable":true,"href":"https:\/\/elfsight.com\/pl\/wp-json\/wp\/v2\/pages\/1223"}],"wp:attachment":[{"href":"https:\/\/elfsight.com\/pl\/wp-json\/wp\/v2\/media?parent=6982"}],"curies":[{"name":"wp","href":"https:\/\/api.w.org\/{rel}","templated":true}]}}