{"id":6981,"date":"1970-01-01T00:00:00","date_gmt":"1970-01-01T00:00:00","guid":{"rendered":"https:\/\/elfsight.com\/pl\/?page_id=6981"},"modified":"2025-06-24T14:26:24","modified_gmt":"2025-06-24T14:26:24","slug":"shopify","status":"publish","type":"page","link":"https:\/\/elfsight.com\/pl\/tripadvisor-reviews-widget\/shopify\/","title":{"rendered":"Tripadvisor Reviews &#8211; Shopify"},"content":{"rendered":"<div class=\"application-platform-content-item-description application-platform-content-item\" id=\"description\" data-nav-section=\"description\">\n<h2>Umie\u015b\u0107 recenzje Tripadvisor na Shopify za pomoc\u0105 wid\u017cetu Elfsight<\/h2>\n<p>Je\u015bli chcesz wyrazi\u0107 swoje uznanie w\u015br\u00f3d klient\u00f3w i przekona\u0107 odwiedzaj\u0105cych witryn\u0119, \u017ce Twoje oferty s\u0105 warte zakupu, recenzje Elfsight Tripadvisor wykonaj\u0105 to zadanie. Za pomoc\u0105 tego wid\u017cetu mo\u017cesz prezentowa\u0107 recenzje klient\u00f3w z serwisu Tripadvisor na swojej stronie internetowej wraz ze szczeg\u00f3\u0142ami dotycz\u0105cymi ich autor\u00f3w, korzysta\u0107 z filtr\u00f3w, aby wy\u015bwietla\u0107 tylko dobre, wy\u015bwietla\u0107 oceny i aktywny przycisk, kt\u00f3ry poprowadzi ludzi do Twojego konta na Tripadvisor, gdzie mog\u0105 zostawi\u0107 now\u0105 recenzj\u0119. <\/p>\n\n<div class=\"faq\" data-component=\"FAQ\">\n    <div class=\"faq-item\">\r\n\t\t\t\t\t<div class=\"faq-item-question\">\r\n\t\t\t\t\t\t<h3 class=\"faq-item-question-text\">Gdzie mog\u0119 zintegrowa\u0107 wid\u017cet Recenzje<\/h3>\r\n\r\n\t\t\t\t\t\t<div class=\"faq-item-question-icon\"><\/div>\r\n\t\t\t\t\t<\/div>\r\n\r\n\t\t\t\t\t<div class=\"faq-item-answer\">\r\n\t\t\t\t\t\t<div class=\"faq-item-answer-text\">\n    <p>Ten wid\u017cet mo\u017cna umie\u015bci\u0107 na dowolnej stronie internetowej, na kt\u00f3rej chcesz udowodni\u0107 swoj\u0105 wysok\u0105 ocen\u0119 i popularno\u015b\u0107 w\u015br\u00f3d klient\u00f3w. Je\u015bli chcesz, aby wid\u017cet wy\u015bwietla\u0142 si\u0119 na wszystkich stronach serwisu, mo\u017cesz po prostu wprowadzi\u0107 go do szablonu serwisu. <\/p>\n    <\/div>\r\n\t\t\t\t\t<\/div>\r\n\t\t\t\t<\/div>\n\n    <div class=\"faq-item\">\r\n\t\t\t\t\t<div class=\"faq-item-question\">\r\n\t\t\t\t\t\t<h3 class=\"faq-item-question-text\">Jakie korzy\u015bci mog\u0119 odnie\u015b\u0107 dzi\u0119ki wid\u017cetowi Recenzje?<\/h3>\r\n\r\n\t\t\t\t\t\t<div class=\"faq-item-question-icon\"><\/div>\r\n\t\t\t\t\t<\/div>\r\n\r\n\t\t\t\t\t<div class=\"faq-item-answer\">\r\n\t\t\t\t\t\t<div class=\"faq-item-answer-text\">\n    <p>Opinie prawdziwych ludzi wydaj\u0105 si\u0119 maksymalnie wiarygodne dla os\u00f3b odwiedzaj\u0105cych Twoj\u0105 witryn\u0119 i pokazuj\u0105 im, \u017ce mo\u017cna ufa\u0107 Twojej firmie. Wysoka ocena i pozytywne wy\u015bwietlenia mog\u0105 pom\u00f3c zwi\u0119kszy\u0107 liczb\u0119 zakup\u00f3w w Twojej witrynie. Co wi\u0119cej, przycisk przekierowania mo\u017ce przyczyni\u0107 si\u0119 do zwi\u0119kszenia liczby recenzji klient\u00f3w na temat Twoich ofert lub us\u0142ug na Tripadvisor. <\/p>\n    <\/div>\r\n\t\t\t\t\t<\/div>\r\n\t\t\t\t<\/div>\n\n    <div class=\"faq-item\">\r\n\t\t\t\t\t<div class=\"faq-item-question\">\r\n\t\t\t\t\t\t<h3 class=\"faq-item-question-text\">Jak osadzi\u0107 recenzje dotycz\u0105ce wid\u017cetu Tripadvisor w mojej witrynie Shopify?<\/h3>\r\n\r\n\t\t\t\t\t\t<div class=\"faq-item-question-icon\"><\/div>\r\n\t\t\t\t\t<\/div>\r\n\r\n\t\t\t\t\t<div class=\"faq-item-answer\">\r\n\t\t\t\t\t\t<div class=\"faq-item-answer-text\">\n    <p>Aktywacja wid\u017cetu na dowolnej stronie Twojej witryny zajmuje dwie minuty. Ten proces jest naprawd\u0119 szybki, bezp\u0142atny i nie wymaga kodowania. <\/p>\n    <p>Za po\u015brednictwem naszej us\u0142ugi istnieje mo\u017cliwo\u015b\u0107 umieszczenia wid\u017cetu na stronie internetowej. W tym celu zapoznaj si\u0119 z kr\u00f3tkim opisem znajduj\u0105cym si\u0119 poni\u017cej na tej stronie. <\/p>\n    <\/div>\r\n\t\t\t\t\t<\/div>\r\n\t\t\t\t<\/div>\n<\/div>\n<\/div>\n\n<div class=\"application-platform-content-item-features application-platform-content-item\" id=\"features\" data-nav-section=\"features\">\n<h2>G\u0142\u00f3wne funkcje wid\u017cetu recenzji Tripadvisor<\/h2>\n<div class=\"video-container\"><iframe width=\"720\" height=\"405\" src=\"https:\/\/www.youtube.com\/embed\/HZ5JxcMdXL8\" frameborder=\"0\" allowfullscreen=\"\"><\/iframe><\/div>\n<p>Aby zapozna\u0107 si\u0119 z wid\u017cetem, sprawd\u017a list\u0119 jego g\u0142\u00f3wnych funkcji. Dzi\u0119ki nim nasz wid\u017cet jest niezwykle skuteczny w promocji: <\/p>\n<ul>\n    <li>3 dost\u0119pne filtry: wed\u0142ug typu, wykluczenia wed\u0142ug i ilo\u015bci wy\u015bwietlanych recenzji; <\/li>\n    <li>4 typy uk\u0142ad\u00f3w: lista, siatka, mur i suwak; <\/li>\n    <li>W pe\u0142ni elastyczny nag\u0142\u00f3wek wid\u017cetu; <\/li>\n    <li>Przycisk pro\u015bby o recenzj\u0119 przenosi klient\u00f3w na stron\u0119 Tripadvisor; <\/li>\n    <li>Sze\u015b\u0107 regulowanych element\u00f3w interfejsu: imi\u0119 i nazwisko autora i zdj\u0119cie, tekst rekomendacji, data, ikona Tripadvisor i liczba gwiazdek; <\/li>\n    <li>Dwa warianty scenariusza po odrzuceniu pro\u015bby o sprawdzenie: poka\u017c wiadomo\u015b\u0107 lub ukryj przycisk. <\/li>\n<\/ul>\n<ol>\n    <li>Uruchom nasz\u0105 bezp\u0142atn\u0105 wersj\u0119 demonstracyjn\u0105 i zacznij tworzy\u0107 w\u0142asn\u0105 aplikacj\u0119.\n        <br>Znajd\u017a po\u017c\u0105dany interfejs i aspekty aplikacji i zapisz wszystkie poprawki. <\/li>\n    <li>Zdob\u0105d\u017a sw\u00f3j unikalny kod ujawniony w specjalnym formularzu w aplikacjach Elfsight.\n        <br>Po zako\u0144czeniu konfiguracji aplikacji osobistej skopiuj kod w wy\u015bwietlonym oknie i zapisz go na p\u00f3\u017aniej. <\/li>\n    <li>Rozpocznij stosowanie aplikacji w witrynie Shopify.\n        <br>Umie\u015b\u0107 zapisany wcze\u015bniej kod w swojej witrynie i zapisz zmiany. <\/li>\n    <li>Konfiguracja zosta\u0142a pomy\u015blnie uko\u0144czona.\n        <br>Odwied\u017a swoj\u0105 stron\u0119 internetow\u0105, aby zobaczy\u0107 dzia\u0142anie aplikacji. <\/li>\n<\/ol>\n<p>Nadal masz co\u015b, co budzi Twoje w\u0105tpliwo\u015bci? Lub do\u015bwiadczasz jakich\u015b problem\u00f3w? Tylko jedna pro\u015bba do naszego zespo\u0142u wsparcia rozwi\u0105\u017ce ka\u017cd\u0105 spraw\u0119. <\/p>\n<\/div>","protected":false},"excerpt":{"rendered":"","protected":false},"author":9,"featured_media":0,"parent":1223,"menu_order":0,"comment_status":"closed","ping_status":"closed","template":"templates\/template-application-platform.php","meta":{"publish_to_discourse":"","publish_post_category":"","wpdc_auto_publish_overridden":"","wpdc_topic_tags":"","wpdc_pin_topic":"","wpdc_pin_until":"","discourse_post_id":"","discourse_permalink":"","wpdc_publishing_response":"","wpdc_publishing_error":"","footnotes":""},"class_list":["post-6981","page","type-page","status-publish","hentry"],"yoast_head":"<!-- This site is optimized with the Yoast SEO plugin v25.3.1 - https:\/\/yoast.com\/wordpress\/plugins\/seo\/ -->\n<title>Umie\u015b\u0107 aplikacj\u0119 Recenzje Tripadvisor w swojej witrynie Shopify (2025)<\/title>\n<meta name=\"description\" content=\"Dzi\u0119ki Elfsight mo\u017cesz b\u0142yskawicznie stworzy\u0107 aplikacj\u0119 z recenzjami Tripadvisor i umie\u015bci\u0107 j\u0105 w sklepie Shopify. Mamy bezp\u0142atn\u0105 obs\u0142ug\u0119 klienta i wi\u0119cej bonus\u00f3w.\" \/>\n<meta name=\"robots\" content=\"index, follow, max-snippet:-1, max-image-preview:large, max-video-preview:-1\" \/>\n<link rel=\"canonical\" href=\"https:\/\/elfsight.com\/pl\/tripadvisor-reviews-widget\/shopify\/\" \/>\n<meta property=\"og:locale\" content=\"pl_PL\" \/>\n<meta property=\"og:type\" content=\"article\" \/>\n<meta property=\"og:title\" content=\"Umie\u015b\u0107 aplikacj\u0119 Recenzje Tripadvisor w swojej witrynie Shopify (2025)\" \/>\n<meta property=\"og:description\" content=\"Dzi\u0119ki Elfsight mo\u017cesz b\u0142yskawicznie stworzy\u0107 aplikacj\u0119 z recenzjami Tripadvisor i umie\u015bci\u0107 j\u0105 w sklepie Shopify. Mamy bezp\u0142atn\u0105 obs\u0142ug\u0119 klienta i wi\u0119cej bonus\u00f3w.\" \/>\n<meta property=\"og:url\" content=\"https:\/\/elfsight.com\/pl\/tripadvisor-reviews-widget\/shopify\/\" \/>\n<meta property=\"og:site_name\" content=\"Elfsight PL\" \/>\n<meta property=\"article:modified_time\" content=\"2025-06-24T14:26:24+00:00\" \/>\n<meta name=\"twitter:card\" content=\"summary_large_image\" \/>\n<meta name=\"twitter:label1\" content=\"Szacowany czas czytania\" \/>\n\t<meta name=\"twitter:data1\" content=\"3 minuty\" \/>\n<!-- \/ Yoast SEO plugin. -->","yoast_head_json":{"title":"Umie\u015b\u0107 aplikacj\u0119 Recenzje Tripadvisor w swojej witrynie Shopify (2025)","description":"Dzi\u0119ki Elfsight mo\u017cesz b\u0142yskawicznie stworzy\u0107 aplikacj\u0119 z recenzjami Tripadvisor i umie\u015bci\u0107 j\u0105 w sklepie Shopify. Mamy bezp\u0142atn\u0105 obs\u0142ug\u0119 klienta i wi\u0119cej bonus\u00f3w.","robots":{"index":"index","follow":"follow","max-snippet":"max-snippet:-1","max-image-preview":"max-image-preview:large","max-video-preview":"max-video-preview:-1"},"canonical":"https:\/\/elfsight.com\/pl\/tripadvisor-reviews-widget\/shopify\/","og_locale":"pl_PL","og_type":"article","og_title":"Umie\u015b\u0107 aplikacj\u0119 Recenzje Tripadvisor w swojej witrynie Shopify (2025)","og_description":"Dzi\u0119ki Elfsight mo\u017cesz b\u0142yskawicznie stworzy\u0107 aplikacj\u0119 z recenzjami Tripadvisor i umie\u015bci\u0107 j\u0105 w sklepie Shopify. Mamy bezp\u0142atn\u0105 obs\u0142ug\u0119 klienta i wi\u0119cej bonus\u00f3w.","og_url":"https:\/\/elfsight.com\/pl\/tripadvisor-reviews-widget\/shopify\/","og_site_name":"Elfsight PL","article_modified_time":"2025-06-24T14:26:24+00:00","twitter_card":"summary_large_image","twitter_misc":{"Szacowany czas czytania":"3 minuty"},"schema":{"@context":"https:\/\/schema.org","@graph":[{"@type":"WebPage","@id":"https:\/\/elfsight.com\/pl\/tripadvisor-reviews-widget\/shopify\/","url":"https:\/\/elfsight.com\/pl\/tripadvisor-reviews-widget\/shopify\/","name":"Umie\u015b\u0107 aplikacj\u0119 Recenzje Tripadvisor w swojej witrynie Shopify (2025)","isPartOf":{"@id":"https:\/\/elfsight.com\/pl\/#website"},"datePublished":"1970-01-01T00:00:00+00:00","dateModified":"2025-06-24T14:26:24+00:00","description":"Dzi\u0119ki Elfsight mo\u017cesz b\u0142yskawicznie stworzy\u0107 aplikacj\u0119 z recenzjami Tripadvisor i umie\u015bci\u0107 j\u0105 w sklepie Shopify. Mamy bezp\u0142atn\u0105 obs\u0142ug\u0119 klienta i wi\u0119cej bonus\u00f3w.","breadcrumb":{"@id":"https:\/\/elfsight.com\/pl\/tripadvisor-reviews-widget\/shopify\/#breadcrumb"},"inLanguage":"pl-PL","potentialAction":[{"@type":"ReadAction","target":["https:\/\/elfsight.com\/pl\/tripadvisor-reviews-widget\/shopify\/"]}]},{"@type":"BreadcrumbList","@id":"https:\/\/elfsight.com\/pl\/tripadvisor-reviews-widget\/shopify\/#breadcrumb","itemListElement":[{"@type":"ListItem","position":1,"name":"Home","item":"https:\/\/elfsight.com\/pl\/"},{"@type":"ListItem","position":2,"name":"Tripadvisor Reviews","item":"https:\/\/elfsight.com\/pl\/tripadvisor-reviews-widget\/"},{"@type":"ListItem","position":3,"name":"Tripadvisor Reviews &#8211; Shopify"}]},{"@type":"WebSite","@id":"https:\/\/elfsight.com\/pl\/#website","url":"https:\/\/elfsight.com\/pl\/","name":"Elfsight PL","description":"Just another Elfsight Sites site","potentialAction":[{"@type":"SearchAction","target":{"@type":"EntryPoint","urlTemplate":"https:\/\/elfsight.com\/pl\/?s={search_term_string}"},"query-input":{"@type":"PropertyValueSpecification","valueRequired":true,"valueName":"search_term_string"}}],"inLanguage":"pl-PL"}]}},"meta_box":{"industry":"","seo_heading":"","heading":"","description":"","cta_heading":"","cta_description":"","application":"1222","h1":"Aplikacja Shopify z recenzjami Tripadvisor","h1_caption":"Prezentuj recenzje z serwisu Tripadvisor w swojej witrynie internetowej","application_category":[],"applications_title":"","applications_request_title":"","applications_request_button_text":"","hero_text":"","hero_video":"","hero_video_schema_markup":"","selling_points_title":"","selling_points_caption":"","selling_points":[],"selling_points_cta_text":"","features_title":"","features":"","ed_cta_examples_text":"","ed_cta_examples_hidden":"","ed_cta_demo_text":"","ed_cta_demo_hidden":"","why_caption":"","why_editor_title":"","why_editor_text":"","why_team_title":"","why_team_text":"","why_service_title":"","why_service_text":"","template_catalog_visible":"0","template_catalog_title":"","template_catalog_text":"","template_catalog_categories_visible":"","demo_title":"Utw\u00f3rz aplikacj\u0119 z recenzjami Tripadvisor","demo_caption":"Skonfiguruj swoje recenzje na Tripadvisor i dodaj je za darmo do swojej witryny Shopify!","default_faq_hidden":"","app_template_category":[],"platform":"7580","template_public_id":"","codecanyon_url":"","codecanyon_item_id":"","codecanyon_price":"","pricing_caption":"","pricing_elfsight_apps_hide_column":"","pricing_elfsight_apps_url":"","pricing_codecanyon_price_caption":"","integration_category":[],"integration_request_title":"","integration_request_cta":"","integration_platform":"","integrations":[],"platform_category":[],"video_schema_markup":"","price":"od 0 USD \/ miesi\u0105c","trial":"","benefits":[{"text":"Bezp\u0142atna us\u0142uga monta\u017cu"},{"text":"Wsparcie premium"},{"text":"14-dniowa gwarancja zwrotu pieni\u0119dzy"}],"button_url":"#demo","button_target_blank":"0","button_nofollow":"0","attributes":[{"name":"Instaluje"},{"name":"Czu\u0142y"},{"name":"Kompatybilne przegl\u0105darki"}],"tags":[],"tags_disable_links":"0","hide_more_platforms":"0","video_object":"","demo_hide_cta":"0","demo_hide_cloud_options":"0","pricing_title":"","pricing":[{"pricing_icon":"cloud","pricing_title":"Elfsight Apps","pricing_title_caption":"Wersja wieloplatformowa, kt\u00f3ra dzia\u0142a na ka\u017cdej stronie internetowej","pricing_price":"od 0 USD \/ miesi\u0105c","pricing_price_caption":"zacznij od bezp\u0142atnego planu","pricing_benefits":[{"text":"Nielimitowane strony internetowe"},{"text":"Wsparcie premium"},{"text":"Bezp\u0142atna us\u0142uga monta\u017cu"},{"text":"Oferta specjalna na wiele aplikacji"}],"pricing_button_text":"Dodaj do witryny","pricing_button_url":"#demo"}],"related_apps_title":"","related_apps_hidden":"0","author":"","image":[],"title":"","job":"","social_networks":[]},"_links":{"self":[{"href":"https:\/\/elfsight.com\/pl\/wp-json\/wp\/v2\/pages\/6981","targetHints":{"allow":["GET"]}}],"collection":[{"href":"https:\/\/elfsight.com\/pl\/wp-json\/wp\/v2\/pages"}],"about":[{"href":"https:\/\/elfsight.com\/pl\/wp-json\/wp\/v2\/types\/page"}],"author":[{"embeddable":true,"href":"https:\/\/elfsight.com\/pl\/wp-json\/wp\/v2\/users\/9"}],"replies":[{"embeddable":true,"href":"https:\/\/elfsight.com\/pl\/wp-json\/wp\/v2\/comments?post=6981"}],"version-history":[{"count":3,"href":"https:\/\/elfsight.com\/pl\/wp-json\/wp\/v2\/pages\/6981\/revisions"}],"predecessor-version":[{"id":10435,"href":"https:\/\/elfsight.com\/pl\/wp-json\/wp\/v2\/pages\/6981\/revisions\/10435"}],"up":[{"embeddable":true,"href":"https:\/\/elfsight.com\/pl\/wp-json\/wp\/v2\/pages\/1223"}],"wp:attachment":[{"href":"https:\/\/elfsight.com\/pl\/wp-json\/wp\/v2\/media?parent=6981"}],"curies":[{"name":"wp","href":"https:\/\/api.w.org\/{rel}","templated":true}]}}