{"id":6976,"date":"1970-01-01T00:00:00","date_gmt":"1970-01-01T00:00:00","guid":{"rendered":"https:\/\/elfsight.com\/pl\/?page_id=6976"},"modified":"2025-06-24T14:26:57","modified_gmt":"2025-06-24T14:26:57","slug":"squarespace","status":"publish","type":"page","link":"https:\/\/elfsight.com\/pl\/tripadvisor-reviews-widget\/squarespace\/","title":{"rendered":"Tripadvisor Reviews &#8211; Squarespace"},"content":{"rendered":"<div class=\"application-platform-content-item-description application-platform-content-item\" id=\"description\" data-nav-section=\"description\"> <h2>Umie\u015b\u0107 recenzje Tripadvisor na temat Squarespace za pomoc\u0105 wid\u017cetu Elfsight<\/h2> <p>Je\u015bli chcesz zademonstrowa\u0107 swoj\u0105 wysok\u0105 ocen\u0119 i przekona\u0107 odwiedzaj\u0105cych, \u017ce Twoja produkty lub us\u0142ugi, na kt\u00f3re warto wyda\u0107 pieni\u0105dze, recenzje Elfsight Tripadvisor b\u0119d\u0105 dla Ciebie idealne. Za pomoc\u0105 naszego narz\u0119dzia b\u0119dziesz m\u00f3g\u0142 umieszcza\u0107 na swojej stronie recenzje u\u017cytkownik\u00f3w z serwisu Tripadvisor wraz z informacj\u0105 o ich autorach, korzysta\u0107 z filtr\u00f3w, aby wy\u015bwietli\u0107 tylko najlepsze z nich, dodawa\u0107 oceny oraz przycisk przekierowuj\u0105cy, kt\u00f3ry przekieruje u\u017cytkownik\u00f3w na Twoj\u0105 stron\u0119 na Tripadvisor , aby mogli napisa\u0107 now\u0105 recenzj\u0119. <\/p><div class=\"faq\" data-component=\"FAQ\"> <div class=\"faq-item\">\r\n\t\t\t\t\t<div class=\"faq-item-question\">\r\n\t\t\t\t\t\t<h3 class=\"faq-item-question-text\">Gdzie mog\u0119 doda\u0107 wid\u017cet Recenzje<\/h3>\r\n\r\n\t\t\t\t\t\t<div class=\"faq-item-question-icon\"><\/div>\r\n\t\t\t\t\t<\/div>\r\n\r\n\t\t\t\t\t<div class=\"faq-item-answer\">\r\n\t\t\t\t\t\t<div class=\"faq-item-answer-text\"> <p>Ten wid\u017cet mo\u017cna umie\u015bci\u0107 na dowolnej stronie, na kt\u00f3rej chcesz pokaza\u0107 swoje du\u017ce uznanie i popularno\u015b\u0107 w\u015br\u00f3d klient\u00f3w. Je\u015bli potrzebujesz go na wszystkich stronach swojej witryny, mo\u017cesz po prostu wklei\u0107 go do szablonu witryny. <\/p><\/div>\r\n\t\t\t\t\t<\/div>\r\n\t\t\t\t<\/div> <div class=\"faq-item\">\r\n\t\t\t\t\t<div class=\"faq-item-question\">\r\n\t\t\t\t\t\t<h3 class=\"faq-item-question-text\">Jakie korzy\u015bci mog\u0119 odnie\u015b\u0107 dzi\u0119ki tej wtyczce? <\/h3>\r\n\r\n\t\t\t\t\t\t<div class=\"faq-item-question-icon\"><\/div>\r\n\t\t\t\t\t<\/div>\r\n\r\n\t\t\t\t\t<div class=\"faq-item-answer\">\r\n\t\t\t\t\t\t<div class=\"faq-item-answer-text\"> <p>Opinie prawdziwych ludzi s\u0105 dla odwiedzaj\u0105cych Twoj\u0105 witryn\u0119 ca\u0142kowicie godne zaufania i \u015bwiadcz\u0105 o tym, \u017ce Twoja firma jest godna zaufania. Wysoka ocena i doskona\u0142e wy\u015bwietlenia mog\u0105 pom\u00f3c zwi\u0119kszy\u0107 sprzeda\u017c Twojej witryny. Ponadto przycisk przekierowania mo\u017ce przyczyni\u0107 si\u0119 do zwi\u0119kszenia liczby recenzji klient\u00f3w na temat Twojej firmy na Tripadvisor. <\/p> <\/div>\r\n\t\t\t\t\t<\/div>\r\n\t\t\t\t<\/div> <div class=\"faq-item\">\r\n\t\t\t\t\t<div class=\"faq-item-question\">\r\n\t\t\t\t\t\t<h3 class=\"faq-item-question-text\">Czego potrzebuj\u0119, aby doda\u0107 recenzje wid\u017cetu Tripadvisor do mojej witryny internetowej Squarespace? <\/h3>\r\n\r\n\t\t\t\t\t\t<div class=\"faq-item-question-icon\"><\/div>\r\n\t\t\t\t\t<\/div>\r\n\r\n\t\t\t\t\t<div class=\"faq-item-answer\">\r\n\t\t\t\t\t\t<div class=\"faq-item-answer-text\"> <p>Rozpocz\u0119cie korzystania z wid\u017cetu zajmie trzy minuty. Osadzanie jest bardzo szybkie, bezp\u0142atne i nie wymaga kodowania. <\/p> <p>Mo\u017cesz doda\u0107 wid\u017cet do swojej witryny za po\u015brednictwem naszej us\u0142ugi. Aby to zrobi\u0107, musisz sprawdzi\u0107 kr\u00f3tki opis znajduj\u0105cy si\u0119 poni\u017cej na tej stronie. <\/p> <\/div>\r\n\t\t\t\t\t<\/div>\r\n\t\t\t\t<\/div> <\/div> <\/div> <div class=\"application-platform-content-item-features application-platform-content-item\" id=\"features\" data-nav-section=\"features\"> <h2>G\u0142\u00f3wne funkcje wid\u017cetu Recenzje Tripadvisor<\/h2> <p>Aby lepiej zrozumie\u0107 wid\u017cet, sp\u00f3jrz na list\u0119 jego najcenniejszych funkcji. Sprawiaj\u0105, \u017ce wid\u017cet jest naprawd\u0119 skuteczny dla Twojej firmy: <\/p> <ul> <li>3 gotowe do u\u017cycia filtry: wed\u0142ug rodzaju, wykluczania i ilo\u015bci wy\u015bwietlanych recenzji; <\/li> <li>4 typy uk\u0142ad\u00f3w: lista, siatka, mur i suwak; <\/li> <li> W pe\u0142ni elastyczny nag\u0142\u00f3wek wid\u017cetu; <\/li> <li>Przycisk pro\u015bby o recenzj\u0119 kieruje u\u017cytkownik\u00f3w do Twojej strony na Tripadvisor. <\/li> <li>6 dostosowywalnych element\u00f3w wid\u017cetu: imi\u0119 i nazwisko autora i zdj\u0119cie, rekomendacja, data udost\u0119pnienia, ikona Tripadvisor i liczba gwiazdek; <\/li> <li>Dwie alternatywne scenariusze po odrzuceniu pro\u015bby o sprawdzenie: poka\u017c niestandardow\u0105 wiadomo\u015b\u0107 lub ukryj przycisk. <\/li> <\/ul><p><a href=\"#demo\">Odkryj wszystkie funkcje w wersji demonstracyjnej na \u017cywo<\/a><\/p> <\/div> <div class=\"application-platform-content-item-installation application-platform-content-item\" id=\"installation\" data-nav-section=\"installation\"> <h2>Odkryj jak wstawia\u0107 recenzje z serwisu Tripadvisor w witrynie Squarespace. Jest to \u0142atwy proces, kt\u00f3ry nie wymaga wiele wysi\u0142ku.<\/h2> <div class=\"video-container\"><iframe width=\"720\" height=\"405\" src=\"https:\/\/www.youtube.com\/embed\/Xnng2poWksM\" frameborder=\"0\" allowfullscreen=\"\"><\/iframe><\/div><p>Poni\u017csze akcje to jedyne, co musisz wy\u015bwietli\u0107. <\/p> <ul><li><b>Stw\u00f3rz swoj\u0105 osobist\u0105 wtyczk\u0119 Tripadvisor<\/b><br> W naszej bezp\u0142atnej wersji demonstracyjnej otrzymasz wtyczk\u0119 o preferowanym wygl\u0105dzie i funkcjonalno\u015bci. <\/li><li><b>Skopiuj indywidualny kod, aby zintegrowa\u0107 wtyczk\u0119<\/b><br> Po skonfigurowaniu wid\u017cetu uzyskasz unikalny kod z wyskakuj\u0105cego okna aplikacji Elfsight. Skopiuj to. <\/li> <li><b>Wtyczka na Twojej stronie<\/b><br> Okre\u015bl miejsce, w kt\u00f3rym chcesz osadzi\u0107 wtyczk\u0119 i dodaj tam skopiowany kod. Zastosuj zmiany. <\/li> <li><b>Gratulacje! W\u0142a\u015bnie doda\u0142e\u015b widget! <\/b><br> Odwied\u017a stron\u0119, aby zobaczy\u0107 swoj\u0105 prac\u0119. <\/li> <\/ul><p>Nadal nie jeste\u015b pewien? Albo masz problemy? Wystarczy wys\u0142a\u0107 zapytanie do naszego dzia\u0142u obs\u0142ugi klienta, a pomo\u017cemy w ka\u017cdym problemie. <\/p> <\/div>","protected":false},"excerpt":{"rendered":"","protected":false},"author":9,"featured_media":0,"parent":1223,"menu_order":0,"comment_status":"closed","ping_status":"closed","template":"templates\/template-application-platform.php","meta":{"publish_to_discourse":"","publish_post_category":"","wpdc_auto_publish_overridden":"","wpdc_topic_tags":"","wpdc_pin_topic":"","wpdc_pin_until":"","discourse_post_id":"","discourse_permalink":"","wpdc_publishing_response":"","wpdc_publishing_error":"","footnotes":""},"class_list":["post-6976","page","type-page","status-publish","hentry"],"yoast_head":"<!-- This site is optimized with the Yoast SEO plugin v25.3.1 - https:\/\/yoast.com\/wordpress\/plugins\/seo\/ -->\n<title>Dodaj wtyczk\u0119 recenzji Tripadvisor do swojej witryny Squarespace (2025)<\/title>\n<meta name=\"description\" content=\"Stworzenie wtyczki z recenzjami Tripadvisor i umieszczenie jej w witrynie Squarespace jest ca\u0142kowicie proste. Obs\u0142uga klienta Elfsight jest bezp\u0142atna.\" \/>\n<meta name=\"robots\" content=\"index, follow, max-snippet:-1, max-image-preview:large, max-video-preview:-1\" \/>\n<link rel=\"canonical\" href=\"https:\/\/elfsight.com\/pl\/tripadvisor-reviews-widget\/squarespace\/\" \/>\n<meta property=\"og:locale\" content=\"pl_PL\" \/>\n<meta property=\"og:type\" content=\"article\" \/>\n<meta property=\"og:title\" content=\"Dodaj wtyczk\u0119 recenzji Tripadvisor do swojej witryny Squarespace (2025)\" \/>\n<meta property=\"og:description\" content=\"Stworzenie wtyczki z recenzjami Tripadvisor i umieszczenie jej w witrynie Squarespace jest ca\u0142kowicie proste. Obs\u0142uga klienta Elfsight jest bezp\u0142atna.\" \/>\n<meta property=\"og:url\" content=\"https:\/\/elfsight.com\/pl\/tripadvisor-reviews-widget\/squarespace\/\" \/>\n<meta property=\"og:site_name\" content=\"Elfsight PL\" \/>\n<meta property=\"article:modified_time\" content=\"2025-06-24T14:26:57+00:00\" \/>\n<meta name=\"twitter:card\" content=\"summary_large_image\" \/>\n<meta name=\"twitter:label1\" content=\"Szacowany czas czytania\" \/>\n\t<meta name=\"twitter:data1\" content=\"3 minuty\" \/>\n<!-- \/ Yoast SEO plugin. -->","yoast_head_json":{"title":"Dodaj wtyczk\u0119 recenzji Tripadvisor do swojej witryny Squarespace (2025)","description":"Stworzenie wtyczki z recenzjami Tripadvisor i umieszczenie jej w witrynie Squarespace jest ca\u0142kowicie proste. Obs\u0142uga klienta Elfsight jest bezp\u0142atna.","robots":{"index":"index","follow":"follow","max-snippet":"max-snippet:-1","max-image-preview":"max-image-preview:large","max-video-preview":"max-video-preview:-1"},"canonical":"https:\/\/elfsight.com\/pl\/tripadvisor-reviews-widget\/squarespace\/","og_locale":"pl_PL","og_type":"article","og_title":"Dodaj wtyczk\u0119 recenzji Tripadvisor do swojej witryny Squarespace (2025)","og_description":"Stworzenie wtyczki z recenzjami Tripadvisor i umieszczenie jej w witrynie Squarespace jest ca\u0142kowicie proste. Obs\u0142uga klienta Elfsight jest bezp\u0142atna.","og_url":"https:\/\/elfsight.com\/pl\/tripadvisor-reviews-widget\/squarespace\/","og_site_name":"Elfsight PL","article_modified_time":"2025-06-24T14:26:57+00:00","twitter_card":"summary_large_image","twitter_misc":{"Szacowany czas czytania":"3 minuty"},"schema":{"@context":"https:\/\/schema.org","@graph":[{"@type":"WebPage","@id":"https:\/\/elfsight.com\/pl\/tripadvisor-reviews-widget\/squarespace\/","url":"https:\/\/elfsight.com\/pl\/tripadvisor-reviews-widget\/squarespace\/","name":"Dodaj wtyczk\u0119 recenzji Tripadvisor do swojej witryny Squarespace (2025)","isPartOf":{"@id":"https:\/\/elfsight.com\/pl\/#website"},"datePublished":"1970-01-01T00:00:00+00:00","dateModified":"2025-06-24T14:26:57+00:00","description":"Stworzenie wtyczki z recenzjami Tripadvisor i umieszczenie jej w witrynie Squarespace jest ca\u0142kowicie proste. Obs\u0142uga klienta Elfsight jest bezp\u0142atna.","breadcrumb":{"@id":"https:\/\/elfsight.com\/pl\/tripadvisor-reviews-widget\/squarespace\/#breadcrumb"},"inLanguage":"pl-PL","potentialAction":[{"@type":"ReadAction","target":["https:\/\/elfsight.com\/pl\/tripadvisor-reviews-widget\/squarespace\/"]}]},{"@type":"BreadcrumbList","@id":"https:\/\/elfsight.com\/pl\/tripadvisor-reviews-widget\/squarespace\/#breadcrumb","itemListElement":[{"@type":"ListItem","position":1,"name":"Home","item":"https:\/\/elfsight.com\/pl\/"},{"@type":"ListItem","position":2,"name":"Tripadvisor Reviews","item":"https:\/\/elfsight.com\/pl\/tripadvisor-reviews-widget\/"},{"@type":"ListItem","position":3,"name":"Tripadvisor Reviews &#8211; Squarespace"}]},{"@type":"WebSite","@id":"https:\/\/elfsight.com\/pl\/#website","url":"https:\/\/elfsight.com\/pl\/","name":"Elfsight PL","description":"Just another Elfsight Sites site","potentialAction":[{"@type":"SearchAction","target":{"@type":"EntryPoint","urlTemplate":"https:\/\/elfsight.com\/pl\/?s={search_term_string}"},"query-input":{"@type":"PropertyValueSpecification","valueRequired":true,"valueName":"search_term_string"}}],"inLanguage":"pl-PL"}]}},"meta_box":{"industry":"","seo_heading":"","heading":"","description":"","cta_heading":"","cta_description":"","application":"1222","h1":"Wtyczka Squarespace z recenzjami Tripadvisor","h1_caption":"Zaprezentuj recenzje, kt\u00f3re u\u017cytkownicy zostawiaj\u0105 na Tw\u00f3j temat na stronie Tripadvisor","application_category":[],"applications_title":"","applications_request_title":"","applications_request_button_text":"","hero_text":"","hero_video":"","hero_video_schema_markup":"","selling_points_title":"","selling_points_caption":"","selling_points":[],"selling_points_cta_text":"","features_title":"","features":"","ed_cta_examples_text":"","ed_cta_examples_hidden":"","ed_cta_demo_text":"","ed_cta_demo_hidden":"","why_caption":"","why_editor_title":"","why_editor_text":"","why_team_title":"","why_team_text":"","why_service_title":"","why_service_text":"","template_catalog_visible":"0","template_catalog_title":"","template_catalog_text":"","template_catalog_categories_visible":"","demo_title":"Utw\u00f3rz wtyczk\u0119 z recenzjami Tripadvisor","demo_caption":"Skonfiguruj recenzje na Tripadvisor i dodaj je za darmo do swojej witryny Squarespace!","default_faq_hidden":"","app_template_category":[],"platform":"7588","template_public_id":"","codecanyon_url":"","codecanyon_item_id":"","codecanyon_price":"","pricing_caption":"","pricing_elfsight_apps_hide_column":"","pricing_elfsight_apps_url":"","pricing_codecanyon_price_caption":"","integration_category":[],"integration_request_title":"","integration_request_cta":"","integration_platform":"","integrations":[],"platform_category":[],"video_schema_markup":"","price":"od 0 USD \/ miesi\u0105c","trial":"","benefits":[{"text":"Bezp\u0142atna us\u0142uga monta\u017cu"},{"text":"Skuteczna obs\u0142uga klienta"},{"text":"14-dniowa gwarancja zwrotu pieni\u0119dzy"}],"button_url":"#demo","button_target_blank":"0","button_nofollow":"0","attributes":[{"name":"Instaluje"},{"name":"Czu\u0142y"},{"name":"Kompatybilne przegl\u0105darki"}],"tags":[],"tags_disable_links":"0","hide_more_platforms":"0","video_object":"","demo_hide_cta":"0","demo_hide_cloud_options":"0","pricing_title":"","pricing":[{"pricing_icon":"platform","pricing_title":"Elfsight Apps","pricing_title_caption":"Niezale\u017cne od platformy rozwi\u0105zanie cyfrowe, kt\u00f3re dzia\u0142a na ka\u017cdej stronie internetowej","pricing_price":"od 0 USD \/ miesi\u0105c","pricing_price_caption":"zacznij od bezp\u0142atnego planu","pricing_benefits":[{"text":"Nielimitowane strony internetowe"},{"text":"Najwy\u017csza obs\u0142uga klienta"},{"text":"Bezp\u0142atna pomoc w monta\u017cu"},{"text":"Elastyczny projekt"}],"pricing_button_text":"Dodaj do witryny","pricing_button_url":"#demo"}],"related_apps_title":"","related_apps_hidden":"0","author":"","image":[],"title":"","job":"","social_networks":[]},"_links":{"self":[{"href":"https:\/\/elfsight.com\/pl\/wp-json\/wp\/v2\/pages\/6976","targetHints":{"allow":["GET"]}}],"collection":[{"href":"https:\/\/elfsight.com\/pl\/wp-json\/wp\/v2\/pages"}],"about":[{"href":"https:\/\/elfsight.com\/pl\/wp-json\/wp\/v2\/types\/page"}],"author":[{"embeddable":true,"href":"https:\/\/elfsight.com\/pl\/wp-json\/wp\/v2\/users\/9"}],"replies":[{"embeddable":true,"href":"https:\/\/elfsight.com\/pl\/wp-json\/wp\/v2\/comments?post=6976"}],"version-history":[{"count":2,"href":"https:\/\/elfsight.com\/pl\/wp-json\/wp\/v2\/pages\/6976\/revisions"}],"predecessor-version":[{"id":8079,"href":"https:\/\/elfsight.com\/pl\/wp-json\/wp\/v2\/pages\/6976\/revisions\/8079"}],"up":[{"embeddable":true,"href":"https:\/\/elfsight.com\/pl\/wp-json\/wp\/v2\/pages\/1223"}],"wp:attachment":[{"href":"https:\/\/elfsight.com\/pl\/wp-json\/wp\/v2\/media?parent=6976"}],"curies":[{"name":"wp","href":"https:\/\/api.w.org\/{rel}","templated":true}]}}