{"id":6975,"date":"1970-01-01T00:00:00","date_gmt":"1970-01-01T00:00:00","guid":{"rendered":"https:\/\/elfsight.com\/pl\/?page_id=6975"},"modified":"2024-11-14T12:40:31","modified_gmt":"2024-11-14T12:40:31","slug":"webflow","status":"publish","type":"page","link":"https:\/\/elfsight.com\/pl\/tripadvisor-reviews-widget\/webflow\/","title":{"rendered":"Tripadvisor Reviews &#8211; Webflow"},"content":{"rendered":"<div class=\"application-platform-content-item-description application-platform-content-item\" id=\"description\" data-nav-section=\"description\"> <h2>Umie\u015b\u0107 recenzje Tripadvisor w serwisie Webflow za pomoc\u0105 wid\u017cetu Elfsight<\/h2><p>Je\u015bli szukasz sposobu na wyra\u017cenie swojej wysokiej oceny za pomoc\u0105 klient\u00f3w i przekonaj odwiedzaj\u0105cych witryn\u0119, \u017ce warto kupi\u0107 Twoje produkty lub us\u0142ugi, wtedy wid\u017cet Elfsight z recenzjami Tripadvisor wykona to zadanie. Za pomoc\u0105 tego wid\u017cetu mo\u017cesz umieszcza\u0107 na swojej stronie recenzje u\u017cytkownik\u00f3w z serwisu Tripadvisor, wy\u015bwietla\u0107 informacje o ich autorach, filtrowa\u0107 je tak, aby wy\u015bwietla\u0142y si\u0119 wy\u0142\u0105cznie pozytywne, wy\u015bwietla\u0107 oceny oraz aktywny przycisk, kt\u00f3ry przekieruje ludzi na Twoj\u0105 stron\u0119 na Tripadvisor, dzi\u0119ki czemu aby mogli zostawi\u0107 now\u0105 recenzj\u0119. <\/p><div class=\"faq\" data-component=\"FAQ\"> <div class=\"faq-item\">\r\n\t\t\t\t\t<div class=\"faq-item-question\">\r\n\t\t\t\t\t\t<h3 class=\"faq-item-question-text\">Gdzie mog\u0119 wy\u015bwietli\u0107 wid\u017cet Recenzji<\/h3>\r\n\r\n\t\t\t\t\t\t<div class=\"faq-item-question-icon\"><\/div>\r\n\t\t\t\t\t<\/div>\r\n\r\n\t\t\t\t\t<div class=\"faq-item-answer\">\r\n\t\t\t\t\t\t<div class=\"faq-item-answer-text\"> <p>Mo\u017cesz wy\u015bwietli\u0107 wid\u017cet recenzji na dowolnej stronie serwisu lub umie\u015bci\u0107 go w szablonie, w tym przypadku zostanie on ujawniony na wszystkich stronach. Recenzje mog\u0105 by\u0107 skuteczne na stronach produkt\u00f3w lub na stronie O nas, gdzie chcesz zaimponowa\u0107 u\u017cytkownikom swoj\u0105 wysok\u0105 ocen\u0105. <\/p><\/div>\r\n\t\t\t\t\t<\/div>\r\n\t\t\t\t<\/div> <div class=\"faq-item\">\r\n\t\t\t\t\t<div class=\"faq-item-question\">\r\n\t\t\t\t\t\t<h3 class=\"faq-item-question-text\">Jakie s\u0105 dla mnie korzy\u015bci z posiadania wid\u017cetu Recenzje? <\/h3>\r\n\r\n\t\t\t\t\t\t<div class=\"faq-item-question-icon\"><\/div>\r\n\t\t\t\t\t<\/div>\r\n\r\n\t\t\t\t\t<div class=\"faq-item-answer\">\r\n\t\t\t\t\t\t<div class=\"faq-item-answer-text\"> <p>Opinie prawdziwych ludzi wydaj\u0105 si\u0119 ca\u0142kowicie wiarygodne dla u\u017cytkownik\u00f3w Twojej witryny i wskazuj\u0105 im, \u017ce Twoja firma jest wiarygodna partner. Wysoka ocena i pozytywne wy\u015bwietlenia mog\u0105 pom\u00f3c zwi\u0119kszy\u0107 liczb\u0119 zakup\u00f3w w Twojej witrynie. Dodatkowo przycisk przekierowania mo\u017ce przyczyni\u0107 si\u0119 do zwi\u0119kszenia ilo\u015bci opinii u\u017cytkownik\u00f3w na temat Twoich ofert lub us\u0142ug na Tripadvisor. <\/p> <\/div>\r\n\t\t\t\t\t<\/div>\r\n\t\t\t\t<\/div> <div class=\"faq-item\">\r\n\t\t\t\t\t<div class=\"faq-item-question\">\r\n\t\t\t\t\t\t<h3 class=\"faq-item-question-text\">Jak mog\u0119 doda\u0107 recenzje z wid\u017cetu Tripadvisor do mojej witryny internetowej Webflow? <\/h3>\r\n\r\n\t\t\t\t\t\t<div class=\"faq-item-question-icon\"><\/div>\r\n\t\t\t\t\t<\/div>\r\n\r\n\t\t\t\t\t<div class=\"faq-item-answer\">\r\n\t\t\t\t\t\t<div class=\"faq-item-answer-text\"> <p>Konfiguracja zajmie tylko trzy minuty. Integracja jest bardzo szybka, darmowa i bez kodowania. <\/p> <p>Za po\u015brednictwem naszej us\u0142ugi istnieje mo\u017cliwo\u015b\u0107 osadzenia wid\u017cetu Recenzje na stronie internetowej. Wystarczy wykona\u0107 poni\u017csze instrukcje na tej stronie. <\/p> <\/div>\r\n\t\t\t\t\t<\/div>\r\n\t\t\t\t<\/div> <\/div> <\/div> <div class=\"application-platform-content-item-features application-platform-content-item\" id=\"features\" data-nav-section=\"features\"> <h2>G\u0142\u00f3wne funkcje wid\u017cetu Recenzje Tripadvisor<\/h2> <p>Aby lepiej zrozumie\u0107 dzia\u0142anie wid\u017cetu, sp\u00f3jrz na list\u0119 g\u0142\u00f3wnych cech. Sprawiaj\u0105, \u017ce jest to dla Ciebie maksymalnie skuteczne: <\/p> <ul> <li>Trzy dost\u0119pne filtry: wed\u0142ug typu, wykluczenia wed\u0142ug i liczby wy\u015bwietlanych recenzji; <\/li> <li>4 predefiniowane uk\u0142ady: Lista, Siatka, Mur i Suwak; <\/li> <li>Mo\u017cliwo\u015b\u0107 pokazania lub ukrycia nag\u0142\u00f3wka wid\u017cetu; <\/li> <li>Przycisk pro\u015bby o recenzj\u0119 przenosi u\u017cytkownik\u00f3w na Twoj\u0105 stron\u0119 na Tripadvisor; <\/li> <li>Sze\u015b\u0107 element\u00f3w interfejsu, kt\u00f3re mo\u017cna dostosowywa\u0107: nazwisko i zdj\u0119cie autora, tekst rekomendacji, data, ikona Tripadvisor i liczba gwiazdek; <\/li> <li>Dwa mo\u017cliwe scenariusze odrzucenia pro\u015bby o sprawdzenie: wy\u015bwietl wiadomo\u015b\u0107 lub ukryj przycisk. <\/li> <\/ul><p><a href=\"#demo\">Zobacz pe\u0142n\u0105 list\u0119 funkcji w wersji demo na \u017cywo<\/a><\/p> <\/div> <div class=\"application-platform-content-item-installation application-platform-content-item\" id=\"installation\" data-nav-section=\"installation\"> <h2>Dowiedz si\u0119, jak zintegrowa\u0107 recenzje Tripadvisor ze swoj\u0105 witryn\u0105 internetow\u0105 Webflow. To jest szybkie i \u0142atwe. <\/h2> <div class=\"video-container\"><iframe width=\"720\" height=\"405\" src=\"https:\/\/www.youtube.com\/embed\/Grd1Y4OM59k\" frameborder=\"0\" allowfullscreen=\"\"><\/iframe><\/div><p>Poni\u017csze kroki to jedyne, co musisz wy\u015bwietli\u0107. <\/p> <ul><li><b>Stw\u00f3rz sw\u00f3j osobisty wid\u017cet Tripadvisor<\/b><br> Zarz\u0105dzaj\u0105c ustawieniami w naszym bezp\u0142atnym konfiguratorze, utw\u00f3rz wtyczk\u0119 z odpowiednim uk\u0142adem i opcjami interfejsu. <\/li><li><b>Uzyskaj indywidualny kod do osadzenia wtyczki<\/b><br> Po wygenerowaniu wid\u017cetu kod instalacyjny uzyskasz z wyskakuj\u0105cego okna aplikacji Elfsight. Skopiuj to. <\/li> <li><b>Osad\u017a wtyczk\u0119 na swojej stronie<\/b><br> Znajd\u017a stron\u0119 i obszar, w kt\u00f3rym chcesz ods\u0142oni\u0107 wtyczk\u0119 i dodaj tam skopiowany kod. Opublikuj zmiany. <\/li> <li><b>Instalacja zosta\u0142a w pe\u0142ni przeprowadzona<\/b><br> Odwied\u017a swoj\u0105 witryn\u0119, aby zobaczy\u0107 swoj\u0105 prac\u0119. <\/li> <\/ul><p>Nadal nie mo\u017cesz si\u0119 zdecydowa\u0107? Albo masz problemy? Po prostu wy\u015blij zapytanie do naszego zespo\u0142u wsparcia, a my rozwi\u0105\u017cemy ka\u017cd\u0105 spraw\u0119. <\/p> <\/div>","protected":false},"excerpt":{"rendered":"","protected":false},"author":9,"featured_media":0,"parent":1223,"menu_order":0,"comment_status":"closed","ping_status":"closed","template":"templates\/template-application-platform.php","meta":{"publish_to_discourse":"","publish_post_category":"","wpdc_auto_publish_overridden":"","wpdc_topic_tags":"","wpdc_pin_topic":"","wpdc_pin_until":"","discourse_post_id":"","discourse_permalink":"","wpdc_publishing_response":"","wpdc_publishing_error":"","footnotes":""},"class_list":["post-6975","page","type-page","status-publish","hentry"],"yoast_head":"<!-- This site is optimized with the Yoast SEO plugin v25.3.1 - https:\/\/yoast.com\/wordpress\/plugins\/seo\/ -->\n<title>Umie\u015b\u0107 wid\u017cet recenzji Tripadvisor na swojej witrynie internetowej Webflow (w 2 minuty)<\/title>\n<meta name=\"description\" content=\"Dzi\u0119ki Elfsight mo\u017cesz szybko utworzy\u0107 wid\u017cet recenzji Tripadvisor i opublikowa\u0107 go na stronie internetowej Webflow. Oferujemy bezp\u0142atn\u0105 obs\u0142ug\u0119 klienta i inne bonusy.\" \/>\n<meta name=\"robots\" content=\"index, follow, max-snippet:-1, max-image-preview:large, max-video-preview:-1\" \/>\n<link rel=\"canonical\" href=\"https:\/\/elfsight.com\/pl\/tripadvisor-reviews-widget\/webflow\/\" \/>\n<meta property=\"og:locale\" content=\"pl_PL\" \/>\n<meta property=\"og:type\" content=\"article\" \/>\n<meta property=\"og:title\" content=\"Umie\u015b\u0107 wid\u017cet recenzji Tripadvisor na swojej witrynie internetowej Webflow (w 2 minuty)\" \/>\n<meta property=\"og:description\" content=\"Dzi\u0119ki Elfsight mo\u017cesz szybko utworzy\u0107 wid\u017cet recenzji Tripadvisor i opublikowa\u0107 go na stronie internetowej Webflow. Oferujemy bezp\u0142atn\u0105 obs\u0142ug\u0119 klienta i inne bonusy.\" \/>\n<meta property=\"og:url\" content=\"https:\/\/elfsight.com\/pl\/tripadvisor-reviews-widget\/webflow\/\" \/>\n<meta property=\"og:site_name\" content=\"Elfsight PL\" \/>\n<meta property=\"article:modified_time\" content=\"2024-11-14T12:40:31+00:00\" \/>\n<meta name=\"twitter:card\" content=\"summary_large_image\" \/>\n<meta name=\"twitter:label1\" content=\"Szacowany czas czytania\" \/>\n\t<meta name=\"twitter:data1\" content=\"3 minuty\" \/>\n<!-- \/ Yoast SEO plugin. -->","yoast_head_json":{"title":"Umie\u015b\u0107 wid\u017cet recenzji Tripadvisor na swojej witrynie internetowej Webflow (w 2 minuty)","description":"Dzi\u0119ki Elfsight mo\u017cesz szybko utworzy\u0107 wid\u017cet recenzji Tripadvisor i opublikowa\u0107 go na stronie internetowej Webflow. Oferujemy bezp\u0142atn\u0105 obs\u0142ug\u0119 klienta i inne bonusy.","robots":{"index":"index","follow":"follow","max-snippet":"max-snippet:-1","max-image-preview":"max-image-preview:large","max-video-preview":"max-video-preview:-1"},"canonical":"https:\/\/elfsight.com\/pl\/tripadvisor-reviews-widget\/webflow\/","og_locale":"pl_PL","og_type":"article","og_title":"Umie\u015b\u0107 wid\u017cet recenzji Tripadvisor na swojej witrynie internetowej Webflow (w 2 minuty)","og_description":"Dzi\u0119ki Elfsight mo\u017cesz szybko utworzy\u0107 wid\u017cet recenzji Tripadvisor i opublikowa\u0107 go na stronie internetowej Webflow. Oferujemy bezp\u0142atn\u0105 obs\u0142ug\u0119 klienta i inne bonusy.","og_url":"https:\/\/elfsight.com\/pl\/tripadvisor-reviews-widget\/webflow\/","og_site_name":"Elfsight PL","article_modified_time":"2024-11-14T12:40:31+00:00","twitter_card":"summary_large_image","twitter_misc":{"Szacowany czas czytania":"3 minuty"},"schema":{"@context":"https:\/\/schema.org","@graph":[{"@type":"WebPage","@id":"https:\/\/elfsight.com\/pl\/tripadvisor-reviews-widget\/webflow\/","url":"https:\/\/elfsight.com\/pl\/tripadvisor-reviews-widget\/webflow\/","name":"Umie\u015b\u0107 wid\u017cet recenzji Tripadvisor na swojej witrynie internetowej Webflow (w 2 minuty)","isPartOf":{"@id":"https:\/\/elfsight.com\/pl\/#website"},"datePublished":"1970-01-01T00:00:00+00:00","dateModified":"2024-11-14T12:40:31+00:00","description":"Dzi\u0119ki Elfsight mo\u017cesz szybko utworzy\u0107 wid\u017cet recenzji Tripadvisor i opublikowa\u0107 go na stronie internetowej Webflow. Oferujemy bezp\u0142atn\u0105 obs\u0142ug\u0119 klienta i inne bonusy.","breadcrumb":{"@id":"https:\/\/elfsight.com\/pl\/tripadvisor-reviews-widget\/webflow\/#breadcrumb"},"inLanguage":"pl-PL","potentialAction":[{"@type":"ReadAction","target":["https:\/\/elfsight.com\/pl\/tripadvisor-reviews-widget\/webflow\/"]}]},{"@type":"BreadcrumbList","@id":"https:\/\/elfsight.com\/pl\/tripadvisor-reviews-widget\/webflow\/#breadcrumb","itemListElement":[{"@type":"ListItem","position":1,"name":"Home","item":"https:\/\/elfsight.com\/pl\/"},{"@type":"ListItem","position":2,"name":"Tripadvisor Reviews","item":"https:\/\/elfsight.com\/pl\/tripadvisor-reviews-widget\/"},{"@type":"ListItem","position":3,"name":"Tripadvisor Reviews &#8211; Webflow"}]},{"@type":"WebSite","@id":"https:\/\/elfsight.com\/pl\/#website","url":"https:\/\/elfsight.com\/pl\/","name":"Elfsight PL","description":"Just another Elfsight Sites site","potentialAction":[{"@type":"SearchAction","target":{"@type":"EntryPoint","urlTemplate":"https:\/\/elfsight.com\/pl\/?s={search_term_string}"},"query-input":{"@type":"PropertyValueSpecification","valueRequired":true,"valueName":"search_term_string"}}],"inLanguage":"pl-PL"}]}},"meta_box":{"industry":"","seo_heading":"","heading":"","description":"","cta_heading":"","cta_description":"","application":"1222","h1":"Wid\u017cet recenzji Tripadvisor w serwisie WWW","h1_caption":"Integruj recenzje swoich klient\u00f3w z serwisu Tripadvisor w swojej witrynie","application_category":[],"applications_title":"","applications_request_title":"","applications_request_button_text":"","hero_text":"","hero_video":"","hero_video_schema_markup":"","selling_points_title":"","selling_points_caption":"","selling_points":[],"selling_points_cta_text":"","features_title":"","features":"","ed_cta_examples_text":"","ed_cta_examples_hidden":"","ed_cta_demo_text":"","ed_cta_demo_hidden":"","why_caption":"","why_editor_title":"","why_editor_text":"","why_team_title":"","why_team_text":"","why_service_title":"","why_service_text":"","template_catalog_visible":"","template_catalog_title":"","template_catalog_text":"","template_catalog_categories_visible":"","demo_title":"Utw\u00f3rz wid\u017cet recenzji Tripadvisor","demo_caption":"Skonfiguruj swoje recenzje na Tripadvisor i dodaj je za darmo do swojej witryny Webflow!","default_faq_hidden":"","app_template_category":[],"platform":"127","template_public_id":"","codecanyon_url":"","codecanyon_item_id":"","codecanyon_price":"","pricing_caption":"","pricing_elfsight_apps_hide_column":"","pricing_elfsight_apps_url":"","pricing_codecanyon_price_caption":"","integration_category":[],"integration_request_title":"","integration_request_cta":"","integration_platform":"","integrations":[],"platform_category":[],"video_schema_markup":"","price":"od 0 USD \/ miesi\u0105c","trial":"","benefits":[{"text":"Bezp\u0142atna pomoc w instalacji"},{"text":"Wsparcie premium"},{"text":"14-dniowa gwarancja zwrotu pieni\u0119dzy"}],"button_url":"#demo","button_target_blank":"","button_nofollow":"","attributes":[{"name":"Instaluje"},{"name":"Czu\u0142y"},{"name":"Kompatybilne przegl\u0105darki"}],"tags":[],"tags_disable_links":"","hide_more_platforms":"","video_object":"","demo_hide_cta":"","demo_hide_cloud_options":"","pricing_title":"","pricing":[{"pricing_icon":"platform","pricing_title":"Elfsight Apps","pricing_title_caption":"Wersja wieloplatformowa, kt\u00f3ra dzia\u0142a na dowolnej witrynie","pricing_price":"od 0 USD \/ miesi\u0105c","pricing_price_caption":"zacznij od bezp\u0142atnego planu","pricing_benefits":[{"text":"Nieograniczona liczba domen"},{"text":"Profesjonalna obs\u0142uga klienta"},{"text":"Bezp\u0142atna us\u0142uga monta\u017cu"},{"text":"Specjalna oferta na wiele aplikacji"}],"pricing_button_text":"Dodaj do witryny","pricing_button_url":"#demo"}],"related_apps_title":"","related_apps_hidden":"","author":"","image":[],"title":"","job":"","social_networks":[]},"_links":{"self":[{"href":"https:\/\/elfsight.com\/pl\/wp-json\/wp\/v2\/pages\/6975","targetHints":{"allow":["GET"]}}],"collection":[{"href":"https:\/\/elfsight.com\/pl\/wp-json\/wp\/v2\/pages"}],"about":[{"href":"https:\/\/elfsight.com\/pl\/wp-json\/wp\/v2\/types\/page"}],"author":[{"embeddable":true,"href":"https:\/\/elfsight.com\/pl\/wp-json\/wp\/v2\/users\/9"}],"replies":[{"embeddable":true,"href":"https:\/\/elfsight.com\/pl\/wp-json\/wp\/v2\/comments?post=6975"}],"version-history":[{"count":2,"href":"https:\/\/elfsight.com\/pl\/wp-json\/wp\/v2\/pages\/6975\/revisions"}],"predecessor-version":[{"id":8078,"href":"https:\/\/elfsight.com\/pl\/wp-json\/wp\/v2\/pages\/6975\/revisions\/8078"}],"up":[{"embeddable":true,"href":"https:\/\/elfsight.com\/pl\/wp-json\/wp\/v2\/pages\/1223"}],"wp:attachment":[{"href":"https:\/\/elfsight.com\/pl\/wp-json\/wp\/v2\/media?parent=6975"}],"curies":[{"name":"wp","href":"https:\/\/api.w.org\/{rel}","templated":true}]}}