{"id":6974,"date":"1970-01-01T00:00:00","date_gmt":"1970-01-01T00:00:00","guid":{"rendered":"https:\/\/elfsight.com\/pl\/?page_id=6974"},"modified":"2024-11-14T12:40:31","modified_gmt":"2024-11-14T12:40:31","slug":"webnode","status":"publish","type":"page","link":"https:\/\/elfsight.com\/pl\/tripadvisor-reviews-widget\/webnode\/","title":{"rendered":"Tripadvisor Reviews &#8211; Webnode"},"content":{"rendered":"<div class=\"application-platform-content-item-description application-platform-content-item\" id=\"description\" data-nav-section=\"description\"> <h2>Opis<\/h2> <p>Je\u015bli chcesz okaza\u0107 uznanie klient\u00f3w i przekona\u0107 odwiedzaj\u0105cych witryn\u0119, \u017ce Twoje oferty s\u0105 warte zakupu, Widget Elfsight z recenzjami Tripadvisor idealnie Ci odpowiada. Korzystaj\u0105c z naszego narz\u0119dzia, mo\u017cesz wy\u015bwietla\u0107 recenzje u\u017cytkownik\u00f3w z serwisu Tripadvisor w swojej witrynie internetowej ze szczeg\u00f3\u0142owymi informacjami o ich autorach, sortowa\u0107 je tak, aby wy\u015bwietla\u0142y si\u0119 tylko najlepsze, wy\u015bwietla\u0107 oceny i przycisk pro\u015bby o recenzj\u0119, dzi\u0119ki kt\u00f3remu u\u017cytkownicy znajd\u0105 si\u0119 na Twojej stronie Tripadvisor, gdzie b\u0119d\u0105 mogli dodawa\u0107 ich recenzj\u0119. <\/p><div class=\"faq\" data-component=\"FAQ\"> <div class=\"faq-item\">\r\n\t\t\t\t\t<div class=\"faq-item-question\">\r\n\t\t\t\t\t\t<h3 class=\"faq-item-question-text\">Gdzie w mojej witrynie mog\u0119 to opublikowa\u0107<\/h3>\r\n\r\n\t\t\t\t\t\t<div class=\"faq-item-question-icon\"><\/div>\r\n\t\t\t\t\t<\/div>\r\n\r\n\t\t\t\t\t<div class=\"faq-item-answer\">\r\n\t\t\t\t\t\t<div class=\"faq-item-answer-text\"> <p>Mo\u017cesz wklei\u0107 wid\u017cet recenzji na dowolnej stronie witryny lub wklei\u0107 go do szablonu witryny, aby by\u0142 ujawnione na wszystkich stronach. Recenzje mog\u0105 dobrze sprawdzi\u0107 si\u0119 na stronach produkt\u00f3w lub na stronie O nas, gdzie chcesz pochwali\u0107 si\u0119 wysok\u0105 ocen\u0105. <\/p><\/div>\r\n\t\t\t\t\t<\/div>\r\n\t\t\t\t<\/div> <div class=\"faq-item\">\r\n\t\t\t\t\t<div class=\"faq-item-question\">\r\n\t\t\t\t\t\t<h3 class=\"faq-item-question-text\">Jakie korzy\u015bci przyniesie mi posiadanie tego rozwi\u0105zania? <\/h3>\r\n\r\n\t\t\t\t\t\t<div class=\"faq-item-question-icon\"><\/div>\r\n\t\t\t\t\t<\/div>\r\n\r\n\t\t\t\t\t<div class=\"faq-item-answer\">\r\n\t\t\t\t\t\t<div class=\"faq-item-answer-text\"> <p>Opinie udost\u0119pniane przez prawdziwe osoby s\u0105 w pe\u0142ni godne zaufania dla odwiedzaj\u0105cych Twoj\u0105 witryn\u0119 i udowadniaj\u0105 im, \u017ce Twoja firma jest godna zaufania. Wysoka ocena i doskona\u0142e recenzje mog\u0105 pom\u00f3c w wzmocnieniu zakup\u00f3w w Twojej witrynie. Ponadto przycisk przekierowania mo\u017ce przyczyni\u0107 si\u0119 do pojawienia si\u0119 wi\u0119kszej liczby recenzji klient\u00f3w na temat Twoich ofert lub us\u0142ug na Tripadvisor. <\/p> <\/div>\r\n\t\t\t\t\t<\/div>\r\n\t\t\t\t<\/div> <div class=\"faq-item\">\r\n\t\t\t\t\t<div class=\"faq-item-question\">\r\n\t\t\t\t\t\t<h3 class=\"faq-item-question-text\">Czego potrzebuj\u0119, aby umie\u015bci\u0107 wid\u017cet Recenzje na mojej stronie internetowej? <\/h3>\r\n\r\n\t\t\t\t\t\t<div class=\"faq-item-question-icon\"><\/div>\r\n\t\t\t\t\t<\/div>\r\n\r\n\t\t\t\t\t<div class=\"faq-item-answer\">\r\n\t\t\t\t\t\t<div class=\"faq-item-answer-text\"> <p>Aktywacja zajmuje tylko minut\u0119. Integracja jest niezwykle szybka, darmowa i bez kodowania. <\/p> <p>Za po\u015brednictwem naszej us\u0142ugi mo\u017cesz zintegrowa\u0107 widget ze swoj\u0105 stron\u0105 internetow\u0105. Po prostu post\u0119puj zgodnie z nasz\u0105 kr\u00f3tk\u0105 instrukcj\u0105 poni\u017cej na tej stronie. <\/p> <\/div>\r\n\t\t\t\t\t<\/div>\r\n\t\t\t\t<\/div> <\/div> <\/div> <div class=\"application-platform-content-item-features application-platform-content-item\" id=\"features\" data-nav-section=\"features\"> <h2>Funkcje<\/h2> <p>Aby dowiedzie\u0107 si\u0119 wi\u0119cej o funkcjonalno\u015bci wid\u017cetu Recenzje, przejrzyj list\u0119 z g\u0142\u00f3wnych cech. Dzi\u0119ki nim nasz widget jest naprawd\u0119 skuteczny w Twojej promocji: <\/p> <ul> <li>3 opcje filtr\u00f3w: wed\u0142ug typu, wykluczenia wed\u0142ug i ilo\u015bci wy\u015bwietlanych recenzji; <\/li> <li>4 gotowe do u\u017cycia uk\u0142ady: Lista, Siatka, Mur i Suwak; <\/li> <li> Prze\u0142\u0105czany nag\u0142\u00f3wek wid\u017cetu; <\/li> <li>Aktywny przycisk umo\u017cliwiaj\u0105cy udost\u0119pnienie nowej recenzji przenosi klient\u00f3w na stron\u0119 Tripadvisor; <\/li> <li>6 regulowanych element\u00f3w wid\u017cetu: imi\u0119 i nazwisko autora i zdj\u0119cia, tekst rekomendacji, data, ikona Tripadvisor i liczba gwiazdek; <\/li> <li>Dwa warianty scenariuszy po odrzuceniu pro\u015bby o sprawdzenie: poka\u017c wiadomo\u015b\u0107 lub usu\u0144 przycisk. <\/li> <\/ul><p><a href=\"#demo\">Dowiedz si\u0119 wi\u0119cej o funkcjach w wersji demonstracyjnej<\/a><\/p> <\/div> <div class=\"application-platform-content-item-installation application-platform-content-item\" id=\"installation\" data-nav-section=\"installation\"> <h2>Dowiedz si\u0119 jak umie\u015bci\u0107 recenzje na stronie Tripadvisor na swojej stronie Webnode. To proste<\/h2> <p> Aby doda\u0107 wid\u017cet wystarczy kilka prostych czynno\u015bci. <\/p> <ul><li><b>Zaprojektuj w\u0142asn\u0105 wtyczk\u0119 serwisu Tripadvisor<\/b><br> Korzystaj\u0105c z naszej bezp\u0142atnej wersji demonstracyjnej, skonstruuj wtyczk\u0119 z wybranym uk\u0142adem i cechami funkcjonalnymi. <\/li><li><b>Uzyskaj indywidualny kod do skonfigurowania wtyczki<\/b><br> Po wygenerowaniu wid\u017cetu otrzymasz kod instalacyjny z wy\u015bwietlonego okna aplikacji Elfsight. Skopiuj ten kod. <\/li> <li><b>Osad\u017a wtyczk\u0119 na swojej stronie<\/b><br> Wybierz miejsce, w kt\u00f3rym chcesz zintegrowa\u0107 wtyczk\u0119 i wklej tam skopiowany kod. Opublikuj wyniki. <\/li> <li><b>Gotowe! <\/b><br> Wejd\u017a do sklepu i zobacz swoje recenzje. <\/li> <\/ul><p>Nadal nie mo\u017cesz si\u0119 zdecydowa\u0107? Albo masz problemy? Wystarczy jedno zg\u0142oszenie do naszego dzia\u0142u obs\u0142ugi klienta, aby pom\u00f3c w ka\u017cdej sprawie. <\/p> <\/div>","protected":false},"excerpt":{"rendered":"","protected":false},"author":9,"featured_media":0,"parent":1223,"menu_order":0,"comment_status":"closed","ping_status":"closed","template":"templates\/template-application-platform.php","meta":{"publish_to_discourse":"","publish_post_category":"","wpdc_auto_publish_overridden":"","wpdc_topic_tags":"","wpdc_pin_topic":"","wpdc_pin_until":"","discourse_post_id":"","discourse_permalink":"","wpdc_publishing_response":"","wpdc_publishing_error":"","footnotes":""},"class_list":["post-6974","page","type-page","status-publish","hentry"],"yoast_head":"<!-- This site is optimized with the Yoast SEO plugin v25.3.1 - https:\/\/yoast.com\/wordpress\/plugins\/seo\/ -->\n<title>Umie\u015b\u0107 wid\u017cet recenzji Tripadvisor na swojej witrynie internetowej Webnode (2025)<\/title>\n<meta name=\"description\" content=\"Utworzenie wid\u017cetu recenzji Tripadvisor i wy\u015bwietlenie go na stronie internetowej Webnode nie jest trudne. Obs\u0142uga klienta Elfsight jest bezp\u0142atna.\" \/>\n<meta name=\"robots\" content=\"index, follow, max-snippet:-1, max-image-preview:large, max-video-preview:-1\" \/>\n<link rel=\"canonical\" href=\"https:\/\/elfsight.com\/pl\/tripadvisor-reviews-widget\/webnode\/\" \/>\n<meta property=\"og:locale\" content=\"pl_PL\" \/>\n<meta property=\"og:type\" content=\"article\" \/>\n<meta property=\"og:title\" content=\"Umie\u015b\u0107 wid\u017cet recenzji Tripadvisor na swojej witrynie internetowej Webnode (2025)\" \/>\n<meta property=\"og:description\" content=\"Utworzenie wid\u017cetu recenzji Tripadvisor i wy\u015bwietlenie go na stronie internetowej Webnode nie jest trudne. Obs\u0142uga klienta Elfsight jest bezp\u0142atna.\" \/>\n<meta property=\"og:url\" content=\"https:\/\/elfsight.com\/pl\/tripadvisor-reviews-widget\/webnode\/\" \/>\n<meta property=\"og:site_name\" content=\"Elfsight PL\" \/>\n<meta property=\"article:modified_time\" content=\"2024-11-14T12:40:31+00:00\" \/>\n<meta name=\"twitter:card\" content=\"summary_large_image\" \/>\n<meta name=\"twitter:label1\" content=\"Szacowany czas czytania\" \/>\n\t<meta name=\"twitter:data1\" content=\"3 minuty\" \/>\n<!-- \/ Yoast SEO plugin. -->","yoast_head_json":{"title":"Umie\u015b\u0107 wid\u017cet recenzji Tripadvisor na swojej witrynie internetowej Webnode (2025)","description":"Utworzenie wid\u017cetu recenzji Tripadvisor i wy\u015bwietlenie go na stronie internetowej Webnode nie jest trudne. Obs\u0142uga klienta Elfsight jest bezp\u0142atna.","robots":{"index":"index","follow":"follow","max-snippet":"max-snippet:-1","max-image-preview":"max-image-preview:large","max-video-preview":"max-video-preview:-1"},"canonical":"https:\/\/elfsight.com\/pl\/tripadvisor-reviews-widget\/webnode\/","og_locale":"pl_PL","og_type":"article","og_title":"Umie\u015b\u0107 wid\u017cet recenzji Tripadvisor na swojej witrynie internetowej Webnode (2025)","og_description":"Utworzenie wid\u017cetu recenzji Tripadvisor i wy\u015bwietlenie go na stronie internetowej Webnode nie jest trudne. Obs\u0142uga klienta Elfsight jest bezp\u0142atna.","og_url":"https:\/\/elfsight.com\/pl\/tripadvisor-reviews-widget\/webnode\/","og_site_name":"Elfsight PL","article_modified_time":"2024-11-14T12:40:31+00:00","twitter_card":"summary_large_image","twitter_misc":{"Szacowany czas czytania":"3 minuty"},"schema":{"@context":"https:\/\/schema.org","@graph":[{"@type":"WebPage","@id":"https:\/\/elfsight.com\/pl\/tripadvisor-reviews-widget\/webnode\/","url":"https:\/\/elfsight.com\/pl\/tripadvisor-reviews-widget\/webnode\/","name":"Umie\u015b\u0107 wid\u017cet recenzji Tripadvisor na swojej witrynie internetowej Webnode (2025)","isPartOf":{"@id":"https:\/\/elfsight.com\/pl\/#website"},"datePublished":"1970-01-01T00:00:00+00:00","dateModified":"2024-11-14T12:40:31+00:00","description":"Utworzenie wid\u017cetu recenzji Tripadvisor i wy\u015bwietlenie go na stronie internetowej Webnode nie jest trudne. Obs\u0142uga klienta Elfsight jest bezp\u0142atna.","breadcrumb":{"@id":"https:\/\/elfsight.com\/pl\/tripadvisor-reviews-widget\/webnode\/#breadcrumb"},"inLanguage":"pl-PL","potentialAction":[{"@type":"ReadAction","target":["https:\/\/elfsight.com\/pl\/tripadvisor-reviews-widget\/webnode\/"]}]},{"@type":"BreadcrumbList","@id":"https:\/\/elfsight.com\/pl\/tripadvisor-reviews-widget\/webnode\/#breadcrumb","itemListElement":[{"@type":"ListItem","position":1,"name":"Home","item":"https:\/\/elfsight.com\/pl\/"},{"@type":"ListItem","position":2,"name":"Tripadvisor Reviews","item":"https:\/\/elfsight.com\/pl\/tripadvisor-reviews-widget\/"},{"@type":"ListItem","position":3,"name":"Tripadvisor Reviews &#8211; Webnode"}]},{"@type":"WebSite","@id":"https:\/\/elfsight.com\/pl\/#website","url":"https:\/\/elfsight.com\/pl\/","name":"Elfsight PL","description":"Just another Elfsight Sites site","potentialAction":[{"@type":"SearchAction","target":{"@type":"EntryPoint","urlTemplate":"https:\/\/elfsight.com\/pl\/?s={search_term_string}"},"query-input":{"@type":"PropertyValueSpecification","valueRequired":true,"valueName":"search_term_string"}}],"inLanguage":"pl-PL"}]}},"meta_box":{"industry":"","seo_heading":"","heading":"","description":"","cta_heading":"","cta_description":"","application":"1222","h1":"Wid\u017cet recenzji serwisu Tripadvisor w w\u0119\u017ale internetowym","h1_caption":"Wy\u015bwietlaj w swojej witrynie najlepsze wra\u017cenia klient\u00f3w z serwisu Tripadvisor","application_category":[],"applications_title":"","applications_request_title":"","applications_request_button_text":"","hero_text":"","hero_video":"","hero_video_schema_markup":"","selling_points_title":"","selling_points_caption":"","selling_points":[],"selling_points_cta_text":"","features_title":"","features":"","ed_cta_examples_text":"","ed_cta_examples_hidden":"","ed_cta_demo_text":"","ed_cta_demo_hidden":"","why_caption":"","why_editor_title":"","why_editor_text":"","why_team_title":"","why_team_text":"","why_service_title":"","why_service_text":"","template_catalog_visible":"","template_catalog_title":"","template_catalog_text":"","template_catalog_categories_visible":"","demo_title":"Utw\u00f3rz wid\u017cet recenzji Tripadvisor","demo_caption":"Skonfiguruj swoje recenzje na Tripadvisor i dodaj je za darmo do swojej witryny Webnode!","default_faq_hidden":"","app_template_category":[],"platform":"138","template_public_id":"","codecanyon_url":"","codecanyon_item_id":"","codecanyon_price":"","pricing_caption":"","pricing_elfsight_apps_hide_column":"","pricing_elfsight_apps_url":"","pricing_codecanyon_price_caption":"","integration_category":[],"integration_request_title":"","integration_request_cta":"","integration_platform":"","integrations":[],"platform_category":[],"video_schema_markup":"","price":"od 0 USD \/ miesi\u0105c","trial":"","benefits":[{"text":"Bezp\u0142atna us\u0142uga monta\u017cu"},{"text":"Do\u015bwiadczona obs\u0142uga klienta"},{"text":"14-dniowa gwarancja zwrotu pieni\u0119dzy"}],"button_url":"#demo","button_target_blank":"","button_nofollow":"","attributes":[{"name":"Instaluje"},{"name":"Czu\u0142y"},{"name":"Kompatybilne przegl\u0105darki"}],"tags":[],"tags_disable_links":"","hide_more_platforms":"","video_object":"","demo_hide_cta":"","demo_hide_cloud_options":"","pricing_title":"","pricing":[{"pricing_icon":"platform","pricing_title":"Elfsight Apps","pricing_title_caption":"Niezale\u017cne od platformy rozwi\u0105zanie cyfrowe","pricing_price":"od 0 USD \/ miesi\u0105c","pricing_price_caption":"zacznij od bezp\u0142atnego planu","pricing_benefits":[{"text":"Nielimitowane domeny"},{"text":"Bezp\u0142atne i terminowe wsparcie"},{"text":"Bezp\u0142atna pomoc w monta\u017cu"},{"text":"Specjalna cena za wiele aplikacji"}],"pricing_button_text":"Dodaj do witryny","pricing_button_url":"#demo"}],"related_apps_title":"","related_apps_hidden":"","author":"","image":[],"title":"","job":"","social_networks":[]},"_links":{"self":[{"href":"https:\/\/elfsight.com\/pl\/wp-json\/wp\/v2\/pages\/6974","targetHints":{"allow":["GET"]}}],"collection":[{"href":"https:\/\/elfsight.com\/pl\/wp-json\/wp\/v2\/pages"}],"about":[{"href":"https:\/\/elfsight.com\/pl\/wp-json\/wp\/v2\/types\/page"}],"author":[{"embeddable":true,"href":"https:\/\/elfsight.com\/pl\/wp-json\/wp\/v2\/users\/9"}],"replies":[{"embeddable":true,"href":"https:\/\/elfsight.com\/pl\/wp-json\/wp\/v2\/comments?post=6974"}],"version-history":[{"count":1,"href":"https:\/\/elfsight.com\/pl\/wp-json\/wp\/v2\/pages\/6974\/revisions"}],"predecessor-version":[{"id":6978,"href":"https:\/\/elfsight.com\/pl\/wp-json\/wp\/v2\/pages\/6974\/revisions\/6978"}],"up":[{"embeddable":true,"href":"https:\/\/elfsight.com\/pl\/wp-json\/wp\/v2\/pages\/1223"}],"wp:attachment":[{"href":"https:\/\/elfsight.com\/pl\/wp-json\/wp\/v2\/media?parent=6974"}],"curies":[{"name":"wp","href":"https:\/\/api.w.org\/{rel}","templated":true}]}}