{"id":6973,"date":"1970-01-01T00:00:00","date_gmt":"1970-01-01T00:00:00","guid":{"rendered":"https:\/\/elfsight.com\/pl\/?page_id=6973"},"modified":"2024-11-14T12:40:31","modified_gmt":"2024-11-14T12:40:31","slug":"bigcommerce","status":"publish","type":"page","link":"https:\/\/elfsight.com\/pl\/tripadvisor-reviews-widget\/bigcommerce\/","title":{"rendered":"Tripadvisor Reviews &#8211; BigCommerce"},"content":{"rendered":"<div class=\"application-platform-content-item-description application-platform-content-item\" id=\"description\" data-nav-section=\"description\"> <h2>Opis<\/h2> <p>Je\u015bli szukasz sposobu, aby pochwali\u0107 si\u0119 wysok\u0105 ocen\u0105 i przekona\u0107 odwiedzaj\u0105cych witryn\u0119, \u017ce Twoje produkty lub us\u0142ugi warto kupi\u0107, widget Elfsight TripAdvisor Reviews to w\u0142a\u015bciwy wyb\u00f3r. Za pomoc\u0105 naszego narz\u0119dzia mo\u017cesz wstawi\u0107 recenzje klient\u00f3w z serwisu TripAdvisor na dowoln\u0105 stron\u0119 swojej witryny; uporz\u0105dkuj je, aby pokaza\u0107 tylko najlepsze; dodawaj oceny i przycisk przekierowuj\u0105cy, kt\u00f3ry przeniesie u\u017cytkownik\u00f3w na Twoje konto w serwisie TripAdvisor, gdzie b\u0119d\u0105 mogli doda\u0107 now\u0105 recenzj\u0119. <\/p><div class=\"faq\" data-component=\"FAQ\"> <div class=\"faq-item\">\r\n\t\t\t\t\t<div class=\"faq-item-question\">\r\n\t\t\t\t\t\t<h3 class=\"faq-item-question-text\">Gdzie mog\u0119 zintegrowa\u0107 widget<\/h3>\r\n\r\n\t\t\t\t\t\t<div class=\"faq-item-question-icon\"><\/div>\r\n\t\t\t\t\t<\/div>\r\n\r\n\t\t\t\t\t<div class=\"faq-item-answer\">\r\n\t\t\t\t\t\t<div class=\"faq-item-answer-text\"> <p>Widget mo\u017cna wy\u015bwietli\u0107 na dowolnej stronie, na kt\u00f3rej chcesz zademonstrowa\u0107 swoj\u0105 wysok\u0105 ocen\u0119 i popularno\u015b\u0107 w\u015br\u00f3d klient\u00f3w. Je\u015bli chcesz opublikowa\u0107 wid\u017cet na wszystkich stronach serwisu, mo\u017cesz po prostu wklei\u0107 go do szablonu witryny. <\/p><\/div>\r\n\t\t\t\t\t<\/div>\r\n\t\t\t\t<\/div> <div class=\"faq-item\">\r\n\t\t\t\t\t<div class=\"faq-item-question\">\r\n\t\t\t\t\t\t<h3 class=\"faq-item-question-text\">Jakie daje mi to korzy\u015bci? <\/h3>\r\n\r\n\t\t\t\t\t\t<div class=\"faq-item-question-icon\"><\/div>\r\n\t\t\t\t\t<\/div>\r\n\r\n\t\t\t\t\t<div class=\"faq-item-answer\">\r\n\t\t\t\t\t\t<div class=\"faq-item-answer-text\"> <p>Recenzje pisane przez prawdziwych ludzi wygl\u0105daj\u0105 dla u\u017cytkownik\u00f3w Twojej witryny maksymalnie wiarygodnie i wskazuj\u0105 im, \u017ce Twoja firma jest wiarygodnym partnerem. Wysoka ocena i pozytywne recenzje mog\u0105 pom\u00f3c zwi\u0119kszy\u0107 liczb\u0119 zakup\u00f3w w Twojej witrynie. Ponadto aktywny przycisk przyczyni si\u0119 do pojawienia si\u0119 wi\u0119kszej liczby recenzji klient\u00f3w na temat Twoich ofert lub us\u0142ug na Tripadvisor. <\/p> <\/div>\r\n\t\t\t\t\t<\/div>\r\n\t\t\t\t<\/div> <div class=\"faq-item\">\r\n\t\t\t\t\t<div class=\"faq-item-question\">\r\n\t\t\t\t\t\t<h3 class=\"faq-item-question-text\">Jak osadzi\u0107 recenzje z wid\u017cetu Tripadvisor w mojej witrynie BigCommerce? <\/h3>\r\n\r\n\t\t\t\t\t\t<div class=\"faq-item-question-icon\"><\/div>\r\n\t\t\t\t\t<\/div>\r\n\r\n\t\t\t\t\t<div class=\"faq-item-answer\">\r\n\t\t\t\t\t\t<div class=\"faq-item-answer-text\"> <p>Aktywacja zajmie kilka minut. Dodawanie jest niezwykle szybkie, bezp\u0142atne i nie wymaga kodowania. <\/p> <p>Widget Recenzje Elfsight mo\u017cna wprowadzi\u0107 bezpo\u015brednio w naszym serwisie lub za po\u015brednictwem rynku. Mo\u017cesz zapozna\u0107 si\u0119 z obiema opcjami i zdecydowa\u0107, kt\u00f3ra jest bardziej odpowiednia. <\/p> <\/div>\r\n\t\t\t\t\t<\/div>\r\n\t\t\t\t<\/div> <\/div> <\/div> <div class=\"application-platform-content-item-features application-platform-content-item\" id=\"features\" data-nav-section=\"features\"> <h2>Funkcje<\/h2> <p>Aby lepiej pozna\u0107 wid\u017cet, sprawd\u017a list\u0119 jego podstawowe cechy. Sprawiaj\u0105, \u017ce widget jest dla Ciebie naprawd\u0119 przydatny: <\/p> <ul> <li>3 predefiniowane filtry: wed\u0142ug typu, wykluczania i ilo\u015bci wy\u015bwietlanych recenzji; <\/li> <li>4 dost\u0119pne opcje uk\u0142ad\u00f3w: Lista, Siatka, Mur i Suwak; <\/li> <li>Mo\u017cliwo\u015b\u0107 pokazania lub ukrycia nag\u0142\u00f3wka wid\u017cetu; <\/li> <li>Aktywny przycisk umo\u017cliwiaj\u0105cy pozostawienie jeszcze jednej recenzji kieruje u\u017cytkownik\u00f3w do strony Tripadvisor; <\/li> <li>Sze\u015b\u0107 element\u00f3w wid\u017cetu, kt\u00f3re mo\u017cna dostosowywa\u0107: nazwisko i zdj\u0119cie autora, tekst rekomendacji, data udost\u0119pnienia, ikona Tripadvisor i liczba gwiazdek; <\/li> <li>Dwie mo\u017cliwo\u015bci scenariusza odmowy pro\u015bby o sprawdzenie: wy\u015bwietl niestandardowy komunikat lub usu\u0144 przycisk. <\/li> <\/ul><p><a href=\"#demo\">Poznaj wi\u0119cej funkcji w wersji demonstracyjnej<\/a><\/p> <\/div> <div class=\"application-platform-content-item-installation application-platform-content-item\" id=\"installation\" data-nav-section=\"installation\"> <h2> Sprawd\u017amy, jak doda\u0107 recenzje Tripadvisor do Twojego sklepu BigCommerce<\/h2> <div class=\"video-container\"><iframe width=\"720\" height=\"405\" src=\"https:\/\/www.youtube.com\/embed\/nuJMEaGxIXM\" frameborder=\"0\" allowfullscreen=\"\"><\/iframe><\/div><p>Wystarczy spe\u0142ni\u0107 poni\u017csze wskaz\u00f3wki, aby rozpocz\u0105\u0107 prac\u0119 z aplikacj\u0105 w BigCommerce.<\/p> <ol><li> <b>Skorzystaj z naszej bezp\u0142atnej wersji demonstracyjnej i zacznij tworzy\u0107 sw\u00f3j w\u0142asny widget. <\/b><br> Okre\u015bl preferowan\u0105 form\u0119 i opcje wid\u017cetu i zastosuj zmiany. <\/li> <li><b>Skopiuj sw\u00f3j indywidualny kod wy\u015bwietlony w oknie aplikacji Elfsight. <\/b><br> Po zako\u0144czeniu konfiguracji aplikacji skopiuj kod osobisty z wy\u015bwietlonego wyskakuj\u0105cego okienka i zachowaj go do p\u00f3\u017aniejszego wykorzystania. <\/li> <li><b>Rozpocznij stosowanie wid\u017cetu Recenzje dla Tripadvisor w swojej witrynie BigCommerce. <\/b><br> Wstaw skopiowany ostatnio kod na swoj\u0105 stron\u0119 i zapisz zmiany. <\/li> <li><b>Instalacja zosta\u0142a pomy\u015blnie zako\u0144czona. <\/b><br> Odwied\u017a swoj\u0105 stron\u0119 i obserwuj prac\u0119 narz\u0119dzia. <\/li><\/ol><p>Nadal nie mo\u017cesz podj\u0105\u0107 decyzji? Albo natkn\u0105\u0142e\u015b si\u0119 na co\u015b? Po prostu napisz pro\u015bb\u0119 do naszego dzia\u0142u obs\u0142ugi klienta, a my rozwi\u0105\u017cemy ka\u017cdy problem. <\/p> <\/div>","protected":false},"excerpt":{"rendered":"","protected":false},"author":9,"featured_media":0,"parent":1223,"menu_order":0,"comment_status":"closed","ping_status":"closed","template":"templates\/template-application-platform.php","meta":{"publish_to_discourse":"","publish_post_category":"","wpdc_auto_publish_overridden":"","wpdc_topic_tags":"","wpdc_pin_topic":"","wpdc_pin_until":"","discourse_post_id":"","discourse_permalink":"","wpdc_publishing_response":"","wpdc_publishing_error":"","footnotes":""},"class_list":["post-6973","page","type-page","status-publish","hentry"],"yoast_head":"<!-- This site is optimized with the Yoast SEO plugin v25.3.1 - https:\/\/yoast.com\/wordpress\/plugins\/seo\/ -->\n<title>Umie\u015b\u0107 aplikacj\u0119 Recenzje Tripadvisor na swojej witrynie BigCommerce (2025)<\/title>\n<meta name=\"description\" content=\"Oto mo\u017cliwo\u015b\u0107 zaprojektowania aplikacji Recenzje Tripadvisor i zintegrowania jej ze sklepem BigCommerce. B\u0119dziesz cieszy\u0107 si\u0119 bezp\u0142atn\u0105 obs\u0142ug\u0105 klienta i innymi korzy\u015bciami.\" \/>\n<meta name=\"robots\" content=\"index, follow, max-snippet:-1, max-image-preview:large, max-video-preview:-1\" \/>\n<link rel=\"canonical\" href=\"https:\/\/elfsight.com\/pl\/tripadvisor-reviews-widget\/bigcommerce\/\" \/>\n<meta property=\"og:locale\" content=\"pl_PL\" \/>\n<meta property=\"og:type\" content=\"article\" \/>\n<meta property=\"og:title\" content=\"Umie\u015b\u0107 aplikacj\u0119 Recenzje Tripadvisor na swojej witrynie BigCommerce (2025)\" \/>\n<meta property=\"og:description\" content=\"Oto mo\u017cliwo\u015b\u0107 zaprojektowania aplikacji Recenzje Tripadvisor i zintegrowania jej ze sklepem BigCommerce. B\u0119dziesz cieszy\u0107 si\u0119 bezp\u0142atn\u0105 obs\u0142ug\u0105 klienta i innymi korzy\u015bciami.\" \/>\n<meta property=\"og:url\" content=\"https:\/\/elfsight.com\/pl\/tripadvisor-reviews-widget\/bigcommerce\/\" \/>\n<meta property=\"og:site_name\" content=\"Elfsight PL\" \/>\n<meta property=\"article:modified_time\" content=\"2024-11-14T12:40:31+00:00\" \/>\n<meta name=\"twitter:card\" content=\"summary_large_image\" \/>\n<meta name=\"twitter:label1\" content=\"Szacowany czas czytania\" \/>\n\t<meta name=\"twitter:data1\" content=\"3 minuty\" \/>\n<!-- \/ Yoast SEO plugin. -->","yoast_head_json":{"title":"Umie\u015b\u0107 aplikacj\u0119 Recenzje Tripadvisor na swojej witrynie BigCommerce (2025)","description":"Oto mo\u017cliwo\u015b\u0107 zaprojektowania aplikacji Recenzje Tripadvisor i zintegrowania jej ze sklepem BigCommerce. B\u0119dziesz cieszy\u0107 si\u0119 bezp\u0142atn\u0105 obs\u0142ug\u0105 klienta i innymi korzy\u015bciami.","robots":{"index":"index","follow":"follow","max-snippet":"max-snippet:-1","max-image-preview":"max-image-preview:large","max-video-preview":"max-video-preview:-1"},"canonical":"https:\/\/elfsight.com\/pl\/tripadvisor-reviews-widget\/bigcommerce\/","og_locale":"pl_PL","og_type":"article","og_title":"Umie\u015b\u0107 aplikacj\u0119 Recenzje Tripadvisor na swojej witrynie BigCommerce (2025)","og_description":"Oto mo\u017cliwo\u015b\u0107 zaprojektowania aplikacji Recenzje Tripadvisor i zintegrowania jej ze sklepem BigCommerce. B\u0119dziesz cieszy\u0107 si\u0119 bezp\u0142atn\u0105 obs\u0142ug\u0105 klienta i innymi korzy\u015bciami.","og_url":"https:\/\/elfsight.com\/pl\/tripadvisor-reviews-widget\/bigcommerce\/","og_site_name":"Elfsight PL","article_modified_time":"2024-11-14T12:40:31+00:00","twitter_card":"summary_large_image","twitter_misc":{"Szacowany czas czytania":"3 minuty"},"schema":{"@context":"https:\/\/schema.org","@graph":[{"@type":"WebPage","@id":"https:\/\/elfsight.com\/pl\/tripadvisor-reviews-widget\/bigcommerce\/","url":"https:\/\/elfsight.com\/pl\/tripadvisor-reviews-widget\/bigcommerce\/","name":"Umie\u015b\u0107 aplikacj\u0119 Recenzje Tripadvisor na swojej witrynie BigCommerce (2025)","isPartOf":{"@id":"https:\/\/elfsight.com\/pl\/#website"},"datePublished":"1970-01-01T00:00:00+00:00","dateModified":"2024-11-14T12:40:31+00:00","description":"Oto mo\u017cliwo\u015b\u0107 zaprojektowania aplikacji Recenzje Tripadvisor i zintegrowania jej ze sklepem BigCommerce. B\u0119dziesz cieszy\u0107 si\u0119 bezp\u0142atn\u0105 obs\u0142ug\u0105 klienta i innymi korzy\u015bciami.","breadcrumb":{"@id":"https:\/\/elfsight.com\/pl\/tripadvisor-reviews-widget\/bigcommerce\/#breadcrumb"},"inLanguage":"pl-PL","potentialAction":[{"@type":"ReadAction","target":["https:\/\/elfsight.com\/pl\/tripadvisor-reviews-widget\/bigcommerce\/"]}]},{"@type":"BreadcrumbList","@id":"https:\/\/elfsight.com\/pl\/tripadvisor-reviews-widget\/bigcommerce\/#breadcrumb","itemListElement":[{"@type":"ListItem","position":1,"name":"Home","item":"https:\/\/elfsight.com\/pl\/"},{"@type":"ListItem","position":2,"name":"Tripadvisor Reviews","item":"https:\/\/elfsight.com\/pl\/tripadvisor-reviews-widget\/"},{"@type":"ListItem","position":3,"name":"Tripadvisor Reviews &#8211; BigCommerce"}]},{"@type":"WebSite","@id":"https:\/\/elfsight.com\/pl\/#website","url":"https:\/\/elfsight.com\/pl\/","name":"Elfsight PL","description":"Just another Elfsight Sites site","potentialAction":[{"@type":"SearchAction","target":{"@type":"EntryPoint","urlTemplate":"https:\/\/elfsight.com\/pl\/?s={search_term_string}"},"query-input":{"@type":"PropertyValueSpecification","valueRequired":true,"valueName":"search_term_string"}}],"inLanguage":"pl-PL"}]}},"meta_box":{"industry":"","seo_heading":"","heading":"","description":"","cta_heading":"","cta_description":"","application":"1222","h1":"Aplikacja BigCommerce z recenzjami Tripadvisor","h1_caption":"Opublikuj w swojej witrynie najbardziej kusz\u0105ce wra\u017cenia klient\u00f3w z serwisu Tripadvisor","application_category":[],"applications_title":"","applications_request_title":"","applications_request_button_text":"","hero_text":"","hero_video":"","hero_video_schema_markup":"","selling_points_title":"","selling_points_caption":"","selling_points":[],"selling_points_cta_text":"","features_title":"","features":"","ed_cta_examples_text":"","ed_cta_examples_hidden":"","ed_cta_demo_text":"","ed_cta_demo_hidden":"","why_caption":"","why_editor_title":"","why_editor_text":"","why_team_title":"","why_team_text":"","why_service_title":"","why_service_text":"","template_catalog_visible":"","template_catalog_title":"","template_catalog_text":"","template_catalog_categories_visible":"","demo_title":"Utw\u00f3rz aplikacj\u0119 z recenzjami Tripadvisor","demo_caption":"Skonfiguruj swoje recenzje na Tripadvisor i dodaj je za darmo do swojej witryny BigCommerce!","default_faq_hidden":"","app_template_category":[],"platform":"41","template_public_id":"","codecanyon_url":"","codecanyon_item_id":"","codecanyon_price":"","pricing_caption":"","pricing_elfsight_apps_hide_column":"","pricing_elfsight_apps_url":"","pricing_codecanyon_price_caption":"","integration_category":[],"integration_request_title":"","integration_request_cta":"","integration_platform":"","integrations":[],"platform_category":[],"video_schema_markup":"","price":"od 0 USD \/ miesi\u0105c","trial":"","benefits":[{"text":"Bezp\u0142atna pomoc w monta\u017cu"},{"text":"Wyj\u0105tkowe wsparcie"},{"text":"14-dniowa gwarancja zwrotu pieni\u0119dzy"}],"button_url":"#demo","button_target_blank":"","button_nofollow":"","attributes":[{"name":"Instaluje"},{"name":"Czu\u0142y"},{"name":"Kompatybilne przegl\u0105darki"}],"tags":[],"tags_disable_links":"","hide_more_platforms":"","video_object":"","demo_hide_cta":"","demo_hide_cloud_options":"","pricing_title":"","pricing":[{"pricing_icon":"platform","pricing_title":"Elfsight Apps","pricing_title_caption":"Rozwi\u0105zanie niezale\u017cne od platformy, kt\u00f3re dzia\u0142a na ka\u017cdej witrynie","pricing_price":"od 0 USD \/ miesi\u0105c","pricing_price_caption":"zacznij od bezp\u0142atnego planu","pricing_benefits":[{"text":"Nielimitowane domeny"},{"text":"Bezp\u0142atne wsparcie i dobrze udokumentowane"},{"text":"Bezp\u0142atne wsparcie przy instalacji"},{"text":"Elastyczny projekt"}],"pricing_button_text":"Dodaj do witryny","pricing_button_url":"#demo"}],"related_apps_title":"","related_apps_hidden":"","author":"","image":[],"title":"","job":"","social_networks":[]},"_links":{"self":[{"href":"https:\/\/elfsight.com\/pl\/wp-json\/wp\/v2\/pages\/6973","targetHints":{"allow":["GET"]}}],"collection":[{"href":"https:\/\/elfsight.com\/pl\/wp-json\/wp\/v2\/pages"}],"about":[{"href":"https:\/\/elfsight.com\/pl\/wp-json\/wp\/v2\/types\/page"}],"author":[{"embeddable":true,"href":"https:\/\/elfsight.com\/pl\/wp-json\/wp\/v2\/users\/9"}],"replies":[{"embeddable":true,"href":"https:\/\/elfsight.com\/pl\/wp-json\/wp\/v2\/comments?post=6973"}],"version-history":[{"count":2,"href":"https:\/\/elfsight.com\/pl\/wp-json\/wp\/v2\/pages\/6973\/revisions"}],"predecessor-version":[{"id":8077,"href":"https:\/\/elfsight.com\/pl\/wp-json\/wp\/v2\/pages\/6973\/revisions\/8077"}],"up":[{"embeddable":true,"href":"https:\/\/elfsight.com\/pl\/wp-json\/wp\/v2\/pages\/1223"}],"wp:attachment":[{"href":"https:\/\/elfsight.com\/pl\/wp-json\/wp\/v2\/media?parent=6973"}],"curies":[{"name":"wp","href":"https:\/\/api.w.org\/{rel}","templated":true}]}}