{"id":6967,"date":"2024-05-03T06:51:50","date_gmt":"2024-05-03T06:51:50","guid":{"rendered":"https:\/\/elfsight.com\/pl\/?page_id=6967"},"modified":"2024-11-14T12:40:23","modified_gmt":"2024-11-14T12:40:23","slug":"weebly","status":"publish","type":"page","link":"https:\/\/elfsight.com\/pl\/tripadvisor-reviews-widget\/weebly\/","title":{"rendered":"Tripadvisor Reviews &#8211; Weebly"},"content":{"rendered":"<div class=\"application-platform-content-item-description application-platform-content-item\" id=\"description\" data-nav-section=\"description\"> <h2>Opis<\/h2> <p>Elfsight Recenzje Tripadvisor to prosty widget, kt\u00f3ry umo\u017cliwia publikowanie w Twojej witrynie recenzji u\u017cytkownik\u00f3w na temat Twoich ofert z serwisu Tripadvisor. Nasz wid\u017cet umo\u017cliwia zastosowanie filtr\u00f3w w celu ukrycia niepo\u017c\u0105danych recenzji, ujawnienia ocen w postaci gwiazdek i liczb na stronie Tripadvisor, podania szczeg\u00f3\u0142owych informacji o autorach oraz wy\u015bwietlenia przycisku, kt\u00f3ry pomo\u017ce odwiedzaj\u0105cym zamie\u015bci\u0107 recenzj\u0119 na Tripadvisor. Widget Recenzje serwisu Tripadvisor Elfsight pomo\u017ce Ci zaprezentowa\u0107 w Twojej witrynie doskona\u0142y dow\u00f3d spo\u0142eczno\u015bciowy i przyci\u0105gn\u0105\u0107 nowych klient\u00f3w. <\/p><div class=\"faq\" data-component=\"FAQ\"> <div class=\"faq-item\">\r\n\t\t\t\t\t<div class=\"faq-item-question\">\r\n\t\t\t\t\t\t<h3 class=\"faq-item-question-text\">Gdzie mog\u0119 go osadzi\u0107<\/h3>\r\n\r\n\t\t\t\t\t\t<div class=\"faq-item-question-icon\"><\/div>\r\n\t\t\t\t\t<\/div>\r\n\r\n\t\t\t\t\t<div class=\"faq-item-answer\">\r\n\t\t\t\t\t\t<div class=\"faq-item-answer-text\"> <p>Mo\u017cesz doda\u0107 wid\u017cet recenzji do dowolnej strony witryny lub wstawi\u0107 go do szablonu witryny, w tym przypadku b\u0119dzie to pojawiaj\u0105 si\u0119 na wszystkich stronach. Recenzje s\u0105 skuteczne na stronach produkt\u00f3w lub na stronie O nas, gdzie musisz pokaza\u0107 swoj\u0105 wysok\u0105 ocen\u0119. <\/p><\/div>\r\n\t\t\t\t\t<\/div>\r\n\t\t\t\t<\/div> <div class=\"faq-item\">\r\n\t\t\t\t\t<div class=\"faq-item-question\">\r\n\t\t\t\t\t\t<h3 class=\"faq-item-question-text\">Jakie s\u0105 dla mnie zalety posiadania wid\u017cetu? <\/h3>\r\n\r\n\t\t\t\t\t\t<div class=\"faq-item-question-icon\"><\/div>\r\n\t\t\t\t\t<\/div>\r\n\r\n\t\t\t\t\t<div class=\"faq-item-answer\">\r\n\t\t\t\t\t\t<div class=\"faq-item-answer-text\"> <p>Recenzje zamieszczane przez prawdziwe osoby s\u0105 dla klient\u00f3w Twojej witryny maksymalnie godne zaufania i wskazuj\u0105 im, \u017ce Twoja firma mo\u017ce zosta\u0107 zaufany. Wysoka ocena i pozytywne wy\u015bwietlenia mog\u0105 pom\u00f3c w zwi\u0119kszeniu poziomu zakup\u00f3w w Twojej witrynie. Aktywny przycisk mo\u017ce tak\u017ce przyczyni\u0107 si\u0119 do zwi\u0119kszenia liczby recenzji klient\u00f3w na temat Twoich ofert lub us\u0142ug na Tripadvisor. <\/p> <\/div>\r\n\t\t\t\t\t<\/div>\r\n\t\t\t\t<\/div> <div class=\"faq-item\">\r\n\t\t\t\t\t<div class=\"faq-item-question\">\r\n\t\t\t\t\t\t<h3 class=\"faq-item-question-text\">Jak osadzi\u0107 recenzje z wid\u017cetu Tripadvisor w mojej witrynie Weebly? <\/h3>\r\n\r\n\t\t\t\t\t\t<div class=\"faq-item-question-icon\"><\/div>\r\n\t\t\t\t\t<\/div>\r\n\r\n\t\t\t\t\t<div class=\"faq-item-answer\">\r\n\t\t\t\t\t\t<div class=\"faq-item-answer-text\"> <p>Rozpocz\u0119cie korzystania z wid\u017cetu zajmuje tylko kilka minut. Dodawanie jest bardzo szybkie, bezp\u0142atne i nie wymaga kodowania. <\/p> <p>Wid\u017cet mo\u017cna skonfigurowa\u0107 za po\u015brednictwem naszego serwisu lub za po\u015brednictwem rynku. Mo\u017cesz zobaczy\u0107 wi\u0119cej szczeg\u00f3\u0142\u00f3w na temat obu wariant\u00f3w i wybra\u0107 bardziej odpowiedni. <\/p><\/div>\r\n\t\t\t\t\t<\/div>\r\n\t\t\t\t<\/div> <\/div> <\/div> <div class=\"application-platform-content-item-features application-platform-content-item\" id=\"features\" data-nav-section=\"features\"> <h2>Funkcje<\/h2> <p>Aby mie\u0107 ja\u015bniejszy obraz wid\u017cetu, sprawd\u017a list\u0119 podstawowe cechy. Dzi\u0119ki nim widget jest dla Ciebie niezwykle przydatny: <\/p> <ul> <li>Trzy rodzaje filtr\u00f3w: wed\u0142ug typu, wykluczania i ilo\u015bci wy\u015bwietlanych recenzji; <\/li> <li>4 dost\u0119pne opcje uk\u0142ad\u00f3w: Lista, Siatka, Mur i Suwak; <\/li> <li> W pe\u0142ni elastyczny nag\u0142\u00f3wek wid\u017cetu; <\/li> <li>Przycisk pro\u015bby o recenzj\u0119 przenosi klient\u00f3w na Twoj\u0105 stron\u0119 na Tripadvisor; <\/li> <li>Sze\u015b\u0107 regulowanych element\u00f3w recenzji: nazwisko i zdj\u0119cie autora, rekomendacja, data, ikona Tripadvisor i liczba gwiazdek; <\/li> <li>Dwa warianty odrzucenia pro\u015bby o sprawdzenie: zaprezentuj niestandardow\u0105 wiadomo\u015b\u0107 lub ukryj przycisk. <\/li> <\/ul><p><a href=\"#demo\">Aby odkry\u0107 wi\u0119cej funkcji, zobacz nasz\u0105 wersj\u0119 demonstracyjn\u0105<\/a><\/p> <\/div> <div class=\"application-platform-content-item-installation application-platform-content-item\" id=\"installation\" data-nav-section=\"installation\"> <h2>Oto spos\u00f3b umieszczania recenzji z serwisu Tripadvisor w sklepie Weebly. Jest to niewiarygodnie proste i zajmie tylko kilka minut.<\/h2> <div class=\"video-container\"><iframe width=\"720\" height=\"405\" src=\"https:\/\/www.youtube.com\/embed\/V0E962WDPUc\" frameborder=\"0\" allowfullscreen=\"\"><\/iframe><\/div><p>Poni\u017csze kroki to jedyne, co musisz zrobi\u0107, aby wy\u015bwietli\u0107 wid\u017cet. <\/p> <ol><li><b>Otw\u00f3rz nasz darmowy edytor i zacznij tworzy\u0107 w\u0142asn\u0105 aplikacj\u0119. <\/b><br> Okre\u015bl niestandardow\u0105 form\u0119 i aspekty aplikacji oraz zapisz wszystkie poprawki. <\/li> <li><b>Odbierz unikalny kod, kt\u00f3ry pojawi si\u0119 w polu aplikacji Elfsight. <\/b><br> Po zako\u0144czeniu konfiguracji aplikacji skopiuj indywidualny kod z wy\u015bwietlonego okna i zapisz go na p\u00f3\u017aniej. <\/li> <li><b>Zacznij korzysta\u0107 z aplikacji w swojej witrynie Weebly. <\/b><br> Umie\u015b\u0107 skopiowany wcze\u015bniej kod na swojej stronie internetowej i zastosuj zmiany. <\/li> <li><b>Instalacja zosta\u0142a w pe\u0142ni uko\u0144czona. <\/b><br> Przejd\u017a na swoj\u0105 stron\u0119 internetow\u0105, aby zobaczy\u0107 w akcji dzia\u0142anie aplikacji. <\/li><\/ol><p>Nadal nie mo\u017cesz si\u0119 zdecydowa\u0107? Albo masz problemy? Wystarczy wys\u0142a\u0107 zapytanie do naszego dzia\u0142u obs\u0142ugi klienta, a pomo\u017cemy rozwi\u0105za\u0107 ka\u017cdy problem. <\/p> <\/div>","protected":false},"excerpt":{"rendered":"","protected":false},"author":9,"featured_media":0,"parent":1223,"menu_order":0,"comment_status":"closed","ping_status":"closed","template":"templates\/template-application-platform.php","meta":{"publish_to_discourse":"","publish_post_category":"","wpdc_auto_publish_overridden":"","wpdc_topic_tags":"","wpdc_pin_topic":"","wpdc_pin_until":"","discourse_post_id":"","discourse_permalink":"","wpdc_publishing_response":"","wpdc_publishing_error":"","footnotes":""},"class_list":["post-6967","page","type-page","status-publish","hentry"],"yoast_head":"<!-- This site is optimized with the Yoast SEO plugin v25.3.1 - https:\/\/yoast.com\/wordpress\/plugins\/seo\/ -->\n<title>Umie\u015b\u0107 aplikacj\u0119 z recenzjami Tripadvisor na swojej witrynie Weebly (2025)<\/title>\n<meta name=\"description\" content=\"Dzi\u0119ki Elfsight mo\u017cesz zaprojektowa\u0107 aplikacj\u0119 z recenzjami Tripadvisor i szybko wy\u015bwietli\u0107 j\u0105 w swojej witrynie Weebly. Mamy bezp\u0142atn\u0105 obs\u0142ug\u0119 klienta i wi\u0119cej bonus\u00f3w.\" \/>\n<meta name=\"robots\" content=\"index, follow, max-snippet:-1, max-image-preview:large, max-video-preview:-1\" \/>\n<link rel=\"canonical\" href=\"https:\/\/elfsight.com\/pl\/tripadvisor-reviews-widget\/weebly\/\" \/>\n<meta property=\"og:locale\" content=\"pl_PL\" \/>\n<meta property=\"og:type\" content=\"article\" \/>\n<meta property=\"og:title\" content=\"Umie\u015b\u0107 aplikacj\u0119 z recenzjami Tripadvisor na swojej witrynie Weebly (2025)\" \/>\n<meta property=\"og:description\" content=\"Dzi\u0119ki Elfsight mo\u017cesz zaprojektowa\u0107 aplikacj\u0119 z recenzjami Tripadvisor i szybko wy\u015bwietli\u0107 j\u0105 w swojej witrynie Weebly. Mamy bezp\u0142atn\u0105 obs\u0142ug\u0119 klienta i wi\u0119cej bonus\u00f3w.\" \/>\n<meta property=\"og:url\" content=\"https:\/\/elfsight.com\/pl\/tripadvisor-reviews-widget\/weebly\/\" \/>\n<meta property=\"og:site_name\" content=\"Elfsight PL\" \/>\n<meta property=\"article:modified_time\" content=\"2024-11-14T12:40:23+00:00\" \/>\n<meta name=\"twitter:card\" content=\"summary_large_image\" \/>\n<meta name=\"twitter:label1\" content=\"Szacowany czas czytania\" \/>\n\t<meta name=\"twitter:data1\" content=\"3 minuty\" \/>\n<!-- \/ Yoast SEO plugin. -->","yoast_head_json":{"title":"Umie\u015b\u0107 aplikacj\u0119 z recenzjami Tripadvisor na swojej witrynie Weebly (2025)","description":"Dzi\u0119ki Elfsight mo\u017cesz zaprojektowa\u0107 aplikacj\u0119 z recenzjami Tripadvisor i szybko wy\u015bwietli\u0107 j\u0105 w swojej witrynie Weebly. Mamy bezp\u0142atn\u0105 obs\u0142ug\u0119 klienta i wi\u0119cej bonus\u00f3w.","robots":{"index":"index","follow":"follow","max-snippet":"max-snippet:-1","max-image-preview":"max-image-preview:large","max-video-preview":"max-video-preview:-1"},"canonical":"https:\/\/elfsight.com\/pl\/tripadvisor-reviews-widget\/weebly\/","og_locale":"pl_PL","og_type":"article","og_title":"Umie\u015b\u0107 aplikacj\u0119 z recenzjami Tripadvisor na swojej witrynie Weebly (2025)","og_description":"Dzi\u0119ki Elfsight mo\u017cesz zaprojektowa\u0107 aplikacj\u0119 z recenzjami Tripadvisor i szybko wy\u015bwietli\u0107 j\u0105 w swojej witrynie Weebly. Mamy bezp\u0142atn\u0105 obs\u0142ug\u0119 klienta i wi\u0119cej bonus\u00f3w.","og_url":"https:\/\/elfsight.com\/pl\/tripadvisor-reviews-widget\/weebly\/","og_site_name":"Elfsight PL","article_modified_time":"2024-11-14T12:40:23+00:00","twitter_card":"summary_large_image","twitter_misc":{"Szacowany czas czytania":"3 minuty"},"schema":{"@context":"https:\/\/schema.org","@graph":[{"@type":"WebPage","@id":"https:\/\/elfsight.com\/pl\/tripadvisor-reviews-widget\/weebly\/","url":"https:\/\/elfsight.com\/pl\/tripadvisor-reviews-widget\/weebly\/","name":"Umie\u015b\u0107 aplikacj\u0119 z recenzjami Tripadvisor na swojej witrynie Weebly (2025)","isPartOf":{"@id":"https:\/\/elfsight.com\/pl\/#website"},"datePublished":"2024-05-03T06:51:50+00:00","dateModified":"2024-11-14T12:40:23+00:00","description":"Dzi\u0119ki Elfsight mo\u017cesz zaprojektowa\u0107 aplikacj\u0119 z recenzjami Tripadvisor i szybko wy\u015bwietli\u0107 j\u0105 w swojej witrynie Weebly. Mamy bezp\u0142atn\u0105 obs\u0142ug\u0119 klienta i wi\u0119cej bonus\u00f3w.","breadcrumb":{"@id":"https:\/\/elfsight.com\/pl\/tripadvisor-reviews-widget\/weebly\/#breadcrumb"},"inLanguage":"pl-PL","potentialAction":[{"@type":"ReadAction","target":["https:\/\/elfsight.com\/pl\/tripadvisor-reviews-widget\/weebly\/"]}]},{"@type":"BreadcrumbList","@id":"https:\/\/elfsight.com\/pl\/tripadvisor-reviews-widget\/weebly\/#breadcrumb","itemListElement":[{"@type":"ListItem","position":1,"name":"Home","item":"https:\/\/elfsight.com\/pl\/"},{"@type":"ListItem","position":2,"name":"Tripadvisor Reviews","item":"https:\/\/elfsight.com\/pl\/tripadvisor-reviews-widget\/"},{"@type":"ListItem","position":3,"name":"Tripadvisor Reviews &#8211; Weebly"}]},{"@type":"WebSite","@id":"https:\/\/elfsight.com\/pl\/#website","url":"https:\/\/elfsight.com\/pl\/","name":"Elfsight PL","description":"Just another Elfsight Sites site","potentialAction":[{"@type":"SearchAction","target":{"@type":"EntryPoint","urlTemplate":"https:\/\/elfsight.com\/pl\/?s={search_term_string}"},"query-input":{"@type":"PropertyValueSpecification","valueRequired":true,"valueName":"search_term_string"}}],"inLanguage":"pl-PL"}]}},"meta_box":{"industry":"","seo_heading":"","heading":"","description":"","cta_heading":"","cta_description":"","application":"1222","h1":"Aplikacja Weebly z recenzjami Tripadvisor","h1_caption":"Dodaj najbardziej kusz\u0105ce recenzje u\u017cytkownik\u00f3w z serwisu Tripadvisor do swojej witryny internetowej","application_category":[],"applications_title":"","applications_request_title":"","applications_request_button_text":"","hero_text":"","hero_video":"","hero_video_schema_markup":"","selling_points_title":"","selling_points_caption":"","selling_points":[],"selling_points_cta_text":"","features_title":"","features":"","ed_cta_examples_text":"","ed_cta_examples_hidden":"","ed_cta_demo_text":"","ed_cta_demo_hidden":"","why_caption":"","why_editor_title":"","why_editor_text":"","why_team_title":"","why_team_text":"","why_service_title":"","why_service_text":"","template_catalog_visible":"","template_catalog_title":"","template_catalog_text":"","template_catalog_categories_visible":"","demo_title":"Utw\u00f3rz aplikacj\u0119 z recenzjami Tripadvisor","demo_caption":"Skonfiguruj recenzje na Tripadvisor i dodaj je bezp\u0142atnie do swojej witryny Weebly!","default_faq_hidden":"","app_template_category":[],"platform":"132","template_public_id":"","codecanyon_url":"","codecanyon_item_id":"","codecanyon_price":"","pricing_caption":"","pricing_elfsight_apps_hide_column":"","pricing_elfsight_apps_url":"","pricing_codecanyon_price_caption":"","integration_category":[],"integration_request_title":"","integration_request_cta":"","integration_platform":"","integrations":[],"platform_category":[],"video_schema_markup":"","price":"od 0 USD \/ miesi\u0105c","trial":"","benefits":[{"text":"Bezp\u0142atna pomoc w monta\u017cu"},{"text":"Do\u015bwiadczona obs\u0142uga klienta"},{"text":"14-dniowa gwarancja zwrotu pieni\u0119dzy"},{"text":"Regularne bezp\u0142atne aktualizacje"}],"button_url":"#demo","button_target_blank":"","button_nofollow":"","attributes":[{"name":"Instaluje"},{"name":"Czu\u0142y"},{"name":"Kompatybilne przegl\u0105darki"}],"tags":[],"tags_disable_links":"","hide_more_platforms":"","video_object":"","demo_hide_cta":"","demo_hide_cloud_options":"","pricing_title":"","pricing":[{"pricing_icon":"cloud","pricing_title":"Elfsight Apps","pricing_title_caption":"Wieloplatformowe rozwi\u0105zanie cyfrowe","pricing_price":"od 0 USD \/ miesi\u0105c","pricing_price_caption":"zacznij od bezp\u0142atnego planu","pricing_benefits":[{"text":"Nielimitowane strony internetowe"},{"text":"Szybka obs\u0142uga klienta i dobrze udokumentowana"},{"text":"Bezp\u0142atna pomoc w monta\u017cu"},{"text":"Elastyczny projekt"}],"pricing_button_text":"Dodaj do witryny","pricing_button_url":"#demo"}],"related_apps_title":"","related_apps_hidden":"","author":"","image":[],"title":"","job":"","social_networks":[]},"_links":{"self":[{"href":"https:\/\/elfsight.com\/pl\/wp-json\/wp\/v2\/pages\/6967","targetHints":{"allow":["GET"]}}],"collection":[{"href":"https:\/\/elfsight.com\/pl\/wp-json\/wp\/v2\/pages"}],"about":[{"href":"https:\/\/elfsight.com\/pl\/wp-json\/wp\/v2\/types\/page"}],"author":[{"embeddable":true,"href":"https:\/\/elfsight.com\/pl\/wp-json\/wp\/v2\/users\/9"}],"replies":[{"embeddable":true,"href":"https:\/\/elfsight.com\/pl\/wp-json\/wp\/v2\/comments?post=6967"}],"version-history":[{"count":2,"href":"https:\/\/elfsight.com\/pl\/wp-json\/wp\/v2\/pages\/6967\/revisions"}],"predecessor-version":[{"id":8076,"href":"https:\/\/elfsight.com\/pl\/wp-json\/wp\/v2\/pages\/6967\/revisions\/8076"}],"up":[{"embeddable":true,"href":"https:\/\/elfsight.com\/pl\/wp-json\/wp\/v2\/pages\/1223"}],"wp:attachment":[{"href":"https:\/\/elfsight.com\/pl\/wp-json\/wp\/v2\/media?parent=6967"}],"curies":[{"name":"wp","href":"https:\/\/api.w.org\/{rel}","templated":true}]}}