{"id":6965,"date":"1970-01-01T00:00:00","date_gmt":"1970-01-01T00:00:00","guid":{"rendered":"https:\/\/elfsight.com\/pl\/?page_id=6965"},"modified":"2024-11-14T12:40:23","modified_gmt":"2024-11-14T12:40:23","slug":"magento","status":"publish","type":"page","link":"https:\/\/elfsight.com\/pl\/tripadvisor-reviews-widget\/magento\/","title":{"rendered":"Tripadvisor Reviews &#8211; Magento"},"content":{"rendered":"<div class=\"application-platform-content-item-description application-platform-content-item\" id=\"description\" data-nav-section=\"description\"> <h2>Opis<\/h2> <p>Je\u015bli chcesz pokaza\u0107 swoj\u0105 wysok\u0105 ocen\u0119 i przekona\u0107 odwiedzaj\u0105cych witryn\u0119, \u017ce Twoje oferty s\u0105 warte swojej ceny, Recenzje Elfsight na Tripadvisor b\u0119d\u0105 w\u0142a\u015bciwym wyborem. Dzi\u0119ki naszemu narz\u0119dziu szybko umie\u015bcisz na swojej stronie recenzje klient\u00f3w z serwisu Tripadvisor wraz ze szczeg\u00f3\u0142ami o ich autorach, u\u017cyjesz filtr\u00f3w do ukrycia negatywnych recenzji, poka\u017cesz oceny oraz przycisk przekierowuj\u0105cy, kt\u00f3ry przeniesie u\u017cytkownik\u00f3w na Twoje konto Tripadvisor, aby mogli doda\u0107 now\u0105 recenzja. <\/p><div class=\"faq\" data-component=\"FAQ\"> <div class=\"faq-item\">\r\n\t\t\t\t\t<div class=\"faq-item-question\">\r\n\t\t\t\t\t\t<h3 class=\"faq-item-question-text\">Gdzie mog\u0119 osadzi\u0107 wid\u017cet<\/h3>\r\n\r\n\t\t\t\t\t\t<div class=\"faq-item-question-icon\"><\/div>\r\n\t\t\t\t\t<\/div>\r\n\r\n\t\t\t\t\t<div class=\"faq-item-answer\">\r\n\t\t\t\t\t\t<div class=\"faq-item-answer-text\"> <p>Mo\u017cesz osadzi\u0107 wid\u017cet na dowolnej stronie swojej witryny lub wstawi\u0107 go do szablonu, a b\u0119dzie on wy\u015bwietlany na wszystkich stronach. Recenzje \u015bwietnie sprawdz\u0105 si\u0119 na stronach produkt\u00f3w lub na stronie O nas, gdzie chcesz pokaza\u0107 swoj\u0105 wysok\u0105 ocen\u0119. <\/p><\/div>\r\n\t\t\t\t\t<\/div>\r\n\t\t\t\t<\/div> <div class=\"faq-item\">\r\n\t\t\t\t\t<div class=\"faq-item-question\">\r\n\t\t\t\t\t\t<h3 class=\"faq-item-question-text\">Jakie korzy\u015bci mo\u017ce mi to da\u0107? <\/h3>\r\n\r\n\t\t\t\t\t\t<div class=\"faq-item-question-icon\"><\/div>\r\n\t\t\t\t\t<\/div>\r\n\r\n\t\t\t\t\t<div class=\"faq-item-answer\">\r\n\t\t\t\t\t\t<div class=\"faq-item-answer-text\"> <p>Recenzje pisane przez prawdziwych ludzi s\u0105 dla u\u017cytkownik\u00f3w Twojej witryny ca\u0142kowicie godne zaufania i pokazuj\u0105 im, \u017ce Twoja firma jest godna zaufania. Wysoka ocena i doskona\u0142e recenzje mog\u0105 pom\u00f3c zwi\u0119kszy\u0107 liczb\u0119 zakup\u00f3w w Twojej witrynie. Co wi\u0119cej, przycisk przekierowania mo\u017ce przyczyni\u0107 si\u0119 do zwi\u0119kszenia liczby recenzji na Tripadvisor dotycz\u0105cych Twoich ofert lub us\u0142ug. <\/p> <\/div>\r\n\t\t\t\t\t<\/div>\r\n\t\t\t\t<\/div> <div class=\"faq-item\">\r\n\t\t\t\t\t<div class=\"faq-item-question\">\r\n\t\t\t\t\t\t<h3 class=\"faq-item-question-text\">Jak mog\u0119 zainstalowa\u0107 recenzje z wid\u017cetu Tripadvisor w mojej witrynie Magento? <\/h3>\r\n\r\n\t\t\t\t\t\t<div class=\"faq-item-question-icon\"><\/div>\r\n\t\t\t\t\t<\/div>\r\n\r\n\t\t\t\t\t<div class=\"faq-item-answer\">\r\n\t\t\t\t\t\t<div class=\"faq-item-answer-text\"> <p>Rozpocz\u0119cie korzystania z wid\u017cetu zajmuje tylko kilka minut. Osadzanie jest niezwykle szybkie, bezp\u0142atne i nie wymaga kodowania. <\/p> <p>Wid\u017cet mo\u017cna osadzi\u0107 w naszym serwisie lub na rynku. Mo\u017cesz por\u00f3wna\u0107 wszystkie szczeg\u00f3\u0142y obu opcji i wybra\u0107 swoj\u0105. <\/p><\/div>\r\n\t\t\t\t\t<\/div>\r\n\t\t\t\t<\/div> <\/div> <\/div> <div class=\"application-platform-content-item-features application-platform-content-item\" id=\"features\" data-nav-section=\"features\"> <h2>Funkcje<\/h2> <p>Aby mie\u0107 jasny pogl\u0105d na wid\u017cet Recenzje, mo\u017cesz rzuci\u0107 okiem na lista najwybitniejszych funkcji. Dzi\u0119ki nim ten widget jest naprawd\u0119 wydajny: <\/p> <ul> <li>3 opcje filtr\u00f3w: wed\u0142ug typu, wykluczenia wed\u0142ug i liczby wy\u015bwietlanych recenzji; <\/li> <li>4 gotowe do u\u017cycia uk\u0142ady: Lista, Siatka, Mur i Suwak; <\/li> <li> W pe\u0142ni elastyczny nag\u0142\u00f3wek wid\u017cetu; <\/li> <li>Przycisk pro\u015bby o recenzj\u0119 przenosi u\u017cytkownik\u00f3w na Twoj\u0105 stron\u0119 na Tripadvisor; <\/li> <li>6 dostosowywalnych element\u00f3w recenzji: nazwisko i zdj\u0119cie autora, rekomendacja, data opublikowania, ikona Tripadvisor i liczba gwiazdek; <\/li> <li>Dwa warianty odmowy pro\u015bby o sprawdzenie: zaprezentuj wiadomo\u015b\u0107 tekstow\u0105 lub usu\u0144 przycisk. <\/li> <\/ul><p><a href=\"#demo\">Aby odkry\u0107 wi\u0119cej funkcji, zobacz nasz\u0105 wersj\u0119 demonstracyjn\u0105<\/a><\/p> <\/div> <div class=\"application-platform-content-item-installation application-platform-content-item\" id=\"installation\" data-nav-section=\"installation\"> <h2>Zobaczmy, jak doda\u0107 recenzje Tripadvisor do Twojej witryny Magento<\/h2> <p>Wystarczy wykona\u0107 kilka krok\u00f3w opisanych poni\u017cej, aby aktywowa\u0107 narz\u0119dzie w Magento.<\/p> <ol><li><b>Wykonaj nasze darmowy konfigurator i zacznij tworzy\u0107 w\u0142asne rozszerzenie. <\/b><br> Wybierz preferowany interfejs i charakterystyk\u0119 rozszerzenia i zapisz poprawki. <\/li> <li><b>Uzyskaj osobisty kod, kt\u00f3ry pojawi si\u0119 w oknie aplikacji Elfsight. <\/b><br> Po zako\u0144czeniu konfiguracji osobistego wid\u017cetu recenzji Tripadvisor skopiuj ekskluzywny kod z wy\u015bwietlonego okna i zachowaj go na dalsze potrzeby. <\/li> <li><b>Rozpocznij korzystanie z wid\u017cetu na stronie g\u0142\u00f3wnej Magento. <\/b><br> Zintegruj zapisany ostatnio kod w swojej witrynie i zapisz poprawki. <\/li> <li><b>Konfiguracja zosta\u0142a pomy\u015blnie uko\u0144czona. <\/b><br> Przejd\u017a do swojej strony internetowej, aby sprawdzi\u0107 dzia\u0142anie narz\u0119dzia. <\/li><\/ol><p>Nadal nie jeste\u015b pewien? Lub masz pytania? Tylko jedno zapytanie do naszego dzia\u0142u obs\u0142ugi klienta pomo\u017ce w rozwi\u0105zaniu ka\u017cdego pytania. <\/p> <\/div>","protected":false},"excerpt":{"rendered":"","protected":false},"author":9,"featured_media":0,"parent":1223,"menu_order":0,"comment_status":"closed","ping_status":"closed","template":"templates\/template-application-platform.php","meta":{"publish_to_discourse":"","publish_post_category":"","wpdc_auto_publish_overridden":"","wpdc_topic_tags":"","wpdc_pin_topic":"","wpdc_pin_until":"","discourse_post_id":"","discourse_permalink":"","wpdc_publishing_response":"","wpdc_publishing_error":"","footnotes":""},"class_list":["post-6965","page","type-page","status-publish","hentry"],"yoast_head":"<!-- This site is optimized with the Yoast SEO plugin v25.3.1 - https:\/\/yoast.com\/wordpress\/plugins\/seo\/ -->\n<title>Umie\u015b\u0107 rozszerzenie Tripadvisor Reviews na stronie Magento (w 2 minuty)<\/title>\n<meta name=\"description\" content=\"Masz okazj\u0119 stworzy\u0107 rozszerzenie recenzji Tripadvisor i umie\u015bci\u0107 je w swojej witrynie Magento. Uzyskaj bezp\u0142atn\u0105 obs\u0142ug\u0119 klienta i inne korzy\u015bci od Elfsight.\" \/>\n<meta name=\"robots\" content=\"index, follow, max-snippet:-1, max-image-preview:large, max-video-preview:-1\" \/>\n<link rel=\"canonical\" href=\"https:\/\/elfsight.com\/pl\/tripadvisor-reviews-widget\/magento\/\" \/>\n<meta property=\"og:locale\" content=\"pl_PL\" \/>\n<meta property=\"og:type\" content=\"article\" \/>\n<meta property=\"og:title\" content=\"Umie\u015b\u0107 rozszerzenie Tripadvisor Reviews na stronie Magento (w 2 minuty)\" \/>\n<meta property=\"og:description\" content=\"Masz okazj\u0119 stworzy\u0107 rozszerzenie recenzji Tripadvisor i umie\u015bci\u0107 je w swojej witrynie Magento. Uzyskaj bezp\u0142atn\u0105 obs\u0142ug\u0119 klienta i inne korzy\u015bci od Elfsight.\" \/>\n<meta property=\"og:url\" content=\"https:\/\/elfsight.com\/pl\/tripadvisor-reviews-widget\/magento\/\" \/>\n<meta property=\"og:site_name\" content=\"Elfsight PL\" \/>\n<meta property=\"article:modified_time\" content=\"2024-11-14T12:40:23+00:00\" \/>\n<meta name=\"twitter:card\" content=\"summary_large_image\" \/>\n<meta name=\"twitter:label1\" content=\"Szacowany czas czytania\" \/>\n\t<meta name=\"twitter:data1\" content=\"3 minuty\" \/>\n<!-- \/ Yoast SEO plugin. -->","yoast_head_json":{"title":"Umie\u015b\u0107 rozszerzenie Tripadvisor Reviews na stronie Magento (w 2 minuty)","description":"Masz okazj\u0119 stworzy\u0107 rozszerzenie recenzji Tripadvisor i umie\u015bci\u0107 je w swojej witrynie Magento. Uzyskaj bezp\u0142atn\u0105 obs\u0142ug\u0119 klienta i inne korzy\u015bci od Elfsight.","robots":{"index":"index","follow":"follow","max-snippet":"max-snippet:-1","max-image-preview":"max-image-preview:large","max-video-preview":"max-video-preview:-1"},"canonical":"https:\/\/elfsight.com\/pl\/tripadvisor-reviews-widget\/magento\/","og_locale":"pl_PL","og_type":"article","og_title":"Umie\u015b\u0107 rozszerzenie Tripadvisor Reviews na stronie Magento (w 2 minuty)","og_description":"Masz okazj\u0119 stworzy\u0107 rozszerzenie recenzji Tripadvisor i umie\u015bci\u0107 je w swojej witrynie Magento. Uzyskaj bezp\u0142atn\u0105 obs\u0142ug\u0119 klienta i inne korzy\u015bci od Elfsight.","og_url":"https:\/\/elfsight.com\/pl\/tripadvisor-reviews-widget\/magento\/","og_site_name":"Elfsight PL","article_modified_time":"2024-11-14T12:40:23+00:00","twitter_card":"summary_large_image","twitter_misc":{"Szacowany czas czytania":"3 minuty"},"schema":{"@context":"https:\/\/schema.org","@graph":[{"@type":"WebPage","@id":"https:\/\/elfsight.com\/pl\/tripadvisor-reviews-widget\/magento\/","url":"https:\/\/elfsight.com\/pl\/tripadvisor-reviews-widget\/magento\/","name":"Umie\u015b\u0107 rozszerzenie Tripadvisor Reviews na stronie Magento (w 2 minuty)","isPartOf":{"@id":"https:\/\/elfsight.com\/pl\/#website"},"datePublished":"1970-01-01T00:00:00+00:00","dateModified":"2024-11-14T12:40:23+00:00","description":"Masz okazj\u0119 stworzy\u0107 rozszerzenie recenzji Tripadvisor i umie\u015bci\u0107 je w swojej witrynie Magento. Uzyskaj bezp\u0142atn\u0105 obs\u0142ug\u0119 klienta i inne korzy\u015bci od Elfsight.","breadcrumb":{"@id":"https:\/\/elfsight.com\/pl\/tripadvisor-reviews-widget\/magento\/#breadcrumb"},"inLanguage":"pl-PL","potentialAction":[{"@type":"ReadAction","target":["https:\/\/elfsight.com\/pl\/tripadvisor-reviews-widget\/magento\/"]}]},{"@type":"BreadcrumbList","@id":"https:\/\/elfsight.com\/pl\/tripadvisor-reviews-widget\/magento\/#breadcrumb","itemListElement":[{"@type":"ListItem","position":1,"name":"Home","item":"https:\/\/elfsight.com\/pl\/"},{"@type":"ListItem","position":2,"name":"Tripadvisor Reviews","item":"https:\/\/elfsight.com\/pl\/tripadvisor-reviews-widget\/"},{"@type":"ListItem","position":3,"name":"Tripadvisor Reviews &#8211; Magento"}]},{"@type":"WebSite","@id":"https:\/\/elfsight.com\/pl\/#website","url":"https:\/\/elfsight.com\/pl\/","name":"Elfsight PL","description":"Just another Elfsight Sites site","potentialAction":[{"@type":"SearchAction","target":{"@type":"EntryPoint","urlTemplate":"https:\/\/elfsight.com\/pl\/?s={search_term_string}"},"query-input":{"@type":"PropertyValueSpecification","valueRequired":true,"valueName":"search_term_string"}}],"inLanguage":"pl-PL"}]}},"meta_box":{"industry":"","seo_heading":"","heading":"","description":"","cta_heading":"","cta_description":"","application":"1222","h1":"Rozszerzenie Magento z recenzjami Tripadvisor","h1_caption":"Umie\u015b\u0107 w swojej witrynie najlepsze recenzje klient\u00f3w z serwisu Tripadvisor","application_category":[],"applications_title":"","applications_request_title":"","applications_request_button_text":"","hero_text":"","hero_video":"","hero_video_schema_markup":"","selling_points_title":"","selling_points_caption":"","selling_points":[],"selling_points_cta_text":"","features_title":"","features":"","ed_cta_examples_text":"","ed_cta_examples_hidden":"","ed_cta_demo_text":"","ed_cta_demo_hidden":"","why_caption":"","why_editor_title":"","why_editor_text":"","why_team_title":"","why_team_text":"","why_service_title":"","why_service_text":"","template_catalog_visible":"","template_catalog_title":"","template_catalog_text":"","template_catalog_categories_visible":"","demo_title":"Utw\u00f3rz rozszerzenie recenzji na Tripadvisor","demo_caption":"Skonfiguruj swoje recenzje na Tripadvisor i dodaj je za darmo do swojej witryny Magento!","default_faq_hidden":"","app_template_category":[],"platform":"92","template_public_id":"","codecanyon_url":"","codecanyon_item_id":"","codecanyon_price":"","pricing_caption":"","pricing_elfsight_apps_hide_column":"","pricing_elfsight_apps_url":"","pricing_codecanyon_price_caption":"","integration_category":[],"integration_request_title":"","integration_request_cta":"","integration_platform":"","integrations":[],"platform_category":[],"video_schema_markup":"","price":"od 0 USD \/ miesi\u0105c","trial":"","benefits":[{"text":"Bezp\u0142atna pomoc w instalacji"},{"text":"Kompetentna obs\u0142uga klienta"},{"text":"14-dniowa gwarancja zwrotu pieni\u0119dzy"}],"button_url":"#demo","button_target_blank":"","button_nofollow":"","attributes":[{"name":"Instaluje"},{"name":"Czu\u0142y"},{"name":"Kompatybilne przegl\u0105darki"}],"tags":[],"tags_disable_links":"","hide_more_platforms":"","video_object":"","demo_hide_cta":"","demo_hide_cloud_options":"","pricing_title":"","pricing":[{"pricing_icon":"platform","pricing_title":"Elfsight Apps","pricing_title_caption":"Rozwi\u0105zanie wieloplatformowe, kt\u00f3re dzia\u0142a na dowolnej witrynie","pricing_price":"od 0 USD \/ miesi\u0105c","pricing_price_caption":"zacznij od bezp\u0142atnego planu","pricing_benefits":[{"text":"Nielimitowane domeny"},{"text":"Dedykowane wsparcie firmy i dobrze udokumentowane"},{"text":"Bezp\u0142atna us\u0142uga monta\u017cu"},{"text":"Elastyczny projekt"}],"pricing_button_text":"Dodaj do witryny","pricing_button_url":"#demo"}],"related_apps_title":"","related_apps_hidden":"","author":"","image":[],"title":"","job":"","social_networks":[]},"_links":{"self":[{"href":"https:\/\/elfsight.com\/pl\/wp-json\/wp\/v2\/pages\/6965","targetHints":{"allow":["GET"]}}],"collection":[{"href":"https:\/\/elfsight.com\/pl\/wp-json\/wp\/v2\/pages"}],"about":[{"href":"https:\/\/elfsight.com\/pl\/wp-json\/wp\/v2\/types\/page"}],"author":[{"embeddable":true,"href":"https:\/\/elfsight.com\/pl\/wp-json\/wp\/v2\/users\/9"}],"replies":[{"embeddable":true,"href":"https:\/\/elfsight.com\/pl\/wp-json\/wp\/v2\/comments?post=6965"}],"version-history":[{"count":1,"href":"https:\/\/elfsight.com\/pl\/wp-json\/wp\/v2\/pages\/6965\/revisions"}],"predecessor-version":[{"id":6969,"href":"https:\/\/elfsight.com\/pl\/wp-json\/wp\/v2\/pages\/6965\/revisions\/6969"}],"up":[{"embeddable":true,"href":"https:\/\/elfsight.com\/pl\/wp-json\/wp\/v2\/pages\/1223"}],"wp:attachment":[{"href":"https:\/\/elfsight.com\/pl\/wp-json\/wp\/v2\/media?parent=6965"}],"curies":[{"name":"wp","href":"https:\/\/api.w.org\/{rel}","templated":true}]}}