{"id":6958,"date":"1970-01-01T00:00:00","date_gmt":"1970-01-01T00:00:00","guid":{"rendered":"https:\/\/elfsight.com\/pl\/?page_id=6958"},"modified":"2024-11-14T12:40:14","modified_gmt":"2024-11-14T12:40:14","slug":"wix","status":"publish","type":"page","link":"https:\/\/elfsight.com\/pl\/tripadvisor-reviews-widget\/wix\/","title":{"rendered":"Tripadvisor Reviews &#8211; Wix"},"content":{"rendered":"<div class=\"application-platform-content-item-description application-platform-content-item\" id=\"description\" data-nav-section=\"description\"> <h2>Opis<\/h2> <p>Je\u015bli chcesz udowodni\u0107 uznanie klient\u00f3w i przekona\u0107 odwiedzaj\u0105cych witryn\u0119, \u017ce warto wyda\u0107 pieni\u0105dze na Twoje oferty , Elfsight Recenzje Tripadvisor s\u0105 dla Ciebie idealne. Dzi\u0119ki temu wid\u017cetowi szybko umie\u015bcisz na swojej stronie internetowej recenzje klient\u00f3w z serwisu Tripadvisor wraz z informacj\u0105 o ich autorach, posortujesz je tak, aby wy\u015bwietla\u0142y si\u0119 tylko pozytywne, wy\u015bwietlisz oceny i przycisk pro\u015bby o recenzj\u0119, kt\u00f3ry przeniesie u\u017cytkownik\u00f3w na Twoj\u0105 stron\u0119 Tripadvisor, gdzie b\u0119d\u0105 mogli napisa\u0107 recenzj\u0119 \u015bwie\u017ca recenzja. <\/p><div class=\"faq\" data-component=\"FAQ\"> <div class=\"faq-item\">\r\n\t\t\t\t\t<div class=\"faq-item-question\">\r\n\t\t\t\t\t\t<h3 class=\"faq-item-question-text\">Gdzie na mojej stronie mog\u0119 wstawi\u0107 wid\u017cet<\/h3>\r\n\r\n\t\t\t\t\t\t<div class=\"faq-item-question-icon\"><\/div>\r\n\t\t\t\t\t<\/div>\r\n\r\n\t\t\t\t\t<div class=\"faq-item-answer\">\r\n\t\t\t\t\t\t<div class=\"faq-item-answer-text\"> <p>Wid\u017cet mo\u017cna ustawi\u0107 na dowolnej stronie, na kt\u00f3rej chcia\u0142by\u015b zademonstrowa\u0107 swoj\u0105 wysok\u0105 ocen\u0119 i popularno\u015b\u0107 w\u015br\u00f3d klient\u00f3w. Je\u015bli potrzebujesz go na wszystkich stronach witryny, mo\u017cesz po prostu wprowadzi\u0107 go do szablonu witryny. <\/p><\/div>\r\n\t\t\t\t\t<\/div>\r\n\t\t\t\t<\/div> <div class=\"faq-item\">\r\n\t\t\t\t\t<div class=\"faq-item-question\">\r\n\t\t\t\t\t\t<h3 class=\"faq-item-question-text\">Jakie korzy\u015bci mog\u0119 zyska\u0107 dzi\u0119ki tej wtyczce? <\/h3>\r\n\r\n\t\t\t\t\t\t<div class=\"faq-item-question-icon\"><\/div>\r\n\t\t\t\t\t<\/div>\r\n\r\n\t\t\t\t\t<div class=\"faq-item-answer\">\r\n\t\t\t\t\t\t<div class=\"faq-item-answer-text\"> <p>Opinie dodane przez prawdziwych ludzi wygl\u0105daj\u0105 naprawd\u0119 wiarygodnie dla u\u017cytkownik\u00f3w Twojej witryny i pokazuj\u0105 im, \u017ce Twoja firma jest niezawodnym partnerem. Wysoka ocena i doskona\u0142e wy\u015bwietlenia mog\u0105 pom\u00f3c w podniesieniu poziomu zakup\u00f3w w Twojej witrynie. Ponadto przycisk przekierowania mo\u017ce przyczyni\u0107 si\u0119 do zwi\u0119kszenia liczby recenzji klient\u00f3w na temat Twojej firmy na Tripadvisor. <\/p> <\/div>\r\n\t\t\t\t\t<\/div>\r\n\t\t\t\t<\/div> <div class=\"faq-item\">\r\n\t\t\t\t\t<div class=\"faq-item-question\">\r\n\t\t\t\t\t\t<h3 class=\"faq-item-question-text\">Jak mog\u0119 doda\u0107 recenzje z wid\u017cetu Tripadvisor do mojej witryny Wix? <\/h3>\r\n\r\n\t\t\t\t\t\t<div class=\"faq-item-question-icon\"><\/div>\r\n\t\t\t\t\t<\/div>\r\n\r\n\t\t\t\t\t<div class=\"faq-item-answer\">\r\n\t\t\t\t\t\t<div class=\"faq-item-answer-text\"> <p>Potrzebujesz tylko trzech minut, aby rozpocz\u0105\u0107 korzystanie z wid\u017cetu. Osadzanie jest naprawd\u0119 szybkie, bezp\u0142atne i nie obejmuje kodowania. <\/p> <p>Widget mo\u017cna skonfigurowa\u0107 bezpo\u015brednio w naszym serwisie lub za po\u015brednictwem rynku. Tutaj mo\u017cesz por\u00f3wna\u0107 te warianty i wybra\u0107 sw\u00f3j. <\/p><\/div>\r\n\t\t\t\t\t<\/div>\r\n\t\t\t\t<\/div> <\/div> <\/div> <div class=\"application-platform-content-item-features application-platform-content-item\" id=\"features\" data-nav-section=\"features\"> <h2>Funkcje<\/h2> <p>Aby lepiej pozna\u0107 wid\u017cet Recenzje, mo\u017cesz przejrze\u0107 list\u0119 z najcenniejszych cech. Sprawiaj\u0105, \u017ce ten widget jest niezwykle skuteczny w Twojej promocji: <\/p> <ul> <li>3 gotowe do u\u017cycia filtry: wed\u0142ug typu, wykluczania i ilo\u015bci wy\u015bwietlanych recenzji; <\/li> <li>4 predefiniowane uk\u0142ady: Lista, Siatka, Mur i Suwak; <\/li> <li>Mo\u017cliwo\u015b\u0107 w\u0142\u0105czenia\/wy\u0142\u0105czenia nag\u0142\u00f3wka wid\u017cetu; <\/li> <li>Przycisk pro\u015bby o recenzj\u0119 kieruje klient\u00f3w do strony Tripadvisor; <\/li> <li>Sze\u015b\u0107 element\u00f3w wid\u017cetu, kt\u00f3re mo\u017cna dostosowywa\u0107: nazwisko i zdj\u0119cie autora, tekst rekomendacji, data, ikona Tripadvisor i liczba gwiazdek; <\/li> <li>Dwie mo\u017cliwo\u015bci scenariuszy po odrzuceniu pro\u015bby o sprawdzenie: zaprezentuj wiadomo\u015b\u0107 lub usu\u0144 przycisk. <\/li> <\/ul><p><a href=\"#demo\">Sprawd\u017a wszystkie funkcje w wersji demonstracyjnej na \u017cywo<\/a><\/p> <\/div> <div class=\"application-platform-content-item-installation application-platform-content-item\" id=\"installation\" data-nav-section=\"installation\"> <h2>Oto jak wprowadzi\u0107 recenzje Tripadvisor na swoj\u0105 stron\u0119 Wix. Jest to \u0142atwe i proste.<\/h2> <div class=\"video-container\"><iframe width=\"560\" height=\"315\" src=\"https:\/\/www.youtube.com\/embed\/pnRA0sAeASY\" frameborder=\"0\" allowfullscreen=\"\"><\/iframe><\/div><p>Aby doda\u0107 wtyczk\u0119 do swojej witryny, wystarczy wykona\u0107 kilka prostych krok\u00f3w: <\/p> <ul><li><b>Skonfiguruj aplikacj\u0119<\/b><br> Otw\u00f3rz sklep Shopify i znajd\u017a stron\u0119 aplikacji. Naci\u015bnij przycisk \u00abPobierz\u00bb, aby osadzi\u0107 aplikacj\u0119 na swojej stronie. <\/li> <li><b>Skonfiguruj parametry aplikacji<\/b><br> Ustaw parametry aplikacji: zawarto\u015b\u0107 i konfiguracje interfejsu. Po dostosowaniu otrzymasz sw\u00f3j osobisty kod instalacyjny. Zapisz kod do dalszego wykorzystania. <\/li> <li><b>Osad\u017a aplikacj\u0119 na stronie internetowej<\/b><br> Otw\u00f3rz kategori\u0119 \u201eStrony\u201d i przejd\u017a do strony, na kt\u00f3rej chcesz wy\u015bwietli\u0107 aplikacj\u0119. Nast\u0119pnie umie\u015b\u0107 tam kod w trybie HTML i opublikuj zmiany. <\/li> <li><b>Instalacja zosta\u0142a w pe\u0142ni przeprowadzona<\/b><br> Przejd\u017a do strony internetowej i zobacz swoje recenzje! <\/li><\/ul><p>Nadal masz co\u015b, co budzi Twoje w\u0105tpliwo\u015bci? Lub masz pytania? Po prostu wy\u015blij pro\u015bb\u0119 do naszego zespo\u0142u wsparcia, aby uzyska\u0107 profesjonaln\u0105 pomoc w ka\u017cdej sprawie. <\/p> <\/div>","protected":false},"excerpt":{"rendered":"","protected":false},"author":9,"featured_media":0,"parent":1223,"menu_order":0,"comment_status":"closed","ping_status":"closed","template":"templates\/template-application-platform.php","meta":{"publish_to_discourse":"","publish_post_category":"","wpdc_auto_publish_overridden":"","wpdc_topic_tags":"","wpdc_pin_topic":"","wpdc_pin_until":"","discourse_post_id":"","discourse_permalink":"","wpdc_publishing_response":"","wpdc_publishing_error":"","footnotes":""},"class_list":["post-6958","page","type-page","status-publish","hentry"],"yoast_head":"<!-- This site is optimized with the Yoast SEO plugin v25.3.1 - https:\/\/yoast.com\/wordpress\/plugins\/seo\/ -->\n<title>Umie\u015b\u0107 aplikacj\u0119 Tripadvisor Reviews na swojej witrynie Wix (w 2 minuty)<\/title>\n<meta name=\"description\" content=\"Stworzenie aplikacji Recenzje Tripadvisor i opublikowanie jej w witrynie Wix nie jest trudne. Obs\u0142uga klienta Elfsight jest bezp\u0142atna.\" \/>\n<meta name=\"robots\" content=\"index, follow, max-snippet:-1, max-image-preview:large, max-video-preview:-1\" \/>\n<link rel=\"canonical\" href=\"https:\/\/elfsight.com\/pl\/tripadvisor-reviews-widget\/wix\/\" \/>\n<meta property=\"og:locale\" content=\"pl_PL\" \/>\n<meta property=\"og:type\" content=\"article\" \/>\n<meta property=\"og:title\" content=\"Umie\u015b\u0107 aplikacj\u0119 Tripadvisor Reviews na swojej witrynie Wix (w 2 minuty)\" \/>\n<meta property=\"og:description\" content=\"Stworzenie aplikacji Recenzje Tripadvisor i opublikowanie jej w witrynie Wix nie jest trudne. Obs\u0142uga klienta Elfsight jest bezp\u0142atna.\" \/>\n<meta property=\"og:url\" content=\"https:\/\/elfsight.com\/pl\/tripadvisor-reviews-widget\/wix\/\" \/>\n<meta property=\"og:site_name\" content=\"Elfsight PL\" \/>\n<meta property=\"article:modified_time\" content=\"2024-11-14T12:40:14+00:00\" \/>\n<meta name=\"twitter:card\" content=\"summary_large_image\" \/>\n<meta name=\"twitter:label1\" content=\"Szacowany czas czytania\" \/>\n\t<meta name=\"twitter:data1\" content=\"3 minuty\" \/>\n<!-- \/ Yoast SEO plugin. -->","yoast_head_json":{"title":"Umie\u015b\u0107 aplikacj\u0119 Tripadvisor Reviews na swojej witrynie Wix (w 2 minuty)","description":"Stworzenie aplikacji Recenzje Tripadvisor i opublikowanie jej w witrynie Wix nie jest trudne. Obs\u0142uga klienta Elfsight jest bezp\u0142atna.","robots":{"index":"index","follow":"follow","max-snippet":"max-snippet:-1","max-image-preview":"max-image-preview:large","max-video-preview":"max-video-preview:-1"},"canonical":"https:\/\/elfsight.com\/pl\/tripadvisor-reviews-widget\/wix\/","og_locale":"pl_PL","og_type":"article","og_title":"Umie\u015b\u0107 aplikacj\u0119 Tripadvisor Reviews na swojej witrynie Wix (w 2 minuty)","og_description":"Stworzenie aplikacji Recenzje Tripadvisor i opublikowanie jej w witrynie Wix nie jest trudne. Obs\u0142uga klienta Elfsight jest bezp\u0142atna.","og_url":"https:\/\/elfsight.com\/pl\/tripadvisor-reviews-widget\/wix\/","og_site_name":"Elfsight PL","article_modified_time":"2024-11-14T12:40:14+00:00","twitter_card":"summary_large_image","twitter_misc":{"Szacowany czas czytania":"3 minuty"},"schema":{"@context":"https:\/\/schema.org","@graph":[{"@type":"WebPage","@id":"https:\/\/elfsight.com\/pl\/tripadvisor-reviews-widget\/wix\/","url":"https:\/\/elfsight.com\/pl\/tripadvisor-reviews-widget\/wix\/","name":"Umie\u015b\u0107 aplikacj\u0119 Tripadvisor Reviews na swojej witrynie Wix (w 2 minuty)","isPartOf":{"@id":"https:\/\/elfsight.com\/pl\/#website"},"datePublished":"1970-01-01T00:00:00+00:00","dateModified":"2024-11-14T12:40:14+00:00","description":"Stworzenie aplikacji Recenzje Tripadvisor i opublikowanie jej w witrynie Wix nie jest trudne. Obs\u0142uga klienta Elfsight jest bezp\u0142atna.","breadcrumb":{"@id":"https:\/\/elfsight.com\/pl\/tripadvisor-reviews-widget\/wix\/#breadcrumb"},"inLanguage":"pl-PL","potentialAction":[{"@type":"ReadAction","target":["https:\/\/elfsight.com\/pl\/tripadvisor-reviews-widget\/wix\/"]}]},{"@type":"BreadcrumbList","@id":"https:\/\/elfsight.com\/pl\/tripadvisor-reviews-widget\/wix\/#breadcrumb","itemListElement":[{"@type":"ListItem","position":1,"name":"Home","item":"https:\/\/elfsight.com\/pl\/"},{"@type":"ListItem","position":2,"name":"Tripadvisor Reviews","item":"https:\/\/elfsight.com\/pl\/tripadvisor-reviews-widget\/"},{"@type":"ListItem","position":3,"name":"Tripadvisor Reviews &#8211; Wix"}]},{"@type":"WebSite","@id":"https:\/\/elfsight.com\/pl\/#website","url":"https:\/\/elfsight.com\/pl\/","name":"Elfsight PL","description":"Just another Elfsight Sites site","potentialAction":[{"@type":"SearchAction","target":{"@type":"EntryPoint","urlTemplate":"https:\/\/elfsight.com\/pl\/?s={search_term_string}"},"query-input":{"@type":"PropertyValueSpecification","valueRequired":true,"valueName":"search_term_string"}}],"inLanguage":"pl-PL"}]}},"meta_box":{"industry":"","seo_heading":"","heading":"","description":"","cta_heading":"","cta_description":"","application":"1222","h1":"Aplikacja Wix z recenzjami Tripadvisor","h1_caption":"Umie\u015b\u0107 w swojej witrynie najlepsze posty z recenzjami klient\u00f3w z serwisu Tripadvisor","application_category":[],"applications_title":"","applications_request_title":"","applications_request_button_text":"","hero_text":"","hero_video":"","hero_video_schema_markup":"","selling_points_title":"","selling_points_caption":"","selling_points":[],"selling_points_cta_text":"","features_title":"","features":"","ed_cta_examples_text":"","ed_cta_examples_hidden":"","ed_cta_demo_text":"","ed_cta_demo_hidden":"","why_caption":"","why_editor_title":"","why_editor_text":"","why_team_title":"","why_team_text":"","why_service_title":"","why_service_text":"","template_catalog_visible":"","template_catalog_title":"","template_catalog_text":"","template_catalog_categories_visible":"","demo_title":"Utw\u00f3rz aplikacj\u0119 z recenzjami Tripadvisor","demo_caption":"Skonfiguruj swoje recenzje na Tripadvisor i dodaj je za darmo do swojej witryny Wix!","default_faq_hidden":"","app_template_category":[],"platform":"30","template_public_id":"","codecanyon_url":"","codecanyon_item_id":"","codecanyon_price":"","pricing_caption":"","pricing_elfsight_apps_hide_column":"","pricing_elfsight_apps_url":"","pricing_codecanyon_price_caption":"","integration_category":[],"integration_request_title":"","integration_request_cta":"","integration_platform":"","integrations":[],"platform_category":[],"video_schema_markup":"","price":"od 0 USD \/ miesi\u0105c","trial":"","benefits":[{"text":"Bezp\u0142atna pomoc w monta\u017cu"},{"text":"Kompetentna obs\u0142uga klienta"},{"text":"14-dniowa gwarancja zwrotu pieni\u0119dzy"}],"button_url":"#demo","button_target_blank":"","button_nofollow":"","attributes":[{"name":"Instaluje"},{"name":"Czu\u0142y"},{"name":"Kompatybilne przegl\u0105darki"}],"tags":[],"tags_disable_links":"","hide_more_platforms":"","video_object":"","demo_hide_cta":"","demo_hide_cloud_options":"","pricing_title":"","pricing":[{"pricing_icon":"platform","pricing_title":"Elfsight Apps","pricing_title_caption":"Oprogramowanie wieloplatformowe, kt\u00f3re dzia\u0142a na dowolnej witrynie","pricing_price":"od 0 USD \/ miesi\u0105c","pricing_price_caption":"zacznij od bezp\u0142atnego planu","pricing_benefits":[{"text":"Nieograniczona liczba domen"},{"text":"Dedykowana obs\u0142uga klienta"},{"text":"Bezp\u0142atna pomoc w monta\u017cu"},{"text":"Specjalna cena za wiele aplikacji"}],"pricing_button_text":"Dodaj do witryny","pricing_button_url":"#demo"}],"related_apps_title":"","related_apps_hidden":"","author":"","image":[],"title":"","job":"","social_networks":[]},"_links":{"self":[{"href":"https:\/\/elfsight.com\/pl\/wp-json\/wp\/v2\/pages\/6958","targetHints":{"allow":["GET"]}}],"collection":[{"href":"https:\/\/elfsight.com\/pl\/wp-json\/wp\/v2\/pages"}],"about":[{"href":"https:\/\/elfsight.com\/pl\/wp-json\/wp\/v2\/types\/page"}],"author":[{"embeddable":true,"href":"https:\/\/elfsight.com\/pl\/wp-json\/wp\/v2\/users\/9"}],"replies":[{"embeddable":true,"href":"https:\/\/elfsight.com\/pl\/wp-json\/wp\/v2\/comments?post=6958"}],"version-history":[{"count":2,"href":"https:\/\/elfsight.com\/pl\/wp-json\/wp\/v2\/pages\/6958\/revisions"}],"predecessor-version":[{"id":8075,"href":"https:\/\/elfsight.com\/pl\/wp-json\/wp\/v2\/pages\/6958\/revisions\/8075"}],"up":[{"embeddable":true,"href":"https:\/\/elfsight.com\/pl\/wp-json\/wp\/v2\/pages\/1223"}],"wp:attachment":[{"href":"https:\/\/elfsight.com\/pl\/wp-json\/wp\/v2\/media?parent=6958"}],"curies":[{"name":"wp","href":"https:\/\/api.w.org\/{rel}","templated":true}]}}