{"id":6957,"date":"1970-01-01T00:00:00","date_gmt":"1970-01-01T00:00:00","guid":{"rendered":"https:\/\/elfsight.com\/pl\/?page_id=6957"},"modified":"2024-11-14T12:40:14","modified_gmt":"2024-11-14T12:40:14","slug":"wordpress","status":"publish","type":"page","link":"https:\/\/elfsight.com\/pl\/tripadvisor-reviews-widget\/wordpress\/","title":{"rendered":"Tripadvisor Reviews &#8211; WordPress"},"content":{"rendered":"<div class=\"application-platform-content-item-description application-platform-content-item\" id=\"description\" data-nav-section=\"description\"> <h2>Umieszczaj recenzje Tripadvisor w WordPress za pomoc\u0105 wid\u017cetu Elfsight<\/h2> <p>Recenzje Tripadvisor Elfsight to nieskomplikowany wid\u017cet, kt\u00f3ry pomo\u017ce Ci publikowa\u0107 w Twojej witrynie recenzje na temat Twoich produkt\u00f3w lub us\u0142ug z serwisu Tripadvisor. Mo\u017cesz zastosowa\u0107 filtry, aby uporz\u0105dkowa\u0107 niechciane recenzje; publikuj swoje oceny w postaci gwiazdek i liczb na stronie Tripadvisor, wy\u015bwietlaj szczeg\u00f3\u0142owe informacje o autorach i dodaj przycisk, kt\u00f3ry u\u0142atwi odwiedzaj\u0105cym pozostawienie recenzji na stronie Tripadvisor. Widget Recenzje serwisu Tripadvisor Elfsight pomo\u017ce Ci zaprezentowa\u0107 w witrynie internetowej doskona\u0142y dow\u00f3d spo\u0142eczno\u015bciowy i przyci\u0105gn\u0105\u0107 nowych klient\u00f3w. <\/p><div class=\"faq\" data-component=\"FAQ\"> <div class=\"faq-item\">\r\n\t\t\t\t\t<div class=\"faq-item-question\">\r\n\t\t\t\t\t\t<h3 class=\"faq-item-question-text\">Gdzie w mojej witrynie mog\u0119 wy\u015bwietli\u0107 wid\u017cet Recenzje<\/h3>\r\n\r\n\t\t\t\t\t\t<div class=\"faq-item-question-icon\"><\/div>\r\n\t\t\t\t\t<\/div>\r\n\r\n\t\t\t\t\t<div class=\"faq-item-answer\">\r\n\t\t\t\t\t\t<div class=\"faq-item-answer-text\"> <p>Mo\u017cesz osadzi\u0107 wid\u017cet na dowolnej stronie swojej witryny lub wklei\u0107 go do szablonu \u2013 w tym przypadku tak si\u0119 stanie poka\u017c na wszystkich stronach. Recenzje mog\u0105 dobrze sprawdzi\u0107 si\u0119 na stronach produkt\u00f3w lub na stronie O nas, czyli tam, gdzie musisz wykaza\u0107 si\u0119 wysok\u0105 ocen\u0105. <\/p><\/div>\r\n\t\t\t\t\t<\/div>\r\n\t\t\t\t<\/div> <div class=\"faq-item\">\r\n\t\t\t\t\t<div class=\"faq-item-question\">\r\n\t\t\t\t\t\t<h3 class=\"faq-item-question-text\">Jakie b\u0119d\u0119 z tego korzy\u015bci? <\/h3>\r\n\r\n\t\t\t\t\t\t<div class=\"faq-item-question-icon\"><\/div>\r\n\t\t\t\t\t<\/div>\r\n\r\n\t\t\t\t\t<div class=\"faq-item-answer\">\r\n\t\t\t\t\t\t<div class=\"faq-item-answer-text\"> <p>Opinie dodane przez prawdziwych ludzi wydaj\u0105 si\u0119 u\u017cytkownikom Twojej witryny maksymalnie wiarygodne i oznaczaj\u0105 dla nich, \u017ce Twojej firmie mo\u017cna zaufa\u0107. Wysoka ocena i doskona\u0142e wy\u015bwietlenia mog\u0105 pom\u00f3c zwi\u0119kszy\u0107 sprzeda\u017c w Twojej witrynie. Ponadto przycisk przekierowania przyczyni si\u0119 do pojawienia si\u0119 wi\u0119kszej liczby recenzji klient\u00f3w na temat Twojej firmy na Tripadvisor. <\/p> <\/div>\r\n\t\t\t\t\t<\/div>\r\n\t\t\t\t<\/div> <div class=\"faq-item\">\r\n\t\t\t\t\t<div class=\"faq-item-question\">\r\n\t\t\t\t\t\t<h3 class=\"faq-item-question-text\">Jak osadzi\u0107 recenzje z wid\u017cetu Tripadvisor w mojej witrynie WordPress? <\/h3>\r\n\r\n\t\t\t\t\t\t<div class=\"faq-item-question-icon\"><\/div>\r\n\t\t\t\t\t<\/div>\r\n\r\n\t\t\t\t\t<div class=\"faq-item-answer\">\r\n\t\t\t\t\t\t<div class=\"faq-item-answer-text\"> <p>Rozpocz\u0119cie korzystania z wid\u017cetu zajmuje tylko minut\u0119. Ten proces jest bardzo szybki, bezp\u0142atny i nie wymaga kodowania. <\/p> <p>Widget Recenzje Elfsight mo\u017cna skonfigurowa\u0107 za po\u015brednictwem naszej us\u0142ugi lub za po\u015brednictwem rynku. Mo\u017cesz por\u00f3wna\u0107 zalety obu wariant\u00f3w i wybra\u0107 bardziej odpowiedni. <\/p><\/div>\r\n\t\t\t\t\t<\/div>\r\n\t\t\t\t<\/div> <\/div> <\/div> <div class=\"application-platform-content-item-features application-platform-content-item\" id=\"features\" data-nav-section=\"features\"> <h2>G\u0142\u00f3wne funkcje wid\u017cetu Recenzje Tripadvisor<\/h2> <p>Odkryj list\u0119 g\u0142\u00f3wnych funkcji widget, aby lepiej to zrozumie\u0107. Dzi\u0119ki tym funkcjom wid\u017cet jest niezwykle wydajny: <\/p> <ul> <li>Trzy typy filtr\u00f3w: wed\u0142ug typu, wykluczenia wed\u0142ug i liczby wy\u015bwietlanych recenzji; <\/li> <li>4 rodzaje uk\u0142ad\u00f3w: lista, siatka, mur i suwak; <\/li> <li> Prze\u0142\u0105czany nag\u0142\u00f3wek wid\u017cetu; <\/li> <li>Aktywny przycisk umo\u017cliwiaj\u0105cy opublikowanie recenzji przenosi u\u017cytkownik\u00f3w na stron\u0119 Tripadvisor; <\/li> <li>Sze\u015b\u0107 element\u00f3w interfejsu, kt\u00f3re mo\u017cna dostosowywa\u0107: imi\u0119 i nazwisko autora i zdj\u0119cie, tekst rekomendacji, data udost\u0119pnienia, ikona Tripadvisor i liczba gwiazdek; <\/li> <li>Dwa warianty scenariuszy po odrzuceniu pro\u015bby o sprawdzenie: ujawnienie wiadomo\u015bci tekstowej lub ukrycie przycisku. <\/li> <\/ul><p><a href=\"#demo\">Demo na \u017cywo udost\u0119pni Ci wi\u0119cej funkcji<\/a><\/p> <\/div> <div class=\"application-platform-content-item-installation application-platform-content-item\" id=\"installation\" data-nav-section=\"installation\"> <h2>Dowiedz si\u0119, jak umie\u015bci\u0107 recenzje Tripadvisor w swojej witrynie WordPress<\/h2> <div class=\"video-container\"><iframe width=\"720\" height=\"405\" src=\"https:\/\/www.youtube.com\/embed\/6m8TM3f-pkg\" frameborder=\"0\" allowfullscreen=\"\"><\/iframe><\/div><p>Wystarczy spe\u0142ni\u0107 poni\u017csze wskaz\u00f3wki, aby aktywowa\u0107 wtyczk\u0119 w WordPressie.<\/p> <ol><li><b>Skorzystaj z naszej bezp\u0142atnej wersji demonstracyjnej i zacznij tworzy\u0107 w\u0142asn\u0105 wtyczk\u0119. <\/b><br> Znajd\u017a preferowan\u0105 form\u0119 i cechy funkcjonalne narz\u0119dzia i zastosuj zmiany. <\/li> <li><b>Skopiuj indywidualny kod wy\u015bwietlany w oknie aplikacji Elfsight. <\/b><br> Po zako\u0144czeniu dostosowywania wid\u017cetu Tripadvisor skopiuj kod osobisty z wy\u015bwietlonego pola i zapisz go na p\u00f3\u017aniej. <\/li> <li><b>Zacznij korzysta\u0107 z narz\u0119dzia w swojej witrynie WordPress. <\/b><br> Dodaj skopiowany wcze\u015bniej kod na swoj\u0105 stron\u0119 i zastosuj ulepszenia. <\/li> <li><b>Gotowe! Osadzanie zosta\u0142o ca\u0142kowicie zako\u0144czone. <\/b><br> Wejd\u017a na swoj\u0105 stron\u0119 i sprawd\u017a dzia\u0142anie wtyczki. <\/li><\/ol> <p>Nadal masz co\u015b, co budzi Twoje w\u0105tpliwo\u015bci? Albo masz problemy? Po prostu napisz zapytanie do naszego dzia\u0142u obs\u0142ugi klienta, a my rozwi\u0105\u017cemy ka\u017cdy problem. <\/p> <\/div>","protected":false},"excerpt":{"rendered":"","protected":false},"author":9,"featured_media":0,"parent":1223,"menu_order":0,"comment_status":"closed","ping_status":"closed","template":"templates\/template-application-platform.php","meta":{"publish_to_discourse":"","publish_post_category":"","wpdc_auto_publish_overridden":"","wpdc_topic_tags":"","wpdc_pin_topic":"","wpdc_pin_until":"","discourse_post_id":"","discourse_permalink":"","wpdc_publishing_response":"","wpdc_publishing_error":"","footnotes":""},"class_list":["post-6957","page","type-page","status-publish","hentry"],"yoast_head":"<!-- This site is optimized with the Yoast SEO plugin v25.3.1 - https:\/\/yoast.com\/wordpress\/plugins\/seo\/ -->\n<title>Umie\u015b\u0107 wtyczk\u0119 recenzji Tripadvisor na swojej witrynie WordPress (2025)<\/title>\n<meta name=\"description\" content=\"Utw\u00f3rz wtyczk\u0119 Recenzje Tripadvisor i dodaj j\u0105 do swojej witryny WordPress. Uzyskaj bezp\u0142atn\u0105 obs\u0142ug\u0119 klienta i inne bonusy od Elfsight.\" \/>\n<meta name=\"robots\" content=\"index, follow, max-snippet:-1, max-image-preview:large, max-video-preview:-1\" \/>\n<link rel=\"canonical\" href=\"https:\/\/elfsight.com\/pl\/tripadvisor-reviews-widget\/wordpress\/\" \/>\n<meta property=\"og:locale\" content=\"pl_PL\" \/>\n<meta property=\"og:type\" content=\"article\" \/>\n<meta property=\"og:title\" content=\"Umie\u015b\u0107 wtyczk\u0119 recenzji Tripadvisor na swojej witrynie WordPress (2025)\" \/>\n<meta property=\"og:description\" content=\"Utw\u00f3rz wtyczk\u0119 Recenzje Tripadvisor i dodaj j\u0105 do swojej witryny WordPress. Uzyskaj bezp\u0142atn\u0105 obs\u0142ug\u0119 klienta i inne bonusy od Elfsight.\" \/>\n<meta property=\"og:url\" content=\"https:\/\/elfsight.com\/pl\/tripadvisor-reviews-widget\/wordpress\/\" \/>\n<meta property=\"og:site_name\" content=\"Elfsight PL\" \/>\n<meta property=\"article:modified_time\" content=\"2024-11-14T12:40:14+00:00\" \/>\n<meta name=\"twitter:card\" content=\"summary_large_image\" \/>\n<meta name=\"twitter:label1\" content=\"Szacowany czas czytania\" \/>\n\t<meta name=\"twitter:data1\" content=\"3 minuty\" \/>\n<!-- \/ Yoast SEO plugin. -->","yoast_head_json":{"title":"Umie\u015b\u0107 wtyczk\u0119 recenzji Tripadvisor na swojej witrynie WordPress (2025)","description":"Utw\u00f3rz wtyczk\u0119 Recenzje Tripadvisor i dodaj j\u0105 do swojej witryny WordPress. Uzyskaj bezp\u0142atn\u0105 obs\u0142ug\u0119 klienta i inne bonusy od Elfsight.","robots":{"index":"index","follow":"follow","max-snippet":"max-snippet:-1","max-image-preview":"max-image-preview:large","max-video-preview":"max-video-preview:-1"},"canonical":"https:\/\/elfsight.com\/pl\/tripadvisor-reviews-widget\/wordpress\/","og_locale":"pl_PL","og_type":"article","og_title":"Umie\u015b\u0107 wtyczk\u0119 recenzji Tripadvisor na swojej witrynie WordPress (2025)","og_description":"Utw\u00f3rz wtyczk\u0119 Recenzje Tripadvisor i dodaj j\u0105 do swojej witryny WordPress. Uzyskaj bezp\u0142atn\u0105 obs\u0142ug\u0119 klienta i inne bonusy od Elfsight.","og_url":"https:\/\/elfsight.com\/pl\/tripadvisor-reviews-widget\/wordpress\/","og_site_name":"Elfsight PL","article_modified_time":"2024-11-14T12:40:14+00:00","twitter_card":"summary_large_image","twitter_misc":{"Szacowany czas czytania":"3 minuty"},"schema":{"@context":"https:\/\/schema.org","@graph":[{"@type":"WebPage","@id":"https:\/\/elfsight.com\/pl\/tripadvisor-reviews-widget\/wordpress\/","url":"https:\/\/elfsight.com\/pl\/tripadvisor-reviews-widget\/wordpress\/","name":"Umie\u015b\u0107 wtyczk\u0119 recenzji Tripadvisor na swojej witrynie WordPress (2025)","isPartOf":{"@id":"https:\/\/elfsight.com\/pl\/#website"},"datePublished":"1970-01-01T00:00:00+00:00","dateModified":"2024-11-14T12:40:14+00:00","description":"Utw\u00f3rz wtyczk\u0119 Recenzje Tripadvisor i dodaj j\u0105 do swojej witryny WordPress. Uzyskaj bezp\u0142atn\u0105 obs\u0142ug\u0119 klienta i inne bonusy od Elfsight.","breadcrumb":{"@id":"https:\/\/elfsight.com\/pl\/tripadvisor-reviews-widget\/wordpress\/#breadcrumb"},"inLanguage":"pl-PL","potentialAction":[{"@type":"ReadAction","target":["https:\/\/elfsight.com\/pl\/tripadvisor-reviews-widget\/wordpress\/"]}]},{"@type":"BreadcrumbList","@id":"https:\/\/elfsight.com\/pl\/tripadvisor-reviews-widget\/wordpress\/#breadcrumb","itemListElement":[{"@type":"ListItem","position":1,"name":"Home","item":"https:\/\/elfsight.com\/pl\/"},{"@type":"ListItem","position":2,"name":"Tripadvisor Reviews","item":"https:\/\/elfsight.com\/pl\/tripadvisor-reviews-widget\/"},{"@type":"ListItem","position":3,"name":"Tripadvisor Reviews &#8211; WordPress"}]},{"@type":"WebSite","@id":"https:\/\/elfsight.com\/pl\/#website","url":"https:\/\/elfsight.com\/pl\/","name":"Elfsight PL","description":"Just another Elfsight Sites site","potentialAction":[{"@type":"SearchAction","target":{"@type":"EntryPoint","urlTemplate":"https:\/\/elfsight.com\/pl\/?s={search_term_string}"},"query-input":{"@type":"PropertyValueSpecification","valueRequired":true,"valueName":"search_term_string"}}],"inLanguage":"pl-PL"}]}},"meta_box":{"industry":"","seo_heading":"","heading":"","description":"","cta_heading":"","cta_description":"","application":"1222","h1":"Wtyczka WordPress Recenzje Tripadvisor","h1_caption":"Poka\u017c w swojej witrynie doskona\u0142e recenzje klient\u00f3w z serwisu Tripadvisor","application_category":[],"applications_title":"","applications_request_title":"","applications_request_button_text":"","hero_text":"","hero_video":"","hero_video_schema_markup":"","selling_points_title":"","selling_points_caption":"","selling_points":[],"selling_points_cta_text":"","features_title":"","features":"","ed_cta_examples_text":"","ed_cta_examples_hidden":"","ed_cta_demo_text":"","ed_cta_demo_hidden":"","why_caption":"","why_editor_title":"","why_editor_text":"","why_team_title":"","why_team_text":"","why_service_title":"","why_service_text":"","template_catalog_visible":"","template_catalog_title":"","template_catalog_text":"","template_catalog_categories_visible":"","demo_title":"Utw\u00f3rz wtyczk\u0119 z recenzjami Tripadvisor","demo_caption":"Skonfiguruj swoje recenzje na Tripadvisor i dodaj je bezp\u0142atnie do swojej witryny WordPress!","default_faq_hidden":"","app_template_category":[],"platform":"31","template_public_id":"","codecanyon_url":"","codecanyon_item_id":"","codecanyon_price":"","pricing_caption":"","pricing_elfsight_apps_hide_column":"","pricing_elfsight_apps_url":"","pricing_codecanyon_price_caption":"","integration_category":[],"integration_request_title":"","integration_request_cta":"","integration_platform":"","integrations":[],"platform_category":[],"video_schema_markup":"","price":"od 0 USD \/ miesi\u0105c","trial":"","benefits":[{"text":"Bezp\u0142atna us\u0142uga monta\u017cu"},{"text":"Wyj\u0105tkowe wsparcie"},{"text":"14-dniowa gwarancja zwrotu pieni\u0119dzy"}],"button_url":"#demo","button_target_blank":"","button_nofollow":"","attributes":[{"name":"Instaluje"},{"name":"Czu\u0142y"},{"name":"Kompatybilne przegl\u0105darki"}],"tags":[],"tags_disable_links":"","hide_more_platforms":"","video_object":"","demo_hide_cta":"","demo_hide_cloud_options":"","pricing_title":"","pricing":[{"pricing_icon":"platform","pricing_title":"Elfsight Apps","pricing_title_caption":"Niezale\u017cne od platformy rozwi\u0105zanie cyfrowe","pricing_price":"od 0 USD \/ miesi\u0105c","pricing_price_caption":"zacznij od bezp\u0142atnego planu","pricing_benefits":[{"text":"Nielimitowane strony internetowe"},{"text":"Wsparcie firmy premium"},{"text":"Bezp\u0142atne wsparcie przy instalacji"},{"text":"Cena do z\u0142apania dla wielu aplikacji"}],"pricing_button_text":"Dodaj do witryny","pricing_button_url":"#demo"}],"related_apps_title":"","related_apps_hidden":"","author":"","image":[],"title":"","job":"","social_networks":[]},"_links":{"self":[{"href":"https:\/\/elfsight.com\/pl\/wp-json\/wp\/v2\/pages\/6957","targetHints":{"allow":["GET"]}}],"collection":[{"href":"https:\/\/elfsight.com\/pl\/wp-json\/wp\/v2\/pages"}],"about":[{"href":"https:\/\/elfsight.com\/pl\/wp-json\/wp\/v2\/types\/page"}],"author":[{"embeddable":true,"href":"https:\/\/elfsight.com\/pl\/wp-json\/wp\/v2\/users\/9"}],"replies":[{"embeddable":true,"href":"https:\/\/elfsight.com\/pl\/wp-json\/wp\/v2\/comments?post=6957"}],"version-history":[{"count":2,"href":"https:\/\/elfsight.com\/pl\/wp-json\/wp\/v2\/pages\/6957\/revisions"}],"predecessor-version":[{"id":8074,"href":"https:\/\/elfsight.com\/pl\/wp-json\/wp\/v2\/pages\/6957\/revisions\/8074"}],"up":[{"embeddable":true,"href":"https:\/\/elfsight.com\/pl\/wp-json\/wp\/v2\/pages\/1223"}],"wp:attachment":[{"href":"https:\/\/elfsight.com\/pl\/wp-json\/wp\/v2\/media?parent=6957"}],"curies":[{"name":"wp","href":"https:\/\/api.w.org\/{rel}","templated":true}]}}