{"id":6952,"date":"1970-01-01T00:00:00","date_gmt":"1970-01-01T00:00:00","guid":{"rendered":"https:\/\/elfsight.com\/pl\/?page_id=6952"},"modified":"2025-06-24T14:25:00","modified_gmt":"2025-06-24T14:25:00","slug":"elementor","status":"publish","type":"page","link":"https:\/\/elfsight.com\/pl\/tripadvisor-reviews-widget\/elementor\/","title":{"rendered":"Tripadvisor Reviews &#8211; Elementor"},"content":{"rendered":"<div class=\"application-platform-content-item-description application-platform-content-item\" id=\"description\" data-nav-section=\"description\">\n<h2>Umie\u015b\u0107 recenzje Tripadvisor na stronie Elementor za pomoc\u0105 wid\u017cetu Elfsight<\/h2>\n<p>Je\u015bli chcesz pokaza\u0107 swoj\u0105 wysok\u0105 ocen\u0119 i przekona\u0107 odwiedzaj\u0105cych witryn\u0119, \u017ce na Twoje oferty warto wyda\u0107 pieni\u0105dze, Recenzje Elfsight Tripadvisor s\u0105 dok\u0142adnie tym, czego potrzebujesz. Korzystaj\u0105c z naszego narz\u0119dzia, mo\u017cesz swobodnie prezentowa\u0107 recenzje u\u017cytkownik\u00f3w z serwisu Tripadvisor na swojej stronie internetowej, wraz ze szczeg\u00f3\u0142owymi informacjami o ich autorach; posortuj je tak, aby wy\u015bwietla\u0142y si\u0119 tylko pozytywne; dodaj oceny i aktywny przycisk, kt\u00f3ry przeniesie u\u017cytkownik\u00f3w do Twojego konta Tripadvisor, gdzie b\u0119d\u0105 mogli napisa\u0107 swoj\u0105 recenzj\u0119.<\/p>\n<\/div>\n\n<div class=\"application-platform-content-item-features application-platform-content-item\" id=\"features\" data-nav-section=\"features\">\n<h2>G\u0142\u00f3wne funkcje wid\u017cetu recenzji Tripadvisor<\/h2>\n<p>Tutaj mo\u017cesz zobaczy\u0107 wszystkie funkcje wtyczki. Mo\u017cesz je ustawi\u0107 bezpo\u015brednio w edytorze, co pomo\u017ce Ci stworzy\u0107 wid\u017cet dok\u0142adnie dla Twojego przypadku u\u017cycia. <\/p>\n<ul>\n    <li>Trzy predefiniowane filtry: wed\u0142ug typu, wykluczania i liczby wy\u015bwietlanych recenzji;<\/li>\n    <li>4 rodzaje uk\u0142ad\u00f3w: lista, siatka, mur i suwak;<\/li>\n    <li>Prze\u0142\u0105czany nag\u0142\u00f3wek wid\u017cetu;<\/li>\n    <li>Przycisk pro\u015bby o recenzj\u0119 przenosi go\u015bci na stron\u0119 Tripadvisor;<\/li>\n    <li>6 elastycznych element\u00f3w wid\u017cetu: imi\u0119 i nazwisko autora i zdj\u0119cie, rekomendacja, data udost\u0119pnienia, ikona Tripadvisor i liczba gwiazdek;<\/li>\n    <li>Dwa mo\u017cliwe scenariusze po odrzuceniu pro\u015bby o sprawdzenie: ujawnienie niestandardowej wiadomo\u015bci lub ukrycie przycisku.<\/li>\n<\/ul>\n<p><a href=\"#demo\">Wypr\u00f3buj wszystkie inne funkcje w wersji demonstracyjnej<\/a><\/p>\n<\/div>\n\n<div class=\"application-platform-content-item-installation application-platform-content-item\" id=\"installation\" data-nav-section=\"installation\"><\/div>\n<h2>Jak umie\u015bci\u0107 recenzje Tripadvisor w witrynie Elementor?<\/h2>\n<div class=\"video-container\"><iframe width=\"720\" height=\"405\" src=\"https:\/\/www.youtube.com\/embed\/A-LSqGE2aOM\" frameborder=\"0\" allowfullscreen=\"\"><\/iframe><\/div>\n<p>Aby umie\u015bci\u0107 recenzje, wykonaj kilka szybkich krok\u00f3w.<\/p>\n<ol>\n    <li><b>Wygeneruj niestandardow\u0105 wtyczk\u0119 Tripadvisor<\/b><br>Korzystaj\u0105c z naszego bezp\u0142atnego demo, uzyskaj wtyczk\u0119 o wybranym sk\u0142adzie i cechach funkcjonalnych.<\/li>\n    <li><b>Zdob\u0105d\u017a osobisty kod, aby doda\u0107 wtyczk\u0119<\/b><br>Po skonfigurowaniu wid\u017cetu otrzymasz kod instalacyjny z wy\u015bwietlonego okna aplikacji Elfsight. Skopiuj kod.<\/li>\n    <li><b>Umie\u015b\u0107 wtyczk\u0119 na swojej stronie Elementora<\/b><br>Wybierz miejsce na stronie, w kt\u00f3rym chcesz osadzi\u0107 wtyczk\u0119 i dodaj tam skopiowany kod. Opublikuj zmiany.<\/li>\n    <li><b>Osadzanie powiod\u0142o si\u0119!<\/b><br>Przejd\u017a do swojej strony internetowej, aby sprawdzi\u0107 wtyczk\u0119.<\/li>\n<\/ol>\n<p>Je\u015bli potrzebujesz porady lub masz pytania, skontaktuj si\u0119 z naszym dzia\u0142em obs\u0142ugi klienta. W przypadku ka\u017cdego zapytania pomo\u017cemy.<\/p>\n<div class=\"faq\" data-component=\"FAQ\">\n    <div class=\"faq-item\">\r\n\t\t\t\t\t<div class=\"faq-item-question\">\r\n\t\t\t\t\t\t<h3 class=\"faq-item-question-text\">Jak mog\u0119 doda\u0107 recenzje na Tripadvisor do mojej witryny Elementor bez umiej\u0119tno\u015bci kodowania?<\/h3>\r\n\r\n\t\t\t\t\t\t<div class=\"faq-item-question-icon\"><\/div>\r\n\t\t\t\t\t<\/div>\r\n\r\n\t\t\t\t\t<div class=\"faq-item-answer\">\r\n\t\t\t\t\t\t<div class=\"faq-item-answer-text\">\n    <p>Elfsight zapewnia rozwi\u0105zanie SaaS, kt\u00f3re pozwala utworzy\u0107 samodzielnie wid\u017cet Recenzje na Tripadvisor i przekonaj si\u0119, jakie to proste: Pracuj bezpo\u015brednio w edytorze online, aby utworzy\u0107 wid\u017cet Recenzje na Tripadvisor, kt\u00f3ry chcesz widzie\u0107 w swojej witrynie Elementor. Wybierz jeden z gotowych szablon\u00f3w i dostosuj ustawienia recenzji na Tripadvisor, dodaj tre\u015b\u0107, zmie\u0144 uk\u0142ad i kolory bez umiej\u0119tno\u015bci kodowania. Zapisz recenzje na stronie Tripadvisor i skopiuj ich kod instalacyjny, kt\u00f3ry mo\u017cesz \u0142atwo umie\u015bci\u0107 na swojej stronie internetowej Elementor, bez konieczno\u015bci kupowania wersji p\u0142atnej. Dzi\u0119ki naszemu intuicyjnemu edytorowi ka\u017cdy u\u017cytkownik Internetu mo\u017ce tworzy\u0107 recenzje na wid\u017cet Tripadvisor online i \u0142atwo umieszcza\u0107 je na swojej stronie internetowej Elementor. Aby uzyska\u0107 dost\u0119p do us\u0142ugi, nie trzeba p\u0142aci\u0107 ani wprowadza\u0107 danych uwierzytelniaj\u0105cych karty. Je\u015bli na kt\u00f3rymkolwiek etapie napotkasz jakiekolwiek problemy, skontaktuj si\u0119 z naszym zespo\u0142em pomocy technicznej.<\/p>\n    <\/div>\r\n\t\t\t\t\t<\/div>\r\n\t\t\t\t<\/div>\n<\/div>","protected":false},"excerpt":{"rendered":"Jak umie\u015bci\u0107 recenzje Tripadvisor w witrynie Elementor? Aby umie\u015bci\u0107 recenzje, wykonaj kilka szybkich krok\u00f3w. Wygeneruj niestandardow\u0105 wtyczk\u0119 TripadvisorKorzystaj\u0105c z naszego bezp\u0142atnego demo, uzyskaj wtyczk\u0119 o wybranym sk\u0142adzie i cechach funkcjonalnych. Zdob\u0105d\u017a osobisty kod, aby doda\u0107 wtyczk\u0119Po skonfigurowaniu wid\u017cetu otrzymasz kod instalacyjny z wy\u015bwietlonego okna aplikacji Elfsight. Skopiuj kod. Umie\u015b\u0107 wtyczk\u0119&#8230;","protected":false},"author":9,"featured_media":0,"parent":1223,"menu_order":0,"comment_status":"closed","ping_status":"closed","template":"templates\/template-application-platform.php","meta":{"publish_to_discourse":"","publish_post_category":"","wpdc_auto_publish_overridden":"","wpdc_topic_tags":"","wpdc_pin_topic":"","wpdc_pin_until":"","discourse_post_id":"","discourse_permalink":"","wpdc_publishing_response":"","wpdc_publishing_error":"","footnotes":""},"class_list":["post-6952","page","type-page","status-publish","hentry"],"yoast_head":"<!-- This site is optimized with the Yoast SEO plugin v25.3.1 - https:\/\/yoast.com\/wordpress\/plugins\/seo\/ -->\n<title>Umie\u015b\u0107 wid\u017cet recenzji Tripadvisor na swojej stronie internetowej Elementor (2025)<\/title>\n<meta name=\"description\" content=\"Dzi\u0119ki Elfsight mo\u017cesz utworzy\u0107 wid\u017cet recenzji Tripadvisor i umie\u015bci\u0107 go w witrynie Elementor. Oferujemy bezp\u0142atn\u0105 obs\u0142ug\u0119 klienta i inne bonusy.\" \/>\n<meta name=\"robots\" content=\"index, follow, max-snippet:-1, max-image-preview:large, max-video-preview:-1\" \/>\n<link rel=\"canonical\" href=\"https:\/\/elfsight.com\/pl\/tripadvisor-reviews-widget\/elementor\/\" \/>\n<meta property=\"og:locale\" content=\"pl_PL\" \/>\n<meta property=\"og:type\" content=\"article\" \/>\n<meta property=\"og:title\" content=\"Umie\u015b\u0107 wid\u017cet recenzji Tripadvisor na swojej stronie internetowej Elementor (2025)\" \/>\n<meta property=\"og:description\" content=\"Dzi\u0119ki Elfsight mo\u017cesz utworzy\u0107 wid\u017cet recenzji Tripadvisor i umie\u015bci\u0107 go w witrynie Elementor. Oferujemy bezp\u0142atn\u0105 obs\u0142ug\u0119 klienta i inne bonusy.\" \/>\n<meta property=\"og:url\" content=\"https:\/\/elfsight.com\/pl\/tripadvisor-reviews-widget\/elementor\/\" \/>\n<meta property=\"og:site_name\" content=\"Elfsight PL\" \/>\n<meta property=\"article:modified_time\" content=\"2025-06-24T14:25:00+00:00\" \/>\n<meta name=\"twitter:card\" content=\"summary_large_image\" \/>\n<meta name=\"twitter:label1\" content=\"Szacowany czas czytania\" \/>\n\t<meta name=\"twitter:data1\" content=\"3 minuty\" \/>\n<!-- \/ Yoast SEO plugin. -->","yoast_head_json":{"title":"Umie\u015b\u0107 wid\u017cet recenzji Tripadvisor na swojej stronie internetowej Elementor (2025)","description":"Dzi\u0119ki Elfsight mo\u017cesz utworzy\u0107 wid\u017cet recenzji Tripadvisor i umie\u015bci\u0107 go w witrynie Elementor. Oferujemy bezp\u0142atn\u0105 obs\u0142ug\u0119 klienta i inne bonusy.","robots":{"index":"index","follow":"follow","max-snippet":"max-snippet:-1","max-image-preview":"max-image-preview:large","max-video-preview":"max-video-preview:-1"},"canonical":"https:\/\/elfsight.com\/pl\/tripadvisor-reviews-widget\/elementor\/","og_locale":"pl_PL","og_type":"article","og_title":"Umie\u015b\u0107 wid\u017cet recenzji Tripadvisor na swojej stronie internetowej Elementor (2025)","og_description":"Dzi\u0119ki Elfsight mo\u017cesz utworzy\u0107 wid\u017cet recenzji Tripadvisor i umie\u015bci\u0107 go w witrynie Elementor. Oferujemy bezp\u0142atn\u0105 obs\u0142ug\u0119 klienta i inne bonusy.","og_url":"https:\/\/elfsight.com\/pl\/tripadvisor-reviews-widget\/elementor\/","og_site_name":"Elfsight PL","article_modified_time":"2025-06-24T14:25:00+00:00","twitter_card":"summary_large_image","twitter_misc":{"Szacowany czas czytania":"3 minuty"},"schema":{"@context":"https:\/\/schema.org","@graph":[{"@type":"WebPage","@id":"https:\/\/elfsight.com\/pl\/tripadvisor-reviews-widget\/elementor\/","url":"https:\/\/elfsight.com\/pl\/tripadvisor-reviews-widget\/elementor\/","name":"Umie\u015b\u0107 wid\u017cet recenzji Tripadvisor na swojej stronie internetowej Elementor (2025)","isPartOf":{"@id":"https:\/\/elfsight.com\/pl\/#website"},"datePublished":"1970-01-01T00:00:00+00:00","dateModified":"2025-06-24T14:25:00+00:00","description":"Dzi\u0119ki Elfsight mo\u017cesz utworzy\u0107 wid\u017cet recenzji Tripadvisor i umie\u015bci\u0107 go w witrynie Elementor. Oferujemy bezp\u0142atn\u0105 obs\u0142ug\u0119 klienta i inne bonusy.","breadcrumb":{"@id":"https:\/\/elfsight.com\/pl\/tripadvisor-reviews-widget\/elementor\/#breadcrumb"},"inLanguage":"pl-PL","potentialAction":[{"@type":"ReadAction","target":["https:\/\/elfsight.com\/pl\/tripadvisor-reviews-widget\/elementor\/"]}]},{"@type":"BreadcrumbList","@id":"https:\/\/elfsight.com\/pl\/tripadvisor-reviews-widget\/elementor\/#breadcrumb","itemListElement":[{"@type":"ListItem","position":1,"name":"Home","item":"https:\/\/elfsight.com\/pl\/"},{"@type":"ListItem","position":2,"name":"Tripadvisor Reviews","item":"https:\/\/elfsight.com\/pl\/tripadvisor-reviews-widget\/"},{"@type":"ListItem","position":3,"name":"Tripadvisor Reviews &#8211; Elementor"}]},{"@type":"WebSite","@id":"https:\/\/elfsight.com\/pl\/#website","url":"https:\/\/elfsight.com\/pl\/","name":"Elfsight PL","description":"Just another Elfsight Sites site","potentialAction":[{"@type":"SearchAction","target":{"@type":"EntryPoint","urlTemplate":"https:\/\/elfsight.com\/pl\/?s={search_term_string}"},"query-input":{"@type":"PropertyValueSpecification","valueRequired":true,"valueName":"search_term_string"}}],"inLanguage":"pl-PL"}]}},"meta_box":{"industry":"","seo_heading":"","heading":"","description":"","cta_heading":"","cta_description":"","application":"1222","h1":"Recenzje Elementora TridAdvisor","h1_caption":"Dodaj do swojej witryny recenzje doskona\u0142ych u\u017cytkownik\u00f3w z serwisu Tripadvisor","application_category":[],"applications_title":"","applications_request_title":"","applications_request_button_text":"","hero_text":"","hero_video":"","hero_video_schema_markup":"","selling_points_title":"","selling_points_caption":"","selling_points":[],"selling_points_cta_text":"","features_title":"","features":"","ed_cta_examples_text":"","ed_cta_examples_hidden":"","ed_cta_demo_text":"","ed_cta_demo_hidden":"","why_caption":"","why_editor_title":"","why_editor_text":"","why_team_title":"","why_team_text":"","why_service_title":"","why_service_text":"","template_catalog_visible":"0","template_catalog_title":"","template_catalog_text":"","template_catalog_categories_visible":"","demo_title":"Utw\u00f3rz wid\u017cet recenzji Tripadvisor","demo_caption":"Skonfiguruj swoje recenzje na Tripadvisor i dodaj je za darmo do swojej witryny Elementor!","default_faq_hidden":"","app_template_category":[],"platform":"268","template_public_id":"","codecanyon_url":"","codecanyon_item_id":"","codecanyon_price":"","pricing_caption":"","pricing_elfsight_apps_hide_column":"","pricing_elfsight_apps_url":"","pricing_codecanyon_price_caption":"","integration_category":[],"integration_request_title":"","integration_request_cta":"","integration_platform":"","integrations":[],"platform_category":[],"video_schema_markup":"","price":"od 0 USD \/ miesi\u0105c","trial":"","benefits":[{"text":"Bezp\u0142atna pomoc w monta\u017cu"},{"text":"Skuteczna obs\u0142uga klienta"},{"text":"14-dniowa gwarancja zwrotu pieni\u0119dzy"}],"button_url":"#demo","button_target_blank":"0","button_nofollow":"0","attributes":[{"name":"Instaluje"},{"name":"Czu\u0142y"},{"name":"Kompatybilne przegl\u0105darki"}],"tags":[],"tags_disable_links":"0","hide_more_platforms":"0","video_object":"","demo_hide_cta":"0","demo_hide_cloud_options":"0","pricing_title":"","pricing":[{"pricing_icon":"platform","pricing_title":"Elfsight Apps","pricing_title_caption":"Wersja niezale\u017cna od platformy, kt\u00f3ra pasuje do ka\u017cdej witryny internetowej","pricing_price":"od 0 USD \/ miesi\u0105c","pricing_price_caption":"zacznij od bezp\u0142atnego planu","pricing_benefits":[{"text":"Nielimitowane domeny"},{"text":"Profesjonalna obs\u0142uga klienta"},{"text":"Bezp\u0142atna pomoc przy instalacji"},{"text":"Cena do z\u0142apania dla wielu aplikacji"}],"pricing_button_text":"Dodaj do witryny","pricing_button_url":"#demo"}],"related_apps_title":"","related_apps_hidden":"0","author":"","image":[],"title":"","job":"","social_networks":[]},"_links":{"self":[{"href":"https:\/\/elfsight.com\/pl\/wp-json\/wp\/v2\/pages\/6952","targetHints":{"allow":["GET"]}}],"collection":[{"href":"https:\/\/elfsight.com\/pl\/wp-json\/wp\/v2\/pages"}],"about":[{"href":"https:\/\/elfsight.com\/pl\/wp-json\/wp\/v2\/types\/page"}],"author":[{"embeddable":true,"href":"https:\/\/elfsight.com\/pl\/wp-json\/wp\/v2\/users\/9"}],"replies":[{"embeddable":true,"href":"https:\/\/elfsight.com\/pl\/wp-json\/wp\/v2\/comments?post=6952"}],"version-history":[{"count":4,"href":"https:\/\/elfsight.com\/pl\/wp-json\/wp\/v2\/pages\/6952\/revisions"}],"predecessor-version":[{"id":10434,"href":"https:\/\/elfsight.com\/pl\/wp-json\/wp\/v2\/pages\/6952\/revisions\/10434"}],"up":[{"embeddable":true,"href":"https:\/\/elfsight.com\/pl\/wp-json\/wp\/v2\/pages\/1223"}],"wp:attachment":[{"href":"https:\/\/elfsight.com\/pl\/wp-json\/wp\/v2\/media?parent=6952"}],"curies":[{"name":"wp","href":"https:\/\/api.w.org\/{rel}","templated":true}]}}