{"id":6951,"date":"1970-01-01T00:00:00","date_gmt":"1970-01-01T00:00:00","guid":{"rendered":"https:\/\/elfsight.com\/pl\/?page_id=6951"},"modified":"2024-11-14T09:31:54","modified_gmt":"2024-11-14T09:31:54","slug":"iframe","status":"publish","type":"page","link":"https:\/\/elfsight.com\/pl\/tripadvisor-reviews-widget\/iframe\/","title":{"rendered":"Tripadvisor Reviews &#8211; iFrame"},"content":{"rendered":"<div class=\"application-platform-content-item-description application-platform-content-item\" id=\"description\" data-nav-section=\"description\"><h2>Umie\u015b\u0107 recenzje Tripadvisor w iFrame za pomoc\u0105 wid\u017cetu Elfsight<\/h2><p>Je\u015bli chcesz zaprezentowa\u0107 swoj\u0105 wysok\u0105 ocen\u0119 klient\u00f3w i przekona\u0107 witryn\u0119 odwiedzaj\u0105cych, \u017ce Twoje oferty s\u0105 warte zakupu, recenzje Elfsight Tripadvisor idealnie Ci odpowiadaj\u0105. Dzi\u0119ki naszej wtyczce z \u0142atwo\u015bci\u0105 zaprezentujesz na swojej stronie recenzje klient\u00f3w z serwisu Tripadvisor wraz z informacj\u0105 o ich autorach, posegregujesz je tak, aby wy\u015bwietla\u0142y si\u0119 tylko te najlepsze, dodasz oceny i aktywny przycisk, kt\u00f3ry przeniesie u\u017cytkownik\u00f3w na Twoje konto Tripadvisor, dzi\u0119ki czemu b\u0119d\u0105 mogli zostaw now\u0105 recenzj\u0119. <\/p> <p><b>Zacznij ju\u017c teraz pokazywa\u0107 najlepsze referencje z serwisu Tripadvisor i zwi\u0119ksz zaufanie!<\/b><\/p> <\/div><div class=\"application-platform-content-item-features application-platform-content-item\" id=\"features\" data-nav-section=\"features\"><h2>G\u0142\u00f3wne cechy serwisu Wid\u017cet recenzji Tripadvisor<\/h2><p>Sprawd\u017a, co potrafi\u0105 nasze wid\u017cety. Oto lista najwa\u017cniejszych funkcji: <\/p> <ul> <li>4 predefiniowane uk\u0142ady: Lista, Siatka, Mur i Suwak; <\/li> <li>Przycisk pro\u015bby o recenzj\u0119 kieruje odwiedzaj\u0105cych do Twojej strony na Tripadvisor; <\/li> <li>6 regulowanych element\u00f3w interfejsu: imi\u0119 i zdj\u0119cie autora, rekomendacja, data, ikona Tripadvisor i liczba gwiazdek; <\/li> <\/ul><p><a href=\"#demo\">Wypr\u00f3buj te i wi\u0119cej funkcji w wersji demonstracyjnej<\/a><\/p><\/div><div class=\"application-platform-content-item-installation application-platform-content-item\" id=\"installation\" data-nav-section=\"installation\"><h2>Jak doda\u0107 wtyczk\u0119 recenzji Tripadvisor do witryny iFrame<\/h2><p>Uruchomienie wid\u017cetu w witrynie jest niezwykle \u0142atwe. Wykonaj poni\u017csze czynno\u015bci:. <\/p> <ol><li><b>Stw\u00f3rz w\u0142asn\u0105 wtyczk\u0119 Tripadvisor<\/b><br> Za pomoc\u0105 naszego bezp\u0142atnego konfiguratora utw\u00f3rz wtyczk\u0119 o wybranym wygl\u0105dzie i funkcjach. <\/li><li><b>Uzyskaj osobisty kod do osadzenia wtyczki<\/b><br> Po skonfigurowaniu wtyczki otrzymasz kod instalacyjny z powiadomienia, kt\u00f3re pojawi si\u0119 w aplikacji Elfsight. Skopiuj kod. <\/li> <li><b>Zintegruj wtyczk\u0119 ze swoj\u0105 witryn\u0105 iFrame<\/b><br> Okre\u015bl miejsce, w kt\u00f3rym chcesz zintegrowa\u0107 wtyczk\u0119 i wklej tam skopiowany kod. Zapisz zmiany. <\/li> <li><b>Konfiguracja zosta\u0142a pomy\u015blnie przeprowadzona<\/b><br> Przejd\u017a do witryny i sprawd\u017a swoje recenzje.<\/li> <\/ol><p>Je\u015bli masz pytania dotycz\u0105ce serwisu Elfsight, Tripadvisor Je\u015bli chcesz, \u017ceby\u015bmy Ci pomogli, nie wahaj si\u0119 i napisz do nas. Nasza obs\u0142uga klienta jest tu dla Ciebie! <\/p><div class=\"faq\" data-component=\"FAQ\"> <div class=\"faq-item\">\r\n\t\t\t\t\t<div class=\"faq-item-question\">\r\n\t\t\t\t\t\t<h3 class=\"faq-item-question-text\">Jak mog\u0119 doda\u0107 recenzje na stronie Tripadvisor do mojej witryny iFrame bez umiej\u0119tno\u015bci kodowania?<\/h3>\r\n\r\n\t\t\t\t\t\t<div class=\"faq-item-question-icon\"><\/div>\r\n\t\t\t\t\t<\/div>\r\n\r\n\t\t\t\t\t<div class=\"faq-item-answer\">\r\n\t\t\t\t\t\t<div class=\"faq-item-answer-text\"> <p>Elfsight udost\u0119pnia rozwi\u0105zanie SaaS, kt\u00f3re umo\u017cliwia samodzielne tworzenie wid\u017cetu Recenzje dla serwisu Tripadvisor. Zobacz, jak prosty proces polega na tym, \u017ce: Pracuj bezpo\u015brednio w edytorze online, aby utworzy\u0107 wid\u017cet Recenzje dla serwisu Tripadvisor, kt\u00f3ry chcesz widzie\u0107 w swojej witrynie iFrame. Wybierz jeden z gotowych szablon\u00f3w i dostosuj ustawienia recenzji na Tripadvisor, dodaj tre\u015b\u0107, zmie\u0144 uk\u0142ad i kolory bez umiej\u0119tno\u015bci kodowania. Zapisz recenzje na Tripadvisor i skopiuj ich kod instalacyjny, kt\u00f3ry mo\u017cesz \u0142atwo doda\u0107 do swojej witryny iFrame bez konieczno\u015bci zakupu p\u0142atnej subskrypcji. Za pomoc\u0105 naszego intuicyjnego edytora ka\u017cdy u\u017cytkownik Internetu mo\u017ce tworzy\u0107 recenzje dla wid\u017cetu Tripadvisor online i \u0142atwo umieszcza\u0107 je na swojej witrynie iFrame. Aby uzyska\u0107 dost\u0119p do us\u0142ugi, nie trzeba p\u0142aci\u0107 ani wprowadza\u0107 danych uwierzytelniaj\u0105cych karty. Je\u015bli na kt\u00f3rymkolwiek etapie napotkasz jakiekolwiek problemy, skontaktuj si\u0119 z naszym zespo\u0142em pomocy technicznej.<\/p> <\/div>\r\n\t\t\t\t\t<\/div>\r\n\t\t\t\t<\/div> <\/div> <\/div>","protected":false},"excerpt":{"rendered":"","protected":false},"author":9,"featured_media":0,"parent":1223,"menu_order":0,"comment_status":"closed","ping_status":"closed","template":"templates\/template-application-platform.php","meta":{"publish_to_discourse":"","publish_post_category":"","wpdc_auto_publish_overridden":"","wpdc_topic_tags":"","wpdc_pin_topic":"","wpdc_pin_until":"","discourse_post_id":"","discourse_permalink":"","wpdc_publishing_response":"","wpdc_publishing_error":"","footnotes":""},"class_list":["post-6951","page","type-page","status-publish","hentry"],"yoast_head":"<!-- This site is optimized with the Yoast SEO plugin v25.3.1 - https:\/\/yoast.com\/wordpress\/plugins\/seo\/ -->\n<title>Wtyczka iFrame Facebook Reviews dla Twojej witryny (bezp\u0142atna i szybka)<\/title>\n<meta name=\"description\" content=\"Masz szans\u0119 zaprojektowa\u0107 wtyczk\u0119 recenzji Tripadvisor i doda\u0107 j\u0105 do swojej witryny iFrame. Uzyskaj bezp\u0142atn\u0105 obs\u0142ug\u0119 klienta i inne bonusy od Elfsight.\" \/>\n<meta name=\"robots\" content=\"index, follow, max-snippet:-1, max-image-preview:large, max-video-preview:-1\" \/>\n<link rel=\"canonical\" href=\"https:\/\/elfsight.com\/pl\/tripadvisor-reviews-widget\/iframe\/\" \/>\n<meta property=\"og:locale\" content=\"pl_PL\" \/>\n<meta property=\"og:type\" content=\"article\" \/>\n<meta property=\"og:title\" content=\"Wtyczka iFrame Facebook Reviews dla Twojej witryny (bezp\u0142atna i szybka)\" \/>\n<meta property=\"og:description\" content=\"Masz szans\u0119 zaprojektowa\u0107 wtyczk\u0119 recenzji Tripadvisor i doda\u0107 j\u0105 do swojej witryny iFrame. Uzyskaj bezp\u0142atn\u0105 obs\u0142ug\u0119 klienta i inne bonusy od Elfsight.\" \/>\n<meta property=\"og:url\" content=\"https:\/\/elfsight.com\/pl\/tripadvisor-reviews-widget\/iframe\/\" \/>\n<meta property=\"og:site_name\" content=\"Elfsight PL\" \/>\n<meta property=\"article:modified_time\" content=\"2024-11-14T09:31:54+00:00\" \/>\n<meta name=\"twitter:card\" content=\"summary_large_image\" \/>\n<meta name=\"twitter:label1\" content=\"Szacowany czas czytania\" \/>\n\t<meta name=\"twitter:data1\" content=\"3 minuty\" \/>\n<!-- \/ Yoast SEO plugin. -->","yoast_head_json":{"title":"Wtyczka iFrame Facebook Reviews dla Twojej witryny (bezp\u0142atna i szybka)","description":"Masz szans\u0119 zaprojektowa\u0107 wtyczk\u0119 recenzji Tripadvisor i doda\u0107 j\u0105 do swojej witryny iFrame. Uzyskaj bezp\u0142atn\u0105 obs\u0142ug\u0119 klienta i inne bonusy od Elfsight.","robots":{"index":"index","follow":"follow","max-snippet":"max-snippet:-1","max-image-preview":"max-image-preview:large","max-video-preview":"max-video-preview:-1"},"canonical":"https:\/\/elfsight.com\/pl\/tripadvisor-reviews-widget\/iframe\/","og_locale":"pl_PL","og_type":"article","og_title":"Wtyczka iFrame Facebook Reviews dla Twojej witryny (bezp\u0142atna i szybka)","og_description":"Masz szans\u0119 zaprojektowa\u0107 wtyczk\u0119 recenzji Tripadvisor i doda\u0107 j\u0105 do swojej witryny iFrame. Uzyskaj bezp\u0142atn\u0105 obs\u0142ug\u0119 klienta i inne bonusy od Elfsight.","og_url":"https:\/\/elfsight.com\/pl\/tripadvisor-reviews-widget\/iframe\/","og_site_name":"Elfsight PL","article_modified_time":"2024-11-14T09:31:54+00:00","twitter_card":"summary_large_image","twitter_misc":{"Szacowany czas czytania":"3 minuty"},"schema":{"@context":"https:\/\/schema.org","@graph":[{"@type":"WebPage","@id":"https:\/\/elfsight.com\/pl\/tripadvisor-reviews-widget\/iframe\/","url":"https:\/\/elfsight.com\/pl\/tripadvisor-reviews-widget\/iframe\/","name":"Wtyczka iFrame Facebook Reviews dla Twojej witryny (bezp\u0142atna i szybka)","isPartOf":{"@id":"https:\/\/elfsight.com\/pl\/#website"},"datePublished":"1970-01-01T00:00:00+00:00","dateModified":"2024-11-14T09:31:54+00:00","description":"Masz szans\u0119 zaprojektowa\u0107 wtyczk\u0119 recenzji Tripadvisor i doda\u0107 j\u0105 do swojej witryny iFrame. Uzyskaj bezp\u0142atn\u0105 obs\u0142ug\u0119 klienta i inne bonusy od Elfsight.","breadcrumb":{"@id":"https:\/\/elfsight.com\/pl\/tripadvisor-reviews-widget\/iframe\/#breadcrumb"},"inLanguage":"pl-PL","potentialAction":[{"@type":"ReadAction","target":["https:\/\/elfsight.com\/pl\/tripadvisor-reviews-widget\/iframe\/"]}]},{"@type":"BreadcrumbList","@id":"https:\/\/elfsight.com\/pl\/tripadvisor-reviews-widget\/iframe\/#breadcrumb","itemListElement":[{"@type":"ListItem","position":1,"name":"Home","item":"https:\/\/elfsight.com\/pl\/"},{"@type":"ListItem","position":2,"name":"Tripadvisor Reviews","item":"https:\/\/elfsight.com\/pl\/tripadvisor-reviews-widget\/"},{"@type":"ListItem","position":3,"name":"Tripadvisor Reviews &#8211; iFrame"}]},{"@type":"WebSite","@id":"https:\/\/elfsight.com\/pl\/#website","url":"https:\/\/elfsight.com\/pl\/","name":"Elfsight PL","description":"Just another Elfsight Sites site","potentialAction":[{"@type":"SearchAction","target":{"@type":"EntryPoint","urlTemplate":"https:\/\/elfsight.com\/pl\/?s={search_term_string}"},"query-input":{"@type":"PropertyValueSpecification","valueRequired":true,"valueName":"search_term_string"}}],"inLanguage":"pl-PL"}]}},"meta_box":{"industry":"","seo_heading":"","heading":"","description":"","cta_heading":"","cta_description":"","application":"1222","h1":"Recenzje serwisu Tripadvisor iFrame","h1_caption":"Integruj najlepsze wra\u017cenia klient\u00f3w z serwisu Tripadvisor w swojej witrynie internetowej","application_category":[],"applications_title":"","applications_request_title":"","applications_request_button_text":"","hero_text":"","hero_video":"","hero_video_schema_markup":"","selling_points_title":"","selling_points_caption":"","selling_points":[],"selling_points_cta_text":"","features_title":"","features":"","ed_cta_examples_text":"","ed_cta_examples_hidden":"","ed_cta_demo_text":"","ed_cta_demo_hidden":"","why_caption":"","why_editor_title":"","why_editor_text":"","why_team_title":"","why_team_text":"","why_service_title":"","why_service_text":"","template_catalog_visible":"","template_catalog_title":"","template_catalog_text":"","template_catalog_categories_visible":"","demo_title":"Utw\u00f3rz wid\u017cet recenzji Tripadvisor","demo_caption":"Skonfiguruj swoje recenzje na Tripadvisor i dodaj je za darmo do swojej witryny iFrame!","default_faq_hidden":"","app_template_category":[],"platform":"187","template_public_id":"","codecanyon_url":"","codecanyon_item_id":"","codecanyon_price":"","pricing_caption":"","pricing_elfsight_apps_hide_column":"","pricing_elfsight_apps_url":"","pricing_codecanyon_price_caption":"","integration_category":[],"integration_request_title":"","integration_request_cta":"","integration_platform":"","integrations":[],"platform_category":[],"video_schema_markup":"","price":"od 0 USD \/ miesi\u0105c","trial":"","benefits":[{"text":"Bezp\u0142atna pomoc w monta\u017cu"},{"text":"Wsparcie premium"},{"text":"14-dniowa gwarancja zwrotu pieni\u0119dzy"}],"button_url":"#demo","button_target_blank":"","button_nofollow":"","attributes":[{"name":"Instaluje"},{"name":"Czu\u0142y"},{"name":"Kompatybilne przegl\u0105darki"}],"tags":[],"tags_disable_links":"","hide_more_platforms":"","video_object":"","demo_hide_cta":"","demo_hide_cloud_options":"","pricing_title":"","pricing":[{"pricing_icon":"platform","pricing_title":"Elfsight Apps","pricing_title_caption":"Wersja wieloplatformowa, kt\u00f3ra dzia\u0142a na ka\u017cdej stronie internetowej","pricing_price":"od 0 USD \/ miesi\u0105c","pricing_price_caption":"zacznij od bezp\u0142atnego planu","pricing_benefits":[{"text":"Nielimitowane strony internetowe"},{"text":"Najwy\u017csza obs\u0142uga klienta"},{"text":"Bezp\u0142atna pomoc w monta\u017cu"},{"text":"Oferta specjalna na wiele aplikacji"}],"pricing_button_text":"Dodaj do witryny","pricing_button_url":"#demo"}],"related_apps_title":"","related_apps_hidden":"","author":"","image":[],"title":"","job":"","social_networks":[]},"_links":{"self":[{"href":"https:\/\/elfsight.com\/pl\/wp-json\/wp\/v2\/pages\/6951","targetHints":{"allow":["GET"]}}],"collection":[{"href":"https:\/\/elfsight.com\/pl\/wp-json\/wp\/v2\/pages"}],"about":[{"href":"https:\/\/elfsight.com\/pl\/wp-json\/wp\/v2\/types\/page"}],"author":[{"embeddable":true,"href":"https:\/\/elfsight.com\/pl\/wp-json\/wp\/v2\/users\/9"}],"replies":[{"embeddable":true,"href":"https:\/\/elfsight.com\/pl\/wp-json\/wp\/v2\/comments?post=6951"}],"version-history":[{"count":1,"href":"https:\/\/elfsight.com\/pl\/wp-json\/wp\/v2\/pages\/6951\/revisions"}],"predecessor-version":[{"id":6955,"href":"https:\/\/elfsight.com\/pl\/wp-json\/wp\/v2\/pages\/6951\/revisions\/6955"}],"up":[{"embeddable":true,"href":"https:\/\/elfsight.com\/pl\/wp-json\/wp\/v2\/pages\/1223"}],"wp:attachment":[{"href":"https:\/\/elfsight.com\/pl\/wp-json\/wp\/v2\/media?parent=6951"}],"curies":[{"name":"wp","href":"https:\/\/api.w.org\/{rel}","templated":true}]}}