{"id":6949,"date":"2024-05-03T06:51:40","date_gmt":"2024-05-03T06:51:40","guid":{"rendered":"https:\/\/elfsight.com\/pl\/?page_id=6949"},"modified":"2024-11-14T09:03:27","modified_gmt":"2024-11-14T09:03:27","slug":"woocommerce","status":"publish","type":"page","link":"https:\/\/elfsight.com\/pl\/tripadvisor-reviews-widget\/woocommerce\/","title":{"rendered":"Reviews for Tripadvisor &#8211; WooCommerce"},"content":{"rendered":"<div class=\"application-platform-content-item-description application-platform-content-item\" id=\"description\" data-nav-section=\"description\"><h2>Opis<\/h2><p>Je\u015bli szukasz sposobu, aby udowodni\u0107 swoj\u0105 wysok\u0105 ocen\u0119 i przekona\u0107 odwiedzaj\u0105cych witryn\u0119, \u017ce Twoje produkty lub us\u0142ugi maj\u0105 dobry stosunek jako\u015bci do ceny, Recenzje Elfsight Yelp idealnie Ci odpowiadaj\u0105. Maj\u0105c ten wid\u017cet, b\u0119dziesz m\u00f3g\u0142 umieszcza\u0107 recenzje klient\u00f3w z Yelp na swojej stronie z informacj\u0105 o ich autorach, filtrowa\u0107 je, aby pokaza\u0107 tylko te najlepsze, wy\u015bwietla\u0107 oceny i przycisk przekierowuj\u0105cy, kt\u00f3ry przeniesie u\u017cytkownik\u00f3w na Twoj\u0105 stron\u0119 Yelp, aby mogli podziel si\u0119 swoj\u0105 opini\u0105. <\/p><p><b>Dzi\u0119ki recenzjom Elfsgiht na Tripadvisor mo\u017cesz osi\u0105gn\u0105\u0107 silny rozw\u00f3j firmy i zwi\u0119kszy\u0107 sprzeda\u017c<\/b><\/p><\/div> <div class=\"application-platform-content-item-features application-platform-content-item\" id=\"features\" data-nav-section=\"features\"><h2>Oferujemy wydajne i szybkie funkcje, zobacz niekt\u00f3re z nich:<\/h2><ul><li>3 predefiniowane filtry: wed\u0142ug typu, wykluczania i liczby wy\u015bwietlanych recenzji; <\/li><li>4 predefiniowane uk\u0142ady: lista, siatka, mur i suwak; <\/li><li>Opcja kontroli wy\u015bwietlania nag\u0142\u00f3wka wid\u017cetu; <\/li><li>Aktywny przycisk dodawania recenzji przenosi u\u017cytkownik\u00f3w na stron\u0119 Tripadvisor; <\/li><li>6 konfigurowalnych element\u00f3w interfejsu: imi\u0119 i nazwisko autora oraz zdj\u0119cie, tekst rekomendacji, data opublikowania, ikona Yelp i liczba gwiazdek; <\/li><li>Dwa warianty odrzucenia pro\u015bby o sprawdzenie: wy\u015bwietl wiadomo\u015b\u0107 lub ukryj przycisk. <\/li><\/ul><p><a href=\"#demo\">Sprawd\u017a wszystkie ustawienia w pe\u0142nej wersji demonstracyjnej<\/a><\/p><\/div><div class=\"application-platform-content-item-installation application-platform-content-item\" id=\"installation\" data-nav-section=\"installation\"><h2>Jak mog\u0119 doda\u0107 recenzje na Tripadvisor do mojej strony internetowej WooCommerce?<\/h2><p>Wystarczy wykona\u0107 poni\u017csze wskaz\u00f3wki, aby rozpocz\u0105\u0107 korzystanie z tego narz\u0119dzia.<\/p><ol><li><b>Uruchamianie naszego bezp\u0142atnego edytora i zacznij kszta\u0142towa\u0107 sw\u00f3j spersonalizowany instrument.<\/b><br>Wybierz preferowan\u0105 form\u0119 i cechy funkcjonalne narz\u0119dzia i zapisz zmiany.<\/li><li><b>Odkryj sw\u00f3j unikalny kod w specjalnym formularzu w Elfsight Aplikacje.<\/b><br>Po zako\u0144czeniu konfiguracji osobistej wtyczki skopiuj osobisty kod z wy\u015bwietlonego wyskakuj\u0105cego okienka i zapisz go do dalszego wykorzystania.<\/li><li><b>Rozpocznij korzystanie z wtyczki na swoim Strona internetowa WooCommerce.<\/b><br>Wprowad\u017a kod zapisany wcze\u015bniej na swojej stronie i zastosuj zmiany.<\/li><li><b>Gotowe! Konfiguracja zosta\u0142a zako\u0144czona.<\/b><br>Odwied\u017a swoj\u0105 witryn\u0119, aby zobaczy\u0107 dzia\u0142anie wid\u017cetu.<\/li><\/ol><p>Je\u015bli masz do czynienia z zapytaniami lub napotykasz jakiekolwiek trudno\u015bci, nie wahaj si\u0119 skontaktuj si\u0119 z naszym zespo\u0142em obs\u0142ugi klienta. Nasi ludzie z rado\u015bci\u0105 rozwi\u0105\u017c\u0105 wszystkie problemy, jakie mo\u017cesz mie\u0107 z wtyczk\u0105.<\/p><div class=\"faq\" data-component=\"FAQ\"> <div class=\"faq-item\">\r\n\t\t\t\t\t<div class=\"faq-item-question\">\r\n\t\t\t\t\t\t<h3 class=\"faq-item-question-text\">Jak doda\u0107 recenzje na Tripadvisor do mojej witryny WooCommerce bez umiej\u0119tno\u015bci kodowania?<\/h3>\r\n\r\n\t\t\t\t\t\t<div class=\"faq-item-question-icon\"><\/div>\r\n\t\t\t\t\t<\/div>\r\n\r\n\t\t\t\t\t<div class=\"faq-item-answer\">\r\n\t\t\t\t\t\t<div class=\"faq-item-answer-text\"> <p>Elfsight oferuje rozwi\u0105zanie SaaS, kt\u00f3re umo\u017cliwia samodzielne utworzenie wid\u017cetu Recenzje na Tripadvisor. Przekonaj si\u0119, jak prosty jest to proces: Pracuj bezpo\u015brednio w edytorze online, aby utworzy\u0107 wid\u017cet Recenzje na Tripadvisor, kt\u00f3ry chcesz widzie\u0107 w swojej witrynie WooCommerce. Wybierz jeden z gotowych szablon\u00f3w i dostosuj ustawienia recenzji na Tripadvisor, dodaj tre\u015bci, zmie\u0144 uk\u0142ad i schemat kolor\u00f3w bez umiej\u0119tno\u015bci kodowania. Zapisz recenzje na Tripadvisor i skopiuj ich kod instalacyjny, kt\u00f3ry mo\u017cesz \u0142atwo umie\u015bci\u0107 na swojej stronie WooCommerce bez kupowania p\u0142atnego planu. Dzi\u0119ki naszemu intuicyjnemu edytorowi ka\u017cdy u\u017cytkownik Internetu mo\u017ce tworzy\u0107 recenzje dla wid\u017cetu Tripadvisor online i \u0142atwo umieszcza\u0107 je na swojej witrynie internetowej WooCommerce. Aby uzyska\u0107 dost\u0119p do us\u0142ugi, nie trzeba p\u0142aci\u0107 ani wprowadza\u0107 danych uwierzytelniaj\u0105cych karty. Je\u015bli na kt\u00f3rymkolwiek etapie napotkasz jakiekolwiek problemy, skontaktuj si\u0119 z naszym zespo\u0142em pomocy technicznej.<\/p> <\/div>\r\n\t\t\t\t\t<\/div>\r\n\t\t\t\t<\/div> <\/div> <\/div>","protected":false},"excerpt":{"rendered":"","protected":false},"author":9,"featured_media":0,"parent":1223,"menu_order":0,"comment_status":"closed","ping_status":"closed","template":"templates\/template-application-platform.php","meta":{"publish_to_discourse":"","publish_post_category":"","wpdc_auto_publish_overridden":"","wpdc_topic_tags":"","wpdc_pin_topic":"","wpdc_pin_until":"","discourse_post_id":"","discourse_permalink":"","wpdc_publishing_response":"","wpdc_publishing_error":"","footnotes":""},"class_list":["post-6949","page","type-page","status-publish","hentry"],"yoast_head":"<!-- This site is optimized with the Yoast SEO plugin v25.3.1 - https:\/\/yoast.com\/wordpress\/plugins\/seo\/ -->\n<title>Wtyczka WooCommerce Reviews do serwisu Tripadvisor dla Twojej witryny (2025)<\/title>\n<meta name=\"description\" content=\"Skorzystaj z okazji i dostosuj wtyczk\u0119 Recenzje na Tripadvisor! za pomoc\u0105 kilku klikni\u0119\u0107 i wprowad\u017a go na swoj\u0105 stron\u0119 WooCommerce prosto z wersji demonstracyjnej na \u017cywo.\" \/>\n<meta name=\"robots\" content=\"index, follow, max-snippet:-1, max-image-preview:large, max-video-preview:-1\" \/>\n<link rel=\"canonical\" href=\"https:\/\/elfsight.com\/pl\/tripadvisor-reviews-widget\/woocommerce\/\" \/>\n<meta property=\"og:locale\" content=\"pl_PL\" \/>\n<meta property=\"og:type\" content=\"article\" \/>\n<meta property=\"og:title\" content=\"Wtyczka WooCommerce Reviews do serwisu Tripadvisor dla Twojej witryny (2025)\" \/>\n<meta property=\"og:description\" content=\"Skorzystaj z okazji i dostosuj wtyczk\u0119 Recenzje na Tripadvisor! za pomoc\u0105 kilku klikni\u0119\u0107 i wprowad\u017a go na swoj\u0105 stron\u0119 WooCommerce prosto z wersji demonstracyjnej na \u017cywo.\" \/>\n<meta property=\"og:url\" content=\"https:\/\/elfsight.com\/pl\/tripadvisor-reviews-widget\/woocommerce\/\" \/>\n<meta property=\"og:site_name\" content=\"Elfsight PL\" \/>\n<meta property=\"article:modified_time\" content=\"2024-11-14T09:03:27+00:00\" \/>\n<meta name=\"twitter:card\" content=\"summary_large_image\" \/>\n<meta name=\"twitter:label1\" content=\"Szacowany czas czytania\" \/>\n\t<meta name=\"twitter:data1\" content=\"3 minuty\" \/>\n<!-- \/ Yoast SEO plugin. -->","yoast_head_json":{"title":"Wtyczka WooCommerce Reviews do serwisu Tripadvisor dla Twojej witryny (2025)","description":"Skorzystaj z okazji i dostosuj wtyczk\u0119 Recenzje na Tripadvisor! za pomoc\u0105 kilku klikni\u0119\u0107 i wprowad\u017a go na swoj\u0105 stron\u0119 WooCommerce prosto z wersji demonstracyjnej na \u017cywo.","robots":{"index":"index","follow":"follow","max-snippet":"max-snippet:-1","max-image-preview":"max-image-preview:large","max-video-preview":"max-video-preview:-1"},"canonical":"https:\/\/elfsight.com\/pl\/tripadvisor-reviews-widget\/woocommerce\/","og_locale":"pl_PL","og_type":"article","og_title":"Wtyczka WooCommerce Reviews do serwisu Tripadvisor dla Twojej witryny (2025)","og_description":"Skorzystaj z okazji i dostosuj wtyczk\u0119 Recenzje na Tripadvisor! za pomoc\u0105 kilku klikni\u0119\u0107 i wprowad\u017a go na swoj\u0105 stron\u0119 WooCommerce prosto z wersji demonstracyjnej na \u017cywo.","og_url":"https:\/\/elfsight.com\/pl\/tripadvisor-reviews-widget\/woocommerce\/","og_site_name":"Elfsight PL","article_modified_time":"2024-11-14T09:03:27+00:00","twitter_card":"summary_large_image","twitter_misc":{"Szacowany czas czytania":"3 minuty"},"schema":{"@context":"https:\/\/schema.org","@graph":[{"@type":"WebPage","@id":"https:\/\/elfsight.com\/pl\/tripadvisor-reviews-widget\/woocommerce\/","url":"https:\/\/elfsight.com\/pl\/tripadvisor-reviews-widget\/woocommerce\/","name":"Wtyczka WooCommerce Reviews do serwisu Tripadvisor dla Twojej witryny (2025)","isPartOf":{"@id":"https:\/\/elfsight.com\/pl\/#website"},"datePublished":"2024-05-03T06:51:40+00:00","dateModified":"2024-11-14T09:03:27+00:00","description":"Skorzystaj z okazji i dostosuj wtyczk\u0119 Recenzje na Tripadvisor! za pomoc\u0105 kilku klikni\u0119\u0107 i wprowad\u017a go na swoj\u0105 stron\u0119 WooCommerce prosto z wersji demonstracyjnej na \u017cywo.","breadcrumb":{"@id":"https:\/\/elfsight.com\/pl\/tripadvisor-reviews-widget\/woocommerce\/#breadcrumb"},"inLanguage":"pl-PL","potentialAction":[{"@type":"ReadAction","target":["https:\/\/elfsight.com\/pl\/tripadvisor-reviews-widget\/woocommerce\/"]}]},{"@type":"BreadcrumbList","@id":"https:\/\/elfsight.com\/pl\/tripadvisor-reviews-widget\/woocommerce\/#breadcrumb","itemListElement":[{"@type":"ListItem","position":1,"name":"Home","item":"https:\/\/elfsight.com\/pl\/"},{"@type":"ListItem","position":2,"name":"Tripadvisor Reviews","item":"https:\/\/elfsight.com\/pl\/tripadvisor-reviews-widget\/"},{"@type":"ListItem","position":3,"name":"Reviews for Tripadvisor &#8211; WooCommerce"}]},{"@type":"WebSite","@id":"https:\/\/elfsight.com\/pl\/#website","url":"https:\/\/elfsight.com\/pl\/","name":"Elfsight PL","description":"Just another Elfsight Sites site","potentialAction":[{"@type":"SearchAction","target":{"@type":"EntryPoint","urlTemplate":"https:\/\/elfsight.com\/pl\/?s={search_term_string}"},"query-input":{"@type":"PropertyValueSpecification","valueRequired":true,"valueName":"search_term_string"}}],"inLanguage":"pl-PL"}]}},"meta_box":{"industry":"","seo_heading":"","heading":"","description":"","cta_heading":"","cta_description":"","application":"1222","h1":"Wtyczka WooCommerce Reviews do serwisu Tripadvisor","h1_caption":"Prezentuj recenzje ze swojego wpisu na tripadvisor, aby bez wysi\u0142ku budowa\u0107 zaufanie potencjalnych klient\u00f3w do swojej witryny WooCommerce.","application_category":[],"applications_title":"","applications_request_title":"","applications_request_button_text":"","hero_text":"","hero_video":"","hero_video_schema_markup":"","selling_points_title":"","selling_points_caption":"","selling_points":[],"selling_points_cta_text":"","features_title":"","features":"","ed_cta_examples_text":"","ed_cta_examples_hidden":"","ed_cta_demo_text":"","ed_cta_demo_hidden":"","why_caption":"","why_editor_title":"","why_editor_text":"","why_team_title":"","why_team_text":"","why_service_title":"","why_service_text":"","template_catalog_visible":"","template_catalog_title":"","template_catalog_text":"","template_catalog_categories_visible":"","demo_title":"Tw\u00f3rz recenzje w aplikacji Tripadvisor","demo_caption":"Skonfiguruj swoje recenzje na Tripadvisor i dodaj je za darmo do swojej witryny WooCommerce!","default_faq_hidden":"","app_template_category":[],"platform":"335","template_public_id":"","codecanyon_url":"","codecanyon_item_id":"","codecanyon_price":"","pricing_caption":"","pricing_elfsight_apps_hide_column":"","pricing_elfsight_apps_url":"","pricing_codecanyon_price_caption":"","integration_category":[],"integration_request_title":"","integration_request_cta":"","integration_platform":"","integrations":[],"platform_category":[],"video_schema_markup":"","price":"od 0 USD \/ miesi\u0105c","trial":"","benefits":[{"text":"Bezp\u0142atna us\u0142uga monta\u017cu"},{"text":"Profesjonalna obs\u0142uga klienta"},{"text":"14-dniowa gwarancja zwrotu pieni\u0119dzy"},{"text":"Regularne bezp\u0142atne aktualizacje"}],"button_url":"#demo","button_target_blank":"","button_nofollow":"","attributes":[{"name":"Instaluje"},{"name":"Czu\u0142y"},{"name":"Kompatybilne przegl\u0105darki"}],"tags":[],"tags_disable_links":"","hide_more_platforms":"","video_object":"","demo_hide_cta":"","demo_hide_cloud_options":"","pricing_title":"","pricing":[{"pricing_icon":"platform","pricing_title":"Elfsight Apps","pricing_title_caption":"Oprogramowanie wieloplatformowe, kt\u00f3re dzia\u0142a na dowolnej stronie internetowej","pricing_price":"od 0 USD \/ miesi\u0105c","pricing_price_caption":"zacznij od bezp\u0142atnego planu","pricing_benefits":[{"text":"Nielimitowane domeny"},{"text":"Profesjonalne i terminowe wsparcie"},{"text":"Bezp\u0142atna pomoc w monta\u017cu"},{"text":"100% konfigurowalny"}],"pricing_button_text":"Dodaj do witryny","pricing_button_url":"#demo"}],"related_apps_title":"","related_apps_hidden":"","author":"","image":[],"title":"","job":"","social_networks":[]},"_links":{"self":[{"href":"https:\/\/elfsight.com\/pl\/wp-json\/wp\/v2\/pages\/6949","targetHints":{"allow":["GET"]}}],"collection":[{"href":"https:\/\/elfsight.com\/pl\/wp-json\/wp\/v2\/pages"}],"about":[{"href":"https:\/\/elfsight.com\/pl\/wp-json\/wp\/v2\/types\/page"}],"author":[{"embeddable":true,"href":"https:\/\/elfsight.com\/pl\/wp-json\/wp\/v2\/users\/9"}],"replies":[{"embeddable":true,"href":"https:\/\/elfsight.com\/pl\/wp-json\/wp\/v2\/comments?post=6949"}],"version-history":[{"count":1,"href":"https:\/\/elfsight.com\/pl\/wp-json\/wp\/v2\/pages\/6949\/revisions"}],"predecessor-version":[{"id":6953,"href":"https:\/\/elfsight.com\/pl\/wp-json\/wp\/v2\/pages\/6949\/revisions\/6953"}],"up":[{"embeddable":true,"href":"https:\/\/elfsight.com\/pl\/wp-json\/wp\/v2\/pages\/1223"}],"wp:attachment":[{"href":"https:\/\/elfsight.com\/pl\/wp-json\/wp\/v2\/media?parent=6949"}],"curies":[{"name":"wp","href":"https:\/\/api.w.org\/{rel}","templated":true}]}}