{"id":6942,"date":"1970-01-01T00:00:00","date_gmt":"1970-01-01T00:00:00","guid":{"rendered":"https:\/\/elfsight.com\/pl\/?page_id=6942"},"modified":"2025-06-24T14:28:08","modified_gmt":"2025-06-24T14:28:08","slug":"godaddy","status":"publish","type":"page","link":"https:\/\/elfsight.com\/pl\/tripadvisor-reviews-widget\/godaddy\/","title":{"rendered":"TripAdvisor Reviews  &#8211; GoDaddy"},"content":{"rendered":"<div class=\"application-platform-content-item-description application-platform-content-item\" id=\"description\" data-nav-section=\"description\">\n<h2>Umieszczaj recenzje TripAdvisor w serwisie GoDaddy za pomoc\u0105 wid\u017cetu Elfsight<\/h2>\n<p>Recenzje Elfsight z wtyczki TripAdvisor to \u0142atwe narz\u0119dzie do integrowania recenzji na temat o Twojej firmie z serwisu TripAdvisor do witryny GoDaddy. Pomo\u017ce to zwi\u0119kszy\u0107 zaufanie do Twojej marki w\u015br\u00f3d os\u00f3b odwiedzaj\u0105cych witryn\u0119. Mo\u017cesz sortowa\u0107 recenzje za pomoc\u0105 filtr\u00f3w, wy\u015bwietla\u0107 oceny w postaci gwiazdek, informacje o ka\u017cdym autorze oraz przycisk umo\u017cliwiaj\u0105cy pozostawienie recenzji. Nasza wtyczka TripAdvisor Reviews zawiera r\u00f3\u017cne uk\u0142ady i szablony recenzji, prze\u0142\u0105czalne elementy interfejsu i elastyczny nag\u0142\u00f3wek. Wy\u015bwietlaj\u0105c recenzje w serwisie TripAdvisor, potwierdzisz swoj\u0105 wysok\u0105 ocen\u0119, zwi\u0119kszysz zaufanie i przyci\u0105gniesz jeszcze wi\u0119cej recenzji.<\/p>\n<p><b>Zdob\u0105d\u017a wi\u0119cej recenzji, korzystaj\u0105c z przycisku wezwania do dzia\u0142ania i \u0142\u0105czy do swojej strony w serwisie TripAdvisor.<\/b><\/p>\n<\/div>\n\n<div class=\"application-platform-content-item-features application-platform-content-item\" id=\"features\" data-nav-section=\"features\">\n<h2>To tylko kilka z bogatych funkcji wtyczki:<\/h2>\n<ul>\n    <li>Strza\u0142ki i przeci\u0105ganie element\u00f3w steruj\u0105cych nawigacj\u0105 w uk\u0142adzie suwaka;<\/li>\n    <li>Opcja ustawienia szybko\u015bci slajdu i szybko\u015bci autoodtwarzania;<\/li>\n    <li>Opcja w\u0142\u0105czenia\/wy\u0142\u0105czenia element\u00f3w nag\u0142\u00f3wka: oceny i zdj\u0119\u0107 recenzent\u00f3w;<\/li>\n    <li>Edytowalny tytu\u0142 wtyczki z regulowanym rozmiarem i grubo\u015bci\u0105 czcionki;<\/li>\n    <li>Dwa scenariusze po odmowie wezwania do dzia\u0142ania: wy\u015bwietl komunikat lub ukryj formularz.<\/li>\n<\/ul>\n<p><a href=\"#demo\">Ty mo\u017cesz sprawdzi\u0107, czy wtyczka jest dla Ciebie, wypr\u00f3bowuj\u0105c wersj\u0119 demonstracyjn\u0105<\/a><\/p>\n<\/div>\n\n<div class=\"application-platform-content-item-installation application-platform-content-item\" id=\"installation\" data-nav-section=\"installation\">\n<h2>Jak osadzi\u0107 recenzje z serwisu TripAdvisor w mojej witrynie GoDaddy?<\/h2>\n<p>Wystarczy wykona\u0107 kroki opisane poni\u017cej, aby rozpocz\u0105\u0107 korzystanie z narz\u0119dzia.<\/p>\n<ol>\n    <li><b>Wykonaj nasz darmowy konfigurator i rozpocznij tworzenie niestandardowej wtyczki.<\/b><br>Wybierz po\u017c\u0105dany wygl\u0105d i opcje wtyczki oraz zastosuj poprawki.<\/li>\n    <li><b>Zdob\u0105d\u017a unikalny kod wy\u015bwietlany w oknie aplikacji Elfsight.<\/b><br>Zaraz po zako\u0144czeniu konfiguracji wtyczki skopiuj osobisty kod z wy\u015bwietlonego okna i zachowaj go do p\u00f3\u017aniejszego wykorzystania.<\/li>\n    <li><b>Wpisz ch\u0119\u0107 korzystania z narz\u0119dzia w witrynie GoDaddy.<\/b><br>Wprowad\u017a skopiowany wcze\u015bniej kod na swoj\u0105 stron\u0119 internetow\u0105 i zastosuj zmiany.<\/li>\n    <li><b>Konfiguracja zosta\u0142a w pe\u0142ni uko\u0144czona.<\/b><br>Odwied\u017a swoj\u0105 stron\u0119 internetow\u0105, aby obserwowa\u0107 dzia\u0142anie wtyczki.<\/li>\n<\/ol>\n<p>Je\u015bli napotkasz pytania lub napotkasz jakiekolwiek przeszkody, bez wahania zwr\u00f3\u0107 si\u0119 do naszego personelu pomocniczego. Nasi ludzie ch\u0119tnie pomog\u0105 Ci we wszystkich problemach, jakie mo\u017cesz mie\u0107 z wtyczk\u0105.<\/p>\n<div class=\"faq\" data-component=\"FAQ\">\n    <div class=\"faq-item\">\r\n\t\t\t\t\t<div class=\"faq-item-question\">\r\n\t\t\t\t\t\t<h3 class=\"faq-item-question-text\">Jak doda\u0107 recenzje na Tripadvisor do mojej witryny GoDaddy bez umiej\u0119tno\u015bci kodowania?<\/h3>\r\n\r\n\t\t\t\t\t\t<div class=\"faq-item-question-icon\"><\/div>\r\n\t\t\t\t\t<\/div>\r\n\r\n\t\t\t\t\t<div class=\"faq-item-answer\">\r\n\t\t\t\t\t\t<div class=\"faq-item-answer-text\">\n    <p>Elfsight zapewnia rozwi\u0105zanie SaaS, kt\u00f3re umo\u017cliwia samodzielne tworzenie wid\u017cetu Recenzje na Tripadvisor. Zobacz, jakie to proste: Pracuj bezpo\u015brednio w edytorze online, aby utworzy\u0107 wid\u017cet Recenzje na Tripadvisor, kt\u00f3ry chcesz widzie\u0107 w swojej witrynie GoDaddy. Wybierz jeden z gotowych szablon\u00f3w i dostosuj ustawienia recenzji na Tripadvisor, dodaj tre\u015bci, zmie\u0144 uk\u0142ad i schemat kolor\u00f3w bez umiej\u0119tno\u015bci kodowania. Zapisz recenzje na stronie Tripadvisor i skopiuj ich kod instalacyjny, kt\u00f3ry mo\u017cesz po prostu doda\u0107 na swojej stronie GoDaddy, bez konieczno\u015bci kupowania p\u0142atnego planu. Dzi\u0119ki naszemu intuicyjnemu edytorowi ka\u017cdy u\u017cytkownik Internetu mo\u017ce tworzy\u0107 recenzje dla wid\u017cetu Tripadvisor online i \u0142atwo umieszcza\u0107 je w swojej witrynie GoDaddy. Aby uzyska\u0107 dost\u0119p do us\u0142ugi, nie trzeba p\u0142aci\u0107 ani wprowadza\u0107 danych uwierzytelniaj\u0105cych karty. Je\u015bli na kt\u00f3rymkolwiek etapie napotkasz jakiekolwiek problemy, skontaktuj si\u0119 z naszym zespo\u0142em pomocy technicznej.<\/p>\n    <\/div>\r\n\t\t\t\t\t<\/div>\r\n\t\t\t\t<\/div>\n<\/div>\n<\/div>","protected":false},"excerpt":{"rendered":"","protected":false},"author":9,"featured_media":0,"parent":1223,"menu_order":0,"comment_status":"closed","ping_status":"closed","template":"templates\/template-application-platform.php","meta":{"publish_to_discourse":"","publish_post_category":"","wpdc_auto_publish_overridden":"","wpdc_topic_tags":"","wpdc_pin_topic":"","wpdc_pin_until":"","discourse_post_id":"","discourse_permalink":"","wpdc_publishing_response":"","wpdc_publishing_error":"","footnotes":""},"class_list":["post-6942","page","type-page","status-publish","hentry"],"yoast_head":"<!-- This site is optimized with the Yoast SEO plugin v25.3.1 - https:\/\/yoast.com\/wordpress\/plugins\/seo\/ -->\n<title>Recenzje z serwisu Tripadvisor \u2014 dodaj wtyczk\u0119 recenzji do witryny GoDaddy!<\/title>\n<meta name=\"description\" content=\"Poka\u017c swojej witrynie GoDaddy, \u017ce mo\u017cna zaufa\u0107 Twojej firmie, korzystaj\u0105c z wtyczki Recenzje z serwisu Tripadvisor zintegrowanej z Twoj\u0105 witryn\u0105!\" \/>\n<meta name=\"robots\" content=\"index, follow, max-snippet:-1, max-image-preview:large, max-video-preview:-1\" \/>\n<link rel=\"canonical\" href=\"https:\/\/elfsight.com\/pl\/tripadvisor-reviews-widget\/godaddy\/\" \/>\n<meta property=\"og:locale\" content=\"pl_PL\" \/>\n<meta property=\"og:type\" content=\"article\" \/>\n<meta property=\"og:title\" content=\"Recenzje z serwisu Tripadvisor \u2014 dodaj wtyczk\u0119 recenzji do witryny GoDaddy!\" \/>\n<meta property=\"og:description\" content=\"Poka\u017c swojej witrynie GoDaddy, \u017ce mo\u017cna zaufa\u0107 Twojej firmie, korzystaj\u0105c z wtyczki Recenzje z serwisu Tripadvisor zintegrowanej z Twoj\u0105 witryn\u0105!\" \/>\n<meta property=\"og:url\" content=\"https:\/\/elfsight.com\/pl\/tripadvisor-reviews-widget\/godaddy\/\" \/>\n<meta property=\"og:site_name\" content=\"Elfsight PL\" \/>\n<meta property=\"article:modified_time\" content=\"2025-06-24T14:28:08+00:00\" \/>\n<meta name=\"twitter:card\" content=\"summary_large_image\" \/>\n<meta name=\"twitter:label1\" content=\"Szacowany czas czytania\" \/>\n\t<meta name=\"twitter:data1\" content=\"3 minuty\" \/>\n<!-- \/ Yoast SEO plugin. -->","yoast_head_json":{"title":"Recenzje z serwisu Tripadvisor \u2014 dodaj wtyczk\u0119 recenzji do witryny GoDaddy!","description":"Poka\u017c swojej witrynie GoDaddy, \u017ce mo\u017cna zaufa\u0107 Twojej firmie, korzystaj\u0105c z wtyczki Recenzje z serwisu Tripadvisor zintegrowanej z Twoj\u0105 witryn\u0105!","robots":{"index":"index","follow":"follow","max-snippet":"max-snippet:-1","max-image-preview":"max-image-preview:large","max-video-preview":"max-video-preview:-1"},"canonical":"https:\/\/elfsight.com\/pl\/tripadvisor-reviews-widget\/godaddy\/","og_locale":"pl_PL","og_type":"article","og_title":"Recenzje z serwisu Tripadvisor \u2014 dodaj wtyczk\u0119 recenzji do witryny GoDaddy!","og_description":"Poka\u017c swojej witrynie GoDaddy, \u017ce mo\u017cna zaufa\u0107 Twojej firmie, korzystaj\u0105c z wtyczki Recenzje z serwisu Tripadvisor zintegrowanej z Twoj\u0105 witryn\u0105!","og_url":"https:\/\/elfsight.com\/pl\/tripadvisor-reviews-widget\/godaddy\/","og_site_name":"Elfsight PL","article_modified_time":"2025-06-24T14:28:08+00:00","twitter_card":"summary_large_image","twitter_misc":{"Szacowany czas czytania":"3 minuty"},"schema":{"@context":"https:\/\/schema.org","@graph":[{"@type":"WebPage","@id":"https:\/\/elfsight.com\/pl\/tripadvisor-reviews-widget\/godaddy\/","url":"https:\/\/elfsight.com\/pl\/tripadvisor-reviews-widget\/godaddy\/","name":"Recenzje z serwisu Tripadvisor \u2014 dodaj wtyczk\u0119 recenzji do witryny GoDaddy!","isPartOf":{"@id":"https:\/\/elfsight.com\/pl\/#website"},"datePublished":"1970-01-01T00:00:00+00:00","dateModified":"2025-06-24T14:28:08+00:00","description":"Poka\u017c swojej witrynie GoDaddy, \u017ce mo\u017cna zaufa\u0107 Twojej firmie, korzystaj\u0105c z wtyczki Recenzje z serwisu Tripadvisor zintegrowanej z Twoj\u0105 witryn\u0105!","breadcrumb":{"@id":"https:\/\/elfsight.com\/pl\/tripadvisor-reviews-widget\/godaddy\/#breadcrumb"},"inLanguage":"pl-PL","potentialAction":[{"@type":"ReadAction","target":["https:\/\/elfsight.com\/pl\/tripadvisor-reviews-widget\/godaddy\/"]}]},{"@type":"BreadcrumbList","@id":"https:\/\/elfsight.com\/pl\/tripadvisor-reviews-widget\/godaddy\/#breadcrumb","itemListElement":[{"@type":"ListItem","position":1,"name":"Home","item":"https:\/\/elfsight.com\/pl\/"},{"@type":"ListItem","position":2,"name":"Tripadvisor Reviews","item":"https:\/\/elfsight.com\/pl\/tripadvisor-reviews-widget\/"},{"@type":"ListItem","position":3,"name":"TripAdvisor Reviews &#8211; GoDaddy"}]},{"@type":"WebSite","@id":"https:\/\/elfsight.com\/pl\/#website","url":"https:\/\/elfsight.com\/pl\/","name":"Elfsight PL","description":"Just another Elfsight Sites site","potentialAction":[{"@type":"SearchAction","target":{"@type":"EntryPoint","urlTemplate":"https:\/\/elfsight.com\/pl\/?s={search_term_string}"},"query-input":{"@type":"PropertyValueSpecification","valueRequired":true,"valueName":"search_term_string"}}],"inLanguage":"pl-PL"}]}},"meta_box":{"industry":"","seo_heading":"","heading":"","description":"","cta_heading":"","cta_description":"","application":"1222","h1":"Wtyczka GoDaddy Tripadvisor \u2014 recenzje","h1_caption":"Naj\u0142atwiejsza metoda dodania opinii klient\u00f3w z serwisu Tripadvisor do Twojej witryny","application_category":[],"applications_title":"","applications_request_title":"","applications_request_button_text":"","hero_text":"","hero_video":"","hero_video_schema_markup":"","selling_points_title":"","selling_points_caption":"","selling_points":[],"selling_points_cta_text":"","features_title":"","features":"","ed_cta_examples_text":"","ed_cta_examples_hidden":"","ed_cta_demo_text":"","ed_cta_demo_hidden":"","why_caption":"","why_editor_title":"","why_editor_text":"","why_team_title":"","why_team_text":"","why_service_title":"","why_service_text":"","template_catalog_visible":"0","template_catalog_title":"","template_catalog_text":"","template_catalog_categories_visible":"","demo_title":"Zach\u0119camy do projektowania niestandardowych recenzji GoDaddy z serwisu TripAdvisor","demo_caption":"Dostosuj go i umie\u015b\u0107 na swojej stronie internetowej z wersji demonstracyjnej na \u017cywo.","default_faq_hidden":"","app_template_category":[],"platform":"180","template_public_id":"","codecanyon_url":"","codecanyon_item_id":"","codecanyon_price":"","pricing_caption":"","pricing_elfsight_apps_hide_column":"","pricing_elfsight_apps_url":"","pricing_codecanyon_price_caption":"","integration_category":[],"integration_request_title":"","integration_request_cta":"","integration_platform":"","integrations":[],"platform_category":[],"video_schema_markup":"","price":"od 0 USD \/ miesi\u0105c","trial":"","benefits":[{"text":"Bezp\u0142atna pomoc w monta\u017cu"},{"text":"Do\u015bwiadczona obs\u0142uga klienta"},{"text":"14-dniowa gwarancja zwrotu pieni\u0119dzy"}],"button_url":"#demo","button_target_blank":"0","button_nofollow":"0","attributes":[{"name":"Instaluje"},{"name":"Czu\u0142y"},{"name":"Kompatybilne przegl\u0105darki"}],"tags":[],"tags_disable_links":"0","hide_more_platforms":"0","video_object":"","demo_hide_cta":"0","demo_hide_cloud_options":"0","pricing_title":"","pricing":[{"pricing_icon":"platform","pricing_title":"Elfsight Apps","pricing_title_caption":"Rozwi\u0105zanie wieloplatformowe","pricing_price":"od 0 USD \/ miesi\u0105c","pricing_price_caption":"zacznij od bezp\u0142atnego planu","pricing_benefits":[{"text":"Nielimitowane domeny"},{"text":"Profesjonalne wsparcie firmy i dobrze udokumentowane"},{"text":"Bezp\u0142atne wsparcie przy instalacji"},{"text":"Elastyczny projekt"}],"pricing_button_text":"Dodaj do witryny","pricing_button_url":"#demo"}],"related_apps_title":"","related_apps_hidden":"0","author":"","image":[],"title":"","job":"","social_networks":[]},"_links":{"self":[{"href":"https:\/\/elfsight.com\/pl\/wp-json\/wp\/v2\/pages\/6942","targetHints":{"allow":["GET"]}}],"collection":[{"href":"https:\/\/elfsight.com\/pl\/wp-json\/wp\/v2\/pages"}],"about":[{"href":"https:\/\/elfsight.com\/pl\/wp-json\/wp\/v2\/types\/page"}],"author":[{"embeddable":true,"href":"https:\/\/elfsight.com\/pl\/wp-json\/wp\/v2\/users\/9"}],"replies":[{"embeddable":true,"href":"https:\/\/elfsight.com\/pl\/wp-json\/wp\/v2\/comments?post=6942"}],"version-history":[{"count":2,"href":"https:\/\/elfsight.com\/pl\/wp-json\/wp\/v2\/pages\/6942\/revisions"}],"predecessor-version":[{"id":10436,"href":"https:\/\/elfsight.com\/pl\/wp-json\/wp\/v2\/pages\/6942\/revisions\/10436"}],"up":[{"embeddable":true,"href":"https:\/\/elfsight.com\/pl\/wp-json\/wp\/v2\/pages\/1223"}],"wp:attachment":[{"href":"https:\/\/elfsight.com\/pl\/wp-json\/wp\/v2\/media?parent=6942"}],"curies":[{"name":"wp","href":"https:\/\/api.w.org\/{rel}","templated":true}]}}