{"id":6941,"date":"1970-01-01T00:00:00","date_gmt":"1970-01-01T00:00:00","guid":{"rendered":"https:\/\/elfsight.com\/pl\/?page_id=6941"},"modified":"2024-09-13T14:07:15","modified_gmt":"2024-09-13T14:07:15","slug":"prestashop","status":"publish","type":"page","link":"https:\/\/elfsight.com\/pl\/tripadvisor-reviews-widget\/prestashop\/","title":{"rendered":"Tripadvisor Reviews &#8211; PrestaShop"},"content":{"rendered":"<div class=\"application-platform-content-item-description application-platform-content-item\" id=\"description\" data-nav-section=\"description\"> <h2>Opis<\/h2> <p>Recenzje na Tripadvisor to przydatne narz\u0119dzie, kt\u00f3re umo\u017cliwia zaprezentowanie recenzji dotycz\u0105cych Twojego towaru bezpo\u015brednio w Twojej sieci strona ze wszystkich znanych witryn z recenzjami biznesowymi. Korzystaj\u0105c z naszego narz\u0119dzia, b\u0119dziesz mie\u0107 mo\u017cliwo\u015b\u0107 wykorzystania filtr\u00f3w do ukrywania niepo\u017c\u0105danych komentarzy, ujawnienia swojej liczby gwiazdek i ocen ze swojej strony w dowolnej witrynie z recenzjami biznesowymi, dodania informacji o tw\u00f3rcach recenzji i do\u0142\u0105czenia wezwania do dzia\u0142ania przycisk, kt\u00f3ry zainspiruje u\u017cytkownik\u00f3w do pozostawienia swojej opinii. Narz\u0119dzie Recenzje Tripadvisor pobudzi Ci\u0119 do zaprezentowania na stronie internetowej wyj\u0105tkowego dowodu spo\u0142ecznego i uzyskania wi\u0119kszej liczby nowych sprzeda\u017cy. <\/p><p><b>Wypr\u00f3buj recenzje na Tripadvisor, aby \u0142atwiej osi\u0105gn\u0105\u0107 szczyty w handlu elektronicznym! <\/b><\/p> <\/div> <div class=\"application-platform-content-item-features application-platform-content-item\" id=\"features\" data-nav-section=\"features\"> <h2>Wy\u015bwietl list\u0119 najcenniejszych funkcji: <\/h2> <ul><li>Dodaj recenzje klient\u00f3w z serwisu Tripadvisor<\/li><li>Trzy typy filtr\u00f3w: liczba recenzji, wykluczanie wed\u0142ug i typu<\/li><li>Cztery rodzaje uk\u0142ad\u00f3w: suwak, lista, siatka i mur<\/li><li>strza\u0142ki i przeci\u0105ganie typ\u00f3w nawigacji Uk\u0142ad suwaka<\/li><li>Ustaw pr\u0119dko\u015b\u0107 slajdu i pr\u0119dko\u015b\u0107 automatycznego odtwarzania<\/li><li>Wybierz typ paginacji w uk\u0142adzie suwaka<\/li><li>Przycisk CTA, aby uzyska\u0107 recenzje nowych u\u017cytkownik\u00f3w na stronie Tripadvisor<\/li><li>Trzy szablony recenzji: Spotlight, Classic, Bubble<\/li><li>6 elastycznych element\u00f3w recenzji: zdj\u0119cie i rekomendacja, ikona Tripadvisor, nazwisko autora, liczba gwiazdek i data<\/li><li>Opcja zmie\u0144 rozmiar czcionki tekstu recenzji<\/li><\/ul><p><a href=\"#demo\">Pe\u0142n\u0105 funkcjonalno\u015b\u0107 wid\u017cetu mo\u017cesz pozna\u0107 w poni\u017cszej wersji demonstracyjnej<\/a><\/p> <\/div> <div class=\"application-platform-content-item-installation application-platform-content-item\" id=\"installation\" data-nav-section=\"installation\"> <h2>Jak osadzi\u0107 recenzje Tripadvisor w mojej witrynie PrestaShop? <\/h2> <p>Wystarczy wykona\u0107 poni\u017csze kroki, aby zintegrowa\u0107 narz\u0119dzie. <\/p> <ol><li><b>Skorzystaj z naszej bezp\u0142atnej wersji demonstracyjnej i zacznij tworzy\u0107 sw\u00f3j unikalny dodatek. <\/b><br> Wybierz preferowany uk\u0142ad i specyfikacje narz\u0119dzia i zastosuj poprawki. <\/li> <li><b>Skopiuj sw\u00f3j osobisty kod, kt\u00f3ry pojawia si\u0119 w specjalnym formularzu w aplikacjach Elfsight. <\/b><br> Zaraz po skonfigurowaniu osobistego narz\u0119dzia skopiuj indywidualny kod z wyskakuj\u0105cego okienka i zapisz go do dalszych potrzeb. <\/li> <li><b>Rozpocznij korzystanie z dodatku na swojej stronie g\u0142\u00f3wnej PrestaShop. <\/b><br> Wstaw ostatnio zapisany kod na swoj\u0105 stron\u0119 g\u0142\u00f3wn\u0105 i zapisz zmiany. <\/li> <li><b>Instalacja zosta\u0142a ca\u0142kowicie zako\u0144czona. <\/b><br> Przejd\u017a do swojej witryny, aby sprawdzi\u0107 dzia\u0142anie wid\u017cetu. <\/li><\/ol> <p>Je\u015bli napotkasz jakiekolwiek przeszkody, bez wahania zwr\u00f3\u0107 si\u0119 o pomoc do naszego personelu obs\u0142ugi klienta. Nasi ludzie z przyjemno\u015bci\u0105 rozwi\u0105\u017c\u0105 wszystkie problemy, jakie mo\u017cesz mie\u0107 z wid\u017cetem. <\/p> <div class=\"faq\" data-component=\"FAQ\"> <div class=\"faq-item\">\r\n\t\t\t\t\t<div class=\"faq-item-question\">\r\n\t\t\t\t\t\t<h3 class=\"faq-item-question-text\">Jak mog\u0119 doda\u0107 recenzje na Tripadvisor do mojej witryny PrestaShop bez umiej\u0119tno\u015bci kodowania?<\/h3>\r\n\r\n\t\t\t\t\t\t<div class=\"faq-item-question-icon\"><\/div>\r\n\t\t\t\t\t<\/div>\r\n\r\n\t\t\t\t\t<div class=\"faq-item-answer\">\r\n\t\t\t\t\t\t<div class=\"faq-item-answer-text\"> <p>Elfsight zapewnia rozwi\u0105zanie SaaS, kt\u00f3re umo\u017cliwia samodzielne tworzenie wid\u017cetu Recenzje na Tripadvisor. Zobacz, jak prosty proces polega na tym, \u017ce: Pracuj bezpo\u015brednio w edytorze online, aby utworzy\u0107 wid\u017cet Recenzje na Tripadvisor, kt\u00f3ry chcesz widzie\u0107 w swojej witrynie PrestaShop. Wybierz jeden z gotowych szablon\u00f3w i dostosuj ustawienia recenzji na Tripadvisor, dodaj tre\u015b\u0107, zmie\u0144 uk\u0142ad i kolory bez umiej\u0119tno\u015bci kodowania. Zapisz recenzje na Tripadvisor i skopiuj ich kod instalacyjny, kt\u00f3ry mo\u017cesz \u0142atwo umie\u015bci\u0107 na swojej stronie PrestaShop bez konieczno\u015bci zakupu wersji p\u0142atnej. Dzi\u0119ki naszemu intuicyjnemu edytorowi ka\u017cdy u\u017cytkownik Internetu mo\u017ce tworzy\u0107 recenzje dla wid\u017cetu Tripadvisor online i \u0142atwo umieszcza\u0107 je na swojej stronie internetowej PrestaShop. Aby uzyska\u0107 dost\u0119p do us\u0142ugi, nie trzeba p\u0142aci\u0107 ani wprowadza\u0107 danych uwierzytelniaj\u0105cych karty. Je\u015bli na kt\u00f3rymkolwiek etapie napotkasz jakiekolwiek problemy, skontaktuj si\u0119 z naszym zespo\u0142em pomocy technicznej.<\/p> <\/div>\r\n\t\t\t\t\t<\/div>\r\n\t\t\t\t<\/div> <\/div> <\/div>","protected":false},"excerpt":{"rendered":"","protected":false},"author":9,"featured_media":0,"parent":1223,"menu_order":0,"comment_status":"closed","ping_status":"closed","template":"templates\/template-application-platform.php","meta":{"publish_to_discourse":"","publish_post_category":"","wpdc_auto_publish_overridden":"","wpdc_topic_tags":"","wpdc_pin_topic":"","wpdc_pin_until":"","discourse_post_id":"","discourse_permalink":"","wpdc_publishing_response":"","wpdc_publishing_error":"","footnotes":""},"class_list":["post-6941","page","type-page","status-publish","hentry"],"yoast_head":"<!-- This site is optimized with the Yoast SEO plugin v25.3.1 - https:\/\/yoast.com\/wordpress\/plugins\/seo\/ -->\n<title>Dodaj dodatek z recenzjami Tripadvisor do swojej witryny PrestaShop (2025)<\/title>\n<meta name=\"description\" content=\"Stworzenie dodatku z recenzjami Tripadvisor i umieszczenie go w witrynie PrestaShop jest ca\u0142kowicie proste. Obs\u0142uga klienta Elfsight jest bezp\u0142atna.\" \/>\n<meta name=\"robots\" content=\"index, follow, max-snippet:-1, max-image-preview:large, max-video-preview:-1\" \/>\n<link rel=\"canonical\" href=\"https:\/\/elfsight.com\/pl\/tripadvisor-reviews-widget\/prestashop\/\" \/>\n<meta property=\"og:locale\" content=\"pl_PL\" \/>\n<meta property=\"og:type\" content=\"article\" \/>\n<meta property=\"og:title\" content=\"Dodaj dodatek z recenzjami Tripadvisor do swojej witryny PrestaShop (2025)\" \/>\n<meta property=\"og:description\" content=\"Stworzenie dodatku z recenzjami Tripadvisor i umieszczenie go w witrynie PrestaShop jest ca\u0142kowicie proste. Obs\u0142uga klienta Elfsight jest bezp\u0142atna.\" \/>\n<meta property=\"og:url\" content=\"https:\/\/elfsight.com\/pl\/tripadvisor-reviews-widget\/prestashop\/\" \/>\n<meta property=\"og:site_name\" content=\"Elfsight PL\" \/>\n<meta property=\"article:modified_time\" content=\"2024-09-13T14:07:15+00:00\" \/>\n<meta name=\"twitter:card\" content=\"summary_large_image\" \/>\n<meta name=\"twitter:label1\" content=\"Szacowany czas czytania\" \/>\n\t<meta name=\"twitter:data1\" content=\"3 minuty\" \/>\n<!-- \/ Yoast SEO plugin. -->","yoast_head_json":{"title":"Dodaj dodatek z recenzjami Tripadvisor do swojej witryny PrestaShop (2025)","description":"Stworzenie dodatku z recenzjami Tripadvisor i umieszczenie go w witrynie PrestaShop jest ca\u0142kowicie proste. Obs\u0142uga klienta Elfsight jest bezp\u0142atna.","robots":{"index":"index","follow":"follow","max-snippet":"max-snippet:-1","max-image-preview":"max-image-preview:large","max-video-preview":"max-video-preview:-1"},"canonical":"https:\/\/elfsight.com\/pl\/tripadvisor-reviews-widget\/prestashop\/","og_locale":"pl_PL","og_type":"article","og_title":"Dodaj dodatek z recenzjami Tripadvisor do swojej witryny PrestaShop (2025)","og_description":"Stworzenie dodatku z recenzjami Tripadvisor i umieszczenie go w witrynie PrestaShop jest ca\u0142kowicie proste. Obs\u0142uga klienta Elfsight jest bezp\u0142atna.","og_url":"https:\/\/elfsight.com\/pl\/tripadvisor-reviews-widget\/prestashop\/","og_site_name":"Elfsight PL","article_modified_time":"2024-09-13T14:07:15+00:00","twitter_card":"summary_large_image","twitter_misc":{"Szacowany czas czytania":"3 minuty"},"schema":{"@context":"https:\/\/schema.org","@graph":[{"@type":"WebPage","@id":"https:\/\/elfsight.com\/pl\/tripadvisor-reviews-widget\/prestashop\/","url":"https:\/\/elfsight.com\/pl\/tripadvisor-reviews-widget\/prestashop\/","name":"Dodaj dodatek z recenzjami Tripadvisor do swojej witryny PrestaShop (2025)","isPartOf":{"@id":"https:\/\/elfsight.com\/pl\/#website"},"datePublished":"1970-01-01T00:00:00+00:00","dateModified":"2024-09-13T14:07:15+00:00","description":"Stworzenie dodatku z recenzjami Tripadvisor i umieszczenie go w witrynie PrestaShop jest ca\u0142kowicie proste. Obs\u0142uga klienta Elfsight jest bezp\u0142atna.","breadcrumb":{"@id":"https:\/\/elfsight.com\/pl\/tripadvisor-reviews-widget\/prestashop\/#breadcrumb"},"inLanguage":"pl-PL","potentialAction":[{"@type":"ReadAction","target":["https:\/\/elfsight.com\/pl\/tripadvisor-reviews-widget\/prestashop\/"]}]},{"@type":"BreadcrumbList","@id":"https:\/\/elfsight.com\/pl\/tripadvisor-reviews-widget\/prestashop\/#breadcrumb","itemListElement":[{"@type":"ListItem","position":1,"name":"Home","item":"https:\/\/elfsight.com\/pl\/"},{"@type":"ListItem","position":2,"name":"Tripadvisor Reviews","item":"https:\/\/elfsight.com\/pl\/tripadvisor-reviews-widget\/"},{"@type":"ListItem","position":3,"name":"Tripadvisor Reviews &#8211; PrestaShop"}]},{"@type":"WebSite","@id":"https:\/\/elfsight.com\/pl\/#website","url":"https:\/\/elfsight.com\/pl\/","name":"Elfsight PL","description":"Just another Elfsight Sites site","potentialAction":[{"@type":"SearchAction","target":{"@type":"EntryPoint","urlTemplate":"https:\/\/elfsight.com\/pl\/?s={search_term_string}"},"query-input":{"@type":"PropertyValueSpecification","valueRequired":true,"valueName":"search_term_string"}}],"inLanguage":"pl-PL"}]}},"meta_box":{"industry":"","seo_heading":"","heading":"","description":"","cta_heading":"","cta_description":"","application":"1222","h1":"PrestaShop Dodatek do recenzji Tripadvisor","h1_caption":"Zwi\u0119kszaj zaufanie klient\u00f3w, prezentuj\u0105c recenzje Twojej firmy na stronie Tripadvisor bezpo\u015brednio w swojej witrynie internetowej","application_category":[],"applications_title":"","applications_request_title":"","applications_request_button_text":"","hero_text":"","hero_video":"","hero_video_schema_markup":"","selling_points_title":"","selling_points_caption":"","selling_points":[],"selling_points_cta_text":"","features_title":"","features":"","ed_cta_examples_text":"","ed_cta_examples_hidden":"","ed_cta_demo_text":"","ed_cta_demo_hidden":"","why_caption":"","why_editor_title":"","why_editor_text":"","why_team_title":"","why_team_text":"","why_service_title":"","why_service_text":"","template_catalog_visible":"","template_catalog_title":"","template_catalog_text":"","template_catalog_categories_visible":"","demo_title":"Zach\u0119camy do tworzenia w\u0142asnych recenzji na stronie Tripadvisor w serwisie PrestaShop!","demo_caption":"Mo\u017cesz dostosowa\u0107 parametry, aby zintegrowa\u0107 dodatek ze swoj\u0105 witryn\u0105 za pomoc\u0105 wersji demonstracyjnej.","default_faq_hidden":"","app_template_category":[],"platform":"586","template_public_id":"","codecanyon_url":"","codecanyon_item_id":"","codecanyon_price":"","pricing_caption":"","pricing_elfsight_apps_hide_column":"","pricing_elfsight_apps_url":"","pricing_codecanyon_price_caption":"","integration_category":[],"integration_request_title":"","integration_request_cta":"","integration_platform":"","integrations":[],"platform_category":[],"video_schema_markup":"","price":"od 0 USD \/ miesi\u0105c","trial":"","benefits":[{"text":"Bezp\u0142atna pomoc w monta\u017cu"},{"text":"Wyj\u0105tkowa obs\u0142uga klienta"},{"text":"14-dniowa gwarancja zwrotu pieni\u0119dzy"}],"button_url":"#demo","button_target_blank":"","button_nofollow":"","attributes":[{"name":"Instaluje"},{"name":"Czu\u0142y"},{"name":"Kompatybilne przegl\u0105darki"}],"tags":[],"tags_disable_links":"","hide_more_platforms":"","video_object":"","demo_hide_cta":"","demo_hide_cloud_options":"","pricing_title":"","pricing":[{"pricing_icon":"platform","pricing_title":"Elfsight Apps","pricing_title_caption":"Rozwi\u0105zanie niezale\u017cne od platformy","pricing_price":"od 0 USD \/ miesi\u0105c","pricing_price_caption":"zacznij od bezp\u0142atnego planu","pricing_benefits":[{"text":"Nielimitowane domeny"},{"text":"Najwy\u017csza obs\u0142uga klienta"},{"text":"Bezp\u0142atne wsparcie instalacyjne"},{"text":"100% konfigurowalny"}],"pricing_button_text":"Dodaj do witryny","pricing_button_url":"#demo"}],"related_apps_title":"","related_apps_hidden":"","author":"","image":[],"title":"","job":"","social_networks":[]},"_links":{"self":[{"href":"https:\/\/elfsight.com\/pl\/wp-json\/wp\/v2\/pages\/6941","targetHints":{"allow":["GET"]}}],"collection":[{"href":"https:\/\/elfsight.com\/pl\/wp-json\/wp\/v2\/pages"}],"about":[{"href":"https:\/\/elfsight.com\/pl\/wp-json\/wp\/v2\/types\/page"}],"author":[{"embeddable":true,"href":"https:\/\/elfsight.com\/pl\/wp-json\/wp\/v2\/users\/9"}],"replies":[{"embeddable":true,"href":"https:\/\/elfsight.com\/pl\/wp-json\/wp\/v2\/comments?post=6941"}],"version-history":[{"count":1,"href":"https:\/\/elfsight.com\/pl\/wp-json\/wp\/v2\/pages\/6941\/revisions"}],"predecessor-version":[{"id":6945,"href":"https:\/\/elfsight.com\/pl\/wp-json\/wp\/v2\/pages\/6941\/revisions\/6945"}],"up":[{"embeddable":true,"href":"https:\/\/elfsight.com\/pl\/wp-json\/wp\/v2\/pages\/1223"}],"wp:attachment":[{"href":"https:\/\/elfsight.com\/pl\/wp-json\/wp\/v2\/media?parent=6941"}],"curies":[{"name":"wp","href":"https:\/\/api.w.org\/{rel}","templated":true}]}}