{"id":6935,"date":"1970-01-01T00:00:00","date_gmt":"1970-01-01T00:00:00","guid":{"rendered":"https:\/\/elfsight.com\/pl\/?page_id=6935"},"modified":"2024-11-14T08:50:47","modified_gmt":"2024-11-14T08:50:47","slug":"blogger","status":"publish","type":"page","link":"https:\/\/elfsight.com\/pl\/tiktok-feed-widget\/blogger\/","title":{"rendered":"TikTok Feed &#8211; Blogger"},"content":{"rendered":"<div class=\"application-platform-content-item-description application-platform-content-item\" id=\"description\" data-nav-section=\"description\"> <h2>Opis<\/h2> <p>Kana\u0142 Elfsight TiKTok dla Bloggera to specjalny wid\u017cet s\u0142u\u017c\u0105cy do promowania nie tylko rzeczy, ale tak\u017ce emocji i do\u015bwiadcze\u0144. Dzi\u0119ki niemu mo\u017cesz zbudowa\u0107 zindywidualizowany kana\u0142 sk\u0142adaj\u0105cy si\u0119 z tre\u015bci z TikTok &#8211; i zademonstrowa\u0107 go bezpo\u015brednio na swojej stronie. Utw\u00f3rz galeri\u0119 wideo za pomoc\u0105 kilku klikni\u0119\u0107! Przejmij pe\u0142n\u0105 kontrol\u0119 nad tre\u015bci\u0105 i usu\u0144 spam oraz wszelkie niechciane tre\u015bci, korzystaj\u0105c z r\u0119cznej moderacji. Ca\u0142kowicie responsywny konfigurator online zapewnia r\u00f3\u017cnorodne szablony do wyboru. <\/p> <p><b>Zwi\u0119ksz skuteczno\u015b\u0107 swojej witryny internetowej w celach biznesowych dzi\u0119ki TikTok Feed<\/b><\/p> <\/div> <div class=\"application-platform-content-item-features application-platform-content-item\" id=\"features\" data-nav-section=\"features\"> <h2>Poni\u017cej znajduj\u0105 si\u0119 podstawowe funkcje widget: <\/h2> <ul><li>Ukryj sekcj\u0119 nag\u0142\u00f3wka, aby Twoje narz\u0119dzie wygl\u0105da\u0142o minimalistycznie. <\/li><li>Usu\u0144 wszelki spam i niepo\u017c\u0105dane tre\u015bci za pomoc\u0105 r\u0119cznej moderacji. <\/li><li>Zainstaluj przycisk Obserwuj na kartach wid\u017cet\u00f3w. <\/li><li>Spraw, aby Twoje posty pojawia\u0142y si\u0119 w wyskakuj\u0105cym okienku. <\/li><\/ul><p><a href=\"#demo\">W wersji demonstracyjnej mo\u017cesz przetestowa\u0107 pe\u0142ne mo\u017cliwo\u015bci wid\u017cetu<\/a><\/p> <\/div> <div class=\"application-platform-content-item-installation application-platform-content-item\" id=\"installation\" data-nav-section=\"installation\"> <h2>Jak doda\u0107 kana\u0142 TikTok do mojej witryny Bloggera? <\/h2> <p>Wystarczy wykona\u0107 poni\u017csze kroki, aby wstawi\u0107 wid\u017cet. <\/p> <ol><li><b>Uruchom nasze bezp\u0142atne demo i zacznij tworzy\u0107 sw\u00f3j spersonalizowany widget. <\/b><br> Znajd\u017a wybrany wygl\u0105d i funkcjonalno\u015b\u0107 wtyczki i zastosuj modyfikacje. <\/li> <li><b>Zdob\u0105d\u017a kod osobisty pokazany w specjalnym formularzu w aplikacjach Elfsight. <\/b><br> Po zako\u0144czeniu dostosowywania Twojego osobistego narz\u0119dzia skopiuj ekskluzywny kod z wy\u015bwietlonego wyskakuj\u0105cego okienka i zapisz go na przysz\u0142o\u015b\u0107. <\/li> <li><b>Rozpocznij korzystanie z narz\u0119dzia w witrynie Bloggera. <\/b><br> Zaimplementuj skopiowany ostatnio kod na swojej stronie i zapisz ulepszenia. <\/li> <li><b>Gotowe! Integracja zosta\u0142a ca\u0142kowicie zako\u0144czona. <\/b><br> Wejd\u017a na swoj\u0105 stron\u0119 i sprawd\u017a dzia\u0142anie widgetu. <\/li><\/ol> <p>Je\u015bli masz pytania lub napotkasz pewne komplikacje, bez wahania skontaktuj si\u0119 z naszym zespo\u0142em obs\u0142ugi klienta. Nasi ludzie z przyjemno\u015bci\u0105 pomog\u0105 Ci we wszystkich problemach, jakie mo\u017cesz mie\u0107 z widgetem. <\/p> <\/div><div class=\"faq\" data-component=\"FAQ\"><div class=\"faq-item\">\r\n\t\t\t\t\t<div class=\"faq-item-question\">\r\n\t\t\t\t\t\t<h3 class=\"faq-item-question-text\">Jak osadzi\u0107 kana\u0142 TikTok w moim Bloggerze bez umiej\u0119tno\u015bci kodowania?<\/h3>\r\n\r\n\t\t\t\t\t\t<div class=\"faq-item-question-icon\"><\/div>\r\n\t\t\t\t\t<\/div>\r\n\r\n\t\t\t\t\t<div class=\"faq-item-answer\">\r\n\t\t\t\t\t\t<div class=\"faq-item-answer-text\"><p>Firma Elfsight oferuje rozwi\u0105zanie w chmurze kt\u00f3ra umo\u017cliwia samodzielne utworzenie wid\u017cetu TikTok Feed, przekonaj si\u0119, jak prosty jest ten proces:<\/p><ul><li>Pracuj w edytorze online, aby utworzy\u0107 aplikacj\u0119 TikTok Feed, kt\u00f3r\u0105 chcesz umie\u015bci\u0107 na swojej stronie g\u0142\u00f3wnej Bloggera.<\/li><li>Wybierz jeden z wielu gotowych szablon\u00f3w i dostosuj ustawienia TikTok Feed, do\u0142\u0105cz swoj\u0105 tre\u015b\u0107, zmie\u0144 uk\u0142ad i kolory bez kodowania.<\/li><li>Zapisz wprowadzone ustawienia w Kana\u0142 TikTok i skopiuj kod do umieszczenia, kt\u00f3ry mo\u017cesz wklei\u0107 na stronie Bloggera bez kupowania wersji p\u0142atnej.<\/li><\/ul><p>Dzi\u0119ki pomocy naszego prostego edytora ka\u017cdy u\u017cytkownik Internetu mo\u017ce utworzy\u0107 sekcj\u0119 Kana\u0142 TikTok online i po prostu wklei\u0107 na stron\u0119 g\u0142\u00f3wn\u0105 Bloggera. Aby uzyska\u0107 dost\u0119p do us\u0142ugi Elfsight, nie mo\u017cesz uzyska\u0107 p\u0142atnego planu ani ujawnia\u0107 danych swojej karty. Je\u015bli napotkasz jakiekolwiek problemy, skontaktuj si\u0119 z naszym zespo\u0142em pomocy technicznej.<\/p><\/div>\r\n\t\t\t\t\t<\/div>\r\n\t\t\t\t<\/div><\/div>","protected":false},"excerpt":{"rendered":"","protected":false},"author":9,"featured_media":0,"parent":3396,"menu_order":0,"comment_status":"closed","ping_status":"closed","template":"templates\/template-application-platform.php","meta":{"publish_to_discourse":"","publish_post_category":"","wpdc_auto_publish_overridden":"","wpdc_topic_tags":"","wpdc_pin_topic":"","wpdc_pin_until":"","discourse_post_id":"","discourse_permalink":"","wpdc_publishing_response":"","wpdc_publishing_error":"","footnotes":""},"class_list":["post-6935","page","type-page","status-publish","hentry"],"yoast_head":"<!-- This site is optimized with the Yoast SEO plugin v25.3.1 - https:\/\/yoast.com\/wordpress\/plugins\/seo\/ -->\n<title>Dodaj wid\u017cet TikTok Feed do witryny Bloggera (szybko i bezp\u0142atnie)<\/title>\n<meta name=\"description\" content=\"Zaimplementuj responsywny wid\u017cet kana\u0142u Blogger TikTok na swojej stronie internetowej. Wypr\u00f3buj por\u0119czn\u0105 wersj\u0119 demonstracyjn\u0105 Elfsight i wygeneruj aplikacj\u0119 TikTok za pomoc\u0105 kilku klikni\u0119\u0107.\" \/>\n<meta name=\"robots\" content=\"index, follow, max-snippet:-1, max-image-preview:large, max-video-preview:-1\" \/>\n<link rel=\"canonical\" href=\"https:\/\/elfsight.com\/pl\/tiktok-feed-widget\/blogger\/\" \/>\n<meta property=\"og:locale\" content=\"pl_PL\" \/>\n<meta property=\"og:type\" content=\"article\" \/>\n<meta property=\"og:title\" content=\"Dodaj wid\u017cet TikTok Feed do witryny Bloggera (szybko i bezp\u0142atnie)\" \/>\n<meta property=\"og:description\" content=\"Zaimplementuj responsywny wid\u017cet kana\u0142u Blogger TikTok na swojej stronie internetowej. Wypr\u00f3buj por\u0119czn\u0105 wersj\u0119 demonstracyjn\u0105 Elfsight i wygeneruj aplikacj\u0119 TikTok za pomoc\u0105 kilku klikni\u0119\u0107.\" \/>\n<meta property=\"og:url\" content=\"https:\/\/elfsight.com\/pl\/tiktok-feed-widget\/blogger\/\" \/>\n<meta property=\"og:site_name\" content=\"Elfsight PL\" \/>\n<meta property=\"article:modified_time\" content=\"2024-11-14T08:50:47+00:00\" \/>\n<meta name=\"twitter:card\" content=\"summary_large_image\" \/>\n<meta name=\"twitter:label1\" content=\"Szacowany czas czytania\" \/>\n\t<meta name=\"twitter:data1\" content=\"3 minuty\" \/>\n<!-- \/ Yoast SEO plugin. -->","yoast_head_json":{"title":"Dodaj wid\u017cet TikTok Feed do witryny Bloggera (szybko i bezp\u0142atnie)","description":"Zaimplementuj responsywny wid\u017cet kana\u0142u Blogger TikTok na swojej stronie internetowej. Wypr\u00f3buj por\u0119czn\u0105 wersj\u0119 demonstracyjn\u0105 Elfsight i wygeneruj aplikacj\u0119 TikTok za pomoc\u0105 kilku klikni\u0119\u0107.","robots":{"index":"index","follow":"follow","max-snippet":"max-snippet:-1","max-image-preview":"max-image-preview:large","max-video-preview":"max-video-preview:-1"},"canonical":"https:\/\/elfsight.com\/pl\/tiktok-feed-widget\/blogger\/","og_locale":"pl_PL","og_type":"article","og_title":"Dodaj wid\u017cet TikTok Feed do witryny Bloggera (szybko i bezp\u0142atnie)","og_description":"Zaimplementuj responsywny wid\u017cet kana\u0142u Blogger TikTok na swojej stronie internetowej. Wypr\u00f3buj por\u0119czn\u0105 wersj\u0119 demonstracyjn\u0105 Elfsight i wygeneruj aplikacj\u0119 TikTok za pomoc\u0105 kilku klikni\u0119\u0107.","og_url":"https:\/\/elfsight.com\/pl\/tiktok-feed-widget\/blogger\/","og_site_name":"Elfsight PL","article_modified_time":"2024-11-14T08:50:47+00:00","twitter_card":"summary_large_image","twitter_misc":{"Szacowany czas czytania":"3 minuty"},"schema":{"@context":"https:\/\/schema.org","@graph":[{"@type":"WebPage","@id":"https:\/\/elfsight.com\/pl\/tiktok-feed-widget\/blogger\/","url":"https:\/\/elfsight.com\/pl\/tiktok-feed-widget\/blogger\/","name":"Dodaj wid\u017cet TikTok Feed do witryny Bloggera (szybko i bezp\u0142atnie)","isPartOf":{"@id":"https:\/\/elfsight.com\/pl\/#website"},"datePublished":"1970-01-01T00:00:00+00:00","dateModified":"2024-11-14T08:50:47+00:00","description":"Zaimplementuj responsywny wid\u017cet kana\u0142u Blogger TikTok na swojej stronie internetowej. Wypr\u00f3buj por\u0119czn\u0105 wersj\u0119 demonstracyjn\u0105 Elfsight i wygeneruj aplikacj\u0119 TikTok za pomoc\u0105 kilku klikni\u0119\u0107.","breadcrumb":{"@id":"https:\/\/elfsight.com\/pl\/tiktok-feed-widget\/blogger\/#breadcrumb"},"inLanguage":"pl-PL","potentialAction":[{"@type":"ReadAction","target":["https:\/\/elfsight.com\/pl\/tiktok-feed-widget\/blogger\/"]}]},{"@type":"BreadcrumbList","@id":"https:\/\/elfsight.com\/pl\/tiktok-feed-widget\/blogger\/#breadcrumb","itemListElement":[{"@type":"ListItem","position":1,"name":"Home","item":"https:\/\/elfsight.com\/pl\/"},{"@type":"ListItem","position":2,"name":"TikTok Feed","item":"https:\/\/elfsight.com\/pl\/tiktok-feed-widget\/"},{"@type":"ListItem","position":3,"name":"TikTok Feed &#8211; Blogger"}]},{"@type":"WebSite","@id":"https:\/\/elfsight.com\/pl\/#website","url":"https:\/\/elfsight.com\/pl\/","name":"Elfsight PL","description":"Just another Elfsight Sites site","potentialAction":[{"@type":"SearchAction","target":{"@type":"EntryPoint","urlTemplate":"https:\/\/elfsight.com\/pl\/?s={search_term_string}"},"query-input":{"@type":"PropertyValueSpecification","valueRequired":true,"valueName":"search_term_string"}}],"inLanguage":"pl-PL"}]}},"meta_box":{"industry":"","seo_heading":"","heading":"","description":"","cta_heading":"","cta_description":"","application":"3349","h1":"Wid\u017cet kana\u0142u Blogger TikTok","h1_caption":"Prezentuj popularne filmy Tiktok wed\u0142ug hashtagu lub konta, bez wysi\u0142ku dodaj\u0105c dynamiczn\u0105, anga\u017cuj\u0105c\u0105 tre\u015b\u0107 do swojej witryny internetowej w witrynie Bloggera.","application_category":[],"applications_title":"","applications_request_title":"","applications_request_button_text":"","hero_text":"","hero_video":"","hero_video_schema_markup":"","selling_points_title":"","selling_points_caption":"","selling_points":[],"selling_points_cta_text":"","features_title":"","features":"","ed_cta_examples_text":"","ed_cta_examples_hidden":"","ed_cta_demo_text":"","ed_cta_demo_hidden":"","why_caption":"","why_editor_title":"","why_editor_text":"","why_team_title":"","why_team_text":"","why_service_title":"","why_service_text":"","template_catalog_visible":"","template_catalog_title":"","template_catalog_text":"","template_catalog_categories_visible":"","demo_title":"Utw\u00f3rz wid\u017cet kana\u0142u TikTok","demo_caption":"Skonfiguruj sw\u00f3j kana\u0142 TikTok i dodaj go do swojej witryny Bloggera za darmo!","default_faq_hidden":"","app_template_category":[],"platform":"44","template_public_id":"","codecanyon_url":"","codecanyon_item_id":"","codecanyon_price":"","pricing_caption":"","pricing_elfsight_apps_hide_column":"","pricing_elfsight_apps_url":"","pricing_codecanyon_price_caption":"","integration_category":[],"integration_request_title":"","integration_request_cta":"","integration_platform":"","integrations":[],"platform_category":[],"video_schema_markup":"","price":"od 0 USD \/ miesi\u0105c","trial":"","benefits":[{"text":"Bezp\u0142atna pomoc w monta\u017cu"},{"text":"Do\u015bwiadczona obs\u0142uga klienta"},{"text":"14-dniowa gwarancja zwrotu pieni\u0119dzy"}],"button_url":"#demo","button_target_blank":"","button_nofollow":"","attributes":[{"name":"Instaluje"},{"name":"Czu\u0142y"},{"name":"Kompatybilne przegl\u0105darki"}],"tags":[],"tags_disable_links":"","hide_more_platforms":"","video_object":"","demo_hide_cta":"","demo_hide_cloud_options":"","pricing_title":"","pricing":[{"pricing_icon":"platform","pricing_title":"Elfsight Apps","pricing_title_caption":"Rozwi\u0105zanie wieloplatformowe","pricing_price":"od 0 USD \/ miesi\u0105c","pricing_price_caption":"zacznij od bezp\u0142atnego planu","pricing_benefits":[{"text":"Nielimitowane domeny"},{"text":"Dedykowane wsparcie i dobrze udokumentowane"},{"text":"Bezp\u0142atna pomoc w monta\u017cu"},{"text":"Elastyczny projekt"}],"pricing_button_text":"Dodaj do witryny","pricing_button_url":"#demo"}],"related_apps_title":"","related_apps_hidden":"","author":"","image":[],"title":"","job":"","social_networks":[]},"_links":{"self":[{"href":"https:\/\/elfsight.com\/pl\/wp-json\/wp\/v2\/pages\/6935","targetHints":{"allow":["GET"]}}],"collection":[{"href":"https:\/\/elfsight.com\/pl\/wp-json\/wp\/v2\/pages"}],"about":[{"href":"https:\/\/elfsight.com\/pl\/wp-json\/wp\/v2\/types\/page"}],"author":[{"embeddable":true,"href":"https:\/\/elfsight.com\/pl\/wp-json\/wp\/v2\/users\/9"}],"replies":[{"embeddable":true,"href":"https:\/\/elfsight.com\/pl\/wp-json\/wp\/v2\/comments?post=6935"}],"version-history":[{"count":1,"href":"https:\/\/elfsight.com\/pl\/wp-json\/wp\/v2\/pages\/6935\/revisions"}],"predecessor-version":[{"id":6939,"href":"https:\/\/elfsight.com\/pl\/wp-json\/wp\/v2\/pages\/6935\/revisions\/6939"}],"up":[{"embeddable":true,"href":"https:\/\/elfsight.com\/pl\/wp-json\/wp\/v2\/pages\/3396"}],"wp:attachment":[{"href":"https:\/\/elfsight.com\/pl\/wp-json\/wp\/v2\/media?parent=6935"}],"curies":[{"name":"wp","href":"https:\/\/api.w.org\/{rel}","templated":true}]}}