{"id":6933,"date":"1970-01-01T00:00:00","date_gmt":"1970-01-01T00:00:00","guid":{"rendered":"https:\/\/elfsight.com\/pl\/?page_id=6933"},"modified":"2024-11-14T08:50:47","modified_gmt":"2024-11-14T08:50:47","slug":"bigcommerce","status":"publish","type":"page","link":"https:\/\/elfsight.com\/pl\/tiktok-feed-widget\/bigcommerce\/","title":{"rendered":"TikTok Feed &#8211; BigCommerce"},"content":{"rendered":"<div class=\"application-platform-content-item-description application-platform-content-item\" id=\"description\" data-nav-section=\"description\"> <h2>Opis<\/h2> <p>Elfsight TiKTok Feed dla BigCommerce to wyj\u0105tkowa aplikacja do sprzeda\u017cy nie tylko przedmiot\u00f3w, ale tak\u017ce emocji i do\u015bwiadcze\u0144. Dzi\u0119ki niemu mo\u017cesz zbudowa\u0107 w\u0142asny kana\u0142 sk\u0142adaj\u0105cy si\u0119 z tre\u015bci z TikTok i wy\u015bwietli\u0107 go bezpo\u015brednio na swojej stronie. Zaprojektuj galeri\u0119 wideo za pomoc\u0105 kilku klikni\u0119\u0107! Sprawuj ca\u0142kowit\u0105 kontrol\u0119 nad prezentowan\u0105 tre\u015bci\u0105 i usu\u0144 spam oraz wszelkie niepo\u017c\u0105dane tre\u015bci poprzez r\u0119czn\u0105 moderacj\u0119. Ca\u0142kowicie responsywny konfigurator online udost\u0119pnia kilka szablon\u00f3w do wyboru. <\/p> <p><b>Dzi\u0119ki TikTok Feed mo\u017cesz solidnie rozwija\u0107 firm\u0119 i zwi\u0119ksza\u0107 sprzeda\u017c <\/b><\/p> <\/div> <div class=\"application-platform-content-item-features application-platform-content-item\" id=\"features\" data-nav-section=\"features\"> <h2>Sprawd\u017a list\u0119 najwi\u0119ksze funkcje: <\/h2> <ul><li>Ukryj sekcj\u0119 nag\u0142\u00f3wkow\u0105, aby Twoja aplikacja wygl\u0105da\u0142a minimalistycznie. <\/li><li>Wyeliminuj wszelki spam i niepo\u017c\u0105dane tre\u015bci, korzystaj\u0105c z r\u0119cznego trybu moderacji. <\/li><li>Umie\u015b\u0107 przycisk Obserwuj w kanale aplikacji. <\/li><li>Spraw, aby Twoje posty pojawia\u0142y si\u0119 w wyskakuj\u0105cym okienku. <\/li><\/ul><p><a href=\"#demo\">Wystarczy sprawdzi\u0107 t\u0119 wersj\u0119 demonstracyjn\u0105, aby zobaczy\u0107, ile jest warta aplikacja<\/a><\/p> <\/div> <div class=\"application-platform-content-item-installation application-platform-content-item\" id=\"installation\" data-nav-section=\"installation\"> <h2>Jak mog\u0119 osadzi\u0107 kana\u0142 TikTok w mojej witrynie BigCommerce? <\/h2> <p>Wystarczy post\u0119powa\u0107 zgodnie z poni\u017cszymi instrukcjami, aby zainstalowa\u0107 aplikacj\u0119. <\/p> <ol><li><b>Skorzystaj z naszego bezp\u0142atnego konfiguratora i zacznij tworzy\u0107 spersonalizowan\u0105 aplikacj\u0119. <\/b><br> Okre\u015bl niestandardowy interfejs i funkcje aplikacji oraz zapisz poprawki. <\/li> <li><b>Skopiuj sw\u00f3j osobisty kod pokazany w polu w aplikacjach Elfsight. <\/b><br> Po zako\u0144czeniu konfiguracji wtyczki skopiuj ekskluzywny kod z wy\u015bwietlonego okna i zapisz go na przysz\u0142o\u015b\u0107. <\/li> <li><b>Rozpocznij korzystanie z aplikacji na stronie BigCommerce. <\/b><br> Zintegruj ostatnio zapisany kod ze swoj\u0105 witryn\u0105 i zastosuj zmiany. <\/li> <li><b>Instalacja zosta\u0142a pomy\u015blnie zako\u0144czona. <\/b><br> Przejd\u017a do swojej witryny, aby obserwowa\u0107 dzia\u0142anie aplikacji. <\/li><\/ol> <p>Je\u015bli b\u0119dziesz musia\u0142 stawi\u0107 czo\u0142a zapytaniom lub napotka\u0107 jakiekolwiek przeszkody, nie b\u00f3j si\u0119 ubiega\u0107 o zatrudnienie naszego personelu pomocniczego. Nasi specjali\u015bci ch\u0119tnie odpowiedz\u0105 na wszystkie pytania dotycz\u0105ce produktu. <\/p> <\/div><div class=\"faq\" data-component=\"FAQ\"><div class=\"faq-item\">\r\n\t\t\t\t\t<div class=\"faq-item-question\">\r\n\t\t\t\t\t\t<h3 class=\"faq-item-question-text\">Czy istnieje spos\u00f3b na dodanie kana\u0142u TikTok do mojej witryny BigCommerce bez do\u015bwiadczenia w programowaniu?<\/h3>\r\n\r\n\t\t\t\t\t\t<div class=\"faq-item-question-icon\"><\/div>\r\n\t\t\t\t\t<\/div>\r\n\r\n\t\t\t\t\t<div class=\"faq-item-answer\">\r\n\t\t\t\t\t\t<div class=\"faq-item-answer-text\"><p>Firma Elfsight dostarcza rozwi\u0105zanie SaaS, kt\u00f3re pozwala u\u017cytkownikowi samodzielnie zbudowa\u0107 aplikacj\u0119 TikTok Feed. Odkryj, jak prosty jest ten proces:<\/p><ul><li>Pracuj bezpo\u015brednio w wersji demonstracyjnej na \u017cywo, aby utworzy\u0107 sekcj\u0119 TikTok Feed, kt\u00f3r\u0105 chcesz osadzi\u0107 w BigCommerce .<\/li><li>Wybierz jeden z gotowych szablon\u00f3w i dostosuj ustawienia kana\u0142u TikTok, do\u0142\u0105cz swoj\u0105 tre\u015b\u0107, zmie\u0144 uk\u0142ad i schemat kolor\u00f3w bez kodowania.<\/li><li>Zapisz kana\u0142 TikTok i skopiuj jego kod instalacyjny , kt\u00f3ry mo\u017cesz \u0142atwo wklei\u0107 na dowolnej stronie g\u0142\u00f3wnej BigCommerce, korzystaj\u0105c z bezp\u0142atnego planu.<\/li><\/ul><p>Dzi\u0119ki naszemu \u0142atwemu w obs\u0142udze edytorowi ka\u017cdy u\u017cytkownik Internetu mo\u017ce wygenerowa\u0107 kana\u0142 TikTok i bez wysi\u0142ku wklei\u0107 go do swojego BigCommerce strona internetowa. Aby uzyska\u0107 dost\u0119p do us\u0142ugi Elfsight, nie trzeba p\u0142aci\u0107 ani podawa\u0107 danych uwierzytelniaj\u0105cych karty. Je\u015bli napotkasz jakiekolwiek problemy, skontaktuj si\u0119 z naszym personelem pomocy technicznej.<\/p><\/div>\r\n\t\t\t\t\t<\/div>\r\n\t\t\t\t<\/div><\/div>","protected":false},"excerpt":{"rendered":"","protected":false},"author":9,"featured_media":0,"parent":3396,"menu_order":0,"comment_status":"closed","ping_status":"closed","template":"templates\/template-application-platform.php","meta":{"publish_to_discourse":"","publish_post_category":"","wpdc_auto_publish_overridden":"","wpdc_topic_tags":"","wpdc_pin_topic":"","wpdc_pin_until":"","discourse_post_id":"","discourse_permalink":"","wpdc_publishing_response":"","wpdc_publishing_error":"","footnotes":""},"class_list":["post-6933","page","type-page","status-publish","hentry"],"yoast_head":"<!-- This site is optimized with the Yoast SEO plugin v25.3.1 - https:\/\/yoast.com\/wordpress\/plugins\/seo\/ -->\n<title>Dodaj wid\u017cet TikTok Feed do witryny BigCommerce (szybko i bezp\u0142atnie)<\/title>\n<meta name=\"description\" content=\"Dodaj przyjazn\u0105 dla urz\u0105dze\u0144 mobilnych aplikacj\u0119 BigCommerce TikTok Feed na swojej stronie internetowej. Skorzystaj z por\u0119cznej wersji demonstracyjnej Elfsight i wygeneruj swoj\u0105 osza\u0142amiaj\u0105c\u0105 aplikacj\u0119 TikTok.\" \/>\n<meta name=\"robots\" content=\"index, follow, max-snippet:-1, max-image-preview:large, max-video-preview:-1\" \/>\n<link rel=\"canonical\" href=\"https:\/\/elfsight.com\/pl\/tiktok-feed-widget\/bigcommerce\/\" \/>\n<meta property=\"og:locale\" content=\"pl_PL\" \/>\n<meta property=\"og:type\" content=\"article\" \/>\n<meta property=\"og:title\" content=\"Dodaj wid\u017cet TikTok Feed do witryny BigCommerce (szybko i bezp\u0142atnie)\" \/>\n<meta property=\"og:description\" content=\"Dodaj przyjazn\u0105 dla urz\u0105dze\u0144 mobilnych aplikacj\u0119 BigCommerce TikTok Feed na swojej stronie internetowej. Skorzystaj z por\u0119cznej wersji demonstracyjnej Elfsight i wygeneruj swoj\u0105 osza\u0142amiaj\u0105c\u0105 aplikacj\u0119 TikTok.\" \/>\n<meta property=\"og:url\" content=\"https:\/\/elfsight.com\/pl\/tiktok-feed-widget\/bigcommerce\/\" \/>\n<meta property=\"og:site_name\" content=\"Elfsight PL\" \/>\n<meta property=\"article:modified_time\" content=\"2024-11-14T08:50:47+00:00\" \/>\n<meta name=\"twitter:card\" content=\"summary_large_image\" \/>\n<meta name=\"twitter:label1\" content=\"Szacowany czas czytania\" \/>\n\t<meta name=\"twitter:data1\" content=\"3 minuty\" \/>\n<!-- \/ Yoast SEO plugin. -->","yoast_head_json":{"title":"Dodaj wid\u017cet TikTok Feed do witryny BigCommerce (szybko i bezp\u0142atnie)","description":"Dodaj przyjazn\u0105 dla urz\u0105dze\u0144 mobilnych aplikacj\u0119 BigCommerce TikTok Feed na swojej stronie internetowej. Skorzystaj z por\u0119cznej wersji demonstracyjnej Elfsight i wygeneruj swoj\u0105 osza\u0142amiaj\u0105c\u0105 aplikacj\u0119 TikTok.","robots":{"index":"index","follow":"follow","max-snippet":"max-snippet:-1","max-image-preview":"max-image-preview:large","max-video-preview":"max-video-preview:-1"},"canonical":"https:\/\/elfsight.com\/pl\/tiktok-feed-widget\/bigcommerce\/","og_locale":"pl_PL","og_type":"article","og_title":"Dodaj wid\u017cet TikTok Feed do witryny BigCommerce (szybko i bezp\u0142atnie)","og_description":"Dodaj przyjazn\u0105 dla urz\u0105dze\u0144 mobilnych aplikacj\u0119 BigCommerce TikTok Feed na swojej stronie internetowej. Skorzystaj z por\u0119cznej wersji demonstracyjnej Elfsight i wygeneruj swoj\u0105 osza\u0142amiaj\u0105c\u0105 aplikacj\u0119 TikTok.","og_url":"https:\/\/elfsight.com\/pl\/tiktok-feed-widget\/bigcommerce\/","og_site_name":"Elfsight PL","article_modified_time":"2024-11-14T08:50:47+00:00","twitter_card":"summary_large_image","twitter_misc":{"Szacowany czas czytania":"3 minuty"},"schema":{"@context":"https:\/\/schema.org","@graph":[{"@type":"WebPage","@id":"https:\/\/elfsight.com\/pl\/tiktok-feed-widget\/bigcommerce\/","url":"https:\/\/elfsight.com\/pl\/tiktok-feed-widget\/bigcommerce\/","name":"Dodaj wid\u017cet TikTok Feed do witryny BigCommerce (szybko i bezp\u0142atnie)","isPartOf":{"@id":"https:\/\/elfsight.com\/pl\/#website"},"datePublished":"1970-01-01T00:00:00+00:00","dateModified":"2024-11-14T08:50:47+00:00","description":"Dodaj przyjazn\u0105 dla urz\u0105dze\u0144 mobilnych aplikacj\u0119 BigCommerce TikTok Feed na swojej stronie internetowej. Skorzystaj z por\u0119cznej wersji demonstracyjnej Elfsight i wygeneruj swoj\u0105 osza\u0142amiaj\u0105c\u0105 aplikacj\u0119 TikTok.","breadcrumb":{"@id":"https:\/\/elfsight.com\/pl\/tiktok-feed-widget\/bigcommerce\/#breadcrumb"},"inLanguage":"pl-PL","potentialAction":[{"@type":"ReadAction","target":["https:\/\/elfsight.com\/pl\/tiktok-feed-widget\/bigcommerce\/"]}]},{"@type":"BreadcrumbList","@id":"https:\/\/elfsight.com\/pl\/tiktok-feed-widget\/bigcommerce\/#breadcrumb","itemListElement":[{"@type":"ListItem","position":1,"name":"Home","item":"https:\/\/elfsight.com\/pl\/"},{"@type":"ListItem","position":2,"name":"TikTok Feed","item":"https:\/\/elfsight.com\/pl\/tiktok-feed-widget\/"},{"@type":"ListItem","position":3,"name":"TikTok Feed &#8211; BigCommerce"}]},{"@type":"WebSite","@id":"https:\/\/elfsight.com\/pl\/#website","url":"https:\/\/elfsight.com\/pl\/","name":"Elfsight PL","description":"Just another Elfsight Sites site","potentialAction":[{"@type":"SearchAction","target":{"@type":"EntryPoint","urlTemplate":"https:\/\/elfsight.com\/pl\/?s={search_term_string}"},"query-input":{"@type":"PropertyValueSpecification","valueRequired":true,"valueName":"search_term_string"}}],"inLanguage":"pl-PL"}]}},"meta_box":{"industry":"","seo_heading":"","heading":"","description":"","cta_heading":"","cta_description":"","application":"3349","h1":"Aplikacja BigCommerce TikTok Feed","h1_caption":"Prezentuj popularne filmy Tiktok wed\u0142ug hashtagu lub konta, bez wysi\u0142ku dodaj\u0105c dynamiczn\u0105, anga\u017cuj\u0105c\u0105 tre\u015b\u0107 do swojej witryny do witryny BigCommerce.","application_category":[],"applications_title":"","applications_request_title":"","applications_request_button_text":"","hero_text":"","hero_video":"","hero_video_schema_markup":"","selling_points_title":"","selling_points_caption":"","selling_points":[],"selling_points_cta_text":"","features_title":"","features":"","ed_cta_examples_text":"","ed_cta_examples_hidden":"","ed_cta_demo_text":"","ed_cta_demo_hidden":"","why_caption":"","why_editor_title":"","why_editor_text":"","why_team_title":"","why_team_text":"","why_service_title":"","why_service_text":"","template_catalog_visible":"","template_catalog_title":"","template_catalog_text":"","template_catalog_categories_visible":"","demo_title":"Utw\u00f3rz aplikacj\u0119 TikTok Feed","demo_caption":"Skonfiguruj sw\u00f3j kana\u0142 TikTok i dodaj go do swojej witryny BigCommerce za darmo!","default_faq_hidden":"","app_template_category":[],"platform":"41","template_public_id":"","codecanyon_url":"","codecanyon_item_id":"","codecanyon_price":"","pricing_caption":"","pricing_elfsight_apps_hide_column":"","pricing_elfsight_apps_url":"","pricing_codecanyon_price_caption":"","integration_category":[],"integration_request_title":"","integration_request_cta":"","integration_platform":"","integrations":[],"platform_category":[],"video_schema_markup":"","price":"od 0 USD \/ miesi\u0105c","trial":"","benefits":[{"text":"Bezp\u0142atna us\u0142uga monta\u017cu"},{"text":"Profesjonalna obs\u0142uga klienta"},{"text":"14-dniowa gwarancja zwrotu pieni\u0119dzy"}],"button_url":"#demo","button_target_blank":"","button_nofollow":"","attributes":[{"name":"Instaluje"},{"name":"Czu\u0142y"},{"name":"Kompatybilne przegl\u0105darki"}],"tags":[],"tags_disable_links":"","hide_more_platforms":"","video_object":"","demo_hide_cta":"","demo_hide_cloud_options":"","pricing_title":"","pricing":[{"pricing_icon":"platform","pricing_title":"Elfsight Apps","pricing_title_caption":"Wieloplatformowe rozwi\u0105zanie cyfrowe","pricing_price":"od 0 USD \/ miesi\u0105c","pricing_price_caption":"zacznij od bezp\u0142atnego planu","pricing_benefits":[{"text":"Nielimitowane strony internetowe"},{"text":"Ca\u0142odobowe wsparcie firmy i dobrze udokumentowane"},{"text":"Bezp\u0142atna pomoc w instalacji"},{"text":"W pe\u0142ni konfigurowalny"}],"pricing_button_text":"Dodaj do witryny","pricing_button_url":"#demo"}],"related_apps_title":"","related_apps_hidden":"","author":"","image":[],"title":"","job":"","social_networks":[]},"_links":{"self":[{"href":"https:\/\/elfsight.com\/pl\/wp-json\/wp\/v2\/pages\/6933","targetHints":{"allow":["GET"]}}],"collection":[{"href":"https:\/\/elfsight.com\/pl\/wp-json\/wp\/v2\/pages"}],"about":[{"href":"https:\/\/elfsight.com\/pl\/wp-json\/wp\/v2\/types\/page"}],"author":[{"embeddable":true,"href":"https:\/\/elfsight.com\/pl\/wp-json\/wp\/v2\/users\/9"}],"replies":[{"embeddable":true,"href":"https:\/\/elfsight.com\/pl\/wp-json\/wp\/v2\/comments?post=6933"}],"version-history":[{"count":1,"href":"https:\/\/elfsight.com\/pl\/wp-json\/wp\/v2\/pages\/6933\/revisions"}],"predecessor-version":[{"id":6937,"href":"https:\/\/elfsight.com\/pl\/wp-json\/wp\/v2\/pages\/6933\/revisions\/6937"}],"up":[{"embeddable":true,"href":"https:\/\/elfsight.com\/pl\/wp-json\/wp\/v2\/pages\/3396"}],"wp:attachment":[{"href":"https:\/\/elfsight.com\/pl\/wp-json\/wp\/v2\/media?parent=6933"}],"curies":[{"name":"wp","href":"https:\/\/api.w.org\/{rel}","templated":true}]}}