{"id":6928,"date":"1970-01-01T00:00:00","date_gmt":"1970-01-01T00:00:00","guid":{"rendered":"https:\/\/elfsight.com\/pl\/?page_id=6928"},"modified":"2024-11-14T08:50:39","modified_gmt":"2024-11-14T08:50:39","slug":"drupal","status":"publish","type":"page","link":"https:\/\/elfsight.com\/pl\/tiktok-feed-widget\/drupal\/","title":{"rendered":"TikTok Feed &#8211; Drupal"},"content":{"rendered":"<div class=\"application-platform-content-item-description application-platform-content-item\" id=\"description\" data-nav-section=\"description\"> <h2>Opis<\/h2> <p>Elfsight TiKTok Feed dla Drupala to modu\u0142 s\u0142u\u017c\u0105cy do marketingu nie tylko rzeczy, ale tak\u017ce emocji i do\u015bwiadcze\u0144. Dzi\u0119ki niemu mo\u017cesz stworzy\u0107 zindywidualizowany kana\u0142 sk\u0142adaj\u0105cy si\u0119 z tre\u015bci z TikTok &#8211; i wy\u015bwietli\u0107 go bezpo\u015brednio na swojej stronie internetowej. Utw\u00f3rz galeri\u0119 wideo za pomoc\u0105 kilku klikni\u0119\u0107! Przejmij pe\u0142n\u0105 kontrol\u0119 nad tre\u015bci\u0105 i pozb\u0105d\u017a si\u0119 spamu oraz wszelkich niepo\u017c\u0105danych tre\u015bci poprzez r\u0119czn\u0105 moderacj\u0119. W pe\u0142ni responsywny edytor online udost\u0119pnia r\u00f3\u017cne szablony do wyboru. <\/p> <p><b>Zwi\u0119ksz efektywno\u015b\u0107 swojej witryny pod k\u0105tem cel\u00f3w e-commerce dzi\u0119ki TikTok Feed<\/b><\/p> <\/div> <div class=\"application-platform-content-item-features application-platform-content-item\" id=\"features\" data-nav-section=\"features\"> <h2>Sprawd\u017a list\u0119 z najbardziej przydatnych funkcji: <\/h2> <ul><li>Ukryj nag\u0142\u00f3wek, aby narz\u0119dzie wygl\u0105da\u0142o minimalistycznie. <\/li><li>Pozb\u0105d\u017a si\u0119 spamu i niepo\u017c\u0105danych tre\u015bci, korzystaj\u0105c z r\u0119cznego trybu moderacji. <\/li><li>Zainstaluj przycisk Obserwuj na s\u0142upkach narz\u0119dzi. <\/li><li>Spraw, aby Twoje posty by\u0142y wy\u015bwietlane w wyskakuj\u0105cym okienku. <\/li><\/ul><p><a href=\"#demo\">Sprawd\u017a wszystkie ustawienia w 100% funkcjonalnej wersji demonstracyjnej<\/a><\/p> <\/div> <div class=\"application-platform-content-item-installation application-platform-content-item\" id=\"installation\" data-nav-section=\"installation\"> <h2>Jak osadzi\u0107 kana\u0142 TikTok w mojej witrynie Drupal? <\/h2> <p>Wystarczy spe\u0142ni\u0107 poni\u017csze wytyczne, aby zintegrowa\u0107 modu\u0142. <\/p> <ol><li><b>Zarz\u0105dzaj naszym bezp\u0142atnym konfiguratorem i zacznij tworzy\u0107 w\u0142asny modu\u0142. <\/b><br> Wybierz preferowany interfejs i parametry modu\u0142u i zastosuj zmiany. <\/li> <li><b>Wy\u015bwietl sw\u00f3j indywidualny kod w oknie aplikacji Elfsight. <\/b><br> Po utworzeniu swojego osobistego modu\u0142u skopiuj ekskluzywny kod z wy\u015bwietlonego pola i zachowaj go na p\u00f3\u017aniej. <\/li> <li><b>Zacznij korzysta\u0107 z wtyczki na stronie Drupal. <\/b><br> Zaimplementuj skopiowany wcze\u015bniej kod na swojej stronie internetowej i zastosuj zmiany. <\/li> <li><b>Instalacja zosta\u0142a ca\u0142kowicie zako\u0144czona. <\/b><br> Przejd\u017a na swoj\u0105 stron\u0119 internetow\u0105, aby obserwowa\u0107 dzia\u0142anie modu\u0142u. <\/li><\/ol> <p>W przypadku pyta\u0144 lub wyst\u0105pienia problem\u00f3w nie wahaj si\u0119 zwr\u00f3ci\u0107 do naszego personelu obs\u0142ugi klienta. Nasi specjali\u015bci ch\u0119tnie pomog\u0105 Ci we wszystkich trudno\u015bciach, jakie mo\u017cesz mie\u0107 z produktem. <\/p> <\/div><div class=\"faq\" data-component=\"FAQ\"><div class=\"faq-item\">\r\n\t\t\t\t\t<div class=\"faq-item-question\">\r\n\t\t\t\t\t\t<h3 class=\"faq-item-question-text\">W jaki spos\u00f3b mo\u017cna doda\u0107 TikTok Feed do mojego Drupala bez kodowania?<\/h3>\r\n\r\n\t\t\t\t\t\t<div class=\"faq-item-question-icon\"><\/div>\r\n\t\t\t\t\t<\/div>\r\n\r\n\t\t\t\t\t<div class=\"faq-item-answer\">\r\n\t\t\t\t\t\t<div class=\"faq-item-answer-text\"><p>Oferty firmy Elfsight rozwi\u0105zanie w chmurze, kt\u00f3re pozwala u\u017cytkownikowi samodzielnie stworzy\u0107 aplikacj\u0119 TikTok Feed, obejrzyj prosty przewodnik:<\/p><ul><li>Rozpocznij prac\u0119 od razu w wersji demonstracyjnej online, aby zbudowa\u0107 aplikacj\u0119 TikTok Feed, kt\u00f3r\u0105 chcesz umie\u015bci\u0107 na Drupalu.<\/li><li>Wybierz jeden z naszych gotowych szablon\u00f3w i dostosuj ustawienia kana\u0142u TikTok, dodaj tre\u015bci, zmie\u0144 uk\u0142ad i schemat kolor\u00f3w bez umiej\u0119tno\u015bci kodowania.<\/li><li>Zapisz wprowadzone ustawienia w TikTok Feed i uzyskaj kod instalacyjny, kt\u00f3ry mo\u017cna po prostu umie\u015bci\u0107 w witrynie Drupal, bez konieczno\u015bci zakupu p\u0142atnej subskrypcji.<\/li><\/ul><p>Dzi\u0119ki przyjaznemu dla u\u017cytkownika konfiguratorowi ka\u017cdy u\u017cytkownik sieci mo\u017ce wygenerowa\u0107 TikTok Feed sekcj\u0119 i wklej na stron\u0119 g\u0142\u00f3wn\u0105 Drupala. Aby wej\u015b\u0107 do naszego Edytora, nie trzeba p\u0142aci\u0107 ani podawa\u0107 danych uwierzytelniaj\u0105cych karty. Je\u015bli na kt\u00f3rymkolwiek etapie napotkasz jakiekolwiek problemy, skontaktuj si\u0119 z naszym personelem pomocy technicznej.<\/p><\/div>\r\n\t\t\t\t\t<\/div>\r\n\t\t\t\t<\/div><\/div>","protected":false},"excerpt":{"rendered":"","protected":false},"author":9,"featured_media":0,"parent":3396,"menu_order":0,"comment_status":"closed","ping_status":"closed","template":"templates\/template-application-platform.php","meta":{"publish_to_discourse":"","publish_post_category":"","wpdc_auto_publish_overridden":"","wpdc_topic_tags":"","wpdc_pin_topic":"","wpdc_pin_until":"","discourse_post_id":"","discourse_permalink":"","wpdc_publishing_response":"","wpdc_publishing_error":"","footnotes":""},"class_list":["post-6928","page","type-page","status-publish","hentry"],"yoast_head":"<!-- This site is optimized with the Yoast SEO plugin v25.3.1 - https:\/\/yoast.com\/wordpress\/plugins\/seo\/ -->\n<title>Dodaj modu\u0142 TikTok Feed do strony Drupal (szybko i bezp\u0142atnie)<\/title>\n<meta name=\"description\" content=\"Zintegruj responsywny modu\u0142 Drupal TikTok Feed na swojej stronie internetowej. Wypr\u00f3buj por\u0119czn\u0105 wersj\u0119 demonstracyjn\u0105 Elfsight i zmodyfikuj sw\u00f3j stylowy widget TikTok kilkoma klikni\u0119ciami\" \/>\n<meta name=\"robots\" content=\"index, follow, max-snippet:-1, max-image-preview:large, max-video-preview:-1\" \/>\n<link rel=\"canonical\" href=\"https:\/\/elfsight.com\/pl\/tiktok-feed-widget\/drupal\/\" \/>\n<meta property=\"og:locale\" content=\"pl_PL\" \/>\n<meta property=\"og:type\" content=\"article\" \/>\n<meta property=\"og:title\" content=\"Dodaj modu\u0142 TikTok Feed do strony Drupal (szybko i bezp\u0142atnie)\" \/>\n<meta property=\"og:description\" content=\"Zintegruj responsywny modu\u0142 Drupal TikTok Feed na swojej stronie internetowej. Wypr\u00f3buj por\u0119czn\u0105 wersj\u0119 demonstracyjn\u0105 Elfsight i zmodyfikuj sw\u00f3j stylowy widget TikTok kilkoma klikni\u0119ciami\" \/>\n<meta property=\"og:url\" content=\"https:\/\/elfsight.com\/pl\/tiktok-feed-widget\/drupal\/\" \/>\n<meta property=\"og:site_name\" content=\"Elfsight PL\" \/>\n<meta property=\"article:modified_time\" content=\"2024-11-14T08:50:39+00:00\" \/>\n<meta name=\"twitter:card\" content=\"summary_large_image\" \/>\n<meta name=\"twitter:label1\" content=\"Szacowany czas czytania\" \/>\n\t<meta name=\"twitter:data1\" content=\"3 minuty\" \/>\n<!-- \/ Yoast SEO plugin. -->","yoast_head_json":{"title":"Dodaj modu\u0142 TikTok Feed do strony Drupal (szybko i bezp\u0142atnie)","description":"Zintegruj responsywny modu\u0142 Drupal TikTok Feed na swojej stronie internetowej. Wypr\u00f3buj por\u0119czn\u0105 wersj\u0119 demonstracyjn\u0105 Elfsight i zmodyfikuj sw\u00f3j stylowy widget TikTok kilkoma klikni\u0119ciami","robots":{"index":"index","follow":"follow","max-snippet":"max-snippet:-1","max-image-preview":"max-image-preview:large","max-video-preview":"max-video-preview:-1"},"canonical":"https:\/\/elfsight.com\/pl\/tiktok-feed-widget\/drupal\/","og_locale":"pl_PL","og_type":"article","og_title":"Dodaj modu\u0142 TikTok Feed do strony Drupal (szybko i bezp\u0142atnie)","og_description":"Zintegruj responsywny modu\u0142 Drupal TikTok Feed na swojej stronie internetowej. Wypr\u00f3buj por\u0119czn\u0105 wersj\u0119 demonstracyjn\u0105 Elfsight i zmodyfikuj sw\u00f3j stylowy widget TikTok kilkoma klikni\u0119ciami","og_url":"https:\/\/elfsight.com\/pl\/tiktok-feed-widget\/drupal\/","og_site_name":"Elfsight PL","article_modified_time":"2024-11-14T08:50:39+00:00","twitter_card":"summary_large_image","twitter_misc":{"Szacowany czas czytania":"3 minuty"},"schema":{"@context":"https:\/\/schema.org","@graph":[{"@type":"WebPage","@id":"https:\/\/elfsight.com\/pl\/tiktok-feed-widget\/drupal\/","url":"https:\/\/elfsight.com\/pl\/tiktok-feed-widget\/drupal\/","name":"Dodaj modu\u0142 TikTok Feed do strony Drupal (szybko i bezp\u0142atnie)","isPartOf":{"@id":"https:\/\/elfsight.com\/pl\/#website"},"datePublished":"1970-01-01T00:00:00+00:00","dateModified":"2024-11-14T08:50:39+00:00","description":"Zintegruj responsywny modu\u0142 Drupal TikTok Feed na swojej stronie internetowej. Wypr\u00f3buj por\u0119czn\u0105 wersj\u0119 demonstracyjn\u0105 Elfsight i zmodyfikuj sw\u00f3j stylowy widget TikTok kilkoma klikni\u0119ciami","breadcrumb":{"@id":"https:\/\/elfsight.com\/pl\/tiktok-feed-widget\/drupal\/#breadcrumb"},"inLanguage":"pl-PL","potentialAction":[{"@type":"ReadAction","target":["https:\/\/elfsight.com\/pl\/tiktok-feed-widget\/drupal\/"]}]},{"@type":"BreadcrumbList","@id":"https:\/\/elfsight.com\/pl\/tiktok-feed-widget\/drupal\/#breadcrumb","itemListElement":[{"@type":"ListItem","position":1,"name":"Home","item":"https:\/\/elfsight.com\/pl\/"},{"@type":"ListItem","position":2,"name":"TikTok Feed","item":"https:\/\/elfsight.com\/pl\/tiktok-feed-widget\/"},{"@type":"ListItem","position":3,"name":"TikTok Feed &#8211; Drupal"}]},{"@type":"WebSite","@id":"https:\/\/elfsight.com\/pl\/#website","url":"https:\/\/elfsight.com\/pl\/","name":"Elfsight PL","description":"Just another Elfsight Sites site","potentialAction":[{"@type":"SearchAction","target":{"@type":"EntryPoint","urlTemplate":"https:\/\/elfsight.com\/pl\/?s={search_term_string}"},"query-input":{"@type":"PropertyValueSpecification","valueRequired":true,"valueName":"search_term_string"}}],"inLanguage":"pl-PL"}]}},"meta_box":{"industry":"","seo_heading":"","heading":"","description":"","cta_heading":"","cta_description":"","application":"3349","h1":"Modu\u0142 Drupal TikTok Feed","h1_caption":"Prezentuj popularne filmy Tiktok wed\u0142ug hashtagu lub konta, bez wysi\u0142ku dodaj\u0105c dynamiczne, anga\u017cuj\u0105ce tre\u015bci do swojej witryny internetowej do witryny Drupal.","application_category":[],"applications_title":"","applications_request_title":"","applications_request_button_text":"","hero_text":"","hero_video":"","hero_video_schema_markup":"","selling_points_title":"","selling_points_caption":"","selling_points":[],"selling_points_cta_text":"","features_title":"","features":"","ed_cta_examples_text":"","ed_cta_examples_hidden":"","ed_cta_demo_text":"","ed_cta_demo_hidden":"","why_caption":"","why_editor_title":"","why_editor_text":"","why_team_title":"","why_team_text":"","why_service_title":"","why_service_text":"","template_catalog_visible":"","template_catalog_title":"","template_catalog_text":"","template_catalog_categories_visible":"","demo_title":"Utw\u00f3rz modu\u0142 kana\u0142u TikTok","demo_caption":"Skonfiguruj sw\u00f3j kana\u0142 TikTok i dodaj go do swojej witryny Drupal za darmo!","default_faq_hidden":"","app_template_category":[],"platform":"47","template_public_id":"","codecanyon_url":"","codecanyon_item_id":"","codecanyon_price":"","pricing_caption":"","pricing_elfsight_apps_hide_column":"","pricing_elfsight_apps_url":"","pricing_codecanyon_price_caption":"","integration_category":[],"integration_request_title":"","integration_request_cta":"","integration_platform":"","integrations":[],"platform_category":[],"video_schema_markup":"","price":"od 0 USD \/ miesi\u0105c","trial":"","benefits":[{"text":"Bezp\u0142atna pomoc w instalacji"},{"text":"Skuteczna obs\u0142uga klienta"},{"text":"14-dniowa gwarancja zwrotu pieni\u0119dzy"}],"button_url":"#demo","button_target_blank":"","button_nofollow":"","attributes":[{"name":"Instaluje"},{"name":"Czu\u0142y"},{"name":"Kompatybilne przegl\u0105darki"}],"tags":[],"tags_disable_links":"","hide_more_platforms":"","video_object":"","demo_hide_cta":"","demo_hide_cloud_options":"","pricing_title":"","pricing":[{"pricing_icon":"platform","pricing_title":"Elfsight Apps","pricing_title_caption":"Wersja niezale\u017cna od platformy","pricing_price":"od 0 USD \/ miesi\u0105c","pricing_price_caption":"zacznij od bezp\u0142atnego planu","pricing_benefits":[{"text":"Nielimitowane strony internetowe"},{"text":"Ca\u0142odobowe wsparcie i dobrze udokumentowane"},{"text":"Bezp\u0142atna us\u0142uga monta\u017cu"},{"text":"100% konfigurowalny"}],"pricing_button_text":"Dodaj do witryny","pricing_button_url":"#demo"}],"related_apps_title":"","related_apps_hidden":"","author":"","image":[],"title":"","job":"","social_networks":[]},"_links":{"self":[{"href":"https:\/\/elfsight.com\/pl\/wp-json\/wp\/v2\/pages\/6928","targetHints":{"allow":["GET"]}}],"collection":[{"href":"https:\/\/elfsight.com\/pl\/wp-json\/wp\/v2\/pages"}],"about":[{"href":"https:\/\/elfsight.com\/pl\/wp-json\/wp\/v2\/types\/page"}],"author":[{"embeddable":true,"href":"https:\/\/elfsight.com\/pl\/wp-json\/wp\/v2\/users\/9"}],"replies":[{"embeddable":true,"href":"https:\/\/elfsight.com\/pl\/wp-json\/wp\/v2\/comments?post=6928"}],"version-history":[{"count":1,"href":"https:\/\/elfsight.com\/pl\/wp-json\/wp\/v2\/pages\/6928\/revisions"}],"predecessor-version":[{"id":6932,"href":"https:\/\/elfsight.com\/pl\/wp-json\/wp\/v2\/pages\/6928\/revisions\/6932"}],"up":[{"embeddable":true,"href":"https:\/\/elfsight.com\/pl\/wp-json\/wp\/v2\/pages\/3396"}],"wp:attachment":[{"href":"https:\/\/elfsight.com\/pl\/wp-json\/wp\/v2\/media?parent=6928"}],"curies":[{"name":"wp","href":"https:\/\/api.w.org\/{rel}","templated":true}]}}