{"id":6920,"date":"1970-01-01T00:00:00","date_gmt":"1970-01-01T00:00:00","guid":{"rendered":"https:\/\/elfsight.com\/pl\/?page_id=6920"},"modified":"2024-11-14T08:50:32","modified_gmt":"2024-11-14T08:50:32","slug":"jquery","status":"publish","type":"page","link":"https:\/\/elfsight.com\/pl\/tiktok-feed-widget\/jquery\/","title":{"rendered":"TikTok Feed &#8211; jQuery"},"content":{"rendered":"<div class=\"application-platform-content-item-description application-platform-content-item\" id=\"description\" data-nav-section=\"description\"> <h2>Opis<\/h2> <p>Elfsight TiKTok Feed dla jQuery to unikalna wtyczka s\u0142u\u017c\u0105ca do promowania nie tylko towar\u00f3w, ale emocji i do\u015bwiadcze\u0144. Dzi\u0119ki niemu mo\u017cesz stworzy\u0107 spersonalizowany kana\u0142 sk\u0142adaj\u0105cy si\u0119 z tre\u015bci z TikTok &#8211; i wy\u015bwietli\u0107 go bezpo\u015brednio na swojej stronie internetowej. Zbuduj galeri\u0119 wideo w 1-2-3! Przejmij pe\u0142n\u0105 kontrol\u0119 nad prezentowan\u0105 tre\u015bci\u0105 i usu\u0144 spam oraz wszelkie niechciane tre\u015bci poprzez r\u0119czn\u0105 moderacj\u0119. Ca\u0142kowicie responsywny edytor online oferuje r\u00f3\u017cne szablony do wyboru. <\/p> <p><b>Zacznij korzysta\u0107 z kana\u0142u TikTok, aby sprosta\u0107 wyzwaniom zwi\u0105zanym z handlem elektronicznym! <\/b><\/p> <\/div> <div class=\"application-platform-content-item-features application-platform-content-item\" id=\"features\" data-nav-section=\"features\"> <h2>Znajd\u017a poni\u017cej g\u0142\u00f3wne funkcje wtyczki: <\/h2> <ul><li>Zakryj sekcj\u0119 nag\u0142\u00f3wka, aby narz\u0119dzie wygl\u0105da\u0142o minimalistyczny. <\/li><li>Wyeliminuj wszelki spam i niepo\u017c\u0105dane tre\u015bci w trybie r\u0119cznego moderowania. <\/li><li>Zainstaluj przycisk Obserwuj na s\u0142upkach narz\u0119dzi. <\/li><li>Pozw\u00f3l wy\u015bwietla\u0107 swoje posty w trybie wyskakuj\u0105cym. <\/li><\/ul><p><a href=\"#demo\">Odkryj wszystkie opcje dostosowywania w pe\u0142nej wersji demonstracyjnej<\/a><\/p> <\/div> <div class=\"application-platform-content-item-installation application-platform-content-item\" id=\"installation\" data-nav-section=\"installation\"> <h2>Jak doda\u0107 kana\u0142 TikTok do mojej witryny jQuery? <\/h2> <p>Wystarczy post\u0119powa\u0107 zgodnie z poni\u017cszymi wskaz\u00f3wkami, aby wstawi\u0107 wtyczk\u0119. <\/p> <ol><li><b>Skorzystaj z naszej bezp\u0142atnej wersji demonstracyjnej i zacznij kszta\u0142towa\u0107 sw\u00f3j niestandardowy instrument. <\/b><br> Okre\u015bl wybrany uk\u0142ad i funkcjonalno\u015b\u0107 wid\u017cetu i zapisz zmiany. <\/li> <li><b>Zdob\u0105d\u017a sw\u00f3j osobisty kod pojawiaj\u0105cy si\u0119 w polu w aplikacjach Elfsight. <\/b><br> Gdy tylko wtyczka zostanie dostosowana, skopiuj ekskluzywny kod z wyskakuj\u0105cego okienka i zapisz go na dalsze potrzeby. <\/li> <li><b>Zainicjuj stosowanie wtyczki na stronie g\u0142\u00f3wnej jQuery. <\/b><br> Zintegruj skopiowany wcze\u015bniej kod ze swoj\u0105 witryn\u0105 i zapisz poprawki. <\/li> <li><b>Konfiguracja zosta\u0142a w pe\u0142ni uko\u0144czona. <\/b><br> Odwied\u017a swoj\u0105 stron\u0119, aby zobaczy\u0107 dzia\u0142anie narz\u0119dzia. <\/li><\/ol> <p>W przypadku pyta\u0144 lub napotkania jakichkolwiek trudno\u015bci nie wahaj si\u0119 zwr\u00f3ci\u0107 o pomoc do naszego personelu pomocniczego. Nasi ludzie z przyjemno\u015bci\u0105 rozwi\u0105\u017c\u0105 wszystkie problemy, jakie mo\u017cesz mie\u0107 z wtyczk\u0105. <\/p> <\/div><div class=\"faq\" data-component=\"FAQ\"><div class=\"faq-item\">\r\n\t\t\t\t\t<div class=\"faq-item-question\">\r\n\t\t\t\t\t\t<h3 class=\"faq-item-question-text\">Czy istnieje metoda osadzania kana\u0142u TikTok na mojej stronie internetowej jQuery bez umiej\u0119tno\u015bci kodowania?<\/h3>\r\n\r\n\t\t\t\t\t\t<div class=\"faq-item-question-icon\"><\/div>\r\n\t\t\t\t\t<\/div>\r\n\r\n\t\t\t\t\t<div class=\"faq-item-answer\">\r\n\t\t\t\t\t\t<div class=\"faq-item-answer-text\"><p>Firma Elfsight przedstawia rozwi\u0105zanie, kt\u00f3re umo\u017cliwia u\u017cytkownikom samodzielne wygenerowanie aplikacji TikTok Feed, przekonaj si\u0119, jakie to proste:<\/p><ul><li>Pracuj od razu w wersji demonstracyjnej na \u017cywo, aby utworzy\u0107 wtyczk\u0119 TikTok Feed, kt\u00f3r\u0105 chcesz umie\u015bci\u0107 na stronie jQuery.<\/li><li>Wybierz jeden z naszych gotowych szablon\u00f3w i dostosuj ustawienia kana\u0142u TikTok, dodaj tre\u015b\u0107, zmie\u0144 uk\u0142ad i kolor element\u00f3w bez \u017cadnego do\u015bwiadczenia w kodowaniu.<\/li><li>Zapisz kana\u0142 TikTok i skopiuj kod instalacyjny, kt\u00f3ry mo\u017cesz wklei\u0107 na swojej stronie jQuery, korzystaj\u0105c z bezp\u0142atnego planu.<\/li><\/ul><p>Korzystaj\u0105c z naszego prostego edytora, ka\u017cdy u\u017cytkownik Internetu mo\u017ce utworzy\u0107 aplikacj\u0119 TikTok Feed online i bez problemu umie\u015bci\u0107 j\u0105 na dowolnej witrynie jQuery. Aby wej\u015b\u0107 do Edytora, nie trzeba p\u0142aci\u0107 ani podawa\u0107 danych uwierzytelniaj\u0105cych karty. Je\u015bli na kt\u00f3rymkolwiek etapie napotkasz jakiekolwiek przeszkody, nie wahaj si\u0119 skontaktowa\u0107 z naszym zespo\u0142em pomocy.<\/p><\/div>\r\n\t\t\t\t\t<\/div>\r\n\t\t\t\t<\/div><\/div>","protected":false},"excerpt":{"rendered":"","protected":false},"author":9,"featured_media":0,"parent":3396,"menu_order":0,"comment_status":"closed","ping_status":"closed","template":"templates\/template-application-platform.php","meta":{"publish_to_discourse":"","publish_post_category":"","wpdc_auto_publish_overridden":"","wpdc_topic_tags":"","wpdc_pin_topic":"","wpdc_pin_until":"","discourse_post_id":"","discourse_permalink":"","wpdc_publishing_response":"","wpdc_publishing_error":"","footnotes":""},"class_list":["post-6920","page","type-page","status-publish","hentry"],"yoast_head":"<!-- This site is optimized with the Yoast SEO plugin v25.3.1 - https:\/\/yoast.com\/wordpress\/plugins\/seo\/ -->\n<title>Dodaj wtyczk\u0119 TikTok Feed do witryny jQuery (szybko i bezp\u0142atnie)<\/title>\n<meta name=\"description\" content=\"Umie\u015b\u0107 przyjazn\u0105 dla u\u017cytkownika wtyczk\u0119 jQuery TikTok Feed na swojej stronie internetowej. Skorzystaj z przydatnej wersji demonstracyjnej Elfsight i stw\u00f3rz niesamowit\u0105 wtyczk\u0119 TikTok!\" \/>\n<meta name=\"robots\" content=\"index, follow, max-snippet:-1, max-image-preview:large, max-video-preview:-1\" \/>\n<link rel=\"canonical\" href=\"https:\/\/elfsight.com\/pl\/tiktok-feed-widget\/jquery\/\" \/>\n<meta property=\"og:locale\" content=\"pl_PL\" \/>\n<meta property=\"og:type\" content=\"article\" \/>\n<meta property=\"og:title\" content=\"Dodaj wtyczk\u0119 TikTok Feed do witryny jQuery (szybko i bezp\u0142atnie)\" \/>\n<meta property=\"og:description\" content=\"Umie\u015b\u0107 przyjazn\u0105 dla u\u017cytkownika wtyczk\u0119 jQuery TikTok Feed na swojej stronie internetowej. Skorzystaj z przydatnej wersji demonstracyjnej Elfsight i stw\u00f3rz niesamowit\u0105 wtyczk\u0119 TikTok!\" \/>\n<meta property=\"og:url\" content=\"https:\/\/elfsight.com\/pl\/tiktok-feed-widget\/jquery\/\" \/>\n<meta property=\"og:site_name\" content=\"Elfsight PL\" \/>\n<meta property=\"article:modified_time\" content=\"2024-11-14T08:50:32+00:00\" \/>\n<meta name=\"twitter:card\" content=\"summary_large_image\" \/>\n<meta name=\"twitter:label1\" content=\"Szacowany czas czytania\" \/>\n\t<meta name=\"twitter:data1\" content=\"3 minuty\" \/>\n<!-- \/ Yoast SEO plugin. -->","yoast_head_json":{"title":"Dodaj wtyczk\u0119 TikTok Feed do witryny jQuery (szybko i bezp\u0142atnie)","description":"Umie\u015b\u0107 przyjazn\u0105 dla u\u017cytkownika wtyczk\u0119 jQuery TikTok Feed na swojej stronie internetowej. Skorzystaj z przydatnej wersji demonstracyjnej Elfsight i stw\u00f3rz niesamowit\u0105 wtyczk\u0119 TikTok!","robots":{"index":"index","follow":"follow","max-snippet":"max-snippet:-1","max-image-preview":"max-image-preview:large","max-video-preview":"max-video-preview:-1"},"canonical":"https:\/\/elfsight.com\/pl\/tiktok-feed-widget\/jquery\/","og_locale":"pl_PL","og_type":"article","og_title":"Dodaj wtyczk\u0119 TikTok Feed do witryny jQuery (szybko i bezp\u0142atnie)","og_description":"Umie\u015b\u0107 przyjazn\u0105 dla u\u017cytkownika wtyczk\u0119 jQuery TikTok Feed na swojej stronie internetowej. Skorzystaj z przydatnej wersji demonstracyjnej Elfsight i stw\u00f3rz niesamowit\u0105 wtyczk\u0119 TikTok!","og_url":"https:\/\/elfsight.com\/pl\/tiktok-feed-widget\/jquery\/","og_site_name":"Elfsight PL","article_modified_time":"2024-11-14T08:50:32+00:00","twitter_card":"summary_large_image","twitter_misc":{"Szacowany czas czytania":"3 minuty"},"schema":{"@context":"https:\/\/schema.org","@graph":[{"@type":"WebPage","@id":"https:\/\/elfsight.com\/pl\/tiktok-feed-widget\/jquery\/","url":"https:\/\/elfsight.com\/pl\/tiktok-feed-widget\/jquery\/","name":"Dodaj wtyczk\u0119 TikTok Feed do witryny jQuery (szybko i bezp\u0142atnie)","isPartOf":{"@id":"https:\/\/elfsight.com\/pl\/#website"},"datePublished":"1970-01-01T00:00:00+00:00","dateModified":"2024-11-14T08:50:32+00:00","description":"Umie\u015b\u0107 przyjazn\u0105 dla u\u017cytkownika wtyczk\u0119 jQuery TikTok Feed na swojej stronie internetowej. Skorzystaj z przydatnej wersji demonstracyjnej Elfsight i stw\u00f3rz niesamowit\u0105 wtyczk\u0119 TikTok!","breadcrumb":{"@id":"https:\/\/elfsight.com\/pl\/tiktok-feed-widget\/jquery\/#breadcrumb"},"inLanguage":"pl-PL","potentialAction":[{"@type":"ReadAction","target":["https:\/\/elfsight.com\/pl\/tiktok-feed-widget\/jquery\/"]}]},{"@type":"BreadcrumbList","@id":"https:\/\/elfsight.com\/pl\/tiktok-feed-widget\/jquery\/#breadcrumb","itemListElement":[{"@type":"ListItem","position":1,"name":"Home","item":"https:\/\/elfsight.com\/pl\/"},{"@type":"ListItem","position":2,"name":"TikTok Feed","item":"https:\/\/elfsight.com\/pl\/tiktok-feed-widget\/"},{"@type":"ListItem","position":3,"name":"TikTok Feed &#8211; jQuery"}]},{"@type":"WebSite","@id":"https:\/\/elfsight.com\/pl\/#website","url":"https:\/\/elfsight.com\/pl\/","name":"Elfsight PL","description":"Just another Elfsight Sites site","potentialAction":[{"@type":"SearchAction","target":{"@type":"EntryPoint","urlTemplate":"https:\/\/elfsight.com\/pl\/?s={search_term_string}"},"query-input":{"@type":"PropertyValueSpecification","valueRequired":true,"valueName":"search_term_string"}}],"inLanguage":"pl-PL"}]}},"meta_box":{"industry":"","seo_heading":"","heading":"","description":"","cta_heading":"","cta_description":"","application":"3349","h1":"Wtyczka jQuery TikTok Feed","h1_caption":"Prezentuj popularne filmy Tiktok wed\u0142ug hashtagu lub konta, bez wysi\u0142ku dodaj\u0105c dynamiczn\u0105, anga\u017cuj\u0105c\u0105 tre\u015b\u0107 do swojej witryny internetowej do witryny jQuery.","application_category":[],"applications_title":"","applications_request_title":"","applications_request_button_text":"","hero_text":"","hero_video":"","hero_video_schema_markup":"","selling_points_title":"","selling_points_caption":"","selling_points":[],"selling_points_cta_text":"","features_title":"","features":"","ed_cta_examples_text":"","ed_cta_examples_hidden":"","ed_cta_demo_text":"","ed_cta_demo_hidden":"","why_caption":"","why_editor_title":"","why_editor_text":"","why_team_title":"","why_team_text":"","why_service_title":"","why_service_text":"","template_catalog_visible":"","template_catalog_title":"","template_catalog_text":"","template_catalog_categories_visible":"","demo_title":"Utw\u00f3rz wtyczk\u0119 TikTok Feed","demo_caption":"Skonfiguruj sw\u00f3j kana\u0142 TikTok i dodaj go do swojej witryny jQuery za darmo!","default_faq_hidden":"","app_template_category":[],"platform":"56","template_public_id":"","codecanyon_url":"","codecanyon_item_id":"","codecanyon_price":"","pricing_caption":"","pricing_elfsight_apps_hide_column":"","pricing_elfsight_apps_url":"","pricing_codecanyon_price_caption":"","integration_category":[],"integration_request_title":"","integration_request_cta":"","integration_platform":"","integrations":[],"platform_category":[],"video_schema_markup":"","price":"od 0 USD \/ miesi\u0105c","trial":"","benefits":[{"text":"Bezp\u0142atna pomoc w monta\u017cu"},{"text":"Wsparcie premium"},{"text":"14-dniowa gwarancja zwrotu pieni\u0119dzy"}],"button_url":"#demo","button_target_blank":"","button_nofollow":"","attributes":[{"name":"Instaluje"},{"name":"Czu\u0142y"},{"name":"Kompatybilne przegl\u0105darki"}],"tags":[],"tags_disable_links":"","hide_more_platforms":"","video_object":"","demo_hide_cta":"","demo_hide_cloud_options":"","pricing_title":"","pricing":[{"pricing_icon":"platform","pricing_title":"Elfsight Apps","pricing_title_caption":"Wersja niezale\u017cna od platformy, kt\u00f3ra pasuje do ka\u017cdej witryny","pricing_price":"od 0 USD \/ miesi\u0105c","pricing_price_caption":"zacznij od bezp\u0142atnego planu","pricing_benefits":[{"text":"Nielimitowane domeny"},{"text":"Najwy\u017csza obs\u0142uga klienta"},{"text":"Bezp\u0142atna pomoc w monta\u017cu"},{"text":"100% konfigurowalny"}],"pricing_button_text":"Dodaj do witryny","pricing_button_url":"#demo"}],"related_apps_title":"","related_apps_hidden":"","author":"","image":[],"title":"","job":"","social_networks":[]},"_links":{"self":[{"href":"https:\/\/elfsight.com\/pl\/wp-json\/wp\/v2\/pages\/6920","targetHints":{"allow":["GET"]}}],"collection":[{"href":"https:\/\/elfsight.com\/pl\/wp-json\/wp\/v2\/pages"}],"about":[{"href":"https:\/\/elfsight.com\/pl\/wp-json\/wp\/v2\/types\/page"}],"author":[{"embeddable":true,"href":"https:\/\/elfsight.com\/pl\/wp-json\/wp\/v2\/users\/9"}],"replies":[{"embeddable":true,"href":"https:\/\/elfsight.com\/pl\/wp-json\/wp\/v2\/comments?post=6920"}],"version-history":[{"count":1,"href":"https:\/\/elfsight.com\/pl\/wp-json\/wp\/v2\/pages\/6920\/revisions"}],"predecessor-version":[{"id":6924,"href":"https:\/\/elfsight.com\/pl\/wp-json\/wp\/v2\/pages\/6920\/revisions\/6924"}],"up":[{"embeddable":true,"href":"https:\/\/elfsight.com\/pl\/wp-json\/wp\/v2\/pages\/3396"}],"wp:attachment":[{"href":"https:\/\/elfsight.com\/pl\/wp-json\/wp\/v2\/media?parent=6920"}],"curies":[{"name":"wp","href":"https:\/\/api.w.org\/{rel}","templated":true}]}}