{"id":6917,"date":"1970-01-01T00:00:00","date_gmt":"1970-01-01T00:00:00","guid":{"rendered":"https:\/\/elfsight.com\/pl\/?page_id=6917"},"modified":"2024-11-14T08:50:32","modified_gmt":"2024-11-14T08:50:32","slug":"magento","status":"publish","type":"page","link":"https:\/\/elfsight.com\/pl\/tiktok-feed-widget\/magento\/","title":{"rendered":"TikTok Feed &#8211; Magento"},"content":{"rendered":"<div class=\"application-platform-content-item-description application-platform-content-item\" id=\"description\" data-nav-section=\"description\"> <h2>Opis<\/h2> <p>Elfsight TiKTok Feed dla Magento to specjalne rozszerzenie s\u0142u\u017c\u0105ce do marketingu nie tylko towar\u00f3w, ale emocji i do\u015bwiadcze\u0144. Dzi\u0119ki niemu mo\u017cesz stworzy\u0107 w\u0142asny kana\u0142 sk\u0142adaj\u0105cy si\u0119 z tre\u015bci z TikToka i zaprezentowa\u0107 go bezpo\u015brednio na swojej stronie internetowej. Zbuduj galeri\u0119 wideo w 1-2-3! Ciesz si\u0119 ca\u0142kowit\u0105 kontrol\u0105 nad prezentowan\u0105 tre\u015bci\u0105 i pozbywaj si\u0119 spamu oraz wszelkich niepo\u017c\u0105danych tre\u015bci poprzez r\u0119czn\u0105 moderacj\u0119. W pe\u0142ni responsywny edytor online oferuje r\u00f3\u017cne szablony do wyboru. <\/p> <p><b>Umie\u015b\u0107 kana\u0142 TikTok, aby szybciej osi\u0105gn\u0105\u0107 swoje cele biznesowe! <\/b><\/p> <\/div> <div class=\"application-platform-content-item-features application-platform-content-item\" id=\"features\" data-nav-section=\"features\"> <h2>Podstawowe funkcje wid\u017cetu obejmuj\u0105<\/h2> <ul><li>Ukryj nag\u0142\u00f3wek, aby narz\u0119dzie wygl\u0105da\u0142o minimalistycznie. <\/li><li>Pozb\u0105d\u017a si\u0119 spamu i niepo\u017c\u0105danych tre\u015bci, korzystaj\u0105c z r\u0119cznego trybu moderacji. <\/li><li>Umie\u015b\u0107 przycisk Obserwuj na kanale narz\u0119dzia. <\/li><li>Spraw, aby Twoje posty pojawia\u0142y si\u0119 w wyskakuj\u0105cym okienku. <\/li><\/ul><p><a href=\"#demo\">Sprawd\u017a wszystkie ustawienia w pe\u0142ni funkcjonalnej wersji demonstracyjnej<\/a><\/p> <\/div> <div class=\"application-platform-content-item-installation application-platform-content-item\" id=\"installation\" data-nav-section=\"installation\"> <h2>Jak mog\u0119 osadzi\u0107 TikTok Feed na mojej stronie Magento? <\/h2> <p>Wystarczy post\u0119powa\u0107 zgodnie z poni\u017cszymi wskaz\u00f3wkami, aby zintegrowa\u0107 rozszerzenie. <\/p> <ol><li><b>Uruchom nasz darmowy edytor i zacznij tworzy\u0107 w\u0142asne rozszerzenie. <\/b><br> Okre\u015bl po\u017c\u0105dan\u0105 form\u0119 i aspekty narz\u0119dzia oraz zapisz poprawki. <\/li> <li><b>Odbierz unikalny kod, kt\u00f3ry jest wy\u015bwietlany w specjalnym formularzu w aplikacjach Elfsight. <\/b><br> Po zako\u0144czeniu konfiguracji rozszerzenia skopiuj ekskluzywny kod w wy\u015bwietlonym oknie i zachowaj go na przysz\u0142o\u015b\u0107. <\/li> <li><b>Rozpocznij korzystanie z rozszerzenia na stronie Magento. <\/b><br> Dodaj kod, kt\u00f3ry wcze\u015bniej zapisa\u0142e\u015b na swojej stronie i zapisz ulepszenia. <\/li> <li><b>Gotowe! Integracja zosta\u0142a ca\u0142kowicie zako\u0144czona. <\/b><br> Przejd\u017a do swojej witryny, aby sprawdzi\u0107 dzia\u0142anie rozszerzenia. <\/li><\/ol> <p>Je\u015bli napotkasz jakiekolwiek problemy, nie wahaj si\u0119 skontaktowa\u0107 z naszym zespo\u0142em wsparcia. Nasi ludzie z przyjemno\u015bci\u0105 rozwi\u0105\u017c\u0105 wszystkie problemy, jakie mo\u017cesz mie\u0107 z wtyczk\u0105. <\/p> <\/div><div class=\"faq\" data-component=\"FAQ\"><div class=\"faq-item\">\r\n\t\t\t\t\t<div class=\"faq-item-question\">\r\n\t\t\t\t\t\t<h3 class=\"faq-item-question-text\">W jaki spos\u00f3b mog\u0119 osadzi\u0107 TikTok Feed na moim Magento bez kodowania?<\/h3>\r\n\r\n\t\t\t\t\t\t<div class=\"faq-item-question-icon\"><\/div>\r\n\t\t\t\t\t<\/div>\r\n\r\n\t\t\t\t\t<div class=\"faq-item-answer\">\r\n\t\t\t\t\t\t<div class=\"faq-item-answer-text\"><p>Firma Elfsight wprowadza rozwi\u0105zania, kt\u00f3re pozwala u\u017cytkownikowi samodzielnie utworzy\u0107 wid\u017cet TikTok Feed, dowiedz si\u0119, jak prosty jest ten proces:<\/p><ul><li>Pracuj bezpo\u015brednio w wersji demonstracyjnej na \u017cywo, aby wygenerowa\u0107 wtyczk\u0119 TikTok Feed, kt\u00f3r\u0105 chcesz zobaczy\u0107 na stronie Magento.<\/li><li>Wybierz jeden z wst\u0119pnie zaprojektowanych szablon\u00f3w i dostosuj ustawienia kana\u0142u TikTok, zmie\u0144 uk\u0142ad i schemat kolor\u00f3w, dodaj tre\u015bci bez kodowania.<\/li><li>Zapisz kana\u0142 TikTok i uzyskaj instalacj\u0119 kod, kt\u00f3ry mo\u017cesz \u0142atwo i bezp\u0142atnie umie\u015bci\u0107 na swojej stronie Magento.<\/li><\/ul><p>Dzi\u0119ki \u0142atwemu w u\u017cyciu edytorowi ka\u017cdy internauta mo\u017ce zbudowa\u0107 sekcj\u0119 TikTok Feed online i \u0142atwo osadzi\u0107 j\u0105 w dowolnym Magento Strona internetowa. Aby skorzysta\u0107 z us\u0142ugi, nie musisz wykupi\u0107 p\u0142atnego abonamentu ani podawa\u0107 danych karty. Je\u015bli napotkasz jakiekolwiek problemy, skontaktuj si\u0119 z naszym zespo\u0142em pomocy technicznej.<\/p><\/div>\r\n\t\t\t\t\t<\/div>\r\n\t\t\t\t<\/div><\/div>","protected":false},"excerpt":{"rendered":"","protected":false},"author":9,"featured_media":0,"parent":3396,"menu_order":0,"comment_status":"closed","ping_status":"closed","template":"templates\/template-application-platform.php","meta":{"publish_to_discourse":"","publish_post_category":"","wpdc_auto_publish_overridden":"","wpdc_topic_tags":"","wpdc_pin_topic":"","wpdc_pin_until":"","discourse_post_id":"","discourse_permalink":"","wpdc_publishing_response":"","wpdc_publishing_error":"","footnotes":""},"class_list":["post-6917","page","type-page","status-publish","hentry"],"yoast_head":"<!-- This site is optimized with the Yoast SEO plugin v25.3.1 - https:\/\/yoast.com\/wordpress\/plugins\/seo\/ -->\n<title>Dodaj rozszerzenie TikTok Feed do strony Magento (szybko i bezp\u0142atnie)<\/title>\n<meta name=\"description\" content=\"Umie\u015b\u0107 przyjazne dla u\u017cytkownika rozszerzenie Magento TikTok Feed na swojej stronie internetowej. Wypr\u00f3buj por\u0119czn\u0105 wersj\u0119 demonstracyjn\u0105 Elfsight i stw\u00f3rz swoje unikalne rozszerzenie TikTok.\" \/>\n<meta name=\"robots\" content=\"index, follow, max-snippet:-1, max-image-preview:large, max-video-preview:-1\" \/>\n<link rel=\"canonical\" href=\"https:\/\/elfsight.com\/pl\/tiktok-feed-widget\/magento\/\" \/>\n<meta property=\"og:locale\" content=\"pl_PL\" \/>\n<meta property=\"og:type\" content=\"article\" \/>\n<meta property=\"og:title\" content=\"Dodaj rozszerzenie TikTok Feed do strony Magento (szybko i bezp\u0142atnie)\" \/>\n<meta property=\"og:description\" content=\"Umie\u015b\u0107 przyjazne dla u\u017cytkownika rozszerzenie Magento TikTok Feed na swojej stronie internetowej. Wypr\u00f3buj por\u0119czn\u0105 wersj\u0119 demonstracyjn\u0105 Elfsight i stw\u00f3rz swoje unikalne rozszerzenie TikTok.\" \/>\n<meta property=\"og:url\" content=\"https:\/\/elfsight.com\/pl\/tiktok-feed-widget\/magento\/\" \/>\n<meta property=\"og:site_name\" content=\"Elfsight PL\" \/>\n<meta property=\"article:modified_time\" content=\"2024-11-14T08:50:32+00:00\" \/>\n<meta name=\"twitter:card\" content=\"summary_large_image\" \/>\n<meta name=\"twitter:label1\" content=\"Szacowany czas czytania\" \/>\n\t<meta name=\"twitter:data1\" content=\"2 minuty\" \/>\n<!-- \/ Yoast SEO plugin. -->","yoast_head_json":{"title":"Dodaj rozszerzenie TikTok Feed do strony Magento (szybko i bezp\u0142atnie)","description":"Umie\u015b\u0107 przyjazne dla u\u017cytkownika rozszerzenie Magento TikTok Feed na swojej stronie internetowej. Wypr\u00f3buj por\u0119czn\u0105 wersj\u0119 demonstracyjn\u0105 Elfsight i stw\u00f3rz swoje unikalne rozszerzenie TikTok.","robots":{"index":"index","follow":"follow","max-snippet":"max-snippet:-1","max-image-preview":"max-image-preview:large","max-video-preview":"max-video-preview:-1"},"canonical":"https:\/\/elfsight.com\/pl\/tiktok-feed-widget\/magento\/","og_locale":"pl_PL","og_type":"article","og_title":"Dodaj rozszerzenie TikTok Feed do strony Magento (szybko i bezp\u0142atnie)","og_description":"Umie\u015b\u0107 przyjazne dla u\u017cytkownika rozszerzenie Magento TikTok Feed na swojej stronie internetowej. Wypr\u00f3buj por\u0119czn\u0105 wersj\u0119 demonstracyjn\u0105 Elfsight i stw\u00f3rz swoje unikalne rozszerzenie TikTok.","og_url":"https:\/\/elfsight.com\/pl\/tiktok-feed-widget\/magento\/","og_site_name":"Elfsight PL","article_modified_time":"2024-11-14T08:50:32+00:00","twitter_card":"summary_large_image","twitter_misc":{"Szacowany czas czytania":"2 minuty"},"schema":{"@context":"https:\/\/schema.org","@graph":[{"@type":"WebPage","@id":"https:\/\/elfsight.com\/pl\/tiktok-feed-widget\/magento\/","url":"https:\/\/elfsight.com\/pl\/tiktok-feed-widget\/magento\/","name":"Dodaj rozszerzenie TikTok Feed do strony Magento (szybko i bezp\u0142atnie)","isPartOf":{"@id":"https:\/\/elfsight.com\/pl\/#website"},"datePublished":"1970-01-01T00:00:00+00:00","dateModified":"2024-11-14T08:50:32+00:00","description":"Umie\u015b\u0107 przyjazne dla u\u017cytkownika rozszerzenie Magento TikTok Feed na swojej stronie internetowej. Wypr\u00f3buj por\u0119czn\u0105 wersj\u0119 demonstracyjn\u0105 Elfsight i stw\u00f3rz swoje unikalne rozszerzenie TikTok.","breadcrumb":{"@id":"https:\/\/elfsight.com\/pl\/tiktok-feed-widget\/magento\/#breadcrumb"},"inLanguage":"pl-PL","potentialAction":[{"@type":"ReadAction","target":["https:\/\/elfsight.com\/pl\/tiktok-feed-widget\/magento\/"]}]},{"@type":"BreadcrumbList","@id":"https:\/\/elfsight.com\/pl\/tiktok-feed-widget\/magento\/#breadcrumb","itemListElement":[{"@type":"ListItem","position":1,"name":"Home","item":"https:\/\/elfsight.com\/pl\/"},{"@type":"ListItem","position":2,"name":"TikTok Feed","item":"https:\/\/elfsight.com\/pl\/tiktok-feed-widget\/"},{"@type":"ListItem","position":3,"name":"TikTok Feed &#8211; Magento"}]},{"@type":"WebSite","@id":"https:\/\/elfsight.com\/pl\/#website","url":"https:\/\/elfsight.com\/pl\/","name":"Elfsight PL","description":"Just another Elfsight Sites site","potentialAction":[{"@type":"SearchAction","target":{"@type":"EntryPoint","urlTemplate":"https:\/\/elfsight.com\/pl\/?s={search_term_string}"},"query-input":{"@type":"PropertyValueSpecification","valueRequired":true,"valueName":"search_term_string"}}],"inLanguage":"pl-PL"}]}},"meta_box":{"industry":"","seo_heading":"","heading":"","description":"","cta_heading":"","cta_description":"","application":"3349","h1":"Rozszerzenie Magento TikTok Feed","h1_caption":"Prezentuj popularne filmy tiktok wed\u0142ug hashtagu lub konta, bez wysi\u0142ku dodaj\u0105c dynamiczne, anga\u017cuj\u0105ce tre\u015bci do swojej witryny internetowej do swojej witryny Magento.","application_category":[],"applications_title":"","applications_request_title":"","applications_request_button_text":"","hero_text":"","hero_video":"","hero_video_schema_markup":"","selling_points_title":"","selling_points_caption":"","selling_points":[],"selling_points_cta_text":"","features_title":"","features":"","ed_cta_examples_text":"","ed_cta_examples_hidden":"","ed_cta_demo_text":"","ed_cta_demo_hidden":"","why_caption":"","why_editor_title":"","why_editor_text":"","why_team_title":"","why_team_text":"","why_service_title":"","why_service_text":"","template_catalog_visible":"","template_catalog_title":"","template_catalog_text":"","template_catalog_categories_visible":"","demo_title":"Utw\u00f3rz rozszerzenie TikTok Feed","demo_caption":"Skonfiguruj sw\u00f3j kana\u0142 TikTok i dodaj go do swojej witryny Magento za darmo!","default_faq_hidden":"","app_template_category":[],"platform":"92","template_public_id":"","codecanyon_url":"","codecanyon_item_id":"","codecanyon_price":"","pricing_caption":"","pricing_elfsight_apps_hide_column":"","pricing_elfsight_apps_url":"","pricing_codecanyon_price_caption":"","integration_category":[],"integration_request_title":"","integration_request_cta":"","integration_platform":"","integrations":[],"platform_category":[],"video_schema_markup":"","price":"od 0 USD \/ miesi\u0105c","trial":"","benefits":[{"text":"Bezp\u0142atna pomoc w monta\u017cu"},{"text":"Wyj\u0105tkowe wsparcie"},{"text":"14-dniowa gwarancja zwrotu pieni\u0119dzy"}],"button_url":"#demo","button_target_blank":"","button_nofollow":"","attributes":[{"name":"Instaluje"},{"name":"Czu\u0142y"},{"name":"Kompatybilne przegl\u0105darki"}],"tags":[],"tags_disable_links":"","hide_more_platforms":"","video_object":"","demo_hide_cta":"","demo_hide_cloud_options":"","pricing_title":"","pricing":[{"pricing_icon":"platform","pricing_title":"Elfsight Apps","pricing_title_caption":"Wersja wieloplatformowa, kt\u00f3ra dzia\u0142a na ka\u017cdej stronie internetowej","pricing_price":"od 0 USD \/ miesi\u0105c","pricing_price_caption":"zacznij od bezp\u0142atnego planu","pricing_benefits":[{"text":"Nielimitowane strony internetowe"},{"text":"Dedykowana obs\u0142uga klienta i dobrze udokumentowana"},{"text":"Bezp\u0142atna pomoc w monta\u017cu"},{"text":"Elastyczny projekt"}],"pricing_button_text":"Dodaj do witryny","pricing_button_url":"#demo"}],"related_apps_title":"","related_apps_hidden":"","author":"","image":[],"title":"","job":"","social_networks":[]},"_links":{"self":[{"href":"https:\/\/elfsight.com\/pl\/wp-json\/wp\/v2\/pages\/6917","targetHints":{"allow":["GET"]}}],"collection":[{"href":"https:\/\/elfsight.com\/pl\/wp-json\/wp\/v2\/pages"}],"about":[{"href":"https:\/\/elfsight.com\/pl\/wp-json\/wp\/v2\/types\/page"}],"author":[{"embeddable":true,"href":"https:\/\/elfsight.com\/pl\/wp-json\/wp\/v2\/users\/9"}],"replies":[{"embeddable":true,"href":"https:\/\/elfsight.com\/pl\/wp-json\/wp\/v2\/comments?post=6917"}],"version-history":[{"count":1,"href":"https:\/\/elfsight.com\/pl\/wp-json\/wp\/v2\/pages\/6917\/revisions"}],"predecessor-version":[{"id":6921,"href":"https:\/\/elfsight.com\/pl\/wp-json\/wp\/v2\/pages\/6917\/revisions\/6921"}],"up":[{"embeddable":true,"href":"https:\/\/elfsight.com\/pl\/wp-json\/wp\/v2\/pages\/3396"}],"wp:attachment":[{"href":"https:\/\/elfsight.com\/pl\/wp-json\/wp\/v2\/media?parent=6917"}],"curies":[{"name":"wp","href":"https:\/\/api.w.org\/{rel}","templated":true}]}}