{"id":6912,"date":"1970-01-01T00:00:00","date_gmt":"1970-01-01T00:00:00","guid":{"rendered":"https:\/\/elfsight.com\/pl\/?page_id=6912"},"modified":"2024-11-14T08:50:23","modified_gmt":"2024-11-14T08:50:23","slug":"html","status":"publish","type":"page","link":"https:\/\/elfsight.com\/pl\/tiktok-feed-widget\/html\/","title":{"rendered":"TikTok Feed &#8211; HTML"},"content":{"rendered":"<div class=\"application-platform-content-item-description application-platform-content-item\" id=\"description\" data-nav-section=\"description\"> <h2>Opis<\/h2> <p>Elfsight TiKTok Feed dla HTML to ekskluzywny widget s\u0142u\u017c\u0105cy do promowania nie tylko rzeczy, ale tak\u017ce emocji i do\u015bwiadcze\u0144. Dzi\u0119ki niemu mo\u017cesz kszta\u0142towa\u0107 zindywidualizowany kana\u0142 sk\u0142adaj\u0105cy si\u0119 z tre\u015bci z TikToka &#8211; i prezentowa\u0107 go bezpo\u015brednio na swojej stronie internetowej. Zaprojektuj galeri\u0119 wideo za pomoc\u0105 kilku klikni\u0119\u0107! Przejmij pe\u0142n\u0105 kontrol\u0119 nad prezentowan\u0105 tre\u015bci\u0105 i usu\u0144 spam oraz wszelkie niepo\u017c\u0105dane tre\u015bci poprzez r\u0119czn\u0105 moderacj\u0119. Ca\u0142kowicie responsywny konfigurator online oferuje r\u00f3\u017cne szablony do wyboru. <\/p> <p><b>Dzi\u0119ki TikTok Feed mo\u017cesz zapewni\u0107 silny rozw\u00f3j biznesu i zwi\u0119kszy\u0107 sprzeda\u017c <\/b><\/p> <\/div> <div class=\"application-platform-content-item-features application-platform-content-item\" id=\"features\" data-nav-section=\"features\"> <h2>Najpopularniejsze funkcje widget\u00f3w <\/h2> <ul><li>Zakryj sekcj\u0119 g\u0142owicy, aby Twoje narz\u0119dzie wygl\u0105da\u0142o minimalistycznie. <\/li><li>Wyeliminuj spam i niepo\u017c\u0105dane tre\u015bci, korzystaj\u0105c z r\u0119cznej moderacji. <\/li><li>Zainstaluj przycisk Obserwuj na kartach wid\u017cet\u00f3w. <\/li><li>Pozw\u00f3l, aby Twoje posty pojawia\u0142y si\u0119 w wyskakuj\u0105cych okienkach. <\/li><\/ul><p><a href=\"#demo\">Mo\u017cesz poczu\u0107, czy wid\u017cet oferuje wypr\u00f3bowanie wersji demonstracyjnej<\/a><\/p> <\/div> <div class=\"application-platform-content-item-installation application-platform-content-item\" id=\"installation\" data-nav-section=\"installation\"> <h2>Jak doda\u0107 kana\u0142 TikTok do mojej witryny HTML? <\/h2> <p>Wystarczy zastosowa\u0107 si\u0119 do poni\u017cszych instrukcji, aby wstawi\u0107 wid\u017cet. <\/p> <ol><li><b>Skorzystaj z naszej bezp\u0142atnej wersji demonstracyjnej i zacznij tworzy\u0107 sw\u00f3j spersonalizowany widget. <\/b><br> Okre\u015bl preferowany uk\u0142ad i parametry wid\u017cetu i zapisz zmiany. <\/li> <li><b>Skopiuj unikalny kod wy\u015bwietlony w oknie aplikacji Elfsight. <\/b><br> Po zako\u0144czeniu tworzenia osobistego wid\u017cetu skopiuj ekskluzywny kod z wy\u015bwietlonego wyskakuj\u0105cego okienka i zapisz go na przysz\u0142o\u015b\u0107. <\/li> <li><b>Rozpocznij korzystanie z wid\u017cetu w swojej witrynie HTML. <\/b><br> Umie\u015b\u0107 ostatnio zapisany kod na swojej stronie internetowej i zapisz zmiany. <\/li> <li><b>Instalacja zosta\u0142a w pe\u0142ni uko\u0144czona. <\/b><br> Odwied\u017a swoj\u0105 witryn\u0119, aby zobaczy\u0107, jak dzia\u0142a widget. <\/li><\/ol> <p>W przypadku napotkania jakichkolwiek komplikacji nie wahaj si\u0119 i zwr\u00f3\u0107 si\u0119 do naszego dzia\u0142u obs\u0142ugi klienta. Nasi ludzie z przyjemno\u015bci\u0105 rozwi\u0105\u017c\u0105 wszystkie problemy, jakie mo\u017cesz mie\u0107 z tym narz\u0119dziem. <\/p> <\/div><div class=\"faq\" data-component=\"FAQ\"><div class=\"faq-item\">\r\n\t\t\t\t\t<div class=\"faq-item-question\">\r\n\t\t\t\t\t\t<h3 class=\"faq-item-question-text\">W jaki spos\u00f3b mog\u0119 doda\u0107 kana\u0142 TikTok do mojej strony g\u0142\u00f3wnej HTML bez umiej\u0119tno\u015bci kodowania?<\/h3>\r\n\r\n\t\t\t\t\t\t<div class=\"faq-item-question-icon\"><\/div>\r\n\t\t\t\t\t<\/div>\r\n\r\n\t\t\t\t\t<div class=\"faq-item-answer\">\r\n\t\t\t\t\t\t<div class=\"faq-item-answer-text\"><p>Firma Elfsight wprowadza rozwi\u0105zanie w chmurze, kt\u00f3re pozwala u\u017cytkownikom samodzielnie zbudowa\u0107 wtyczk\u0119 TikTok Feed. Odkryj, jakie to proste:<\/p><ul><li>Rozpocznij prac\u0119 od razu w wersji demonstracyjnej na \u017cywo, aby zbudowa\u0107 wid\u017cet TikTok Feed, kt\u00f3ry ma by\u0107 wy\u015bwietlany w formacie HTML witryny.<\/li><li>Wybierz jeden z gotowych szablon\u00f3w i dostosuj ustawienia TikTok Feed, zmie\u0144 uk\u0142ad i kolor element\u00f3w, do\u0142\u0105cz swoj\u0105 tre\u015b\u0107 bez umiej\u0119tno\u015bci kodowania.<\/li><li>Kliknij, aby zapisz ustawienia wprowadzone w TikTok Feed i skopiuj kod instalacyjny wtyczki, kt\u00f3ry mo\u017cesz \u0142atwo umie\u015bci\u0107 na swojej stronie HTML bez konieczno\u015bci kupowania p\u0142atnej wersji.<\/li><\/ul><p>Dzi\u0119ki intuicyjnemu konfiguratorowi ka\u017cdy u\u017cytkownik Internetu mo\u017ce utworzy\u0107 kana\u0142 TikTok i \u0142atwo umie\u015bci\u0107 go na stronie internetowej HTML. Aby wej\u015b\u0107 do naszego serwisu, nie nale\u017cy p\u0142aci\u0107 ani wprowadza\u0107 danych uwierzytelniaj\u0105cych karty. Je\u015bli napotkasz jakiekolwiek problemy, skontaktuj si\u0119 z naszym zespo\u0142em pomocy technicznej.<\/p><\/div>\r\n\t\t\t\t\t<\/div>\r\n\t\t\t\t<\/div><\/div>","protected":false},"excerpt":{"rendered":"","protected":false},"author":9,"featured_media":0,"parent":3396,"menu_order":0,"comment_status":"closed","ping_status":"closed","template":"templates\/template-application-platform.php","meta":{"publish_to_discourse":"","publish_post_category":"","wpdc_auto_publish_overridden":"","wpdc_topic_tags":"","wpdc_pin_topic":"","wpdc_pin_until":"","discourse_post_id":"","discourse_permalink":"","wpdc_publishing_response":"","wpdc_publishing_error":"","footnotes":""},"class_list":["post-6912","page","type-page","status-publish","hentry"],"yoast_head":"<!-- This site is optimized with the Yoast SEO plugin v25.3.1 - https:\/\/yoast.com\/wordpress\/plugins\/seo\/ -->\n<title>Dodaj wid\u017cet TikTok Feed do strony HTML (szybko i bezp\u0142atnie)<\/title>\n<meta name=\"description\" content=\"Dodaj przyjazny dla urz\u0105dze\u0144 mobilnych wid\u017cet HTML TikTok Feed na swojej stronie internetowej. Skorzystaj z por\u0119cznej wersji demonstracyjnej Elfsight i zmodyfikuj sw\u00f3j unikalny widget TikTok w ci\u0105gu kilku minut\" \/>\n<meta name=\"robots\" content=\"index, follow, max-snippet:-1, max-image-preview:large, max-video-preview:-1\" \/>\n<link rel=\"canonical\" href=\"https:\/\/elfsight.com\/pl\/tiktok-feed-widget\/html\/\" \/>\n<meta property=\"og:locale\" content=\"pl_PL\" \/>\n<meta property=\"og:type\" content=\"article\" \/>\n<meta property=\"og:title\" content=\"Dodaj wid\u017cet TikTok Feed do strony HTML (szybko i bezp\u0142atnie)\" \/>\n<meta property=\"og:description\" content=\"Dodaj przyjazny dla urz\u0105dze\u0144 mobilnych wid\u017cet HTML TikTok Feed na swojej stronie internetowej. Skorzystaj z por\u0119cznej wersji demonstracyjnej Elfsight i zmodyfikuj sw\u00f3j unikalny widget TikTok w ci\u0105gu kilku minut\" \/>\n<meta property=\"og:url\" content=\"https:\/\/elfsight.com\/pl\/tiktok-feed-widget\/html\/\" \/>\n<meta property=\"og:site_name\" content=\"Elfsight PL\" \/>\n<meta property=\"article:modified_time\" content=\"2024-11-14T08:50:23+00:00\" \/>\n<meta name=\"twitter:card\" content=\"summary_large_image\" \/>\n<meta name=\"twitter:label1\" content=\"Szacowany czas czytania\" \/>\n\t<meta name=\"twitter:data1\" content=\"3 minuty\" \/>\n<!-- \/ Yoast SEO plugin. -->","yoast_head_json":{"title":"Dodaj wid\u017cet TikTok Feed do strony HTML (szybko i bezp\u0142atnie)","description":"Dodaj przyjazny dla urz\u0105dze\u0144 mobilnych wid\u017cet HTML TikTok Feed na swojej stronie internetowej. Skorzystaj z por\u0119cznej wersji demonstracyjnej Elfsight i zmodyfikuj sw\u00f3j unikalny widget TikTok w ci\u0105gu kilku minut","robots":{"index":"index","follow":"follow","max-snippet":"max-snippet:-1","max-image-preview":"max-image-preview:large","max-video-preview":"max-video-preview:-1"},"canonical":"https:\/\/elfsight.com\/pl\/tiktok-feed-widget\/html\/","og_locale":"pl_PL","og_type":"article","og_title":"Dodaj wid\u017cet TikTok Feed do strony HTML (szybko i bezp\u0142atnie)","og_description":"Dodaj przyjazny dla urz\u0105dze\u0144 mobilnych wid\u017cet HTML TikTok Feed na swojej stronie internetowej. Skorzystaj z por\u0119cznej wersji demonstracyjnej Elfsight i zmodyfikuj sw\u00f3j unikalny widget TikTok w ci\u0105gu kilku minut","og_url":"https:\/\/elfsight.com\/pl\/tiktok-feed-widget\/html\/","og_site_name":"Elfsight PL","article_modified_time":"2024-11-14T08:50:23+00:00","twitter_card":"summary_large_image","twitter_misc":{"Szacowany czas czytania":"3 minuty"},"schema":{"@context":"https:\/\/schema.org","@graph":[{"@type":"WebPage","@id":"https:\/\/elfsight.com\/pl\/tiktok-feed-widget\/html\/","url":"https:\/\/elfsight.com\/pl\/tiktok-feed-widget\/html\/","name":"Dodaj wid\u017cet TikTok Feed do strony HTML (szybko i bezp\u0142atnie)","isPartOf":{"@id":"https:\/\/elfsight.com\/pl\/#website"},"datePublished":"1970-01-01T00:00:00+00:00","dateModified":"2024-11-14T08:50:23+00:00","description":"Dodaj przyjazny dla urz\u0105dze\u0144 mobilnych wid\u017cet HTML TikTok Feed na swojej stronie internetowej. Skorzystaj z por\u0119cznej wersji demonstracyjnej Elfsight i zmodyfikuj sw\u00f3j unikalny widget TikTok w ci\u0105gu kilku minut","breadcrumb":{"@id":"https:\/\/elfsight.com\/pl\/tiktok-feed-widget\/html\/#breadcrumb"},"inLanguage":"pl-PL","potentialAction":[{"@type":"ReadAction","target":["https:\/\/elfsight.com\/pl\/tiktok-feed-widget\/html\/"]}]},{"@type":"BreadcrumbList","@id":"https:\/\/elfsight.com\/pl\/tiktok-feed-widget\/html\/#breadcrumb","itemListElement":[{"@type":"ListItem","position":1,"name":"Home","item":"https:\/\/elfsight.com\/pl\/"},{"@type":"ListItem","position":2,"name":"TikTok Feed","item":"https:\/\/elfsight.com\/pl\/tiktok-feed-widget\/"},{"@type":"ListItem","position":3,"name":"TikTok Feed &#8211; HTML"}]},{"@type":"WebSite","@id":"https:\/\/elfsight.com\/pl\/#website","url":"https:\/\/elfsight.com\/pl\/","name":"Elfsight PL","description":"Just another Elfsight Sites site","potentialAction":[{"@type":"SearchAction","target":{"@type":"EntryPoint","urlTemplate":"https:\/\/elfsight.com\/pl\/?s={search_term_string}"},"query-input":{"@type":"PropertyValueSpecification","valueRequired":true,"valueName":"search_term_string"}}],"inLanguage":"pl-PL"}]}},"meta_box":{"industry":"","seo_heading":"","heading":"","description":"","cta_heading":"","cta_description":"","application":"3349","h1":"Widget HTML TikTok Feed","h1_caption":"Prezentuj popularne filmy Tiktok wed\u0142ug hashtagu lub konta, bez wysi\u0142ku dodaj\u0105c dynamiczn\u0105, anga\u017cuj\u0105c\u0105 tre\u015b\u0107 do swojej witryny internetowej do swojej witryny HTML.","application_category":[],"applications_title":"","applications_request_title":"","applications_request_button_text":"","hero_text":"","hero_video":"","hero_video_schema_markup":"","selling_points_title":"","selling_points_caption":"","selling_points":[],"selling_points_cta_text":"","features_title":"","features":"","ed_cta_examples_text":"","ed_cta_examples_hidden":"","ed_cta_demo_text":"","ed_cta_demo_hidden":"","why_caption":"","why_editor_title":"","why_editor_text":"","why_team_title":"","why_team_text":"","why_service_title":"","why_service_text":"","template_catalog_visible":"","template_catalog_title":"","template_catalog_text":"","template_catalog_categories_visible":"","demo_title":"Utw\u00f3rz wid\u017cet kana\u0142u TikTok","demo_caption":"Skonfiguruj sw\u00f3j kana\u0142 TikTok i dodaj go do swojej witryny HTML za darmo!","default_faq_hidden":"","app_template_category":[],"platform":"50","template_public_id":"","codecanyon_url":"","codecanyon_item_id":"","codecanyon_price":"","pricing_caption":"","pricing_elfsight_apps_hide_column":"","pricing_elfsight_apps_url":"","pricing_codecanyon_price_caption":"","integration_category":[],"integration_request_title":"","integration_request_cta":"","integration_platform":"","integrations":[],"platform_category":[],"video_schema_markup":"","price":"od 0 USD \/ miesi\u0105c","trial":"","benefits":[{"text":"Bezp\u0142atna pomoc w monta\u017cu"},{"text":"Wsparcie premium"},{"text":"14-dniowa gwarancja zwrotu pieni\u0119dzy"}],"button_url":"#demo","button_target_blank":"","button_nofollow":"","attributes":[{"name":"Instaluje"},{"name":"Czu\u0142y"},{"name":"Kompatybilne przegl\u0105darki"}],"tags":[],"tags_disable_links":"","hide_more_platforms":"","video_object":"","demo_hide_cta":"","demo_hide_cloud_options":"","pricing_title":"","pricing":[{"pricing_icon":"platform","pricing_title":"Elfsight Apps","pricing_title_caption":"Rozwi\u0105zanie wieloplatformowe, kt\u00f3re dzia\u0142a na ka\u017cdej stronie internetowej","pricing_price":"od 0 USD \/ miesi\u0105c","pricing_price_caption":"zacznij od bezp\u0142atnego planu","pricing_benefits":[{"text":"Nielimitowane strony internetowe"},{"text":"Dedykowana obs\u0142uga klienta"},{"text":"Bezp\u0142atne wsparcie instalacyjne"},{"text":"W pe\u0142ni konfigurowalny"}],"pricing_button_text":"Dodaj do witryny","pricing_button_url":"#demo"}],"related_apps_title":"","related_apps_hidden":"","author":"","image":[],"title":"","job":"","social_networks":[]},"_links":{"self":[{"href":"https:\/\/elfsight.com\/pl\/wp-json\/wp\/v2\/pages\/6912","targetHints":{"allow":["GET"]}}],"collection":[{"href":"https:\/\/elfsight.com\/pl\/wp-json\/wp\/v2\/pages"}],"about":[{"href":"https:\/\/elfsight.com\/pl\/wp-json\/wp\/v2\/types\/page"}],"author":[{"embeddable":true,"href":"https:\/\/elfsight.com\/pl\/wp-json\/wp\/v2\/users\/9"}],"replies":[{"embeddable":true,"href":"https:\/\/elfsight.com\/pl\/wp-json\/wp\/v2\/comments?post=6912"}],"version-history":[{"count":1,"href":"https:\/\/elfsight.com\/pl\/wp-json\/wp\/v2\/pages\/6912\/revisions"}],"predecessor-version":[{"id":6916,"href":"https:\/\/elfsight.com\/pl\/wp-json\/wp\/v2\/pages\/6912\/revisions\/6916"}],"up":[{"embeddable":true,"href":"https:\/\/elfsight.com\/pl\/wp-json\/wp\/v2\/pages\/3396"}],"wp:attachment":[{"href":"https:\/\/elfsight.com\/pl\/wp-json\/wp\/v2\/media?parent=6912"}],"curies":[{"name":"wp","href":"https:\/\/api.w.org\/{rel}","templated":true}]}}