{"id":6901,"date":"1970-01-01T00:00:00","date_gmt":"1970-01-01T00:00:00","guid":{"rendered":"https:\/\/elfsight.com\/pl\/?page_id=6901"},"modified":"2024-11-14T08:50:15","modified_gmt":"2024-11-14T08:50:15","slug":"weebly","status":"publish","type":"page","link":"https:\/\/elfsight.com\/pl\/tiktok-feed-widget\/weebly\/","title":{"rendered":"TikTok Feed &#8211; Weebly"},"content":{"rendered":"<div class=\"application-platform-content-item-description application-platform-content-item\" id=\"description\" data-nav-section=\"description\"> <h2>Opis<\/h2> <p>Elfsight TiKTok Feed dla Weebly to aplikacja s\u0142u\u017c\u0105ca do promowania nie tylko towar\u00f3w, ale tak\u017ce emocji i do\u015bwiadcze\u0144. Korzystaj\u0105c z niego, mo\u017cesz zaprojektowa\u0107 niestandardowy kana\u0142 sk\u0142adaj\u0105cy si\u0119 z tre\u015bci z TikTok i zaprezentowa\u0107 go bezpo\u015brednio na swojej stronie internetowej. Zaprojektuj galeri\u0119 wideo w kilka minut! Przejmij pe\u0142n\u0105 kontrol\u0119 nad ujawnion\u0105 tre\u015bci\u0105 i pozb\u0105d\u017a si\u0119 spamu oraz wszelkich niechcianych tre\u015bci poprzez r\u0119czn\u0105 moderacj\u0119. Ca\u0142kowicie responsywny edytor online udost\u0119pnia r\u00f3\u017cne szablony do wyboru. <\/p> <p><b>Zwi\u0119ksz skuteczno\u015b\u0107 swojej witryny w celach biznesowych za pomoc\u0105 kana\u0142u TikTok<\/b><\/p> <\/div> <div class=\"application-platform-content-item-features application-platform-content-item\" id=\"features\" data-nav-section=\"features\"> <h2>Wy\u015bwietl list\u0119 z najbardziej przydatnych funkcji: <\/h2> <ul><li>Ukryj sekcj\u0119 nag\u0142\u00f3wka, aby Twoje narz\u0119dzie wygl\u0105da\u0142o minimalistycznie. <\/li><li>Wyeliminuj spam i niepo\u017c\u0105dane tre\u015bci, korzystaj\u0105c z r\u0119cznego trybu moderacji. <\/li><li>Zainstaluj przycisk Obserwuj na kartach wid\u017cet\u00f3w. <\/li><li>Pozw\u00f3l, aby Twoje posty pojawia\u0142y si\u0119 w wyskakuj\u0105cych okienkach. <\/li><\/ul><p><a href=\"#demo\">Poznaj wszystkie ustawienia w 100% funkcjonalnej wersji demonstracyjnej<\/a><\/p> <\/div> <div class=\"application-platform-content-item-installation application-platform-content-item\" id=\"installation\" data-nav-section=\"installation\"> <h2>Jak mog\u0119 doda\u0107 kana\u0142 TikTok do mojej witryny Weebly? <\/h2> <p>Wystarczy zastosowa\u0107 si\u0119 do poni\u017cszych instrukcji, aby rozpocz\u0105\u0107 prac\u0119 z narz\u0119dziem. <\/p> <ol><li><b>Otw\u00f3rz nasz\u0105 bezp\u0142atn\u0105 wersj\u0119 demonstracyjn\u0105 i zacznij tworzy\u0107 spersonalizowan\u0105 aplikacj\u0119. <\/b><br> Okre\u015bl wybrany wygl\u0105d i funkcje aplikacji oraz zapisz poprawki. <\/li> <li><b>Zdob\u0105d\u017a sw\u00f3j indywidualny kod, kt\u00f3ry jest wy\u015bwietlany w specjalnym formularzu w aplikacjach Elfsight. <\/b><br> Po zako\u0144czeniu dostosowywania aplikacji osobistej skopiuj kod osobisty z wy\u015bwietlonego wyskakuj\u0105cego okienka i zachowaj go na p\u00f3\u017aniej. <\/li> <li><b>Rozpocznij korzystanie z aplikacji w witrynie Weebly. <\/b><br> Wklej ostatnio skopiowany kod na swoj\u0105 stron\u0119 i zastosuj poprawki. <\/li> <li><b>Instalacja zosta\u0142a pomy\u015blnie uko\u0144czona. <\/b><br> Przejd\u017a do swojej witryny, aby sprawdzi\u0107, jak dzia\u0142a aplikacja. <\/li><\/ol> <p>W przypadku napotkania zapyta\u0144 lub najechania na przeszkody nie wahaj si\u0119 zg\u0142osi\u0107 do naszego zespo\u0142u obs\u0142ugi klienta. Nasi ludzie pragn\u0105 pom\u00f3c Ci we wszystkich trudno\u015bciach, jakie mo\u017cesz mie\u0107 z produktem. <\/p> <\/div><div class=\"faq\" data-component=\"FAQ\"><div class=\"faq-item\">\r\n\t\t\t\t\t<div class=\"faq-item-question\">\r\n\t\t\t\t\t\t<h3 class=\"faq-item-question-text\">Jak doda\u0107 kana\u0142 TikTok do mojej strony g\u0142\u00f3wnej Weebly bez kodowania?<\/h3>\r\n\r\n\t\t\t\t\t\t<div class=\"faq-item-question-icon\"><\/div>\r\n\t\t\t\t\t<\/div>\r\n\r\n\t\t\t\t\t<div class=\"faq-item-answer\">\r\n\t\t\t\t\t\t<div class=\"faq-item-answer-text\"><p>Firma Elfsight zapewnia rozwi\u0105zanie SaaS, kt\u00f3re umo\u017cliwia szerokiemu gronu odbiorc\u00f3w samodzielne utworzenie wtyczki TikTok Feed, zobacz, jakie to proste:<\/p><ul><li>Pracuj bezpo\u015brednio w edytorze na \u017cywo, aby utworzy\u0107 aplikacj\u0119 TikTok Feed, kt\u00f3r\u0105 chcesz doda\u0107 na stronie Weebly.<\/li><li>Wybierz jeden z wielu wst\u0119pnie zaprojektowanych szablon\u00f3w i dostosuj ustawienia kana\u0142u TikTok, zmie\u0144 uk\u0142ad i kolory, do\u0142\u0105cz tre\u015b\u0107 bez umiej\u0119tno\u015bci kodowania.<\/li><li>Kliknij, aby zapisa\u0107 kana\u0142 TikTok i skopiowa\u0107 wtyczki kod do osadzenia, kt\u00f3ry mo\u017cna \u0142atwo i bezp\u0142atnie doda\u0107 na dowolnej stronie g\u0142\u00f3wnej Weebly.<\/li><\/ul><p>Za pomoc\u0105 prostego edytora ka\u017cdy internauta mo\u017ce wygenerowa\u0107 sekcj\u0119 TikTok Feed i \u0142atwo wklei\u0107 j\u0105 na dowoln\u0105 witryn\u0119 Weebly . Aby skorzysta\u0107 z naszego serwisu, nie jest wymagana p\u0142atno\u015b\u0107 ani podanie danych karty. Je\u015bli napotkasz jakiekolwiek przeszkody, skontaktuj si\u0119 z naszym technicznym dzia\u0142em obs\u0142ugi klienta.<\/p><\/div>\r\n\t\t\t\t\t<\/div>\r\n\t\t\t\t<\/div><\/div>","protected":false},"excerpt":{"rendered":"","protected":false},"author":9,"featured_media":0,"parent":3396,"menu_order":0,"comment_status":"closed","ping_status":"closed","template":"templates\/template-application-platform.php","meta":{"publish_to_discourse":"","publish_post_category":"","wpdc_auto_publish_overridden":"","wpdc_topic_tags":"","wpdc_pin_topic":"","wpdc_pin_until":"","discourse_post_id":"","discourse_permalink":"","wpdc_publishing_response":"","wpdc_publishing_error":"","footnotes":""},"class_list":["post-6901","page","type-page","status-publish","hentry"],"yoast_head":"<!-- This site is optimized with the Yoast SEO plugin v25.3.1 - https:\/\/yoast.com\/wordpress\/plugins\/seo\/ -->\n<title>Dodaj aplikacj\u0119 TikTok Feed do witryny Weebly (szybko i bezp\u0142atnie)<\/title>\n<meta name=\"description\" content=\"Dodaj \u0142atw\u0105 w zarz\u0105dzaniu aplikacj\u0119 Weebly TikTok Feed do swojej witryny. Wypr\u00f3buj por\u0119czn\u0105 wersj\u0119 demonstracyjn\u0105 Elfsight i zmodyfikuj swoj\u0105 osza\u0142amiaj\u0105c\u0105 aplikacj\u0119 TikTok.\" \/>\n<meta name=\"robots\" content=\"index, follow, max-snippet:-1, max-image-preview:large, max-video-preview:-1\" \/>\n<link rel=\"canonical\" href=\"https:\/\/elfsight.com\/pl\/tiktok-feed-widget\/weebly\/\" \/>\n<meta property=\"og:locale\" content=\"pl_PL\" \/>\n<meta property=\"og:type\" content=\"article\" \/>\n<meta property=\"og:title\" content=\"Dodaj aplikacj\u0119 TikTok Feed do witryny Weebly (szybko i bezp\u0142atnie)\" \/>\n<meta property=\"og:description\" content=\"Dodaj \u0142atw\u0105 w zarz\u0105dzaniu aplikacj\u0119 Weebly TikTok Feed do swojej witryny. Wypr\u00f3buj por\u0119czn\u0105 wersj\u0119 demonstracyjn\u0105 Elfsight i zmodyfikuj swoj\u0105 osza\u0142amiaj\u0105c\u0105 aplikacj\u0119 TikTok.\" \/>\n<meta property=\"og:url\" content=\"https:\/\/elfsight.com\/pl\/tiktok-feed-widget\/weebly\/\" \/>\n<meta property=\"og:site_name\" content=\"Elfsight PL\" \/>\n<meta property=\"article:modified_time\" content=\"2024-11-14T08:50:15+00:00\" \/>\n<meta name=\"twitter:card\" content=\"summary_large_image\" \/>\n<meta name=\"twitter:label1\" content=\"Szacowany czas czytania\" \/>\n\t<meta name=\"twitter:data1\" content=\"3 minuty\" \/>\n<!-- \/ Yoast SEO plugin. -->","yoast_head_json":{"title":"Dodaj aplikacj\u0119 TikTok Feed do witryny Weebly (szybko i bezp\u0142atnie)","description":"Dodaj \u0142atw\u0105 w zarz\u0105dzaniu aplikacj\u0119 Weebly TikTok Feed do swojej witryny. Wypr\u00f3buj por\u0119czn\u0105 wersj\u0119 demonstracyjn\u0105 Elfsight i zmodyfikuj swoj\u0105 osza\u0142amiaj\u0105c\u0105 aplikacj\u0119 TikTok.","robots":{"index":"index","follow":"follow","max-snippet":"max-snippet:-1","max-image-preview":"max-image-preview:large","max-video-preview":"max-video-preview:-1"},"canonical":"https:\/\/elfsight.com\/pl\/tiktok-feed-widget\/weebly\/","og_locale":"pl_PL","og_type":"article","og_title":"Dodaj aplikacj\u0119 TikTok Feed do witryny Weebly (szybko i bezp\u0142atnie)","og_description":"Dodaj \u0142atw\u0105 w zarz\u0105dzaniu aplikacj\u0119 Weebly TikTok Feed do swojej witryny. Wypr\u00f3buj por\u0119czn\u0105 wersj\u0119 demonstracyjn\u0105 Elfsight i zmodyfikuj swoj\u0105 osza\u0142amiaj\u0105c\u0105 aplikacj\u0119 TikTok.","og_url":"https:\/\/elfsight.com\/pl\/tiktok-feed-widget\/weebly\/","og_site_name":"Elfsight PL","article_modified_time":"2024-11-14T08:50:15+00:00","twitter_card":"summary_large_image","twitter_misc":{"Szacowany czas czytania":"3 minuty"},"schema":{"@context":"https:\/\/schema.org","@graph":[{"@type":"WebPage","@id":"https:\/\/elfsight.com\/pl\/tiktok-feed-widget\/weebly\/","url":"https:\/\/elfsight.com\/pl\/tiktok-feed-widget\/weebly\/","name":"Dodaj aplikacj\u0119 TikTok Feed do witryny Weebly (szybko i bezp\u0142atnie)","isPartOf":{"@id":"https:\/\/elfsight.com\/pl\/#website"},"datePublished":"1970-01-01T00:00:00+00:00","dateModified":"2024-11-14T08:50:15+00:00","description":"Dodaj \u0142atw\u0105 w zarz\u0105dzaniu aplikacj\u0119 Weebly TikTok Feed do swojej witryny. Wypr\u00f3buj por\u0119czn\u0105 wersj\u0119 demonstracyjn\u0105 Elfsight i zmodyfikuj swoj\u0105 osza\u0142amiaj\u0105c\u0105 aplikacj\u0119 TikTok.","breadcrumb":{"@id":"https:\/\/elfsight.com\/pl\/tiktok-feed-widget\/weebly\/#breadcrumb"},"inLanguage":"pl-PL","potentialAction":[{"@type":"ReadAction","target":["https:\/\/elfsight.com\/pl\/tiktok-feed-widget\/weebly\/"]}]},{"@type":"BreadcrumbList","@id":"https:\/\/elfsight.com\/pl\/tiktok-feed-widget\/weebly\/#breadcrumb","itemListElement":[{"@type":"ListItem","position":1,"name":"Home","item":"https:\/\/elfsight.com\/pl\/"},{"@type":"ListItem","position":2,"name":"TikTok Feed","item":"https:\/\/elfsight.com\/pl\/tiktok-feed-widget\/"},{"@type":"ListItem","position":3,"name":"TikTok Feed &#8211; Weebly"}]},{"@type":"WebSite","@id":"https:\/\/elfsight.com\/pl\/#website","url":"https:\/\/elfsight.com\/pl\/","name":"Elfsight PL","description":"Just another Elfsight Sites site","potentialAction":[{"@type":"SearchAction","target":{"@type":"EntryPoint","urlTemplate":"https:\/\/elfsight.com\/pl\/?s={search_term_string}"},"query-input":{"@type":"PropertyValueSpecification","valueRequired":true,"valueName":"search_term_string"}}],"inLanguage":"pl-PL"}]}},"meta_box":{"industry":"","seo_heading":"","heading":"","description":"","cta_heading":"","cta_description":"","application":"3349","h1":"Aplikacja Weebly TikTok Feed","h1_caption":"Prezentuj popularne filmy Tiktok wed\u0142ug hashtagu lub konta, bez wysi\u0142ku dodaj\u0105c dynamiczne, anga\u017cuj\u0105ce tre\u015bci do swojej witryny internetowej w witrynie Weebly.","application_category":[],"applications_title":"","applications_request_title":"","applications_request_button_text":"","hero_text":"","hero_video":"","hero_video_schema_markup":"","selling_points_title":"","selling_points_caption":"","selling_points":[],"selling_points_cta_text":"","features_title":"","features":"","ed_cta_examples_text":"","ed_cta_examples_hidden":"","ed_cta_demo_text":"","ed_cta_demo_hidden":"","why_caption":"","why_editor_title":"","why_editor_text":"","why_team_title":"","why_team_text":"","why_service_title":"","why_service_text":"","template_catalog_visible":"","template_catalog_title":"","template_catalog_text":"","template_catalog_categories_visible":"","demo_title":"Utw\u00f3rz aplikacj\u0119 TikTok Feed","demo_caption":"Skonfiguruj sw\u00f3j kana\u0142 TikTok i dodaj go do swojej witryny Weebly za darmo!","default_faq_hidden":"","app_template_category":[],"platform":"132","template_public_id":"","codecanyon_url":"","codecanyon_item_id":"","codecanyon_price":"","pricing_caption":"","pricing_elfsight_apps_hide_column":"","pricing_elfsight_apps_url":"","pricing_codecanyon_price_caption":"","integration_category":[],"integration_request_title":"","integration_request_cta":"","integration_platform":"","integrations":[],"platform_category":[],"video_schema_markup":"","price":"od 0 USD \/ miesi\u0105c","trial":"","benefits":[{"text":"Bezp\u0142atna pomoc w instalacji"},{"text":"Profesjonalna obs\u0142uga klienta"},{"text":"14-dniowa gwarancja zwrotu pieni\u0119dzy"}],"button_url":"#demo","button_target_blank":"","button_nofollow":"","attributes":[{"name":"Instaluje"},{"name":"Czu\u0142y"},{"name":"Kompatybilne przegl\u0105darki"}],"tags":[],"tags_disable_links":"","hide_more_platforms":"","video_object":"","demo_hide_cta":"","demo_hide_cloud_options":"","pricing_title":"","pricing":[{"pricing_icon":"platform","pricing_title":"Elfsight Apps","pricing_title_caption":"Wieloplatformowe rozwi\u0105zanie cyfrowe, kt\u00f3re dzia\u0142a na ka\u017cdej stronie internetowej","pricing_price":"od 0 USD \/ miesi\u0105c","pricing_price_caption":"zacznij od bezp\u0142atnego planu","pricing_benefits":[{"text":"Nielimitowane domeny"},{"text":"Szybkie wsparcie"},{"text":"Bezp\u0142atna us\u0142uga monta\u017cu"},{"text":"Elastyczny projekt"}],"pricing_button_text":"Dodaj do witryny","pricing_button_url":"#demo"}],"related_apps_title":"","related_apps_hidden":"","author":"","image":[],"title":"","job":"","social_networks":[]},"_links":{"self":[{"href":"https:\/\/elfsight.com\/pl\/wp-json\/wp\/v2\/pages\/6901","targetHints":{"allow":["GET"]}}],"collection":[{"href":"https:\/\/elfsight.com\/pl\/wp-json\/wp\/v2\/pages"}],"about":[{"href":"https:\/\/elfsight.com\/pl\/wp-json\/wp\/v2\/types\/page"}],"author":[{"embeddable":true,"href":"https:\/\/elfsight.com\/pl\/wp-json\/wp\/v2\/users\/9"}],"replies":[{"embeddable":true,"href":"https:\/\/elfsight.com\/pl\/wp-json\/wp\/v2\/comments?post=6901"}],"version-history":[{"count":1,"href":"https:\/\/elfsight.com\/pl\/wp-json\/wp\/v2\/pages\/6901\/revisions"}],"predecessor-version":[{"id":6905,"href":"https:\/\/elfsight.com\/pl\/wp-json\/wp\/v2\/pages\/6901\/revisions\/6905"}],"up":[{"embeddable":true,"href":"https:\/\/elfsight.com\/pl\/wp-json\/wp\/v2\/pages\/3396"}],"wp:attachment":[{"href":"https:\/\/elfsight.com\/pl\/wp-json\/wp\/v2\/media?parent=6901"}],"curies":[{"name":"wp","href":"https:\/\/api.w.org\/{rel}","templated":true}]}}