{"id":6896,"date":"1970-01-01T00:00:00","date_gmt":"1970-01-01T00:00:00","guid":{"rendered":"https:\/\/elfsight.com\/pl\/?page_id=6896"},"modified":"2024-11-14T08:50:08","modified_gmt":"2024-11-14T08:50:08","slug":"wix","status":"publish","type":"page","link":"https:\/\/elfsight.com\/pl\/tiktok-feed-widget\/wix\/","title":{"rendered":"TikTok Feed &#8211; Wix"},"content":{"rendered":"<div class=\"application-platform-content-item-description application-platform-content-item\" id=\"description\" data-nav-section=\"description\"> <h2>Opis<\/h2> <p>Elfsight TiKTok Feed dla Wix to wyj\u0105tkowa aplikacja s\u0142u\u017c\u0105ca do sprzeda\u017cy nie tylko towar\u00f3w, ale tak\u017ce emocji i do\u015bwiadcze\u0144. Dzi\u0119ki niemu mo\u017cesz zbudowa\u0107 zindywidualizowany kana\u0142 z tre\u015bci z TikToka &#8211; i umie\u015bci\u0107 go bezpo\u015brednio na swojej stronie internetowej. Stw\u00f3rz galeri\u0119 wideo za pomoc\u0105 kilku klikni\u0119\u0107! Ciesz si\u0119 ca\u0142kowit\u0105 kontrol\u0105 nad prezentowan\u0105 tre\u015bci\u0105 i usuwaj spam oraz wszelkie niepo\u017c\u0105dane tre\u015bci za pomoc\u0105 r\u0119cznej moderacji. W pe\u0142ni responsywny edytor online zapewnia r\u00f3\u017cnorodne szablony do wyboru. <\/p> <p><b>Ulepsz swoj\u0105 witryn\u0119 pod k\u0105tem cel\u00f3w e-commerce za pomoc\u0105 kana\u0142u TikTok<\/b><\/p> <\/div> <div class=\"application-platform-content-item-features application-platform-content-item\" id=\"features\" data-nav-section=\"features\"> <h2>Odkryj lista najwa\u017cniejszych funkcji: <\/h2> <ul><li>Ukryj sekcj\u0119 nag\u0142\u00f3wka, aby narz\u0119dzie wygl\u0105da\u0142o minimalistycznie. <\/li><li>Pozb\u0105d\u017a si\u0119 spamu i niechcianych tre\u015bci, korzystaj\u0105c z r\u0119cznego trybu moderacji. <\/li><li>Umie\u015b\u0107 przycisk Obserwuj na s\u0142upkach narz\u0119dzi. <\/li><li>Pozw\u00f3l, aby Twoje posty pojawia\u0142y si\u0119 w trybie wyskakuj\u0105cym. <\/li><\/ul><p><a href=\"#demo\">Po prostu wypr\u00f3buj t\u0119 wersj\u0119 demonstracyjn\u0105, aby zobaczy\u0107, jak to dzia\u0142a<\/a><\/p> <\/div> <div class=\"application-platform-content-item-installation application-platform-content-item\" id=\"installation\" data-nav-section=\"installation\"> <h2>Jak mog\u0119 osadzi\u0107 TikTok Feed na mojej stronie Wix? <\/h2> <p>Wystarczy zastosowa\u0107 si\u0119 do poni\u017cszych instrukcji, aby zintegrowa\u0107 aplikacj\u0119. <\/p> <ol><li><b>Zarz\u0105dzaj naszym bezp\u0142atnym konfiguratorem i zacznij tworzy\u0107 w\u0142asn\u0105 aplikacj\u0119. <\/b><br> Okre\u015bl preferowany interfejs i specyfikacje aplikacji i zapisz poprawki. <\/li> <li><b>Uzyskaj osobisty kod pojawiaj\u0105cy si\u0119 w specjalnym formularzu w aplikacjach Elfsight. <\/b><br> Zaraz po zako\u0144czeniu dostosowywania aplikacji skopiuj kod osobisty z wy\u015bwietlonego pola i zachowaj go do dalszego wykorzystania. <\/li> <li><b>Rozpocznij korzystanie z aplikacji na swojej stronie Wix. <\/b><br> Wstaw na swoj\u0105 stron\u0119 ostatnio skopiowany kod i zastosuj ulepszenia. <\/li> <li><b>Konfiguracja zosta\u0142a pomy\u015blnie uko\u0144czona. <\/b><br> Odwied\u017a swoj\u0105 witryn\u0119, aby zobaczy\u0107, jak dzia\u0142a aplikacja. <\/li><\/ol> <p>Je\u015bli napotkasz jakiekolwiek trudno\u015bci, bez wahania zwr\u00f3\u0107 si\u0119 o pomoc do naszego zespo\u0142u obs\u0142ugi klienta. Nasi ludzie pragn\u0105 rozwi\u0105za\u0107 wszystkie problemy, jakie mo\u017cesz mie\u0107 z produktem. <\/p> <\/div><div class=\"faq\" data-component=\"FAQ\"><div class=\"faq-item\">\r\n\t\t\t\t\t<div class=\"faq-item-question\">\r\n\t\t\t\t\t\t<h3 class=\"faq-item-question-text\">Czy istnieje spos\u00f3b na osadzenie kana\u0142u TikTok na mojej stronie g\u0142\u00f3wnej Wix bez znajomo\u015bci kodowania?<\/h3>\r\n\r\n\t\t\t\t\t\t<div class=\"faq-item-question-icon\"><\/div>\r\n\t\t\t\t\t<\/div>\r\n\r\n\t\t\t\t\t<div class=\"faq-item-answer\">\r\n\t\t\t\t\t\t<div class=\"faq-item-answer-text\"><p>Firma Elfsight przedstawia rozwi\u0105zania SaaS, kt\u00f3re umo\u017cliwia samodzielne utworzenie sekcji TikTok Feed, odkryj nieskomplikowany przewodnik:<\/p><ul><li>Przejd\u017a do wersji demonstracyjnej online, aby utworzy\u0107 wid\u017cet TikTok Feed, kt\u00f3ry chcesz osadzi\u0107 na swoim Wix.<\/p><ul><li>Przejd\u017a do wersji demo online, aby utworzy\u0107 wid\u017cet TikTok Feed, kt\u00f3ry chcesz osadzi\u0107 na swoim Wix.<\/p><ul><li> li&gt;<li>Wybierz jeden z gotowych szablon\u00f3w i dostosuj ustawienia kana\u0142u TikTok, do\u0142\u0105cz swoj\u0105 tre\u015b\u0107, zmie\u0144 uk\u0142ad i kolory bez znajomo\u015bci kodowania.<\/li><li>Zapisz ustawienia wprowadzone w kanale TikTok i uzyskaj jego kod instalacyjny, kt\u00f3ry mo\u017cesz po prostu osadzi\u0107 na stronie internetowej Wix bez konieczno\u015bci kupowania p\u0142atnej subskrypcji.<\/li><\/ul><p>Dzi\u0119ki naszemu intuicyjnemu konfiguratorowi ka\u017cdy u\u017cytkownik sieci mo\u017ce stworzy\u0107 aplikacj\u0119 TikTok Feed online i po prostu doda\u0107 na ich stron\u0119 g\u0142\u00f3wn\u0105 Wix. Aby uzyska\u0107 dost\u0119p do Edytora Elfsight, nie trzeba kupowa\u0107 p\u0142atnej subskrypcji ani podawa\u0107 danych uwierzytelniaj\u0105cych karty. Je\u015bli na kt\u00f3rymkolwiek etapie napotkasz jakiekolwiek problemy, nie wahaj si\u0119 skontaktowa\u0107 z naszym zespo\u0142em pomocy.<\/p><\/div>\r\n\t\t\t\t\t<\/div>\r\n\t\t\t\t<\/div><\/div>","protected":false},"excerpt":{"rendered":"","protected":false},"author":9,"featured_media":0,"parent":3396,"menu_order":0,"comment_status":"closed","ping_status":"closed","template":"templates\/template-application-platform.php","meta":{"publish_to_discourse":"","publish_post_category":"","wpdc_auto_publish_overridden":"","wpdc_topic_tags":"","wpdc_pin_topic":"","wpdc_pin_until":"","discourse_post_id":"","discourse_permalink":"","wpdc_publishing_response":"","wpdc_publishing_error":"","footnotes":""},"class_list":["post-6896","page","type-page","status-publish","hentry"],"yoast_head":"<!-- This site is optimized with the Yoast SEO plugin v25.3.1 - https:\/\/yoast.com\/wordpress\/plugins\/seo\/ -->\n<title>Dodaj aplikacj\u0119 TikTok Feed do witryny Wix (szybko i bezp\u0142atnie)<\/title>\n<meta name=\"description\" content=\"Dodaj przyjazn\u0105 dla u\u017cytkownika aplikacj\u0119 Wix TikTok Feed na swojej stronie internetowej. Skorzystaj z por\u0119cznej wersji demonstracyjnej Elfsight i stw\u00f3rz stylow\u0105 aplikacj\u0119 TikTok za pomoc\u0105 kilku klikni\u0119\u0107\" \/>\n<meta name=\"robots\" content=\"index, follow, max-snippet:-1, max-image-preview:large, max-video-preview:-1\" \/>\n<link rel=\"canonical\" href=\"https:\/\/elfsight.com\/pl\/tiktok-feed-widget\/wix\/\" \/>\n<meta property=\"og:locale\" content=\"pl_PL\" \/>\n<meta property=\"og:type\" content=\"article\" \/>\n<meta property=\"og:title\" content=\"Dodaj aplikacj\u0119 TikTok Feed do witryny Wix (szybko i bezp\u0142atnie)\" \/>\n<meta property=\"og:description\" content=\"Dodaj przyjazn\u0105 dla u\u017cytkownika aplikacj\u0119 Wix TikTok Feed na swojej stronie internetowej. Skorzystaj z por\u0119cznej wersji demonstracyjnej Elfsight i stw\u00f3rz stylow\u0105 aplikacj\u0119 TikTok za pomoc\u0105 kilku klikni\u0119\u0107\" \/>\n<meta property=\"og:url\" content=\"https:\/\/elfsight.com\/pl\/tiktok-feed-widget\/wix\/\" \/>\n<meta property=\"og:site_name\" content=\"Elfsight PL\" \/>\n<meta property=\"article:modified_time\" content=\"2024-11-14T08:50:08+00:00\" \/>\n<meta name=\"twitter:card\" content=\"summary_large_image\" \/>\n<meta name=\"twitter:label1\" content=\"Szacowany czas czytania\" \/>\n\t<meta name=\"twitter:data1\" content=\"3 minuty\" \/>\n<!-- \/ Yoast SEO plugin. -->","yoast_head_json":{"title":"Dodaj aplikacj\u0119 TikTok Feed do witryny Wix (szybko i bezp\u0142atnie)","description":"Dodaj przyjazn\u0105 dla u\u017cytkownika aplikacj\u0119 Wix TikTok Feed na swojej stronie internetowej. Skorzystaj z por\u0119cznej wersji demonstracyjnej Elfsight i stw\u00f3rz stylow\u0105 aplikacj\u0119 TikTok za pomoc\u0105 kilku klikni\u0119\u0107","robots":{"index":"index","follow":"follow","max-snippet":"max-snippet:-1","max-image-preview":"max-image-preview:large","max-video-preview":"max-video-preview:-1"},"canonical":"https:\/\/elfsight.com\/pl\/tiktok-feed-widget\/wix\/","og_locale":"pl_PL","og_type":"article","og_title":"Dodaj aplikacj\u0119 TikTok Feed do witryny Wix (szybko i bezp\u0142atnie)","og_description":"Dodaj przyjazn\u0105 dla u\u017cytkownika aplikacj\u0119 Wix TikTok Feed na swojej stronie internetowej. Skorzystaj z por\u0119cznej wersji demonstracyjnej Elfsight i stw\u00f3rz stylow\u0105 aplikacj\u0119 TikTok za pomoc\u0105 kilku klikni\u0119\u0107","og_url":"https:\/\/elfsight.com\/pl\/tiktok-feed-widget\/wix\/","og_site_name":"Elfsight PL","article_modified_time":"2024-11-14T08:50:08+00:00","twitter_card":"summary_large_image","twitter_misc":{"Szacowany czas czytania":"3 minuty"},"schema":{"@context":"https:\/\/schema.org","@graph":[{"@type":"WebPage","@id":"https:\/\/elfsight.com\/pl\/tiktok-feed-widget\/wix\/","url":"https:\/\/elfsight.com\/pl\/tiktok-feed-widget\/wix\/","name":"Dodaj aplikacj\u0119 TikTok Feed do witryny Wix (szybko i bezp\u0142atnie)","isPartOf":{"@id":"https:\/\/elfsight.com\/pl\/#website"},"datePublished":"1970-01-01T00:00:00+00:00","dateModified":"2024-11-14T08:50:08+00:00","description":"Dodaj przyjazn\u0105 dla u\u017cytkownika aplikacj\u0119 Wix TikTok Feed na swojej stronie internetowej. Skorzystaj z por\u0119cznej wersji demonstracyjnej Elfsight i stw\u00f3rz stylow\u0105 aplikacj\u0119 TikTok za pomoc\u0105 kilku klikni\u0119\u0107","breadcrumb":{"@id":"https:\/\/elfsight.com\/pl\/tiktok-feed-widget\/wix\/#breadcrumb"},"inLanguage":"pl-PL","potentialAction":[{"@type":"ReadAction","target":["https:\/\/elfsight.com\/pl\/tiktok-feed-widget\/wix\/"]}]},{"@type":"BreadcrumbList","@id":"https:\/\/elfsight.com\/pl\/tiktok-feed-widget\/wix\/#breadcrumb","itemListElement":[{"@type":"ListItem","position":1,"name":"Home","item":"https:\/\/elfsight.com\/pl\/"},{"@type":"ListItem","position":2,"name":"TikTok Feed","item":"https:\/\/elfsight.com\/pl\/tiktok-feed-widget\/"},{"@type":"ListItem","position":3,"name":"TikTok Feed &#8211; Wix"}]},{"@type":"WebSite","@id":"https:\/\/elfsight.com\/pl\/#website","url":"https:\/\/elfsight.com\/pl\/","name":"Elfsight PL","description":"Just another Elfsight Sites site","potentialAction":[{"@type":"SearchAction","target":{"@type":"EntryPoint","urlTemplate":"https:\/\/elfsight.com\/pl\/?s={search_term_string}"},"query-input":{"@type":"PropertyValueSpecification","valueRequired":true,"valueName":"search_term_string"}}],"inLanguage":"pl-PL"}]}},"meta_box":{"industry":"","seo_heading":"","heading":"","description":"","cta_heading":"","cta_description":"","application":"3349","h1":"Aplikacja Wix TikTok Feed","h1_caption":"Prezentuj popularne filmy tiktok wed\u0142ug hashtagu lub konta, bez wysi\u0142ku dodaj\u0105c dynamiczn\u0105, anga\u017cuj\u0105c\u0105 tre\u015b\u0107 do swojej witryny internetowej na swojej stronie Wix.","application_category":[],"applications_title":"","applications_request_title":"","applications_request_button_text":"","hero_text":"","hero_video":"","hero_video_schema_markup":"","selling_points_title":"","selling_points_caption":"","selling_points":[],"selling_points_cta_text":"","features_title":"","features":"","ed_cta_examples_text":"","ed_cta_examples_hidden":"","ed_cta_demo_text":"","ed_cta_demo_hidden":"","why_caption":"","why_editor_title":"","why_editor_text":"","why_team_title":"","why_team_text":"","why_service_title":"","why_service_text":"","template_catalog_visible":"","template_catalog_title":"","template_catalog_text":"","template_catalog_categories_visible":"","demo_title":"Utw\u00f3rz aplikacj\u0119 TikTok Feed","demo_caption":"Skonfiguruj sw\u00f3j kana\u0142 TikTok i dodaj go do swojej witryny Wix za darmo!","default_faq_hidden":"","app_template_category":[],"platform":"30","template_public_id":"","codecanyon_url":"","codecanyon_item_id":"","codecanyon_price":"","pricing_caption":"","pricing_elfsight_apps_hide_column":"","pricing_elfsight_apps_url":"","pricing_codecanyon_price_caption":"","integration_category":[],"integration_request_title":"","integration_request_cta":"","integration_platform":"","integrations":[],"platform_category":[],"video_schema_markup":"","price":"od 0 USD \/ miesi\u0105c","trial":"","benefits":[{"text":"Bezp\u0142atna pomoc w monta\u017cu"},{"text":"Profesjonalna obs\u0142uga klienta"},{"text":"14-dniowa gwarancja zwrotu pieni\u0119dzy"}],"button_url":"#demo","button_target_blank":"","button_nofollow":"","attributes":[{"name":"Instaluje"},{"name":"Czu\u0142y"},{"name":"Kompatybilne przegl\u0105darki"}],"tags":[],"tags_disable_links":"","hide_more_platforms":"","video_object":"","demo_hide_cta":"","demo_hide_cloud_options":"","pricing_title":"","pricing":[{"pricing_icon":"platform","pricing_title":"Elfsight Apps","pricing_title_caption":"Niezale\u017cne od platformy rozwi\u0105zanie cyfrowe, kt\u00f3re pasuje do ka\u017cdej witryny","pricing_price":"od 0 USD \/ miesi\u0105c","pricing_price_caption":"zacznij od bezp\u0142atnego planu","pricing_benefits":[{"text":"Nielimitowane domeny"},{"text":"Wsparcie premium i dobrze udokumentowane"},{"text":"Bezp\u0142atne wsparcie przy instalacji"},{"text":"100% konfigurowalny"}],"pricing_button_text":"Dodaj do witryny","pricing_button_url":"#demo"}],"related_apps_title":"","related_apps_hidden":"","author":"","image":[],"title":"","job":"","social_networks":[]},"_links":{"self":[{"href":"https:\/\/elfsight.com\/pl\/wp-json\/wp\/v2\/pages\/6896","targetHints":{"allow":["GET"]}}],"collection":[{"href":"https:\/\/elfsight.com\/pl\/wp-json\/wp\/v2\/pages"}],"about":[{"href":"https:\/\/elfsight.com\/pl\/wp-json\/wp\/v2\/types\/page"}],"author":[{"embeddable":true,"href":"https:\/\/elfsight.com\/pl\/wp-json\/wp\/v2\/users\/9"}],"replies":[{"embeddable":true,"href":"https:\/\/elfsight.com\/pl\/wp-json\/wp\/v2\/comments?post=6896"}],"version-history":[{"count":1,"href":"https:\/\/elfsight.com\/pl\/wp-json\/wp\/v2\/pages\/6896\/revisions"}],"predecessor-version":[{"id":6900,"href":"https:\/\/elfsight.com\/pl\/wp-json\/wp\/v2\/pages\/6896\/revisions\/6900"}],"up":[{"embeddable":true,"href":"https:\/\/elfsight.com\/pl\/wp-json\/wp\/v2\/pages\/3396"}],"wp:attachment":[{"href":"https:\/\/elfsight.com\/pl\/wp-json\/wp\/v2\/media?parent=6896"}],"curies":[{"name":"wp","href":"https:\/\/api.w.org\/{rel}","templated":true}]}}