{"id":6894,"date":"1970-01-01T00:00:00","date_gmt":"1970-01-01T00:00:00","guid":{"rendered":"https:\/\/elfsight.com\/pl\/?page_id=6894"},"modified":"2024-11-14T08:50:08","modified_gmt":"2024-11-14T08:50:08","slug":"woocommerce","status":"publish","type":"page","link":"https:\/\/elfsight.com\/pl\/tiktok-feed-widget\/woocommerce\/","title":{"rendered":"TikTok Feed &#8211; WooCommerce"},"content":{"rendered":"<div class=\"application-platform-content-item-description application-platform-content-item\" id=\"description\" data-nav-section=\"description\"> <h2>Opis<\/h2> <p>Elfsight TiKTok Feed dla WooCommerce to specjalna wtyczka s\u0142u\u017c\u0105ca do marketingu nie tylko rzeczy, ale tak\u017ce emocji i do\u015bwiadcze\u0144. Dzi\u0119ki niemu mo\u017cesz utworzy\u0107 w\u0142asny kana\u0142 sk\u0142adaj\u0105cy si\u0119 z tre\u015bci z TikTok i pokaza\u0107 go bezpo\u015brednio na swojej stronie internetowej. Utw\u00f3rz galeri\u0119 wideo za pomoc\u0105 kilku klikni\u0119\u0107! Ciesz si\u0119 pe\u0142n\u0105 kontrol\u0105 nad ujawnionymi tre\u015bciami i usuwaj spam oraz wszelkie niepo\u017c\u0105dane tre\u015bci, korzystaj\u0105c z r\u0119cznej moderacji. Ca\u0142kowicie responsywny edytor online udost\u0119pnia wiele szablon\u00f3w do wyboru. <\/p> <p><b>Zwi\u0119ksz skuteczno\u015b\u0107 swojej witryny w zakresie handlu elektronicznego dzi\u0119ki kana\u0142owi TikTok<\/b><\/p> <\/div> <div class=\"application-platform-content-item-features application-platform-content-item\" id=\"features\" data-nav-section=\"features\"> <h2>Podstawowe funkcje wid\u017cetu oferta<\/h2> <ul><li>Ukryj nag\u0142\u00f3wek, aby Tw\u00f3j widget wygl\u0105da\u0142 minimalistycznie. <\/li><li>Pozb\u0105d\u017a si\u0119 spamu i niepo\u017c\u0105danych tre\u015bci, korzystaj\u0105c z r\u0119cznego trybu moderacji. <\/li><li>Ustaw przycisk Obserwuj na kartach narz\u0119dzi. <\/li><li>Spraw, aby Twoje posty pojawia\u0142y si\u0119 w wyskakuj\u0105cym okienku. <\/li><\/ul><p><a href=\"#demo\">Pe\u0142n\u0105 funkcjonalno\u015b\u0107 wtyczki mo\u017cesz pozna\u0107 tutaj w wersji demonstracyjnej<\/a><\/p> <\/div> <div class=\"application-platform-content-item-installation application-platform-content-item\" id=\"installation\" data-nav-section=\"installation\"> <h2>Jak mog\u0119 doda\u0107 kana\u0142 TikTok na mojej stronie WooCommerce? <\/h2> <p>Wystarczy wykona\u0107 poni\u017csze wskaz\u00f3wki, aby wstawi\u0107 wtyczk\u0119. <\/p> <ol><li><b>Wykonaj nasz\u0105 bezp\u0142atn\u0105 wersj\u0119 demonstracyjn\u0105 i zacznij tworzy\u0107 niestandardow\u0105 wtyczk\u0119. <\/b><br> Wybierz niestandardowy wygl\u0105d i funkcjonalno\u015b\u0107 wid\u017cetu i zapisz poprawki. <\/li> <li><b>Zdob\u0105d\u017a sw\u00f3j unikalny kod, kt\u00f3ry pojawia si\u0119 w specjalnym formularzu w aplikacjach Elfsight. <\/b><br> Po zako\u0144czeniu konfiguracji wtyczki skopiuj kod osobisty w wy\u015bwietlonym oknie i zapisz go do dalszego wykorzystania. <\/li> <li><b>Rozpocznij stosowanie wtyczki na swojej stronie WooCommerce. <\/b><br> Wprowad\u017a kod, kt\u00f3ry zapisa\u0142e\u015b wcze\u015bniej na swojej stronie internetowej i zapisz zmiany. <\/li> <li><b>Gotowe! Osadzanie zosta\u0142o pomy\u015blnie zako\u0144czone. <\/b><br> Odwied\u017a swoj\u0105 witryn\u0119, aby sprawdzi\u0107 dzia\u0142anie wtyczki. <\/li><\/ol> <p>Je\u015bli masz pytania lub masz problemy, bez wahania skontaktuj si\u0119 z naszym zespo\u0142em obs\u0142ugi klienta. Nasi konsultanci ch\u0119tnie rozwi\u0105\u017c\u0105 wszelkie trudno\u015bci, jakie mo\u017cesz napotka\u0107 w zwi\u0105zku z narz\u0119dziem. <\/p> <\/div><div class=\"faq\" data-component=\"FAQ\"><div class=\"faq-item\">\r\n\t\t\t\t\t<div class=\"faq-item-question\">\r\n\t\t\t\t\t\t<h3 class=\"faq-item-question-text\">Czy istnieje mo\u017cliwo\u015b\u0107 osadzenia kana\u0142u TikTok na mojej stronie internetowej WooCommerce bez do\u015bwiadczenia w kodowaniu?<\/h3>\r\n\r\n\t\t\t\t\t\t<div class=\"faq-item-question-icon\"><\/div>\r\n\t\t\t\t\t<\/div>\r\n\r\n\t\t\t\t\t<div class=\"faq-item-answer\">\r\n\t\t\t\t\t\t<div class=\"faq-item-answer-text\"><p>Elfsight firma dostarcza rozwi\u0105zanie, kt\u00f3re pozwala u\u017cytkownikowi samodzielnie wygenerowa\u0107 aplikacj\u0119 TikTok Feed, przekonaj si\u0119, jak nieskomplikowany jest ten proces:<\/p><ul><li>Przejd\u017a do wersji demonstracyjnej online, aby ustawi\u0107 sekcj\u0119 TikTok Feed, kt\u00f3r\u0105 chcesz widzie\u0107 w swoim WooCommerce stron\u0119 internetow\u0105.<\/li><li>Kliknij jeden z naszych wst\u0119pnie zaprojektowanych szablon\u00f3w i zmie\u0144 ustawienia TikTok Feed, zmie\u0144 uk\u0142ad i kolor element\u00f3w, dodaj tre\u015b\u0107 bez do\u015bwiadczenia w kodowaniu.<\/li><li>Kliknij aby zapisa\u0107 ustawienia wprowadzone w TikTok Feed i skopiowa\u0107 kod instalacyjny, kt\u00f3ry mo\u017cna \u0142atwo i bezp\u0142atnie osadzi\u0107 w witrynie WooCommerce.<\/li><\/ul><p>Korzystaj\u0105c z \u0142atwego w obs\u0142udze edytora w ka\u017cdym Internecie u\u017cytkownik mo\u017ce zbudowa\u0107 kana\u0142 TikTok online i bez wysi\u0142ku osadzi\u0107 go na stronie internetowej WooCommerce. Aby uzyska\u0107 dost\u0119p do naszych us\u0142ug, nie mo\u017cesz p\u0142aci\u0107 ani wprowadza\u0107 danych swojej karty. Je\u015bli na kt\u00f3rymkolwiek etapie napotkasz jakiekolwiek przeszkody, skontaktuj si\u0119 z naszym dzia\u0142em obs\u0142ugi klienta.<\/p><\/div>\r\n\t\t\t\t\t<\/div>\r\n\t\t\t\t<\/div><\/div>&lt;!&#8211; wp:paragraph &#8211; -&gt;<p><\/p> \/wp:akapit &#8211;&gt;","protected":false},"excerpt":{"rendered":"&lt;!&#8211; wp:paragraph &#8211; -&gt; \/wp:akapit &#8211;&gt;","protected":false},"author":9,"featured_media":0,"parent":3396,"menu_order":0,"comment_status":"closed","ping_status":"closed","template":"templates\/template-application-platform.php","meta":{"publish_to_discourse":"","publish_post_category":"","wpdc_auto_publish_overridden":"","wpdc_topic_tags":"","wpdc_pin_topic":"","wpdc_pin_until":"","discourse_post_id":"","discourse_permalink":"","wpdc_publishing_response":"","wpdc_publishing_error":"","footnotes":""},"class_list":["post-6894","page","type-page","status-publish","hentry"],"yoast_head":"<!-- This site is optimized with the Yoast SEO plugin v25.3.1 - https:\/\/yoast.com\/wordpress\/plugins\/seo\/ -->\n<title>Dodaj aplikacj\u0119 TikTok Feed do witryny WooCommerce (szybko i bezp\u0142atnie)<\/title>\n<meta name=\"description\" content=\"Zintegruj responsywn\u0105 wtyczk\u0119 WooCommerce TikTok Feed na swojej stronie internetowej. Wypr\u00f3buj por\u0119czn\u0105 wersj\u0119 demonstracyjn\u0105 Elfsight i stw\u00f3rz swoj\u0105 wspania\u0142\u0105 aplikacj\u0119 TikTok.\" \/>\n<meta name=\"robots\" content=\"index, follow, max-snippet:-1, max-image-preview:large, max-video-preview:-1\" \/>\n<link rel=\"canonical\" href=\"https:\/\/elfsight.com\/pl\/tiktok-feed-widget\/woocommerce\/\" \/>\n<meta property=\"og:locale\" content=\"pl_PL\" \/>\n<meta property=\"og:type\" content=\"article\" \/>\n<meta property=\"og:title\" content=\"Dodaj aplikacj\u0119 TikTok Feed do witryny WooCommerce (szybko i bezp\u0142atnie)\" \/>\n<meta property=\"og:description\" content=\"Zintegruj responsywn\u0105 wtyczk\u0119 WooCommerce TikTok Feed na swojej stronie internetowej. Wypr\u00f3buj por\u0119czn\u0105 wersj\u0119 demonstracyjn\u0105 Elfsight i stw\u00f3rz swoj\u0105 wspania\u0142\u0105 aplikacj\u0119 TikTok.\" \/>\n<meta property=\"og:url\" content=\"https:\/\/elfsight.com\/pl\/tiktok-feed-widget\/woocommerce\/\" \/>\n<meta property=\"og:site_name\" content=\"Elfsight PL\" \/>\n<meta property=\"article:modified_time\" content=\"2024-11-14T08:50:08+00:00\" \/>\n<meta name=\"twitter:card\" content=\"summary_large_image\" \/>\n<meta name=\"twitter:label1\" content=\"Szacowany czas czytania\" \/>\n\t<meta name=\"twitter:data1\" content=\"3 minuty\" \/>\n<!-- \/ Yoast SEO plugin. -->","yoast_head_json":{"title":"Dodaj aplikacj\u0119 TikTok Feed do witryny WooCommerce (szybko i bezp\u0142atnie)","description":"Zintegruj responsywn\u0105 wtyczk\u0119 WooCommerce TikTok Feed na swojej stronie internetowej. Wypr\u00f3buj por\u0119czn\u0105 wersj\u0119 demonstracyjn\u0105 Elfsight i stw\u00f3rz swoj\u0105 wspania\u0142\u0105 aplikacj\u0119 TikTok.","robots":{"index":"index","follow":"follow","max-snippet":"max-snippet:-1","max-image-preview":"max-image-preview:large","max-video-preview":"max-video-preview:-1"},"canonical":"https:\/\/elfsight.com\/pl\/tiktok-feed-widget\/woocommerce\/","og_locale":"pl_PL","og_type":"article","og_title":"Dodaj aplikacj\u0119 TikTok Feed do witryny WooCommerce (szybko i bezp\u0142atnie)","og_description":"Zintegruj responsywn\u0105 wtyczk\u0119 WooCommerce TikTok Feed na swojej stronie internetowej. Wypr\u00f3buj por\u0119czn\u0105 wersj\u0119 demonstracyjn\u0105 Elfsight i stw\u00f3rz swoj\u0105 wspania\u0142\u0105 aplikacj\u0119 TikTok.","og_url":"https:\/\/elfsight.com\/pl\/tiktok-feed-widget\/woocommerce\/","og_site_name":"Elfsight PL","article_modified_time":"2024-11-14T08:50:08+00:00","twitter_card":"summary_large_image","twitter_misc":{"Szacowany czas czytania":"3 minuty"},"schema":{"@context":"https:\/\/schema.org","@graph":[{"@type":"WebPage","@id":"https:\/\/elfsight.com\/pl\/tiktok-feed-widget\/woocommerce\/","url":"https:\/\/elfsight.com\/pl\/tiktok-feed-widget\/woocommerce\/","name":"Dodaj aplikacj\u0119 TikTok Feed do witryny WooCommerce (szybko i bezp\u0142atnie)","isPartOf":{"@id":"https:\/\/elfsight.com\/pl\/#website"},"datePublished":"1970-01-01T00:00:00+00:00","dateModified":"2024-11-14T08:50:08+00:00","description":"Zintegruj responsywn\u0105 wtyczk\u0119 WooCommerce TikTok Feed na swojej stronie internetowej. Wypr\u00f3buj por\u0119czn\u0105 wersj\u0119 demonstracyjn\u0105 Elfsight i stw\u00f3rz swoj\u0105 wspania\u0142\u0105 aplikacj\u0119 TikTok.","breadcrumb":{"@id":"https:\/\/elfsight.com\/pl\/tiktok-feed-widget\/woocommerce\/#breadcrumb"},"inLanguage":"pl-PL","potentialAction":[{"@type":"ReadAction","target":["https:\/\/elfsight.com\/pl\/tiktok-feed-widget\/woocommerce\/"]}]},{"@type":"BreadcrumbList","@id":"https:\/\/elfsight.com\/pl\/tiktok-feed-widget\/woocommerce\/#breadcrumb","itemListElement":[{"@type":"ListItem","position":1,"name":"Home","item":"https:\/\/elfsight.com\/pl\/"},{"@type":"ListItem","position":2,"name":"TikTok Feed","item":"https:\/\/elfsight.com\/pl\/tiktok-feed-widget\/"},{"@type":"ListItem","position":3,"name":"TikTok Feed &#8211; WooCommerce"}]},{"@type":"WebSite","@id":"https:\/\/elfsight.com\/pl\/#website","url":"https:\/\/elfsight.com\/pl\/","name":"Elfsight PL","description":"Just another Elfsight Sites site","potentialAction":[{"@type":"SearchAction","target":{"@type":"EntryPoint","urlTemplate":"https:\/\/elfsight.com\/pl\/?s={search_term_string}"},"query-input":{"@type":"PropertyValueSpecification","valueRequired":true,"valueName":"search_term_string"}}],"inLanguage":"pl-PL"}]}},"meta_box":{"industry":"","seo_heading":"","heading":"","description":"","cta_heading":"","cta_description":"","application":"3349","h1":"Wtyczka WooCommerce TikTok Feed","h1_caption":"Prezentuj popularne filmy Tiktok wed\u0142ug hashtagu lub konta, dodaj\u0105c dynamiczne, anga\u017cuj\u0105ce tre\u015bci do swojej witryny internetowej do swojej witryny WooCommerce bez wysi\u0142ku.","application_category":[],"applications_title":"","applications_request_title":"","applications_request_button_text":"","hero_text":"","hero_video":"","hero_video_schema_markup":"","selling_points_title":"","selling_points_caption":"","selling_points":[],"selling_points_cta_text":"","features_title":"","features":"","ed_cta_examples_text":"","ed_cta_examples_hidden":"","ed_cta_demo_text":"","ed_cta_demo_hidden":"","why_caption":"","why_editor_title":"","why_editor_text":"","why_team_title":"","why_team_text":"","why_service_title":"","why_service_text":"","template_catalog_visible":"","template_catalog_title":"","template_catalog_text":"","template_catalog_categories_visible":"","demo_title":"Utw\u00f3rz aplikacj\u0119 TikTok Feed","demo_caption":"Skonfiguruj sw\u00f3j kana\u0142 TikTok i dodaj go do swojej witryny WooCommerce za darmo!","default_faq_hidden":"","app_template_category":[],"platform":"335","template_public_id":"","codecanyon_url":"","codecanyon_item_id":"","codecanyon_price":"","pricing_caption":"","pricing_elfsight_apps_hide_column":"","pricing_elfsight_apps_url":"","pricing_codecanyon_price_caption":"","integration_category":[],"integration_request_title":"","integration_request_cta":"","integration_platform":"","integrations":[],"platform_category":[],"video_schema_markup":"","price":"od 0 USD \/ miesi\u0105c","trial":"","benefits":[{"text":"Bezp\u0142atna pomoc w monta\u017cu"},{"text":"Kompetentna obs\u0142uga klienta"},{"text":"14-dniowa gwarancja zwrotu pieni\u0119dzy"}],"button_url":"#demo","button_target_blank":"","button_nofollow":"","attributes":[{"name":"Instaluje"},{"name":"Czu\u0142y"},{"name":"Kompatybilne przegl\u0105darki"}],"tags":[],"tags_disable_links":"","hide_more_platforms":"","video_object":"","demo_hide_cta":"","demo_hide_cloud_options":"","pricing_title":"","pricing":[{"pricing_icon":"platform","pricing_title":"Elfsight Apps","pricing_title_caption":"Wersja wieloplatformowa","pricing_price":"od 0 USD \/ miesi\u0105c","pricing_price_caption":"zacznij od bezp\u0142atnego planu","pricing_benefits":[{"text":"Nielimitowane strony internetowe"},{"text":"Szybka obs\u0142uga klienta i dobrze udokumentowana"},{"text":"Bezp\u0142atna pomoc w monta\u017cu"},{"text":"100% konfigurowalny"}],"pricing_button_text":"Dodaj do witryny","pricing_button_url":"#demo"}],"related_apps_title":"","related_apps_hidden":"","author":"","image":[],"title":"","job":"","social_networks":[]},"_links":{"self":[{"href":"https:\/\/elfsight.com\/pl\/wp-json\/wp\/v2\/pages\/6894","targetHints":{"allow":["GET"]}}],"collection":[{"href":"https:\/\/elfsight.com\/pl\/wp-json\/wp\/v2\/pages"}],"about":[{"href":"https:\/\/elfsight.com\/pl\/wp-json\/wp\/v2\/types\/page"}],"author":[{"embeddable":true,"href":"https:\/\/elfsight.com\/pl\/wp-json\/wp\/v2\/users\/9"}],"replies":[{"embeddable":true,"href":"https:\/\/elfsight.com\/pl\/wp-json\/wp\/v2\/comments?post=6894"}],"version-history":[{"count":1,"href":"https:\/\/elfsight.com\/pl\/wp-json\/wp\/v2\/pages\/6894\/revisions"}],"predecessor-version":[{"id":6898,"href":"https:\/\/elfsight.com\/pl\/wp-json\/wp\/v2\/pages\/6894\/revisions\/6898"}],"up":[{"embeddable":true,"href":"https:\/\/elfsight.com\/pl\/wp-json\/wp\/v2\/pages\/3396"}],"wp:attachment":[{"href":"https:\/\/elfsight.com\/pl\/wp-json\/wp\/v2\/media?parent=6894"}],"curies":[{"name":"wp","href":"https:\/\/api.w.org\/{rel}","templated":true}]}}