{"id":6888,"date":"1970-01-01T00:00:00","date_gmt":"1970-01-01T00:00:00","guid":{"rendered":"https:\/\/elfsight.com\/pl\/?page_id=6888"},"modified":"2024-10-23T13:29:38","modified_gmt":"2024-10-23T13:29:38","slug":"godaddy","status":"publish","type":"page","link":"https:\/\/elfsight.com\/pl\/tiktok-feed-widget\/godaddy\/","title":{"rendered":"TikTok Feed &#8211; GoDaddy"},"content":{"rendered":"<div class=\"application-platform-content-item-description application-platform-content-item\" id=\"description\" data-nav-section=\"description\"> <h2>Osad\u017a kana\u0142 TikTok w GoDaddy za pomoc\u0105 wid\u017cetu Elfsight<\/h2> <p>Elfsight TiKTok Feed to specjalna wtyczka s\u0142u\u017c\u0105ca do promowania nie tylko rzeczy, ale emocje i prze\u017cycia. Dzi\u0119ki niemu mo\u017cesz zbudowa\u0107 zindywidualizowany kana\u0142 sk\u0142adaj\u0105cy si\u0119 z tre\u015bci z TikTok &#8211; i pokaza\u0107 go bezpo\u015brednio na swojej stronie. Stw\u00f3rz galeri\u0119 wideo w kilka minut! Przejmij ca\u0142kowit\u0105 kontrol\u0119 nad ujawnion\u0105 tre\u015bci\u0105 i eliminuj spam oraz wszelkie niepo\u017c\u0105dane tre\u015bci za pomoc\u0105 r\u0119cznej moderacji. Ca\u0142kowicie responsywny konfigurator online oferuje wiele szablon\u00f3w do wyboru. <\/p> <p><b>Dzi\u0119ki TikTok Feed mo\u017cesz zapewni\u0107 silny rozw\u00f3j biznesu i lepsz\u0105 sprzeda\u017c <\/b><\/p> <\/div> <div class=\"application-platform-content-item-features application-platform-content-item\" id=\"features\" data-nav-section=\"features\"> <h2>Sprawd\u017a list\u0119 najpot\u0119\u017cniejsze funkcje: <\/h2> <ul><li>Ukryj nag\u0142\u00f3wek, aby narz\u0119dzie wygl\u0105da\u0142o minimalistycznie. <\/li><li>Wyeliminuj wszelki spam i niechciane tre\u015bci za pomoc\u0105 r\u0119cznej moderacji. <\/li><li>Umie\u015b\u0107 przycisk Obserwuj na kanale narz\u0119dzia. <\/li><li>Spraw, aby Twoje posty pojawia\u0142y si\u0119 w wyskakuj\u0105cym okienku. <\/li><\/ul><p><a href=\"#demo\">Mo\u017cesz zobaczy\u0107, ile jest warta wtyczka, korzystaj\u0105c z wersji demonstracyjnej<\/a><\/p> <\/div> <div class=\"application-platform-content-item-installation application-platform-content-item\" id=\"installation\" data-nav-section=\"installation\"> <h2>Jak mog\u0119 doda\u0107 kana\u0142 TikTok do mojej witryny GoDaddy? <\/h2> <p>Wystarczy wykona\u0107 poni\u017csze kroki, aby zintegrowa\u0107 narz\u0119dzie. <\/p> <ol><li><b>Skorzystaj z naszego darmowego konfiguratora i zacznij tworzy\u0107 sw\u00f3j w\u0142asny instrument. <\/b><br> Okre\u015bl wybrany interfejs i charakterystyk\u0119 narz\u0119dzia oraz zastosuj poprawki. <\/li> <li><b>Odbierz unikalny kod wy\u015bwietlany w oknie aplikacji Elfsight. <\/b><br> Zaraz po zako\u0144czeniu tworzenia wtyczki skopiuj indywidualny kod w wy\u015bwietlonym polu i zachowaj go na przysz\u0142o\u015b\u0107. <\/li> <li><b>Wpisz opcj\u0119 korzystania z narz\u0119dzia na stronie g\u0142\u00f3wnej GoDaddy. <\/b><br> Umie\u015b\u0107 zapisany wcze\u015bniej kod na swojej stronie i zastosuj modyfikacje. <\/li> <li><b>Instalacja zosta\u0142a ca\u0142kowicie zako\u0144czona. <\/b><br> Przejd\u017a na swoj\u0105 stron\u0119 i sprawd\u017a, jak dzia\u0142a wtyczka. <\/li><\/ol> <p>Je\u015bli napotkasz jakie\u015b trudno\u015bci, nie wahaj si\u0119 napisa\u0107 do naszego personelu pomocy technicznej. Nasi konsultanci ch\u0119tnie pomog\u0105 Ci we wszystkich trudno\u015bciach, jakie mo\u017cesz mie\u0107 z wtyczk\u0105. <\/p> <\/div><div class=\"faq\" data-component=\"FAQ\"><div class=\"faq-item\">\r\n\t\t\t\t\t<div class=\"faq-item-question\">\r\n\t\t\t\t\t\t<h3 class=\"faq-item-question-text\">Czy istnieje spos\u00f3b na dodanie kana\u0142u TikTok do mojej strony g\u0142\u00f3wnej GoDaddy bez znajomo\u015bci kodowania?<\/h3>\r\n\r\n\t\t\t\t\t\t<div class=\"faq-item-question-icon\"><\/div>\r\n\t\t\t\t\t<\/div>\r\n\r\n\t\t\t\t\t<div class=\"faq-item-answer\">\r\n\t\t\t\t\t\t<div class=\"faq-item-answer-text\"><p>Firma Elfsight zapewnia rozwi\u0105zanie, kt\u00f3re pozwala samodzielnie wygenerowa\u0107 aplikacj\u0119 TikTok Feed, przekonaj si\u0119, jakie to proste:<\/p><ul><li>Rozpocznij prac\u0119 w edytorze online, aby utworzy\u0107 wtyczk\u0119 TikTok Feed, kt\u00f3r\u0105 chcesz zintegrowa\u0107 ze swoim GoDaddy.<\/li><li>Wybierz jeden z gotowych szablon\u00f3w i zmodyfikuj ustawienia TikTok Feed, zaktualizuj swoj\u0105 tre\u015b\u0107, zmie\u0144 uk\u0142ad i kolory bez umiej\u0119tno\u015bci kodowania.<\/li><li>Zapisz TikTok Feed i uzyskaj kod instalacyjny wid\u017cetu , kt\u00f3re mo\u017cesz bezp\u0142atnie umie\u015bci\u0107 na dowolnej witrynie GoDaddy.<\/li><\/ul><p>Dzi\u0119ki naszemu \u0142atwemu w u\u017cyciu konfiguratorowi ka\u017cdy u\u017cytkownik Internetu mo\u017ce wygenerowa\u0107 aplikacj\u0119 TikTok Feed i umie\u015bci\u0107 j\u0105 na swojej stronie g\u0142\u00f3wnej GoDaddy. Aby uzyska\u0107 dost\u0119p do us\u0142ugi, nie mo\u017cesz wykupi\u0107 p\u0142atnej subskrypcji ani ujawnia\u0107 danych uwierzytelniaj\u0105cych swojej karty. Je\u015bli na kt\u00f3rymkolwiek etapie napotkasz jakiekolwiek przeszkody, skontaktuj si\u0119 z naszym dzia\u0142em obs\u0142ugi klienta.<\/p><\/div>\r\n\t\t\t\t\t<\/div>\r\n\t\t\t\t<\/div><\/div>","protected":false},"excerpt":{"rendered":"","protected":false},"author":9,"featured_media":0,"parent":3396,"menu_order":0,"comment_status":"closed","ping_status":"closed","template":"templates\/template-application-platform.php","meta":{"publish_to_discourse":"","publish_post_category":"","wpdc_auto_publish_overridden":"","wpdc_topic_tags":"","wpdc_pin_topic":"","wpdc_pin_until":"","discourse_post_id":"","discourse_permalink":"","wpdc_publishing_response":"","wpdc_publishing_error":"","footnotes":""},"class_list":["post-6888","page","type-page","status-publish","hentry"],"yoast_head":"<!-- This site is optimized with the Yoast SEO plugin v25.3.1 - https:\/\/yoast.com\/wordpress\/plugins\/seo\/ -->\n<title>Kana\u0142 TikTok \u2014 dodaj wtyczk\u0119 TikTok Feed do witryny GoDaddy!<\/title>\n<meta name=\"description\" content=\"Umie\u015b\u0107 responsywn\u0105 wtyczk\u0119 GoDaddy TikTok Feed w swojej witrynie GoDaddy. Wypr\u00f3buj wersj\u0119 demonstracyjn\u0105 Elfsight i stw\u00f3rz stylow\u0105 aplikacj\u0119 TikTok za pomoc\u0105 kilku klikni\u0119\u0107\" \/>\n<meta name=\"robots\" content=\"index, follow, max-snippet:-1, max-image-preview:large, max-video-preview:-1\" \/>\n<link rel=\"canonical\" href=\"https:\/\/elfsight.com\/pl\/tiktok-feed-widget\/godaddy\/\" \/>\n<meta property=\"og:locale\" content=\"pl_PL\" \/>\n<meta property=\"og:type\" content=\"article\" \/>\n<meta property=\"og:title\" content=\"Kana\u0142 TikTok \u2014 dodaj wtyczk\u0119 TikTok Feed do witryny GoDaddy!\" \/>\n<meta property=\"og:description\" content=\"Umie\u015b\u0107 responsywn\u0105 wtyczk\u0119 GoDaddy TikTok Feed w swojej witrynie GoDaddy. Wypr\u00f3buj wersj\u0119 demonstracyjn\u0105 Elfsight i stw\u00f3rz stylow\u0105 aplikacj\u0119 TikTok za pomoc\u0105 kilku klikni\u0119\u0107\" \/>\n<meta property=\"og:url\" content=\"https:\/\/elfsight.com\/pl\/tiktok-feed-widget\/godaddy\/\" \/>\n<meta property=\"og:site_name\" content=\"Elfsight PL\" \/>\n<meta property=\"article:modified_time\" content=\"2024-10-23T13:29:38+00:00\" \/>\n<meta name=\"twitter:card\" content=\"summary_large_image\" \/>\n<meta name=\"twitter:label1\" content=\"Szacowany czas czytania\" \/>\n\t<meta name=\"twitter:data1\" content=\"3 minuty\" \/>\n<!-- \/ Yoast SEO plugin. -->","yoast_head_json":{"title":"Kana\u0142 TikTok \u2014 dodaj wtyczk\u0119 TikTok Feed do witryny GoDaddy!","description":"Umie\u015b\u0107 responsywn\u0105 wtyczk\u0119 GoDaddy TikTok Feed w swojej witrynie GoDaddy. Wypr\u00f3buj wersj\u0119 demonstracyjn\u0105 Elfsight i stw\u00f3rz stylow\u0105 aplikacj\u0119 TikTok za pomoc\u0105 kilku klikni\u0119\u0107","robots":{"index":"index","follow":"follow","max-snippet":"max-snippet:-1","max-image-preview":"max-image-preview:large","max-video-preview":"max-video-preview:-1"},"canonical":"https:\/\/elfsight.com\/pl\/tiktok-feed-widget\/godaddy\/","og_locale":"pl_PL","og_type":"article","og_title":"Kana\u0142 TikTok \u2014 dodaj wtyczk\u0119 TikTok Feed do witryny GoDaddy!","og_description":"Umie\u015b\u0107 responsywn\u0105 wtyczk\u0119 GoDaddy TikTok Feed w swojej witrynie GoDaddy. Wypr\u00f3buj wersj\u0119 demonstracyjn\u0105 Elfsight i stw\u00f3rz stylow\u0105 aplikacj\u0119 TikTok za pomoc\u0105 kilku klikni\u0119\u0107","og_url":"https:\/\/elfsight.com\/pl\/tiktok-feed-widget\/godaddy\/","og_site_name":"Elfsight PL","article_modified_time":"2024-10-23T13:29:38+00:00","twitter_card":"summary_large_image","twitter_misc":{"Szacowany czas czytania":"3 minuty"},"schema":{"@context":"https:\/\/schema.org","@graph":[{"@type":"WebPage","@id":"https:\/\/elfsight.com\/pl\/tiktok-feed-widget\/godaddy\/","url":"https:\/\/elfsight.com\/pl\/tiktok-feed-widget\/godaddy\/","name":"Kana\u0142 TikTok \u2014 dodaj wtyczk\u0119 TikTok Feed do witryny GoDaddy!","isPartOf":{"@id":"https:\/\/elfsight.com\/pl\/#website"},"datePublished":"1970-01-01T00:00:00+00:00","dateModified":"2024-10-23T13:29:38+00:00","description":"Umie\u015b\u0107 responsywn\u0105 wtyczk\u0119 GoDaddy TikTok Feed w swojej witrynie GoDaddy. Wypr\u00f3buj wersj\u0119 demonstracyjn\u0105 Elfsight i stw\u00f3rz stylow\u0105 aplikacj\u0119 TikTok za pomoc\u0105 kilku klikni\u0119\u0107","breadcrumb":{"@id":"https:\/\/elfsight.com\/pl\/tiktok-feed-widget\/godaddy\/#breadcrumb"},"inLanguage":"pl-PL","potentialAction":[{"@type":"ReadAction","target":["https:\/\/elfsight.com\/pl\/tiktok-feed-widget\/godaddy\/"]}]},{"@type":"BreadcrumbList","@id":"https:\/\/elfsight.com\/pl\/tiktok-feed-widget\/godaddy\/#breadcrumb","itemListElement":[{"@type":"ListItem","position":1,"name":"Home","item":"https:\/\/elfsight.com\/pl\/"},{"@type":"ListItem","position":2,"name":"TikTok Feed","item":"https:\/\/elfsight.com\/pl\/tiktok-feed-widget\/"},{"@type":"ListItem","position":3,"name":"TikTok Feed &#8211; GoDaddy"}]},{"@type":"WebSite","@id":"https:\/\/elfsight.com\/pl\/#website","url":"https:\/\/elfsight.com\/pl\/","name":"Elfsight PL","description":"Just another Elfsight Sites site","potentialAction":[{"@type":"SearchAction","target":{"@type":"EntryPoint","urlTemplate":"https:\/\/elfsight.com\/pl\/?s={search_term_string}"},"query-input":{"@type":"PropertyValueSpecification","valueRequired":true,"valueName":"search_term_string"}}],"inLanguage":"pl-PL"}]}},"meta_box":{"industry":"","seo_heading":"","heading":"","description":"","cta_heading":"","cta_description":"","application":"3349","h1":"Wtyczka GoDaddy TikTok Feed","h1_caption":"Prezentuj popularne filmy Tiktok wed\u0142ug hashtagu lub konta, bez wysi\u0142ku dodaj\u0105c dynamiczn\u0105, anga\u017cuj\u0105c\u0105 tre\u015b\u0107 do swojej witryny internetowej w witrynie GoDaddy.","application_category":[],"applications_title":"","applications_request_title":"","applications_request_button_text":"","hero_text":"","hero_video":"","hero_video_schema_markup":"","selling_points_title":"","selling_points_caption":"","selling_points":[],"selling_points_cta_text":"","features_title":"","features":"","ed_cta_examples_text":"","ed_cta_examples_hidden":"","ed_cta_demo_text":"","ed_cta_demo_hidden":"","why_caption":"","why_editor_title":"","why_editor_text":"","why_team_title":"","why_team_text":"","why_service_title":"","why_service_text":"","template_catalog_visible":"","template_catalog_title":"","template_catalog_text":"","template_catalog_categories_visible":"","demo_title":"Pospiesz si\u0119, aby stworzy\u0107 niestandardowy kana\u0142 GoDaddy TikTok","demo_caption":"Dostosuj go i zaimplementuj wtyczk\u0119 na swojej stronie internetowej za pomoc\u0105 aktywnego demo.","default_faq_hidden":"","app_template_category":[],"platform":"180","template_public_id":"","codecanyon_url":"","codecanyon_item_id":"","codecanyon_price":"","pricing_caption":"","pricing_elfsight_apps_hide_column":"","pricing_elfsight_apps_url":"","pricing_codecanyon_price_caption":"","integration_category":[],"integration_request_title":"","integration_request_cta":"","integration_platform":"","integrations":[],"platform_category":[],"video_schema_markup":"","price":"od 0 USD \/ miesi\u0105c","trial":"","benefits":[{"text":"Bezp\u0142atna pomoc w monta\u017cu"},{"text":"Kompetentna obs\u0142uga klienta"},{"text":"14-dniowa gwarancja zwrotu pieni\u0119dzy"}],"button_url":"#demo","button_target_blank":"","button_nofollow":"","attributes":[{"name":"Instaluje"},{"name":"Czu\u0142y"},{"name":"Kompatybilne przegl\u0105darki"}],"tags":[],"tags_disable_links":"","hide_more_platforms":"","video_object":"","demo_hide_cta":"","demo_hide_cloud_options":"","pricing_title":"","pricing":[{"pricing_icon":"platform","pricing_title":"Elfsight Apps","pricing_title_caption":"Oprogramowanie wieloplatformowe","pricing_price":"od 0 USD \/ miesi\u0105c","pricing_price_caption":"zacznij od bezp\u0142atnego planu","pricing_benefits":[{"text":"Nielimitowane domeny"},{"text":"Wsparcie premium, terminowe i dobrze udokumentowane"},{"text":"Bezp\u0142atna pomoc w monta\u017cu"},{"text":"W pe\u0142ni konfigurowalny"}],"pricing_button_text":"Dodaj do witryny","pricing_button_url":"#demo"}],"related_apps_title":"","related_apps_hidden":"","author":"","image":[],"title":"","job":"","social_networks":[]},"_links":{"self":[{"href":"https:\/\/elfsight.com\/pl\/wp-json\/wp\/v2\/pages\/6888","targetHints":{"allow":["GET"]}}],"collection":[{"href":"https:\/\/elfsight.com\/pl\/wp-json\/wp\/v2\/pages"}],"about":[{"href":"https:\/\/elfsight.com\/pl\/wp-json\/wp\/v2\/types\/page"}],"author":[{"embeddable":true,"href":"https:\/\/elfsight.com\/pl\/wp-json\/wp\/v2\/users\/9"}],"replies":[{"embeddable":true,"href":"https:\/\/elfsight.com\/pl\/wp-json\/wp\/v2\/comments?post=6888"}],"version-history":[{"count":1,"href":"https:\/\/elfsight.com\/pl\/wp-json\/wp\/v2\/pages\/6888\/revisions"}],"predecessor-version":[{"id":6892,"href":"https:\/\/elfsight.com\/pl\/wp-json\/wp\/v2\/pages\/6888\/revisions\/6892"}],"up":[{"embeddable":true,"href":"https:\/\/elfsight.com\/pl\/wp-json\/wp\/v2\/pages\/3396"}],"wp:attachment":[{"href":"https:\/\/elfsight.com\/pl\/wp-json\/wp\/v2\/media?parent=6888"}],"curies":[{"name":"wp","href":"https:\/\/api.w.org\/{rel}","templated":true}]}}