{"id":6887,"date":"2024-05-03T06:51:10","date_gmt":"2024-05-03T06:51:10","guid":{"rendered":"https:\/\/elfsight.com\/pl\/?page_id=6887"},"modified":"2024-10-23T13:29:13","modified_gmt":"2024-10-23T13:29:13","slug":"prestashop","status":"publish","type":"page","link":"https:\/\/elfsight.com\/pl\/tiktok-feed-widget\/prestashop\/","title":{"rendered":"TikTok Feed &#8211; PrestaShop"},"content":{"rendered":"<div class=\"application-platform-content-item-description application-platform-content-item\" id=\"description\" data-nav-section=\"description\"> <h2>Opis<\/h2> <p>Kana\u0142 Elfsight TiKTok dla Squarespace to wtyczka s\u0142u\u017c\u0105ca do marketingu nie tylko przedmiot\u00f3w, ale tak\u017ce emocji i do\u015bwiadcze\u0144. Dzi\u0119ki niemu mo\u017cesz zaprojektowa\u0107 w\u0142asny kana\u0142 sk\u0142adaj\u0105cy si\u0119 z tre\u015bci z TikToka &#8211; i umie\u015bci\u0107 go bezpo\u015brednio na swojej stronie. Utw\u00f3rz galeri\u0119 wideo w 1-2-3! Ciesz si\u0119 ca\u0142kowit\u0105 kontrol\u0105 nad prezentowan\u0105 tre\u015bci\u0105 i pozbywaj si\u0119 spamu oraz wszelkich niepo\u017c\u0105danych tre\u015bci poprzez r\u0119czn\u0105 moderacj\u0119. W pe\u0142ni responsywny edytor online udost\u0119pnia wiele szablon\u00f3w do wyboru. <\/p> <p><b>Zwi\u0119ksz skuteczno\u015b\u0107 swojej witryny w zadaniach biznesowych za pomoc\u0105 kana\u0142u TikTok<\/b><\/p> <\/div> <div class=\"application-platform-content-item-features application-platform-content-item\" id=\"features\" data-nav-section=\"features\"> <h2>Oto lista z najlepszych funkcji: <\/h2> <ul><li>Ukryj nag\u0142\u00f3wek, aby Twoja wtyczka wygl\u0105da\u0142a minimalistycznie. <\/li><li>Usu\u0144 spam i niechciane tre\u015bci za pomoc\u0105 r\u0119cznej moderacji. <\/li><li>Umie\u015b\u0107 przycisk Obserwuj na s\u0142upkach narz\u0119dzi. <\/li><li>Pozw\u00f3l na wy\u015bwietlanie swoich post\u00f3w w wyskakuj\u0105cych okienkach. <\/li><\/ul><p><a href=\"#demo\">Wystarczy sprawdzi\u0107 t\u0119 wersj\u0119 demonstracyjn\u0105, aby zrozumie\u0107 funkcjonalno\u015b\u0107 wid\u017cetu<\/a><\/p> <\/div> <div class=\"application-platform-content-item-installation application-platform-content-item\" id=\"installation\" data-nav-section=\"installation\"> <h2>Jak osadzi\u0107 kana\u0142 TikTok na mojej stronie internetowej Squarespace? <\/h2> <p>Wystarczy post\u0119powa\u0107 zgodnie z poni\u017cszymi wskaz\u00f3wkami, aby rozpocz\u0105\u0107 prac\u0119 z wtyczk\u0105. <\/p> <ol><li><b>Skorzystaj z naszej bezp\u0142atnej wersji demonstracyjnej i zacznij tworzy\u0107 w\u0142asn\u0105 wtyczk\u0119. <\/b><br> Okre\u015bl odpowiedni wygl\u0105d i aspekty wid\u017cetu i zastosuj modyfikacje. <\/li> <li><b>Odbierz sw\u00f3j osobisty kod, kt\u00f3ry pojawi si\u0119 w oknie aplikacji Elfsight. <\/b><br> Zaraz po skonfigurowaniu wid\u017cetu skopiuj ekskluzywny kod z wy\u015bwietlonego pola i zapisz go na p\u00f3\u017aniej. <\/li> <li><b>Zaanga\u017cuj si\u0119 w korzystanie z wtyczki w swojej witrynie Squarespace. <\/b><br> Wstaw ostatnio zapisany kod na swoj\u0105 stron\u0119 i zapisz zmiany. <\/li> <li><b>Gotowe! Integracja zosta\u0142a pomy\u015blnie przeprowadzona. <\/b><br> Przejd\u017a do swojej witryny i zobacz, jak dzia\u0142a narz\u0119dzie. <\/li><\/ol> <p>Je\u015bli masz pytania lub napotkasz jakiekolwiek trudno\u015bci, mo\u017cesz ubiega\u0107 si\u0119 o kontakt z naszym personelem pomocniczym. Nasi konsultanci ch\u0119tnie pomog\u0105 Ci we wszystkich problemach, jakie mo\u017cesz mie\u0107 z wtyczk\u0105. <\/p> <\/div><div class=\"faq\" data-component=\"FAQ\"><div class=\"faq-item\">\r\n\t\t\t\t\t<div class=\"faq-item-question\">\r\n\t\t\t\t\t\t<h3 class=\"faq-item-question-text\">Jak mog\u0119 doda\u0107 kana\u0142 TikTok do mojej strony g\u0142\u00f3wnej PrestaShop bez znajomo\u015bci kodowania?<\/h3>\r\n\r\n\t\t\t\t\t\t<div class=\"faq-item-question-icon\"><\/div>\r\n\t\t\t\t\t<\/div>\r\n\r\n\t\t\t\t\t<div class=\"faq-item-answer\">\r\n\t\t\t\t\t\t<div class=\"faq-item-answer-text\"><p>Firma Elfsight dostarcza Rozwi\u0105zanie w chmurze, kt\u00f3re umo\u017cliwia samodzielne zbudowanie aplikacji TikTok Feed, sprawd\u017a proste kroki:<\/p><ul><li>Rozpocznij prac\u0119 w edytorze na \u017cywo, aby wygenerowa\u0107 sekcj\u0119 TikTok Feed, kt\u00f3r\u0105 chcesz doda\u0107 na stronie internetowej PrestaShop.<\/li><li>Wybierz jeden z wst\u0119pnie zaprojektowanych szablon\u00f3w i zmie\u0144 ustawienia kana\u0142u TikTok, zmie\u0144 uk\u0142ad i kolory, do\u0142\u0105cz tre\u015b\u0107 bez znajomo\u015bci kodowania.<\/li><li>Kliknij, aby zapisa\u0107 kana\u0142 TikTok i uzyska\u0107 wtyczki kod do instalacji, kt\u00f3ry mo\u017cesz \u0142atwo umie\u015bci\u0107 na dowolnej stronie PrestaShop, korzystaj\u0105c z bezp\u0142atnego planu.<\/li><\/ul><p>Dzi\u0119ki naszemu prostemu edytorowi ka\u017cdy u\u017cytkownik sieci mo\u017ce zbudowa\u0107 wtyczk\u0119 TikTok Feed i po prostu wklei\u0107 j\u0105 do swojego PrestaShop strona internetowa. Aby skorzysta\u0107 z us\u0142ugi Elfsight, nie mo\u017cesz uzyska\u0107 p\u0142atnego planu ani podawa\u0107 danych uwierzytelniaj\u0105cych karty. Je\u015bli na kt\u00f3rymkolwiek etapie napotkasz jakiekolwiek problemy, skontaktuj si\u0119 z naszym personelem pomocy technicznej.<\/p><\/div>\r\n\t\t\t\t\t<\/div>\r\n\t\t\t\t<\/div><\/div>","protected":false},"excerpt":{"rendered":"","protected":false},"author":9,"featured_media":0,"parent":3396,"menu_order":0,"comment_status":"closed","ping_status":"closed","template":"templates\/template-application-platform.php","meta":{"publish_to_discourse":"","publish_post_category":"","wpdc_auto_publish_overridden":"","wpdc_topic_tags":"","wpdc_pin_topic":"","wpdc_pin_until":"","discourse_post_id":"","discourse_permalink":"","wpdc_publishing_response":"","wpdc_publishing_error":"","footnotes":""},"class_list":["post-6887","page","type-page","status-publish","hentry"],"yoast_head":"<!-- This site is optimized with the Yoast SEO plugin v25.3.1 - https:\/\/yoast.com\/wordpress\/plugins\/seo\/ -->\n<title>Dodaj wtyczk\u0119 TikTok Feed do witryny Squarespace (szybko i bezp\u0142atnie)<\/title>\n<meta name=\"description\" content=\"Umie\u015b\u0107 \u0142atw\u0105 w zarz\u0105dzaniu wtyczk\u0119 Squarespace TikTok Feed na swojej stronie internetowej. Wypr\u00f3buj por\u0119czn\u0105 wersj\u0119 demonstracyjn\u0105 Elfsight i zmodyfikuj sw\u00f3j wspania\u0142y widget TikTok.\" \/>\n<meta name=\"robots\" content=\"index, follow, max-snippet:-1, max-image-preview:large, max-video-preview:-1\" \/>\n<link rel=\"canonical\" href=\"https:\/\/elfsight.com\/pl\/tiktok-feed-widget\/prestashop\/\" \/>\n<meta property=\"og:locale\" content=\"pl_PL\" \/>\n<meta property=\"og:type\" content=\"article\" \/>\n<meta property=\"og:title\" content=\"Dodaj wtyczk\u0119 TikTok Feed do witryny Squarespace (szybko i bezp\u0142atnie)\" \/>\n<meta property=\"og:description\" content=\"Umie\u015b\u0107 \u0142atw\u0105 w zarz\u0105dzaniu wtyczk\u0119 Squarespace TikTok Feed na swojej stronie internetowej. Wypr\u00f3buj por\u0119czn\u0105 wersj\u0119 demonstracyjn\u0105 Elfsight i zmodyfikuj sw\u00f3j wspania\u0142y widget TikTok.\" \/>\n<meta property=\"og:url\" content=\"https:\/\/elfsight.com\/pl\/tiktok-feed-widget\/prestashop\/\" \/>\n<meta property=\"og:site_name\" content=\"Elfsight PL\" \/>\n<meta property=\"article:modified_time\" content=\"2024-10-23T13:29:13+00:00\" \/>\n<meta name=\"twitter:card\" content=\"summary_large_image\" \/>\n<meta name=\"twitter:label1\" content=\"Szacowany czas czytania\" \/>\n\t<meta name=\"twitter:data1\" content=\"3 minuty\" \/>\n<!-- \/ Yoast SEO plugin. -->","yoast_head_json":{"title":"Dodaj wtyczk\u0119 TikTok Feed do witryny Squarespace (szybko i bezp\u0142atnie)","description":"Umie\u015b\u0107 \u0142atw\u0105 w zarz\u0105dzaniu wtyczk\u0119 Squarespace TikTok Feed na swojej stronie internetowej. Wypr\u00f3buj por\u0119czn\u0105 wersj\u0119 demonstracyjn\u0105 Elfsight i zmodyfikuj sw\u00f3j wspania\u0142y widget TikTok.","robots":{"index":"index","follow":"follow","max-snippet":"max-snippet:-1","max-image-preview":"max-image-preview:large","max-video-preview":"max-video-preview:-1"},"canonical":"https:\/\/elfsight.com\/pl\/tiktok-feed-widget\/prestashop\/","og_locale":"pl_PL","og_type":"article","og_title":"Dodaj wtyczk\u0119 TikTok Feed do witryny Squarespace (szybko i bezp\u0142atnie)","og_description":"Umie\u015b\u0107 \u0142atw\u0105 w zarz\u0105dzaniu wtyczk\u0119 Squarespace TikTok Feed na swojej stronie internetowej. Wypr\u00f3buj por\u0119czn\u0105 wersj\u0119 demonstracyjn\u0105 Elfsight i zmodyfikuj sw\u00f3j wspania\u0142y widget TikTok.","og_url":"https:\/\/elfsight.com\/pl\/tiktok-feed-widget\/prestashop\/","og_site_name":"Elfsight PL","article_modified_time":"2024-10-23T13:29:13+00:00","twitter_card":"summary_large_image","twitter_misc":{"Szacowany czas czytania":"3 minuty"},"schema":{"@context":"https:\/\/schema.org","@graph":[{"@type":"WebPage","@id":"https:\/\/elfsight.com\/pl\/tiktok-feed-widget\/prestashop\/","url":"https:\/\/elfsight.com\/pl\/tiktok-feed-widget\/prestashop\/","name":"Dodaj wtyczk\u0119 TikTok Feed do witryny Squarespace (szybko i bezp\u0142atnie)","isPartOf":{"@id":"https:\/\/elfsight.com\/pl\/#website"},"datePublished":"2024-05-03T06:51:10+00:00","dateModified":"2024-10-23T13:29:13+00:00","description":"Umie\u015b\u0107 \u0142atw\u0105 w zarz\u0105dzaniu wtyczk\u0119 Squarespace TikTok Feed na swojej stronie internetowej. Wypr\u00f3buj por\u0119czn\u0105 wersj\u0119 demonstracyjn\u0105 Elfsight i zmodyfikuj sw\u00f3j wspania\u0142y widget TikTok.","breadcrumb":{"@id":"https:\/\/elfsight.com\/pl\/tiktok-feed-widget\/prestashop\/#breadcrumb"},"inLanguage":"pl-PL","potentialAction":[{"@type":"ReadAction","target":["https:\/\/elfsight.com\/pl\/tiktok-feed-widget\/prestashop\/"]}]},{"@type":"BreadcrumbList","@id":"https:\/\/elfsight.com\/pl\/tiktok-feed-widget\/prestashop\/#breadcrumb","itemListElement":[{"@type":"ListItem","position":1,"name":"Home","item":"https:\/\/elfsight.com\/pl\/"},{"@type":"ListItem","position":2,"name":"TikTok Feed","item":"https:\/\/elfsight.com\/pl\/tiktok-feed-widget\/"},{"@type":"ListItem","position":3,"name":"TikTok Feed &#8211; PrestaShop"}]},{"@type":"WebSite","@id":"https:\/\/elfsight.com\/pl\/#website","url":"https:\/\/elfsight.com\/pl\/","name":"Elfsight PL","description":"Just another Elfsight Sites site","potentialAction":[{"@type":"SearchAction","target":{"@type":"EntryPoint","urlTemplate":"https:\/\/elfsight.com\/pl\/?s={search_term_string}"},"query-input":{"@type":"PropertyValueSpecification","valueRequired":true,"valueName":"search_term_string"}}],"inLanguage":"pl-PL"}]}},"meta_box":{"industry":"","seo_heading":"","heading":"","description":"","cta_heading":"","cta_description":"","application":"3349","h1":"Dodatek do kana\u0142\u00f3w PrestaShop TikTok","h1_caption":"Prezentuj popularne filmy Tiktok wed\u0142ug hashtagu lub konta, bez wysi\u0142ku dodaj\u0105c dynamiczne, anga\u017cuj\u0105ce tre\u015bci do swojej witryny internetowej do witryny Prestashop.","application_category":[],"applications_title":"","applications_request_title":"","applications_request_button_text":"","hero_text":"","hero_video":"","hero_video_schema_markup":"","selling_points_title":"","selling_points_caption":"","selling_points":[],"selling_points_cta_text":"","features_title":"","features":"","ed_cta_examples_text":"","ed_cta_examples_hidden":"","ed_cta_demo_text":"","ed_cta_demo_hidden":"","why_caption":"","why_editor_title":"","why_editor_text":"","why_team_title":"","why_team_text":"","why_service_title":"","why_service_text":"","template_catalog_visible":"","template_catalog_title":"","template_catalog_text":"","template_catalog_categories_visible":"","demo_title":"Zach\u0119camy do tworzenia spersonalizowanego kana\u0142u Squarespace TikTok","demo_caption":"Dostosuj go i zintegruj ze swoj\u0105 witryn\u0105 za pomoc\u0105 demonstracji na \u017cywo.","default_faq_hidden":"","app_template_category":[],"platform":"586","template_public_id":"","codecanyon_url":"","codecanyon_item_id":"","codecanyon_price":"","pricing_caption":"","pricing_elfsight_apps_hide_column":"","pricing_elfsight_apps_url":"","pricing_codecanyon_price_caption":"","integration_category":[],"integration_request_title":"","integration_request_cta":"","integration_platform":"","integrations":[],"platform_category":[],"video_schema_markup":"","price":"od 0 USD \/ miesi\u0105c","trial":"","benefits":[{"text":"Bezp\u0142atna pomoc w monta\u017cu"},{"text":"Wsparcie premium"},{"text":"14-dniowa gwarancja zwrotu pieni\u0119dzy"},{"text":"Regularne bezp\u0142atne aktualizacje"}],"button_url":"#demo","button_target_blank":"","button_nofollow":"","attributes":[{"name":"Instaluje"},{"name":"Czu\u0142y"},{"name":"Kompatybilne przegl\u0105darki"}],"tags":[],"tags_disable_links":"","hide_more_platforms":"","video_object":"","demo_hide_cta":"","demo_hide_cloud_options":"","pricing_title":"","pricing":[{"pricing_icon":"platform","pricing_title":"Elfsight Apps","pricing_title_caption":"Niezale\u017cne od platformy rozwi\u0105zanie cyfrowe, kt\u00f3re pasuje do ka\u017cdej witryny internetowej","pricing_price":"od 0 USD \/ miesi\u0105c","pricing_price_caption":"zacznij od bezp\u0142atnego planu","pricing_benefits":[{"text":"Nielimitowane domeny"},{"text":"Ca\u0142odobowa obs\u0142uga klienta"},{"text":"Bezp\u0142atna pomoc w monta\u017cu"},{"text":"Elastyczny projekt"}],"pricing_button_text":"Dodaj do witryny","pricing_button_url":"#demo"}],"related_apps_title":"","related_apps_hidden":"","author":"","image":[],"title":"","job":"","social_networks":[]},"_links":{"self":[{"href":"https:\/\/elfsight.com\/pl\/wp-json\/wp\/v2\/pages\/6887","targetHints":{"allow":["GET"]}}],"collection":[{"href":"https:\/\/elfsight.com\/pl\/wp-json\/wp\/v2\/pages"}],"about":[{"href":"https:\/\/elfsight.com\/pl\/wp-json\/wp\/v2\/types\/page"}],"author":[{"embeddable":true,"href":"https:\/\/elfsight.com\/pl\/wp-json\/wp\/v2\/users\/9"}],"replies":[{"embeddable":true,"href":"https:\/\/elfsight.com\/pl\/wp-json\/wp\/v2\/comments?post=6887"}],"version-history":[{"count":1,"href":"https:\/\/elfsight.com\/pl\/wp-json\/wp\/v2\/pages\/6887\/revisions"}],"predecessor-version":[{"id":6891,"href":"https:\/\/elfsight.com\/pl\/wp-json\/wp\/v2\/pages\/6887\/revisions\/6891"}],"up":[{"embeddable":true,"href":"https:\/\/elfsight.com\/pl\/wp-json\/wp\/v2\/pages\/3396"}],"wp:attachment":[{"href":"https:\/\/elfsight.com\/pl\/wp-json\/wp\/v2\/media?parent=6887"}],"curies":[{"name":"wp","href":"https:\/\/api.w.org\/{rel}","templated":true}]}}