{"id":6886,"date":"1970-01-01T00:00:00","date_gmt":"1970-01-01T00:00:00","guid":{"rendered":"https:\/\/elfsight.com\/pl\/?page_id=6886"},"modified":"2024-10-23T13:29:30","modified_gmt":"2024-10-23T13:29:30","slug":"jimdo","status":"publish","type":"page","link":"https:\/\/elfsight.com\/pl\/tiktok-feed-widget\/jimdo\/","title":{"rendered":"TikTok Feed &#8211; Jimdo"},"content":{"rendered":"<div class=\"application-platform-content-item-description application-platform-content-item\" id=\"description\" data-nav-section=\"description\"><h2>Opis<\/h2> <p>Elfsight TikTok Feed dla Jimdo to widget, kt\u00f3rego celem jest pomaganie Ci we wszystkich bie\u017c\u0105cych potrzebach zwi\u0105zanych z pozyskiwaniem wy\u015bwietle\u0144 i \u017c\u0105dania od os\u00f3b odwiedzaj\u0105cych Twoj\u0105 witryn\u0119. Ods\u0142o\u0144 potrzebne elementy do wype\u0142nienia, wybierz odpowiedni szablon i spersonalizuj interfejs, aby jeszcze bardziej zainspirowa\u0107 u\u017cytkownik\u00f3w do pozostawiania zapyta\u0144 o us\u0142ugi oferowane przez Twoj\u0105 firm\u0119. Kana\u0142 Tumblr zosta\u0142 zaprojektowany tak, aby spe\u0142nia\u0107 wszystkie Twoje wymagania dotycz\u0105ce zbierania opinii i utrzymywania kontaktu z klientami.<\/p><p><b>Wypr\u00f3buj TikTok, aby szybciej realizowa\u0107 swoje wyzwania zwi\u0105zane z handlem elektronicznym! <\/b><\/p> <\/div> <div class=\"application-platform-content-item-features application-platform-content-item\" id=\"features\" data-nav-section=\"features\"> <h2>Przejrzyj list\u0119 najbardziej przydatnych funkcji: <\/h2> <ul><li>Opcje automatycznego filtrowania i tryb r\u0119cznego moderowania<\/li><li>Tryb automatycznej moderacji do ci\u0105g\u0142ego przesy\u0142ania tre\u015bci<\/li><li>Pi\u0119\u0107 predefiniowanych szablon\u00f3w post\u00f3w z r\u00f3\u017cnymi pozycjami zdj\u0119\u0107, zdj\u0119\u0107 autora i tekstu<\/li><li>Posty wideo s\u0105 odtwarzane automatycznie w trybie wyskakuj\u0105cym <\/li><li>Spraw, aby Twoje posty pojawia\u0142y si\u0119 w wyskakuj\u0105cym okienku <\/li><li>Dwa warianty reprezentacji post\u00f3w w wyskakuj\u0105cych okienkach: suwak i kana\u0142<\/li><\/ul><p><a href=\"#demo\">Mo\u017cesz sprawdzi\u0107, co oferuje wid\u017cet, korzystaj\u0105c z wersji demonstracyjnej<\/a><\/p> <\/div> <div class=\"application-platform-content-item-installation application-platform-content-item\" id=\"installation\" data-nav-section=\"installation\"> <h2>Jak osadzi\u0107 kana\u0142 TikTok na Jimdo strona? <\/h2> <p>Wystarczy wykona\u0107 kilka krok\u00f3w przedstawionych poni\u017cej, aby rozpocz\u0105\u0107 prac\u0119 z wid\u017cetem. <\/p> <ol><li><b>Skorzystaj z naszego bezp\u0142atnego konfiguratora i zacznij kszta\u0142towa\u0107 sw\u00f3j spersonalizowany widget. <\/b><br> Znajd\u017a preferowany wygl\u0105d i funkcjonalno\u015b\u0107 wid\u017cetu i zapisz zmiany. <\/li> <li><b>Skopiuj unikalny kod widoczny w pude\u0142ku w aplikacjach Elfsight. <\/b><br> Po zako\u0144czeniu tworzenia widgetu skopiuj indywidualny kod w oknie i zapisz go do dalszego wykorzystania. <\/li> <li><b>Rozpocznij korzystanie z widgetu na stronie internetowej Jimdo. <\/b><br> Wstaw ostatnio skopiowany kod do swojej witryny i zastosuj zmiany. <\/li> <li><b>Instalacja zosta\u0142a pomy\u015blnie zako\u0144czona. <\/b><br> Przejd\u017a do swojej witryny i sprawd\u017a dzia\u0142anie widgetu. <\/li><\/ol> <p>Je\u015bli masz pytania lub napotkasz jakiekolwiek trudno\u015bci, nie wahaj si\u0119 skontaktowa\u0107 z naszym zespo\u0142em wsparcia. Nasi ludzie z przyjemno\u015bci\u0105 pomog\u0105 Ci we wszystkich problemach, jakie mo\u017cesz mie\u0107 z widgetem. <\/p> <\/div><div class=\"faq\" data-component=\"FAQ\"><div class=\"faq-item\">\r\n\t\t\t\t\t<div class=\"faq-item-question\">\r\n\t\t\t\t\t\t<h3 class=\"faq-item-question-text\">W jaki spos\u00f3b mo\u017cna umie\u015bci\u0107 kana\u0142 TikTok na mojej stronie internetowej Jimdo bez znajomo\u015bci kodowania?<\/h3>\r\n\r\n\t\t\t\t\t\t<div class=\"faq-item-question-icon\"><\/div>\r\n\t\t\t\t\t<\/div>\r\n\r\n\t\t\t\t\t<div class=\"faq-item-answer\">\r\n\t\t\t\t\t\t<div class=\"faq-item-answer-text\"><p>Elfsight firma dostarcza rozwi\u0105zanie SaaS, kt\u00f3re umo\u017cliwia samodzielne wygenerowanie sekcji TikTok Feed, przekonaj si\u0119, jakie to proste:<\/p><ul><li>Przejd\u017a do wersji demonstracyjnej na \u017cywo, aby utworzy\u0107 sekcj\u0119 TikTok Feed, kt\u00f3ra ma si\u0119 pojawia\u0107 na Jimdo .<\/li><li>Wybierz jeden z naszych wst\u0119pnie zaprojektowanych szablon\u00f3w i zmie\u0144 ustawienia TikTok Feed, zmie\u0144 uk\u0142ad i schemat kolor\u00f3w, dodaj tre\u015b\u0107 bez do\u015bwiadczenia w kodowaniu.<\/li><li>Kliknij, aby zapisa\u0107 TikTok Feed i uzyskaj kod instalacyjny wid\u017cetu, kt\u00f3ry mo\u017cesz po prostu umie\u015bci\u0107 na stronie internetowej Jimdo bez konieczno\u015bci zakupu p\u0142atnego planu.<\/li><\/ul><p>Korzystaj\u0105c z naszego prostego konfiguratora, ka\u017cdy u\u017cytkownik Internetu mo\u017ce utworzy\u0107 TikTok Feed i do\u0142\u0105czy\u0107 do dowolnego strona Jimdo. Aby wej\u015b\u0107 do naszego Edytora, nie nale\u017cy p\u0142aci\u0107 ani podawa\u0107 danych swojej karty. Je\u015bli na kt\u00f3rymkolwiek etapie napotkasz jakiekolwiek problemy, nie wahaj si\u0119 zwr\u00f3ci\u0107 do naszego personelu pomocy technicznej.<\/p><\/div>\r\n\t\t\t\t\t<\/div>\r\n\t\t\t\t<\/div><\/div>","protected":false},"excerpt":{"rendered":"","protected":false},"author":9,"featured_media":0,"parent":3396,"menu_order":0,"comment_status":"closed","ping_status":"closed","template":"templates\/template-application-platform.php","meta":{"publish_to_discourse":"","publish_post_category":"","wpdc_auto_publish_overridden":"","wpdc_topic_tags":"","wpdc_pin_topic":"","wpdc_pin_until":"","discourse_post_id":"","discourse_permalink":"","wpdc_publishing_response":"","wpdc_publishing_error":"","footnotes":""},"class_list":["post-6886","page","type-page","status-publish","hentry"],"yoast_head":"<!-- This site is optimized with the Yoast SEO plugin v25.3.1 - https:\/\/yoast.com\/wordpress\/plugins\/seo\/ -->\n<title>Dodaj wid\u017cet TikTok Feed do strony Jimdo (szybko i bezp\u0142atnie)<\/title>\n<meta name=\"description\" content=\"Umie\u015b\u0107 \u0142atwy w zarz\u0105dzaniu wid\u017cet Jimdo TikTok Feed na swojej stronie internetowej. Wypr\u00f3buj por\u0119czn\u0105 wersj\u0119 demonstracyjn\u0105 Elfsight i zmodyfikuj sw\u00f3j wspania\u0142y widget TikTok.\" \/>\n<meta name=\"robots\" content=\"index, follow, max-snippet:-1, max-image-preview:large, max-video-preview:-1\" \/>\n<link rel=\"canonical\" href=\"https:\/\/elfsight.com\/pl\/tiktok-feed-widget\/jimdo\/\" \/>\n<meta property=\"og:locale\" content=\"pl_PL\" \/>\n<meta property=\"og:type\" content=\"article\" \/>\n<meta property=\"og:title\" content=\"Dodaj wid\u017cet TikTok Feed do strony Jimdo (szybko i bezp\u0142atnie)\" \/>\n<meta property=\"og:description\" content=\"Umie\u015b\u0107 \u0142atwy w zarz\u0105dzaniu wid\u017cet Jimdo TikTok Feed na swojej stronie internetowej. Wypr\u00f3buj por\u0119czn\u0105 wersj\u0119 demonstracyjn\u0105 Elfsight i zmodyfikuj sw\u00f3j wspania\u0142y widget TikTok.\" \/>\n<meta property=\"og:url\" content=\"https:\/\/elfsight.com\/pl\/tiktok-feed-widget\/jimdo\/\" \/>\n<meta property=\"og:site_name\" content=\"Elfsight PL\" \/>\n<meta property=\"article:modified_time\" content=\"2024-10-23T13:29:30+00:00\" \/>\n<meta name=\"twitter:card\" content=\"summary_large_image\" \/>\n<meta name=\"twitter:label1\" content=\"Szacowany czas czytania\" \/>\n\t<meta name=\"twitter:data1\" content=\"3 minuty\" \/>\n<!-- \/ Yoast SEO plugin. -->","yoast_head_json":{"title":"Dodaj wid\u017cet TikTok Feed do strony Jimdo (szybko i bezp\u0142atnie)","description":"Umie\u015b\u0107 \u0142atwy w zarz\u0105dzaniu wid\u017cet Jimdo TikTok Feed na swojej stronie internetowej. Wypr\u00f3buj por\u0119czn\u0105 wersj\u0119 demonstracyjn\u0105 Elfsight i zmodyfikuj sw\u00f3j wspania\u0142y widget TikTok.","robots":{"index":"index","follow":"follow","max-snippet":"max-snippet:-1","max-image-preview":"max-image-preview:large","max-video-preview":"max-video-preview:-1"},"canonical":"https:\/\/elfsight.com\/pl\/tiktok-feed-widget\/jimdo\/","og_locale":"pl_PL","og_type":"article","og_title":"Dodaj wid\u017cet TikTok Feed do strony Jimdo (szybko i bezp\u0142atnie)","og_description":"Umie\u015b\u0107 \u0142atwy w zarz\u0105dzaniu wid\u017cet Jimdo TikTok Feed na swojej stronie internetowej. Wypr\u00f3buj por\u0119czn\u0105 wersj\u0119 demonstracyjn\u0105 Elfsight i zmodyfikuj sw\u00f3j wspania\u0142y widget TikTok.","og_url":"https:\/\/elfsight.com\/pl\/tiktok-feed-widget\/jimdo\/","og_site_name":"Elfsight PL","article_modified_time":"2024-10-23T13:29:30+00:00","twitter_card":"summary_large_image","twitter_misc":{"Szacowany czas czytania":"3 minuty"},"schema":{"@context":"https:\/\/schema.org","@graph":[{"@type":"WebPage","@id":"https:\/\/elfsight.com\/pl\/tiktok-feed-widget\/jimdo\/","url":"https:\/\/elfsight.com\/pl\/tiktok-feed-widget\/jimdo\/","name":"Dodaj wid\u017cet TikTok Feed do strony Jimdo (szybko i bezp\u0142atnie)","isPartOf":{"@id":"https:\/\/elfsight.com\/pl\/#website"},"datePublished":"1970-01-01T00:00:00+00:00","dateModified":"2024-10-23T13:29:30+00:00","description":"Umie\u015b\u0107 \u0142atwy w zarz\u0105dzaniu wid\u017cet Jimdo TikTok Feed na swojej stronie internetowej. Wypr\u00f3buj por\u0119czn\u0105 wersj\u0119 demonstracyjn\u0105 Elfsight i zmodyfikuj sw\u00f3j wspania\u0142y widget TikTok.","breadcrumb":{"@id":"https:\/\/elfsight.com\/pl\/tiktok-feed-widget\/jimdo\/#breadcrumb"},"inLanguage":"pl-PL","potentialAction":[{"@type":"ReadAction","target":["https:\/\/elfsight.com\/pl\/tiktok-feed-widget\/jimdo\/"]}]},{"@type":"BreadcrumbList","@id":"https:\/\/elfsight.com\/pl\/tiktok-feed-widget\/jimdo\/#breadcrumb","itemListElement":[{"@type":"ListItem","position":1,"name":"Home","item":"https:\/\/elfsight.com\/pl\/"},{"@type":"ListItem","position":2,"name":"TikTok Feed","item":"https:\/\/elfsight.com\/pl\/tiktok-feed-widget\/"},{"@type":"ListItem","position":3,"name":"TikTok Feed &#8211; Jimdo"}]},{"@type":"WebSite","@id":"https:\/\/elfsight.com\/pl\/#website","url":"https:\/\/elfsight.com\/pl\/","name":"Elfsight PL","description":"Just another Elfsight Sites site","potentialAction":[{"@type":"SearchAction","target":{"@type":"EntryPoint","urlTemplate":"https:\/\/elfsight.com\/pl\/?s={search_term_string}"},"query-input":{"@type":"PropertyValueSpecification","valueRequired":true,"valueName":"search_term_string"}}],"inLanguage":"pl-PL"}]}},"meta_box":{"industry":"","seo_heading":"","heading":"","description":"","cta_heading":"","cta_description":"","application":"3349","h1":"Wid\u017cet kana\u0142u Jimdo TikTok","h1_caption":"Prezentuj popularne filmy Tiktok wed\u0142ug hashtagu lub konta, dodaj\u0105c dynamiczne, anga\u017cuj\u0105ce tre\u015bci do swojej witryny internetowej do witryny Jimdo bez wysi\u0142ku.","application_category":[],"applications_title":"","applications_request_title":"","applications_request_button_text":"","hero_text":"","hero_video":"","hero_video_schema_markup":"","selling_points_title":"","selling_points_caption":"","selling_points":[],"selling_points_cta_text":"","features_title":"","features":"","ed_cta_examples_text":"","ed_cta_examples_hidden":"","ed_cta_demo_text":"","ed_cta_demo_hidden":"","why_caption":"","why_editor_title":"","why_editor_text":"","why_team_title":"","why_team_text":"","why_service_title":"","why_service_text":"","template_catalog_visible":"","template_catalog_title":"","template_catalog_text":"","template_catalog_categories_visible":"","demo_title":"Pospiesz si\u0119, aby stworzy\u0107 sw\u00f3j kana\u0142 Jimdo TikTok","demo_caption":"Dostosuj widget i dodaj go na swoj\u0105 stron\u0119 w wersji demonstracyjnej.","default_faq_hidden":"","app_template_category":[],"platform":"193","template_public_id":"","codecanyon_url":"","codecanyon_item_id":"","codecanyon_price":"","pricing_caption":"","pricing_elfsight_apps_hide_column":"","pricing_elfsight_apps_url":"","pricing_codecanyon_price_caption":"","integration_category":[],"integration_request_title":"","integration_request_cta":"","integration_platform":"","integrations":[],"platform_category":[],"video_schema_markup":"","price":"od 0 USD \/ miesi\u0105c","trial":"","benefits":[{"text":"Bezp\u0142atna pomoc w monta\u017cu"},{"text":"Wyj\u0105tkowe wsparcie"},{"text":"14-dniowa gwarancja zwrotu pieni\u0119dzy"}],"button_url":"#demo","button_target_blank":"","button_nofollow":"","attributes":[{"name":"Instaluje"},{"name":"Czu\u0142y"},{"name":"Kompatybilne przegl\u0105darki"}],"tags":[],"tags_disable_links":"","hide_more_platforms":"","video_object":"","demo_hide_cta":"","demo_hide_cloud_options":"","pricing_title":"","pricing":[{"pricing_icon":"platform","pricing_title":"Elfsight Apps","pricing_title_caption":"Oprogramowanie wieloplatformowe","pricing_price":"od 0 USD \/ miesi\u0105c","pricing_price_caption":"zacznij od bezp\u0142atnego planu","pricing_benefits":[{"text":"Nieograniczona liczba domen"},{"text":"Profesjonalne i terminowe wsparcie"},{"text":"Bezp\u0142atna pomoc w instalacji"},{"text":"W pe\u0142ni konfigurowalny"}],"pricing_button_text":"Dodaj do witryny","pricing_button_url":"#demo"}],"related_apps_title":"","related_apps_hidden":"","author":"","image":[],"title":"","job":"","social_networks":[]},"_links":{"self":[{"href":"https:\/\/elfsight.com\/pl\/wp-json\/wp\/v2\/pages\/6886","targetHints":{"allow":["GET"]}}],"collection":[{"href":"https:\/\/elfsight.com\/pl\/wp-json\/wp\/v2\/pages"}],"about":[{"href":"https:\/\/elfsight.com\/pl\/wp-json\/wp\/v2\/types\/page"}],"author":[{"embeddable":true,"href":"https:\/\/elfsight.com\/pl\/wp-json\/wp\/v2\/users\/9"}],"replies":[{"embeddable":true,"href":"https:\/\/elfsight.com\/pl\/wp-json\/wp\/v2\/comments?post=6886"}],"version-history":[{"count":1,"href":"https:\/\/elfsight.com\/pl\/wp-json\/wp\/v2\/pages\/6886\/revisions"}],"predecessor-version":[{"id":6890,"href":"https:\/\/elfsight.com\/pl\/wp-json\/wp\/v2\/pages\/6886\/revisions\/6890"}],"up":[{"embeddable":true,"href":"https:\/\/elfsight.com\/pl\/wp-json\/wp\/v2\/pages\/3396"}],"wp:attachment":[{"href":"https:\/\/elfsight.com\/pl\/wp-json\/wp\/v2\/media?parent=6886"}],"curies":[{"name":"wp","href":"https:\/\/api.w.org\/{rel}","templated":true}]}}