{"id":6885,"date":"1970-01-01T00:00:00","date_gmt":"1970-01-01T00:00:00","guid":{"rendered":"https:\/\/elfsight.com\/pl\/?page_id=6885"},"modified":"2024-11-14T12:51:13","modified_gmt":"2024-11-14T12:51:13","slug":"wordpress","status":"publish","type":"page","link":"https:\/\/elfsight.com\/pl\/testimonials-slider-widget\/wordpress\/","title":{"rendered":"Testimonials Slider &#8211; WordPress"},"content":{"rendered":"<div class=\"application-platform-content-item-description application-platform-content-item\" id=\"description\" data-nav-section=\"description\"><h2>Osad\u017a suwak referencji w WordPress za pomoc\u0105 wid\u017cetu Elfsight<\/h2><p>Suwak referencji to prosta wtyczka do prezentowania opinii klient\u00f3w na temat w\u0142asn\u0105 witryn\u0119. Mo\u017cesz u\u017cywa\u0107 r\u00f3\u017cnych rodzaj\u00f3w dowod\u00f3w spo\u0142eczno\u015bciowych, aby recenzje by\u0142y godne zaufania: imi\u0119 i nazwisko autora, zdj\u0119cie, logo firmy, a nawet link do strony internetowej.<\/p><p><b>Zwi\u0119ksz zaufanie do swoich produkt\u00f3w demonstruj\u0105c zadowolonych klient\u00f3w.<\/b><\/p><ul><li><b>Zwi\u0119ksz konwersj\u0119 nawet o 200%<\/b>.<br>Przekazuj prawdziwe opinie i uczy\u0144 je g\u0142\u00f3wnym punktem swojego przekazu do klient\u00f3w. Ujawnianie recenzji w miejscu, w kt\u00f3rym klienci podejmuj\u0105 decyzj\u0119 o zakupie w Twojej us\u0142udze lub rejestracji w Twojej witrynie.<\/li><li><b>Lojalno\u015b\u0107 Twoich go\u015bci<\/b>.<br>Jeden z Twoich u\u017cytkownik\u00f3w pozostawi\u0142 naprawd\u0119 przekonuj\u0105cy komentarz opinie na temat Twojej firmy? Wykorzystaj go maksymalnie i oka\u017c swoj\u0105 wdzi\u0119czno\u015b\u0107, okazuj\u0105c j\u0105 na stronie.<\/li><li><b>Dodatkowy dow\u00f3d spo\u0142eczno\u015bciowy<\/b>.<br>Link z opinii do Facebooka, Google lub strony autora to szczeg\u00f3\u0142, kt\u00f3ry zwi\u0119kszy wiarygodno\u015b\u0107 i utwierdzi w przekonaniu, \u017ce Twojej firmie ufaj\u0105 prawdziwi ludzie.<\/li><\/ul><\/div><div class=\"faq\" data-component=\"FAQ\"><div class=\"faq-item\">\r\n\t\t\t\t\t<div class=\"faq-item-question\">\r\n\t\t\t\t\t\t<h3 class=\"faq-item-question-text\"> Jak mog\u0119 osadzi\u0107 Slider Referencji na stronie WordPress? <\/h3>\r\n\r\n\t\t\t\t\t\t<div class=\"faq-item-question-icon\"><\/div>\r\n\t\t\t\t\t<\/div>\r\n\r\n\t\t\t\t\t<div class=\"faq-item-answer\">\r\n\t\t\t\t\t\t<div class=\"faq-item-answer-text\"><p>Budowa narz\u0119dzia odbywa si\u0119 w obr\u0119bie witryny Elfsight i nie musisz uczy\u0107 si\u0119 kodowania. Skorzystaj z wersji demonstracyjnej online, aby dostosowa\u0107 swoje narz\u0119dzie, uzyska\u0107 kod i zintegrowa\u0107 go ze swoj\u0105 witryn\u0105. <\/p><\/div>\r\n\t\t\t\t\t<\/div>\r\n\t\t\t\t<\/div><div class=\"faq-item\">\r\n\t\t\t\t\t<div class=\"faq-item-question\">\r\n\t\t\t\t\t\t<h3 class=\"faq-item-question-text\">Najlepsze sposoby wykorzystania integracji widget\u00f3w opinii<\/h3>\r\n\r\n\t\t\t\t\t\t<div class=\"faq-item-question-icon\"><\/div>\r\n\t\t\t\t\t<\/div>\r\n\r\n\t\t\t\t\t<div class=\"faq-item-answer\">\r\n\t\t\t\t\t\t<div class=\"faq-item-answer-text\"><p>Oferujemy mn\u00f3stwo opcji dostosowywania: pe\u0142nowymiarowe wid\u017cety do osadzania w strefie tre\u015bci, p\u0142ywaj\u0105ce wid\u017cety z opcjami przewijania, uk\u0142ady stopki witryny, sekcji nag\u0142\u00f3wka i wszystkie warianty mo\u017cliwo\u015bci pionowych pask\u00f3w bocznych i menu. <\/p><\/div>\r\n\t\t\t\t\t<\/div>\r\n\t\t\t\t<\/div><div class=\"faq-item\">\r\n\t\t\t\t\t<div class=\"faq-item-question\">\r\n\t\t\t\t\t\t<h3 class=\"faq-item-question-text\">Czy istnieje mo\u017cliwo\u015b\u0107 zbudowania wid\u017cetu Rotator lub Karuzela Feedback za pomoc\u0105 edytora? <\/h3>\r\n\r\n\t\t\t\t\t\t<div class=\"faq-item-question-icon\"><\/div>\r\n\t\t\t\t\t<\/div>\r\n\r\n\t\t\t\t\t<div class=\"faq-item-answer\">\r\n\t\t\t\t\t\t<div class=\"faq-item-answer-text\"><p>Mo\u017cesz stworzy\u0107 dowolne modyfikacje wid\u017cetu. W edytorze masz do dyspozycji ca\u0142\u0105 mas\u0119 uk\u0142ad\u00f3w, a ka\u017cdy z nich mo\u017cesz z \u0142atwo\u015bci\u0105 spersonalizowa\u0107 wed\u0142ug w\u0142asnych upodoba\u0144. <\/p><\/div>\r\n\t\t\t\t\t<\/div>\r\n\t\t\t\t<\/div><\/div><div class=\"application-platform-content-item-features application-platform-content-item\" id=\"features\" data-nav-section=\"features\"><h2>Osad\u017a suwak referencji na WordPressie za pomoc\u0105 wid\u017cetu Elfsight<\/h2><p>Najcenniejsze funkcje, kt\u00f3re tworz\u0105 suwak referencji naszych klient\u00f3w najlepsza wtyczka dla dowolnej witryny WordPress.<\/p><ul><li>Wybierz jeden z sze\u015bciu gotowych szablon\u00f3w referencji;<\/li><li>U\u017cyj podpisu dla nazwy firmy, stanowiska i innych danych;<\/li><li>Umie\u015b\u0107 link do witryny autora, aby zwi\u0119kszy\u0107 zaufanie;<\/li><li>Wybierz uk\u0142ad suwaka lub siatki w zale\u017cno\u015bci od potrzeb.<\/li><\/ul><p><a href=\"#demo\">Wypr\u00f3buj ta funkcja jest dost\u0119pna w wersji demonstracyjnej na \u017cywo<\/a><\/p><\/div><div class=\"application-platform-content-item-installation application-platform-content-item\" id=\"installation\" data-nav-section=\"installation\"><h2>Jak doda\u0107 wtyczk\u0119 Referencje do witryny WordPress<\/h2><div class=\"viseo-container\"> <iframe width=\"720\" height=\"405\" src=\"https:\/\/www.youtube.com\/embed\/52QPDORGBZ4\" frameborder=\"0\" allowfullscreen=\"\"><\/iframe><\/div><p> Wystarczy wykona\u0107 kilka krok\u00f3w podanych poni\u017cej, aby doda\u0107 wid\u017cet do WordPress.<\/p> <ol><li><b>Wykonaj nasz darmowy konfigurator i zacznij kszta\u0142towa\u0107 sw\u00f3j niestandardowy instrument. <\/b><br> Okre\u015bl preferowany wygl\u0105d i cechy wid\u017cetu i zapisz poprawki. <\/li> <li><b>Uzyskaj unikalny kod pojawiaj\u0105cy si\u0119 w polu aplikacji Elfsight. <\/b><br> Po zako\u0144czeniu konfiguracji osobistej wtyczki Referencje skopiuj ekskluzywny kod z wy\u015bwietlonego wyskakuj\u0105cego okienka i zachowaj go do dalszego wykorzystania. <\/li> <li><b>Zaanga\u017cuj si\u0119 w korzystanie z narz\u0119dzia w swojej witrynie WordPress. <\/b><br> Wstaw ostatnio skopiowany kod na swoj\u0105 stron\u0119 i zapisz poprawki. <\/li> <li><b>Gotowe! Konfiguracja zosta\u0142a w pe\u0142ni uko\u0144czona. <\/b><br> Odwied\u017a swoj\u0105 witryn\u0119, aby sprawdzi\u0107, jak dzia\u0142a narz\u0119dzie. <\/li><\/ol> <p>Napotka\u0142e\u015b trudno\u015bci podczas dodawania lub dostosowywania opinii klient\u00f3w? Sprawd\u017a szczeg\u00f3\u0142owy samouczek na temat <a href=\"https:\/\/elfsight.com\/tutorials\/how-to-add-testimonials-slider-widget-to-wordpress\/\" target=\"_blank\" rel=\"noopener noreferrer\">Jak aby doda\u0107 wtyczk\u0119 Testimonials Slider do WordPress<\/a> lub skontaktuj si\u0119 z naszym Centrum Wsparcia.<\/p><\/div>","protected":false},"excerpt":{"rendered":"","protected":false},"author":9,"featured_media":0,"parent":1996,"menu_order":0,"comment_status":"closed","ping_status":"closed","template":"templates\/template-application-platform.php","meta":{"publish_to_discourse":"","publish_post_category":"","wpdc_auto_publish_overridden":"","wpdc_topic_tags":"","wpdc_pin_topic":"","wpdc_pin_until":"","discourse_post_id":"","discourse_permalink":"","wpdc_publishing_response":"","wpdc_publishing_error":"","footnotes":""},"class_list":["post-6885","page","type-page","status-publish","hentry"],"yoast_head":"<!-- This site is optimized with the Yoast SEO plugin v25.3.1 - https:\/\/yoast.com\/wordpress\/plugins\/seo\/ -->\n<title>Najlepsza wtyczka WordPress Testimonial Slider dla Twojej witryny (za darmo)<\/title>\n<meta name=\"description\" content=\"Sprawd\u017a najlepsz\u0105 wtyczk\u0119 Testimonials Slider dla WordPress, ca\u0142kowicie za darmo. Szybka konfiguracja bez wiedzy na temat programowania i zajmuj\u0105ca tylko 3 minuty.\" \/>\n<meta name=\"robots\" content=\"index, follow, max-snippet:-1, max-image-preview:large, max-video-preview:-1\" \/>\n<link rel=\"canonical\" href=\"https:\/\/elfsight.com\/pl\/testimonials-slider-widget\/wordpress\/\" \/>\n<meta property=\"og:locale\" content=\"pl_PL\" \/>\n<meta property=\"og:type\" content=\"article\" \/>\n<meta property=\"og:title\" content=\"Najlepsza wtyczka WordPress Testimonial Slider dla Twojej witryny (za darmo)\" \/>\n<meta property=\"og:description\" content=\"Sprawd\u017a najlepsz\u0105 wtyczk\u0119 Testimonials Slider dla WordPress, ca\u0142kowicie za darmo. Szybka konfiguracja bez wiedzy na temat programowania i zajmuj\u0105ca tylko 3 minuty.\" \/>\n<meta property=\"og:url\" content=\"https:\/\/elfsight.com\/pl\/testimonials-slider-widget\/wordpress\/\" \/>\n<meta property=\"og:site_name\" content=\"Elfsight PL\" \/>\n<meta property=\"article:modified_time\" content=\"2024-11-14T12:51:13+00:00\" \/>\n<meta name=\"twitter:card\" content=\"summary_large_image\" \/>\n<meta name=\"twitter:label1\" content=\"Szacowany czas czytania\" \/>\n\t<meta name=\"twitter:data1\" content=\"3 minuty\" \/>\n<!-- \/ Yoast SEO plugin. -->","yoast_head_json":{"title":"Najlepsza wtyczka WordPress Testimonial Slider dla Twojej witryny (za darmo)","description":"Sprawd\u017a najlepsz\u0105 wtyczk\u0119 Testimonials Slider dla WordPress, ca\u0142kowicie za darmo. Szybka konfiguracja bez wiedzy na temat programowania i zajmuj\u0105ca tylko 3 minuty.","robots":{"index":"index","follow":"follow","max-snippet":"max-snippet:-1","max-image-preview":"max-image-preview:large","max-video-preview":"max-video-preview:-1"},"canonical":"https:\/\/elfsight.com\/pl\/testimonials-slider-widget\/wordpress\/","og_locale":"pl_PL","og_type":"article","og_title":"Najlepsza wtyczka WordPress Testimonial Slider dla Twojej witryny (za darmo)","og_description":"Sprawd\u017a najlepsz\u0105 wtyczk\u0119 Testimonials Slider dla WordPress, ca\u0142kowicie za darmo. Szybka konfiguracja bez wiedzy na temat programowania i zajmuj\u0105ca tylko 3 minuty.","og_url":"https:\/\/elfsight.com\/pl\/testimonials-slider-widget\/wordpress\/","og_site_name":"Elfsight PL","article_modified_time":"2024-11-14T12:51:13+00:00","twitter_card":"summary_large_image","twitter_misc":{"Szacowany czas czytania":"3 minuty"},"schema":{"@context":"https:\/\/schema.org","@graph":[{"@type":"WebPage","@id":"https:\/\/elfsight.com\/pl\/testimonials-slider-widget\/wordpress\/","url":"https:\/\/elfsight.com\/pl\/testimonials-slider-widget\/wordpress\/","name":"Najlepsza wtyczka WordPress Testimonial Slider dla Twojej witryny (za darmo)","isPartOf":{"@id":"https:\/\/elfsight.com\/pl\/#website"},"datePublished":"1970-01-01T00:00:00+00:00","dateModified":"2024-11-14T12:51:13+00:00","description":"Sprawd\u017a najlepsz\u0105 wtyczk\u0119 Testimonials Slider dla WordPress, ca\u0142kowicie za darmo. Szybka konfiguracja bez wiedzy na temat programowania i zajmuj\u0105ca tylko 3 minuty.","breadcrumb":{"@id":"https:\/\/elfsight.com\/pl\/testimonials-slider-widget\/wordpress\/#breadcrumb"},"inLanguage":"pl-PL","potentialAction":[{"@type":"ReadAction","target":["https:\/\/elfsight.com\/pl\/testimonials-slider-widget\/wordpress\/"]}]},{"@type":"BreadcrumbList","@id":"https:\/\/elfsight.com\/pl\/testimonials-slider-widget\/wordpress\/#breadcrumb","itemListElement":[{"@type":"ListItem","position":1,"name":"Home","item":"https:\/\/elfsight.com\/pl\/"},{"@type":"ListItem","position":2,"name":"Testimonials Slider","item":"https:\/\/elfsight.com\/pl\/testimonials-slider-widget\/"},{"@type":"ListItem","position":3,"name":"Testimonials Slider &#8211; WordPress"}]},{"@type":"WebSite","@id":"https:\/\/elfsight.com\/pl\/#website","url":"https:\/\/elfsight.com\/pl\/","name":"Elfsight PL","description":"Just another Elfsight Sites site","potentialAction":[{"@type":"SearchAction","target":{"@type":"EntryPoint","urlTemplate":"https:\/\/elfsight.com\/pl\/?s={search_term_string}"},"query-input":{"@type":"PropertyValueSpecification","valueRequired":true,"valueName":"search_term_string"}}],"inLanguage":"pl-PL"}]}},"meta_box":{"industry":"","seo_heading":"","heading":"","description":"","cta_heading":"","cta_description":"","application":"2469","h1":"Wtyczka suwaka referencji WordPress","h1_caption":"Wy\u015bwietlaj referencje klient\u00f3w za pomoc\u0105 obrotowego suwaka, aby bez wysi\u0142ku budowa\u0107 wiarygodno\u015b\u0107 i prezentowa\u0107 pozytywne opinie w swojej witrynie WordPress.","application_category":[],"applications_title":"","applications_request_title":"","applications_request_button_text":"","hero_text":"","hero_video":"","hero_video_schema_markup":"","selling_points_title":"","selling_points_caption":"","selling_points":[],"selling_points_cta_text":"","features_title":"","features":"","ed_cta_examples_text":"","ed_cta_examples_hidden":"","ed_cta_demo_text":"","ed_cta_demo_hidden":"","why_caption":"","why_editor_title":"","why_editor_text":"","why_team_title":"","why_team_text":"","why_service_title":"","why_service_text":"","template_catalog_visible":"","template_catalog_title":"","template_catalog_text":"","template_catalog_categories_visible":"","demo_title":"Utw\u00f3rz wtyczk\u0119 Slider Referencji","demo_caption":"Skonfiguruj suwak referencji i dodaj go do swojej witryny WordPress za darmo!","default_faq_hidden":"","app_template_category":[],"platform":"31","template_public_id":"","codecanyon_url":"","codecanyon_item_id":"","codecanyon_price":"","pricing_caption":"","pricing_elfsight_apps_hide_column":"","pricing_elfsight_apps_url":"","pricing_codecanyon_price_caption":"","integration_category":[],"integration_request_title":"","integration_request_cta":"","integration_platform":"","integrations":[],"platform_category":[],"video_schema_markup":"","price":"od 0 USD \/ miesi\u0105c","trial":"","benefits":[{"text":"Bezp\u0142atna us\u0142uga monta\u017cu"},{"text":"Wsparcie premium"},{"text":"14-dniowa gwarancja zwrotu pieni\u0119dzy"}],"button_url":"#demo","button_target_blank":"","button_nofollow":"","attributes":[{"name":"Instaluje"},{"name":"Czu\u0142y"},{"name":"Kompatybilne przegl\u0105darki"}],"tags":[],"tags_disable_links":"","hide_more_platforms":"","video_object":"","demo_hide_cta":"","demo_hide_cloud_options":"","pricing_title":"","pricing":[{"pricing_icon":"cloud","pricing_title":"Elfsight Apps","pricing_title_caption":"Oprogramowanie niezale\u017cne od platformy, kt\u00f3re dzia\u0142a na ka\u017cdej stronie internetowej","pricing_price":"od 0 USD \/ miesi\u0105c","pricing_price_caption":"zacznij od bezp\u0142atnego planu","pricing_benefits":[{"text":"Nielimitowane domeny"},{"text":"Szybka pomoc i dobrze udokumentowana"},{"text":"Bezp\u0142atna us\u0142uga monta\u017cu"},{"text":"Oferta specjalna na wiele aplikacji"}],"pricing_button_text":"Dodaj do witryny","pricing_button_url":"#demo"}],"related_apps_title":"","related_apps_hidden":"","author":"","image":[],"title":"","job":"","social_networks":[]},"_links":{"self":[{"href":"https:\/\/elfsight.com\/pl\/wp-json\/wp\/v2\/pages\/6885","targetHints":{"allow":["GET"]}}],"collection":[{"href":"https:\/\/elfsight.com\/pl\/wp-json\/wp\/v2\/pages"}],"about":[{"href":"https:\/\/elfsight.com\/pl\/wp-json\/wp\/v2\/types\/page"}],"author":[{"embeddable":true,"href":"https:\/\/elfsight.com\/pl\/wp-json\/wp\/v2\/users\/9"}],"replies":[{"embeddable":true,"href":"https:\/\/elfsight.com\/pl\/wp-json\/wp\/v2\/comments?post=6885"}],"version-history":[{"count":2,"href":"https:\/\/elfsight.com\/pl\/wp-json\/wp\/v2\/pages\/6885\/revisions"}],"predecessor-version":[{"id":8072,"href":"https:\/\/elfsight.com\/pl\/wp-json\/wp\/v2\/pages\/6885\/revisions\/8072"}],"up":[{"embeddable":true,"href":"https:\/\/elfsight.com\/pl\/wp-json\/wp\/v2\/pages\/1996"}],"wp:attachment":[{"href":"https:\/\/elfsight.com\/pl\/wp-json\/wp\/v2\/media?parent=6885"}],"curies":[{"name":"wp","href":"https:\/\/api.w.org\/{rel}","templated":true}]}}