{"id":6880,"date":"1970-01-01T00:00:00","date_gmt":"1970-01-01T00:00:00","guid":{"rendered":"https:\/\/elfsight.com\/pl\/?page_id=6880"},"modified":"2025-12-01T10:23:37","modified_gmt":"2025-12-01T10:23:37","slug":"shopify","status":"publish","type":"page","link":"https:\/\/elfsight.com\/pl\/testimonials-slider-widget\/shopify\/","title":{"rendered":"Testimonials Slider &#8211; Shopify"},"content":{"rendered":"<div class=\"application-platform-content-item-description application-platform-content-item\" id=\"description\" data-nav-section=\"description\"><h2>Osad\u017a suwak referencji w Shopify za pomoc\u0105 wid\u017cetu Elfsight<\/h2><p>Suwak referencji to prosta aplikacja do wy\u015bwietlania referencji Twoich klient\u00f3w w serwisie Twoja strona internetowa. Mo\u017cesz u\u017cy\u0107 wszystkich rodzaj\u00f3w dowod\u00f3w spo\u0142eczno\u015bciowych, aby opinia wygl\u0105da\u0142a wiarygodnie: imi\u0119 i nazwisko autora, zdj\u0119cie, logo firmy, a nawet adres URL strony internetowej.<\/p><p><b>Zwi\u0119ksz zaufanie do swojej firmy, demonstruj\u0105c to u\u017cytkownikom swoich zachwyconych klient\u00f3w.<\/b><\/p><ul><li><b>Spraw, aby Twoje referencje wygl\u0105da\u0142y naprawd\u0119 wiarygodnie<\/b>.<br>Poka\u017c wszystkie mo\u017cliwe dane o autorze ka\u017cdej recenzji, np. jego nazwa, firma i stanowisko &#8211; udowodnij odwiedzaj\u0105cym, \u017ce widz\u0105 teksty napisane przez prawdziwych klient\u00f3w.<\/li><li><b>Pobudzaj odwiedzaj\u0105cych do dzia\u0142ania<\/b>.<br>Recenzje prawdziwych klient\u00f3w, przekazuj\u0105ce pozytywne emocje, przyci\u0105gaj\u0105 czytelnik\u00f3w podziel si\u0119 tym do\u015bwiadczeniem. Motywuj\u0105 do zakupu i zwi\u0119kszaj\u0105 konwersj\u0119.<\/li><li><b>Zwi\u0119ksz zaufanie do swojej witryny<\/b>.<br>Dodaj pozytywne opinie u\u017cytkownik\u00f3w na stronie i poka\u017c przypadki bezproblemowej obs\u0142ugi klienta zwi\u0119ksz zaufanie do swojej firmy.<\/li><\/ul><\/div><div class=\"application-platform-content-item-features application-platform-content-item\" id=\"features\" data-nav-section=\"features\"><h2>G\u0142\u00f3wne funkcje wid\u017cetu Suwak referencji<\/h2><p>Oto najwa\u017cniejsze funkcje, co zmienia nasz suwak referencji w niezb\u0119dn\u0105 aplikacj\u0119 dla ka\u017cdej witryny Shopify.<\/p><ul><li>Uk\u0142ad o pe\u0142nej szeroko\u015bci, aby nada\u0107 jej widoczny wygl\u0105d;<\/li><li>Dodaj firm\u0119, stanowisko i inne informacje w podpisie ;<\/li><li>Dodaj logo firmy autora, aby informacja wygl\u0105da\u0142a wiarygodnie;<\/li><li>Strza\u0142ki suwaka i opcje paginacji.<\/li><\/ul><p><a href=\"#demo\">Wypr\u00f3buj te funkcje w wersji demonstracyjnej na \u017cywo<\/a><\/p><\/div><div class=\"application-platform-content-item-installation application-platform-content-item\" id=\"installation\" data-nav-section=\"installation\"><h2>Jak doda\u0107 referencje do witryny Shopify<\/h2><div class=\"video-container\">\n<iframe width=\"720\" height=\"405\" src=\"https:\/\/www.youtube.com\/embed\/giKpxBW8Ex0?si=_MQ3W6pi-wzUM7Ul\" frameborder=\"0\" allowfullscreen=\"\"><\/iframe>\n<\/div><p>Nasza aplikacja charakteryzuje si\u0119 intuicyjn\u0105 instalacj\u0105 i nie wymaga programowania. Wype\u0142nienie instrukcji zajmie Ci mniej ni\u017c 1 minut\u0119.<\/p><ol><li><b>Wykonaj nasz\u0105 bezp\u0142atn\u0105 wersj\u0119 demonstracyjn\u0105 i zacznij tworzy\u0107 niestandardow\u0105 aplikacj\u0119. <\/b><br> Wybierz wybrany uk\u0142ad i cechy funkcjonalne aplikacji i nanie\u015b wszystkie poprawki. <\/li> <li><b>Zdob\u0105d\u017a indywidualny kod ujawniony w specjalnym formularzu w aplikacjach Elfsight. <\/b><br> Zaraz po zako\u0144czeniu dostosowywania aplikacji osobistej skopiuj ekskluzywny kod z wy\u015bwietlonego wyskakuj\u0105cego okienka i zachowaj go na p\u00f3\u017aniej. <\/li> <li><b>Rozpocznij korzystanie z aplikacji na stronie internetowej Shopify. <\/b><br> Zintegruj ostatnio skopiowany kod ze swoj\u0105 stron\u0105 i zastosuj poprawki. <\/li> <li><b>Konfiguracja zosta\u0142a w pe\u0142ni uko\u0144czona. <\/b><br> Odwied\u017a swoj\u0105 witryn\u0119, aby zobaczy\u0107 dzia\u0142anie aplikacji. <\/li><\/ol><p>Napotka\u0142e\u015b jakie\u015b problemy podczas instalacji lub konfiguracji naszej aplikacji? Zapoznaj si\u0119 ze szczeg\u00f3\u0142owym samouczkiem na temat <a href=\"https:\/\/elfsight.com\/tutorials\/how-to-add-testimonials-slider-widget-to-shopify\/\" target=\"_blank\" rel=\"noopener noreferrer\">ustawie\u0144 aktywuj suwak referencji w Shopify<\/a> lub wy\u015blij zapytanie do naszego Centrum wsparcia.<\/p><div class=\"faq\" data-component=\"FAQ\"> <div class=\"faq-item\">\r\n\t\t\t\t\t<div class=\"faq-item-question\">\r\n\t\t\t\t\t\t<h3 class=\"faq-item-question-text\">Jak doda\u0107 suwak referencji do mojej witryny Shopify bez umiej\u0119tno\u015bci kodowania?<\/h3>\r\n\r\n\t\t\t\t\t\t<div class=\"faq-item-question-icon\"><\/div>\r\n\t\t\t\t\t<\/div>\r\n\r\n\t\t\t\t\t<div class=\"faq-item-answer\">\r\n\t\t\t\t\t\t<div class=\"faq-item-answer-text\"> <p>Elfsight zapewnia rozwi\u0105zanie SaaS, kt\u00f3re umo\u017cliwia samodzielne utworzenie wid\u017cetu Suwak Referencji, przekonaj si\u0119, jak \u0142atwy jest ten proces: Pracuj bezpo\u015brednio w edytorze online, aby utworzy\u0107 wid\u017cet Suwaka Referencji, kt\u00f3ry chcesz zobaczy\u0107 w swojej witrynie Shopify. Wybierz jeden z gotowych szablon\u00f3w i dostosuj ustawienia suwaka referencji, dodaj tre\u015b\u0107, zmie\u0144 uk\u0142ad i kolory bez umiej\u0119tno\u015bci kodowania. Zapisz suwak referencji i skopiuj jego kod instalacyjny, kt\u00f3ry mo\u017cesz bez problemu umie\u015bci\u0107 na swojej stronie Shopify bez konieczno\u015bci zakupu wersji p\u0142atnej. Dzi\u0119ki naszemu intuicyjnemu edytorowi ka\u017cdy u\u017cytkownik Internetu mo\u017ce utworzy\u0107 wid\u017cet Suwak Referencji online i \u0142atwo osadzi\u0107 go na swojej stronie internetowej Shopify. Aby uzyska\u0107 dost\u0119p do us\u0142ugi, nie trzeba p\u0142aci\u0107 ani wprowadza\u0107 danych uwierzytelniaj\u0105cych karty. Je\u015bli na kt\u00f3rymkolwiek etapie napotkasz jakiekolwiek problemy, skontaktuj si\u0119 z naszym zespo\u0142em pomocy technicznej.<\/p> <\/div>\r\n\t\t\t\t\t<\/div>\r\n\t\t\t\t<\/div> <\/div> <\/div>","protected":false},"excerpt":{"rendered":"","protected":false},"author":9,"featured_media":0,"parent":1996,"menu_order":0,"comment_status":"closed","ping_status":"closed","template":"templates\/template-application-platform.php","meta":{"publish_to_discourse":"","publish_post_category":"","wpdc_auto_publish_overridden":"","wpdc_topic_tags":"","wpdc_pin_topic":"","wpdc_pin_until":"","discourse_post_id":"","discourse_permalink":"","wpdc_publishing_response":"","wpdc_publishing_error":"","footnotes":""},"class_list":["post-6880","page","type-page","status-publish","hentry"],"yoast_head":"<!-- This site is optimized with the Yoast SEO plugin v25.3.1 - https:\/\/yoast.com\/wordpress\/plugins\/seo\/ -->\n<title>Suwak Referencji \u2013 dodaj aplikacj\u0119 Referencje do witryny Shopify<\/title>\n<meta name=\"description\" content=\"Odkryj najlepsz\u0105 aplikacj\u0119 Slider Referencji dla Shopify za darmo. \u0141atwa i szybka integracja z Twoj\u0105 witryn\u0105 bez wiedzy programistycznej i w ci\u0105gu zaledwie kilku minut.\" \/>\n<meta name=\"robots\" content=\"index, follow, max-snippet:-1, max-image-preview:large, max-video-preview:-1\" \/>\n<link rel=\"canonical\" href=\"https:\/\/elfsight.com\/pl\/testimonials-slider-widget\/shopify\/\" \/>\n<meta property=\"og:locale\" content=\"pl_PL\" \/>\n<meta property=\"og:type\" content=\"article\" \/>\n<meta property=\"og:title\" content=\"Suwak Referencji \u2013 dodaj aplikacj\u0119 Referencje do witryny Shopify\" \/>\n<meta property=\"og:description\" content=\"Odkryj najlepsz\u0105 aplikacj\u0119 Slider Referencji dla Shopify za darmo. \u0141atwa i szybka integracja z Twoj\u0105 witryn\u0105 bez wiedzy programistycznej i w ci\u0105gu zaledwie kilku minut.\" \/>\n<meta property=\"og:url\" content=\"https:\/\/elfsight.com\/pl\/testimonials-slider-widget\/shopify\/\" \/>\n<meta property=\"og:site_name\" content=\"Elfsight PL\" \/>\n<meta property=\"article:modified_time\" content=\"2025-12-01T10:23:37+00:00\" \/>\n<meta name=\"twitter:card\" content=\"summary_large_image\" \/>\n<meta name=\"twitter:label1\" content=\"Szacowany czas czytania\" \/>\n\t<meta name=\"twitter:data1\" content=\"3 minuty\" \/>\n<!-- \/ Yoast SEO plugin. -->","yoast_head_json":{"title":"Suwak Referencji \u2013 dodaj aplikacj\u0119 Referencje do witryny Shopify","description":"Odkryj najlepsz\u0105 aplikacj\u0119 Slider Referencji dla Shopify za darmo. \u0141atwa i szybka integracja z Twoj\u0105 witryn\u0105 bez wiedzy programistycznej i w ci\u0105gu zaledwie kilku minut.","robots":{"index":"index","follow":"follow","max-snippet":"max-snippet:-1","max-image-preview":"max-image-preview:large","max-video-preview":"max-video-preview:-1"},"canonical":"https:\/\/elfsight.com\/pl\/testimonials-slider-widget\/shopify\/","og_locale":"pl_PL","og_type":"article","og_title":"Suwak Referencji \u2013 dodaj aplikacj\u0119 Referencje do witryny Shopify","og_description":"Odkryj najlepsz\u0105 aplikacj\u0119 Slider Referencji dla Shopify za darmo. \u0141atwa i szybka integracja z Twoj\u0105 witryn\u0105 bez wiedzy programistycznej i w ci\u0105gu zaledwie kilku minut.","og_url":"https:\/\/elfsight.com\/pl\/testimonials-slider-widget\/shopify\/","og_site_name":"Elfsight PL","article_modified_time":"2025-12-01T10:23:37+00:00","twitter_card":"summary_large_image","twitter_misc":{"Szacowany czas czytania":"3 minuty"},"schema":{"@context":"https:\/\/schema.org","@graph":[{"@type":"WebPage","@id":"https:\/\/elfsight.com\/pl\/testimonials-slider-widget\/shopify\/","url":"https:\/\/elfsight.com\/pl\/testimonials-slider-widget\/shopify\/","name":"Suwak Referencji \u2013 dodaj aplikacj\u0119 Referencje do witryny Shopify","isPartOf":{"@id":"https:\/\/elfsight.com\/pl\/#website"},"datePublished":"1970-01-01T00:00:00+00:00","dateModified":"2025-12-01T10:23:37+00:00","description":"Odkryj najlepsz\u0105 aplikacj\u0119 Slider Referencji dla Shopify za darmo. \u0141atwa i szybka integracja z Twoj\u0105 witryn\u0105 bez wiedzy programistycznej i w ci\u0105gu zaledwie kilku minut.","breadcrumb":{"@id":"https:\/\/elfsight.com\/pl\/testimonials-slider-widget\/shopify\/#breadcrumb"},"inLanguage":"pl-PL","potentialAction":[{"@type":"ReadAction","target":["https:\/\/elfsight.com\/pl\/testimonials-slider-widget\/shopify\/"]}]},{"@type":"BreadcrumbList","@id":"https:\/\/elfsight.com\/pl\/testimonials-slider-widget\/shopify\/#breadcrumb","itemListElement":[{"@type":"ListItem","position":1,"name":"Home","item":"https:\/\/elfsight.com\/pl\/"},{"@type":"ListItem","position":2,"name":"Testimonials Slider","item":"https:\/\/elfsight.com\/pl\/testimonials-slider-widget\/"},{"@type":"ListItem","position":3,"name":"Testimonials Slider &#8211; Shopify"}]},{"@type":"WebSite","@id":"https:\/\/elfsight.com\/pl\/#website","url":"https:\/\/elfsight.com\/pl\/","name":"Elfsight PL","description":"Just another Elfsight Sites site","potentialAction":[{"@type":"SearchAction","target":{"@type":"EntryPoint","urlTemplate":"https:\/\/elfsight.com\/pl\/?s={search_term_string}"},"query-input":{"@type":"PropertyValueSpecification","valueRequired":true,"valueName":"search_term_string"}}],"inLanguage":"pl-PL"}]}},"meta_box":{"industry":"","seo_heading":"","heading":"","description":"","cta_heading":"","cta_description":"","application":"2469","h1":"Aplikacja Suwak Referencji dla Shopify","h1_caption":"Wy\u015bwietlaj referencje klient\u00f3w na obrotowym suwaku, aby bez wysi\u0142ku budowa\u0107 wiarygodno\u015b\u0107 i prezentowa\u0107 pozytywne opinie w swojej witrynie Shopify.","application_category":[],"applications_title":"","applications_request_title":"","applications_request_button_text":"","hero_text":"","hero_video":"","hero_video_schema_markup":"","selling_points_title":"","selling_points_caption":"","selling_points":[],"selling_points_cta_text":"","features_title":"","features":"","ed_cta_examples_text":"","ed_cta_examples_hidden":"","ed_cta_demo_text":"","ed_cta_demo_hidden":"","why_caption":"","why_editor_title":"","why_editor_text":"","why_team_title":"","why_team_text":"","why_service_title":"","why_service_text":"","template_catalog_visible":"0","template_catalog_title":"","template_catalog_text":"","template_catalog_categories_visible":"","demo_title":"Utw\u00f3rz aplikacj\u0119 Suwak Referencji","demo_caption":"Skonfiguruj suwak referencji i dodaj go do swojej witryny Shopify za darmo!","default_faq_hidden":"","app_template_category":[],"platform":"7580","template_public_id":"","codecanyon_url":"","codecanyon_item_id":"","codecanyon_price":"","pricing_caption":"","pricing_elfsight_apps_hide_column":"","pricing_elfsight_apps_url":"","pricing_codecanyon_price_caption":"","integration_category":[],"integration_request_title":"","integration_request_cta":"","integration_platform":"","integrations":[],"platform_category":[],"video_schema_markup":"","price":"od 0 USD \/ miesi\u0105c","trial":"","benefits":[{"text":"Bezp\u0142atna us\u0142uga monta\u017cu"},{"text":"Wsparcie premium"},{"text":"14-dniowa gwarancja zwrotu pieni\u0119dzy"}],"button_url":"#demo","button_target_blank":"0","button_nofollow":"0","attributes":[{"name":"Instaluje"},{"name":"Czu\u0142y"},{"name":"Kompatybilne przegl\u0105darki"}],"tags":[],"tags_disable_links":"0","hide_more_platforms":"0","video_object":"","demo_hide_cta":"0","demo_hide_cloud_options":"0","pricing_title":"","pricing":[{"pricing_icon":"cloud","pricing_title":"Elfsight Apps","pricing_title_caption":"Wersja wieloplatformowa, kt\u00f3ra dzia\u0142a na ka\u017cdej stronie internetowej","pricing_price":"od 0 USD \/ miesi\u0105c","pricing_price_caption":"Zacznij od bezp\u0142atnego planu","pricing_benefits":[{"text":"Nielimitowane strony internetowe"},{"text":"Wsparcie premium"},{"text":"Bezp\u0142atna us\u0142uga monta\u017cu"},{"text":"Oferta specjalna na wiele aplikacji"}],"pricing_button_text":"Dodaj do witryny","pricing_button_url":"#demo"}],"related_apps_title":"","related_apps_hidden":"0","author":"","image":[],"title":"","job":"","social_networks":[]},"_links":{"self":[{"href":"https:\/\/elfsight.com\/pl\/wp-json\/wp\/v2\/pages\/6880","targetHints":{"allow":["GET"]}}],"collection":[{"href":"https:\/\/elfsight.com\/pl\/wp-json\/wp\/v2\/pages"}],"about":[{"href":"https:\/\/elfsight.com\/pl\/wp-json\/wp\/v2\/types\/page"}],"author":[{"embeddable":true,"href":"https:\/\/elfsight.com\/pl\/wp-json\/wp\/v2\/users\/9"}],"replies":[{"embeddable":true,"href":"https:\/\/elfsight.com\/pl\/wp-json\/wp\/v2\/comments?post=6880"}],"version-history":[{"count":3,"href":"https:\/\/elfsight.com\/pl\/wp-json\/wp\/v2\/pages\/6880\/revisions"}],"predecessor-version":[{"id":10810,"href":"https:\/\/elfsight.com\/pl\/wp-json\/wp\/v2\/pages\/6880\/revisions\/10810"}],"up":[{"embeddable":true,"href":"https:\/\/elfsight.com\/pl\/wp-json\/wp\/v2\/pages\/1996"}],"wp:attachment":[{"href":"https:\/\/elfsight.com\/pl\/wp-json\/wp\/v2\/media?parent=6880"}],"curies":[{"name":"wp","href":"https:\/\/api.w.org\/{rel}","templated":true}]}}