{"id":6878,"date":"1970-01-01T00:00:00","date_gmt":"1970-01-01T00:00:00","guid":{"rendered":"https:\/\/elfsight.com\/pl\/?page_id=6878"},"modified":"2024-11-14T12:50:57","modified_gmt":"2024-11-14T12:50:57","slug":"bigcommerce","status":"publish","type":"page","link":"https:\/\/elfsight.com\/pl\/testimonials-slider-widget\/bigcommerce\/","title":{"rendered":"Testimonials Slider &#8211; BigCommerce"},"content":{"rendered":"<div class=\"application-platform-content-item-description application-platform-content-item\" id=\"description\" data-nav-section=\"description\"><h2>Opis<\/h2><p>Slider Referencji \u2013 prosta aplikacja do dodawania referencji Twoich klient\u00f3w na w\u0142asnej stronie. Mo\u017cesz doda\u0107 r\u00f3\u017cne rodzaje dowod\u00f3w spo\u0142eczno\u015bciowych, aby recenzje by\u0142y godne zaufania: imi\u0119 i nazwisko autora, zdj\u0119cie, logo firmy, a nawet adres URL strony internetowej.<\/p><p><b>Zwi\u0119ksz zaufanie do swoich us\u0142ug, demonstruj\u0105c je u\u017cytkownikom Twoich zadowolonych klient\u00f3w.<\/b><\/p><ul><li><b>Silny dow\u00f3d spo\u0142eczny<\/b>.<br>Link z referencji do Twittera, Google lub bloga autora to wa\u017cny komunikat dla odwiedzaj\u0105cych, co podniesie wiarygodno\u015b\u0107 i poka\u017ce, \u017ce Tw\u00f3j biznes jest prawdziwy.<\/li><li><b>Poziom konwersji a\u017c do 200%<\/b>.<br>Uczy\u0144 swoje recenzje kluczowym argumentem w interakcji z klientem, pokazuj\u0105c je w\u0142a\u015bciwie w miejscu, w kt\u00f3rym odwiedzaj\u0105cy podejmuj\u0105 decyzj\u0119 o zakupie lub rozpocz\u0119ciu subskrypcji.<\/li><li><b>Lojalno\u015b\u0107 Twoich klient\u00f3w<\/b>.<br>Klient wystawi\u0142 dobr\u0105 opini\u0119 o Twojej firmie? Wykorzystaj to jak najlepiej i oka\u017c swoj\u0105 wdzi\u0119czno\u015b\u0107, umieszczaj\u0105c referencje na stronie witryny.<\/li><\/ul><\/div><div class=\"application-platform-content-item-features application-platform-content-item\" id=\"features\" data-nav-section=\"features\"><h2>Funkcje<\/h2><p>Funkcje najwa\u017cniejsze cechy naszej aplikacji, dzi\u0119ki kt\u00f3rym stanie si\u0119 ona u\u017cyteczn\u0105 aplikacj\u0105 dla ka\u017cdej witryny BigCommerce.<\/p><ul><li>Poka\u017c informacje o autorze dla wiarygodno\u015bci: imi\u0119 i nazwisko oraz zdj\u0119cie;<\/li><li>Aby zwi\u0119kszy\u0107 wiarygodno\u015b\u0107, poka\u017c logo firmy autora;<\/li><li>Suwaki strza\u0142ki i opcje paginacji;<\/li><li>Responsywne i pasuj\u0105ce do ka\u017cdego projektu.<\/li><\/ul><p><a href=\"#demo\">Wypr\u00f3buj te funkcje w wersji demonstracyjnej na \u017cywo<\/a><\/p><\/div><div class=\"application-platform-content-item-installation application-platform-content-item\" id=\"installation\" data-nav-section=\"installation\"><h2>Jak doda\u0107 referencje do witryny BigCommerce<\/h2><div class=\" kontener wideo\"><iframe width=\"720\" height=\"405\" src=\"https:\/\/www.youtube.com\/embed\/2yzmzOguRmY\" frameborder=\"0\" allowfullscreen=\"\"><\/iframe><\/div><p>Wystarczy spe\u0142ni\u0107 poni\u017csze wytyczne, aby umie\u015bci\u0107 aplikacj\u0119 na BigCommerce.<\/p> <ol><li><b>Uruchom nasz darmowy konfigurator i zacznij kszta\u0142towa\u0107 sw\u00f3j spersonalizowany widget. <\/b><br> Znajd\u017a preferowany uk\u0142ad i aspekty aplikacji i zapisz zmiany. <\/li> <li><b>Uzyskaj osobisty kod pojawiaj\u0105cy si\u0119 w specjalnym formularzu w aplikacjach Elfsight. <\/b><br> Zaraz po wygenerowaniu wid\u017cetu skopiuj kod osobisty w pojawiaj\u0105cym si\u0119 oknie i zapisz go do dalszego wykorzystania. <\/li> <li><b>Zastosuj suwak referencji w swojej witrynie BigCommerce. <\/b><br> Wklej ostatnio skopiowany kod na swoj\u0105 stron\u0119 i zapisz poprawki. <\/li> <li><b>Gotowe! Osadzanie zosta\u0142o w pe\u0142ni wykonane. <\/b><br> Przejd\u017a do swojej witryny i sprawd\u017a, jak dzia\u0142a wtyczka. <\/li><\/ol><p>Wyst\u0105pi\u0142y jakie\u015b problemy podczas instalowania lub konfigurowania aplikacji? Sprawd\u017a szczeg\u00f3\u0142owy przewodnik na temat <a href=\"https:\/\/elfsight.com\/tutorials\/how-to-add-testimonials-slider-widget-to-bigcommerce\/\" target=\"_blank\" rel=\"noopener noreferrer\">instalacji Suwak Referencji na stronie BigCommerce<\/a> lub zostaw zapytanie w Centrum Wsparcia.<\/p><div class=\"faq\" data-component=\"FAQ\"> <div class=\"faq-item\">\r\n\t\t\t\t\t<div class=\"faq-item-question\">\r\n\t\t\t\t\t\t<h3 class=\"faq-item-question-text\">Jak mog\u0119 doda\u0107 Suwak Referencji do mojej witryny BigCommerce bez umiej\u0119tno\u015bci kodowania?<\/h3>\r\n\r\n\t\t\t\t\t\t<div class=\"faq-item-question-icon\"><\/div>\r\n\t\t\t\t\t<\/div>\r\n\r\n\t\t\t\t\t<div class=\"faq-item-answer\">\r\n\t\t\t\t\t\t<div class=\"faq-item-answer-text\"> <p>Elfsight zapewnia rozwi\u0105zanie SaaS, kt\u00f3re umo\u017cliwia samodzielne utworzenie wid\u017cetu Suwak Referencji, przekonaj si\u0119, jak \u0142atwy jest ten proces: Pracuj bezpo\u015brednio w edytorze online, aby utworzy\u0107 wid\u017cet Suwaka Referencji, kt\u00f3ry chcia\u0142by\u015b zobaczy\u0107 na swojej stronie BigCommerce. Wybierz jeden z gotowych szablon\u00f3w i dostosuj ustawienia suwaka referencji, dodaj tre\u015b\u0107, zmie\u0144 uk\u0142ad i kolory bez umiej\u0119tno\u015bci kodowania. Zapisz suwak referencji i skopiuj jego kod instalacyjny, kt\u00f3ry mo\u017cesz \u0142atwo osadzi\u0107 na swojej stronie BigCommerce bez kupowania p\u0142atnego planu. Dzi\u0119ki naszemu intuicyjnemu edytorowi ka\u017cdy u\u017cytkownik Internetu mo\u017ce stworzy\u0107 wid\u017cet Suwak Referencji online i \u0142atwo osadzi\u0107 go na swojej stronie BigCommerce. Aby uzyska\u0107 dost\u0119p do us\u0142ugi, nie trzeba p\u0142aci\u0107 ani wprowadza\u0107 danych uwierzytelniaj\u0105cych karty. Je\u015bli na kt\u00f3rymkolwiek etapie napotkasz jakiekolwiek problemy, skontaktuj si\u0119 z naszym zespo\u0142em pomocy technicznej.<\/p> <\/div>\r\n\t\t\t\t\t<\/div>\r\n\t\t\t\t<\/div> <\/div> <\/div>","protected":false},"excerpt":{"rendered":"","protected":false},"author":9,"featured_media":0,"parent":1996,"menu_order":0,"comment_status":"closed","ping_status":"closed","template":"templates\/template-application-platform.php","meta":{"publish_to_discourse":"","publish_post_category":"","wpdc_auto_publish_overridden":"","wpdc_topic_tags":"","wpdc_pin_topic":"","wpdc_pin_until":"","discourse_post_id":"","discourse_permalink":"","wpdc_publishing_response":"","wpdc_publishing_error":"","footnotes":""},"class_list":["post-6878","page","type-page","status-publish","hentry"],"yoast_head":"<!-- This site is optimized with the Yoast SEO plugin v25.3.1 - https:\/\/yoast.com\/wordpress\/plugins\/seo\/ -->\n<title>Suwak Referencji \u2013 Dodaj aplikacj\u0119 Referencje do witryny BigCommerce<\/title>\n<meta name=\"description\" content=\"Wypr\u00f3buj za darmo najlepsz\u0105 aplikacj\u0119 Slider Referencji dla BigCommerce. Prosta i szybka instalacja bez specjalistycznej wiedzy w zakresie tworzenia stron internetowych w zaledwie 3 minuty.\" \/>\n<meta name=\"robots\" content=\"index, follow, max-snippet:-1, max-image-preview:large, max-video-preview:-1\" \/>\n<link rel=\"canonical\" href=\"https:\/\/elfsight.com\/pl\/testimonials-slider-widget\/bigcommerce\/\" \/>\n<meta property=\"og:locale\" content=\"pl_PL\" \/>\n<meta property=\"og:type\" content=\"article\" \/>\n<meta property=\"og:title\" content=\"Suwak Referencji \u2013 Dodaj aplikacj\u0119 Referencje do witryny BigCommerce\" \/>\n<meta property=\"og:description\" content=\"Wypr\u00f3buj za darmo najlepsz\u0105 aplikacj\u0119 Slider Referencji dla BigCommerce. Prosta i szybka instalacja bez specjalistycznej wiedzy w zakresie tworzenia stron internetowych w zaledwie 3 minuty.\" \/>\n<meta property=\"og:url\" content=\"https:\/\/elfsight.com\/pl\/testimonials-slider-widget\/bigcommerce\/\" \/>\n<meta property=\"og:site_name\" content=\"Elfsight PL\" \/>\n<meta property=\"article:modified_time\" content=\"2024-11-14T12:50:57+00:00\" \/>\n<meta name=\"twitter:card\" content=\"summary_large_image\" \/>\n<meta name=\"twitter:label1\" content=\"Szacowany czas czytania\" \/>\n\t<meta name=\"twitter:data1\" content=\"3 minuty\" \/>\n<!-- \/ Yoast SEO plugin. -->","yoast_head_json":{"title":"Suwak Referencji \u2013 Dodaj aplikacj\u0119 Referencje do witryny BigCommerce","description":"Wypr\u00f3buj za darmo najlepsz\u0105 aplikacj\u0119 Slider Referencji dla BigCommerce. Prosta i szybka instalacja bez specjalistycznej wiedzy w zakresie tworzenia stron internetowych w zaledwie 3 minuty.","robots":{"index":"index","follow":"follow","max-snippet":"max-snippet:-1","max-image-preview":"max-image-preview:large","max-video-preview":"max-video-preview:-1"},"canonical":"https:\/\/elfsight.com\/pl\/testimonials-slider-widget\/bigcommerce\/","og_locale":"pl_PL","og_type":"article","og_title":"Suwak Referencji \u2013 Dodaj aplikacj\u0119 Referencje do witryny BigCommerce","og_description":"Wypr\u00f3buj za darmo najlepsz\u0105 aplikacj\u0119 Slider Referencji dla BigCommerce. Prosta i szybka instalacja bez specjalistycznej wiedzy w zakresie tworzenia stron internetowych w zaledwie 3 minuty.","og_url":"https:\/\/elfsight.com\/pl\/testimonials-slider-widget\/bigcommerce\/","og_site_name":"Elfsight PL","article_modified_time":"2024-11-14T12:50:57+00:00","twitter_card":"summary_large_image","twitter_misc":{"Szacowany czas czytania":"3 minuty"},"schema":{"@context":"https:\/\/schema.org","@graph":[{"@type":"WebPage","@id":"https:\/\/elfsight.com\/pl\/testimonials-slider-widget\/bigcommerce\/","url":"https:\/\/elfsight.com\/pl\/testimonials-slider-widget\/bigcommerce\/","name":"Suwak Referencji \u2013 Dodaj aplikacj\u0119 Referencje do witryny BigCommerce","isPartOf":{"@id":"https:\/\/elfsight.com\/pl\/#website"},"datePublished":"1970-01-01T00:00:00+00:00","dateModified":"2024-11-14T12:50:57+00:00","description":"Wypr\u00f3buj za darmo najlepsz\u0105 aplikacj\u0119 Slider Referencji dla BigCommerce. Prosta i szybka instalacja bez specjalistycznej wiedzy w zakresie tworzenia stron internetowych w zaledwie 3 minuty.","breadcrumb":{"@id":"https:\/\/elfsight.com\/pl\/testimonials-slider-widget\/bigcommerce\/#breadcrumb"},"inLanguage":"pl-PL","potentialAction":[{"@type":"ReadAction","target":["https:\/\/elfsight.com\/pl\/testimonials-slider-widget\/bigcommerce\/"]}]},{"@type":"BreadcrumbList","@id":"https:\/\/elfsight.com\/pl\/testimonials-slider-widget\/bigcommerce\/#breadcrumb","itemListElement":[{"@type":"ListItem","position":1,"name":"Home","item":"https:\/\/elfsight.com\/pl\/"},{"@type":"ListItem","position":2,"name":"Testimonials Slider","item":"https:\/\/elfsight.com\/pl\/testimonials-slider-widget\/"},{"@type":"ListItem","position":3,"name":"Testimonials Slider &#8211; BigCommerce"}]},{"@type":"WebSite","@id":"https:\/\/elfsight.com\/pl\/#website","url":"https:\/\/elfsight.com\/pl\/","name":"Elfsight PL","description":"Just another Elfsight Sites site","potentialAction":[{"@type":"SearchAction","target":{"@type":"EntryPoint","urlTemplate":"https:\/\/elfsight.com\/pl\/?s={search_term_string}"},"query-input":{"@type":"PropertyValueSpecification","valueRequired":true,"valueName":"search_term_string"}}],"inLanguage":"pl-PL"}]}},"meta_box":{"industry":"","seo_heading":"","heading":"","description":"","cta_heading":"","cta_description":"","application":"2469","h1":"Aplikacja Suwak Referencji dla BigCommerce","h1_caption":"Wy\u015bwietlaj referencje klient\u00f3w na obrotowym suwaku, aby bez wysi\u0142ku budowa\u0107 wiarygodno\u015b\u0107 i prezentowa\u0107 pozytywne opinie na swojej stronie BigCommerce.","application_category":[],"applications_title":"","applications_request_title":"","applications_request_button_text":"","hero_text":"","hero_video":"","hero_video_schema_markup":"","selling_points_title":"","selling_points_caption":"","selling_points":[],"selling_points_cta_text":"","features_title":"","features":"","ed_cta_examples_text":"","ed_cta_examples_hidden":"","ed_cta_demo_text":"","ed_cta_demo_hidden":"","why_caption":"","why_editor_title":"","why_editor_text":"","why_team_title":"","why_team_text":"","why_service_title":"","why_service_text":"","template_catalog_visible":"","template_catalog_title":"","template_catalog_text":"","template_catalog_categories_visible":"","demo_title":"Utw\u00f3rz aplikacj\u0119 Suwak Referencji","demo_caption":"Skonfiguruj suwak referencji i dodaj go do swojej witryny BigCommerce za darmo!","default_faq_hidden":"","app_template_category":[],"platform":"41","template_public_id":"","codecanyon_url":"","codecanyon_item_id":"","codecanyon_price":"","pricing_caption":"","pricing_elfsight_apps_hide_column":"","pricing_elfsight_apps_url":"","pricing_codecanyon_price_caption":"","integration_category":[],"integration_request_title":"","integration_request_cta":"","integration_platform":"","integrations":[],"platform_category":[],"video_schema_markup":"","price":"od 0 USD \/ miesi\u0105c","trial":"","benefits":[{"text":"Bezp\u0142atna us\u0142uga monta\u017cu"},{"text":"Kompetentna obs\u0142uga klienta"},{"text":"14-dniowa gwarancja zwrotu pieni\u0119dzy"}],"button_url":"#demo","button_target_blank":"","button_nofollow":"","attributes":[{"name":"Instaluje"},{"name":"Czu\u0142y"},{"name":"Kompatybilne przegl\u0105darki"}],"tags":[],"tags_disable_links":"","hide_more_platforms":"","video_object":"","demo_hide_cta":"","demo_hide_cloud_options":"","pricing_title":"","pricing":[{"pricing_icon":"platform","pricing_title":"Elfsight Apps","pricing_title_caption":"Oprogramowanie wieloplatformowe, kt\u00f3re dzia\u0142a na dowolnej stronie internetowej","pricing_price":"od 0 USD \/ miesi\u0105c","pricing_price_caption":"zacznij od bezp\u0142atnego planu","pricing_benefits":[{"text":"Nielimitowane strony internetowe"},{"text":"Szybka pomoc i dobrze udokumentowana"},{"text":"Bezp\u0142atna pomoc w monta\u017cu"},{"text":"Elastyczny projekt"}],"pricing_button_text":"Dodaj do witryny","pricing_button_url":"#demo"}],"related_apps_title":"","related_apps_hidden":"","author":"","image":[],"title":"","job":"","social_networks":[]},"_links":{"self":[{"href":"https:\/\/elfsight.com\/pl\/wp-json\/wp\/v2\/pages\/6878","targetHints":{"allow":["GET"]}}],"collection":[{"href":"https:\/\/elfsight.com\/pl\/wp-json\/wp\/v2\/pages"}],"about":[{"href":"https:\/\/elfsight.com\/pl\/wp-json\/wp\/v2\/types\/page"}],"author":[{"embeddable":true,"href":"https:\/\/elfsight.com\/pl\/wp-json\/wp\/v2\/users\/9"}],"replies":[{"embeddable":true,"href":"https:\/\/elfsight.com\/pl\/wp-json\/wp\/v2\/comments?post=6878"}],"version-history":[{"count":2,"href":"https:\/\/elfsight.com\/pl\/wp-json\/wp\/v2\/pages\/6878\/revisions"}],"predecessor-version":[{"id":8070,"href":"https:\/\/elfsight.com\/pl\/wp-json\/wp\/v2\/pages\/6878\/revisions\/8070"}],"up":[{"embeddable":true,"href":"https:\/\/elfsight.com\/pl\/wp-json\/wp\/v2\/pages\/1996"}],"wp:attachment":[{"href":"https:\/\/elfsight.com\/pl\/wp-json\/wp\/v2\/media?parent=6878"}],"curies":[{"name":"wp","href":"https:\/\/api.w.org\/{rel}","templated":true}]}}