{"id":6877,"date":"1970-01-01T00:00:00","date_gmt":"1970-01-01T00:00:00","guid":{"rendered":"https:\/\/elfsight.com\/pl\/?page_id=6877"},"modified":"2024-11-14T12:50:57","modified_gmt":"2024-11-14T12:50:57","slug":"blogger","status":"publish","type":"page","link":"https:\/\/elfsight.com\/pl\/testimonials-slider-widget\/blogger\/","title":{"rendered":"Testimonials Slider &#8211; Blogger"},"content":{"rendered":"<div class=\"application-platform-content-item-description application-platform-content-item\" id=\"description\" data-nav-section=\"description\"><h2>Opis<\/h2><p>Suwak opinii \u2013 wspania\u0142y widget do dodawania opinii klient\u00f3w na Twojej w\u0142asnej stronie. Aby recenzje by\u0142y godne zaufania, mo\u017cesz do\u0142\u0105czy\u0107 dowolny dow\u00f3d spo\u0142eczny: imi\u0119 i nazwisko autora, zdj\u0119cie, symbol firmy, a nawet adres URL witryny.<\/p><p><b>Zwi\u0119ksz zaufanie do swojej firmy, pokazuj\u0105c u\u017cytkownikom, \u017ce zadowoleni klienci.<\/b><\/p><ul><li><b>Zamie\u0144 swoje recenzje w wiarygodne referencje<\/b>.<br>Wy\u015bwietlaj wyczerpuj\u0105ce informacje o autorze wszystkich Twoich opinii, na przyk\u0142ad: imi\u0119 i nazwisko, firma i stanowisko; udowodnij czytelnikom, \u017ce widz\u0105 referencje prawdziwych klient\u00f3w.<\/li><li><b>Podnie\u015b konwersj\u0119 nawet o 200%<\/b>.<br>Uczy\u0144 swoje recenzje argumentem przy podejmowaniu decyzji, umieszczaj\u0105c je tam, gdzie u\u017cytkownicy podejm\u0105 decyzj\u0119 o pobraniu czego\u015b z Twojej witryny lub zarejestrowaniu si\u0119 w niej.<\/li><li><b>Dodaj wiarygodn\u0105 opini\u0119<\/b>.<br>Czy masz u\u017cytkownik\u00f3w, kt\u00f3rych opinia na temat Twojej firmy b\u0119dzie naprawd\u0119 przekonuj\u0105ca dla innych go\u015bcie? Skonfiguruj kompleksowe referencje z danymi o autorze i zwi\u0119ksz swoj\u0105 sprzeda\u017c.<\/li><\/ul><\/div><div class=\"application-platform-content-item-features application-platform-content-item\" id=\"features\" data-nav-section=\"features\"><h2>Funkcje<\/h2><p>Kluczowe aspekty, kt\u00f3re sprawiaj\u0105, \u017ce Elfsight Referencje Suwak przydatny widget dla ka\u017cdej witryny Bloggera.<\/p><ul><li>U\u017cyj podpisu do wpisania nazwy firmy, stanowiska i innych danych;<\/li><li>Dodaj firm\u0119, stanowisko i inne informacje do podpisu;<\/li><li>Edytuj podpis, aby wy\u015bwietli\u0107 firm\u0119, stanowisko i inne informacje;<\/li><li>Podaj link do strony internetowej autora, aby uzyska\u0107 bardziej wiarygodn\u0105 prezentacj\u0119.<\/li><\/ul><p> <a href=\"#demo\">Wypr\u00f3buj te funkcje w wersji demonstracyjnej na \u017cywo<\/a><\/p><\/div><div class=\"application-platform-content-item-installation application-platform-content-item\" id=\"installation\" data-nav-section=\"installation\"><h2>Jak doda\u0107 referencje do witryny Bloggera<\/h2><div class=\"video-container\"><iframe><\/iframe><\/div><p>Wid\u017cet Elfsight jest maksymalnie prosty pod wzgl\u0119dem integracji i nie wymaga \u017cadnego do\u015bwiadczenia w tworzeniu stron internetowych. Przej\u015bcie samouczka zajmie nie d\u0142u\u017cej ni\u017c 2 minuty.<\/p><ol><li><b>Skonstruuj spersonalizowany suwak referencji<\/b>.<br>Korzystaj\u0105c z naszej bezp\u0142atnej wersji demonstracyjnej, utw\u00f3rz wtyczka o preferowanym wygl\u0105dzie i mo\u017cliwo\u015bciach.<\/li><li><b>Zdob\u0105d\u017a kod do wy\u015bwietlenia wtyczki<\/b>.<br>Po utworzeniu wid\u017cetu otrzymaj kod wtyczki Referencje z wy\u015bwietlonego okna aplikacji Elfsight.<\/li><li><b>Poka\u017c wtyczk\u0119 w witrynie Bloggera<\/b>.<br>Wy\u015bwietl wtyczk\u0119 w wymaganym miejscu strony i zastosuj zmiany.<\/li><li><b>Integracja zako\u0144czy\u0142o si\u0119 sukcesem<\/b>!<br>Wejd\u017a na swoj\u0105 witryn\u0119 Bloggera i zobacz swoje referencje.<\/li><\/ol><p>Wyst\u0105pi\u0142y jakie\u015b problemy podczas dodawania lub konfigurowania wid\u017cetu? Zapoznaj si\u0119 ze szczeg\u00f3\u0142owym samouczkiem na temat <a href=\"https:\/\/elfsight.com\/tutorials\/how-to-add-testimonials-slider-widget-to-blogger\/\" target=\"_blank\" rel=\"noopener noreferrer\">dostosowywanie suwaka referencji do Bloggera<\/a> lub wy\u015blij zapytanie do naszego Centrum pomocy.<\/p><div class=\"faq\" data-component=\"FAQ\"> <div class=\"faq-item\">\r\n\t\t\t\t\t<div class=\"faq-item-question\">\r\n\t\t\t\t\t\t<h3 class=\"faq-item-question-text\">Jak mog\u0119 doda\u0107 suwak referencji do mojej witryny Bloggera bez umiej\u0119tno\u015bci kodowania?<\/h3>\r\n\r\n\t\t\t\t\t\t<div class=\"faq-item-question-icon\"><\/div>\r\n\t\t\t\t\t<\/div>\r\n\r\n\t\t\t\t\t<div class=\"faq-item-answer\">\r\n\t\t\t\t\t\t<div class=\"faq-item-answer-text\"> <p>Elfsight udost\u0119pnia rozwi\u0105zanie SaaS, kt\u00f3re umo\u017cliwia samodzielne utworzenie wid\u017cetu Suwak Referencji. Przekonaj si\u0119, jak \u0142atwy jest ten proces: Pracuj bezpo\u015brednio w edytorze online, aby utworzy\u0107 wid\u017cet Suwaka Referencji, kt\u00f3ry chcesz widzie\u0107 w swojej witrynie Bloggera. Wybierz jeden z gotowych szablon\u00f3w i dostosuj ustawienia suwaka referencji, dodaj tre\u015b\u0107, zmie\u0144 uk\u0142ad i schemat kolor\u00f3w bez umiej\u0119tno\u015bci kodowania. Zapisz suwak Referencje i skopiuj jego kod instalacyjny, kt\u00f3ry mo\u017cesz bez problemu wklei\u0107 na swojej stronie Bloggera, bez konieczno\u015bci kupowania p\u0142atnej subskrypcji. Dzi\u0119ki naszemu intuicyjnemu edytorowi ka\u017cdy u\u017cytkownik Internetu mo\u017ce stworzy\u0107 wid\u017cet Suwak Referencji online i \u0142atwo osadzi\u0107 go na swojej stronie Bloggera. Aby uzyska\u0107 dost\u0119p do us\u0142ugi, nie trzeba p\u0142aci\u0107 ani wprowadza\u0107 danych uwierzytelniaj\u0105cych karty. Je\u015bli na kt\u00f3rymkolwiek etapie napotkasz jakiekolwiek problemy, skontaktuj si\u0119 z naszym zespo\u0142em pomocy technicznej.<\/p> <\/div>\r\n\t\t\t\t\t<\/div>\r\n\t\t\t\t<\/div> <\/div> <\/div>\n<iframe width=\"720\" height=\"405\" src=\"https:\/\/www.youtube.com\/embed\/DGz8OlibzTs\" frameborder=\"0\" allowfullscreen=\"\"><\/iframe>","protected":false},"excerpt":{"rendered":"","protected":false},"author":9,"featured_media":0,"parent":1996,"menu_order":0,"comment_status":"closed","ping_status":"closed","template":"templates\/template-application-platform.php","meta":{"publish_to_discourse":"","publish_post_category":"","wpdc_auto_publish_overridden":"","wpdc_topic_tags":"","wpdc_pin_topic":"","wpdc_pin_until":"","discourse_post_id":"","discourse_permalink":"","wpdc_publishing_response":"","wpdc_publishing_error":"","footnotes":""},"class_list":["post-6877","page","type-page","status-publish","hentry"],"yoast_head":"<!-- This site is optimized with the Yoast SEO plugin v25.3.1 - https:\/\/yoast.com\/wordpress\/plugins\/seo\/ -->\n<title>Suwak Referencje \u2013 dodaj wid\u017cet Referencje do witryny Bloggera<\/title>\n<meta name=\"description\" content=\"Sprawd\u017a bezp\u0142atnie najlepszy widget Suwak Referencji dla Bloggera. Nieskomplikowana i natychmiastowa integracja bez umiej\u0119tno\u015bci kodowania w zaledwie 2 minuty.\" \/>\n<meta name=\"robots\" content=\"index, follow, max-snippet:-1, max-image-preview:large, max-video-preview:-1\" \/>\n<link rel=\"canonical\" href=\"https:\/\/elfsight.com\/pl\/testimonials-slider-widget\/blogger\/\" \/>\n<meta property=\"og:locale\" content=\"pl_PL\" \/>\n<meta property=\"og:type\" content=\"article\" \/>\n<meta property=\"og:title\" content=\"Suwak Referencje \u2013 dodaj wid\u017cet Referencje do witryny Bloggera\" \/>\n<meta property=\"og:description\" content=\"Sprawd\u017a bezp\u0142atnie najlepszy widget Suwak Referencji dla Bloggera. Nieskomplikowana i natychmiastowa integracja bez umiej\u0119tno\u015bci kodowania w zaledwie 2 minuty.\" \/>\n<meta property=\"og:url\" content=\"https:\/\/elfsight.com\/pl\/testimonials-slider-widget\/blogger\/\" \/>\n<meta property=\"og:site_name\" content=\"Elfsight PL\" \/>\n<meta property=\"article:modified_time\" content=\"2024-11-14T12:50:57+00:00\" \/>\n<meta name=\"twitter:card\" content=\"summary_large_image\" \/>\n<meta name=\"twitter:label1\" content=\"Szacowany czas czytania\" \/>\n\t<meta name=\"twitter:data1\" content=\"3 minuty\" \/>\n<!-- \/ Yoast SEO plugin. -->","yoast_head_json":{"title":"Suwak Referencje \u2013 dodaj wid\u017cet Referencje do witryny Bloggera","description":"Sprawd\u017a bezp\u0142atnie najlepszy widget Suwak Referencji dla Bloggera. Nieskomplikowana i natychmiastowa integracja bez umiej\u0119tno\u015bci kodowania w zaledwie 2 minuty.","robots":{"index":"index","follow":"follow","max-snippet":"max-snippet:-1","max-image-preview":"max-image-preview:large","max-video-preview":"max-video-preview:-1"},"canonical":"https:\/\/elfsight.com\/pl\/testimonials-slider-widget\/blogger\/","og_locale":"pl_PL","og_type":"article","og_title":"Suwak Referencje \u2013 dodaj wid\u017cet Referencje do witryny Bloggera","og_description":"Sprawd\u017a bezp\u0142atnie najlepszy widget Suwak Referencji dla Bloggera. Nieskomplikowana i natychmiastowa integracja bez umiej\u0119tno\u015bci kodowania w zaledwie 2 minuty.","og_url":"https:\/\/elfsight.com\/pl\/testimonials-slider-widget\/blogger\/","og_site_name":"Elfsight PL","article_modified_time":"2024-11-14T12:50:57+00:00","twitter_card":"summary_large_image","twitter_misc":{"Szacowany czas czytania":"3 minuty"},"schema":{"@context":"https:\/\/schema.org","@graph":[{"@type":"WebPage","@id":"https:\/\/elfsight.com\/pl\/testimonials-slider-widget\/blogger\/","url":"https:\/\/elfsight.com\/pl\/testimonials-slider-widget\/blogger\/","name":"Suwak Referencje \u2013 dodaj wid\u017cet Referencje do witryny Bloggera","isPartOf":{"@id":"https:\/\/elfsight.com\/pl\/#website"},"datePublished":"1970-01-01T00:00:00+00:00","dateModified":"2024-11-14T12:50:57+00:00","description":"Sprawd\u017a bezp\u0142atnie najlepszy widget Suwak Referencji dla Bloggera. Nieskomplikowana i natychmiastowa integracja bez umiej\u0119tno\u015bci kodowania w zaledwie 2 minuty.","breadcrumb":{"@id":"https:\/\/elfsight.com\/pl\/testimonials-slider-widget\/blogger\/#breadcrumb"},"inLanguage":"pl-PL","potentialAction":[{"@type":"ReadAction","target":["https:\/\/elfsight.com\/pl\/testimonials-slider-widget\/blogger\/"]}]},{"@type":"BreadcrumbList","@id":"https:\/\/elfsight.com\/pl\/testimonials-slider-widget\/blogger\/#breadcrumb","itemListElement":[{"@type":"ListItem","position":1,"name":"Home","item":"https:\/\/elfsight.com\/pl\/"},{"@type":"ListItem","position":2,"name":"Testimonials Slider","item":"https:\/\/elfsight.com\/pl\/testimonials-slider-widget\/"},{"@type":"ListItem","position":3,"name":"Testimonials Slider &#8211; Blogger"}]},{"@type":"WebSite","@id":"https:\/\/elfsight.com\/pl\/#website","url":"https:\/\/elfsight.com\/pl\/","name":"Elfsight PL","description":"Just another Elfsight Sites site","potentialAction":[{"@type":"SearchAction","target":{"@type":"EntryPoint","urlTemplate":"https:\/\/elfsight.com\/pl\/?s={search_term_string}"},"query-input":{"@type":"PropertyValueSpecification","valueRequired":true,"valueName":"search_term_string"}}],"inLanguage":"pl-PL"}]}},"meta_box":{"industry":"","seo_heading":"","heading":"","description":"","cta_heading":"","cta_description":"","application":"2469","h1":"Widget Suwak Referencji dla Bloggera","h1_caption":"Wy\u015bwietlaj referencje klient\u00f3w na obrotowym suwaku, aby bez wysi\u0142ku budowa\u0107 wiarygodno\u015b\u0107 i prezentowa\u0107 pozytywne opinie w swojej witrynie Bloggera.","application_category":[],"applications_title":"","applications_request_title":"","applications_request_button_text":"","hero_text":"","hero_video":"","hero_video_schema_markup":"","selling_points_title":"","selling_points_caption":"","selling_points":[],"selling_points_cta_text":"","features_title":"","features":"","ed_cta_examples_text":"","ed_cta_examples_hidden":"","ed_cta_demo_text":"","ed_cta_demo_hidden":"","why_caption":"","why_editor_title":"","why_editor_text":"","why_team_title":"","why_team_text":"","why_service_title":"","why_service_text":"","template_catalog_visible":"","template_catalog_title":"","template_catalog_text":"","template_catalog_categories_visible":"","demo_title":"Utw\u00f3rz wid\u017cet Suwak Referencji","demo_caption":"Skonfiguruj suwak referencji i dodaj go do swojej witryny Bloggera za darmo!","default_faq_hidden":"","app_template_category":[],"platform":"44","template_public_id":"","codecanyon_url":"","codecanyon_item_id":"","codecanyon_price":"","pricing_caption":"","pricing_elfsight_apps_hide_column":"","pricing_elfsight_apps_url":"","pricing_codecanyon_price_caption":"","integration_category":[],"integration_request_title":"","integration_request_cta":"","integration_platform":"","integrations":[],"platform_category":[],"video_schema_markup":"","price":"od 0 USD \/ miesi\u0105c","trial":"","benefits":[{"text":"Bezp\u0142atna pomoc w instalacji"},{"text":"Do\u015bwiadczona obs\u0142uga klienta"},{"text":"14-dniowa gwarancja zwrotu pieni\u0119dzy"}],"button_url":"#demo","button_target_blank":"","button_nofollow":"","attributes":[{"name":"Instaluje"},{"name":"Czu\u0142y"},{"name":"Kompatybilne przegl\u0105darki"}],"tags":[],"tags_disable_links":"","hide_more_platforms":"","video_object":"","demo_hide_cta":"","demo_hide_cloud_options":"","pricing_title":"","pricing":[{"pricing_icon":"platform","pricing_title":"Blogger widget","pricing_title_caption":"Wersja wieloplatformowa, kt\u00f3ra dzia\u0142a na ka\u017cdej stronie internetowej","pricing_price":"od 0 USD \/ miesi\u0105c","pricing_price_caption":"zacznij od bezp\u0142atnego planu","pricing_benefits":[{"text":"Nielimitowane domeny"},{"text":"Dedykowane i terminowe wsparcie"},{"text":"Bezp\u0142atna us\u0142uga monta\u017cu"},{"text":"W pe\u0142ni konfigurowalny"}],"pricing_button_text":"Dodaj do witryny","pricing_button_url":"#demo"}],"related_apps_title":"","related_apps_hidden":"","author":"","image":[],"title":"","job":"","social_networks":[]},"_links":{"self":[{"href":"https:\/\/elfsight.com\/pl\/wp-json\/wp\/v2\/pages\/6877","targetHints":{"allow":["GET"]}}],"collection":[{"href":"https:\/\/elfsight.com\/pl\/wp-json\/wp\/v2\/pages"}],"about":[{"href":"https:\/\/elfsight.com\/pl\/wp-json\/wp\/v2\/types\/page"}],"author":[{"embeddable":true,"href":"https:\/\/elfsight.com\/pl\/wp-json\/wp\/v2\/users\/9"}],"replies":[{"embeddable":true,"href":"https:\/\/elfsight.com\/pl\/wp-json\/wp\/v2\/comments?post=6877"}],"version-history":[{"count":2,"href":"https:\/\/elfsight.com\/pl\/wp-json\/wp\/v2\/pages\/6877\/revisions"}],"predecessor-version":[{"id":8069,"href":"https:\/\/elfsight.com\/pl\/wp-json\/wp\/v2\/pages\/6877\/revisions\/8069"}],"up":[{"embeddable":true,"href":"https:\/\/elfsight.com\/pl\/wp-json\/wp\/v2\/pages\/1996"}],"wp:attachment":[{"href":"https:\/\/elfsight.com\/pl\/wp-json\/wp\/v2\/media?parent=6877"}],"curies":[{"name":"wp","href":"https:\/\/api.w.org\/{rel}","templated":true}]}}