{"id":6872,"date":"1970-01-01T00:00:00","date_gmt":"1970-01-01T00:00:00","guid":{"rendered":"https:\/\/elfsight.com\/pl\/?page_id=6872"},"modified":"2024-11-14T12:50:57","modified_gmt":"2024-11-14T12:50:57","slug":"drupal","status":"publish","type":"page","link":"https:\/\/elfsight.com\/pl\/testimonials-slider-widget\/drupal\/","title":{"rendered":"Testimonials Slider &#8211; Drupal"},"content":{"rendered":"<div class=\"application-platform-content-item-description application-platform-content-item\" id=\"description\" data-nav-section=\"description\"><h2>Opis<\/h2><p>Suwak Referencji to intuicyjny modu\u0142 umo\u017cliwiaj\u0105cy prezentacj\u0119 opinii Twoich kupuj\u0105cych na Twojej stronie internetowej. Mo\u017cesz doda\u0107 dowolny dow\u00f3d spo\u0142eczno\u015bciowy, aby recenzje by\u0142y naprawd\u0119 godne zaufania, imi\u0119 i nazwisko autora, zdj\u0119cie, symbol firmy, a nawet adres URL strony.<\/p><p><b>Podw\u00f3j poziom zaufania do swojej us\u0142ugi, pokazuj\u0105c j\u0105 u\u017cytkownikom Twoje prawdziwe i jasne opinie.<\/b><\/p><ul><li><b>Zamie\u0144 swoje recenzje w absolutnie godne zaufania referencje<\/b>.<br>Ujawnij wszystkie dane o autorze ka\u017cdej recenzji, wraz z jego imieniem i nazwiskiem, firm\u0105 i stanowiskiem \u2013 poka\u017c odwiedzaj\u0105cym, \u017ce widz\u0105 referencje istniej\u0105cych klient\u00f3w.<\/li><li><b>Motywuj odwiedzaj\u0105cych do zakupu<\/b>.<br>Ujawnianie prawdziwych opinii klient\u00f3w za pomoc\u0105 pozytywnej historii inspiruje u\u017cytkownik\u00f3w do dzielenia si\u0119 tym do\u015bwiadczeniem oraz pobudza ich do dzia\u0142ania i zwi\u0119kszania konwersji.<\/li><li><b>Zwi\u0119ksz zaufanie do swojej witryny<\/b>.<br>Dodaj recenzje swoich klient\u00f3w na stronie i poka\u017c przypadki zadowolenia klient\u00f3w, aby zwi\u0119kszy\u0107 zaufanie do Twojej firmy.<\/li><\/ul><\/div><div class=\"faq\" data-component=\"FAQ\"><div class=\"faq-item\">\r\n\t\t\t\t\t<div class=\"faq-item-question\">\r\n\t\t\t\t\t\t<h3 class=\"faq-item-question-text\"><\/h3>\r\n\r\n\t\t\t\t\t\t<div class=\"faq-item-question-icon\"><\/div>\r\n\t\t\t\t\t<\/div>\r\n\r\n\t\t\t\t\t<div class=\"faq-item-answer\">\r\n\t\t\t\t\t\t<div class=\"faq-item-answer-text\"><p>Podstawa narz\u0119dzia le\u017cy w ramach us\u0142ugi Elfsight i nie musisz uczy\u0107 si\u0119 kodowania. Skorzystaj z wersji demonstracyjnej online, aby dostosowa\u0107 w\u0142asn\u0105 aplikacj\u0119, zdob\u0105d\u017a kod i dodaj go na swojej stronie internetowej. <\/p><\/div>\r\n\t\t\t\t\t<\/div>\r\n\t\t\t\t<\/div><div class=\"faq-item\">\r\n\t\t\t\t\t<div class=\"faq-item-question\">\r\n\t\t\t\t\t\t<h3 class=\"faq-item-question-text\">Najlepsze przyk\u0142ady wykorzystania integracji z karuzel\u0105 referencji<\/h3>\r\n\r\n\t\t\t\t\t\t<div class=\"faq-item-question-icon\"><\/div>\r\n\t\t\t\t\t<\/div>\r\n\r\n\t\t\t\t\t<div class=\"faq-item-answer\">\r\n\t\t\t\t\t\t<div class=\"faq-item-answer-text\"><p>Zapewnimy Ci szerok\u0105 gam\u0119 opcji personalizacji: pe\u0142nowymiarowe wid\u017cety do wstawiania sekcj\u0119 tre\u015bci, p\u0142ywaj\u0105ce wtyczki z mo\u017cliwo\u015bci\u0105 przewijania, miniatury stopki, nag\u0142\u00f3wka i wszelkiego rodzaju pionowe opcje pask\u00f3w bocznych i menu. <\/p><\/div>\r\n\t\t\t\t\t<\/div>\r\n\t\t\t\t<\/div><div class=\"faq-item\">\r\n\t\t\t\t\t<div class=\"faq-item-question\">\r\n\t\t\t\t\t\t<h3 class=\"faq-item-question-text\">Czy mog\u0119 utworzy\u0107 wid\u017cet z list\u0105 lub siatk\u0105 referencji za pomoc\u0105 edytora? <\/h3>\r\n\r\n\t\t\t\t\t\t<div class=\"faq-item-question-icon\"><\/div>\r\n\t\t\t\t\t<\/div>\r\n\r\n\t\t\t\t\t<div class=\"faq-item-answer\">\r\n\t\t\t\t\t\t<div class=\"faq-item-answer-text\"><p>Mo\u017cesz dowolnie modyfikowa\u0107 dowolne zmiany wid\u017cetu. W edytorze dost\u0119pna jest szeroka gama uk\u0142ad\u00f3w, a ka\u017cdy z nich mo\u017cna \u0142atwo spersonalizowa\u0107, dok\u0142adnie tak, jak tego potrzebujesz. <\/p><\/div>\r\n\t\t\t\t\t<\/div>\r\n\t\t\t\t<\/div><\/div><div class=\"application-platform-content-item-features application-platform-content-item\" id=\"features\" data-nav-section=\"features\"><h2>Funkcje<\/h2><p>G\u0142\u00f3wne funkcje, kt\u00f3re zmieniaj\u0105 Elfsight Testimonials Slider w niezb\u0119dny modu\u0142 dla ka\u017cdej witryny Drupal.<\/p><ul><li>Podaj link do strony internetowej autora, aby zapewni\u0107 bardziej wiarygodn\u0105 prezentacj\u0119;<\/li><li>Dodaj logo firmy autora, aby informacja wygl\u0105da\u0142a wiarygodnie;<\/li><li>Wybierz uk\u0142ad suwaka lub siatki w zale\u017cno\u015bci od potrzeb;<\/li><li>Zmie\u0144 tytu\u0142 wid\u017cetu.<\/li><\/ul><p><a href=\"#demo\">Wypr\u00f3buj te funkcje w wersji demonstracyjnej na \u017cywo<\/a><\/p><\/div><div class=\"application-platform-content-item-installation application-platform-content-item\" id=\"installation\" data-nav-section=\"installation\"><h2>Jak doda\u0107 modu\u0142 Suwaka Referencji do strony Drupal<\/h2><p>Wystarczy wykona\u0107 kilka krok\u00f3w opisanych poni\u017cej, aby rozpocz\u0105\u0107 korzystanie z modu\u0142 na Drupalu.<\/p> <ol><li><b>Skorzystaj z naszego darmowego edytora i zacznij tworzy\u0107 sw\u00f3j unikalny wid\u017cet Suwak Referencji. <\/b><br> Znajd\u017a niestandardowy formularz i opcje modu\u0142u i zapisz poprawki. <\/li> <li><b>Wy\u015bwietl sw\u00f3j osobisty kod w oknie aplikacji Elfsight. <\/b><br> Zaraz po dostosowaniu modu\u0142u osobistego skopiuj indywidualny kod z wy\u015bwietlonego okna i zapisz go do wykorzystania w przysz\u0142o\u015bci. <\/li> <li><b>Zacznij u\u017cywa\u0107 wtyczki na swojej stronie Drupal. <\/b><br> Wklej ostatnio zapisany kod na swoj\u0105 stron\u0119 i zapisz ulepszenia. <\/li> <li><b>Konfiguracja zosta\u0142a w pe\u0142ni przeprowadzona. <\/b><br> Przejd\u017a na swoj\u0105 witryn\u0119 i zobacz, jak dzia\u0142a narz\u0119dzie. <\/li><\/ol><p>Masz problemy podczas konfiguracji lub regulacji modu\u0142u? Zapoznaj si\u0119 z obszernym samouczkiem na temat <a href=\"https:\/\/elfsight.com\/tutorials\/how-to-add-testimonials-slider-widget-to-drupal\/\" target=\"_blank\" rel=\"noopener noreferrer\">konfiguracji suwaka referencji na Drupalu<\/a> lub skontaktuj si\u0119 z naszym Centrum wsparcia.<\/p><\/div>","protected":false},"excerpt":{"rendered":"","protected":false},"author":9,"featured_media":0,"parent":1996,"menu_order":0,"comment_status":"closed","ping_status":"closed","template":"templates\/template-application-platform.php","meta":{"publish_to_discourse":"","publish_post_category":"","wpdc_auto_publish_overridden":"","wpdc_topic_tags":"","wpdc_pin_topic":"","wpdc_pin_until":"","discourse_post_id":"","discourse_permalink":"","wpdc_publishing_response":"","wpdc_publishing_error":"","footnotes":""},"class_list":["post-6872","page","type-page","status-publish","hentry"],"yoast_head":"<!-- This site is optimized with the Yoast SEO plugin v25.3.1 - https:\/\/yoast.com\/wordpress\/plugins\/seo\/ -->\n<title>Suwak Referencji \u2013 Dodaj modu\u0142 Referencji do strony Drupal<\/title>\n<meta name=\"description\" content=\"Wypr\u00f3buj za darmo najlepszy modu\u0142 Testimonials Slider dla Drupala. \u0141atwa i szybka integracja bez wiedzy programistycznej w zaledwie 2 minuty.\" \/>\n<meta name=\"robots\" content=\"index, follow, max-snippet:-1, max-image-preview:large, max-video-preview:-1\" \/>\n<link rel=\"canonical\" href=\"https:\/\/elfsight.com\/pl\/testimonials-slider-widget\/drupal\/\" \/>\n<meta property=\"og:locale\" content=\"pl_PL\" \/>\n<meta property=\"og:type\" content=\"article\" \/>\n<meta property=\"og:title\" content=\"Suwak Referencji \u2013 Dodaj modu\u0142 Referencji do strony Drupal\" \/>\n<meta property=\"og:description\" content=\"Wypr\u00f3buj za darmo najlepszy modu\u0142 Testimonials Slider dla Drupala. \u0141atwa i szybka integracja bez wiedzy programistycznej w zaledwie 2 minuty.\" \/>\n<meta property=\"og:url\" content=\"https:\/\/elfsight.com\/pl\/testimonials-slider-widget\/drupal\/\" \/>\n<meta property=\"og:site_name\" content=\"Elfsight PL\" \/>\n<meta property=\"article:modified_time\" content=\"2024-11-14T12:50:57+00:00\" \/>\n<meta name=\"twitter:card\" content=\"summary_large_image\" \/>\n<meta name=\"twitter:label1\" content=\"Szacowany czas czytania\" \/>\n\t<meta name=\"twitter:data1\" content=\"3 minuty\" \/>\n<!-- \/ Yoast SEO plugin. -->","yoast_head_json":{"title":"Suwak Referencji \u2013 Dodaj modu\u0142 Referencji do strony Drupal","description":"Wypr\u00f3buj za darmo najlepszy modu\u0142 Testimonials Slider dla Drupala. \u0141atwa i szybka integracja bez wiedzy programistycznej w zaledwie 2 minuty.","robots":{"index":"index","follow":"follow","max-snippet":"max-snippet:-1","max-image-preview":"max-image-preview:large","max-video-preview":"max-video-preview:-1"},"canonical":"https:\/\/elfsight.com\/pl\/testimonials-slider-widget\/drupal\/","og_locale":"pl_PL","og_type":"article","og_title":"Suwak Referencji \u2013 Dodaj modu\u0142 Referencji do strony Drupal","og_description":"Wypr\u00f3buj za darmo najlepszy modu\u0142 Testimonials Slider dla Drupala. \u0141atwa i szybka integracja bez wiedzy programistycznej w zaledwie 2 minuty.","og_url":"https:\/\/elfsight.com\/pl\/testimonials-slider-widget\/drupal\/","og_site_name":"Elfsight PL","article_modified_time":"2024-11-14T12:50:57+00:00","twitter_card":"summary_large_image","twitter_misc":{"Szacowany czas czytania":"3 minuty"},"schema":{"@context":"https:\/\/schema.org","@graph":[{"@type":"WebPage","@id":"https:\/\/elfsight.com\/pl\/testimonials-slider-widget\/drupal\/","url":"https:\/\/elfsight.com\/pl\/testimonials-slider-widget\/drupal\/","name":"Suwak Referencji \u2013 Dodaj modu\u0142 Referencji do strony Drupal","isPartOf":{"@id":"https:\/\/elfsight.com\/pl\/#website"},"datePublished":"1970-01-01T00:00:00+00:00","dateModified":"2024-11-14T12:50:57+00:00","description":"Wypr\u00f3buj za darmo najlepszy modu\u0142 Testimonials Slider dla Drupala. \u0141atwa i szybka integracja bez wiedzy programistycznej w zaledwie 2 minuty.","breadcrumb":{"@id":"https:\/\/elfsight.com\/pl\/testimonials-slider-widget\/drupal\/#breadcrumb"},"inLanguage":"pl-PL","potentialAction":[{"@type":"ReadAction","target":["https:\/\/elfsight.com\/pl\/testimonials-slider-widget\/drupal\/"]}]},{"@type":"BreadcrumbList","@id":"https:\/\/elfsight.com\/pl\/testimonials-slider-widget\/drupal\/#breadcrumb","itemListElement":[{"@type":"ListItem","position":1,"name":"Home","item":"https:\/\/elfsight.com\/pl\/"},{"@type":"ListItem","position":2,"name":"Testimonials Slider","item":"https:\/\/elfsight.com\/pl\/testimonials-slider-widget\/"},{"@type":"ListItem","position":3,"name":"Testimonials Slider &#8211; Drupal"}]},{"@type":"WebSite","@id":"https:\/\/elfsight.com\/pl\/#website","url":"https:\/\/elfsight.com\/pl\/","name":"Elfsight PL","description":"Just another Elfsight Sites site","potentialAction":[{"@type":"SearchAction","target":{"@type":"EntryPoint","urlTemplate":"https:\/\/elfsight.com\/pl\/?s={search_term_string}"},"query-input":{"@type":"PropertyValueSpecification","valueRequired":true,"valueName":"search_term_string"}}],"inLanguage":"pl-PL"}]}},"meta_box":{"industry":"","seo_heading":"","heading":"","description":"","cta_heading":"","cta_description":"","application":"2469","h1":"Referencje Modu\u0142 Slider dla Drupala","h1_caption":"Wy\u015bwietlaj referencje klient\u00f3w na obrotowym suwaku, aby bez wysi\u0142ku budowa\u0107 wiarygodno\u015b\u0107 i prezentowa\u0107 pozytywne opinie na swojej stronie Drupal.","application_category":[],"applications_title":"","applications_request_title":"","applications_request_button_text":"","hero_text":"","hero_video":"","hero_video_schema_markup":"","selling_points_title":"","selling_points_caption":"","selling_points":[],"selling_points_cta_text":"","features_title":"","features":"","ed_cta_examples_text":"","ed_cta_examples_hidden":"","ed_cta_demo_text":"","ed_cta_demo_hidden":"","why_caption":"","why_editor_title":"","why_editor_text":"","why_team_title":"","why_team_text":"","why_service_title":"","why_service_text":"","template_catalog_visible":"","template_catalog_title":"","template_catalog_text":"","template_catalog_categories_visible":"","demo_title":"Utw\u00f3rz modu\u0142 suwaka referencji","demo_caption":"Skonfiguruj Slider Referencji i dodaj go do swojej witryny Drupal za darmo!","default_faq_hidden":"","app_template_category":[],"platform":"47","template_public_id":"","codecanyon_url":"","codecanyon_item_id":"","codecanyon_price":"","pricing_caption":"","pricing_elfsight_apps_hide_column":"","pricing_elfsight_apps_url":"","pricing_codecanyon_price_caption":"","integration_category":[],"integration_request_title":"","integration_request_cta":"","integration_platform":"","integrations":[],"platform_category":[],"video_schema_markup":"","price":"od 0 USD \/ miesi\u0105c","trial":"","benefits":[{"text":"Bezp\u0142atna pomoc w monta\u017cu"},{"text":"Kompetentna obs\u0142uga klienta"},{"text":"14-dniowa gwarancja zwrotu pieni\u0119dzy"}],"button_url":"#demo","button_target_blank":"","button_nofollow":"","attributes":[{"name":"Instaluje"},{"name":"Czu\u0142y"},{"name":"Kompatybilne przegl\u0105darki"}],"tags":[],"tags_disable_links":"","hide_more_platforms":"","video_object":"","demo_hide_cta":"","demo_hide_cloud_options":"","pricing_title":"","pricing":[{"pricing_icon":"cloud","pricing_title":"Elfsight Apps","pricing_title_caption":"Wieloplatformowe rozwi\u0105zanie cyfrowe","pricing_price":"od 0 USD \/ miesi\u0105c","pricing_price_caption":"zacznij od bezp\u0142atnego planu","pricing_benefits":[{"text":"Nielimitowane strony internetowe"},{"text":"Profesjonalna i terminowa pomoc oraz dobrze udokumentowana"},{"text":"Bezp\u0142atne wsparcie instalacyjne"},{"text":"Specjalna cena za wiele aplikacji"}],"pricing_button_text":"Dodaj do witryny","pricing_button_url":"#demo"}],"related_apps_title":"","related_apps_hidden":"","author":"","image":[],"title":"","job":"","social_networks":[]},"_links":{"self":[{"href":"https:\/\/elfsight.com\/pl\/wp-json\/wp\/v2\/pages\/6872","targetHints":{"allow":["GET"]}}],"collection":[{"href":"https:\/\/elfsight.com\/pl\/wp-json\/wp\/v2\/pages"}],"about":[{"href":"https:\/\/elfsight.com\/pl\/wp-json\/wp\/v2\/types\/page"}],"author":[{"embeddable":true,"href":"https:\/\/elfsight.com\/pl\/wp-json\/wp\/v2\/users\/9"}],"replies":[{"embeddable":true,"href":"https:\/\/elfsight.com\/pl\/wp-json\/wp\/v2\/comments?post=6872"}],"version-history":[{"count":1,"href":"https:\/\/elfsight.com\/pl\/wp-json\/wp\/v2\/pages\/6872\/revisions"}],"predecessor-version":[{"id":6876,"href":"https:\/\/elfsight.com\/pl\/wp-json\/wp\/v2\/pages\/6872\/revisions\/6876"}],"up":[{"embeddable":true,"href":"https:\/\/elfsight.com\/pl\/wp-json\/wp\/v2\/pages\/1996"}],"wp:attachment":[{"href":"https:\/\/elfsight.com\/pl\/wp-json\/wp\/v2\/media?parent=6872"}],"curies":[{"name":"wp","href":"https:\/\/api.w.org\/{rel}","templated":true}]}}