{"id":6871,"date":"1970-01-01T00:00:00","date_gmt":"1970-01-01T00:00:00","guid":{"rendered":"https:\/\/elfsight.com\/pl\/?page_id=6871"},"modified":"2024-11-14T12:50:57","modified_gmt":"2024-11-14T12:50:57","slug":"joomla","status":"publish","type":"page","link":"https:\/\/elfsight.com\/pl\/testimonials-slider-widget\/joomla\/","title":{"rendered":"Testimonials Slider &#8211; Joomla"},"content":{"rendered":"<div class=\"application-platform-content-item-description application-platform-content-item\" id=\"description\" data-nav-section=\"description\"><h2>Opis<\/h2><p>Suwak Referencji to responsywny modu\u0142, kt\u00f3ry pozwala na wy\u015bwietlanie opinii Twoich klient\u00f3w na Twojej stronie internetowej. Aby Twoje referencje by\u0142y wiarygodne, mo\u017cesz wykorzysta\u0107 dowolny dow\u00f3d spo\u0142eczny: imi\u0119 i nazwisko autora, zdj\u0119cie, logo handlowe firmy, a nawet link do strony internetowej.<\/p><p><b>Podw\u00f3j zaufanie do swojej firmy pokazuj\u0105c recenzje zadowolonych klient\u00f3w.<\/b><\/p><ul><li><b>Uczy\u0144 swoje referencje ca\u0142kowicie wiarygodnymi<\/b>.<br>Umie\u015b\u0107 jak najwi\u0119cej informacji o autorze wszystkich opinii wraz z : imi\u0119 i nazwisko, firma, stanowisko udowodnij czytelnikom, \u017ce czytaj\u0105 referencje istniej\u0105cych os\u00f3b.<\/li><li><b>Poziom konwersji nawet do 200%<\/b>.<br>Przekszta\u0142\u0107 swoje recenzje w decyzj\u0119- przedstawiaj\u0105c argumenty, ujawniaj\u0105c je dok\u0142adnie tam, gdzie odwiedzaj\u0105cy podejmuj\u0105 decyzj\u0119 o zakupie lub pobraniu z Twojej witryny.<\/li><li><b>U\u017cyj wiarygodnej opinii<\/b>.<br>Czy masz u\u017cytkownik\u00f3w, kt\u00f3rych opinie b\u0119d\u0105 mia\u0142y pot\u0119\u017cny wp\u0142yw na reszt\u0119 czytelnik\u00f3w? Poka\u017c to w formie kompleksowych referencji ze szczeg\u00f3\u0142owymi informacjami o autorze i podnie\u015b poziom swojej sprzeda\u017cy.<\/li><\/ul><\/div><div class=\"faq\" data-component=\"FAQ\"><div class=\"faq-item\">\r\n\t\t\t\t\t<div class=\"faq-item-question\">\r\n\t\t\t\t\t\t<h3 class=\"faq-item-question-text\">W jaki spos\u00f3b mam to zrobi\u0107 osadzi\u0107 suwak referencji w mojej Joomla? <\/h3>\r\n\r\n\t\t\t\t\t\t<div class=\"faq-item-question-icon\"><\/div>\r\n\t\t\t\t\t<\/div>\r\n\r\n\t\t\t\t\t<div class=\"faq-item-answer\">\r\n\t\t\t\t\t\t<div class=\"faq-item-answer-text\"><p>Podstawy narz\u0119dzia znajduj\u0105 si\u0119 w witrynie Elfsight i nie musisz uczy\u0107 si\u0119 kodowania. Przejd\u017a do wersji demonstracyjnej online, aby dostosowa\u0107 sw\u00f3j osobisty widget, zdoby\u0107 kod i doda\u0107 go na swojej stronie internetowej. <\/p><\/div>\r\n\t\t\t\t\t<\/div>\r\n\t\t\t\t<\/div><div class=\"faq-item\">\r\n\t\t\t\t\t<div class=\"faq-item-question\">\r\n\t\t\t\t\t\t<h3 class=\"faq-item-question-text\">Najlepsze sposoby wykorzystania integracji z karuzel\u0105 referencji<\/h3>\r\n\r\n\t\t\t\t\t\t<div class=\"faq-item-question-icon\"><\/div>\r\n\t\t\t\t\t<\/div>\r\n\r\n\t\t\t\t\t<div class=\"faq-item-answer\">\r\n\t\t\t\t\t\t<div class=\"faq-item-answer-text\"><p>Mamy mn\u00f3stwo mo\u017cliwo\u015bci dostosowania: pe\u0142nowymiarowe wid\u017cety do wdro\u017cenia w sekcji tre\u015bci, p\u0142ywaj\u0105ce wid\u017cety umo\u017cliwiaj\u0105ce przewijanie, uk\u0142ady stopki witryny, nag\u0142\u00f3wka i wszelkie warianty mo\u017cliwo\u015bci pionowych pask\u00f3w bocznych i menu. <\/p><\/div>\r\n\t\t\t\t\t<\/div>\r\n\t\t\t\t<\/div><div class=\"faq-item\">\r\n\t\t\t\t\t<div class=\"faq-item-question\">\r\n\t\t\t\t\t\t<h3 class=\"faq-item-question-text\">Czy istnieje mo\u017cliwo\u015b\u0107 zbudowania wid\u017cetu Listy lub Referencje Kart za pomoc\u0105 edytora? <\/h3>\r\n\r\n\t\t\t\t\t\t<div class=\"faq-item-question-icon\"><\/div>\r\n\t\t\t\t\t<\/div>\r\n\r\n\t\t\t\t\t<div class=\"faq-item-answer\">\r\n\t\t\t\t\t\t<div class=\"faq-item-answer-text\"><p>Mo\u017cesz dowolnie kszta\u0142towa\u0107 modyfikacje dowolnego wid\u017cetu. W edytorze masz do dyspozycji mn\u00f3stwo uk\u0142ad\u00f3w, a ka\u017cdy z nich mo\u017cesz \u0142atwo spersonalizowa\u0107 wed\u0142ug w\u0142asnych potrzeb. <\/p><\/div>\r\n\t\t\t\t\t<\/div>\r\n\t\t\t\t<\/div><\/div><div class=\"application-platform-content-item-features application-platform-content-item\" id=\"features\" data-nav-section=\"features\"><h2>Funkcje<\/h2><p>Wybitne cechy, kt\u00f3re sprawiaj\u0105, \u017ce nasz suwak referencji staje si\u0119 warto\u015bciowym modu\u0142em dla ka\u017cdej witryny Joomla.<\/p><ul><li>Wypr\u00f3buj 6 adaptacyjnych szablon\u00f3w referencji i znajd\u017a ten, kt\u00f3rego potrzebujesz;<\/li><li>Poka\u017c informacje o autorze, aby zwi\u0119kszy\u0107 wiarygodno\u015b\u0107: imi\u0119 i nazwisko oraz zdj\u0119cie;<\/li><li>Zwi\u0119ksz wiarygodno\u015b\u0107 za pomoc\u0105 linku do strony internetowej autora;<\/li><li>Uk\u0142ady suwak\u00f3w i siatki dla szerokiego zakresu zastosowa\u0144;<\/li><li>Itd.<\/li><\/ul><p><a href=\"#demo\">Wypr\u00f3buj te funkcje w wersji demonstracyjnej na \u017cywo<\/a><\/p><\/div><div class=\"application-platform-content-item-installation application-platform-content-item\" id=\"installation\" data-nav-section=\"installation\"><h2>Jak doda\u0107 rozszerzenie Referencje do witryny Joomla<\/h2><p>Wystarczy spe\u0142ni\u0107 poni\u017csze wskaz\u00f3wki aby doda\u0107 rozszerzenie do Joomla.<\/p> <ol><li><b>Otw\u00f3rz nasz darmowy edytor i zacznij tworzy\u0107 swoje unikalne rozszerzenie Referencje. <\/b><br> Okre\u015bl niestandardowy projekt i funkcje rozszerzenia, a nast\u0119pnie zastosuj zmiany. <\/li> <li><b>Zdob\u0105d\u017a sw\u00f3j unikalny kod pojawiaj\u0105cy si\u0119 w oknie aplikacji Elfsight. <\/b><br> Po zako\u0144czeniu konfiguracji Twojego osobistego rozszerzenia skopiuj ekskluzywny kod w wy\u015bwietlonym oknie i zachowaj go do p\u00f3\u017aniejszego wykorzystania. <\/li> <li><b>Rozpocznij korzystanie z wtyczki w witrynie Joomla. <\/b><br> Wklej skopiowany wcze\u015bniej kod w swojej witrynie i zastosuj zmiany. <\/li> <li><b>Instalacja zosta\u0142a ca\u0142kowicie zako\u0144czona. <\/b><br> Przejd\u017a na swoj\u0105 stron\u0119 internetow\u0105, aby zobaczy\u0107, jak dzia\u0142a rozszerzenie. <\/li><\/ol><p>Napotka\u0142e\u015b jakie\u015b problemy podczas konfigurowania lub dostosowywania modu\u0142u? Zapoznaj si\u0119 z przewodnikiem po module dotycz\u0105cym <a href=\"https:\/\/elfsight.com\/tutorials\/how-to-add-testimonials-slider-widget-to-joomla\/\" target=\"_blank\" rel=\"noopener noreferrer\">instalacji suwaka referencji w Joomla<\/a> lub skontaktuj si\u0119 z naszym Centrum pomocy.<\/p><\/div>","protected":false},"excerpt":{"rendered":"","protected":false},"author":9,"featured_media":0,"parent":1996,"menu_order":0,"comment_status":"closed","ping_status":"closed","template":"templates\/template-application-platform.php","meta":{"publish_to_discourse":"","publish_post_category":"","wpdc_auto_publish_overridden":"","wpdc_topic_tags":"","wpdc_pin_topic":"","wpdc_pin_until":"","discourse_post_id":"","discourse_permalink":"","wpdc_publishing_response":"","wpdc_publishing_error":"","footnotes":""},"class_list":["post-6871","page","type-page","status-publish","hentry"],"yoast_head":"<!-- This site is optimized with the Yoast SEO plugin v25.3.1 - https:\/\/yoast.com\/wordpress\/plugins\/seo\/ -->\n<title>Modu\u0142 suwaka referencji \u2013 Dodaj rozszerzenie referencji do Joomla<\/title>\n<meta name=\"description\" content=\"Wypr\u00f3buj najlepszy modu\u0142 Slider Referencji dla Joomla w 100% za darmo. Nieskomplikowana i szybka konfiguracja bez znajomo\u015bci programowania w zaledwie 3 minuty.\" \/>\n<meta name=\"robots\" content=\"index, follow, max-snippet:-1, max-image-preview:large, max-video-preview:-1\" \/>\n<link rel=\"canonical\" href=\"https:\/\/elfsight.com\/pl\/testimonials-slider-widget\/joomla\/\" \/>\n<meta property=\"og:locale\" content=\"pl_PL\" \/>\n<meta property=\"og:type\" content=\"article\" \/>\n<meta property=\"og:title\" content=\"Modu\u0142 suwaka referencji \u2013 Dodaj rozszerzenie referencji do Joomla\" \/>\n<meta property=\"og:description\" content=\"Wypr\u00f3buj najlepszy modu\u0142 Slider Referencji dla Joomla w 100% za darmo. Nieskomplikowana i szybka konfiguracja bez znajomo\u015bci programowania w zaledwie 3 minuty.\" \/>\n<meta property=\"og:url\" content=\"https:\/\/elfsight.com\/pl\/testimonials-slider-widget\/joomla\/\" \/>\n<meta property=\"og:site_name\" content=\"Elfsight PL\" \/>\n<meta property=\"article:modified_time\" content=\"2024-11-14T12:50:57+00:00\" \/>\n<meta name=\"twitter:card\" content=\"summary_large_image\" \/>\n<meta name=\"twitter:label1\" content=\"Szacowany czas czytania\" \/>\n\t<meta name=\"twitter:data1\" content=\"3 minuty\" \/>\n<!-- \/ Yoast SEO plugin. -->","yoast_head_json":{"title":"Modu\u0142 suwaka referencji \u2013 Dodaj rozszerzenie referencji do Joomla","description":"Wypr\u00f3buj najlepszy modu\u0142 Slider Referencji dla Joomla w 100% za darmo. Nieskomplikowana i szybka konfiguracja bez znajomo\u015bci programowania w zaledwie 3 minuty.","robots":{"index":"index","follow":"follow","max-snippet":"max-snippet:-1","max-image-preview":"max-image-preview:large","max-video-preview":"max-video-preview:-1"},"canonical":"https:\/\/elfsight.com\/pl\/testimonials-slider-widget\/joomla\/","og_locale":"pl_PL","og_type":"article","og_title":"Modu\u0142 suwaka referencji \u2013 Dodaj rozszerzenie referencji do Joomla","og_description":"Wypr\u00f3buj najlepszy modu\u0142 Slider Referencji dla Joomla w 100% za darmo. Nieskomplikowana i szybka konfiguracja bez znajomo\u015bci programowania w zaledwie 3 minuty.","og_url":"https:\/\/elfsight.com\/pl\/testimonials-slider-widget\/joomla\/","og_site_name":"Elfsight PL","article_modified_time":"2024-11-14T12:50:57+00:00","twitter_card":"summary_large_image","twitter_misc":{"Szacowany czas czytania":"3 minuty"},"schema":{"@context":"https:\/\/schema.org","@graph":[{"@type":"WebPage","@id":"https:\/\/elfsight.com\/pl\/testimonials-slider-widget\/joomla\/","url":"https:\/\/elfsight.com\/pl\/testimonials-slider-widget\/joomla\/","name":"Modu\u0142 suwaka referencji \u2013 Dodaj rozszerzenie referencji do Joomla","isPartOf":{"@id":"https:\/\/elfsight.com\/pl\/#website"},"datePublished":"1970-01-01T00:00:00+00:00","dateModified":"2024-11-14T12:50:57+00:00","description":"Wypr\u00f3buj najlepszy modu\u0142 Slider Referencji dla Joomla w 100% za darmo. Nieskomplikowana i szybka konfiguracja bez znajomo\u015bci programowania w zaledwie 3 minuty.","breadcrumb":{"@id":"https:\/\/elfsight.com\/pl\/testimonials-slider-widget\/joomla\/#breadcrumb"},"inLanguage":"pl-PL","potentialAction":[{"@type":"ReadAction","target":["https:\/\/elfsight.com\/pl\/testimonials-slider-widget\/joomla\/"]}]},{"@type":"BreadcrumbList","@id":"https:\/\/elfsight.com\/pl\/testimonials-slider-widget\/joomla\/#breadcrumb","itemListElement":[{"@type":"ListItem","position":1,"name":"Home","item":"https:\/\/elfsight.com\/pl\/"},{"@type":"ListItem","position":2,"name":"Testimonials Slider","item":"https:\/\/elfsight.com\/pl\/testimonials-slider-widget\/"},{"@type":"ListItem","position":3,"name":"Testimonials Slider &#8211; Joomla"}]},{"@type":"WebSite","@id":"https:\/\/elfsight.com\/pl\/#website","url":"https:\/\/elfsight.com\/pl\/","name":"Elfsight PL","description":"Just another Elfsight Sites site","potentialAction":[{"@type":"SearchAction","target":{"@type":"EntryPoint","urlTemplate":"https:\/\/elfsight.com\/pl\/?s={search_term_string}"},"query-input":{"@type":"PropertyValueSpecification","valueRequired":true,"valueName":"search_term_string"}}],"inLanguage":"pl-PL"}]}},"meta_box":{"industry":"","seo_heading":"","heading":"","description":"","cta_heading":"","cta_description":"","application":"2469","h1":"Referencje Rozszerzenie Slider dla Joomla","h1_caption":"Wy\u015bwietlaj referencje klient\u00f3w na obrotowym suwaku, aby bez wysi\u0142ku budowa\u0107 wiarygodno\u015b\u0107 i prezentowa\u0107 pozytywne opinie na swojej stronie Joomla.","application_category":[],"applications_title":"","applications_request_title":"","applications_request_button_text":"","hero_text":"","hero_video":"","hero_video_schema_markup":"","selling_points_title":"","selling_points_caption":"","selling_points":[],"selling_points_cta_text":"","features_title":"","features":"","ed_cta_examples_text":"","ed_cta_examples_hidden":"","ed_cta_demo_text":"","ed_cta_demo_hidden":"","why_caption":"","why_editor_title":"","why_editor_text":"","why_team_title":"","why_team_text":"","why_service_title":"","why_service_text":"","template_catalog_visible":"","template_catalog_title":"","template_catalog_text":"","template_catalog_categories_visible":"","demo_title":"Utw\u00f3rz wtyczk\u0119 Slider Referencji","demo_caption":"Skonfiguruj suwak referencji i dodaj go do swojej witryny Joomla za darmo!","default_faq_hidden":"","app_template_category":[],"platform":"53","template_public_id":"","codecanyon_url":"","codecanyon_item_id":"","codecanyon_price":"","pricing_caption":"","pricing_elfsight_apps_hide_column":"","pricing_elfsight_apps_url":"","pricing_codecanyon_price_caption":"","integration_category":[],"integration_request_title":"","integration_request_cta":"","integration_platform":"","integrations":[],"platform_category":[],"video_schema_markup":"","price":"od 0 USD \/ miesi\u0105c","trial":"","benefits":[{"text":"Bezp\u0142atna us\u0142uga monta\u017cu"},{"text":"Skuteczna obs\u0142uga klienta"},{"text":"14-dniowa gwarancja zwrotu pieni\u0119dzy"}],"button_url":"#demo","button_target_blank":"","button_nofollow":"","attributes":[{"name":"Instaluje"},{"name":"Czu\u0142y"},{"name":"Kompatybilne przegl\u0105darki"}],"tags":[],"tags_disable_links":"","hide_more_platforms":"","video_object":"","demo_hide_cta":"","demo_hide_cloud_options":"","pricing_title":"","pricing":[{"pricing_icon":"cloud","pricing_title":"Elfsight Apps","pricing_title_caption":"Rozwi\u0105zanie niezale\u017cne od platformy, kt\u00f3re dzia\u0142a na ka\u017cdej stronie internetowej","pricing_price":"od 0 USD \/ miesi\u0105c","pricing_price_caption":"zacznij od bezp\u0142atnego planu","pricing_benefits":[{"text":"Nielimitowane domeny"},{"text":"Bezp\u0142atne wsparcie firmy"},{"text":"Bezp\u0142atna us\u0142uga monta\u017cu"},{"text":"Specjalna cena za wiele aplikacji"}],"pricing_button_text":"Dodaj do witryny","pricing_button_url":"#demo"}],"related_apps_title":"","related_apps_hidden":"","author":"","image":[],"title":"","job":"","social_networks":[]},"_links":{"self":[{"href":"https:\/\/elfsight.com\/pl\/wp-json\/wp\/v2\/pages\/6871","targetHints":{"allow":["GET"]}}],"collection":[{"href":"https:\/\/elfsight.com\/pl\/wp-json\/wp\/v2\/pages"}],"about":[{"href":"https:\/\/elfsight.com\/pl\/wp-json\/wp\/v2\/types\/page"}],"author":[{"embeddable":true,"href":"https:\/\/elfsight.com\/pl\/wp-json\/wp\/v2\/users\/9"}],"replies":[{"embeddable":true,"href":"https:\/\/elfsight.com\/pl\/wp-json\/wp\/v2\/comments?post=6871"}],"version-history":[{"count":1,"href":"https:\/\/elfsight.com\/pl\/wp-json\/wp\/v2\/pages\/6871\/revisions"}],"predecessor-version":[{"id":6875,"href":"https:\/\/elfsight.com\/pl\/wp-json\/wp\/v2\/pages\/6871\/revisions\/6875"}],"up":[{"embeddable":true,"href":"https:\/\/elfsight.com\/pl\/wp-json\/wp\/v2\/pages\/1996"}],"wp:attachment":[{"href":"https:\/\/elfsight.com\/pl\/wp-json\/wp\/v2\/media?parent=6871"}],"curies":[{"name":"wp","href":"https:\/\/api.w.org\/{rel}","templated":true}]}}