{"id":6870,"date":"1970-01-01T00:00:00","date_gmt":"1970-01-01T00:00:00","guid":{"rendered":"https:\/\/elfsight.com\/pl\/?page_id=6870"},"modified":"2024-11-14T12:50:49","modified_gmt":"2024-11-14T12:50:49","slug":"magento","status":"publish","type":"page","link":"https:\/\/elfsight.com\/pl\/testimonials-slider-widget\/magento\/","title":{"rendered":"Testimonials Slider &#8211; Magento"},"content":{"rendered":"<div class=\"application-platform-content-item-description application-platform-content-item\" id=\"description\" data-nav-section=\"description\"><h2>Opis<\/h2><p>Suwak Referencji \u2013 responsywne rozszerzenie umo\u017cliwiaj\u0105ce prezentacj\u0119 opinii u\u017cytkownik\u00f3w w Twojej witrynie. Do recenzji mo\u017cesz doda\u0107 r\u00f3\u017cne rodzaje dowod\u00f3w spo\u0142ecznych \u2013 imi\u0119 i nazwisko autora, zdj\u0119cie, logo organizacji, a nawet adres URL strony internetowej.<\/p><p><b>Zwi\u0119ksz zaufanie do swoich produkt\u00f3w, pokazuj\u0105c swoje szcz\u0119\u015bliwe klient\u00f3w.<\/b><\/p><ul><li><b>Uczy\u0144 referencje swoich klient\u00f3w maksymalnie wiarygodnymi<\/b>.<br>Poka\u017c wszystkie informacje o autorze ka\u017cdej z referencji wraz z imieniem i nazwiskiem, firm\u0105, i pozycja. W ten spos\u00f3b poka\u017c swoim u\u017cytkownikom, \u017ce czytaj\u0105 opinie prawdziwych ludzi.<\/li><li><b>Dostosuj si\u0119 do profesjonalnej oceny<\/b>.<br>Masz klient\u00f3w, kt\u00f3rych opinia b\u0119dzie mia\u0142a wp\u0142yw na innych odwiedzaj\u0105cych? Generuj kompleksowe referencje zawieraj\u0105ce wyczerpuj\u0105ce dane o autorze i podnie\u015b w ten spos\u00f3b poziom swojej sprzeda\u017cy.<\/li><li><b>Zwi\u0119ksz zaufanie do swojej witryny<\/b>.<br>Wstaw opinie swoich klient\u00f3w na stronie i poka\u017c przyk\u0142ady dobrego do\u015bwiadczenia klient\u00f3w, aby zwi\u0119kszy\u0107 zaufanie do Twojej firmy.<\/li><\/ul><\/div><div class=\"faq\" data-component=\"FAQ\"><div class=\"faq-item\">\r\n\t\t\t\t\t<div class=\"faq-item-question\">\r\n\t\t\t\t\t\t<h3 class=\"faq-item-question-text\">Jak mog\u0119 osadzi\u0107 suwak referencji w witrynie Strona Magento? <\/h3>\r\n\r\n\t\t\t\t\t\t<div class=\"faq-item-question-icon\"><\/div>\r\n\t\t\t\t\t<\/div>\r\n\r\n\t\t\t\t\t<div class=\"faq-item-answer\">\r\n\t\t\t\t\t\t<div class=\"faq-item-answer-text\"><p>Budowa narz\u0119dzia odbywa si\u0119 na stronach Elfsight i nie trzeba kodowa\u0107. Skorzystaj z naszego demo online, aby spersonalizowa\u0107 w\u0142asne narz\u0119dzie, pobierz kod i umie\u015b\u0107 go na swojej stronie internetowej. <\/p><\/div>\r\n\t\t\t\t\t<\/div>\r\n\t\t\t\t<\/div><div class=\"faq-item\">\r\n\t\t\t\t\t<div class=\"faq-item-question\">\r\n\t\t\t\t\t\t<h3 class=\"faq-item-question-text\">Najlepsze sposoby wykorzystania integracji wid\u017cetu Referencje<\/h3>\r\n\r\n\t\t\t\t\t\t<div class=\"faq-item-question-icon\"><\/div>\r\n\t\t\t\t\t<\/div>\r\n\r\n\t\t\t\t\t<div class=\"faq-item-answer\">\r\n\t\t\t\t\t\t<div class=\"faq-item-answer-text\"><p>Mamy wiele mo\u017cliwo\u015bci dostosowywania: pe\u0142nowymiarowe wid\u017cety do wstawiania w strefie tre\u015bci, p\u0142ywaj\u0105ce wid\u017cety z funkcj\u0105 przewijania, miniaturami stopki, nag\u0142\u00f3wka i wszelkiego rodzaju opcjami pionowymi dla pask\u00f3w bocznych i menu stron internetowych. <\/p><\/div>\r\n\t\t\t\t\t<\/div>\r\n\t\t\t\t<\/div><div class=\"faq-item\">\r\n\t\t\t\t\t<div class=\"faq-item-question\">\r\n\t\t\t\t\t\t<h3 class=\"faq-item-question-text\">Jak utworzy\u0107 wid\u017cet Karty lub Informacje zwrotne w formie siatki za pomoc\u0105 edytora? <\/h3>\r\n\r\n\t\t\t\t\t\t<div class=\"faq-item-question-icon\"><\/div>\r\n\t\t\t\t\t<\/div>\r\n\r\n\t\t\t\t\t<div class=\"faq-item-answer\">\r\n\t\t\t\t\t\t<div class=\"faq-item-answer-text\"><p>Mo\u017cesz kszta\u0142towa\u0107 zmiany w dowolnym wid\u017cecie. W edytorze dost\u0119pnych jest wiele uk\u0142ad\u00f3w, a ka\u017cdy z nich mo\u017cna szybko dostosowa\u0107 tak, jak Ci brakuje. <\/p><\/div>\r\n\t\t\t\t\t<\/div>\r\n\t\t\t\t<\/div><\/div><div class=\"application-platform-content-item-features application-platform-content-item\" id=\"features\" data-nav-section=\"features\"><h2>Funkcje<\/h2><p>Kluczowe cechy, kt\u00f3re przekszta\u0142caj\u0105 nasz suwak referencji w warto\u015bciowe rozszerzenie dla dowolnej witryny Magento.<\/p><ul><li>U\u017cyj adresu URL profilu na Facebooku lub Twitterze, aby udowodni\u0107, \u017ce autor istnieje naprawd\u0119;<\/li><li>Uk\u0142ad o pe\u0142nej szeroko\u015bci;<\/li><li>Edytuj podpis, aby wy\u015bwietli\u0107 firm\u0119 , pozycja i wi\u0119cej;<\/li><li>Aby zwi\u0119kszy\u0107 niezawodno\u015b\u0107, poka\u017c logo firmy autora.<\/li><\/ul><p><a href=\"#demo\">Wypr\u00f3buj te funkcje w wersji demo na \u017cywo <\/a><\/p><\/div><div class=\"application-platform-content-item-installation application-platform-content-item\" id=\"installation\" data-nav-section=\"installation\"><h2>Jak doda\u0107 referencje do witryny Magento<\/h2><p>Wystarczy wykona\u0107 poni\u017csze wskaz\u00f3wki, aby aktywowa\u0107 wid\u017cet w Magento.<\/p> <ol><li><b>Skorzystaj z naszego bezp\u0142atnego konfiguratora i zacznij kszta\u0142towa\u0107 sw\u00f3j szyty na miar\u0119 instrument. <\/b><br> Znajd\u017a wybrany wygl\u0105d i cechy funkcjonalne rozszerzenia Testimonials Slider i zastosuj poprawki. <\/li> <li><b>Odbierz unikalny kod pojawiaj\u0105cy si\u0119 w polu aplikacji Elfsight. <\/b><br> Zaraz po wygenerowaniu rozszerzenia skopiuj kod osobisty w wy\u015bwietlonym oknie i zapisz go do dalszego wykorzystania. <\/li> <li><b>Wpisz ch\u0119\u0107 korzystania z wid\u017cetu na stronie g\u0142\u00f3wnej Magento. <\/b><br> Umie\u015b\u0107 zapisany wcze\u015bniej kod na swojej stronie internetowej i zastosuj poprawki. <\/li> <li><b>Gotowe! Integracja zosta\u0142a w pe\u0142ni uko\u0144czona. <\/b><br> Przejd\u017a do swojej witryny, aby zobaczy\u0107 dzia\u0142anie widgetu. <\/li><\/ol><p>Masz pytania podczas u\u017cywania lub dostosowywania rozszerzenia? Przeczytaj szczeg\u00f3\u0142owy przewodnik na temat <a href=\"https:\/\/elfsight.com\/tutorials\/how-to-add-testimonials-slider-extension-to-magento\/\" target=\"_blank\" rel=\"noopener noreferrer\">konfiguracji suwaka referencji na Magento<\/a> lub skontaktuj si\u0119 z naszym Centrum pomocy.<\/p><\/div>","protected":false},"excerpt":{"rendered":"","protected":false},"author":9,"featured_media":0,"parent":1996,"menu_order":0,"comment_status":"closed","ping_status":"closed","template":"templates\/template-application-platform.php","meta":{"publish_to_discourse":"","publish_post_category":"","wpdc_auto_publish_overridden":"","wpdc_topic_tags":"","wpdc_pin_topic":"","wpdc_pin_until":"","discourse_post_id":"","discourse_permalink":"","wpdc_publishing_response":"","wpdc_publishing_error":"","footnotes":""},"class_list":["post-6870","page","type-page","status-publish","hentry"],"yoast_head":"<!-- This site is optimized with the Yoast SEO plugin v25.3.1 - https:\/\/yoast.com\/wordpress\/plugins\/seo\/ -->\n<title>Suwak Referencji \u2013 Dodaj rozszerzenie Referencji do strony Magento<\/title>\n<meta name=\"description\" content=\"Wypr\u00f3buj za darmo najlepsze rozszerzenie Testimonials Slider dla Magento. Konfiguracja jest prosta i szybka i nie wymaga wiedzy na temat tworzenia stron internetowych. Zajmie to tylko 2 minuty.\" \/>\n<meta name=\"robots\" content=\"index, follow, max-snippet:-1, max-image-preview:large, max-video-preview:-1\" \/>\n<link rel=\"canonical\" href=\"https:\/\/elfsight.com\/pl\/testimonials-slider-widget\/magento\/\" \/>\n<meta property=\"og:locale\" content=\"pl_PL\" \/>\n<meta property=\"og:type\" content=\"article\" \/>\n<meta property=\"og:title\" content=\"Suwak Referencji \u2013 Dodaj rozszerzenie Referencji do strony Magento\" \/>\n<meta property=\"og:description\" content=\"Wypr\u00f3buj za darmo najlepsze rozszerzenie Testimonials Slider dla Magento. Konfiguracja jest prosta i szybka i nie wymaga wiedzy na temat tworzenia stron internetowych. Zajmie to tylko 2 minuty.\" \/>\n<meta property=\"og:url\" content=\"https:\/\/elfsight.com\/pl\/testimonials-slider-widget\/magento\/\" \/>\n<meta property=\"og:site_name\" content=\"Elfsight PL\" \/>\n<meta property=\"article:modified_time\" content=\"2024-11-14T12:50:49+00:00\" \/>\n<meta name=\"twitter:card\" content=\"summary_large_image\" \/>\n<meta name=\"twitter:label1\" content=\"Szacowany czas czytania\" \/>\n\t<meta name=\"twitter:data1\" content=\"3 minuty\" \/>\n<!-- \/ Yoast SEO plugin. -->","yoast_head_json":{"title":"Suwak Referencji \u2013 Dodaj rozszerzenie Referencji do strony Magento","description":"Wypr\u00f3buj za darmo najlepsze rozszerzenie Testimonials Slider dla Magento. Konfiguracja jest prosta i szybka i nie wymaga wiedzy na temat tworzenia stron internetowych. Zajmie to tylko 2 minuty.","robots":{"index":"index","follow":"follow","max-snippet":"max-snippet:-1","max-image-preview":"max-image-preview:large","max-video-preview":"max-video-preview:-1"},"canonical":"https:\/\/elfsight.com\/pl\/testimonials-slider-widget\/magento\/","og_locale":"pl_PL","og_type":"article","og_title":"Suwak Referencji \u2013 Dodaj rozszerzenie Referencji do strony Magento","og_description":"Wypr\u00f3buj za darmo najlepsze rozszerzenie Testimonials Slider dla Magento. Konfiguracja jest prosta i szybka i nie wymaga wiedzy na temat tworzenia stron internetowych. Zajmie to tylko 2 minuty.","og_url":"https:\/\/elfsight.com\/pl\/testimonials-slider-widget\/magento\/","og_site_name":"Elfsight PL","article_modified_time":"2024-11-14T12:50:49+00:00","twitter_card":"summary_large_image","twitter_misc":{"Szacowany czas czytania":"3 minuty"},"schema":{"@context":"https:\/\/schema.org","@graph":[{"@type":"WebPage","@id":"https:\/\/elfsight.com\/pl\/testimonials-slider-widget\/magento\/","url":"https:\/\/elfsight.com\/pl\/testimonials-slider-widget\/magento\/","name":"Suwak Referencji \u2013 Dodaj rozszerzenie Referencji do strony Magento","isPartOf":{"@id":"https:\/\/elfsight.com\/pl\/#website"},"datePublished":"1970-01-01T00:00:00+00:00","dateModified":"2024-11-14T12:50:49+00:00","description":"Wypr\u00f3buj za darmo najlepsze rozszerzenie Testimonials Slider dla Magento. Konfiguracja jest prosta i szybka i nie wymaga wiedzy na temat tworzenia stron internetowych. Zajmie to tylko 2 minuty.","breadcrumb":{"@id":"https:\/\/elfsight.com\/pl\/testimonials-slider-widget\/magento\/#breadcrumb"},"inLanguage":"pl-PL","potentialAction":[{"@type":"ReadAction","target":["https:\/\/elfsight.com\/pl\/testimonials-slider-widget\/magento\/"]}]},{"@type":"BreadcrumbList","@id":"https:\/\/elfsight.com\/pl\/testimonials-slider-widget\/magento\/#breadcrumb","itemListElement":[{"@type":"ListItem","position":1,"name":"Home","item":"https:\/\/elfsight.com\/pl\/"},{"@type":"ListItem","position":2,"name":"Testimonials Slider","item":"https:\/\/elfsight.com\/pl\/testimonials-slider-widget\/"},{"@type":"ListItem","position":3,"name":"Testimonials Slider &#8211; Magento"}]},{"@type":"WebSite","@id":"https:\/\/elfsight.com\/pl\/#website","url":"https:\/\/elfsight.com\/pl\/","name":"Elfsight PL","description":"Just another Elfsight Sites site","potentialAction":[{"@type":"SearchAction","target":{"@type":"EntryPoint","urlTemplate":"https:\/\/elfsight.com\/pl\/?s={search_term_string}"},"query-input":{"@type":"PropertyValueSpecification","valueRequired":true,"valueName":"search_term_string"}}],"inLanguage":"pl-PL"}]}},"meta_box":{"industry":"","seo_heading":"","heading":"","description":"","cta_heading":"","cta_description":"","application":"2469","h1":"Referencje Rozszerzenie Slider dla Magento","h1_caption":"Wy\u015bwietlaj referencje klient\u00f3w na obrotowym suwaku, aby bez wysi\u0142ku budowa\u0107 wiarygodno\u015b\u0107 i prezentowa\u0107 pozytywne opinie na swojej stronie internetowej Magento.","application_category":[],"applications_title":"","applications_request_title":"","applications_request_button_text":"","hero_text":"","hero_video":"","hero_video_schema_markup":"","selling_points_title":"","selling_points_caption":"","selling_points":[],"selling_points_cta_text":"","features_title":"","features":"","ed_cta_examples_text":"","ed_cta_examples_hidden":"","ed_cta_demo_text":"","ed_cta_demo_hidden":"","why_caption":"","why_editor_title":"","why_editor_text":"","why_team_title":"","why_team_text":"","why_service_title":"","why_service_text":"","template_catalog_visible":"","template_catalog_title":"","template_catalog_text":"","template_catalog_categories_visible":"","demo_title":"Utw\u00f3rz rozszerzenie suwaka referencji","demo_caption":"Skonfiguruj Slider Referencji i dodaj go za darmo do swojej witryny Magento!","default_faq_hidden":"","app_template_category":[],"platform":"92","template_public_id":"","codecanyon_url":"","codecanyon_item_id":"","codecanyon_price":"","pricing_caption":"","pricing_elfsight_apps_hide_column":"","pricing_elfsight_apps_url":"","pricing_codecanyon_price_caption":"","integration_category":[],"integration_request_title":"","integration_request_cta":"","integration_platform":"","integrations":[],"platform_category":[],"video_schema_markup":"","price":"od 0 USD \/ miesi\u0105c","trial":"","benefits":[{"text":"Bezp\u0142atna pomoc w monta\u017cu"},{"text":"Do\u015bwiadczona obs\u0142uga klienta"},{"text":"14-dniowa gwarancja zwrotu pieni\u0119dzy"}],"button_url":"#demo","button_target_blank":"","button_nofollow":"","attributes":[{"name":"Instaluje"},{"name":"Czu\u0142y"},{"name":"Kompatybilne przegl\u0105darki"}],"tags":[],"tags_disable_links":"","hide_more_platforms":"","video_object":"","demo_hide_cta":"","demo_hide_cloud_options":"","pricing_title":"","pricing":[{"pricing_icon":"platform","pricing_title":"Elfsight Apps","pricing_title_caption":"Oprogramowanie wieloplatformowe, kt\u00f3re dzia\u0142a na dowolnej witrynie","pricing_price":"od 0 USD \/ miesi\u0105c","pricing_price_caption":"zacznij od bezp\u0142atnego planu","pricing_benefits":[{"text":"Nielimitowane strony internetowe"},{"text":"Ca\u0142odobowe wsparcie firmy"},{"text":"Bezp\u0142atna pomoc w monta\u017cu"},{"text":"W pe\u0142ni konfigurowalny"}],"pricing_button_text":"Dodaj do witryny","pricing_button_url":"#demo"}],"related_apps_title":"","related_apps_hidden":"","author":"","image":[],"title":"","job":"","social_networks":[]},"_links":{"self":[{"href":"https:\/\/elfsight.com\/pl\/wp-json\/wp\/v2\/pages\/6870","targetHints":{"allow":["GET"]}}],"collection":[{"href":"https:\/\/elfsight.com\/pl\/wp-json\/wp\/v2\/pages"}],"about":[{"href":"https:\/\/elfsight.com\/pl\/wp-json\/wp\/v2\/types\/page"}],"author":[{"embeddable":true,"href":"https:\/\/elfsight.com\/pl\/wp-json\/wp\/v2\/users\/9"}],"replies":[{"embeddable":true,"href":"https:\/\/elfsight.com\/pl\/wp-json\/wp\/v2\/comments?post=6870"}],"version-history":[{"count":1,"href":"https:\/\/elfsight.com\/pl\/wp-json\/wp\/v2\/pages\/6870\/revisions"}],"predecessor-version":[{"id":6874,"href":"https:\/\/elfsight.com\/pl\/wp-json\/wp\/v2\/pages\/6870\/revisions\/6874"}],"up":[{"embeddable":true,"href":"https:\/\/elfsight.com\/pl\/wp-json\/wp\/v2\/pages\/1996"}],"wp:attachment":[{"href":"https:\/\/elfsight.com\/pl\/wp-json\/wp\/v2\/media?parent=6870"}],"curies":[{"name":"wp","href":"https:\/\/api.w.org\/{rel}","templated":true}]}}