{"id":6864,"date":"1970-01-01T00:00:00","date_gmt":"1970-01-01T00:00:00","guid":{"rendered":"https:\/\/elfsight.com\/pl\/?page_id=6864"},"modified":"2024-11-14T12:50:49","modified_gmt":"2024-11-14T12:50:49","slug":"opencart","status":"publish","type":"page","link":"https:\/\/elfsight.com\/pl\/testimonials-slider-widget\/opencart\/","title":{"rendered":"Testimonials Slider &#8211; OpenCart"},"content":{"rendered":"<div class=\"application-platform-content-item-description application-platform-content-item\" id=\"description\" data-nav-section=\"description\"><h2>Opis<\/h2><p>Suwak opinii to responsywny modu\u0142 umo\u017cliwiaj\u0105cy wy\u015bwietlanie recenzji Twoich u\u017cytkownik\u00f3w na Twojej osobistej stronie internetowej. Mo\u017cesz doda\u0107 dowolny dow\u00f3d spo\u0142eczny, aby opinia by\u0142a wiarygodna: imi\u0119 i nazwisko autora, zdj\u0119cie, logo jego firmy, a nawet adres URL strony.<\/p><p><b>Zwi\u0119ksz zaufanie do swoich produkt\u00f3w, pokazuj\u0105c czytelnikom swoje zachwy\u0107 kupuj\u0105cych osobi\u015bcie.<\/b><\/p><ul><li><b>Ulepsz swoje referencje, aby by\u0142y w pe\u0142ni godne zaufania<\/b>.<br>Dodaj wszystkie mo\u017cliwe informacje o autorze ka\u017cdej z referencji , w tym imi\u0119 i nazwisko, firma i stanowisko. Poka\u017c klientom, \u017ce maj\u0105 do czynienia z referencjami naprawd\u0119 istniej\u0105cych klient\u00f3w.<\/li><li><b>Przekonaj u\u017cytkownik\u00f3w do dzia\u0142ania<\/b>.<br>Dodanie prawdziwych referencji u\u017cytkownik\u00f3w z dobrymi przyk\u0142adami interakcji przekonuje czytelnik\u00f3w do udost\u0119pnienia ich wy\u015bwietle\u0144 i motywuje ich do zakupu oraz zwi\u0119kszania poziomu konwersji.<\/li><li><b>Silny dow\u00f3d spo\u0142eczny<\/b>.<br>Link z opinii do Facebooka, Google lub strony autora to solidny przekaz dla czytelnik\u00f3w, co podwoi wiarygodno\u015b\u0107 i poka\u017ce, \u017ce Twoja firma jest prawdziwa.<\/li><\/ul><\/div><div class=\"application-platform-content-item-features application-platform-content-item\" id=\"features\" data-nav-section=\"features\"><h2>Funkcje<\/h2><p>Kluczowe funkcje, kt\u00f3re zmie\u0144 suwak referencji Elfsight w niezb\u0119dny modu\u0142 ka\u017cdej witryny OpenCart.<\/p><ul><li>U\u017cyj adresu URL profilu na Facebooku lub Twitterze, aby udowodni\u0107, \u017ce autor istnieje naprawd\u0119;<\/li><li>Dodaj link do adresu autora Profil na Facebooku lub Twitterze dla wi\u0119kszej wiarygodno\u015bci;<\/li><li>Wypr\u00f3buj 6 adaptacyjnych szablon\u00f3w referencji i znajd\u017a ten, kt\u00f3rego potrzebujesz;<\/li><li>Wybierz jeden z sze\u015bciu gotowych szablon\u00f3w referencji.<\/li><\/ul><p><a href=\"#demo\">Wypr\u00f3buj te funkcje w wersji demonstracyjnej na \u017cywo<\/a><\/p><\/div><div class=\"application-platform-content-item-installation application-platform-content-item\" id=\"installation\" data-nav-section=\"installation\"><h2>Jak doda\u0107 rozszerzenie Referencje do witryny OpenCart <\/h2><p>Wystarczy zastosowa\u0107 si\u0119 do poni\u017cszych instrukcji, aby osadzi\u0107 rozszerzenie w OpenCart.<\/p> <ol><li><b>Skorzystaj z naszej bezp\u0142atnej wersji demonstracyjnej i zacznij tworzy\u0107 sw\u00f3j niestandardowy instrument. <\/b><br> Znajd\u017a niestandardowy interfejs i parametry narz\u0119dzia i zastosuj zmiany. <\/li> <li><b>Odbierz indywidualny kod ujawniony w specjalnym formularzu w aplikacjach Elfsight. <\/b><br> Po zako\u0144czeniu tworzenia rozszerzenia Testimonials Slider skopiuj kod osobisty z wyskakuj\u0105cego okienka i zachowaj go do wykorzystania w przysz\u0142o\u015bci. <\/li> <li><b>Wpisz ch\u0119\u0107 korzystania z rozszerzenia na stronie OpenCart. <\/b><br> Wklej skopiowany wcze\u015bniej kod na swoj\u0105 stron\u0119 i zapisz zmiany. <\/li> <li><b>Instalacja zosta\u0142a pomy\u015blnie przeprowadzona. <\/b><br> Odwied\u017a swoj\u0105 witryn\u0119, aby zobaczy\u0107, jak dzia\u0142a narz\u0119dzie. <\/li><\/ol> <p>Napotka\u0142e\u015b trudno\u015bci podczas konfigurowania lub dostosowywania modu\u0142u? Przeczytaj obszerny podr\u0119cznik na temat <a href=\"https:\/\/elfsight.com\/tutorials\/how-to-add-testimonials-slider-widget-to-opencart\/\" target=\"_blank\" rel=\"noopener noreferrer\">tworzenie Slidera Referencji do OpenCart<\/a> lub zwr\u00f3\u0107 si\u0119 do naszego Centrum Wsparcia.<\/p><div class=\"faq\" data-component=\"FAQ\"> <div class=\"faq-item\">\r\n\t\t\t\t\t<div class=\"faq-item-question\">\r\n\t\t\t\t\t\t<h3 class=\"faq-item-question-text\">Jak doda\u0107 Slider Referencji do mojej witryny OpenCart bez umiej\u0119tno\u015bci kodowania?<\/h3>\r\n\r\n\t\t\t\t\t\t<div class=\"faq-item-question-icon\"><\/div>\r\n\t\t\t\t\t<\/div>\r\n\r\n\t\t\t\t\t<div class=\"faq-item-answer\">\r\n\t\t\t\t\t\t<div class=\"faq-item-answer-text\"> <p>Elfsight zapewnia rozwi\u0105zanie SaaS kt\u00f3ry pozwala na samodzielne utworzenie wid\u017cetu Suwak Referencji, przekonaj si\u0119, jak \u0142atwy jest ten proces: Pracuj bezpo\u015brednio w edytorze online, aby utworzy\u0107 wid\u017cet Suwaka Referencji, kt\u00f3ry chcia\u0142by\u015b zobaczy\u0107 na swojej stronie internetowej OpenCart. Wybierz jeden z gotowych szablon\u00f3w i dostosuj ustawienia suwaka referencji, dodaj tre\u015b\u0107, zmie\u0144 uk\u0142ad i kolory bez umiej\u0119tno\u015bci kodowania. Zapisz suwak referencji i skopiuj jego kod instalacyjny, kt\u00f3ry mo\u017cesz po prostu umie\u015bci\u0107 na swojej stronie OpenCart bez kupowania wersji p\u0142atnej. Dzi\u0119ki naszemu intuicyjnemu edytorowi ka\u017cdy u\u017cytkownik Internetu mo\u017ce stworzy\u0107 wid\u017cet Slider Referencji online i \u0142atwo osadzi\u0107 go na swojej stronie OpenCart. Aby uzyska\u0107 dost\u0119p do us\u0142ugi, nie trzeba p\u0142aci\u0107 ani wprowadza\u0107 danych uwierzytelniaj\u0105cych karty. Je\u015bli na kt\u00f3rymkolwiek etapie napotkasz jakiekolwiek problemy, skontaktuj si\u0119 z naszym zespo\u0142em pomocy technicznej.<\/p> <\/div>\r\n\t\t\t\t\t<\/div>\r\n\t\t\t\t<\/div> <\/div> <\/div>","protected":false},"excerpt":{"rendered":"","protected":false},"author":9,"featured_media":0,"parent":1996,"menu_order":0,"comment_status":"closed","ping_status":"closed","template":"templates\/template-application-platform.php","meta":{"publish_to_discourse":"","publish_post_category":"","wpdc_auto_publish_overridden":"","wpdc_topic_tags":"","wpdc_pin_topic":"","wpdc_pin_until":"","discourse_post_id":"","discourse_permalink":"","wpdc_publishing_response":"","wpdc_publishing_error":"","footnotes":""},"class_list":["post-6864","page","type-page","status-publish","hentry"],"yoast_head":"<!-- This site is optimized with the Yoast SEO plugin v25.3.1 - https:\/\/yoast.com\/wordpress\/plugins\/seo\/ -->\n<title>Suwak Referencji \u2013 Dodaj rozszerzenie Referencji do strony OpenCart<\/title>\n<meta name=\"description\" content=\"Wypr\u00f3buj za darmo najlepsze rozszerzenie Testimonials Slider dla WordPress. Prosta i szybka konfiguracja w ci\u0105gu zaledwie kilku minut. Nie jest wymagana \u017cadna specjalistyczna wiedza z zakresu tworzenia stron internetowych.\" \/>\n<meta name=\"robots\" content=\"index, follow, max-snippet:-1, max-image-preview:large, max-video-preview:-1\" \/>\n<link rel=\"canonical\" href=\"https:\/\/elfsight.com\/pl\/testimonials-slider-widget\/opencart\/\" \/>\n<meta property=\"og:locale\" content=\"pl_PL\" \/>\n<meta property=\"og:type\" content=\"article\" \/>\n<meta property=\"og:title\" content=\"Suwak Referencji \u2013 Dodaj rozszerzenie Referencji do strony OpenCart\" \/>\n<meta property=\"og:description\" content=\"Wypr\u00f3buj za darmo najlepsze rozszerzenie Testimonials Slider dla WordPress. Prosta i szybka konfiguracja w ci\u0105gu zaledwie kilku minut. Nie jest wymagana \u017cadna specjalistyczna wiedza z zakresu tworzenia stron internetowych.\" \/>\n<meta property=\"og:url\" content=\"https:\/\/elfsight.com\/pl\/testimonials-slider-widget\/opencart\/\" \/>\n<meta property=\"og:site_name\" content=\"Elfsight PL\" \/>\n<meta property=\"article:modified_time\" content=\"2024-11-14T12:50:49+00:00\" \/>\n<meta name=\"twitter:card\" content=\"summary_large_image\" \/>\n<meta name=\"twitter:label1\" content=\"Szacowany czas czytania\" \/>\n\t<meta name=\"twitter:data1\" content=\"3 minuty\" \/>\n<!-- \/ Yoast SEO plugin. -->","yoast_head_json":{"title":"Suwak Referencji \u2013 Dodaj rozszerzenie Referencji do strony OpenCart","description":"Wypr\u00f3buj za darmo najlepsze rozszerzenie Testimonials Slider dla WordPress. Prosta i szybka konfiguracja w ci\u0105gu zaledwie kilku minut. Nie jest wymagana \u017cadna specjalistyczna wiedza z zakresu tworzenia stron internetowych.","robots":{"index":"index","follow":"follow","max-snippet":"max-snippet:-1","max-image-preview":"max-image-preview:large","max-video-preview":"max-video-preview:-1"},"canonical":"https:\/\/elfsight.com\/pl\/testimonials-slider-widget\/opencart\/","og_locale":"pl_PL","og_type":"article","og_title":"Suwak Referencji \u2013 Dodaj rozszerzenie Referencji do strony OpenCart","og_description":"Wypr\u00f3buj za darmo najlepsze rozszerzenie Testimonials Slider dla WordPress. Prosta i szybka konfiguracja w ci\u0105gu zaledwie kilku minut. Nie jest wymagana \u017cadna specjalistyczna wiedza z zakresu tworzenia stron internetowych.","og_url":"https:\/\/elfsight.com\/pl\/testimonials-slider-widget\/opencart\/","og_site_name":"Elfsight PL","article_modified_time":"2024-11-14T12:50:49+00:00","twitter_card":"summary_large_image","twitter_misc":{"Szacowany czas czytania":"3 minuty"},"schema":{"@context":"https:\/\/schema.org","@graph":[{"@type":"WebPage","@id":"https:\/\/elfsight.com\/pl\/testimonials-slider-widget\/opencart\/","url":"https:\/\/elfsight.com\/pl\/testimonials-slider-widget\/opencart\/","name":"Suwak Referencji \u2013 Dodaj rozszerzenie Referencji do strony OpenCart","isPartOf":{"@id":"https:\/\/elfsight.com\/pl\/#website"},"datePublished":"1970-01-01T00:00:00+00:00","dateModified":"2024-11-14T12:50:49+00:00","description":"Wypr\u00f3buj za darmo najlepsze rozszerzenie Testimonials Slider dla WordPress. Prosta i szybka konfiguracja w ci\u0105gu zaledwie kilku minut. Nie jest wymagana \u017cadna specjalistyczna wiedza z zakresu tworzenia stron internetowych.","breadcrumb":{"@id":"https:\/\/elfsight.com\/pl\/testimonials-slider-widget\/opencart\/#breadcrumb"},"inLanguage":"pl-PL","potentialAction":[{"@type":"ReadAction","target":["https:\/\/elfsight.com\/pl\/testimonials-slider-widget\/opencart\/"]}]},{"@type":"BreadcrumbList","@id":"https:\/\/elfsight.com\/pl\/testimonials-slider-widget\/opencart\/#breadcrumb","itemListElement":[{"@type":"ListItem","position":1,"name":"Home","item":"https:\/\/elfsight.com\/pl\/"},{"@type":"ListItem","position":2,"name":"Testimonials Slider","item":"https:\/\/elfsight.com\/pl\/testimonials-slider-widget\/"},{"@type":"ListItem","position":3,"name":"Testimonials Slider &#8211; OpenCart"}]},{"@type":"WebSite","@id":"https:\/\/elfsight.com\/pl\/#website","url":"https:\/\/elfsight.com\/pl\/","name":"Elfsight PL","description":"Just another Elfsight Sites site","potentialAction":[{"@type":"SearchAction","target":{"@type":"EntryPoint","urlTemplate":"https:\/\/elfsight.com\/pl\/?s={search_term_string}"},"query-input":{"@type":"PropertyValueSpecification","valueRequired":true,"valueName":"search_term_string"}}],"inLanguage":"pl-PL"}]}},"meta_box":{"industry":"","seo_heading":"","heading":"","description":"","cta_heading":"","cta_description":"","application":"2469","h1":"Referencje Rozszerzenie Slider dla OpenCart","h1_caption":"Wy\u015bwietlaj referencje klient\u00f3w na obrotowym suwaku, aby bez wysi\u0142ku budowa\u0107 wiarygodno\u015b\u0107 i prezentowa\u0107 pozytywne opinie na swojej stronie internetowej Opencart.","application_category":[],"applications_title":"","applications_request_title":"","applications_request_button_text":"","hero_text":"","hero_video":"","hero_video_schema_markup":"","selling_points_title":"","selling_points_caption":"","selling_points":[],"selling_points_cta_text":"","features_title":"","features":"","ed_cta_examples_text":"","ed_cta_examples_hidden":"","ed_cta_demo_text":"","ed_cta_demo_hidden":"","why_caption":"","why_editor_title":"","why_editor_text":"","why_team_title":"","why_team_text":"","why_service_title":"","why_service_text":"","template_catalog_visible":"","template_catalog_title":"","template_catalog_text":"","template_catalog_categories_visible":"","demo_title":"Utw\u00f3rz rozszerzenie suwaka referencji","demo_caption":"Skonfiguruj suwak referencji i dodaj go do swojej witryny OpenCart za darmo!","default_faq_hidden":"","app_template_category":[],"platform":"107","template_public_id":"","codecanyon_url":"","codecanyon_item_id":"","codecanyon_price":"","pricing_caption":"","pricing_elfsight_apps_hide_column":"","pricing_elfsight_apps_url":"","pricing_codecanyon_price_caption":"","integration_category":[],"integration_request_title":"","integration_request_cta":"","integration_platform":"","integrations":[],"platform_category":[],"video_schema_markup":"","price":"od 0 USD \/ miesi\u0105c","trial":"","benefits":[{"text":"Bezp\u0142atna pomoc w monta\u017cu"},{"text":"Wyj\u0105tkowe wsparcie"},{"text":"14-dniowa gwarancja zwrotu pieni\u0119dzy"}],"button_url":"#demo","button_target_blank":"","button_nofollow":"","attributes":[{"name":"Instaluje"},{"name":"Czu\u0142y"},{"name":"Kompatybilne przegl\u0105darki"}],"tags":[],"tags_disable_links":"","hide_more_platforms":"","video_object":"","demo_hide_cta":"","demo_hide_cloud_options":"","pricing_title":"","pricing":[{"pricing_icon":"platform","pricing_title":"Elfsight Apps","pricing_title_caption":"Wersja wieloplatformowa, kt\u00f3ra pasuje do ka\u017cdej witryny internetowej","pricing_price":"od 0 USD \/ miesi\u0105c","pricing_price_caption":"zacznij od bezp\u0142atnego planu","pricing_benefits":[{"text":"Nielimitowane strony internetowe"},{"text":"Dedykowane wsparcie"},{"text":"Bezp\u0142atna us\u0142uga monta\u017cu"},{"text":"100% konfigurowalny"}],"pricing_button_text":"Dodaj do witryny","pricing_button_url":"#demo"}],"related_apps_title":"","related_apps_hidden":"","author":"","image":[],"title":"","job":"","social_networks":[]},"_links":{"self":[{"href":"https:\/\/elfsight.com\/pl\/wp-json\/wp\/v2\/pages\/6864","targetHints":{"allow":["GET"]}}],"collection":[{"href":"https:\/\/elfsight.com\/pl\/wp-json\/wp\/v2\/pages"}],"about":[{"href":"https:\/\/elfsight.com\/pl\/wp-json\/wp\/v2\/types\/page"}],"author":[{"embeddable":true,"href":"https:\/\/elfsight.com\/pl\/wp-json\/wp\/v2\/users\/9"}],"replies":[{"embeddable":true,"href":"https:\/\/elfsight.com\/pl\/wp-json\/wp\/v2\/comments?post=6864"}],"version-history":[{"count":1,"href":"https:\/\/elfsight.com\/pl\/wp-json\/wp\/v2\/pages\/6864\/revisions"}],"predecessor-version":[{"id":6868,"href":"https:\/\/elfsight.com\/pl\/wp-json\/wp\/v2\/pages\/6864\/revisions\/6868"}],"up":[{"embeddable":true,"href":"https:\/\/elfsight.com\/pl\/wp-json\/wp\/v2\/pages\/1996"}],"wp:attachment":[{"href":"https:\/\/elfsight.com\/pl\/wp-json\/wp\/v2\/media?parent=6864"}],"curies":[{"name":"wp","href":"https:\/\/api.w.org\/{rel}","templated":true}]}}