{"id":6863,"date":"1970-01-01T00:00:00","date_gmt":"1970-01-01T00:00:00","guid":{"rendered":"https:\/\/elfsight.com\/pl\/?page_id=6863"},"modified":"2024-11-14T12:50:49","modified_gmt":"2024-11-14T12:50:49","slug":"squarespace","status":"publish","type":"page","link":"https:\/\/elfsight.com\/pl\/testimonials-slider-widget\/squarespace\/","title":{"rendered":"Testimonials Slider &#8211; SquareSpace"},"content":{"rendered":"<div class=\"application-platform-content-item-description application-platform-content-item\" id=\"description\" data-nav-section=\"description\"><h2>Osad\u017a suwak referencji w SquareSpace za pomoc\u0105 wid\u017cetu Elfsight<\/h2><p>Suwak referencji to responsywny widget s\u0142u\u017c\u0105cy do pokazywania opinii kupuj\u0105cych na temat Twoja osobista witryna. Aby recenzje by\u0142y godne zaufania, mo\u017cesz do\u0142\u0105czy\u0107 r\u00f3\u017cne rodzaje dowod\u00f3w spo\u0142ecznych: imi\u0119 i nazwisko autora, zdj\u0119cie, logo handlowe firmy, a nawet link do strony.<\/p><p><b>Zwi\u0119ksz zaufanie do swojej firmy, pokazuj\u0105c udost\u0119pniaj u\u017cytkownikom swoje prawdziwe i naturalne referencje.<\/b><\/p><ul><li><b>Przekonaj czytelnik\u00f3w do zakupu<\/b>.<br>Pokazywanie prawdziwych opinii klient\u00f3w w po\u0142\u0105czeniu z pozytywn\u0105 interakcj\u0105 inspiruje u\u017cytkownik\u00f3w do dzielenia si\u0119 tym do\u015bwiadczeniem i motywuje ich do zakupu i zwi\u0119kszania konwersji.<\/li><li><b>Podw\u00f3jne zaufanie do swojej witryny<\/b>.<br>Wykorzystuj recenzje swoich klient\u00f3w na stronie i chwal si\u0119 przyk\u0142adami zadowolonych klient\u00f3w, aby wzmocni\u0107 zaufaj swojej firmie.<\/li><li><b>Lojalno\u015b\u0107 odwiedzaj\u0105cych<\/b>.<br>Klient wystawi\u0142 pozytywn\u0105 opini\u0119 o Twojej firmie? Nie pozostawiaj tego niezauwa\u017conym i wyra\u017a swoje uznanie, umieszczaj\u0105c go na stronie.<\/li><\/ul><\/div><div class=\"application-platform-content-item-features application-platform-content-item\" id=\"features\" data-nav-section=\"features\"><h2>G\u0142\u00f3wne funkcje wid\u017cetu Suwak Referencji<\/h2><p>Kluczowe cechy, kt\u00f3re zmieniaj\u0105 Elfsight Testimonial Slider w cenny widget dla ka\u017cdej witryny SquareSpace.<\/p><ul><li>Dodaj maksimum informacji o autorze &#8211; poka\u017c logo firmy autora;<\/li><li>Mo\u017cliwo\u015b\u0107 edycji tytu\u0142 wid\u017cetu, aby nada\u0107 mu przyci\u0105gaj\u0105c\u0105 wzrok nazw\u0119;<\/li><li>Dodaj link do profilu autora na Facebooku lub Twitterze, aby zwi\u0119kszy\u0107 wiarygodno\u015b\u0107;<\/li><li>Uk\u0142ad o pe\u0142nej szeroko\u015bci.<\/li><\/ul> <p><a href=\"#demo\">Wypr\u00f3buj te funkcje w wersji demonstracyjnej na \u017cywo<\/a><\/p><\/div><div class=\"application-platform-content-item-installation application-platform-content-item\" id=\"installation\" data-nav-section=\"installation\"><h2>Jak doda\u0107 suwak referencji do witryny Squarespace<\/h2> <div class=\"video-container\"><iframe width=\"720\" height=\"405\" src=\"https:\/\/www.youtube.com\/embed\/mMQWrphD-xI\" frameborder=\"0\" allowfullscreen=\"\"><\/iframe><\/div><p>Wtyczka Elfsight jest \u0142atwa w instalacji i nie wymaga \u017cadnego do\u015bwiadczenia w tworzeniu. Wype\u0142nienie instrukcji zajmie mniej ni\u017c 3 minuty.<\/p><ol><li><b>Zaprojektuj w\u0142asny suwak referencji.<\/b><br>Przy pomocy naszego bezp\u0142atnego edytora utw\u00f3rz wtyczk\u0119 z preferowanymi projekt i opcje.<\/li><li><b>Skopiuj kod do osadzenia wtyczki.<\/b><br>Po skonfigurowaniu wid\u017cetu pobierz kod wtyczki Referencje z wy\u015bwietlonego powiadomienia w aplikacjach Elfsight.<\/li> <li><b>Osad\u017a wtyczk\u0119 w witrynie SquareSpace.<\/b><br>Osad\u017a wtyczk\u0119 w odpowiednim miejscu strony i zastosuj zmiany.<\/li><li><b>Gotowe! <\/b><br>Wejd\u017a na swoj\u0105 witryn\u0119 SquareSpace, aby sprawdzi\u0107 swoj\u0105 prac\u0119.<\/li><\/ol><p>Wyst\u0119puj\u0105 jakie\u015b problemy podczas osadzania lub dostosowywania wid\u017cetu? Przeczytaj obszerny podr\u0119cznik na temat <a href=\"https:\/\/elfsight.com\/tutorials\/how-to-add-testimonials-slider-widget-to-squarespace\/\" target=\"_blank\" rel=\"noopener noreferrer\">tworzenie Slider Referencji do Squarespace<\/a> lub skontaktuj si\u0119 z naszym Centrum Wsparcia.<\/p><div class=\"faq\" data-component=\"FAQ\"> <div class=\"faq-item\">\r\n\t\t\t\t\t<div class=\"faq-item-question\">\r\n\t\t\t\t\t\t<h3 class=\"faq-item-question-text\">Jak mog\u0119 doda\u0107 Slider Referencji do mojej witryny Squarespace bez umiej\u0119tno\u015bci kodowania?<\/h3>\r\n\r\n\t\t\t\t\t\t<div class=\"faq-item-question-icon\"><\/div>\r\n\t\t\t\t\t<\/div>\r\n\r\n\t\t\t\t\t<div class=\"faq-item-answer\">\r\n\t\t\t\t\t\t<div class=\"faq-item-answer-text\"> <p>Elfsight zapewnia SaaS rozwi\u0105zanie, kt\u00f3re pozwala samodzielnie utworzy\u0107 wid\u017cet Suwak Referencji, przekonaj si\u0119, jak \u0142atwy jest ten proces: Pracuj bezpo\u015brednio w edytorze online, aby utworzy\u0107 wid\u017cet Suwaka Referencji, kt\u00f3ry chcesz zobaczy\u0107 na swojej stronie internetowej Squarespace. Wybierz jeden z gotowych szablon\u00f3w i dostosuj ustawienia suwaka referencji, dodaj tre\u015b\u0107, zmie\u0144 uk\u0142ad i schemat kolor\u00f3w bez umiej\u0119tno\u015bci kodowania. Zapisz suwak Referencje i skopiuj jego kod instalacyjny, kt\u00f3ry mo\u017cesz wklei\u0107 na swojej stronie Squarespace bez konieczno\u015bci kupowania p\u0142atnej subskrypcji. Dzi\u0119ki naszemu intuicyjnemu edytorowi ka\u017cdy u\u017cytkownik Internetu mo\u017ce stworzy\u0107 wid\u017cet Suwak Referencji online i \u0142atwo osadzi\u0107 go na swojej stronie internetowej Squarespace. Aby uzyska\u0107 dost\u0119p do us\u0142ugi, nie trzeba p\u0142aci\u0107 ani wprowadza\u0107 danych uwierzytelniaj\u0105cych karty. Je\u015bli na kt\u00f3rymkolwiek etapie napotkasz jakiekolwiek problemy, skontaktuj si\u0119 z naszym zespo\u0142em pomocy technicznej.<\/p> <\/div>\r\n\t\t\t\t\t<\/div>\r\n\t\t\t\t<\/div> <\/div> <\/div><p><\/p>","protected":false},"excerpt":{"rendered":"","protected":false},"author":9,"featured_media":0,"parent":1996,"menu_order":0,"comment_status":"closed","ping_status":"closed","template":"templates\/template-application-platform.php","meta":{"publish_to_discourse":"","publish_post_category":"","wpdc_auto_publish_overridden":"","wpdc_topic_tags":"","wpdc_pin_topic":"","wpdc_pin_until":"","discourse_post_id":"","discourse_permalink":"","wpdc_publishing_response":"","wpdc_publishing_error":"","footnotes":""},"class_list":["post-6863","page","type-page","status-publish","hentry"],"yoast_head":"<!-- This site is optimized with the Yoast SEO plugin v25.3.1 - https:\/\/yoast.com\/wordpress\/plugins\/seo\/ -->\n<title>Suwak referencji \u2013 dodaj wid\u017cet referencji do witryny Squarespace<\/title>\n<meta name=\"description\" content=\"Sprawd\u017a najlepszy widget suwaka referencji dla SquareSpace za darmo. Natychmiastowa integracja bez specjalistycznej wiedzy z zakresu tworzenia stron internetowych w ci\u0105gu zaledwie kilku minut.\" \/>\n<meta name=\"robots\" content=\"index, follow, max-snippet:-1, max-image-preview:large, max-video-preview:-1\" \/>\n<link rel=\"canonical\" href=\"https:\/\/elfsight.com\/pl\/testimonials-slider-widget\/squarespace\/\" \/>\n<meta property=\"og:locale\" content=\"pl_PL\" \/>\n<meta property=\"og:type\" content=\"article\" \/>\n<meta property=\"og:title\" content=\"Suwak referencji \u2013 dodaj wid\u017cet referencji do witryny Squarespace\" \/>\n<meta property=\"og:description\" content=\"Sprawd\u017a najlepszy widget suwaka referencji dla SquareSpace za darmo. Natychmiastowa integracja bez specjalistycznej wiedzy z zakresu tworzenia stron internetowych w ci\u0105gu zaledwie kilku minut.\" \/>\n<meta property=\"og:url\" content=\"https:\/\/elfsight.com\/pl\/testimonials-slider-widget\/squarespace\/\" \/>\n<meta property=\"og:site_name\" content=\"Elfsight PL\" \/>\n<meta property=\"article:modified_time\" content=\"2024-11-14T12:50:49+00:00\" \/>\n<meta name=\"twitter:card\" content=\"summary_large_image\" \/>\n<meta name=\"twitter:label1\" content=\"Szacowany czas czytania\" \/>\n\t<meta name=\"twitter:data1\" content=\"3 minuty\" \/>\n<!-- \/ Yoast SEO plugin. -->","yoast_head_json":{"title":"Suwak referencji \u2013 dodaj wid\u017cet referencji do witryny Squarespace","description":"Sprawd\u017a najlepszy widget suwaka referencji dla SquareSpace za darmo. Natychmiastowa integracja bez specjalistycznej wiedzy z zakresu tworzenia stron internetowych w ci\u0105gu zaledwie kilku minut.","robots":{"index":"index","follow":"follow","max-snippet":"max-snippet:-1","max-image-preview":"max-image-preview:large","max-video-preview":"max-video-preview:-1"},"canonical":"https:\/\/elfsight.com\/pl\/testimonials-slider-widget\/squarespace\/","og_locale":"pl_PL","og_type":"article","og_title":"Suwak referencji \u2013 dodaj wid\u017cet referencji do witryny Squarespace","og_description":"Sprawd\u017a najlepszy widget suwaka referencji dla SquareSpace za darmo. Natychmiastowa integracja bez specjalistycznej wiedzy z zakresu tworzenia stron internetowych w ci\u0105gu zaledwie kilku minut.","og_url":"https:\/\/elfsight.com\/pl\/testimonials-slider-widget\/squarespace\/","og_site_name":"Elfsight PL","article_modified_time":"2024-11-14T12:50:49+00:00","twitter_card":"summary_large_image","twitter_misc":{"Szacowany czas czytania":"3 minuty"},"schema":{"@context":"https:\/\/schema.org","@graph":[{"@type":"WebPage","@id":"https:\/\/elfsight.com\/pl\/testimonials-slider-widget\/squarespace\/","url":"https:\/\/elfsight.com\/pl\/testimonials-slider-widget\/squarespace\/","name":"Suwak referencji \u2013 dodaj wid\u017cet referencji do witryny Squarespace","isPartOf":{"@id":"https:\/\/elfsight.com\/pl\/#website"},"datePublished":"1970-01-01T00:00:00+00:00","dateModified":"2024-11-14T12:50:49+00:00","description":"Sprawd\u017a najlepszy widget suwaka referencji dla SquareSpace za darmo. Natychmiastowa integracja bez specjalistycznej wiedzy z zakresu tworzenia stron internetowych w ci\u0105gu zaledwie kilku minut.","breadcrumb":{"@id":"https:\/\/elfsight.com\/pl\/testimonials-slider-widget\/squarespace\/#breadcrumb"},"inLanguage":"pl-PL","potentialAction":[{"@type":"ReadAction","target":["https:\/\/elfsight.com\/pl\/testimonials-slider-widget\/squarespace\/"]}]},{"@type":"BreadcrumbList","@id":"https:\/\/elfsight.com\/pl\/testimonials-slider-widget\/squarespace\/#breadcrumb","itemListElement":[{"@type":"ListItem","position":1,"name":"Home","item":"https:\/\/elfsight.com\/pl\/"},{"@type":"ListItem","position":2,"name":"Testimonials Slider","item":"https:\/\/elfsight.com\/pl\/testimonials-slider-widget\/"},{"@type":"ListItem","position":3,"name":"Testimonials Slider &#8211; SquareSpace"}]},{"@type":"WebSite","@id":"https:\/\/elfsight.com\/pl\/#website","url":"https:\/\/elfsight.com\/pl\/","name":"Elfsight PL","description":"Just another Elfsight Sites site","potentialAction":[{"@type":"SearchAction","target":{"@type":"EntryPoint","urlTemplate":"https:\/\/elfsight.com\/pl\/?s={search_term_string}"},"query-input":{"@type":"PropertyValueSpecification","valueRequired":true,"valueName":"search_term_string"}}],"inLanguage":"pl-PL"}]}},"meta_box":{"industry":"","seo_heading":"","heading":"","description":"","cta_heading":"","cta_description":"","application":"2469","h1":"Wid\u017cet suwaka referencji dla Squarespace","h1_caption":"Wy\u015bwietlaj referencje klient\u00f3w na obrotowym suwaku, aby bez wysi\u0142ku budowa\u0107 wiarygodno\u015b\u0107 i prezentowa\u0107 pozytywne opinie na swojej stronie internetowej Squarespace.","application_category":[],"applications_title":"","applications_request_title":"","applications_request_button_text":"","hero_text":"","hero_video":"","hero_video_schema_markup":"","selling_points_title":"","selling_points_caption":"","selling_points":[],"selling_points_cta_text":"","features_title":"","features":"","ed_cta_examples_text":"","ed_cta_examples_hidden":"","ed_cta_demo_text":"","ed_cta_demo_hidden":"","why_caption":"","why_editor_title":"","why_editor_text":"","why_team_title":"","why_team_text":"","why_service_title":"","why_service_text":"","template_catalog_visible":"","template_catalog_title":"","template_catalog_text":"","template_catalog_categories_visible":"","demo_title":"Utw\u00f3rz wtyczk\u0119 Slider Referencji","demo_caption":"Skonfiguruj suwak referencji i dodaj go do swojej witryny Squarespace za darmo!","default_faq_hidden":"","app_template_category":[],"platform":"121","template_public_id":"","codecanyon_url":"","codecanyon_item_id":"","codecanyon_price":"","pricing_caption":"","pricing_elfsight_apps_hide_column":"","pricing_elfsight_apps_url":"","pricing_codecanyon_price_caption":"","integration_category":[],"integration_request_title":"","integration_request_cta":"","integration_platform":"","integrations":[],"platform_category":[],"video_schema_markup":"","price":"od 0 USD \/ miesi\u0105c","trial":"","benefits":[{"text":"Bezp\u0142atna pomoc w monta\u017cu"},{"text":"Wyj\u0105tkowe wsparcie"},{"text":"14-dniowa gwarancja zwrotu pieni\u0119dzy"}],"button_url":"#demo","button_target_blank":"","button_nofollow":"","attributes":[{"name":"Instaluje"},{"name":"Czu\u0142y"},{"name":"Kompatybilne przegl\u0105darki"}],"tags":[],"tags_disable_links":"","hide_more_platforms":"","video_object":"","demo_hide_cta":"","demo_hide_cloud_options":"","pricing_title":"","pricing":[{"pricing_icon":"platform","pricing_title":"Elfsight Apps","pricing_title_caption":"Wersja wieloplatformowa, kt\u00f3ra dzia\u0142a na dowolnej witrynie","pricing_price":"od 0 USD \/ miesi\u0105c","pricing_price_caption":"zacznij od bezp\u0142atnego planu","pricing_benefits":[{"text":"Nielimitowane domeny"},{"text":"Dedykowana obs\u0142uga klienta i dobrze udokumentowana"},{"text":"Bezp\u0142atna us\u0142uga monta\u017cu"},{"text":"W pe\u0142ni konfigurowalny"}],"pricing_button_text":"Dodaj do witryny","pricing_button_url":"#demo"}],"related_apps_title":"","related_apps_hidden":"","author":"","image":[],"title":"","job":"","social_networks":[]},"_links":{"self":[{"href":"https:\/\/elfsight.com\/pl\/wp-json\/wp\/v2\/pages\/6863","targetHints":{"allow":["GET"]}}],"collection":[{"href":"https:\/\/elfsight.com\/pl\/wp-json\/wp\/v2\/pages"}],"about":[{"href":"https:\/\/elfsight.com\/pl\/wp-json\/wp\/v2\/types\/page"}],"author":[{"embeddable":true,"href":"https:\/\/elfsight.com\/pl\/wp-json\/wp\/v2\/users\/9"}],"replies":[{"embeddable":true,"href":"https:\/\/elfsight.com\/pl\/wp-json\/wp\/v2\/comments?post=6863"}],"version-history":[{"count":2,"href":"https:\/\/elfsight.com\/pl\/wp-json\/wp\/v2\/pages\/6863\/revisions"}],"predecessor-version":[{"id":8068,"href":"https:\/\/elfsight.com\/pl\/wp-json\/wp\/v2\/pages\/6863\/revisions\/8068"}],"up":[{"embeddable":true,"href":"https:\/\/elfsight.com\/pl\/wp-json\/wp\/v2\/pages\/1996"}],"wp:attachment":[{"href":"https:\/\/elfsight.com\/pl\/wp-json\/wp\/v2\/media?parent=6863"}],"curies":[{"name":"wp","href":"https:\/\/api.w.org\/{rel}","templated":true}]}}