{"id":6862,"date":"1970-01-01T00:00:00","date_gmt":"1970-01-01T00:00:00","guid":{"rendered":"https:\/\/elfsight.com\/pl\/?page_id=6862"},"modified":"2025-12-01T09:26:30","modified_gmt":"2025-12-01T09:26:30","slug":"webflow","status":"publish","type":"page","link":"https:\/\/elfsight.com\/pl\/testimonials-slider-widget\/webflow\/","title":{"rendered":"Testimonials Slider &#8211; Webflow"},"content":{"rendered":"<div class=\"application-platform-content-item-description application-platform-content-item\" id=\"description\" data-nav-section=\"description\"><h2>Osad\u017a suwak referencji w Webflow za pomoc\u0105 wid\u017cetu Elfsight<\/h2><p>Suwak referencji to \u0142atwy widget do ujawniania opinii klient\u00f3w na temat Twoja osobista strona internetowa. Mo\u017cesz wykorzysta\u0107 wszystkie rodzaje dowod\u00f3w spo\u0142ecznych, aby referencje by\u0142y wiarygodne: imi\u0119 i nazwisko autora, zdj\u0119cie, logotyp organizacji, a nawet link do strony internetowej.<\/p><p><b>Zwi\u0119ksz zaufanie do swoich us\u0142ug, pokazuj\u0105c Twoi czytelnicy uczciwie i szczerze wyra\u017caj\u0105 opinie na ten temat.<\/b><\/p><ul><li><b>Motywuj u\u017cytkownik\u00f3w do dzia\u0142ania<\/b>.<br>Pokazywanie prawdziwych opinii u\u017cytkownik\u00f3w za pomoc\u0105 szcz\u0119\u015bliwej historii motywuje odwiedzaj\u0105cych do udost\u0119pniania tej informacji do\u015bwiadczenie i stymuluje ich do dzia\u0142ania oraz zwi\u0119ksza poziom konwersji.<\/li><li><b>Pomna\u017caj zaufanie do swojej witryny<\/b>.<br>Wy\u015bwietlaj referencje swoich klient\u00f3w na stronie i demonstruj przyk\u0142ady dobrych do\u015bwiadcze\u0144 klient\u00f3w aby zwi\u0119kszy\u0107 zaufanie do swojej firmy.<\/li><li><b>Wyra\u017a autorytatywn\u0105 opini\u0119<\/b>.<br>Masz klient\u00f3w, kt\u00f3rych opinia b\u0119dzie mia\u0142a ogromny wp\u0142yw na reszt\u0119 czytelnik\u00f3w? Tw\u00f3rz kompleksowe referencje z informacjami o autorze i zwi\u0119ksz poziom sprzeda\u017cy.<\/li><\/ul><\/div><div class=\"application-platform-content-item-features application-platform-content-item\" id=\"features\" data-nav-section=\"features\"><h2>G\u0142\u00f3wne cechy wid\u017cetu Suwak Referencji<\/h2><p> Najwa\u017cniejsze cechy, kt\u00f3re sprawiaj\u0105, \u017ce nasz Slider Referencji staje si\u0119 niezast\u0105pionym widgetem dla ka\u017cdej witryny Webflow.<\/p><ul><li>Zwi\u0119ksz wiarygodno\u015b\u0107 dzi\u0119ki linkowi do strony autora;<\/li><li>Umie\u015b\u0107 link do strony autora aby stworzy\u0107 solidny wizerunek;<\/li><li>Dodaj logo firmy autora, aby informacja wygl\u0105da\u0142a wiarygodnie;<\/li><li>Aby doda\u0107 wiarygodno\u015bci, poka\u017c logo firmy autora.<\/li> <\/ul><p><a href=\"#demo\">Wypr\u00f3buj te funkcje w wersji demonstracyjnej na \u017cywo<\/a><\/p><\/div><div class=\"application-platform-content-item-installation application-platform-content-item\" id=\"installation\" data-nav-section=\"installation\"><h2>Jak doda\u0107 referencje do Witryna Webflow<\/h2><div class=\"video-container\"><iframe width=\"720\" height=\"405\" src=\"\/\/www.youtube.com\/embed\/knpbylAiW60?si=aTRDeqbJS-HO9750\" frameborder=\"0\" allowfullscreen=\"\"><\/iframe><\/div><p>Nasz widget jest maksymalnie \u0142atwy w instalacji i nie wymaga \u017cadnych umiej\u0119tno\u015bci w zakresie tworzenia stron internetowych. Wype\u0142nienie instrukcji zajmie Ci nie wi\u0119cej ni\u017c 3 minuty.<\/p><ol><li><b>Zaprojektuj w\u0142asny suwak referencji.<\/b><br>Przy pomocy naszego darmowego edytora mo\u017cesz zmontuj wid\u017cet o preferowanym wygl\u0105dzie i funkcjach.<\/li><li><b>Uzyskaj kod do integracji wid\u017cetu.<\/b><br>Po utworzeniu wid\u017cetu odbierz kod wid\u017cetu Referencje z pojawiaj\u0105cego si\u0119 powiadomienia w aplikacjach Elfsight .<\/li><li><b>Umie\u015b\u0107 wid\u017cet w witrynie Webflow.<\/b><br>Osad\u017a wid\u017cet w wybranym miejscu strony i zastosuj zmiany.<\/li><li><b> Gotowe!<\/b><br>Odwied\u017a witryn\u0119 Webflow i zobacz sw\u00f3j wid\u017cet.<\/li><\/ol><p>Wyst\u0105pi\u0142y jakie\u015b problemy podczas instalacji lub konfiguracji wid\u017cetu? Zapoznaj si\u0119 z obszern\u0105 instrukcj\u0105 na stronie <a href=\"https:\/\/elfsight.com\/tutorials\/how-to-add-testimonials-slider-widget-to-webflow\/\" target=\"_blank\" rel=\"noopener noreferrer\"> osadzanie Slidera Referencji w Webflow<\/a> lub skontaktuj si\u0119 z naszym Centrum Wsparcia.<\/p><div class=\"faq\" data-component=\"FAQ\"> <div class=\"faq-item\">\r\n\t\t\t\t\t<div class=\"faq-item-question\">\r\n\t\t\t\t\t\t<h3 class=\"faq-item-question-text\">Jak doda\u0107 Slider Referencji do mojej witryny Webflow bez umiej\u0119tno\u015bci kodowania?<\/h3>\r\n\r\n\t\t\t\t\t\t<div class=\"faq-item-question-icon\"><\/div>\r\n\t\t\t\t\t<\/div>\r\n\r\n\t\t\t\t\t<div class=\"faq-item-answer\">\r\n\t\t\t\t\t\t<div class=\"faq-item-answer-text\"> <p>Elfsight zapewnia SaaS rozwi\u0105zanie, kt\u00f3re pozwala na samodzielne utworzenie wid\u017cetu Suwak Referencji, przekonaj si\u0119, jak \u0142atwy jest ten proces: Pracuj bezpo\u015brednio w Edytorze online, aby utworzy\u0107 wid\u017cet Suwaka Referencji, kt\u00f3ry chcia\u0142by\u015b zobaczy\u0107 na swojej stronie internetowej Webflow. Wybierz jeden z gotowych szablon\u00f3w i dostosuj ustawienia suwaka referencji, dodaj tre\u015b\u0107, zmie\u0144 uk\u0142ad i schemat kolor\u00f3w bez umiej\u0119tno\u015bci kodowania. Zapisz suwak Referencje i skopiuj jego kod instalacyjny, kt\u00f3ry mo\u017cesz bez problemu osadzi\u0107 na swojej stronie internetowej Webflow bez konieczno\u015bci zakupu p\u0142atnej subskrypcji. Dzi\u0119ki naszemu intuicyjnemu edytorowi ka\u017cdy u\u017cytkownik Internetu mo\u017ce stworzy\u0107 wid\u017cet Suwak Referencji online i \u0142atwo osadzi\u0107 go na swojej stronie internetowej Webflow. Aby uzyska\u0107 dost\u0119p do us\u0142ugi, nie trzeba p\u0142aci\u0107 ani wprowadza\u0107 danych uwierzytelniaj\u0105cych karty. Je\u015bli na kt\u00f3rymkolwiek etapie napotkasz jakiekolwiek problemy, skontaktuj si\u0119 z naszym zespo\u0142em pomocy technicznej.<\/p> <\/div>\r\n\t\t\t\t\t<\/div>\r\n\t\t\t\t<\/div> <\/div> <\/div>","protected":false},"excerpt":{"rendered":"","protected":false},"author":9,"featured_media":0,"parent":1996,"menu_order":0,"comment_status":"closed","ping_status":"closed","template":"templates\/template-application-platform.php","meta":{"publish_to_discourse":"","publish_post_category":"","wpdc_auto_publish_overridden":"","wpdc_topic_tags":"","wpdc_pin_topic":"","wpdc_pin_until":"","discourse_post_id":"","discourse_permalink":"","wpdc_publishing_response":"","wpdc_publishing_error":"","footnotes":""},"class_list":["post-6862","page","type-page","status-publish","hentry"],"yoast_head":"<!-- This site is optimized with the Yoast SEO plugin v25.3.1 - https:\/\/yoast.com\/wordpress\/plugins\/seo\/ -->\n<title>Suwak Referencji \u2013 Dodaj wid\u017cet Referencje do witryny Webflow<\/title>\n<meta name=\"description\" content=\"Sprawd\u017a najlepszy widget Suwak Referencji dla Webflow, ca\u0142kowicie za darmo. \u0141atwa i szybka instalacja bez do\u015bwiadczenia w programowaniu w zaledwie 1 minut\u0119.\" \/>\n<meta name=\"robots\" content=\"index, follow, max-snippet:-1, max-image-preview:large, max-video-preview:-1\" \/>\n<link rel=\"canonical\" href=\"https:\/\/elfsight.com\/pl\/testimonials-slider-widget\/webflow\/\" \/>\n<meta property=\"og:locale\" content=\"pl_PL\" \/>\n<meta property=\"og:type\" content=\"article\" \/>\n<meta property=\"og:title\" content=\"Suwak Referencji \u2013 Dodaj wid\u017cet Referencje do witryny Webflow\" \/>\n<meta property=\"og:description\" content=\"Sprawd\u017a najlepszy widget Suwak Referencji dla Webflow, ca\u0142kowicie za darmo. \u0141atwa i szybka instalacja bez do\u015bwiadczenia w programowaniu w zaledwie 1 minut\u0119.\" \/>\n<meta property=\"og:url\" content=\"https:\/\/elfsight.com\/pl\/testimonials-slider-widget\/webflow\/\" \/>\n<meta property=\"og:site_name\" content=\"Elfsight PL\" \/>\n<meta property=\"article:modified_time\" content=\"2025-12-01T09:26:30+00:00\" \/>\n<meta name=\"twitter:card\" content=\"summary_large_image\" \/>\n<meta name=\"twitter:label1\" content=\"Szacowany czas czytania\" \/>\n\t<meta name=\"twitter:data1\" content=\"3 minuty\" \/>\n<!-- \/ Yoast SEO plugin. -->","yoast_head_json":{"title":"Suwak Referencji \u2013 Dodaj wid\u017cet Referencje do witryny Webflow","description":"Sprawd\u017a najlepszy widget Suwak Referencji dla Webflow, ca\u0142kowicie za darmo. \u0141atwa i szybka instalacja bez do\u015bwiadczenia w programowaniu w zaledwie 1 minut\u0119.","robots":{"index":"index","follow":"follow","max-snippet":"max-snippet:-1","max-image-preview":"max-image-preview:large","max-video-preview":"max-video-preview:-1"},"canonical":"https:\/\/elfsight.com\/pl\/testimonials-slider-widget\/webflow\/","og_locale":"pl_PL","og_type":"article","og_title":"Suwak Referencji \u2013 Dodaj wid\u017cet Referencje do witryny Webflow","og_description":"Sprawd\u017a najlepszy widget Suwak Referencji dla Webflow, ca\u0142kowicie za darmo. \u0141atwa i szybka instalacja bez do\u015bwiadczenia w programowaniu w zaledwie 1 minut\u0119.","og_url":"https:\/\/elfsight.com\/pl\/testimonials-slider-widget\/webflow\/","og_site_name":"Elfsight PL","article_modified_time":"2025-12-01T09:26:30+00:00","twitter_card":"summary_large_image","twitter_misc":{"Szacowany czas czytania":"3 minuty"},"schema":{"@context":"https:\/\/schema.org","@graph":[{"@type":"WebPage","@id":"https:\/\/elfsight.com\/pl\/testimonials-slider-widget\/webflow\/","url":"https:\/\/elfsight.com\/pl\/testimonials-slider-widget\/webflow\/","name":"Suwak Referencji \u2013 Dodaj wid\u017cet Referencje do witryny Webflow","isPartOf":{"@id":"https:\/\/elfsight.com\/pl\/#website"},"datePublished":"1970-01-01T00:00:00+00:00","dateModified":"2025-12-01T09:26:30+00:00","description":"Sprawd\u017a najlepszy widget Suwak Referencji dla Webflow, ca\u0142kowicie za darmo. \u0141atwa i szybka instalacja bez do\u015bwiadczenia w programowaniu w zaledwie 1 minut\u0119.","breadcrumb":{"@id":"https:\/\/elfsight.com\/pl\/testimonials-slider-widget\/webflow\/#breadcrumb"},"inLanguage":"pl-PL","potentialAction":[{"@type":"ReadAction","target":["https:\/\/elfsight.com\/pl\/testimonials-slider-widget\/webflow\/"]}]},{"@type":"BreadcrumbList","@id":"https:\/\/elfsight.com\/pl\/testimonials-slider-widget\/webflow\/#breadcrumb","itemListElement":[{"@type":"ListItem","position":1,"name":"Home","item":"https:\/\/elfsight.com\/pl\/"},{"@type":"ListItem","position":2,"name":"Testimonials Slider","item":"https:\/\/elfsight.com\/pl\/testimonials-slider-widget\/"},{"@type":"ListItem","position":3,"name":"Testimonials Slider &#8211; Webflow"}]},{"@type":"WebSite","@id":"https:\/\/elfsight.com\/pl\/#website","url":"https:\/\/elfsight.com\/pl\/","name":"Elfsight PL","description":"Just another Elfsight Sites site","potentialAction":[{"@type":"SearchAction","target":{"@type":"EntryPoint","urlTemplate":"https:\/\/elfsight.com\/pl\/?s={search_term_string}"},"query-input":{"@type":"PropertyValueSpecification","valueRequired":true,"valueName":"search_term_string"}}],"inLanguage":"pl-PL"}]}},"meta_box":{"industry":"","seo_heading":"","heading":"","description":"","cta_heading":"","cta_description":"","application":"2469","h1":"Widget Suwak Referencji dla Webflow","h1_caption":"Wy\u015bwietlaj referencje klient\u00f3w na obrotowym suwaku, aby bez wysi\u0142ku budowa\u0107 wiarygodno\u015b\u0107 i prezentowa\u0107 pozytywne opinie w swojej witrynie Webflow.","application_category":[],"applications_title":"","applications_request_title":"","applications_request_button_text":"","hero_text":"","hero_video":"","hero_video_schema_markup":"","selling_points_title":"","selling_points_caption":"","selling_points":[],"selling_points_cta_text":"","features_title":"","features":"","ed_cta_examples_text":"","ed_cta_examples_hidden":"","ed_cta_demo_text":"","ed_cta_demo_hidden":"","why_caption":"","why_editor_title":"","why_editor_text":"","why_team_title":"","why_team_text":"","why_service_title":"","why_service_text":"","template_catalog_visible":"0","template_catalog_title":"","template_catalog_text":"","template_catalog_categories_visible":"","demo_title":"Utw\u00f3rz wid\u017cet Suwak Referencji","demo_caption":"Skonfiguruj suwak referencji i dodaj go do swojej witryny Webflow za darmo!","default_faq_hidden":"","app_template_category":[],"platform":"127","template_public_id":"","codecanyon_url":"","codecanyon_item_id":"","codecanyon_price":"","pricing_caption":"","pricing_elfsight_apps_hide_column":"","pricing_elfsight_apps_url":"","pricing_codecanyon_price_caption":"","integration_category":[],"integration_request_title":"","integration_request_cta":"","integration_platform":"","integrations":[],"platform_category":[],"video_schema_markup":"","price":"od 0 USD \/ miesi\u0105c","trial":"","benefits":[{"text":"Bezp\u0142atna pomoc w monta\u017cu"},{"text":"Kompetentny zesp\u00f3\u0142 wsparcia"},{"text":"14-dniowa gwarancja zwrotu pieni\u0119dzy"}],"button_url":"#demo","button_target_blank":"0","button_nofollow":"0","attributes":[{"name":"Instaluje"},{"name":"Czu\u0142y"},{"name":"Kompatybilne przegl\u0105darki"}],"tags":[],"tags_disable_links":"0","hide_more_platforms":"0","video_object":"","demo_hide_cta":"0","demo_hide_cloud_options":"0","pricing_title":"","pricing":[{"pricing_icon":"platform","pricing_title":"Webflow widget","pricing_title_caption":"Oprogramowanie wieloplatformowe, kt\u00f3re pasuje do ka\u017cdej witryny internetowej","pricing_price":"od 0 USD \/ miesi\u0105c","pricing_price_caption":"zacznij od bezp\u0142atnego planu","pricing_benefits":[{"text":"Nielimitowane strony internetowe"},{"text":"Bezp\u0142atne i terminowe wsparcie"},{"text":"Bezp\u0142atna us\u0142uga monta\u017cu"},{"text":"Specjalna cena za wiele aplikacji"}],"pricing_button_text":"Dodaj do witryny","pricing_button_url":"#demo"}],"related_apps_title":"","related_apps_hidden":"0","author":"","image":[],"title":"","job":"","social_networks":[]},"_links":{"self":[{"href":"https:\/\/elfsight.com\/pl\/wp-json\/wp\/v2\/pages\/6862","targetHints":{"allow":["GET"]}}],"collection":[{"href":"https:\/\/elfsight.com\/pl\/wp-json\/wp\/v2\/pages"}],"about":[{"href":"https:\/\/elfsight.com\/pl\/wp-json\/wp\/v2\/types\/page"}],"author":[{"embeddable":true,"href":"https:\/\/elfsight.com\/pl\/wp-json\/wp\/v2\/users\/9"}],"replies":[{"embeddable":true,"href":"https:\/\/elfsight.com\/pl\/wp-json\/wp\/v2\/comments?post=6862"}],"version-history":[{"count":3,"href":"https:\/\/elfsight.com\/pl\/wp-json\/wp\/v2\/pages\/6862\/revisions"}],"predecessor-version":[{"id":10806,"href":"https:\/\/elfsight.com\/pl\/wp-json\/wp\/v2\/pages\/6862\/revisions\/10806"}],"up":[{"embeddable":true,"href":"https:\/\/elfsight.com\/pl\/wp-json\/wp\/v2\/pages\/1996"}],"wp:attachment":[{"href":"https:\/\/elfsight.com\/pl\/wp-json\/wp\/v2\/media?parent=6862"}],"curies":[{"name":"wp","href":"https:\/\/api.w.org\/{rel}","templated":true}]}}