{"id":6861,"date":"1970-01-01T00:00:00","date_gmt":"1970-01-01T00:00:00","guid":{"rendered":"https:\/\/elfsight.com\/pl\/?page_id=6861"},"modified":"2024-11-14T12:50:41","modified_gmt":"2024-11-14T12:50:41","slug":"webnode","status":"publish","type":"page","link":"https:\/\/elfsight.com\/pl\/testimonials-slider-widget\/webnode\/","title":{"rendered":"Testimonials Slider &#8211; Webnode"},"content":{"rendered":"<div class=\"application-platform-content-item-description application-platform-content-item\" id=\"description\" data-nav-section=\"description\"><h2>Opis<\/h2><p>Suwak Referencji to prosty widget umo\u017cliwiaj\u0105cy wy\u015bwietlanie opinii Twoich klient\u00f3w na Twojej w\u0142asnej stronie. Aby opinia by\u0142a wiarygodna, mo\u017cesz wykorzysta\u0107 dowolny dow\u00f3d spo\u0142eczno\u015bciowy: imi\u0119 i nazwisko autora, zdj\u0119cie, logo handlowe firmy, a nawet link do strony internetowej.<\/p><p><b>Zwi\u0119ksz zaufanie do swojej firmy, demonstruj\u0105c odwiedzaj\u0105cym Twoje prawdziwe i szczere referencje.<\/b><\/p><ul><li><b>Poka\u017c profesjonaln\u0105 recenzj\u0119<\/b>.<br>Czy masz klient\u00f3w, kt\u00f3rych punkt widzenia b\u0119dzie naprawd\u0119 przekonuj\u0105cy dla innych u\u017cytkownicy? Tw\u00f3rz szczeg\u00f3\u0142owe referencje ze szczeg\u00f3\u0142ami dotycz\u0105cymi podw\u00f3jnej sprzeda\u017cy autora.<\/li><li><b>Lojalno\u015b\u0107 Twoich klient\u00f3w<\/b>.<br>Kupuj\u0105cy opublikowa\u0142 pozytywn\u0105 recenzj\u0119 na temat Twojej us\u0142ugi lub produktu? Wykorzystaj to jak najlepiej i oka\u017c swoje uznanie, okazuj\u0105c to na stronie internetowej.<\/li><li><b>Dodatkowy dow\u00f3d spo\u0142eczno\u015bciowy<\/b>.<br>Link z opinii do Twittera, Instagrama lub strony internetowej firmy autor jest bardzo przekonuj\u0105cym znakiem dla klient\u00f3w, kt\u00f3ry doda wiarygodno\u015bci i udowodni rzetelno\u015b\u0107 Twojej firmy.<\/li><\/ul><\/div><div class=\"application-platform-content-item-features application-platform-content-item\" id=\"features\" data-nav-section=\"features\"><h2>Funkcje<\/h2><p>G\u0142\u00f3wne cechy, kt\u00f3re sprawiaj\u0105, \u017ce nasz suwak referencji staje si\u0119 niezb\u0119dnym wid\u017cetem dla ka\u017cdej witryny Webnode.<\/p><ul><li>Edytowalny tytu\u0142 wid\u017cetu, aby nada\u0107 mu przyci\u0105gaj\u0105c\u0105 wzrok nazw\u0119;<\/li><li>Zmie\u0144 tytu\u0142 wid\u017cetu;<\/li><li>Utw\u00f3rz w\u0142asny tytu\u0142 wid\u017cetu;<\/li><li>Responsywny i pasuj\u0105cy do ka\u017cdego projektu.<\/li><\/ul><p><a href=\"#demo\"> Wypr\u00f3buj te funkcje w wersji demonstracyjnej na \u017cywo<\/a><\/p><\/div><div class=\"application-platform-content-item-installation application-platform-content-item\" id=\"installation\" data-nav-section=\"installation\"><h2>Jak doda\u0107 referencje do witryny Webnode<\/h2><p>Wtyczka Elfsight jest nieskomplikowana pod wzgl\u0119dem konfiguracji i nie wymaga \u017cadnego do\u015bwiadczenia w programowaniu. Wype\u0142nienie instrukcji zajmie tylko kilka minut.<\/p><ol><li><b>Wygeneruj spersonalizowany suwak referencji<\/b>.<br>Dzi\u0119ki naszej bezp\u0142atnej wersji demonstracyjnej utw\u00f3rz wtyczka z wymaganym szablonem i ustawieniami.<\/li><li><b>Uzyskaj kod do wy\u015bwietlenia wtyczki<\/b>.<br>Po dostrojeniu wid\u017cetu uzyskaj kod wtyczki Referencje z wy\u015bwietlonego okna aplikacji Elfsight.<\/li><li><b>Poka\u017c wtyczk\u0119 na stronie Webnode<\/b>.<br>Umie\u015b\u0107 wtyczk\u0119 w wymaganym miejscu strony i zapisz wyniki.<\/li><li><b>Instalacja trwa uko\u0144czono<\/b>.<br>Przejd\u017a do witryny Webnode, aby zobaczy\u0107 swoj\u0105 wtyczk\u0119.<\/li><\/ol><p>Napotka\u0142e\u015b jakie\u015b problemy podczas u\u017cywania lub dostosowywania wid\u017cetu? Zapoznaj si\u0119 ze szczeg\u00f3\u0142owym przewodnikiem na temat <a href=\"https:\/\/elfsight.com\/tutorials\/how-to-add-testimonials-slider-widget-to-webnode\/\" target=\"_blank\" rel=\"noopener noreferrer\">konfiguracji Suwaka Referencji do Webnode<\/a> lub zostaw zapytanie do Centrum Wsparcia.<\/p><div class=\"faq\" data-component=\"FAQ\"> <div class=\"faq-item\">\r\n\t\t\t\t\t<div class=\"faq-item-question\">\r\n\t\t\t\t\t\t<h3 class=\"faq-item-question-text\">Jak doda\u0107 Slider Referencji do mojej witryny Webnode bez umiej\u0119tno\u015bci kodowania?<\/h3>\r\n\r\n\t\t\t\t\t\t<div class=\"faq-item-question-icon\"><\/div>\r\n\t\t\t\t\t<\/div>\r\n\r\n\t\t\t\t\t<div class=\"faq-item-answer\">\r\n\t\t\t\t\t\t<div class=\"faq-item-answer-text\"> <p>Elfsight zapewnia SaaS rozwi\u0105zanie, kt\u00f3re pozwala na samodzielne utworzenie wid\u017cetu Suwak Referencji, przekonaj si\u0119, jak \u0142atwy jest ten proces: Pracuj bezpo\u015brednio w Edytorze online, aby utworzy\u0107 wid\u017cet Suwaka Referencji, kt\u00f3ry chcia\u0142by\u015b zobaczy\u0107 na swojej stronie internetowej Webnode. Wybierz jeden z gotowych szablon\u00f3w i dostosuj ustawienia suwaka referencji, dodaj tre\u015b\u0107, zmie\u0144 uk\u0142ad i schemat kolor\u00f3w bez umiej\u0119tno\u015bci kodowania. Zapisz suwak Referencje i skopiuj jego kod instalacyjny, kt\u00f3ry mo\u017cesz po prostu osadzi\u0107 na swojej stronie Webnode bez konieczno\u015bci kupowania wersji p\u0142atnej. Dzi\u0119ki naszemu intuicyjnemu edytorowi ka\u017cdy u\u017cytkownik Internetu mo\u017ce stworzy\u0107 wid\u017cet Suwak Referencji online i \u0142atwo osadzi\u0107 go na swojej stronie internetowej Webnode. Aby uzyska\u0107 dost\u0119p do us\u0142ugi, nie trzeba p\u0142aci\u0107 ani wprowadza\u0107 danych uwierzytelniaj\u0105cych karty. Je\u015bli na kt\u00f3rymkolwiek etapie napotkasz jakiekolwiek problemy, skontaktuj si\u0119 z naszym zespo\u0142em pomocy technicznej.<\/p> <\/div>\r\n\t\t\t\t\t<\/div>\r\n\t\t\t\t<\/div> <\/div> <\/div>","protected":false},"excerpt":{"rendered":"","protected":false},"author":9,"featured_media":0,"parent":1996,"menu_order":0,"comment_status":"closed","ping_status":"closed","template":"templates\/template-application-platform.php","meta":{"publish_to_discourse":"","publish_post_category":"","wpdc_auto_publish_overridden":"","wpdc_topic_tags":"","wpdc_pin_topic":"","wpdc_pin_until":"","discourse_post_id":"","discourse_permalink":"","wpdc_publishing_response":"","wpdc_publishing_error":"","footnotes":""},"class_list":["post-6861","page","type-page","status-publish","hentry"],"yoast_head":"<!-- This site is optimized with the Yoast SEO plugin v25.3.1 - https:\/\/yoast.com\/wordpress\/plugins\/seo\/ -->\n<title>Suwak Referencji \u2013 Dodaj wid\u017cet Referencje do witryny Webnode<\/title>\n<meta name=\"description\" content=\"Sprawd\u017a najlepszy widget Suwak Referencji dla Webnode za darmo. Prosta i szybka integracja bez umiej\u0119tno\u015bci tworzenia stron internetowych w zaledwie kilka minut.\" \/>\n<meta name=\"robots\" content=\"index, follow, max-snippet:-1, max-image-preview:large, max-video-preview:-1\" \/>\n<link rel=\"canonical\" href=\"https:\/\/elfsight.com\/pl\/testimonials-slider-widget\/webnode\/\" \/>\n<meta property=\"og:locale\" content=\"pl_PL\" \/>\n<meta property=\"og:type\" content=\"article\" \/>\n<meta property=\"og:title\" content=\"Suwak Referencji \u2013 Dodaj wid\u017cet Referencje do witryny Webnode\" \/>\n<meta property=\"og:description\" content=\"Sprawd\u017a najlepszy widget Suwak Referencji dla Webnode za darmo. Prosta i szybka integracja bez umiej\u0119tno\u015bci tworzenia stron internetowych w zaledwie kilka minut.\" \/>\n<meta property=\"og:url\" content=\"https:\/\/elfsight.com\/pl\/testimonials-slider-widget\/webnode\/\" \/>\n<meta property=\"og:site_name\" content=\"Elfsight PL\" \/>\n<meta property=\"article:modified_time\" content=\"2024-11-14T12:50:41+00:00\" \/>\n<meta name=\"twitter:card\" content=\"summary_large_image\" \/>\n<meta name=\"twitter:label1\" content=\"Szacowany czas czytania\" \/>\n\t<meta name=\"twitter:data1\" content=\"3 minuty\" \/>\n<!-- \/ Yoast SEO plugin. -->","yoast_head_json":{"title":"Suwak Referencji \u2013 Dodaj wid\u017cet Referencje do witryny Webnode","description":"Sprawd\u017a najlepszy widget Suwak Referencji dla Webnode za darmo. Prosta i szybka integracja bez umiej\u0119tno\u015bci tworzenia stron internetowych w zaledwie kilka minut.","robots":{"index":"index","follow":"follow","max-snippet":"max-snippet:-1","max-image-preview":"max-image-preview:large","max-video-preview":"max-video-preview:-1"},"canonical":"https:\/\/elfsight.com\/pl\/testimonials-slider-widget\/webnode\/","og_locale":"pl_PL","og_type":"article","og_title":"Suwak Referencji \u2013 Dodaj wid\u017cet Referencje do witryny Webnode","og_description":"Sprawd\u017a najlepszy widget Suwak Referencji dla Webnode za darmo. Prosta i szybka integracja bez umiej\u0119tno\u015bci tworzenia stron internetowych w zaledwie kilka minut.","og_url":"https:\/\/elfsight.com\/pl\/testimonials-slider-widget\/webnode\/","og_site_name":"Elfsight PL","article_modified_time":"2024-11-14T12:50:41+00:00","twitter_card":"summary_large_image","twitter_misc":{"Szacowany czas czytania":"3 minuty"},"schema":{"@context":"https:\/\/schema.org","@graph":[{"@type":"WebPage","@id":"https:\/\/elfsight.com\/pl\/testimonials-slider-widget\/webnode\/","url":"https:\/\/elfsight.com\/pl\/testimonials-slider-widget\/webnode\/","name":"Suwak Referencji \u2013 Dodaj wid\u017cet Referencje do witryny Webnode","isPartOf":{"@id":"https:\/\/elfsight.com\/pl\/#website"},"datePublished":"1970-01-01T00:00:00+00:00","dateModified":"2024-11-14T12:50:41+00:00","description":"Sprawd\u017a najlepszy widget Suwak Referencji dla Webnode za darmo. Prosta i szybka integracja bez umiej\u0119tno\u015bci tworzenia stron internetowych w zaledwie kilka minut.","breadcrumb":{"@id":"https:\/\/elfsight.com\/pl\/testimonials-slider-widget\/webnode\/#breadcrumb"},"inLanguage":"pl-PL","potentialAction":[{"@type":"ReadAction","target":["https:\/\/elfsight.com\/pl\/testimonials-slider-widget\/webnode\/"]}]},{"@type":"BreadcrumbList","@id":"https:\/\/elfsight.com\/pl\/testimonials-slider-widget\/webnode\/#breadcrumb","itemListElement":[{"@type":"ListItem","position":1,"name":"Home","item":"https:\/\/elfsight.com\/pl\/"},{"@type":"ListItem","position":2,"name":"Testimonials Slider","item":"https:\/\/elfsight.com\/pl\/testimonials-slider-widget\/"},{"@type":"ListItem","position":3,"name":"Testimonials Slider &#8211; Webnode"}]},{"@type":"WebSite","@id":"https:\/\/elfsight.com\/pl\/#website","url":"https:\/\/elfsight.com\/pl\/","name":"Elfsight PL","description":"Just another Elfsight Sites site","potentialAction":[{"@type":"SearchAction","target":{"@type":"EntryPoint","urlTemplate":"https:\/\/elfsight.com\/pl\/?s={search_term_string}"},"query-input":{"@type":"PropertyValueSpecification","valueRequired":true,"valueName":"search_term_string"}}],"inLanguage":"pl-PL"}]}},"meta_box":{"industry":"","seo_heading":"","heading":"","description":"","cta_heading":"","cta_description":"","application":"2469","h1":"Widget Suwak Referencji dla Webnode","h1_caption":"Wy\u015bwietlaj referencje klient\u00f3w na obrotowym suwaku, aby bez wysi\u0142ku budowa\u0107 wiarygodno\u015b\u0107 i prezentowa\u0107 pozytywne opinie w swojej witrynie Webnode.","application_category":[],"applications_title":"","applications_request_title":"","applications_request_button_text":"","hero_text":"","hero_video":"","hero_video_schema_markup":"","selling_points_title":"","selling_points_caption":"","selling_points":[],"selling_points_cta_text":"","features_title":"","features":"","ed_cta_examples_text":"","ed_cta_examples_hidden":"","ed_cta_demo_text":"","ed_cta_demo_hidden":"","why_caption":"","why_editor_title":"","why_editor_text":"","why_team_title":"","why_team_text":"","why_service_title":"","why_service_text":"","template_catalog_visible":"","template_catalog_title":"","template_catalog_text":"","template_catalog_categories_visible":"","demo_title":"Utw\u00f3rz wid\u017cet Suwak Referencji","demo_caption":"Skonfiguruj suwak referencji i dodaj go do swojej witryny Webnode za darmo!","default_faq_hidden":"","app_template_category":[],"platform":"138","template_public_id":"","codecanyon_url":"","codecanyon_item_id":"","codecanyon_price":"","pricing_caption":"","pricing_elfsight_apps_hide_column":"","pricing_elfsight_apps_url":"","pricing_codecanyon_price_caption":"","integration_category":[],"integration_request_title":"","integration_request_cta":"","integration_platform":"","integrations":[],"platform_category":[],"video_schema_markup":"","price":"od 0 USD \/ miesi\u0105c","trial":"","benefits":[{"text":"Bezp\u0142atna pomoc w monta\u017cu"},{"text":"Do\u015bwiadczona obs\u0142uga klienta"},{"text":"14-dniowa gwarancja zwrotu pieni\u0119dzy"}],"button_url":"#demo","button_target_blank":"","button_nofollow":"","attributes":[{"name":"Instaluje"},{"name":"Czu\u0142y"},{"name":"Kompatybilne przegl\u0105darki"}],"tags":[],"tags_disable_links":"","hide_more_platforms":"","video_object":"","demo_hide_cta":"","demo_hide_cloud_options":"","pricing_title":"","pricing":[{"pricing_icon":"platform","pricing_title":"Elfsight Apps","pricing_title_caption":"Rozwi\u0105zanie niezale\u017cne od platformy","pricing_price":"od 0 USD \/ miesi\u0105c","pricing_price_caption":"zacznij od bezp\u0142atnego planu","pricing_benefits":[{"text":"Nielimitowane domeny"},{"text":"Profesjonalne wsparcie firmy"},{"text":"Bezp\u0142atna us\u0142uga monta\u017cu"},{"text":"Oferta ograniczona czasowo dla wielu aplikacji"}],"pricing_button_text":"Dodaj do witryny","pricing_button_url":"#demo"}],"related_apps_title":"","related_apps_hidden":"","author":"","image":[],"title":"","job":"","social_networks":[]},"_links":{"self":[{"href":"https:\/\/elfsight.com\/pl\/wp-json\/wp\/v2\/pages\/6861","targetHints":{"allow":["GET"]}}],"collection":[{"href":"https:\/\/elfsight.com\/pl\/wp-json\/wp\/v2\/pages"}],"about":[{"href":"https:\/\/elfsight.com\/pl\/wp-json\/wp\/v2\/types\/page"}],"author":[{"embeddable":true,"href":"https:\/\/elfsight.com\/pl\/wp-json\/wp\/v2\/users\/9"}],"replies":[{"embeddable":true,"href":"https:\/\/elfsight.com\/pl\/wp-json\/wp\/v2\/comments?post=6861"}],"version-history":[{"count":1,"href":"https:\/\/elfsight.com\/pl\/wp-json\/wp\/v2\/pages\/6861\/revisions"}],"predecessor-version":[{"id":6865,"href":"https:\/\/elfsight.com\/pl\/wp-json\/wp\/v2\/pages\/6861\/revisions\/6865"}],"up":[{"embeddable":true,"href":"https:\/\/elfsight.com\/pl\/wp-json\/wp\/v2\/pages\/1996"}],"wp:attachment":[{"href":"https:\/\/elfsight.com\/pl\/wp-json\/wp\/v2\/media?parent=6861"}],"curies":[{"name":"wp","href":"https:\/\/api.w.org\/{rel}","templated":true}]}}