{"id":6855,"date":"1970-01-01T00:00:00","date_gmt":"1970-01-01T00:00:00","guid":{"rendered":"https:\/\/elfsight.com\/pl\/?page_id=6855"},"modified":"2025-12-01T10:09:12","modified_gmt":"2025-12-01T10:09:12","slug":"wix","status":"publish","type":"page","link":"https:\/\/elfsight.com\/pl\/testimonials-slider-widget\/wix\/","title":{"rendered":"Testimonials Slider &#8211; Wix"},"content":{"rendered":"<div class=\"application-platform-content-item-description application-platform-content-item\" id=\"description\" data-nav-section=\"description\"><h2>Opis<\/h2><p>Referencje Slider to doskona\u0142a aplikacja do dodawania referencji klient\u00f3w na Twojej w\u0142asnej stronie internetowej. Mo\u017cesz wykorzysta\u0107 dowolny dow\u00f3d spo\u0142eczny, aby referencje by\u0142y wiarygodne: imi\u0119 i nazwisko autora, zdj\u0119cie, logo handlowe firmy, a nawet link do strony.<\/p><p><b>Zwi\u0119ksz zaufanie do swoich firm\u0119, pokazuj\u0105c czytelnikom Twoje szczere i pozytywne recenzje.<\/b><\/p><ul><li><b>Silny dow\u00f3d spo\u0142eczny<\/b>. Link z opinii do Facebooka, LinkedIn czy bloga autora to mocny punkt dla czytelnik\u00f3w, kt\u00f3ry podniesie wiarygodno\u015b\u0107 i udowodni, \u017ce mo\u017cna zaufa\u0107 Twojej firmie.<\/li><li><b>Poziom konwersji a\u017c do 200%<\/b>. Zmie\u0144 swoj\u0105 opini\u0119 w punkt podejmowania decyzji, ujawniaj\u0105c j\u0105 dok\u0142adnie tam, gdzie widzowie podejmuj\u0105 decyzj\u0119 o zam\u00f3wieniu lub subskrypcji.<\/li><li><b>Przeka\u017c ocen\u0119 eksperta<\/b>. Czy masz klient\u00f3w, kt\u00f3rych opinia b\u0119dzie mia\u0142a wp\u0142yw na innych odwiedzaj\u0105cych? U\u017cyj go, aby skonfigurowa\u0107 szczeg\u00f3\u0142owe referencje z pe\u0142nymi danymi o autorze i zwi\u0119kszy\u0107 poziom sprzeda\u017cy.<\/li><\/ul><\/div><div class=\"application-platform-content-item-features application-platform-content-item\" id=\"features\" data-nav-section=\"features\"><h2>Funkcje<\/h2><p>Wybitny aspekty, kt\u00f3re zmieniaj\u0105 nasz Suwak Referencji w niezb\u0119dn\u0105 aplikacj\u0119 dla ka\u017cdej witryny Wix.<\/p><ul><li>U\u017cyj adresu URL profilu na Facebooku lub Twitterze, aby udowodni\u0107, \u017ce autor \u017cyje naprawd\u0119;<\/li><li>Pe\u0142ny szeroko\u015b\u0107 uk\u0142adu, aby nada\u0107 mu widoczny wygl\u0105d;<\/li><li>U\u017cyj podpisu dla nazwy firmy, stanowiska i innych danych;<\/li><li>Zwi\u0119ksz wiarygodno\u015b\u0107 dzi\u0119ki linkowi do strony autora.<\/li><\/ul><p><a href=\"#demo\">Wypr\u00f3buj te funkcje w wersji demonstracyjnej na \u017cywo<\/a><\/p><\/div><div class=\"application-platform-content-item-installation application-platform-content-item\" id=\"installation\" data-nav-section=\"installation\"><h2>Jak doda\u0107 referencje do witryny Wix<\/h2><div class=\"video-container\"><iframe width=\"720\" height=\"405\" src=\"https:\/\/www.youtube.com\/embed\/wPy3rhKiWCI?si=jykCohJOey4o-HoA\" frameborder=\"0\" allowfullscreen=\"\"><\/iframe><\/div><p>Nasz widget jest prosty w instalacji i nie wymaga \u017cadnej wiedzy przy programowaniu. Korzystanie z przewodnika zajmie Ci nie wi\u0119cej ni\u017c 2 minuty.<\/p><ol><li><b>Stw\u00f3rz w\u0142asny suwak z referencjami<\/b>.<br>Korzystaj\u0105c z naszego <a href=\"#demo\">bezp\u0142atny konfigurator<\/a>, stw\u00f3rz wid\u017cet o po\u017c\u0105danym wygl\u0105dzie i funkcjach.<\/li><li><b>Zdob\u0105d\u017a kod do konfiguracji aplikacji<\/b>.<br>Po ustawieniu wid\u017cetu uzyskaj kod dla wid\u017cetu Referencje z wyskakuj\u0105cego okna aplikacji Elfsight.<\/li><li><b>Umie\u015b\u0107 aplikacj\u0119 na stronie Wix<\/b>.<br>Umie\u015b\u0107 wid\u017cet w odpowiednim miejscu witryny i opublikuj wyniki. <\/li><li><b>Konfiguracja zosta\u0142a uko\u0144czona!<\/b><br>Wejd\u017a na swoj\u0105 stron\u0119 internetow\u0105, aby sprawdzi\u0107 swoj\u0105 prac\u0119.<\/li><\/ol><p>Napotkano trudno\u015bci podczas osadzania lub konfigurowania aplikacja? Przeczytaj obszerny samouczek na temat <a href=\"https:\/\/elfsight.com\/tutorials\/how-to-add-testimonials-slider-widget-to-wix\/\" target=\"_blank\" rel=\"noopener noreferrer\">wy\u015bwietlanie Slider Referencji na Wix<\/a> lub skontaktuj si\u0119 z naszym Centrum Wsparcia.<\/p><div class=\"faq\" data-component=\"FAQ\"> <div class=\"faq-item\">\r\n\t\t\t\t\t<div class=\"faq-item-question\">\r\n\t\t\t\t\t\t<h3 class=\"faq-item-question-text\">Jak doda\u0107 Slider Referencji do mojej witryny Wix bez umiej\u0119tno\u015bci kodowania?<\/h3>\r\n\r\n\t\t\t\t\t\t<div class=\"faq-item-question-icon\"><\/div>\r\n\t\t\t\t\t<\/div>\r\n\r\n\t\t\t\t\t<div class=\"faq-item-answer\">\r\n\t\t\t\t\t\t<div class=\"faq-item-answer-text\"> <p>Elfsight zapewnia rozwi\u0105zanie SaaS, kt\u00f3re umo\u017cliwia samodzielne utworzenie wid\u017cetu Suwak Referencji, przekonaj si\u0119, jak \u0142atwy jest ten proces: Pracuj bezpo\u015brednio w Edytorze online, aby utworzy\u0107 wid\u017cet Suwaka Referencji, kt\u00f3ry chcia\u0142by\u015b zobaczy\u0107 na swojej stronie Wix. Wybierz jeden z gotowych szablon\u00f3w i dostosuj ustawienia suwaka referencji, dodaj tre\u015b\u0107, zmie\u0144 uk\u0142ad i kolory bez umiej\u0119tno\u015bci kodowania. Zapisz Suwak Referencji i skopiuj jego kod instalacyjny, kt\u00f3ry mo\u017cesz \u0142atwo wklei\u0107 na swojej stronie Wix bez konieczno\u015bci kupowania p\u0142atnej subskrypcji. Dzi\u0119ki naszemu intuicyjnemu Edytorowi ka\u017cdy u\u017cytkownik Internetu mo\u017ce stworzy\u0107 wid\u017cet Suwak Referencji online i \u0142atwo osadzi\u0107 go na swojej stronie Wix. Aby uzyska\u0107 dost\u0119p do us\u0142ugi, nie trzeba p\u0142aci\u0107 ani wprowadza\u0107 danych uwierzytelniaj\u0105cych karty. Je\u015bli na kt\u00f3rymkolwiek etapie napotkasz jakiekolwiek problemy, skontaktuj si\u0119 z naszym zespo\u0142em pomocy technicznej.<\/p> <\/div>\r\n\t\t\t\t\t<\/div>\r\n\t\t\t\t<\/div> <\/div> <\/div>","protected":false},"excerpt":{"rendered":"","protected":false},"author":9,"featured_media":0,"parent":1996,"menu_order":0,"comment_status":"closed","ping_status":"closed","template":"templates\/template-application-platform.php","meta":{"publish_to_discourse":"","publish_post_category":"","wpdc_auto_publish_overridden":"","wpdc_topic_tags":"","wpdc_pin_topic":"","wpdc_pin_until":"","discourse_post_id":"","discourse_permalink":"","wpdc_publishing_response":"","wpdc_publishing_error":"","footnotes":""},"class_list":["post-6855","page","type-page","status-publish","hentry"],"yoast_head":"<!-- This site is optimized with the Yoast SEO plugin v25.3.1 - https:\/\/yoast.com\/wordpress\/plugins\/seo\/ -->\n<title>Suwak Referencji \u2013 dodaj aplikacj\u0119 Referencje do witryny WIX<\/title>\n<meta name=\"description\" content=\"Wypr\u00f3buj za darmo najlepsz\u0105 aplikacj\u0119 Suwak Referencji dla Wix. Nieskomplikowana i szybka konfiguracja bez wymaganej wiedzy z zakresu tworzenia stron internetowych - w zaledwie 1 minut\u0119.\" \/>\n<meta name=\"robots\" content=\"index, follow, max-snippet:-1, max-image-preview:large, max-video-preview:-1\" \/>\n<link rel=\"canonical\" href=\"https:\/\/elfsight.com\/pl\/testimonials-slider-widget\/wix\/\" \/>\n<meta property=\"og:locale\" content=\"pl_PL\" \/>\n<meta property=\"og:type\" content=\"article\" \/>\n<meta property=\"og:title\" content=\"Suwak Referencji \u2013 dodaj aplikacj\u0119 Referencje do witryny WIX\" \/>\n<meta property=\"og:description\" content=\"Wypr\u00f3buj za darmo najlepsz\u0105 aplikacj\u0119 Suwak Referencji dla Wix. Nieskomplikowana i szybka konfiguracja bez wymaganej wiedzy z zakresu tworzenia stron internetowych - w zaledwie 1 minut\u0119.\" \/>\n<meta property=\"og:url\" content=\"https:\/\/elfsight.com\/pl\/testimonials-slider-widget\/wix\/\" \/>\n<meta property=\"og:site_name\" content=\"Elfsight PL\" \/>\n<meta property=\"article:modified_time\" content=\"2025-12-01T10:09:12+00:00\" \/>\n<meta name=\"twitter:card\" content=\"summary_large_image\" \/>\n<meta name=\"twitter:label1\" content=\"Szacowany czas czytania\" \/>\n\t<meta name=\"twitter:data1\" content=\"3 minuty\" \/>\n<!-- \/ Yoast SEO plugin. -->","yoast_head_json":{"title":"Suwak Referencji \u2013 dodaj aplikacj\u0119 Referencje do witryny WIX","description":"Wypr\u00f3buj za darmo najlepsz\u0105 aplikacj\u0119 Suwak Referencji dla Wix. Nieskomplikowana i szybka konfiguracja bez wymaganej wiedzy z zakresu tworzenia stron internetowych - w zaledwie 1 minut\u0119.","robots":{"index":"index","follow":"follow","max-snippet":"max-snippet:-1","max-image-preview":"max-image-preview:large","max-video-preview":"max-video-preview:-1"},"canonical":"https:\/\/elfsight.com\/pl\/testimonials-slider-widget\/wix\/","og_locale":"pl_PL","og_type":"article","og_title":"Suwak Referencji \u2013 dodaj aplikacj\u0119 Referencje do witryny WIX","og_description":"Wypr\u00f3buj za darmo najlepsz\u0105 aplikacj\u0119 Suwak Referencji dla Wix. Nieskomplikowana i szybka konfiguracja bez wymaganej wiedzy z zakresu tworzenia stron internetowych - w zaledwie 1 minut\u0119.","og_url":"https:\/\/elfsight.com\/pl\/testimonials-slider-widget\/wix\/","og_site_name":"Elfsight PL","article_modified_time":"2025-12-01T10:09:12+00:00","twitter_card":"summary_large_image","twitter_misc":{"Szacowany czas czytania":"3 minuty"},"schema":{"@context":"https:\/\/schema.org","@graph":[{"@type":"WebPage","@id":"https:\/\/elfsight.com\/pl\/testimonials-slider-widget\/wix\/","url":"https:\/\/elfsight.com\/pl\/testimonials-slider-widget\/wix\/","name":"Suwak Referencji \u2013 dodaj aplikacj\u0119 Referencje do witryny WIX","isPartOf":{"@id":"https:\/\/elfsight.com\/pl\/#website"},"datePublished":"1970-01-01T00:00:00+00:00","dateModified":"2025-12-01T10:09:12+00:00","description":"Wypr\u00f3buj za darmo najlepsz\u0105 aplikacj\u0119 Suwak Referencji dla Wix. Nieskomplikowana i szybka konfiguracja bez wymaganej wiedzy z zakresu tworzenia stron internetowych - w zaledwie 1 minut\u0119.","breadcrumb":{"@id":"https:\/\/elfsight.com\/pl\/testimonials-slider-widget\/wix\/#breadcrumb"},"inLanguage":"pl-PL","potentialAction":[{"@type":"ReadAction","target":["https:\/\/elfsight.com\/pl\/testimonials-slider-widget\/wix\/"]}]},{"@type":"BreadcrumbList","@id":"https:\/\/elfsight.com\/pl\/testimonials-slider-widget\/wix\/#breadcrumb","itemListElement":[{"@type":"ListItem","position":1,"name":"Home","item":"https:\/\/elfsight.com\/pl\/"},{"@type":"ListItem","position":2,"name":"Testimonials Slider","item":"https:\/\/elfsight.com\/pl\/testimonials-slider-widget\/"},{"@type":"ListItem","position":3,"name":"Testimonials Slider &#8211; Wix"}]},{"@type":"WebSite","@id":"https:\/\/elfsight.com\/pl\/#website","url":"https:\/\/elfsight.com\/pl\/","name":"Elfsight PL","description":"Just another Elfsight Sites site","potentialAction":[{"@type":"SearchAction","target":{"@type":"EntryPoint","urlTemplate":"https:\/\/elfsight.com\/pl\/?s={search_term_string}"},"query-input":{"@type":"PropertyValueSpecification","valueRequired":true,"valueName":"search_term_string"}}],"inLanguage":"pl-PL"}]}},"meta_box":{"industry":"","seo_heading":"","heading":"","description":"","cta_heading":"","cta_description":"","application":"2469","h1":"Aplikacja Suwak Referencji dla Wix","h1_caption":"Wy\u015bwietlaj referencje klient\u00f3w na obrotowym suwaku, aby bez wysi\u0142ku budowa\u0107 wiarygodno\u015b\u0107 i prezentowa\u0107 pozytywne opinie na swojej stronie Wix.","application_category":[],"applications_title":"","applications_request_title":"","applications_request_button_text":"","hero_text":"","hero_video":"","hero_video_schema_markup":"","selling_points_title":"","selling_points_caption":"","selling_points":[],"selling_points_cta_text":"","features_title":"","features":"","ed_cta_examples_text":"","ed_cta_examples_hidden":"","ed_cta_demo_text":"","ed_cta_demo_hidden":"","why_caption":"","why_editor_title":"","why_editor_text":"","why_team_title":"","why_team_text":"","why_service_title":"","why_service_text":"","template_catalog_visible":"0","template_catalog_title":"","template_catalog_text":"","template_catalog_categories_visible":"","demo_title":"Utw\u00f3rz aplikacj\u0119 Suwak Referencji","demo_caption":"Skonfiguruj suwak referencji i dodaj go do swojej witryny Wix za darmo!","default_faq_hidden":"","app_template_category":[],"platform":"30","template_public_id":"","codecanyon_url":"","codecanyon_item_id":"","codecanyon_price":"","pricing_caption":"","pricing_elfsight_apps_hide_column":"","pricing_elfsight_apps_url":"","pricing_codecanyon_price_caption":"","integration_category":[],"integration_request_title":"","integration_request_cta":"","integration_platform":"","integrations":[],"platform_category":[],"video_schema_markup":"","price":"od 0 USD \/ miesi\u0105c","trial":"","benefits":[{"text":"Bezp\u0142atna us\u0142uga monta\u017cu"},{"text":"Do\u015bwiadczona obs\u0142uga klienta"},{"text":"14-dniowa gwarancja zwrotu pieni\u0119dzy"}],"button_url":"#demo","button_target_blank":"0","button_nofollow":"0","attributes":[{"name":"Instaluje"},{"name":"Czu\u0142y"},{"name":"Kompatybilne przegl\u0105darki"}],"tags":[],"tags_disable_links":"0","hide_more_platforms":"0","video_object":"","demo_hide_cta":"0","demo_hide_cloud_options":"0","pricing_title":"","pricing":[{"pricing_icon":"platform","pricing_title":"Elfsight apps","pricing_title_caption":"Wersja wieloplatformowa","pricing_price":"od 0 USD \/ miesi\u0105c","pricing_price_caption":"zacznij od bezp\u0142atnego planu","pricing_benefits":[{"text":"Nielimitowane domeny"},{"text":"Szybkie wsparcie"},{"text":"Bezp\u0142atna pomoc w instalacji"},{"text":"Oferta specjalna na wiele aplikacji"}],"pricing_button_text":"Dodaj do witryny","pricing_button_url":"#demo"}],"related_apps_title":"","related_apps_hidden":"0","author":"","image":[],"title":"","job":"","social_networks":[]},"_links":{"self":[{"href":"https:\/\/elfsight.com\/pl\/wp-json\/wp\/v2\/pages\/6855","targetHints":{"allow":["GET"]}}],"collection":[{"href":"https:\/\/elfsight.com\/pl\/wp-json\/wp\/v2\/pages"}],"about":[{"href":"https:\/\/elfsight.com\/pl\/wp-json\/wp\/v2\/types\/page"}],"author":[{"embeddable":true,"href":"https:\/\/elfsight.com\/pl\/wp-json\/wp\/v2\/users\/9"}],"replies":[{"embeddable":true,"href":"https:\/\/elfsight.com\/pl\/wp-json\/wp\/v2\/comments?post=6855"}],"version-history":[{"count":3,"href":"https:\/\/elfsight.com\/pl\/wp-json\/wp\/v2\/pages\/6855\/revisions"}],"predecessor-version":[{"id":10809,"href":"https:\/\/elfsight.com\/pl\/wp-json\/wp\/v2\/pages\/6855\/revisions\/10809"}],"up":[{"embeddable":true,"href":"https:\/\/elfsight.com\/pl\/wp-json\/wp\/v2\/pages\/1996"}],"wp:attachment":[{"href":"https:\/\/elfsight.com\/pl\/wp-json\/wp\/v2\/media?parent=6855"}],"curies":[{"name":"wp","href":"https:\/\/api.w.org\/{rel}","templated":true}]}}