{"id":6853,"date":"1970-01-01T00:00:00","date_gmt":"1970-01-01T00:00:00","guid":{"rendered":"https:\/\/elfsight.com\/pl\/?page_id=6853"},"modified":"2024-11-14T12:46:39","modified_gmt":"2024-11-14T12:46:39","slug":"jquery","status":"publish","type":"page","link":"https:\/\/elfsight.com\/pl\/testimonials-slider-widget\/jquery\/","title":{"rendered":"Testimonials Slider &#8211; jQuery"},"content":{"rendered":"<div class=\"application-platform-content-item-description application-platform-content-item\" id=\"description\" data-nav-section=\"description\"><h2>Opis<\/h2><p>Suwak Referencji \u2013 doskona\u0142a wtyczka do ujawniania recenzji Twoich klient\u00f3w na Twojej osobistej stronie internetowej. Aby referencje by\u0142y wiarygodne, mo\u017cesz do\u0142\u0105czy\u0107 dowolny dow\u00f3d spo\u0142eczny: imi\u0119 i nazwisko autora, zdj\u0119cie, logo handlowe organizacji, a nawet link do strony.<\/p><p><b>Zwi\u0119ksz zaufanie do swoich us\u0142ug, pokazuj\u0105c odwiedzaj\u0105cym swoje prawdziwe i jasne recenzje.<\/b><\/p><ul><li><b>Tw\u00f3rz nieskazitelnie godne zaufania referencje<\/b>.<br>Ujawniaj wszystkie informacje o autorze wszystkich recenzji, w tym: imi\u0119 i nazwisko, firma, pozycja udowodni odwiedzaj\u0105cym, \u017ce maj\u0105 do czynienia z referencjami prawdziwych klient\u00f3w.<\/li><li><b>Zach\u0119\u0107 u\u017cytkownik\u00f3w do zakupu<\/b>.<br>Wy\u015bwietlanie prawdziwych recenzji u\u017cytkownik\u00f3w z pozytywnymi do\u015bwiadczeniami inspiruje klient\u00f3w do dzielenia si\u0119 tymi wra\u017ceniami i motywuje ich do zakupu i zwi\u0119kszenia konwersji.<\/li><li><b>Jeszcze jeden dow\u00f3d spo\u0142eczny<\/b>.<br>Link z recenzji do Facebooka, LinkedIn lub strony autora jest oznak\u0105 niezawodno\u015b\u0107 dla u\u017cytkownik\u00f3w, co zwi\u0119kszy wiarygodno\u015b\u0107 i udowodni, \u017ce Tw\u00f3j biznes jest prawdziwy.<\/li><li><b>Zwi\u0119ksz konwersj\u0119 nawet o 200%<\/b>.<br>Przekszta\u0142\u0107 swoje referencje w kluczowy argument, odpowiednio je eksponuj\u0105c gdzie widzowie podejmuj\u0105 decyzj\u0119 o zakupie lub rejestracji.<\/li><\/ul><\/div><div class=\"faq\" data-component=\"FAQ\"><div class=\"faq-item\">\r\n\t\t\t\t\t<div class=\"faq-item-question\">\r\n\t\t\t\t\t\t<h3 class=\"faq-item-question-text\">W jaki spos\u00f3b mog\u0119 osadzi\u0107 suwak referencji w witrynie witryna jQuery? <\/h3>\r\n\r\n\t\t\t\t\t\t<div class=\"faq-item-question-icon\"><\/div>\r\n\t\t\t\t\t<\/div>\r\n\r\n\t\t\t\t\t<div class=\"faq-item-answer\">\r\n\t\t\t\t\t\t<div class=\"faq-item-answer-text\"><p>Tworzenie narz\u0119dzia odbywa si\u0119 w witrynie Elfsight i nie ma potrzeby nauki kodowania. Otw\u00f3rz wersj\u0119 demonstracyjn\u0105 online, aby spersonalizowa\u0107 swoje narz\u0119dzie, uzyskaj kod i wklej go na swojej stronie. <\/p>[\/faq_item ][faq_item question_tag=\"h3\" schema_markup=\"1\" question=\"Najlepsze sposoby wykorzystania integracji wid\u017cet\u00f3w opinii\"]<p>Mamy wiele mo\u017cliwo\u015bci dostosowywania: pe\u0142nowymiarowe wid\u017cety do wdro\u017cenia w obszarze tre\u015bci, p\u0142ywaj\u0105ce wid\u017cety umo\u017cliwiaj\u0105ce przewijanie, uk\u0142ady stopk\u0119, sekcj\u0119 nag\u0142\u00f3wka i wszelkiego rodzaju opcje pionowe pask\u00f3w bocznych i menu witryny <\/p><\/div>\r\n\t\t\t\t\t<\/div>\r\n\t\t\t\t<\/div><div class=\"faq-item\">\r\n\t\t\t\t\t<div class=\"faq-item-question\">\r\n\t\t\t\t\t\t<h3 class=\"faq-item-question-text\">Czy mog\u0119 zbudowa\u0107 suwak kart lub karuzeli z referencjami za po\u015brednictwem redaktora. ? <\/h3>\r\n\r\n\t\t\t\t\t\t<div class=\"faq-item-question-icon\"><\/div>\r\n\t\t\t\t\t<\/div>\r\n\r\n\t\t\t\t\t<div class=\"faq-item-answer\">\r\n\t\t\t\t\t\t<div class=\"faq-item-answer-text\"><p>Mo\u017cesz tworzy\u0107 dowolne odmiany wid\u017cetu. W edytorze dost\u0119pnych jest wiele uk\u0142ad\u00f3w, a ka\u017cdy z nich mo\u017cna szybko dostosowa\u0107 do w\u0142asnych potrzeb. <\/p><\/div>\r\n\t\t\t\t\t<\/div>\r\n\t\t\t\t<\/div><\/div><div class=\"application-platform-content-item-features application-platform-content-item\" id=\"features\" data-nav-section=\"features\"><h2>Funkcje<\/h2><p>Wybitne cechy, kt\u00f3re przekszta\u0142caj\u0105 Elfsight Testimonials Slider w niezast\u0105pion\u0105 wtyczk\u0119 dla dowolnej witryny jQuery.<\/p><ul><li>Responsywny i odpowiedni dla ka\u017cdego design;<\/li><li>Wy\u015bwietlaj nazwisko i zdj\u0119cie autora, aby zwi\u0119kszy\u0107 zaufanie;<\/li><li>Zwi\u0119ksz wiarygodno\u015b\u0107 dzi\u0119ki linkowi do strony autora;<\/li><li>Uk\u0142ady suwak\u00f3w, siatki, karuzeli i rotator\u00f3w dla szeroki zakres zastosowa\u0144;<\/li><li>U\u017cyj adresu URL profilu na Facebooku lub Twitterze, aby udowodni\u0107, \u017ce autor istnieje naprawd\u0119.<\/li><\/ul><p><a href=\"#demo\"> Inne funkcje darmowego edytora<\/a><\/p><\/div><div class=\"application-platform-content-item-installation application-platform-content-item\" id=\"installation\" data-nav-section=\"installation\"><h2>Jak doda\u0107 wtyczk\u0119 Referencje Slider do witryny jQuery<\/h2><p>Wtyczka Elfsight jest intuicyjna w obs\u0142udze pod wzgl\u0119dem instalacji i nie wymaga \u017cadnej wiedzy programistycznej. Wype\u0142nienie samouczka zajmie nie wi\u0119cej ni\u017c kilka minut.<\/p><ol><li><b>Stw\u00f3rz sw\u00f3j spersonalizowany suwak referencji<\/b>.<br>Przy pomocy naszej bezp\u0142atnej wersji demonstracyjnej, wtyczki z niezb\u0119dny szablon (karuzela, rotator, siatka itp.) i opcje.<\/li><li><b>Otrzymaj kod do wy\u015bwietlenia wtyczki<\/b>.<br>Po dostrojeniu wid\u017cetu otrzymaj kod do referencji od pojawi\u0142o si\u0119 okno w Elfsight Apps.<\/li><li><b>Poka\u017c wtyczk\u0119 na stronie jQuery<\/b>.<br>Wy\u015bwietl wtyczk\u0119 w wybranym miejscu strony i zastosuj zmiany.<\/li><li><b>Integracja powiod\u0142a si\u0119!<\/b>.<br>Wejd\u017a na swoj\u0105 stron\u0119 internetow\u0105 jQuery, aby sprawdzi\u0107 swoj\u0105 prac\u0119.<\/li><\/ol><p>Masz pytania podczas dodawania lub dostosowywania wtyczki referencji? Skontaktuj si\u0119 z naszym Centrum pomocy.<\/p><\/div>","protected":false},"excerpt":{"rendered":"","protected":false},"author":9,"featured_media":0,"parent":1996,"menu_order":0,"comment_status":"closed","ping_status":"closed","template":"templates\/template-application-platform.php","meta":{"publish_to_discourse":"","publish_post_category":"","wpdc_auto_publish_overridden":"","wpdc_topic_tags":"","wpdc_pin_topic":"","wpdc_pin_until":"","discourse_post_id":"","discourse_permalink":"","wpdc_publishing_response":"","wpdc_publishing_error":"","footnotes":""},"class_list":["post-6853","page","type-page","status-publish","hentry"],"yoast_head":"<!-- This site is optimized with the Yoast SEO plugin v25.3.1 - https:\/\/yoast.com\/wordpress\/plugins\/seo\/ -->\n<title>Suwak Referencji - Responsywna wtyczka Suwaka Referencji jQuery<\/title>\n<meta name=\"description\" content=\"Przetestuj za darmo responsywn\u0105 wtyczk\u0119 Testimonials Slider dla jQuery. \u0141atwa i szybka konfiguracja, +7 szablon\u00f3w (rotator, karuzela itp.) i inne bonusy.\" \/>\n<meta name=\"robots\" content=\"index, follow, max-snippet:-1, max-image-preview:large, max-video-preview:-1\" \/>\n<link rel=\"canonical\" href=\"https:\/\/elfsight.com\/pl\/testimonials-slider-widget\/jquery\/\" \/>\n<meta property=\"og:locale\" content=\"pl_PL\" \/>\n<meta property=\"og:type\" content=\"article\" \/>\n<meta property=\"og:title\" content=\"Suwak Referencji - Responsywna wtyczka Suwaka Referencji jQuery\" \/>\n<meta property=\"og:description\" content=\"Przetestuj za darmo responsywn\u0105 wtyczk\u0119 Testimonials Slider dla jQuery. \u0141atwa i szybka konfiguracja, +7 szablon\u00f3w (rotator, karuzela itp.) i inne bonusy.\" \/>\n<meta property=\"og:url\" content=\"https:\/\/elfsight.com\/pl\/testimonials-slider-widget\/jquery\/\" \/>\n<meta property=\"og:site_name\" content=\"Elfsight PL\" \/>\n<meta property=\"article:modified_time\" content=\"2024-11-14T12:46:39+00:00\" \/>\n<meta name=\"twitter:card\" content=\"summary_large_image\" \/>\n<meta name=\"twitter:label1\" content=\"Szacowany czas czytania\" \/>\n\t<meta name=\"twitter:data1\" content=\"3 minuty\" \/>\n<!-- \/ Yoast SEO plugin. -->","yoast_head_json":{"title":"Suwak Referencji - Responsywna wtyczka Suwaka Referencji jQuery","description":"Przetestuj za darmo responsywn\u0105 wtyczk\u0119 Testimonials Slider dla jQuery. \u0141atwa i szybka konfiguracja, +7 szablon\u00f3w (rotator, karuzela itp.) i inne bonusy.","robots":{"index":"index","follow":"follow","max-snippet":"max-snippet:-1","max-image-preview":"max-image-preview:large","max-video-preview":"max-video-preview:-1"},"canonical":"https:\/\/elfsight.com\/pl\/testimonials-slider-widget\/jquery\/","og_locale":"pl_PL","og_type":"article","og_title":"Suwak Referencji - Responsywna wtyczka Suwaka Referencji jQuery","og_description":"Przetestuj za darmo responsywn\u0105 wtyczk\u0119 Testimonials Slider dla jQuery. \u0141atwa i szybka konfiguracja, +7 szablon\u00f3w (rotator, karuzela itp.) i inne bonusy.","og_url":"https:\/\/elfsight.com\/pl\/testimonials-slider-widget\/jquery\/","og_site_name":"Elfsight PL","article_modified_time":"2024-11-14T12:46:39+00:00","twitter_card":"summary_large_image","twitter_misc":{"Szacowany czas czytania":"3 minuty"},"schema":{"@context":"https:\/\/schema.org","@graph":[{"@type":"WebPage","@id":"https:\/\/elfsight.com\/pl\/testimonials-slider-widget\/jquery\/","url":"https:\/\/elfsight.com\/pl\/testimonials-slider-widget\/jquery\/","name":"Suwak Referencji - Responsywna wtyczka Suwaka Referencji jQuery","isPartOf":{"@id":"https:\/\/elfsight.com\/pl\/#website"},"datePublished":"1970-01-01T00:00:00+00:00","dateModified":"2024-11-14T12:46:39+00:00","description":"Przetestuj za darmo responsywn\u0105 wtyczk\u0119 Testimonials Slider dla jQuery. \u0141atwa i szybka konfiguracja, +7 szablon\u00f3w (rotator, karuzela itp.) i inne bonusy.","breadcrumb":{"@id":"https:\/\/elfsight.com\/pl\/testimonials-slider-widget\/jquery\/#breadcrumb"},"inLanguage":"pl-PL","potentialAction":[{"@type":"ReadAction","target":["https:\/\/elfsight.com\/pl\/testimonials-slider-widget\/jquery\/"]}]},{"@type":"BreadcrumbList","@id":"https:\/\/elfsight.com\/pl\/testimonials-slider-widget\/jquery\/#breadcrumb","itemListElement":[{"@type":"ListItem","position":1,"name":"Home","item":"https:\/\/elfsight.com\/pl\/"},{"@type":"ListItem","position":2,"name":"Testimonials Slider","item":"https:\/\/elfsight.com\/pl\/testimonials-slider-widget\/"},{"@type":"ListItem","position":3,"name":"Testimonials Slider &#8211; jQuery"}]},{"@type":"WebSite","@id":"https:\/\/elfsight.com\/pl\/#website","url":"https:\/\/elfsight.com\/pl\/","name":"Elfsight PL","description":"Just another Elfsight Sites site","potentialAction":[{"@type":"SearchAction","target":{"@type":"EntryPoint","urlTemplate":"https:\/\/elfsight.com\/pl\/?s={search_term_string}"},"query-input":{"@type":"PropertyValueSpecification","valueRequired":true,"valueName":"search_term_string"}}],"inLanguage":"pl-PL"}]}},"meta_box":{"industry":"","seo_heading":"","heading":"","description":"","cta_heading":"","cta_description":"","application":"2469","h1":"Responsywna wtyczka suwaka jQuery Referencje","h1_caption":"Wy\u015bwietlaj referencje klient\u00f3w na obrotowym suwaku, aby bez wysi\u0142ku budowa\u0107 wiarygodno\u015b\u0107 i prezentowa\u0107 pozytywne opinie na swojej stronie internetowej jQuery.","application_category":[],"applications_title":"","applications_request_title":"","applications_request_button_text":"","hero_text":"","hero_video":"","hero_video_schema_markup":"","selling_points_title":"","selling_points_caption":"","selling_points":[],"selling_points_cta_text":"","features_title":"","features":"","ed_cta_examples_text":"","ed_cta_examples_hidden":"","ed_cta_demo_text":"","ed_cta_demo_hidden":"","why_caption":"","why_editor_title":"","why_editor_text":"","why_team_title":"","why_team_text":"","why_service_title":"","why_service_text":"","template_catalog_visible":"","template_catalog_title":"","template_catalog_text":"","template_catalog_categories_visible":"","demo_title":"Utw\u00f3rz wtyczk\u0119 Slider Referencji","demo_caption":"Skonfiguruj suwak referencji i dodaj go do swojej witryny jQuery za darmo!","default_faq_hidden":"","app_template_category":[],"platform":"56","template_public_id":"","codecanyon_url":"","codecanyon_item_id":"","codecanyon_price":"","pricing_caption":"","pricing_elfsight_apps_hide_column":"","pricing_elfsight_apps_url":"","pricing_codecanyon_price_caption":"","integration_category":[],"integration_request_title":"","integration_request_cta":"","integration_platform":"","integrations":[],"platform_category":[],"video_schema_markup":"","price":"od 0 USD \/ miesi\u0105c","trial":"","benefits":[{"text":"Bezp\u0142atna pomoc w monta\u017cu"},{"text":"Do\u015bwiadczona obs\u0142uga klienta"},{"text":"14-dniowa gwarancja zwrotu pieni\u0119dzy"}],"button_url":"#demo","button_target_blank":"","button_nofollow":"","attributes":[{"name":"Instaluje"},{"name":"Czu\u0142y"},{"name":"Kompatybilne przegl\u0105darki"}],"tags":[],"tags_disable_links":"","hide_more_platforms":"","video_object":"","demo_hide_cta":"","demo_hide_cloud_options":"","pricing_title":"","pricing":[{"pricing_icon":"platform","pricing_title":"Elfsight Apps","pricing_title_caption":"Wersja wieloplatformowa, kt\u00f3ra pasuje do ka\u017cdej witryny internetowej","pricing_price":"od 0 USD \/ miesi\u0105c","pricing_price_caption":"zacznij od bezp\u0142atnego planu","pricing_benefits":[{"text":"Nielimitowane domeny"},{"text":"Profesjonalna obs\u0142uga klienta i dobrze udokumentowana"},{"text":"Bezp\u0142atna pomoc w monta\u017cu"},{"text":"100% konfigurowalny"}],"pricing_button_text":"Dodaj do witryny","pricing_button_url":"#demo"}],"related_apps_title":"","related_apps_hidden":"","author":"","image":[],"title":"","job":"","social_networks":[]},"_links":{"self":[{"href":"https:\/\/elfsight.com\/pl\/wp-json\/wp\/v2\/pages\/6853","targetHints":{"allow":["GET"]}}],"collection":[{"href":"https:\/\/elfsight.com\/pl\/wp-json\/wp\/v2\/pages"}],"about":[{"href":"https:\/\/elfsight.com\/pl\/wp-json\/wp\/v2\/types\/page"}],"author":[{"embeddable":true,"href":"https:\/\/elfsight.com\/pl\/wp-json\/wp\/v2\/users\/9"}],"replies":[{"embeddable":true,"href":"https:\/\/elfsight.com\/pl\/wp-json\/wp\/v2\/comments?post=6853"}],"version-history":[{"count":1,"href":"https:\/\/elfsight.com\/pl\/wp-json\/wp\/v2\/pages\/6853\/revisions"}],"predecessor-version":[{"id":6857,"href":"https:\/\/elfsight.com\/pl\/wp-json\/wp\/v2\/pages\/6853\/revisions\/6857"}],"up":[{"embeddable":true,"href":"https:\/\/elfsight.com\/pl\/wp-json\/wp\/v2\/pages\/1996"}],"wp:attachment":[{"href":"https:\/\/elfsight.com\/pl\/wp-json\/wp\/v2\/media?parent=6853"}],"curies":[{"name":"wp","href":"https:\/\/api.w.org\/{rel}","templated":true}]}}