{"id":6848,"date":"1970-01-01T00:00:00","date_gmt":"1970-01-01T00:00:00","guid":{"rendered":"https:\/\/elfsight.com\/pl\/?page_id=6848"},"modified":"2024-11-14T09:33:39","modified_gmt":"2024-11-14T09:33:39","slug":"elementor","status":"publish","type":"page","link":"https:\/\/elfsight.com\/pl\/testimonials-slider-widget\/elementor\/","title":{"rendered":"Testimonials Slider &#8211; Elementor"},"content":{"rendered":"<div class=\"application-platform-content-item-description application-platform-content-item\" id=\"description\" data-nav-section=\"description\"> <h2>Osad\u017a suwak referencji w Elementorze za pomoc\u0105 wid\u017cetu Elfsight<\/h2><p>Suwak referencji to responsywna wtyczka s\u0142u\u017c\u0105ca do wy\u015bwietlania opinii u\u017cytkownik\u00f3w na Twoja strona. Mo\u017cesz u\u017cy\u0107 dowolnego dowodu spo\u0142ecznego, aby recenzje by\u0142y godne zaufania: nazwiska autora, zdj\u0119cia, symbolu organizacji, a nawet linku do strony internetowej.<\/p><p><b>Zwi\u0119ksz zaufanie do swojej firmy, pokazuj\u0105c odwiedzaj\u0105cym Twoje prawdziwe i naturalne recenzje.<\/b><\/p><p><b>Ulepszaj swoje recenzje, aby by\u0142y nieskazitelnie godne zaufania<\/b><br> Ujawnij wszystkie dane o autorze ka\u017cdej z referencji, w tym: imi\u0119 i nazwisko, firma, stanowisko. Udowodnij czytelnikom, \u017ce widz\u0105 referencje istniej\u0105cych os\u00f3b.<\/p> <p><b>Stymuluj u\u017cytkownik\u00f3w do zakupu<\/b><br> Przedstawianie prawdziwych referencji u\u017cytkownik\u00f3w za pomoc\u0105 szcz\u0119\u015bliwej historii przyci\u0105ga klient\u00f3w do dzielenia si\u0119 tym do\u015bwiadczeniem i ich stymuluje do zakup\u00f3w, zwi\u0119kszaj\u0105c w ten spos\u00f3b swoj\u0105 konwersj\u0119.<\/p> <p><b>Przekonuj\u0105cy dow\u00f3d spo\u0142eczno\u015bciowy<\/b><br> Link z opinii do Twittera, LinkedIn lub strony internetowej autora podwoi wiarygodno\u015b\u0107 i potwierdzi Twoj\u0105 biznes jest prawdziwy.<\/p> <p><b>Zwi\u0119ksz konwersj\u0119 nawet o 200%<\/b><br> Przekszta\u0142\u0107 swoj\u0105 opini\u0119 w dow\u00f3d spo\u0142eczny, pokazuj\u0105c j\u0105 dok\u0142adnie tam, gdzie widzowie podejmuj\u0105 decyzj\u0119 o zakupie lub zalogowaniu si\u0119.<\/p> <\/div><div class=\"application-platform-content-item-features application-platform-content-item\" id=\"features\" data-nav-section=\"features\"> <h2>G\u0142\u00f3wne cechy wid\u017cetu Suwak Referencji<\/h2><p>Oto najwa\u017cniejsze funkcje wid\u017cetu, dzi\u0119ki kt\u00f3rym nasz Suwak Referencji jest cenn\u0105 wtyczk\u0105 do ka\u017cdego Elementora witryny.<\/p><ul><li>Wybierz jeden z sze\u015bciu gotowych szablon\u00f3w referencji;<\/li><li>Edytuj podpis, aby wy\u015bwietli\u0107 firm\u0119, stanowisko i inne informacje;<\/li><li>Uk\u0142ady suwak\u00f3w i siatki do szerokiego zakresu zastosowa\u0144;<\/li><li>Utw\u00f3rz w\u0142asny tytu\u0142 wid\u017cetu.<\/li><\/ul><p><a href=\"#demo\">Wypr\u00f3buj te funkcje w wersji demonstracyjnej na \u017cywo<\/a><\/p><\/div><div class=\"application-platform-content-item-installation application-platform-content-item\" id=\"installation\" data-nav-section=\"installation\"> <h2>Jak doda\u0107 suwak referencji do witryny Elementor<\/h2><div class=\"video-container\"><iframe width=\"720\" height=\"405\" src=\"https:\/\/www.youtube.com\/embed\/jgC-OSlXIT4\" frameborder=\"0\" allowfullscreen=\"\"><\/iframe><\/div><p>Wtyczka Elfsight to jedna z najprostszy pod wzgl\u0119dem konfiguracji i nie wymaga \u017cadnej wiedzy w zakresie tworzenia stron internetowych. Wype\u0142nienie samouczka zajmie Ci tylko oko\u0142o 1 minuty.<\/p><ol><li><b>Utw\u00f3rz w\u0142asn\u0105 wtyczk\u0119 Referencje<\/b><br> Korzystaj\u0105c z naszej bezp\u0142atnej wersji demonstracyjnej, skonfiguruj wtyczk\u0119 z niestandardowym uk\u0142adem i funkcjami. <\/li><li><b>Zdob\u0105d\u017a indywidualny kod, aby wy\u015bwietli\u0107 wtyczk\u0119<\/b><br> Po utworzeniu wid\u017cetu otrzymasz sw\u00f3j osobisty kod z wyskakuj\u0105cego okna aplikacji Elfsight. Skopiuj ten kod do dalszego wykorzystania. <\/li> <li><b> Wtyczka na Twojej stronie Elementora<\/b><br> Wybierz obszar, w kt\u00f3rym chcesz wy\u015bwietli\u0107 wtyczk\u0119 i wklej tam zapisany kod. Zapisz zmiany. <\/li> <li><b>Instalacja zosta\u0142a uko\u0144czona<\/b><br> Odwied\u017a swoj\u0105 witryn\u0119, aby zobaczy\u0107 swoj\u0105 prac\u0119. <\/li> <\/ol><p>Napotka\u0142e\u015b jakie\u015b problemy podczas wy\u015bwietlania lub konfigurowania wtyczki? Sprawd\u017a szczeg\u00f3\u0142owy przewodnik na temat tworzenia suwaka referencji dla witryny Elementor lub zostaw zapytanie w naszym Centrum pomocy.<\/p><div class=\"faq\" data-component=\"FAQ\"> <div class=\"faq-item\">\r\n\t\t\t\t\t<div class=\"faq-item-question\">\r\n\t\t\t\t\t\t<h3 class=\"faq-item-question-text\">Jak doda\u0107 suwak referencji do mojej witryny Elementor bez umiej\u0119tno\u015bci kodowania?<\/h3>\r\n\r\n\t\t\t\t\t\t<div class=\"faq-item-question-icon\"><\/div>\r\n\t\t\t\t\t<\/div>\r\n\r\n\t\t\t\t\t<div class=\"faq-item-answer\">\r\n\t\t\t\t\t\t<div class=\"faq-item-answer-text\"> <p> Elfsight zapewnia rozwi\u0105zanie SaaS, kt\u00f3re umo\u017cliwia samodzielne utworzenie wid\u017cetu Suwak Referencji. Przekonaj si\u0119, jak \u0142atwy jest ten proces: Pracuj bezpo\u015brednio w edytorze online, aby utworzy\u0107 wid\u017cet Suwaka Referencji, kt\u00f3ry chcesz zobaczy\u0107 na swojej stronie internetowej Elementor. Wybierz jeden z gotowych szablon\u00f3w i dostosuj ustawienia suwaka referencji, dodaj tre\u015b\u0107, zmie\u0144 uk\u0142ad i schemat kolor\u00f3w bez umiej\u0119tno\u015bci kodowania. Zapisz suwak Referencje i skopiuj jego kod instalacyjny, kt\u00f3ry mo\u017cesz po prostu wklei\u0107 na swojej stronie Elementora, bez konieczno\u015bci kupowania wersji p\u0142atnej. Dzi\u0119ki naszemu intuicyjnemu edytorowi ka\u017cdy u\u017cytkownik Internetu mo\u017ce stworzy\u0107 wid\u017cet Suwak Referencji online i \u0142atwo osadzi\u0107 go na swojej stronie internetowej Elementor. Aby uzyska\u0107 dost\u0119p do us\u0142ugi, nie trzeba p\u0142aci\u0107 ani wprowadza\u0107 danych uwierzytelniaj\u0105cych karty. Je\u015bli na kt\u00f3rymkolwiek etapie napotkasz jakiekolwiek problemy, skontaktuj si\u0119 z naszym zespo\u0142em pomocy technicznej.<\/p> <\/div>\r\n\t\t\t\t\t<\/div>\r\n\t\t\t\t<\/div> <\/div> <\/div>","protected":false},"excerpt":{"rendered":"","protected":false},"author":9,"featured_media":0,"parent":1996,"menu_order":0,"comment_status":"closed","ping_status":"closed","template":"templates\/template-application-platform.php","meta":{"publish_to_discourse":"","publish_post_category":"","wpdc_auto_publish_overridden":"","wpdc_topic_tags":"","wpdc_pin_topic":"","wpdc_pin_until":"","discourse_post_id":"","discourse_permalink":"","wpdc_publishing_response":"","wpdc_publishing_error":"","footnotes":""},"class_list":["post-6848","page","type-page","status-publish","hentry"],"yoast_head":"<!-- This site is optimized with the Yoast SEO plugin v25.3.1 - https:\/\/yoast.com\/wordpress\/plugins\/seo\/ -->\n<title>Suwak Referencji Elementora - dodaj wid\u017cet Referencje do Elementora<\/title>\n<meta name=\"description\" content=\"Sprawd\u017a za darmo najlepszy widget Suwak Referencji dla Elementora. Nieskomplikowana i natychmiastowa konfiguracja bez znajomo\u015bci kodowania w zaledwie 3 minuty.\" \/>\n<meta name=\"robots\" content=\"index, follow, max-snippet:-1, max-image-preview:large, max-video-preview:-1\" \/>\n<link rel=\"canonical\" href=\"https:\/\/elfsight.com\/pl\/testimonials-slider-widget\/elementor\/\" \/>\n<meta property=\"og:locale\" content=\"pl_PL\" \/>\n<meta property=\"og:type\" content=\"article\" \/>\n<meta property=\"og:title\" content=\"Suwak Referencji Elementora - dodaj wid\u017cet Referencje do Elementora\" \/>\n<meta property=\"og:description\" content=\"Sprawd\u017a za darmo najlepszy widget Suwak Referencji dla Elementora. Nieskomplikowana i natychmiastowa konfiguracja bez znajomo\u015bci kodowania w zaledwie 3 minuty.\" \/>\n<meta property=\"og:url\" content=\"https:\/\/elfsight.com\/pl\/testimonials-slider-widget\/elementor\/\" \/>\n<meta property=\"og:site_name\" content=\"Elfsight PL\" \/>\n<meta property=\"article:modified_time\" content=\"2024-11-14T09:33:39+00:00\" \/>\n<meta name=\"twitter:card\" content=\"summary_large_image\" \/>\n<meta name=\"twitter:label1\" content=\"Szacowany czas czytania\" \/>\n\t<meta name=\"twitter:data1\" content=\"3 minuty\" \/>\n<!-- \/ Yoast SEO plugin. -->","yoast_head_json":{"title":"Suwak Referencji Elementora - dodaj wid\u017cet Referencje do Elementora","description":"Sprawd\u017a za darmo najlepszy widget Suwak Referencji dla Elementora. Nieskomplikowana i natychmiastowa konfiguracja bez znajomo\u015bci kodowania w zaledwie 3 minuty.","robots":{"index":"index","follow":"follow","max-snippet":"max-snippet:-1","max-image-preview":"max-image-preview:large","max-video-preview":"max-video-preview:-1"},"canonical":"https:\/\/elfsight.com\/pl\/testimonials-slider-widget\/elementor\/","og_locale":"pl_PL","og_type":"article","og_title":"Suwak Referencji Elementora - dodaj wid\u017cet Referencje do Elementora","og_description":"Sprawd\u017a za darmo najlepszy widget Suwak Referencji dla Elementora. Nieskomplikowana i natychmiastowa konfiguracja bez znajomo\u015bci kodowania w zaledwie 3 minuty.","og_url":"https:\/\/elfsight.com\/pl\/testimonials-slider-widget\/elementor\/","og_site_name":"Elfsight PL","article_modified_time":"2024-11-14T09:33:39+00:00","twitter_card":"summary_large_image","twitter_misc":{"Szacowany czas czytania":"3 minuty"},"schema":{"@context":"https:\/\/schema.org","@graph":[{"@type":"WebPage","@id":"https:\/\/elfsight.com\/pl\/testimonials-slider-widget\/elementor\/","url":"https:\/\/elfsight.com\/pl\/testimonials-slider-widget\/elementor\/","name":"Suwak Referencji Elementora - dodaj wid\u017cet Referencje do Elementora","isPartOf":{"@id":"https:\/\/elfsight.com\/pl\/#website"},"datePublished":"1970-01-01T00:00:00+00:00","dateModified":"2024-11-14T09:33:39+00:00","description":"Sprawd\u017a za darmo najlepszy widget Suwak Referencji dla Elementora. Nieskomplikowana i natychmiastowa konfiguracja bez znajomo\u015bci kodowania w zaledwie 3 minuty.","breadcrumb":{"@id":"https:\/\/elfsight.com\/pl\/testimonials-slider-widget\/elementor\/#breadcrumb"},"inLanguage":"pl-PL","potentialAction":[{"@type":"ReadAction","target":["https:\/\/elfsight.com\/pl\/testimonials-slider-widget\/elementor\/"]}]},{"@type":"BreadcrumbList","@id":"https:\/\/elfsight.com\/pl\/testimonials-slider-widget\/elementor\/#breadcrumb","itemListElement":[{"@type":"ListItem","position":1,"name":"Home","item":"https:\/\/elfsight.com\/pl\/"},{"@type":"ListItem","position":2,"name":"Testimonials Slider","item":"https:\/\/elfsight.com\/pl\/testimonials-slider-widget\/"},{"@type":"ListItem","position":3,"name":"Testimonials Slider &#8211; Elementor"}]},{"@type":"WebSite","@id":"https:\/\/elfsight.com\/pl\/#website","url":"https:\/\/elfsight.com\/pl\/","name":"Elfsight PL","description":"Just another Elfsight Sites site","potentialAction":[{"@type":"SearchAction","target":{"@type":"EntryPoint","urlTemplate":"https:\/\/elfsight.com\/pl\/?s={search_term_string}"},"query-input":{"@type":"PropertyValueSpecification","valueRequired":true,"valueName":"search_term_string"}}],"inLanguage":"pl-PL"}]}},"meta_box":{"industry":"","seo_heading":"","heading":"","description":"","cta_heading":"","cta_description":"","application":"2469","h1":"Suwak z referencjami Elementora","h1_caption":"Wy\u015bwietlaj referencje klient\u00f3w na obrotowym suwaku, aby bez wysi\u0142ku budowa\u0107 wiarygodno\u015b\u0107 i prezentowa\u0107 pozytywne opinie na swojej stronie internetowej Elementor.","application_category":[],"applications_title":"","applications_request_title":"","applications_request_button_text":"","hero_text":"","hero_video":"","hero_video_schema_markup":"","selling_points_title":"","selling_points_caption":"","selling_points":[],"selling_points_cta_text":"","features_title":"","features":"","ed_cta_examples_text":"","ed_cta_examples_hidden":"","ed_cta_demo_text":"","ed_cta_demo_hidden":"","why_caption":"","why_editor_title":"","why_editor_text":"","why_team_title":"","why_team_text":"","why_service_title":"","why_service_text":"","template_catalog_visible":"","template_catalog_title":"","template_catalog_text":"","template_catalog_categories_visible":"","demo_title":"Utw\u00f3rz wid\u017cet Suwak Referencji","demo_caption":"Skonfiguruj suwak referencji i dodaj go do swojej witryny Elementor za darmo!","default_faq_hidden":"","app_template_category":[],"platform":"268","template_public_id":"","codecanyon_url":"","codecanyon_item_id":"","codecanyon_price":"","pricing_caption":"","pricing_elfsight_apps_hide_column":"","pricing_elfsight_apps_url":"","pricing_codecanyon_price_caption":"","integration_category":[],"integration_request_title":"","integration_request_cta":"","integration_platform":"","integrations":[],"platform_category":[],"video_schema_markup":"","price":"od 0 USD \/ miesi\u0105c","trial":"","benefits":[{"text":"Bezp\u0142atna pomoc w monta\u017cu"},{"text":"Kompetentna obs\u0142uga klienta"},{"text":"14-dniowa gwarancja zwrotu pieni\u0119dzy"}],"button_url":"#demo","button_target_blank":"","button_nofollow":"","attributes":[{"name":"Instaluje"},{"name":"Czu\u0142y"},{"name":"Kompatybilne przegl\u0105darki"}],"tags":[],"tags_disable_links":"","hide_more_platforms":"","video_object":"","demo_hide_cta":"","demo_hide_cloud_options":"","pricing_title":"","pricing":[{"pricing_icon":"platform","pricing_title":"Elfsight Apps","pricing_title_caption":"Rozwi\u0105zanie niezale\u017cne od platformy, kt\u00f3re pasuje do ka\u017cdej witryny","pricing_price":"od 0 USD \/ miesi\u0105c","pricing_price_caption":"zacznij od bezp\u0142atnego planu","pricing_benefits":[{"text":"Nielimitowane strony internetowe"},{"text":"Profesjonalne i terminowe wsparcie"},{"text":"Bezp\u0142atna pomoc w instalacji"},{"text":"Oferta specjalna na wiele aplikacji"}],"pricing_button_text":"Dodaj do witryny","pricing_button_url":"#demo"}],"related_apps_title":"","related_apps_hidden":"","author":"","image":[],"title":"","job":"","social_networks":[]},"_links":{"self":[{"href":"https:\/\/elfsight.com\/pl\/wp-json\/wp\/v2\/pages\/6848","targetHints":{"allow":["GET"]}}],"collection":[{"href":"https:\/\/elfsight.com\/pl\/wp-json\/wp\/v2\/pages"}],"about":[{"href":"https:\/\/elfsight.com\/pl\/wp-json\/wp\/v2\/types\/page"}],"author":[{"embeddable":true,"href":"https:\/\/elfsight.com\/pl\/wp-json\/wp\/v2\/users\/9"}],"replies":[{"embeddable":true,"href":"https:\/\/elfsight.com\/pl\/wp-json\/wp\/v2\/comments?post=6848"}],"version-history":[{"count":2,"href":"https:\/\/elfsight.com\/pl\/wp-json\/wp\/v2\/pages\/6848\/revisions"}],"predecessor-version":[{"id":8063,"href":"https:\/\/elfsight.com\/pl\/wp-json\/wp\/v2\/pages\/6848\/revisions\/8063"}],"up":[{"embeddable":true,"href":"https:\/\/elfsight.com\/pl\/wp-json\/wp\/v2\/pages\/1996"}],"wp:attachment":[{"href":"https:\/\/elfsight.com\/pl\/wp-json\/wp\/v2\/media?parent=6848"}],"curies":[{"name":"wp","href":"https:\/\/api.w.org\/{rel}","templated":true}]}}