{"id":6847,"date":"2024-05-03T06:50:50","date_gmt":"2024-05-03T06:50:50","guid":{"rendered":"https:\/\/elfsight.com\/pl\/?page_id=6847"},"modified":"2024-11-14T09:32:18","modified_gmt":"2024-11-14T09:32:18","slug":"iframe","status":"publish","type":"page","link":"https:\/\/elfsight.com\/pl\/testimonials-slider-widget\/iframe\/","title":{"rendered":"Testimonials Slider &#8211; iFrame"},"content":{"rendered":"<div class=\"application-platform-content-item-description application-platform-content-item\" id=\"description\" data-nav-section=\"description\"><h2>Osad\u017a suwak referencji w ramce iFrame za pomoc\u0105 wid\u017cetu Elfsight<\/h2><p>Suwak referencji to responsywna wtyczka s\u0142u\u017c\u0105ca do ujawniania referencji Twoich klient\u00f3w w serwisie Twoja strona. Mo\u017cesz osadzi\u0107 wszelkiego rodzaju dodatkowe informacje, aby referencje by\u0142y wiarygodne: imi\u0119 i nazwisko autora, zdj\u0119cie, symbol firmy, a nawet adres URL strony.<\/p> <p><b>Podw\u00f3j poziom zaufania do swoich produkt\u00f3w, demonstruj\u0105c u\u017cytkownikom na najlepszych referencjach.<\/b><\/p> <p><b>Przedstaw swoje referencje w spos\u00f3b godny zaufania<\/b><br> Umie\u015b\u0107 wszystkie dane o autorze ka\u017cdej z referencji, np. , nazwa, firma, stanowisko poka\u017c u\u017cytkownikom, \u017ce widz\u0105 referencje prawdziwych, istniej\u0105cych klient\u00f3w.<\/p><p><b>Zwi\u0119ksz konwersj\u0119 nawet o 200%<\/b><br> Zamie\u0144 swoje referencje w niew\u0105tpliwy argument, wy\u015bwietlanie ich dok\u0142adnie tam, gdzie widzowie podejmuj\u0105 decyzj\u0119 o zam\u00f3wieniu lub rejestracji.<\/p><p><b>Jeszcze jeden dow\u00f3d spo\u0142eczno\u015bciowy<\/b><br> Link z referencji do Twittera, Pinteresta lub strony autora jest wa\u017cny szczeg\u00f3\u0142 dla klient\u00f3w, kt\u00f3ry doda wiarygodno\u015bci i udowodni rzetelno\u015b\u0107 Twojej firmy.<\/p><\/div><div class=\"application-platform-content-item-features application-platform-content-item\" id=\"features\" data-nav-section=\"features\"><h2>G\u0142\u00f3wne cechy wid\u017cetu Suwak Referencji<\/h2><p>Zobacz najpot\u0119\u017cniejsze funkcje naszej wtyczki. Dzi\u0119ki nim nasz suwak referencji jest przydatn\u0105 wtyczk\u0105 do dowolnej witryny iFrame.<\/p><ul><li>Wy\u015bwietlaj nazwisko i zdj\u0119cie autora, aby zwi\u0119kszy\u0107 zaufanie;<\/li><li>U\u017cyj podpisu dla nazwy firmy, stanowiska i innych danych; <\/li><li>Podaj link do strony autora w celu bardziej wiarygodnej prezentacji;<\/li><li>Aby doda\u0107 wiarygodno\u015bci, poka\u017c logo firmy autora.<\/li><p><a href=\"#demo\">Wypr\u00f3buj wszystkie funkcje w wersji demonstracyjnej na \u017cywo<\/a><\/p><\/div><div class=\"application-platform-content-item-installation application-platform-content-item\" id=\"installation\" data-nav-section=\"installation\"><h2>Jak doda\u0107 suwak referencji do witryny iFrame<\/h2><p>Wtyczka Elfsight jest naj\u0142atwiejsza w konfiguracji i nie wymaga \u017cadnych umiej\u0119tno\u015bci w zakresie tworzenia stron internetowych. Wype\u0142nienie samouczka zajmie oko\u0142o minuty.<\/p><ol><li><b>Stw\u00f3rz swoj\u0105 unikaln\u0105 wtyczk\u0119 Referencje<\/b><br> Za pomoc\u0105 naszego bezp\u0142atnego konfiguratora pobierz wtyczk\u0119 z wybrany uk\u0142ad i funkcjonalno\u015b\u0107. <\/li><li><b>Otrzymaj indywidualny kod do zainstalowania wtyczki<\/b><br> Po utworzeniu wtyczki otrzymasz kod instalacyjny z powiadomienia pojawiaj\u0105cego si\u0119 w aplikacjach Elfsight. Skopiuj to. <\/li> <li><b>Wy\u015bwietl wtyczk\u0119 na swojej stronie iFrame<\/b><br> Wybierz obszar, w kt\u00f3rym planujesz wy\u015bwietli\u0107 wtyczk\u0119 i wstaw tam zapisany kod. Zastosuj zmiany. <\/li> <li><b>Gotowe! <\/b><br> Wejd\u017a do sklepu, aby zobaczy\u0107 swoj\u0105 wtyczk\u0119. <\/li> <\/ol><p>Wyst\u0105pi\u0142y jakie\u015b problemy podczas instalowania lub konfigurowania wtyczki? Zapoznaj si\u0119 z obszern\u0105 instrukcj\u0105 dodawania suwaka referencji do iFrame lub skontaktuj si\u0119 z naszym Centrum pomocy.<\/p><div class=\"faq\" data-component=\"FAQ\"> <div class=\"faq-item\">\r\n\t\t\t\t\t<div class=\"faq-item-question\">\r\n\t\t\t\t\t\t<h3 class=\"faq-item-question-text\">Jak doda\u0107 suwak referencji do mojej witryny iFrame bez umiej\u0119tno\u015bci kodowania?<\/h3>\r\n\r\n\t\t\t\t\t\t<div class=\"faq-item-question-icon\"><\/div>\r\n\t\t\t\t\t<\/div>\r\n\r\n\t\t\t\t\t<div class=\"faq-item-answer\">\r\n\t\t\t\t\t\t<div class=\"faq-item-answer-text\"> <p>Elfsight zapewnia Rozwi\u0105zanie SaaS, kt\u00f3re pozwala Ci samodzielnie utworzy\u0107 wid\u017cet Suwak Referencji. Przekonaj si\u0119, jak \u0142atwy jest ten proces: Pracuj bezpo\u015brednio w edytorze online, aby utworzy\u0107 wid\u017cet Suwaka Referencji, kt\u00f3ry chcesz zobaczy\u0107 na swojej stronie internetowej iFrame. Wybierz jeden z gotowych szablon\u00f3w i dostosuj ustawienia suwaka referencji, dodaj tre\u015b\u0107, zmie\u0144 uk\u0142ad i kolory bez umiej\u0119tno\u015bci kodowania. Zapisz suwak Referencje i skopiuj jego kod instalacyjny, kt\u00f3ry mo\u017cesz \u0142atwo umie\u015bci\u0107 na swojej stronie iFrame bez konieczno\u015bci kupowania p\u0142atnej subskrypcji. Dzi\u0119ki naszemu intuicyjnemu edytorowi ka\u017cdy u\u017cytkownik Internetu mo\u017ce stworzy\u0107 wid\u017cet Suwak Referencji online i \u0142atwo osadzi\u0107 go na swojej stronie internetowej iFrame. Aby uzyska\u0107 dost\u0119p do us\u0142ugi, nie trzeba p\u0142aci\u0107 ani wprowadza\u0107 danych uwierzytelniaj\u0105cych karty. Je\u015bli na kt\u00f3rymkolwiek etapie napotkasz jakiekolwiek problemy, skontaktuj si\u0119 z naszym zespo\u0142em pomocy technicznej.<\/p> <\/div>\r\n\t\t\t\t\t<\/div>\r\n\t\t\t\t<\/div> <\/div> <\/div><\/ul>","protected":false},"excerpt":{"rendered":"","protected":false},"author":9,"featured_media":0,"parent":1996,"menu_order":0,"comment_status":"closed","ping_status":"closed","template":"templates\/template-application-platform.php","meta":{"publish_to_discourse":"","publish_post_category":"","wpdc_auto_publish_overridden":"","wpdc_topic_tags":"","wpdc_pin_topic":"","wpdc_pin_until":"","discourse_post_id":"","discourse_permalink":"","wpdc_publishing_response":"","wpdc_publishing_error":"","footnotes":""},"class_list":["post-6847","page","type-page","status-publish","hentry"],"yoast_head":"<!-- This site is optimized with the Yoast SEO plugin v25.3.1 - https:\/\/yoast.com\/wordpress\/plugins\/seo\/ -->\n<title>Wtyczka iFrame Referencje Slider dla Twojej witryny (bezp\u0142atna i szybka)<\/title>\n<meta name=\"description\" content=\"Sprawd\u017a za darmo najlepsz\u0105 wtyczk\u0119 Testimonials Slider dla iFrame. Nieskomplikowana i szybka konfiguracja bez znajomo\u015bci programowania w zaledwie 1 minut\u0119.\" \/>\n<meta name=\"robots\" content=\"index, follow, max-snippet:-1, max-image-preview:large, max-video-preview:-1\" \/>\n<link rel=\"canonical\" href=\"https:\/\/elfsight.com\/pl\/testimonials-slider-widget\/iframe\/\" \/>\n<meta property=\"og:locale\" content=\"pl_PL\" \/>\n<meta property=\"og:type\" content=\"article\" \/>\n<meta property=\"og:title\" content=\"Wtyczka iFrame Referencje Slider dla Twojej witryny (bezp\u0142atna i szybka)\" \/>\n<meta property=\"og:description\" content=\"Sprawd\u017a za darmo najlepsz\u0105 wtyczk\u0119 Testimonials Slider dla iFrame. Nieskomplikowana i szybka konfiguracja bez znajomo\u015bci programowania w zaledwie 1 minut\u0119.\" \/>\n<meta property=\"og:url\" content=\"https:\/\/elfsight.com\/pl\/testimonials-slider-widget\/iframe\/\" \/>\n<meta property=\"og:site_name\" content=\"Elfsight PL\" \/>\n<meta property=\"article:modified_time\" content=\"2024-11-14T09:32:18+00:00\" \/>\n<meta name=\"twitter:card\" content=\"summary_large_image\" \/>\n<meta name=\"twitter:label1\" content=\"Szacowany czas czytania\" \/>\n\t<meta name=\"twitter:data1\" content=\"3 minuty\" \/>\n<!-- \/ Yoast SEO plugin. -->","yoast_head_json":{"title":"Wtyczka iFrame Referencje Slider dla Twojej witryny (bezp\u0142atna i szybka)","description":"Sprawd\u017a za darmo najlepsz\u0105 wtyczk\u0119 Testimonials Slider dla iFrame. Nieskomplikowana i szybka konfiguracja bez znajomo\u015bci programowania w zaledwie 1 minut\u0119.","robots":{"index":"index","follow":"follow","max-snippet":"max-snippet:-1","max-image-preview":"max-image-preview:large","max-video-preview":"max-video-preview:-1"},"canonical":"https:\/\/elfsight.com\/pl\/testimonials-slider-widget\/iframe\/","og_locale":"pl_PL","og_type":"article","og_title":"Wtyczka iFrame Referencje Slider dla Twojej witryny (bezp\u0142atna i szybka)","og_description":"Sprawd\u017a za darmo najlepsz\u0105 wtyczk\u0119 Testimonials Slider dla iFrame. Nieskomplikowana i szybka konfiguracja bez znajomo\u015bci programowania w zaledwie 1 minut\u0119.","og_url":"https:\/\/elfsight.com\/pl\/testimonials-slider-widget\/iframe\/","og_site_name":"Elfsight PL","article_modified_time":"2024-11-14T09:32:18+00:00","twitter_card":"summary_large_image","twitter_misc":{"Szacowany czas czytania":"3 minuty"},"schema":{"@context":"https:\/\/schema.org","@graph":[{"@type":"WebPage","@id":"https:\/\/elfsight.com\/pl\/testimonials-slider-widget\/iframe\/","url":"https:\/\/elfsight.com\/pl\/testimonials-slider-widget\/iframe\/","name":"Wtyczka iFrame Referencje Slider dla Twojej witryny (bezp\u0142atna i szybka)","isPartOf":{"@id":"https:\/\/elfsight.com\/pl\/#website"},"datePublished":"2024-05-03T06:50:50+00:00","dateModified":"2024-11-14T09:32:18+00:00","description":"Sprawd\u017a za darmo najlepsz\u0105 wtyczk\u0119 Testimonials Slider dla iFrame. Nieskomplikowana i szybka konfiguracja bez znajomo\u015bci programowania w zaledwie 1 minut\u0119.","breadcrumb":{"@id":"https:\/\/elfsight.com\/pl\/testimonials-slider-widget\/iframe\/#breadcrumb"},"inLanguage":"pl-PL","potentialAction":[{"@type":"ReadAction","target":["https:\/\/elfsight.com\/pl\/testimonials-slider-widget\/iframe\/"]}]},{"@type":"BreadcrumbList","@id":"https:\/\/elfsight.com\/pl\/testimonials-slider-widget\/iframe\/#breadcrumb","itemListElement":[{"@type":"ListItem","position":1,"name":"Home","item":"https:\/\/elfsight.com\/pl\/"},{"@type":"ListItem","position":2,"name":"Testimonials Slider","item":"https:\/\/elfsight.com\/pl\/testimonials-slider-widget\/"},{"@type":"ListItem","position":3,"name":"Testimonials Slider &#8211; iFrame"}]},{"@type":"WebSite","@id":"https:\/\/elfsight.com\/pl\/#website","url":"https:\/\/elfsight.com\/pl\/","name":"Elfsight PL","description":"Just another Elfsight Sites site","potentialAction":[{"@type":"SearchAction","target":{"@type":"EntryPoint","urlTemplate":"https:\/\/elfsight.com\/pl\/?s={search_term_string}"},"query-input":{"@type":"PropertyValueSpecification","valueRequired":true,"valueName":"search_term_string"}}],"inLanguage":"pl-PL"}]}},"meta_box":{"industry":"","seo_heading":"","heading":"","description":"","cta_heading":"","cta_description":"","application":"2469","h1":"Wtyczka suwaka iFrame Referencje","h1_caption":"Wy\u015bwietlaj referencje klient\u00f3w na obrotowym suwaku, aby bez wysi\u0142ku budowa\u0107 wiarygodno\u015b\u0107 i prezentowa\u0107 pozytywne opinie na swojej stronie internetowej iFrame.","application_category":[],"applications_title":"","applications_request_title":"","applications_request_button_text":"","hero_text":"","hero_video":"","hero_video_schema_markup":"","selling_points_title":"","selling_points_caption":"","selling_points":[],"selling_points_cta_text":"","features_title":"","features":"","ed_cta_examples_text":"","ed_cta_examples_hidden":"","ed_cta_demo_text":"","ed_cta_demo_hidden":"","why_caption":"","why_editor_title":"","why_editor_text":"","why_team_title":"","why_team_text":"","why_service_title":"","why_service_text":"","template_catalog_visible":"","template_catalog_title":"","template_catalog_text":"","template_catalog_categories_visible":"","demo_title":"Utw\u00f3rz wid\u017cet Suwak Referencji","demo_caption":"Skonfiguruj suwak referencji i dodaj go do swojej witryny iFrame za darmo!","default_faq_hidden":"","app_template_category":[],"platform":"187","template_public_id":"","codecanyon_url":"","codecanyon_item_id":"","codecanyon_price":"","pricing_caption":"","pricing_elfsight_apps_hide_column":"","pricing_elfsight_apps_url":"","pricing_codecanyon_price_caption":"","integration_category":[],"integration_request_title":"","integration_request_cta":"","integration_platform":"","integrations":[],"platform_category":[],"video_schema_markup":"","price":"od 0 USD \/ miesi\u0105c","trial":"","benefits":[{"text":"Bezp\u0142atna us\u0142uga monta\u017cu"},{"text":"Profesjonalna obs\u0142uga klienta"},{"text":"14-dniowa gwarancja zwrotu pieni\u0119dzy"},{"text":"Regularne bezp\u0142atne aktualizacje"}],"button_url":"#demo","button_target_blank":"","button_nofollow":"","attributes":[{"name":"Instaluje"},{"name":"Czu\u0142y"},{"name":"Kompatybilne przegl\u0105darki"}],"tags":[],"tags_disable_links":"","hide_more_platforms":"","video_object":"","demo_hide_cta":"","demo_hide_cloud_options":"","pricing_title":"","pricing":[{"pricing_icon":"platform","pricing_title":"Elfsight Apps","pricing_title_caption":"Wersja niezale\u017cna od platformy, kt\u00f3ra pasuje do ka\u017cdej witryny","pricing_price":"od 0 USD \/ miesi\u0105c","pricing_price_caption":"zacznij od bezp\u0142atnego planu","pricing_benefits":[{"text":"Nieograniczona liczba stron internetowych"},{"text":"Wsparcie premium"},{"text":"Bezp\u0142atna pomoc w monta\u017cu"},{"text":"Specjalna oferta na wiele aplikacji"}],"pricing_button_text":"Dodaj do witryny","pricing_button_url":"#demo"}],"related_apps_title":"","related_apps_hidden":"","author":"","image":[],"title":"","job":"","social_networks":[]},"_links":{"self":[{"href":"https:\/\/elfsight.com\/pl\/wp-json\/wp\/v2\/pages\/6847","targetHints":{"allow":["GET"]}}],"collection":[{"href":"https:\/\/elfsight.com\/pl\/wp-json\/wp\/v2\/pages"}],"about":[{"href":"https:\/\/elfsight.com\/pl\/wp-json\/wp\/v2\/types\/page"}],"author":[{"embeddable":true,"href":"https:\/\/elfsight.com\/pl\/wp-json\/wp\/v2\/users\/9"}],"replies":[{"embeddable":true,"href":"https:\/\/elfsight.com\/pl\/wp-json\/wp\/v2\/comments?post=6847"}],"version-history":[{"count":1,"href":"https:\/\/elfsight.com\/pl\/wp-json\/wp\/v2\/pages\/6847\/revisions"}],"predecessor-version":[{"id":6851,"href":"https:\/\/elfsight.com\/pl\/wp-json\/wp\/v2\/pages\/6847\/revisions\/6851"}],"up":[{"embeddable":true,"href":"https:\/\/elfsight.com\/pl\/wp-json\/wp\/v2\/pages\/1996"}],"wp:attachment":[{"href":"https:\/\/elfsight.com\/pl\/wp-json\/wp\/v2\/media?parent=6847"}],"curies":[{"name":"wp","href":"https:\/\/api.w.org\/{rel}","templated":true}]}}