{"id":6845,"date":"1970-01-01T00:00:00","date_gmt":"1970-01-01T00:00:00","guid":{"rendered":"https:\/\/elfsight.com\/pl\/?page_id=6845"},"modified":"2024-11-14T09:03:27","modified_gmt":"2024-11-14T09:03:27","slug":"woocommerce","status":"publish","type":"page","link":"https:\/\/elfsight.com\/pl\/testimonials-slider-widget\/woocommerce\/","title":{"rendered":"Testimonials Slider &#8211; WooCommerce"},"content":{"rendered":"<div class=\"application-platform-content-item-description application-platform-content-item\" id=\"description\" data-nav-section=\"description\"><h2>Opis<\/h2><p>Suwak referencji to prosta wtyczka s\u0142u\u017c\u0105ca do prezentowania opinii klient\u00f3w na Twojej w\u0142asnej stronie internetowej. Mo\u017cesz u\u017cy\u0107 dowolnego dowodu spo\u0142eczno\u015bciowego, aby opinia by\u0142a wiarygodna: imi\u0119 i nazwisko autora, zdj\u0119cie, logo handlowe firmy, a nawet link do strony internetowej.<\/p><p><b>Zwi\u0119ksz zaufanie do swoich us\u0142ug, pokazuj\u0105c czytelnikom swoje zadowolenie klient\u00f3w!<\/b><\/p><\/div> <div class=\"application-platform-content-item-features application-platform-content-item\" id=\"features\" data-nav-section=\"features\"><h2>Wy\u015bwietl list\u0119 najwa\u017cniejszych funkcji:<\/h2><ul><li>Zmie\u0144 swoje recenzje w ca\u0142kowicie godne zaufania te;<\/li><li>Zach\u0119\u0107 u\u017cytkownik\u00f3w do zakupu;<\/li><li>Wiarygodny dow\u00f3d spo\u0142eczno\u015bciowy;<\/li><li>Zwi\u0119ksz konwersj\u0119 nawet o 200%;<\/li><li>Dodaj zaufania do swojego witryna;<\/li><li>Lojalno\u015b\u0107 odwiedzaj\u0105cych;<\/li><li>Skorzystaj z opinii ekspert\u00f3w.<\/li><\/ul><p><a href=\"#demo\">Mo\u017cesz poczu\u0107, jak widget dzia\u0142a za pomoc\u0105 wersji demonstracyjnej<\/a><\/p><\/div><div class=\"application-platform-content-item-installation application-platform-content-item\" id=\"installation\" data-nav-section=\"installation\"><h2>Jak doda\u0107 suwak referencji do mojej witryny WooCommerce?<\/h2><p>Po prostu post\u0119puj zgodnie z instrukcjami poni\u017cej, aby zintegrowa\u0107 wtyczk\u0119.<\/p><ol><li><b>Zarz\u0105dzaj\u0105c naszym darmowym edytorem, rozpocznij tworzenie swojej unikalnej wtyczki.<\/b><br>Okre\u015bl niestandardowy projekt i cechy funkcjonalne narz\u0119dzia i zastosuj zmiany.<\/li><li><b>Uzyskaj indywidualny kod pojawiaj\u0105cy si\u0119 w oknie aplikacji Elfsight.<\/b><br>Zaraz po zako\u0144czeniu tworzenia osobistego narz\u0119dzia skopiuj indywidualny kod na pojawi si\u0119 okienko i zapisz je na przysz\u0142o\u015b\u0107.<\/li><li><b>Zacznij korzysta\u0107 z narz\u0119dzia na stronie internetowej WooCommerce.<\/b><br>Wstaw kod, kt\u00f3ry ostatnio zapisa\u0142e\u015b na swojej stronie g\u0142\u00f3wnej i zapisz poprawki.<\/li><li><b>Instalacja zosta\u0142a pomy\u015blnie uko\u0144czona.<\/b><br>Odwied\u017a swoj\u0105 stron\u0119 internetow\u0105, aby zobaczy\u0107 dzia\u0142anie narz\u0119dzia.<\/li><\/ol><p>W takim przypadku napotkasz jakiekolwiek trudno\u015bci, nie wahaj si\u0119 napisa\u0107 do naszego zespo\u0142u obs\u0142ugi klienta. Nasi konsultanci z przyjemno\u015bci\u0105 odpowiedz\u0105 na wszystkie Twoje pytania dotycz\u0105ce widgetu.<\/p><div class=\"faq\" data-component=\"FAQ\"> <div class=\"faq-item\">\r\n\t\t\t\t\t<div class=\"faq-item-question\">\r\n\t\t\t\t\t\t<h3 class=\"faq-item-question-text\">Jak mog\u0119 doda\u0107 suwak referencji do mojej witryny WooCommerce bez umiej\u0119tno\u015bci kodowania?<\/h3>\r\n\r\n\t\t\t\t\t\t<div class=\"faq-item-question-icon\"><\/div>\r\n\t\t\t\t\t<\/div>\r\n\r\n\t\t\t\t\t<div class=\"faq-item-answer\">\r\n\t\t\t\t\t\t<div class=\"faq-item-answer-text\"> <p>Elfsight zapewnia rozwi\u0105zanie SaaS, kt\u00f3re umo\u017cliwia samodzielne utworzenie wid\u017cetu Suwak Referencji, przekonaj si\u0119, jak \u0142atwy jest ten proces: Pracuj bezpo\u015brednio w edytorze online, aby utworzy\u0107 wid\u017cet Suwaka Referencji, kt\u00f3ry chcia\u0142by\u015b zobaczy\u0107 na swojej stronie WooCommerce. Wybierz jeden z gotowych szablon\u00f3w i dostosuj ustawienia suwaka referencji, dodaj tre\u015b\u0107, zmie\u0144 uk\u0142ad i schemat kolor\u00f3w bez umiej\u0119tno\u015bci kodowania. Zapisz suwak Referencje i skopiuj jego kod instalacyjny, kt\u00f3ry mo\u017cesz wklei\u0107 na swojej stronie WooCommerce bez konieczno\u015bci kupowania wersji p\u0142atnej. Dzi\u0119ki naszemu intuicyjnemu edytorowi ka\u017cdy u\u017cytkownik Internetu mo\u017ce stworzy\u0107 wid\u017cet Suwak Referencji online i \u0142atwo osadzi\u0107 go na swojej stronie WooCommerce. Aby uzyska\u0107 dost\u0119p do us\u0142ugi, nie trzeba p\u0142aci\u0107 ani wprowadza\u0107 danych uwierzytelniaj\u0105cych karty. Je\u015bli na kt\u00f3rymkolwiek etapie napotkasz jakiekolwiek problemy, skontaktuj si\u0119 z naszym zespo\u0142em pomocy technicznej.<\/p> <\/div>\r\n\t\t\t\t\t<\/div>\r\n\t\t\t\t<\/div> <\/div> <\/div>","protected":false},"excerpt":{"rendered":"","protected":false},"author":9,"featured_media":0,"parent":1996,"menu_order":0,"comment_status":"closed","ping_status":"closed","template":"templates\/template-application-platform.php","meta":{"publish_to_discourse":"","publish_post_category":"","wpdc_auto_publish_overridden":"","wpdc_topic_tags":"","wpdc_pin_topic":"","wpdc_pin_until":"","discourse_post_id":"","discourse_permalink":"","wpdc_publishing_response":"","wpdc_publishing_error":"","footnotes":""},"class_list":["post-6845","page","type-page","status-publish","hentry"],"yoast_head":"<!-- This site is optimized with the Yoast SEO plugin v25.3.1 - https:\/\/yoast.com\/wordpress\/plugins\/seo\/ -->\n<title>Wtyczka WooCommerce Referencje Slider dla Twojej witryny (2025)<\/title>\n<meta name=\"description\" content=\"Wykorzystaj szans\u0119, aby dostosowa\u0107 wtyczk\u0119 Testimonials Slider ju\u017c teraz i wstaw j\u0105 na swoj\u0105 stron\u0119 WooCommerce bezpo\u015brednio z wersji demonstracyjnej.\" \/>\n<meta name=\"robots\" content=\"index, follow, max-snippet:-1, max-image-preview:large, max-video-preview:-1\" \/>\n<link rel=\"canonical\" href=\"https:\/\/elfsight.com\/pl\/testimonials-slider-widget\/woocommerce\/\" \/>\n<meta property=\"og:locale\" content=\"pl_PL\" \/>\n<meta property=\"og:type\" content=\"article\" \/>\n<meta property=\"og:title\" content=\"Wtyczka WooCommerce Referencje Slider dla Twojej witryny (2025)\" \/>\n<meta property=\"og:description\" content=\"Wykorzystaj szans\u0119, aby dostosowa\u0107 wtyczk\u0119 Testimonials Slider ju\u017c teraz i wstaw j\u0105 na swoj\u0105 stron\u0119 WooCommerce bezpo\u015brednio z wersji demonstracyjnej.\" \/>\n<meta property=\"og:url\" content=\"https:\/\/elfsight.com\/pl\/testimonials-slider-widget\/woocommerce\/\" \/>\n<meta property=\"og:site_name\" content=\"Elfsight PL\" \/>\n<meta property=\"article:modified_time\" content=\"2024-11-14T09:03:27+00:00\" \/>\n<meta name=\"twitter:card\" content=\"summary_large_image\" \/>\n<meta name=\"twitter:label1\" content=\"Szacowany czas czytania\" \/>\n\t<meta name=\"twitter:data1\" content=\"2 minuty\" \/>\n<!-- \/ Yoast SEO plugin. -->","yoast_head_json":{"title":"Wtyczka WooCommerce Referencje Slider dla Twojej witryny (2025)","description":"Wykorzystaj szans\u0119, aby dostosowa\u0107 wtyczk\u0119 Testimonials Slider ju\u017c teraz i wstaw j\u0105 na swoj\u0105 stron\u0119 WooCommerce bezpo\u015brednio z wersji demonstracyjnej.","robots":{"index":"index","follow":"follow","max-snippet":"max-snippet:-1","max-image-preview":"max-image-preview:large","max-video-preview":"max-video-preview:-1"},"canonical":"https:\/\/elfsight.com\/pl\/testimonials-slider-widget\/woocommerce\/","og_locale":"pl_PL","og_type":"article","og_title":"Wtyczka WooCommerce Referencje Slider dla Twojej witryny (2025)","og_description":"Wykorzystaj szans\u0119, aby dostosowa\u0107 wtyczk\u0119 Testimonials Slider ju\u017c teraz i wstaw j\u0105 na swoj\u0105 stron\u0119 WooCommerce bezpo\u015brednio z wersji demonstracyjnej.","og_url":"https:\/\/elfsight.com\/pl\/testimonials-slider-widget\/woocommerce\/","og_site_name":"Elfsight PL","article_modified_time":"2024-11-14T09:03:27+00:00","twitter_card":"summary_large_image","twitter_misc":{"Szacowany czas czytania":"2 minuty"},"schema":{"@context":"https:\/\/schema.org","@graph":[{"@type":"WebPage","@id":"https:\/\/elfsight.com\/pl\/testimonials-slider-widget\/woocommerce\/","url":"https:\/\/elfsight.com\/pl\/testimonials-slider-widget\/woocommerce\/","name":"Wtyczka WooCommerce Referencje Slider dla Twojej witryny (2025)","isPartOf":{"@id":"https:\/\/elfsight.com\/pl\/#website"},"datePublished":"1970-01-01T00:00:00+00:00","dateModified":"2024-11-14T09:03:27+00:00","description":"Wykorzystaj szans\u0119, aby dostosowa\u0107 wtyczk\u0119 Testimonials Slider ju\u017c teraz i wstaw j\u0105 na swoj\u0105 stron\u0119 WooCommerce bezpo\u015brednio z wersji demonstracyjnej.","breadcrumb":{"@id":"https:\/\/elfsight.com\/pl\/testimonials-slider-widget\/woocommerce\/#breadcrumb"},"inLanguage":"pl-PL","potentialAction":[{"@type":"ReadAction","target":["https:\/\/elfsight.com\/pl\/testimonials-slider-widget\/woocommerce\/"]}]},{"@type":"BreadcrumbList","@id":"https:\/\/elfsight.com\/pl\/testimonials-slider-widget\/woocommerce\/#breadcrumb","itemListElement":[{"@type":"ListItem","position":1,"name":"Home","item":"https:\/\/elfsight.com\/pl\/"},{"@type":"ListItem","position":2,"name":"Testimonials Slider","item":"https:\/\/elfsight.com\/pl\/testimonials-slider-widget\/"},{"@type":"ListItem","position":3,"name":"Testimonials Slider &#8211; WooCommerce"}]},{"@type":"WebSite","@id":"https:\/\/elfsight.com\/pl\/#website","url":"https:\/\/elfsight.com\/pl\/","name":"Elfsight PL","description":"Just another Elfsight Sites site","potentialAction":[{"@type":"SearchAction","target":{"@type":"EntryPoint","urlTemplate":"https:\/\/elfsight.com\/pl\/?s={search_term_string}"},"query-input":{"@type":"PropertyValueSpecification","valueRequired":true,"valueName":"search_term_string"}}],"inLanguage":"pl-PL"}]}},"meta_box":{"industry":"","seo_heading":"","heading":"","description":"","cta_heading":"","cta_description":"","application":"2469","h1":"Wtyczka suwaka referencji WooCommerce","h1_caption":"Wy\u015bwietlaj referencje klient\u00f3w na obrotowym suwaku, aby bez wysi\u0142ku budowa\u0107 wiarygodno\u015b\u0107 i prezentowa\u0107 pozytywne opinie na swojej stronie internetowej WooCommerce.","application_category":[],"applications_title":"","applications_request_title":"","applications_request_button_text":"","hero_text":"","hero_video":"","hero_video_schema_markup":"","selling_points_title":"","selling_points_caption":"","selling_points":[],"selling_points_cta_text":"","features_title":"","features":"","ed_cta_examples_text":"","ed_cta_examples_hidden":"","ed_cta_demo_text":"","ed_cta_demo_hidden":"","why_caption":"","why_editor_title":"","why_editor_text":"","why_team_title":"","why_team_text":"","why_service_title":"","why_service_text":"","template_catalog_visible":"","template_catalog_title":"","template_catalog_text":"","template_catalog_categories_visible":"","demo_title":"Utw\u00f3rz aplikacj\u0119 Suwak Referencji","demo_caption":"Skonfiguruj suwak referencji i dodaj go do swojej witryny WooCommerce za darmo!","default_faq_hidden":"","app_template_category":[],"platform":"335","template_public_id":"","codecanyon_url":"","codecanyon_item_id":"","codecanyon_price":"","pricing_caption":"","pricing_elfsight_apps_hide_column":"","pricing_elfsight_apps_url":"","pricing_codecanyon_price_caption":"","integration_category":[],"integration_request_title":"","integration_request_cta":"","integration_platform":"","integrations":[],"platform_category":[],"video_schema_markup":"","price":"od 0 USD \/ miesi\u0105c","trial":"","benefits":[{"text":"Bezp\u0142atna us\u0142uga monta\u017cu"},{"text":"Do\u015bwiadczona obs\u0142uga klienta"},{"text":"14-dniowa gwarancja zwrotu pieni\u0119dzy"}],"button_url":"#demo","button_target_blank":"","button_nofollow":"","attributes":[{"name":"Instaluje"},{"name":"Czu\u0142y"},{"name":"Kompatybilne przegl\u0105darki"}],"tags":[],"tags_disable_links":"","hide_more_platforms":"","video_object":"","demo_hide_cta":"","demo_hide_cloud_options":"","pricing_title":"","pricing":[{"pricing_icon":"platform","pricing_title":"Elfsight Apps","pricing_title_caption":"Oprogramowanie wieloplatformowe, kt\u00f3re pasuje do ka\u017cdej witryny","pricing_price":"od 0 USD \/ miesi\u0105c","pricing_price_caption":"zacznij od bezp\u0142atnego planu","pricing_benefits":[{"text":"Nielimitowane strony internetowe"},{"text":"Wsparcie premium i dobrze udokumentowane"},{"text":"Bezp\u0142atna pomoc w monta\u017cu"},{"text":"Elastyczny projekt"}],"pricing_button_text":"Dodaj do witryny","pricing_button_url":"#demo"}],"related_apps_title":"","related_apps_hidden":"","author":"","image":[],"title":"","job":"","social_networks":[]},"_links":{"self":[{"href":"https:\/\/elfsight.com\/pl\/wp-json\/wp\/v2\/pages\/6845","targetHints":{"allow":["GET"]}}],"collection":[{"href":"https:\/\/elfsight.com\/pl\/wp-json\/wp\/v2\/pages"}],"about":[{"href":"https:\/\/elfsight.com\/pl\/wp-json\/wp\/v2\/types\/page"}],"author":[{"embeddable":true,"href":"https:\/\/elfsight.com\/pl\/wp-json\/wp\/v2\/users\/9"}],"replies":[{"embeddable":true,"href":"https:\/\/elfsight.com\/pl\/wp-json\/wp\/v2\/comments?post=6845"}],"version-history":[{"count":1,"href":"https:\/\/elfsight.com\/pl\/wp-json\/wp\/v2\/pages\/6845\/revisions"}],"predecessor-version":[{"id":6849,"href":"https:\/\/elfsight.com\/pl\/wp-json\/wp\/v2\/pages\/6845\/revisions\/6849"}],"up":[{"embeddable":true,"href":"https:\/\/elfsight.com\/pl\/wp-json\/wp\/v2\/pages\/1996"}],"wp:attachment":[{"href":"https:\/\/elfsight.com\/pl\/wp-json\/wp\/v2\/media?parent=6845"}],"curies":[{"name":"wp","href":"https:\/\/api.w.org\/{rel}","templated":true}]}}